{"id":9860,"date":"1970-01-01T00:00:00","date_gmt":"1970-01-01T00:00:00","guid":{"rendered":"https:\/\/elfsight.com\/de\/?page_id=9860"},"modified":"2025-07-09T14:20:27","modified_gmt":"2025-07-09T14:20:27","slug":"woocommerce","status":"publish","type":"page","link":"https:\/\/elfsight.com\/de\/qr-code-widget\/woocommerce\/","title":{"rendered":"QR Code &#8211; WooCommerce"},"content":{"rendered":"<div class=\"application-platform-content-item-description application-platform-content-item\" id=\"description\" data-nav-section=\"description\"> <h2>Beschreibung<\/h2> <p>Elfsight QR Code ist ein bemerkenswertes Plugin f\u00fcr WooCommerce, mit dem Sie Ihre Besucher sofort auf jede beliebige Webseite umleiten und teilen k\u00f6nnen ein Link, Ihr Standort, E-Mail, eine beliebige Datei und mehr. Das Plugin ist hochgradig anpassbar: Sie k\u00f6nnen einen Titel und eine Bildunterschrift hinzuf\u00fcgen, mithilfe unserer Bibliothek den am besten geeigneten Symbol- und Logotyp ausw\u00e4hlen oder einen eigenen erstellen, den Text, den Hintergrund und den Rahmen neu einf\u00e4rben und die Gr\u00f6\u00dfe so \u00e4ndern, wie es zu Ihrer Website passt. Jetzt m\u00fcssen Sie nur noch mit der Erstellung des Tools beginnen \u2013 die Installation ist unkompliziert und erfordert keine Programmierkenntnisse von Ihnen. <\/p> <p><b>Betten Sie das QR-Code-Generator-Plugin in Ihre WooCommerce-Webseite ein und leiten Sie Besucher direkt dorthin weiter, wo Sie sie haben m\u00f6chten, und optimieren Sie die Inhaltsnutzung<\/b><\/p> <\/div> <div class=\"application-platform-content-item-features application-platform-content-item\" id=\"features\" data-nav-section=\"features\"> <h2>Dies sind nur einige der leistungsstarken Plugin-Funktionen: <\/h2> <ul><li>Sofortiger Zugriff auf Ihre Inhalte<\/li><li>Beliebigen Text anh\u00e4ngen<\/li><li>Acht austauschbare Logos<\/li><li>F\u00fcnfzehn umschaltbare Symbole verf\u00fcgbar<\/li><li>Alle Teile des Widgets neu lackieren<\/li><\/ul><p><a href=\"#demo\">Sie k\u00f6nnen es \u00fcberpr\u00fcfen Wenn das Plugin f\u00fcr Sie geeignet ist, probieren Sie die Demo aus<\/a><\/p> <\/div> <div class=\"application-platform-content-item-installation application-platform-content-item\" id=\"installation\" data-nav-section=\"installation\"> <h2>Wie bette ich QR-Code auf meiner WooCommerce-Website ein?<\/h2> <p> Befolgen Sie einfach die folgenden Richtlinien, um das Plugin einzubetten. <\/p> <ol><li><b>Nutzen Sie unsere kostenlose Demo und beginnen Sie mit dem Bau Ihres einzigartigen Instruments. <\/b><br> W\u00e4hlen Sie das benutzerdefinierte Erscheinungsbild und die Funktionsmerkmale des Plugins und wenden Sie die Korrekturen an. <\/li> <li><b>Erhalten Sie den pers\u00f6nlichen Code, der in der Box von Elfsight Apps angezeigt wird. <\/b><br> Wenn die Erstellung Ihres Plugins abgeschlossen ist, kopieren Sie den exklusiven Code im angezeigten Fenster und bewahren Sie ihn f\u00fcr einen sp\u00e4teren Bedarf auf. <\/li> <li><b>Geben Sie an, das Widget auf Ihrer WooCommerce-Homepage zu verwenden. <\/b><br> Betten Sie den zuvor kopierten Code in Ihre Seite ein und speichern Sie die Anpassungen. <\/li> <li><b>Fertig! Die Integration ist erfolgreich abgeschlossen. <\/b><br> Besuchen Sie Ihre Seite, um die Funktionsweise des Tools zu sehen. <\/li><\/ol> <p>Wenn Sie Probleme haben, scheuen Sie sich nicht, sich an unser Support-Team zu wenden. Unsere Berater helfen Ihnen gerne bei allen Fragen rund um das Produkt weiter. <\/p> <div class=\"faq\" data-component=\"FAQ\"><div class=\"faq-item\">\r\n\t\t\t\t\t<div class=\"faq-item-question\">\r\n\t\t\t\t\t\t<h3 class=\"faq-item-question-text\">Wie kann ich QR-Code ohne Programmiererfahrung in meine WooCommerce-Website einbetten?<\/h3>\r\n\r\n\t\t\t\t\t\t<div class=\"faq-item-question-icon\"><\/div>\r\n\t\t\t\t\t<\/div>\r\n\r\n\t\t\t\t\t<div class=\"faq-item-answer\">\r\n\t\t\t\t\t\t<div class=\"faq-item-answer-text\"> <p>Elfsight bietet eine Cloud-L\u00f6sung, mit der Benutzer selbst ein QR-Code-Plugin einrichten k\u00f6nnen, siehe Die einfache Anleitung: Erstellen Sie direkt im Online-Editor einen QR-Code-Bereich, den Sie in Ihre WooCommerce-Site einbinden m\u00f6chten. Entscheiden Sie sich f\u00fcr eine der vorgefertigten Vorlagen und \u00e4ndern Sie die QR-Code-Einstellungen, f\u00fcgen Sie Ihre Inhalte hinzu, \u00e4ndern Sie das Layout und die Farben \u2013 ganz ohne Programmierkenntnisse. Klicken Sie hier, um die Einstellungen, die Sie am QR-Code vorgenommen haben, zu speichern und den Installationscode zu kopieren, der in die WooCommerce-Homepage eingef\u00fcgt werden kann, ohne eine kostenpflichtige Version zu kaufen. Mit dem benutzerfreundlichen Konfigurator kann jeder Webbenutzer einen QR-Code-Bereich online erstellen und auf jeder WooCommerce-Homepage einf\u00fcgen. Sie m\u00fcssen weder bezahlen noch Ihre Kartendaten offenlegen, um auf den Service zuzugreifen. Sollten Sie bei irgendeinem Schritt auf Probleme sto\u00dfen, z\u00f6gern Sie bitte nicht, sich an unsere Support-Mitarbeiter zu wenden.<\/p> <\/div>\r\n\t\t\t\t\t<\/div>\r\n\t\t\t\t<\/div> <\/div><\/div><!-- \/wp:html - &gt; \/wp:html -->","protected":false},"excerpt":{"rendered":"","protected":false},"author":9,"featured_media":0,"parent":2499,"menu_order":0,"comment_status":"closed","ping_status":"closed","template":"templates\/template-application-platform.php","meta":{"publish_to_discourse":"","publish_post_category":"","wpdc_auto_publish_overridden":"","wpdc_topic_tags":"","wpdc_pin_topic":"","wpdc_pin_until":"","discourse_post_id":"","discourse_permalink":"","wpdc_publishing_response":"","wpdc_publishing_error":"","footnotes":""},"class_list":["post-9860","page","type-page","status-publish","hentry"],"yoast_head":"<!-- This site is optimized with the Yoast SEO plugin v25.3.1 - https:\/\/yoast.com\/wordpress\/plugins\/seo\/ -->\n<title>QR-Code \u2013 QR-Code-Generator zu WooCommerce hinzuf\u00fcgen (kostenlos und schnell)<\/title>\n<meta name=\"description\" content=\"Erstellen Sie ganz einfach Ihren benutzerdefinierten QR-Code-Generator f\u00fcr die WooCommerce-Webseite. Nutzen Sie einfach unsere praktische Demo und Ihr Plugin wird in weniger als zwei Minuten erstellt.\" \/>\n<meta name=\"robots\" content=\"index, follow, max-snippet:-1, max-image-preview:large, max-video-preview:-1\" \/>\n<link rel=\"canonical\" href=\"https:\/\/elfsight.com\/de\/qr-code-widget\/woocommerce\/\" \/>\n<meta property=\"og:locale\" content=\"de_DE\" \/>\n<meta property=\"og:type\" content=\"article\" \/>\n<meta property=\"og:title\" content=\"QR-Code \u2013 QR-Code-Generator zu WooCommerce hinzuf\u00fcgen (kostenlos und schnell)\" \/>\n<meta property=\"og:description\" content=\"Erstellen Sie ganz einfach Ihren benutzerdefinierten QR-Code-Generator f\u00fcr die WooCommerce-Webseite. Nutzen Sie einfach unsere praktische Demo und Ihr Plugin wird in weniger als zwei Minuten erstellt.\" \/>\n<meta property=\"og:url\" content=\"https:\/\/elfsight.com\/de\/qr-code-widget\/woocommerce\/\" \/>\n<meta property=\"og:site_name\" content=\"Elfsight DE\" \/>\n<meta property=\"article:modified_time\" content=\"2025-07-09T14:20:27+00:00\" \/>\n<meta name=\"twitter:card\" content=\"summary_large_image\" \/>\n<meta name=\"twitter:label1\" content=\"Gesch\u00e4tzte Lesezeit\" \/>\n\t<meta name=\"twitter:data1\" content=\"3\u00a0Minuten\" \/>\n<!-- \/ Yoast SEO plugin. -->","yoast_head_json":{"title":"QR-Code \u2013 QR-Code-Generator zu WooCommerce hinzuf\u00fcgen (kostenlos und schnell)","description":"Erstellen Sie ganz einfach Ihren benutzerdefinierten QR-Code-Generator f\u00fcr die WooCommerce-Webseite. Nutzen Sie einfach unsere praktische Demo und Ihr Plugin wird in weniger als zwei Minuten erstellt.","robots":{"index":"index","follow":"follow","max-snippet":"max-snippet:-1","max-image-preview":"max-image-preview:large","max-video-preview":"max-video-preview:-1"},"canonical":"https:\/\/elfsight.com\/de\/qr-code-widget\/woocommerce\/","og_locale":"de_DE","og_type":"article","og_title":"QR-Code \u2013 QR-Code-Generator zu WooCommerce hinzuf\u00fcgen (kostenlos und schnell)","og_description":"Erstellen Sie ganz einfach Ihren benutzerdefinierten QR-Code-Generator f\u00fcr die WooCommerce-Webseite. Nutzen Sie einfach unsere praktische Demo und Ihr Plugin wird in weniger als zwei Minuten erstellt.","og_url":"https:\/\/elfsight.com\/de\/qr-code-widget\/woocommerce\/","og_site_name":"Elfsight DE","article_modified_time":"2025-07-09T14:20:27+00:00","twitter_card":"summary_large_image","twitter_misc":{"Gesch\u00e4tzte Lesezeit":"3\u00a0Minuten"},"schema":{"@context":"https:\/\/schema.org","@graph":[{"@type":"WebPage","@id":"https:\/\/elfsight.com\/de\/qr-code-widget\/woocommerce\/","url":"https:\/\/elfsight.com\/de\/qr-code-widget\/woocommerce\/","name":"QR-Code \u2013 QR-Code-Generator zu WooCommerce hinzuf\u00fcgen (kostenlos und schnell)","isPartOf":{"@id":"https:\/\/elfsight.com\/de\/#website"},"datePublished":"1970-01-01T00:00:00+00:00","dateModified":"2025-07-09T14:20:27+00:00","description":"Erstellen Sie ganz einfach Ihren benutzerdefinierten QR-Code-Generator f\u00fcr die WooCommerce-Webseite. Nutzen Sie einfach unsere praktische Demo und Ihr Plugin wird in weniger als zwei Minuten erstellt.","breadcrumb":{"@id":"https:\/\/elfsight.com\/de\/qr-code-widget\/woocommerce\/#breadcrumb"},"inLanguage":"de","potentialAction":[{"@type":"ReadAction","target":["https:\/\/elfsight.com\/de\/qr-code-widget\/woocommerce\/"]}]},{"@type":"BreadcrumbList","@id":"https:\/\/elfsight.com\/de\/qr-code-widget\/woocommerce\/#breadcrumb","itemListElement":[{"@type":"ListItem","position":1,"name":"Home","item":"https:\/\/elfsight.com\/de\/"},{"@type":"ListItem","position":2,"name":"QR Code","item":"https:\/\/elfsight.com\/de\/qr-code-widget\/"},{"@type":"ListItem","position":3,"name":"QR Code &#8211; WooCommerce"}]},{"@type":"WebSite","@id":"https:\/\/elfsight.com\/de\/#website","url":"https:\/\/elfsight.com\/de\/","name":"Elfsight DE","description":"Just another Elfsight Sites site","potentialAction":[{"@type":"SearchAction","target":{"@type":"EntryPoint","urlTemplate":"https:\/\/elfsight.com\/de\/?s={search_term_string}"},"query-input":{"@type":"PropertyValueSpecification","valueRequired":true,"valueName":"search_term_string"}}],"inLanguage":"de"}]}},"meta_box":{"industry":"","seo_heading":"","heading":"","description":"","cta_heading":"","cta_description":"","application":"512","h1":"WooCommerce QR-Code-Generator","h1_caption":"Generieren und zeigen Sie m\u00fchelos einen QR-Code f\u00fcr den einfachen Zugriff auf URLs, WLAN, Visitenkarten und mehr auf Ihrer WooCommerce-Website an.","application_category":[],"applications_title":"","applications_request_title":"","applications_request_button_text":"","hero_text":"","hero_video":"","hero_video_schema_markup":"","selling_points_title":"","selling_points_caption":"","selling_points":[],"selling_points_cta_text":"","features_title":"","features":"","ed_cta_examples_text":"","ed_cta_examples_hidden":"","ed_cta_demo_text":"","ed_cta_demo_hidden":"","why_caption":"","why_editor_title":"","why_editor_text":"","why_team_title":"","why_team_text":"","why_service_title":"","why_service_text":"","template_catalog_visible":"","template_catalog_title":"","template_catalog_text":"","template_catalog_categories_visible":"","demo_title":"Erstellen Sie Ihre QR-Code-App","demo_caption":"Konfigurieren Sie Ihren QR-Code und f\u00fcgen Sie ihn kostenlos zu Ihrer WooCommerce-Website hinzu!","default_faq_hidden":"","app_template_category":[],"platform":"200","template_public_id":"","codecanyon_url":"","codecanyon_item_id":"","codecanyon_price":"","pricing_caption":"","pricing_elfsight_apps_hide_column":"","pricing_elfsight_apps_url":"","pricing_codecanyon_price_caption":"","integration_category":[],"integration_request_title":"","integration_request_cta":"","integration_platform":"","integrations":[],"platform_category":[],"video_schema_markup":"","price":"ab 0 $ \/ Monat","trial":"","benefits":[{"text":"Kostenloser Installationsservice"},{"text":"Premium-Support"},{"text":"14-t\u00e4gige R\u00fcckerstattungsgarantie"},{"text":"Laufende kostenlose Updates"}],"button_url":"#demo","button_target_blank":"","button_nofollow":"","attributes":[{"name":"Installiert","content":"10,000 - 100,000"},{"name":"Reaktionsfreudig","content":"Ja"},{"name":"Kompatible Browser","content":"Firefox, Safari, Opera, Chrome, Edge"}],"tags":[],"tags_disable_links":"","hide_more_platforms":"","video_object":"","demo_hide_cta":"","demo_hide_cloud_options":"","pricing_title":"","pricing":[{"pricing_icon":"platform","pricing_title":"Elfsight Apps","pricing_title_caption":"Multiplattform-Software","pricing_price":"ab 0 $ \/ Monat","pricing_price_caption":"Beginnen Sie mit einem kostenlosen Plan","pricing_benefits":[{"text":"Unbegrenzte Websites"},{"text":"Kostenloser und p\u00fcnktlicher Support"},{"text":"Kostenloser Installationsservice"},{"text":"Vollst\u00e4ndig anpassbar"}],"pricing_button_text":"Zur Website hinzuf\u00fcgen","pricing_button_url":"#demo"}],"related_apps_title":"","related_apps_hidden":"","author":"","image":[],"title":"","job":"","social_networks":[]},"_links":{"self":[{"href":"https:\/\/elfsight.com\/de\/wp-json\/wp\/v2\/pages\/9860","targetHints":{"allow":["GET"]}}],"collection":[{"href":"https:\/\/elfsight.com\/de\/wp-json\/wp\/v2\/pages"}],"about":[{"href":"https:\/\/elfsight.com\/de\/wp-json\/wp\/v2\/types\/page"}],"author":[{"embeddable":true,"href":"https:\/\/elfsight.com\/de\/wp-json\/wp\/v2\/users\/9"}],"replies":[{"embeddable":true,"href":"https:\/\/elfsight.com\/de\/wp-json\/wp\/v2\/comments?post=9860"}],"version-history":[{"count":2,"href":"https:\/\/elfsight.com\/de\/wp-json\/wp\/v2\/pages\/9860\/revisions"}],"predecessor-version":[{"id":21797,"href":"https:\/\/elfsight.com\/de\/wp-json\/wp\/v2\/pages\/9860\/revisions\/21797"}],"up":[{"embeddable":true,"href":"https:\/\/elfsight.com\/de\/wp-json\/wp\/v2\/pages\/2499"}],"wp:attachment":[{"href":"https:\/\/elfsight.com\/de\/wp-json\/wp\/v2\/media?parent=9860"}],"curies":[{"name":"wp","href":"https:\/\/api.w.org\/{rel}","templated":true}]}}