{"id":9858,"date":"1970-01-01T00:00:00","date_gmt":"1970-01-01T00:00:00","guid":{"rendered":"https:\/\/elfsight.com\/de\/?page_id=9858"},"modified":"2025-07-09T14:19:01","modified_gmt":"2025-07-09T14:19:01","slug":"godaddy","status":"publish","type":"page","link":"https:\/\/elfsight.com\/de\/qr-code-widget\/godaddy\/","title":{"rendered":"QR Code &#8211; GoDaddy"},"content":{"rendered":"<div class=\"application-platform-content-item-description application-platform-content-item\" id=\"description\" data-nav-section=\"description\"> <h2>Betten Sie den QR-Code auf GoDaddy mit dem Elfsight-Widget ein<\/h2> <p>Der Elfsight-QR-Code ist eine beeindruckende Option, mit der Sie Benutzer sofort umleiten k\u00f6nnen zu jeder Website, teilen Sie eine URL, einen Standort, eine E-Mail, eine beliebige Datei und vieles mehr. Das Tool ist hochgradig anpassbar: Sie k\u00f6nnen einen Titel und eine erl\u00e4uternde Bildunterschrift hinzuf\u00fcgen, das Symbol und das Logo aus unserer Bibliothek ausw\u00e4hlen oder ein eigenes verwenden, den Text, den Hintergrund und den Rahmen neu einf\u00e4rben und die Gr\u00f6\u00dfe des Plugins so anpassen, wie es zu Ihrer Website passt. Sie m\u00fcssen lediglich mit der Erstellung Ihrer personalisierten Funktion beginnen \u2013 die Installation ist ein Kinderspiel und erfordert keine Programmierkenntnisse von Ihnen. <\/p> <p><b>Integrieren Sie den QR-Code in Ihre Website und bringen Sie Benutzer direkt dorthin, wo Sie sie haben m\u00f6chten, und optimieren Sie die Inhaltsnutzung<\/b><\/p> <\/div> <div class=\"application-platform-content-item-features  application-platform-content-item\" id=\"features \" data-nav-section=\"features \"> <h2>Dies sind nur einige der wertvollen Plugin-Funktionen: <\/h2> <ul><li>Sofortiger Zugriff auf Ihre Inhalte<\/li><li>Beliebigen Text anh\u00e4ngen<\/li><li>Acht austauschbare Logos <\/li><li>F\u00fcnfzehn austauschbare Symbole zur Auswahl<\/li><li>Alle Elemente neu zeichnen<\/li><\/ul><p><a href=\"#demo\">Probieren Sie einfach diese Demo aus Verstehen Sie die Funktionalit\u00e4t des Plugins<\/a><\/p> <\/div> <div class=\"application-platform-content-item-installation application-platform-content-item\" id=\"installation\" data-nav-section=\"installation\"> <h2>Wie f\u00fcge ich QR-Code zu meiner GoDaddy-Site hinzu? <\/h2> <p>Befolgen Sie einfach die unten beschriebenen Schritte, um mit der Arbeit mit dem Plugin zu beginnen. <\/p> <ol><li><b>Nutzen Sie unseren kostenlosen Editor und beginnen Sie mit der Gestaltung Ihres ma\u00dfgeschneiderten Instruments. <\/b><br> Finden Sie die bevorzugte Form und die Funktionen des Plugins und speichern Sie die Korrekturen. <\/li> <li><b>Erhalten Sie Ihren pers\u00f6nlichen Code, der im Fenster von Elfsight Apps angezeigt wird. <\/b><br> Nachdem Sie Ihr pers\u00f6nliches Plugin eingerichtet haben, kopieren Sie den exklusiven Code im angezeigten Popup und speichern Sie ihn zur weiteren Verwendung. <\/li> <li><b>Beginnen Sie mit der Verwendung des Plugins auf der GoDaddy-Website. <\/b><br> Integrieren Sie den zuvor kopierten Code in Ihre Website und \u00fcbernehmen Sie die \u00c4nderungen. <\/li> <li><b>Du bist fertig! Die Einbettung ist vollst\u00e4ndig durchgef\u00fchrt. <\/b><br> Besuchen Sie Ihre Website, um einen Blick auf die Leistung des Plugins zu werfen. <\/li><\/ol> <p>Soweit es zur Bearbeitung von Anfragen kommt oder es zu Komplikationen kommt, wenden Sie sich bitte an unseren Support. Unsere Berater helfen Ihnen gerne bei der L\u00f6sung aller Schwierigkeiten, die Sie mit dem Produkt haben k\u00f6nnten. <\/p> <div class=\"faq\" data-component=\"FAQ\"><div class=\"faq-item\">\r\n\t\t\t\t\t<div class=\"faq-item-question\">\r\n\t\t\t\t\t\t<h3 class=\"faq-item-question-text\">Gibt es eine M\u00f6glichkeit, QR-Code ohne Codierung in meine GoDaddy-Homepage einzubetten?<\/h3>\r\n\r\n\t\t\t\t\t\t<div class=\"faq-item-question-icon\"><\/div>\r\n\t\t\t\t\t<\/div>\r\n\r\n\t\t\t\t\t<div class=\"faq-item-answer\">\r\n\t\t\t\t\t\t<div class=\"faq-item-answer-text\"> <p>Das Unternehmen Elfsight stellt eine SaaS-L\u00f6sung vor, mit der Benutzer selbst einen QR-Code-Bereich einrichten und entdecken k\u00f6nnen Unkomplizierte Schritte: Gehen Sie zum Online-Editor, um einen QR-Code-Bereich zu erstellen, der auf der GoDaddy-Website erscheinen soll. W\u00e4hlen Sie eine der vielen vorgefertigten Vorlagen aus und passen Sie die QR-Code-Einstellungen an, \u00e4ndern Sie das Layout und das Farbschema und f\u00fcgen Sie Ihre Inhalte hinzu, ohne Programmiererfahrung zu haben. Klicken Sie, um den QR-Code zu speichern und den Code zum Einbetten zu kopieren, den Sie problemlos in jede GoDaddy-Website einf\u00fcgen k\u00f6nnen, ohne eine kostenpflichtige Version kaufen zu m\u00fcssen. Mit unserem unkomplizierten Editor kann jeder Webbenutzer eine QR-Code-App erstellen und diese problemlos in jede GoDaddy-Website einbinden. Es ist nicht erforderlich, ein kostenpflichtiges Abonnement abzuschlie\u00dfen oder Ihre Kartendaten offenzulegen, um auf den Dienst zuzugreifen. Sollten bei irgendeinem Schritt Probleme auftreten, wenden Sie sich bitte an unsere Support-Mitarbeiter.<\/p> <\/div>\r\n\t\t\t\t\t<\/div>\r\n\t\t\t\t<\/div> <\/div><\/div>","protected":false},"excerpt":{"rendered":"","protected":false},"author":9,"featured_media":0,"parent":2499,"menu_order":0,"comment_status":"closed","ping_status":"closed","template":"templates\/template-application-platform.php","meta":{"publish_to_discourse":"","publish_post_category":"","wpdc_auto_publish_overridden":"","wpdc_topic_tags":"","wpdc_pin_topic":"","wpdc_pin_until":"","discourse_post_id":"","discourse_permalink":"","wpdc_publishing_response":"","wpdc_publishing_error":"","footnotes":""},"class_list":["post-9858","page","type-page","status-publish","hentry"],"yoast_head":"<!-- This site is optimized with the Yoast SEO plugin v25.3.1 - https:\/\/yoast.com\/wordpress\/plugins\/seo\/ -->\n<title>QR-Code \u2013 QR-Code-Plugin zur GoDaddy-Website hinzuf\u00fcgen!<\/title>\n<meta name=\"description\" content=\"Erstellen Sie schnell Ihren einzigartigen QR-Code f\u00fcr die GoDaddy-Website. Wenden Sie einfach unsere Demo an und Ihre App wird in weniger als einer Minute erstellt.\" \/>\n<meta name=\"robots\" content=\"index, follow, max-snippet:-1, max-image-preview:large, max-video-preview:-1\" \/>\n<link rel=\"canonical\" href=\"https:\/\/elfsight.com\/de\/qr-code-widget\/godaddy\/\" \/>\n<meta property=\"og:locale\" content=\"de_DE\" \/>\n<meta property=\"og:type\" content=\"article\" \/>\n<meta property=\"og:title\" content=\"QR-Code \u2013 QR-Code-Plugin zur GoDaddy-Website hinzuf\u00fcgen!\" \/>\n<meta property=\"og:description\" content=\"Erstellen Sie schnell Ihren einzigartigen QR-Code f\u00fcr die GoDaddy-Website. Wenden Sie einfach unsere Demo an und Ihre App wird in weniger als einer Minute erstellt.\" \/>\n<meta property=\"og:url\" content=\"https:\/\/elfsight.com\/de\/qr-code-widget\/godaddy\/\" \/>\n<meta property=\"og:site_name\" content=\"Elfsight DE\" \/>\n<meta property=\"article:modified_time\" content=\"2025-07-09T14:19:01+00:00\" \/>\n<meta name=\"twitter:card\" content=\"summary_large_image\" \/>\n<meta name=\"twitter:label1\" content=\"Gesch\u00e4tzte Lesezeit\" \/>\n\t<meta name=\"twitter:data1\" content=\"3\u00a0Minuten\" \/>\n<!-- \/ Yoast SEO plugin. -->","yoast_head_json":{"title":"QR-Code \u2013 QR-Code-Plugin zur GoDaddy-Website hinzuf\u00fcgen!","description":"Erstellen Sie schnell Ihren einzigartigen QR-Code f\u00fcr die GoDaddy-Website. Wenden Sie einfach unsere Demo an und Ihre App wird in weniger als einer Minute erstellt.","robots":{"index":"index","follow":"follow","max-snippet":"max-snippet:-1","max-image-preview":"max-image-preview:large","max-video-preview":"max-video-preview:-1"},"canonical":"https:\/\/elfsight.com\/de\/qr-code-widget\/godaddy\/","og_locale":"de_DE","og_type":"article","og_title":"QR-Code \u2013 QR-Code-Plugin zur GoDaddy-Website hinzuf\u00fcgen!","og_description":"Erstellen Sie schnell Ihren einzigartigen QR-Code f\u00fcr die GoDaddy-Website. Wenden Sie einfach unsere Demo an und Ihre App wird in weniger als einer Minute erstellt.","og_url":"https:\/\/elfsight.com\/de\/qr-code-widget\/godaddy\/","og_site_name":"Elfsight DE","article_modified_time":"2025-07-09T14:19:01+00:00","twitter_card":"summary_large_image","twitter_misc":{"Gesch\u00e4tzte Lesezeit":"3\u00a0Minuten"},"schema":{"@context":"https:\/\/schema.org","@graph":[{"@type":"WebPage","@id":"https:\/\/elfsight.com\/de\/qr-code-widget\/godaddy\/","url":"https:\/\/elfsight.com\/de\/qr-code-widget\/godaddy\/","name":"QR-Code \u2013 QR-Code-Plugin zur GoDaddy-Website hinzuf\u00fcgen!","isPartOf":{"@id":"https:\/\/elfsight.com\/de\/#website"},"datePublished":"1970-01-01T00:00:00+00:00","dateModified":"2025-07-09T14:19:01+00:00","description":"Erstellen Sie schnell Ihren einzigartigen QR-Code f\u00fcr die GoDaddy-Website. Wenden Sie einfach unsere Demo an und Ihre App wird in weniger als einer Minute erstellt.","breadcrumb":{"@id":"https:\/\/elfsight.com\/de\/qr-code-widget\/godaddy\/#breadcrumb"},"inLanguage":"de","potentialAction":[{"@type":"ReadAction","target":["https:\/\/elfsight.com\/de\/qr-code-widget\/godaddy\/"]}]},{"@type":"BreadcrumbList","@id":"https:\/\/elfsight.com\/de\/qr-code-widget\/godaddy\/#breadcrumb","itemListElement":[{"@type":"ListItem","position":1,"name":"Home","item":"https:\/\/elfsight.com\/de\/"},{"@type":"ListItem","position":2,"name":"QR Code","item":"https:\/\/elfsight.com\/de\/qr-code-widget\/"},{"@type":"ListItem","position":3,"name":"QR Code &#8211; GoDaddy"}]},{"@type":"WebSite","@id":"https:\/\/elfsight.com\/de\/#website","url":"https:\/\/elfsight.com\/de\/","name":"Elfsight DE","description":"Just another Elfsight Sites site","potentialAction":[{"@type":"SearchAction","target":{"@type":"EntryPoint","urlTemplate":"https:\/\/elfsight.com\/de\/?s={search_term_string}"},"query-input":{"@type":"PropertyValueSpecification","valueRequired":true,"valueName":"search_term_string"}}],"inLanguage":"de"}]}},"meta_box":{"industry":"","seo_heading":"","heading":"","description":"","cta_heading":"","cta_description":"","application":"512","h1":"GoDaddy QR-Code-Plugin","h1_caption":"Generieren und zeigen Sie m\u00fchelos einen QR-Code f\u00fcr den einfachen Zugriff auf URLs, WLAN, Visitenkarten und mehr auf Ihrer GoDaddy-Website an.","application_category":[],"applications_title":"","applications_request_title":"","applications_request_button_text":"","hero_text":"","hero_video":"","hero_video_schema_markup":"","selling_points_title":"","selling_points_caption":"","selling_points":[],"selling_points_cta_text":"","features_title":"","features":"","ed_cta_examples_text":"","ed_cta_examples_hidden":"","ed_cta_demo_text":"","ed_cta_demo_hidden":"","why_caption":"","why_editor_title":"","why_editor_text":"","why_team_title":"","why_team_text":"","why_service_title":"","why_service_text":"","template_catalog_visible":"","template_catalog_title":"","template_catalog_text":"","template_catalog_categories_visible":"","demo_title":"Erstellen Sie Ihr QR-Code-Plugin","demo_caption":"Konfigurieren Sie Ihren QR-Code und f\u00fcgen Sie ihn kostenlos zu Ihrer GoDaddy-Website hinzu!","default_faq_hidden":"","app_template_category":[],"platform":"241","template_public_id":"","codecanyon_url":"","codecanyon_item_id":"","codecanyon_price":"","pricing_caption":"","pricing_elfsight_apps_hide_column":"","pricing_elfsight_apps_url":"","pricing_codecanyon_price_caption":"","integration_category":[],"integration_request_title":"","integration_request_cta":"","integration_platform":"","integrations":[],"platform_category":[],"video_schema_markup":"","price":"ab 0 $ \/ Monat","trial":"","benefits":[{"text":"Kostenloser Installationsservice"},{"text":"Effektiver Kundenservice"},{"text":"14-t\u00e4gige Geld-zur\u00fcck-Garantie"},{"text":"St\u00e4ndige Aktualisierung"}],"button_url":"#demo","button_target_blank":"","button_nofollow":"","attributes":[{"name":"Installiert","content":"10,000 - 100,000"},{"name":"Reaktionsfreudig","content":"Ja"},{"name":"Kompatible Browser","content":"IE11, Firefox, Safari, Opera, Chrome, Edge"}],"tags":[],"tags_disable_links":"","hide_more_platforms":"","video_object":"","demo_hide_cta":"","demo_hide_cloud_options":"","pricing_title":"","pricing":[{"pricing_icon":"platform","pricing_title":"Elfsight Apps","pricing_title_caption":"Plattform\u00fcbergreifende digitale L\u00f6sung, die f\u00fcr jeden Standort geeignet ist","pricing_price":"ab 0 $ \/ Monat","pricing_price_caption":"Beginnen Sie mit einem kostenlosen Plan","pricing_benefits":[{"text":"Unbegrenzte Domains"},{"text":"24\/7 und p\u00fcnktlicher Support und gut dokumentiert"},{"text":"Kostenlose Installationshilfe"},{"text":"Flexibles Design"}],"pricing_button_text":"Zur Website hinzuf\u00fcgen","pricing_button_url":"#demo"}],"related_apps_title":"","related_apps_hidden":"","author":"","image":[],"title":"","job":"","social_networks":[]},"_links":{"self":[{"href":"https:\/\/elfsight.com\/de\/wp-json\/wp\/v2\/pages\/9858","targetHints":{"allow":["GET"]}}],"collection":[{"href":"https:\/\/elfsight.com\/de\/wp-json\/wp\/v2\/pages"}],"about":[{"href":"https:\/\/elfsight.com\/de\/wp-json\/wp\/v2\/types\/page"}],"author":[{"embeddable":true,"href":"https:\/\/elfsight.com\/de\/wp-json\/wp\/v2\/users\/9"}],"replies":[{"embeddable":true,"href":"https:\/\/elfsight.com\/de\/wp-json\/wp\/v2\/comments?post=9858"}],"version-history":[{"count":1,"href":"https:\/\/elfsight.com\/de\/wp-json\/wp\/v2\/pages\/9858\/revisions"}],"predecessor-version":[{"id":9862,"href":"https:\/\/elfsight.com\/de\/wp-json\/wp\/v2\/pages\/9858\/revisions\/9862"}],"up":[{"embeddable":true,"href":"https:\/\/elfsight.com\/de\/wp-json\/wp\/v2\/pages\/2499"}],"wp:attachment":[{"href":"https:\/\/elfsight.com\/de\/wp-json\/wp\/v2\/media?parent=9858"}],"curies":[{"name":"wp","href":"https:\/\/api.w.org\/{rel}","templated":true}]}}