{"id":9857,"date":"1970-01-01T00:00:00","date_gmt":"1970-01-01T00:00:00","guid":{"rendered":"https:\/\/elfsight.com\/de\/?page_id=9857"},"modified":"2025-07-09T14:19:48","modified_gmt":"2025-07-09T14:19:48","slug":"prestashop","status":"publish","type":"page","link":"https:\/\/elfsight.com\/de\/qr-code-widget\/prestashop\/","title":{"rendered":"QR Code &#8211; PrestaShop"},"content":{"rendered":"<div class=\"application-platform-content-item-description application-platform-content-item\" id=\"description\" data-nav-section=\"description\"> <h2>Beschreibung<\/h2> <p>Der QR-Code ist ein bemerkenswertes Tool, mit dem Sie Ihre Besucher schnell auf jede Website umleiten und einen Link teilen k\u00f6nnen , Ihr Standort, E-Mail, Datei und vieles mehr. Das Tool ist \u00e4u\u00dferst anpassbar: Sie k\u00f6nnen einen Titel und eine Beschriftung hinzuf\u00fcgen, mithilfe unserer Bibliothek das am besten geeignete Symbol und den Logotyp ausw\u00e4hlen oder Ihre eigenen hochladen, den Text, den Hintergrund und den Rahmen neu zeichnen und die Gr\u00f6\u00dfe des Widgets so \u00e4ndern, wie es zu Ihrer Website passt. Sie m\u00fcssen lediglich mit der Erstellung des Tools beginnen \u2013 die Installation ist unkompliziert und erfordert keine Programmierkenntnisse von Ihnen. <\/p> <p><b>Machen Sie Ihre Website mit Hilfe von QR-Code erfolgreicher f\u00fcr E-Commerce-Ziele<\/b><\/p> <\/div> <div class=\"application-platform-content-item-features application-platform-content-item\" id=\"features\" data-nav-section=\"features\"> <h2>Diese sind nur einige der vielen Widget-Funktionen: <\/h2> <ul><li>Sofortiger Zugriff auf Ihre Inhalte<\/li><li>Eine M\u00f6glichkeit, URLs, Standorte, Dateien, Social-Media-Profile und vieles mehr zu teilen<\/li><li>Beliebigen Text hinzuf\u00fcgen<\/li><li>8 umschaltbare Logos<\/li><li>Eine M\u00f6glichkeit, Ihr individuelles Logo hochzuladen<\/li><li>15 austauschbare Symbole verf\u00fcgbar<\/li><li> Rahmen, um den Code auf aussagekr\u00e4ftige Weise darzustellen<\/li><li>\u00c4ndern Sie die Gr\u00f6\u00dfe des Codes<\/li><li>\u00c4ndern Sie die Textgr\u00f6\u00dfe<\/li><li>F\u00fcgen Sie eine Beschriftung hinzu<\/li><\/ul><p><a href=\"#demo\">Schauen Sie sich einfach diese Demo an, um einen vollst\u00e4ndigen \u00dcberblick zu erhalten<\/a><\/p> <\/div> <div class=\"application-platform-content-item-installation application-platform-content-item\" id=\"installation\" data-nav-section=\"installation\"> <h2>So f\u00fcgen Sie QR-Code hinzu zu meiner PrestaShop-Seite? <\/h2> <p>F\u00fchren Sie einfach die folgenden Richtlinien aus, um das Widget zu integrieren. <\/p> <ol><li><b>\u00d6ffnen Sie unsere kostenlose Demo und beginnen Sie mit der Gestaltung Ihres individuellen Widgets. <\/b><br> Bestimmen Sie die passende Form und Optionen des Widgets und speichern Sie die Korrekturen. <\/li> <li><b>Der pers\u00f6nliche Code wird im speziellen Formular auf Elfsight Apps angezeigt. <\/b><br> Wenn die Anpassung Ihres Add-ons abgeschlossen ist, kopieren Sie den pers\u00f6nlichen Code aus dem erscheinenden Popup und bewahren Sie ihn zur weiteren Verwendung auf. <\/li> <li><b>Initiieren Sie den Einsatz des Widgets auf Ihrer PrestaShop-Website. <\/b><br> Implementieren Sie den zuvor kopierten Code in Ihre Website und speichern Sie die Korrekturen. <\/li> <li><b>Du bist fertig! Die Integration ist erfolgreich abgeschlossen. <\/b><br> Besuchen Sie Ihre Website, um zu \u00fcberpr\u00fcfen, wie das Widget funktioniert. <\/li><\/ol> <p>Bei Fragen oder Komplikationen wenden Sie sich bitte an unseren Kundendienst. Unsere Berater l\u00f6sen gerne alle Schwierigkeiten, die Sie mit dem Tool haben k\u00f6nnten. <\/p> <div class=\"faq\" data-component=\"FAQ\"><div class=\"faq-item\">\r\n\t\t\t\t\t<div class=\"faq-item-question\">\r\n\t\t\t\t\t\t<h3 class=\"faq-item-question-text\">Gibt es eine Option, QR-Code ohne Programmierkenntnisse in meine PrestaShop-Website einzubetten?<\/h3>\r\n\r\n\t\t\t\t\t\t<div class=\"faq-item-question-icon\"><\/div>\r\n\t\t\t\t\t<\/div>\r\n\r\n\t\t\t\t\t<div class=\"faq-item-answer\">\r\n\t\t\t\t\t\t<div class=\"faq-item-answer-text\"> <p>Elfsight bietet eine L\u00f6sung, mit der ein breites Publikum selbst ein QR-Code-Plugin erstellen kann Wie einfach der Vorgang ist: Erstellen Sie im Online-Editor einen QR-Code-Abschnitt, den Sie auf der PrestaShop-Website einbetten m\u00f6chten. Entscheiden Sie sich f\u00fcr eine der vorgefertigten Vorlagen und passen Sie die QR-Code-Einstellungen an, f\u00fcgen Sie Ihre Inhalte hinzu, \u00e4ndern Sie das Layout und die Farbe der Elemente \u2013 ganz ohne Programmierkenntnisse. Klicken Sie hier, um die Einstellungen, die Sie am QR-Code vorgenommen haben, zu speichern und den Code des Widgets f\u00fcr die Installation zu kopieren, der kostenlos in jede PrestaShop-Homepage eingef\u00fcgt werden kann. Mit unserem benutzerfreundlichen Konfigurator kann jeder Webbenutzer einen QR-Code-Bereich erstellen und ihn problemlos in jede PrestaShop-Homepage integrieren. Sie d\u00fcrfen weder bezahlen noch Ihre Kartendaten preisgeben, um Zugang zu unserem Editor zu erhalten. Wenn Sie auf Probleme jeglicher Art sto\u00dfen, wenden Sie sich bitte an unser technisches Support-Team.<\/p> <\/div>\r\n\t\t\t\t\t<\/div>\r\n\t\t\t\t<\/div> <\/div><\/div>","protected":false},"excerpt":{"rendered":"","protected":false},"author":9,"featured_media":0,"parent":2499,"menu_order":0,"comment_status":"closed","ping_status":"closed","template":"templates\/template-application-platform.php","meta":{"publish_to_discourse":"","publish_post_category":"","wpdc_auto_publish_overridden":"","wpdc_topic_tags":"","wpdc_pin_topic":"","wpdc_pin_until":"","discourse_post_id":"","discourse_permalink":"","wpdc_publishing_response":"","wpdc_publishing_error":"","footnotes":""},"class_list":["post-9857","page","type-page","status-publish","hentry"],"yoast_head":"<!-- This site is optimized with the Yoast SEO plugin v25.3.1 - https:\/\/yoast.com\/wordpress\/plugins\/seo\/ -->\n<title>QR-Code-Generator \u2013 QR-Code-Plugin zu PrestaShop hinzuf\u00fcgen [2026]<\/title>\n<meta name=\"description\" content=\"Erstellen Sie schnell Ihren benutzerdefinierten QR-Code-Generator f\u00fcr die PrestaShop-Website. Wenden Sie einfach unsere Demo an und Ihr Plugin wird in zwei Minuten erstellt.\" \/>\n<meta name=\"robots\" content=\"index, follow, max-snippet:-1, max-image-preview:large, max-video-preview:-1\" \/>\n<link rel=\"canonical\" href=\"https:\/\/elfsight.com\/de\/qr-code-widget\/prestashop\/\" \/>\n<meta property=\"og:locale\" content=\"de_DE\" \/>\n<meta property=\"og:type\" content=\"article\" \/>\n<meta property=\"og:title\" content=\"QR-Code-Generator \u2013 QR-Code-Plugin zu PrestaShop hinzuf\u00fcgen [2026]\" \/>\n<meta property=\"og:description\" content=\"Erstellen Sie schnell Ihren benutzerdefinierten QR-Code-Generator f\u00fcr die PrestaShop-Website. Wenden Sie einfach unsere Demo an und Ihr Plugin wird in zwei Minuten erstellt.\" \/>\n<meta property=\"og:url\" content=\"https:\/\/elfsight.com\/de\/qr-code-widget\/prestashop\/\" \/>\n<meta property=\"og:site_name\" content=\"Elfsight DE\" \/>\n<meta property=\"article:modified_time\" content=\"2025-07-09T14:19:48+00:00\" \/>\n<meta name=\"twitter:card\" content=\"summary_large_image\" \/>\n<meta name=\"twitter:label1\" content=\"Gesch\u00e4tzte Lesezeit\" \/>\n\t<meta name=\"twitter:data1\" content=\"3\u00a0Minuten\" \/>\n<!-- \/ Yoast SEO plugin. -->","yoast_head_json":{"title":"QR-Code-Generator \u2013 QR-Code-Plugin zu PrestaShop hinzuf\u00fcgen [2026]","description":"Erstellen Sie schnell Ihren benutzerdefinierten QR-Code-Generator f\u00fcr die PrestaShop-Website. Wenden Sie einfach unsere Demo an und Ihr Plugin wird in zwei Minuten erstellt.","robots":{"index":"index","follow":"follow","max-snippet":"max-snippet:-1","max-image-preview":"max-image-preview:large","max-video-preview":"max-video-preview:-1"},"canonical":"https:\/\/elfsight.com\/de\/qr-code-widget\/prestashop\/","og_locale":"de_DE","og_type":"article","og_title":"QR-Code-Generator \u2013 QR-Code-Plugin zu PrestaShop hinzuf\u00fcgen [2026]","og_description":"Erstellen Sie schnell Ihren benutzerdefinierten QR-Code-Generator f\u00fcr die PrestaShop-Website. Wenden Sie einfach unsere Demo an und Ihr Plugin wird in zwei Minuten erstellt.","og_url":"https:\/\/elfsight.com\/de\/qr-code-widget\/prestashop\/","og_site_name":"Elfsight DE","article_modified_time":"2025-07-09T14:19:48+00:00","twitter_card":"summary_large_image","twitter_misc":{"Gesch\u00e4tzte Lesezeit":"3\u00a0Minuten"},"schema":{"@context":"https:\/\/schema.org","@graph":[{"@type":"WebPage","@id":"https:\/\/elfsight.com\/de\/qr-code-widget\/prestashop\/","url":"https:\/\/elfsight.com\/de\/qr-code-widget\/prestashop\/","name":"QR-Code-Generator \u2013 QR-Code-Plugin zu PrestaShop hinzuf\u00fcgen [2026]","isPartOf":{"@id":"https:\/\/elfsight.com\/de\/#website"},"datePublished":"1970-01-01T00:00:00+00:00","dateModified":"2025-07-09T14:19:48+00:00","description":"Erstellen Sie schnell Ihren benutzerdefinierten QR-Code-Generator f\u00fcr die PrestaShop-Website. Wenden Sie einfach unsere Demo an und Ihr Plugin wird in zwei Minuten erstellt.","breadcrumb":{"@id":"https:\/\/elfsight.com\/de\/qr-code-widget\/prestashop\/#breadcrumb"},"inLanguage":"de","potentialAction":[{"@type":"ReadAction","target":["https:\/\/elfsight.com\/de\/qr-code-widget\/prestashop\/"]}]},{"@type":"BreadcrumbList","@id":"https:\/\/elfsight.com\/de\/qr-code-widget\/prestashop\/#breadcrumb","itemListElement":[{"@type":"ListItem","position":1,"name":"Home","item":"https:\/\/elfsight.com\/de\/"},{"@type":"ListItem","position":2,"name":"QR Code","item":"https:\/\/elfsight.com\/de\/qr-code-widget\/"},{"@type":"ListItem","position":3,"name":"QR Code &#8211; PrestaShop"}]},{"@type":"WebSite","@id":"https:\/\/elfsight.com\/de\/#website","url":"https:\/\/elfsight.com\/de\/","name":"Elfsight DE","description":"Just another Elfsight Sites site","potentialAction":[{"@type":"SearchAction","target":{"@type":"EntryPoint","urlTemplate":"https:\/\/elfsight.com\/de\/?s={search_term_string}"},"query-input":{"@type":"PropertyValueSpecification","valueRequired":true,"valueName":"search_term_string"}}],"inLanguage":"de"}]}},"meta_box":{"industry":"","seo_heading":"","heading":"","description":"","cta_heading":"","cta_description":"","application":"512","h1":"PrestaShop QR-Code-Generator","h1_caption":"Generieren und zeigen Sie m\u00fchelos einen QR-Code f\u00fcr den einfachen Zugriff auf URLs, WLAN, Visitenkarten und mehr auf Ihrer Prestashop-Website an.","application_category":[],"applications_title":"","applications_request_title":"","applications_request_button_text":"","hero_text":"","hero_video":"","hero_video_schema_markup":"","selling_points_title":"","selling_points_caption":"","selling_points":[],"selling_points_cta_text":"","features_title":"","features":"","ed_cta_examples_text":"","ed_cta_examples_hidden":"","ed_cta_demo_text":"","ed_cta_demo_hidden":"","why_caption":"","why_editor_title":"","why_editor_text":"","why_team_title":"","why_team_text":"","why_service_title":"","why_service_text":"","template_catalog_visible":"","template_catalog_title":"","template_catalog_text":"","template_catalog_categories_visible":"","demo_title":"Erstellen Sie Ihr QR-Code-Add-on","demo_caption":"Konfigurieren Sie Ihren QR-Code und f\u00fcgen Sie ihn kostenlos zu Ihrer PrestaShop-Website hinzu!","default_faq_hidden":"","app_template_category":[],"platform":"3811","template_public_id":"","codecanyon_url":"","codecanyon_item_id":"","codecanyon_price":"","pricing_caption":"","pricing_elfsight_apps_hide_column":"","pricing_elfsight_apps_url":"","pricing_codecanyon_price_caption":"","integration_category":[],"integration_request_title":"","integration_request_cta":"","integration_platform":"","integrations":[],"platform_category":[],"video_schema_markup":"","price":"ab 0 $ \/ Monat","trial":"","benefits":[{"text":"Kostenlose Installationsunterst\u00fctzung"},{"text":"Erfahrener Kundensupport"},{"text":"14-t\u00e4gige R\u00fcckerstattungsgarantie"},{"text":"St\u00e4ndige Aktualisierung"}],"button_url":"#demo","button_target_blank":"","button_nofollow":"","attributes":[{"name":"Installiert","content":"10,000 - 100,000"},{"name":"Reaktionsfreudig","content":"Ja"},{"name":"Kompatible Browser","content":"Firefox, Safari, Opera, Chrome, Edge"}],"tags":[],"tags_disable_links":"","hide_more_platforms":"","video_object":"","demo_hide_cta":"","demo_hide_cloud_options":"","pricing_title":"","pricing":[{"pricing_icon":"platform","pricing_title":"Elfsight Apps","pricing_title_caption":"Plattformunabh\u00e4ngige Software","pricing_price":"ab 0 $ \/ Monat","pricing_price_caption":"Beginnen Sie mit einem kostenlosen Plan","pricing_benefits":[{"text":"Unbegrenzte Websites"},{"text":"Kundensupport rund um die Uhr"},{"text":"Kostenloser Installationssupport"},{"text":"100 % anpassbar"}],"pricing_button_text":"Zur Website hinzuf\u00fcgen","pricing_button_url":"#demo"}],"related_apps_title":"","related_apps_hidden":"","author":"","image":[],"title":"","job":"","social_networks":[]},"_links":{"self":[{"href":"https:\/\/elfsight.com\/de\/wp-json\/wp\/v2\/pages\/9857","targetHints":{"allow":["GET"]}}],"collection":[{"href":"https:\/\/elfsight.com\/de\/wp-json\/wp\/v2\/pages"}],"about":[{"href":"https:\/\/elfsight.com\/de\/wp-json\/wp\/v2\/types\/page"}],"author":[{"embeddable":true,"href":"https:\/\/elfsight.com\/de\/wp-json\/wp\/v2\/users\/9"}],"replies":[{"embeddable":true,"href":"https:\/\/elfsight.com\/de\/wp-json\/wp\/v2\/comments?post=9857"}],"version-history":[{"count":2,"href":"https:\/\/elfsight.com\/de\/wp-json\/wp\/v2\/pages\/9857\/revisions"}],"predecessor-version":[{"id":21795,"href":"https:\/\/elfsight.com\/de\/wp-json\/wp\/v2\/pages\/9857\/revisions\/21795"}],"up":[{"embeddable":true,"href":"https:\/\/elfsight.com\/de\/wp-json\/wp\/v2\/pages\/2499"}],"wp:attachment":[{"href":"https:\/\/elfsight.com\/de\/wp-json\/wp\/v2\/media?parent=9857"}],"curies":[{"name":"wp","href":"https:\/\/api.w.org\/{rel}","templated":true}]}}