{"id":9852,"date":"1970-01-01T00:00:00","date_gmt":"1970-01-01T00:00:00","guid":{"rendered":"https:\/\/elfsight.com\/de\/?page_id=9852"},"modified":"2025-07-09T14:19:21","modified_gmt":"2025-07-09T14:19:21","slug":"jimdo","status":"publish","type":"page","link":"https:\/\/elfsight.com\/de\/qr-code-widget\/jimdo\/","title":{"rendered":"QR Code &#8211; Jimdo"},"content":{"rendered":"<div class=\"application-platform-content-item-description application-platform-content-item\" id=\"description\" data-nav-section=\"description\"><h2>Beschreibung<\/h2> <p>Elfsight QR Code ist ein bemerkenswertes Tool, mit dem Sie Benutzer sofort auf jede Webseite umleiten und eine URL teilen k\u00f6nnen , Ihren Standort, E-Mail, jede Datei und mehr. Das Tool ist \u00e4u\u00dferst anpassbar: Sie k\u00f6nnen einen Titel und eine aussagekr\u00e4ftige Beschriftung hinzuf\u00fcgen, mithilfe unserer Bibliothek das am besten geeignete Symbol und Logo ausw\u00e4hlen oder ein eigenes erstellen, den Text, den Hintergrund und den Rahmen neu einf\u00e4rben und die Gr\u00f6\u00dfe des Widgets nach Bedarf \u00e4ndern. Jetzt m\u00fcssen Sie nur noch mit der Erstellung Ihres personalisierten Features beginnen \u2013 die Installation ist ein Kinderspiel und erfordert keine Programmierkenntnisse. <\/p> <p><b>Machen Sie Ihre Website mithilfe von QR-Code effizienter f\u00fcr Gesch\u00e4ftsaufgaben.<\/b><\/p> <\/div> <div class=\"application-platform-content-item-features application-platform-content-item\" id=\"features\" data-nav-section=\"features\"> <h2>Am meisten Wertvolle Widget-Funktionen bieten<\/h2> <ul><li>Sofortigen Zugriff auf Ihre Inhalte<\/li><li>Eine M\u00f6glichkeit, URLs, Standorte, Dateien, Social-Media-Profile und vieles mehr zu teilen<\/li><li> F\u00fcgen Sie beliebigen Text hinzu<\/li><li>8 umschaltbare Logos<\/li><li>Eine M\u00f6glichkeit, Ihr individuelles Logo hochzuladen<\/li><li>15 austauschbare Symbole verf\u00fcgbar<\/li><li>Rahmen zur Darstellung des Codes Der aussagekr\u00e4ftigste Weg<\/li><li>\u00c4ndern Sie die Gr\u00f6\u00dfe des Codes<\/li><li>\u00c4ndern Sie die Textgr\u00f6\u00dfe<\/li><li>F\u00fcgen Sie eine Beschriftung hinzu<\/li><\/ul><p><a href=\"#demo\">Entdecken Sie alle Anpassungsoptionen in einer 100 % funktionsf\u00e4higen Demo<\/a><\/p> <\/div> <div class=\"application-platform-content-item-installation application-platform-content-item\" id=\"installation\" data-nav-section=\"installation\"> <h2>So f\u00fcgen Sie QR-Code zur Jimdo-Webseite hinzu ? <\/h2> <p>Befolgen Sie einfach die nachstehenden Anweisungen, um mit der Arbeit mit dem Widget zu beginnen. <\/p> <ol><li><b>Nutzen Sie unseren kostenlosen Editor und beginnen Sie mit der Gestaltung Ihres ma\u00dfgeschneiderten Instruments. <\/b><br> W\u00e4hlen Sie das benutzerdefinierte Formular und die Optionen des Widgets und wenden Sie die Korrekturen an. <\/li> <li><b>Erhalten Sie den individuellen Code, der im speziellen Formular auf Elfsight Apps angezeigt wird. <\/b><br> Sobald die Anpassung Ihres pers\u00f6nlichen Widgets abgeschlossen ist, kopieren Sie den pers\u00f6nlichen Code aus dem angezeigten Feld und bewahren Sie ihn f\u00fcr die sp\u00e4tere Verwendung auf. <\/li> <li><b>Erste Schritte mit der Verwendung des Widgets auf der Jimdo-Website. <\/b><br> F\u00fcgen Sie den Code, den Sie zuvor kopiert haben, in Ihre Webseite ein und speichern Sie die Anpassungen. <\/li> <li><b>Das Setup ist vollst\u00e4ndig durchgef\u00fchrt. <\/b><br> Besuchen Sie Ihre Webseite, um zu sehen, wie das Widget funktioniert. <\/li><\/ol> <p>Wenn Sie Probleme haben, scheuen Sie sich nicht, sich an unser Support-Team zu wenden. Unsere Mitarbeiter helfen Ihnen gerne bei allen Fragen, die Sie zum Produkt haben. <\/p> <div class=\"faq\" data-component=\"FAQ\"><div class=\"faq-item\">\r\n\t\t\t\t\t<div class=\"faq-item-question\">\r\n\t\t\t\t\t\t<h3 class=\"faq-item-question-text\">Gibt es eine Methode zum Hinzuf\u00fcgen von QR-Code zu meiner Jimdo-Site ohne Programmiererfahrung?<\/h3>\r\n\r\n\t\t\t\t\t\t<div class=\"faq-item-question-icon\"><\/div>\r\n\t\t\t\t\t<\/div>\r\n\r\n\t\t\t\t\t<div class=\"faq-item-answer\">\r\n\t\t\t\t\t\t<div class=\"faq-item-answer-text\"> <p>Elfsight bietet eine L\u00f6sung, mit der Benutzer selbst ein QR-Code-Plugin erstellen k\u00f6nnen. Finden Sie heraus, wie Es ist ganz einfach: Beginnen Sie direkt in der Online-Demo mit der Erstellung eines QR-Code-Bereichs, den Sie auf der Jimdo-Homepage sehen m\u00f6chten. W\u00e4hlen Sie eine unserer vorgefertigten Vorlagen und passen Sie die QR-Code-Einstellungen an, \u00e4ndern Sie das Layout und das Farbschema und f\u00fcgen Sie Ihre Inhalte hinzu, ohne Programmiererfahrung zu haben. Speichern Sie den QR-Code und erhalten Sie den Installationscode des Widgets, den Sie mit einem kostenlosen Plan problemlos in jede Jimdo-Site einbetten k\u00f6nnen. Mit dem unkomplizierten Konfigurator kann jeder Internetnutzer ein QR-Code-Plugin erstellen und es m\u00fchelos auf der Jimdo-Website einf\u00fcgen. Sie d\u00fcrfen weder bezahlen noch Ihre Kartendaten preisgeben, um Zugang zu unserem Editor zu erhalten. Sollten bei irgendeinem Schritt Probleme auftreten, wenden Sie sich bitte an unsere Support-Mitarbeiter.<\/p> <\/div>\r\n\t\t\t\t\t<\/div>\r\n\t\t\t\t<\/div> <\/div><\/div>","protected":false},"excerpt":{"rendered":"","protected":false},"author":9,"featured_media":0,"parent":2499,"menu_order":0,"comment_status":"closed","ping_status":"closed","template":"templates\/template-application-platform.php","meta":{"publish_to_discourse":"","publish_post_category":"","wpdc_auto_publish_overridden":"","wpdc_topic_tags":"","wpdc_pin_topic":"","wpdc_pin_until":"","discourse_post_id":"","discourse_permalink":"","wpdc_publishing_response":"","wpdc_publishing_error":"","footnotes":""},"class_list":["post-9852","page","type-page","status-publish","hentry"],"yoast_head":"<!-- This site is optimized with the Yoast SEO plugin v25.3.1 - https:\/\/yoast.com\/wordpress\/plugins\/seo\/ -->\n<title>QR-Code-Generator \u2013 QR-Code-Plugin zu Jimdo hinzuf\u00fcgen [2026]<\/title>\n<meta name=\"description\" content=\"Erstellen Sie schnell Ihren individuellen QR-Code-Generator f\u00fcr die Jimdo-Website. Wenden Sie einfach unsere Demo an und Ihr Plugin wird in weniger als zwei Minuten erstellt.\" \/>\n<meta name=\"robots\" content=\"index, follow, max-snippet:-1, max-image-preview:large, max-video-preview:-1\" \/>\n<link rel=\"canonical\" href=\"https:\/\/elfsight.com\/de\/qr-code-widget\/jimdo\/\" \/>\n<meta property=\"og:locale\" content=\"de_DE\" \/>\n<meta property=\"og:type\" content=\"article\" \/>\n<meta property=\"og:title\" content=\"QR-Code-Generator \u2013 QR-Code-Plugin zu Jimdo hinzuf\u00fcgen [2026]\" \/>\n<meta property=\"og:description\" content=\"Erstellen Sie schnell Ihren individuellen QR-Code-Generator f\u00fcr die Jimdo-Website. Wenden Sie einfach unsere Demo an und Ihr Plugin wird in weniger als zwei Minuten erstellt.\" \/>\n<meta property=\"og:url\" content=\"https:\/\/elfsight.com\/de\/qr-code-widget\/jimdo\/\" \/>\n<meta property=\"og:site_name\" content=\"Elfsight DE\" \/>\n<meta property=\"article:modified_time\" content=\"2025-07-09T14:19:21+00:00\" \/>\n<meta name=\"twitter:card\" content=\"summary_large_image\" \/>\n<meta name=\"twitter:label1\" content=\"Gesch\u00e4tzte Lesezeit\" \/>\n\t<meta name=\"twitter:data1\" content=\"3\u00a0Minuten\" \/>\n<!-- \/ Yoast SEO plugin. -->","yoast_head_json":{"title":"QR-Code-Generator \u2013 QR-Code-Plugin zu Jimdo hinzuf\u00fcgen [2026]","description":"Erstellen Sie schnell Ihren individuellen QR-Code-Generator f\u00fcr die Jimdo-Website. Wenden Sie einfach unsere Demo an und Ihr Plugin wird in weniger als zwei Minuten erstellt.","robots":{"index":"index","follow":"follow","max-snippet":"max-snippet:-1","max-image-preview":"max-image-preview:large","max-video-preview":"max-video-preview:-1"},"canonical":"https:\/\/elfsight.com\/de\/qr-code-widget\/jimdo\/","og_locale":"de_DE","og_type":"article","og_title":"QR-Code-Generator \u2013 QR-Code-Plugin zu Jimdo hinzuf\u00fcgen [2026]","og_description":"Erstellen Sie schnell Ihren individuellen QR-Code-Generator f\u00fcr die Jimdo-Website. Wenden Sie einfach unsere Demo an und Ihr Plugin wird in weniger als zwei Minuten erstellt.","og_url":"https:\/\/elfsight.com\/de\/qr-code-widget\/jimdo\/","og_site_name":"Elfsight DE","article_modified_time":"2025-07-09T14:19:21+00:00","twitter_card":"summary_large_image","twitter_misc":{"Gesch\u00e4tzte Lesezeit":"3\u00a0Minuten"},"schema":{"@context":"https:\/\/schema.org","@graph":[{"@type":"WebPage","@id":"https:\/\/elfsight.com\/de\/qr-code-widget\/jimdo\/","url":"https:\/\/elfsight.com\/de\/qr-code-widget\/jimdo\/","name":"QR-Code-Generator \u2013 QR-Code-Plugin zu Jimdo hinzuf\u00fcgen [2026]","isPartOf":{"@id":"https:\/\/elfsight.com\/de\/#website"},"datePublished":"1970-01-01T00:00:00+00:00","dateModified":"2025-07-09T14:19:21+00:00","description":"Erstellen Sie schnell Ihren individuellen QR-Code-Generator f\u00fcr die Jimdo-Website. Wenden Sie einfach unsere Demo an und Ihr Plugin wird in weniger als zwei Minuten erstellt.","breadcrumb":{"@id":"https:\/\/elfsight.com\/de\/qr-code-widget\/jimdo\/#breadcrumb"},"inLanguage":"de","potentialAction":[{"@type":"ReadAction","target":["https:\/\/elfsight.com\/de\/qr-code-widget\/jimdo\/"]}]},{"@type":"BreadcrumbList","@id":"https:\/\/elfsight.com\/de\/qr-code-widget\/jimdo\/#breadcrumb","itemListElement":[{"@type":"ListItem","position":1,"name":"Home","item":"https:\/\/elfsight.com\/de\/"},{"@type":"ListItem","position":2,"name":"QR Code","item":"https:\/\/elfsight.com\/de\/qr-code-widget\/"},{"@type":"ListItem","position":3,"name":"QR Code &#8211; Jimdo"}]},{"@type":"WebSite","@id":"https:\/\/elfsight.com\/de\/#website","url":"https:\/\/elfsight.com\/de\/","name":"Elfsight DE","description":"Just another Elfsight Sites site","potentialAction":[{"@type":"SearchAction","target":{"@type":"EntryPoint","urlTemplate":"https:\/\/elfsight.com\/de\/?s={search_term_string}"},"query-input":{"@type":"PropertyValueSpecification","valueRequired":true,"valueName":"search_term_string"}}],"inLanguage":"de"}]}},"meta_box":{"industry":"","seo_heading":"","heading":"","description":"","cta_heading":"","cta_description":"","application":"512","h1":"Jimdo QR-Code-Generator-Widget","h1_caption":"Generieren und zeigen Sie m\u00fchelos einen QR-Code f\u00fcr den einfachen Zugriff auf URLs, WLAN, Visitenkarten und mehr auf Ihrer Jimdo-Website an.","application_category":[],"applications_title":"","applications_request_title":"","applications_request_button_text":"","hero_text":"","hero_video":"","hero_video_schema_markup":"","selling_points_title":"","selling_points_caption":"","selling_points":[],"selling_points_cta_text":"","features_title":"","features":"","ed_cta_examples_text":"","ed_cta_examples_hidden":"","ed_cta_demo_text":"","ed_cta_demo_hidden":"","why_caption":"","why_editor_title":"","why_editor_text":"","why_team_title":"","why_team_text":"","why_service_title":"","why_service_text":"","template_catalog_visible":"","template_catalog_title":"","template_catalog_text":"","template_catalog_categories_visible":"","demo_title":"Erstellen Sie Ihr QR-Code-Widget","demo_caption":"Konfigurieren Sie Ihren QR-Code und f\u00fcgen Sie ihn kostenlos zu Ihrer Jimdo-Website hinzu!","default_faq_hidden":"","app_template_category":[],"platform":"239","template_public_id":"","codecanyon_url":"","codecanyon_item_id":"","codecanyon_price":"","pricing_caption":"","pricing_elfsight_apps_hide_column":"","pricing_elfsight_apps_url":"","pricing_codecanyon_price_caption":"","integration_category":[],"integration_request_title":"","integration_request_cta":"","integration_platform":"","integrations":[],"platform_category":[],"video_schema_markup":"","price":"ab 0 $ \/ Monat","trial":"","benefits":[{"text":"Kostenlose Installationshilfe"},{"text":"Premium-Support"},{"text":"14-t\u00e4gige Geld-zur\u00fcck-Garantie"},{"text":"Regelm\u00e4\u00dfige Updates"}],"button_url":"#demo","button_target_blank":"","button_nofollow":"","attributes":[{"name":"Installiert","content":"10,000 - 100,000"},{"name":"Reaktionsfreudig","content":"Ja"},{"name":"Kompatible Browser","content":"Firefox, Safari, Opera, Chrome, Edge"}],"tags":[],"tags_disable_links":"","hide_more_platforms":"","video_object":"","demo_hide_cta":"","demo_hide_cloud_options":"","pricing_title":"","pricing":[{"pricing_icon":"platform","pricing_title":"Elfsight Apps","pricing_title_caption":"Plattform\u00fcbergreifende digitale L\u00f6sung, die zu jeder Website passt","pricing_price":"ab 0 $ \/ Monat","pricing_price_caption":"Beginnen Sie mit einem kostenlosen Plan","pricing_benefits":[{"text":"Unbegrenzte Anzahl an Domains"},{"text":"Professioneller Kundensupport"},{"text":"Kostenloser Installationsservice"},{"text":"100 % anpassbar"}],"pricing_button_text":"Zur Website hinzuf\u00fcgen","pricing_button_url":"#demo"}],"related_apps_title":"","related_apps_hidden":"","author":"","image":[],"title":"","job":"","social_networks":[]},"_links":{"self":[{"href":"https:\/\/elfsight.com\/de\/wp-json\/wp\/v2\/pages\/9852","targetHints":{"allow":["GET"]}}],"collection":[{"href":"https:\/\/elfsight.com\/de\/wp-json\/wp\/v2\/pages"}],"about":[{"href":"https:\/\/elfsight.com\/de\/wp-json\/wp\/v2\/types\/page"}],"author":[{"embeddable":true,"href":"https:\/\/elfsight.com\/de\/wp-json\/wp\/v2\/users\/9"}],"replies":[{"embeddable":true,"href":"https:\/\/elfsight.com\/de\/wp-json\/wp\/v2\/comments?post=9852"}],"version-history":[{"count":1,"href":"https:\/\/elfsight.com\/de\/wp-json\/wp\/v2\/pages\/9852\/revisions"}],"predecessor-version":[{"id":9856,"href":"https:\/\/elfsight.com\/de\/wp-json\/wp\/v2\/pages\/9852\/revisions\/9856"}],"up":[{"embeddable":true,"href":"https:\/\/elfsight.com\/de\/wp-json\/wp\/v2\/pages\/2499"}],"wp:attachment":[{"href":"https:\/\/elfsight.com\/de\/wp-json\/wp\/v2\/media?parent=9852"}],"curies":[{"name":"wp","href":"https:\/\/api.w.org\/{rel}","templated":true}]}}