{"id":9796,"date":"1970-01-01T00:00:00","date_gmt":"1970-01-01T00:00:00","guid":{"rendered":"https:\/\/elfsight.com\/de\/?page_id=9796"},"modified":"2025-02-24T06:21:23","modified_gmt":"2025-02-24T06:21:23","slug":"bigcommerce","status":"publish","type":"page","link":"https:\/\/elfsight.com\/de\/portfolio-widget\/bigcommerce\/","title":{"rendered":"Portfolio &#8211; BigCommerce"},"content":{"rendered":"\n<div class=\"application-platform-content-item-description application-platform-content-item\" id=\"description\" data-nav-section=\"description\"><h2>Beschreibung<\/h2><p>Das Elfsight Portfolio-Tool wurde f\u00fcr jede Person erstellt, die ihr Portfolio auf der Website ausstellen und erhalten m\u00f6chte frische Kunden. Mit dem Tool k\u00f6nnen Sie Projekte mit Bildern, Videoinhalten, Schemata und anderen Materialien offenbaren. Jeder Inhalt kann eine detaillierte Beschreibung und ein Datum haben. Sie haben die M\u00f6glichkeit, Projekte an Websites zu binden und Projekte in Kategorien zu verteilen. Benutzer sehen Ihr Portfolio, \u00f6ffnen jedes Projekt und sehen sich alle Arbeiten direkt auf der Website an. In der Kopfzeile werden Ihr Name, Ihr Foto und Ihre Kontaktdaten angezeigt, mit denen Sie erreichbar sind. Mit der Schaltfl\u00e4che \u201eAktiv\u201c gelangen Personen zur Kaufseite und k\u00f6nnen die Anzahl der Verk\u00e4ufe steigern.<\/p><div class=\"faq\" data-component=\"FAQ\"> <div class=\"faq-item\">\r\n\t\t\t\t\t<div class=\"faq-item-question\">\r\n\t\t\t\t\t\t<h3 class=\"faq-item-question-text\">Wo auf meiner Website kann ich die pers\u00f6nliche Portfolio-Vorlage hinzuf\u00fcgen<\/h3>\r\n\r\n\t\t\t\t\t\t<div class=\"faq-item-question-icon\"><\/div>\r\n\t\t\t\t\t<\/div>\r\n\r\n\t\t\t\t\t<div class=\"faq-item-answer\">\r\n\t\t\t\t\t\t<div class=\"faq-item-answer-text\"><p>Sie k\u00f6nnen sie einbetten auf jeder Seite der Website oder auf allen Webseiten. Ihre auff\u00e4lligen Werke werden die Aufmerksamkeit der Besucher auf sich ziehen, wenn sie auf der Hauptseite der Website ver\u00f6ffentlicht werden und Ihre Angebote auf Portfolio-Seiten visualisiert werden k\u00f6nnen.<\/p><\/div>\r\n\t\t\t\t\t<\/div>\r\n\t\t\t\t<\/div><div class=\"faq-item\">\r\n\t\t\t\t\t<div class=\"faq-item-question\">\r\n\t\t\t\t\t\t<h3 class=\"faq-item-question-text\">Wie w\u00fcrde ich von diesem Plugin profitieren?<\/h3>\r\n\r\n\t\t\t\t\t\t<div class=\"faq-item-question-icon\"><\/div>\r\n\t\t\t\t\t<\/div>\r\n\r\n\t\t\t\t\t<div class=\"faq-item-answer\">\r\n\t\t\t\t\t\t<div class=\"faq-item-answer-text\"><p>Ein beeindruckendes Portfolio mit Ihren Werken wird Ihren Besuchern Ihr gro\u00dfes K\u00f6nnen und Ihre Kreativit\u00e4t beweisen. Dadurch wird der Wunsch der Benutzer geweckt, die gleichen Arbeiten f\u00fcr sie erledigen zu lassen, und Sie werden sehen, dass neue Auftr\u00e4ge eingehen. Dar\u00fcber hinaus erhalten Sie durch die schnellen M\u00f6glichkeiten, mit Ihnen in Kontakt zu treten, mehr Leads.<\/p><\/div>\r\n\t\t\t\t\t<\/div>\r\n\t\t\t\t<\/div><div class=\"faq-item\">\r\n\t\t\t\t\t<div class=\"faq-item-question\">\r\n\t\t\t\t\t\t<h3 class=\"faq-item-question-text\">Wie bette ich eine Portfolio-Vorlage auf meiner BigCommerce-Website ein?<\/h3>\r\n\r\n\t\t\t\t\t\t<div class=\"faq-item-question-icon\"><\/div>\r\n\t\t\t\t\t<\/div>\r\n\r\n\t\t\t\t\t<div class=\"faq-item-answer\">\r\n\t\t\t\t\t\t<div class=\"faq-item-answer-text\"><p>Sie Sie ben\u00f6tigen nur eine Minute Ihrer Zeit, um mit der Nutzung der App zu beginnen. Die Einbettung erfolgt sehr schnell, kostenlos und ohne Programmierung.<\/p><p>Das Widget kann \u00fcber unseren Service oder \u00fcber den Marktplatz eingebunden werden. Sie k\u00f6nnen die Vor- und Nachteile dieser Optionen lesen und Ihre ausw\u00e4hlen.<\/p><\/div>\r\n\t\t\t\t\t<\/div>\r\n\t\t\t\t<\/div><\/div><\/div><div class=\"application-platform-content-item-features application-platform-content-item\" id=\"features\" data-nav-section=\"features\"><h2>Funktionen<\/h2><p>In Um einen klaren \u00dcberblick \u00fcber das BigCommerce-Portfolio zu erhalten, k\u00f6nnen Sie die Liste der Hauptmerkmale studieren. Sie machen die App f\u00fcr Sie wirklich effektiv:<\/p><ul><li>Legen Sie mehrere Projekte mit Projekttiteln fest;<\/li><li>Legen Sie Kategorien fest und weisen Sie ihnen Projekte zu;<\/li><li>W\u00e4hlen Sie, was Informationen zur Anzeige im Popup und beim Hover;<\/li><li>F\u00fcgen Sie Texte hinzu und f\u00fcgen Sie Daten zu allen Dateien im Projekt hinzu;<\/li><li>Aktive Schaltfl\u00e4che in der Kopfzeile und im Popup f\u00fchrt Kunden zu jeder Seite.<\/li><\/ul><p><a href=\"#demo\">Alle Funktionen in der Demo pr\u00fcfen<\/a><\/p><\/div><div class=\"application-platform-content-item-installation application-platform-content-item\" id=\"installation\" data-nav-section=\"installation\"><h2>So f\u00fcgen Sie hinzu F\u00fcgen Sie das Portfolio Ihrer BigCommerce-Website hinzu<\/h2><div class=\"video-container\"><iframe width=\"560\" height=\"315\" src=\"https:\/\/www.youtube.com\/embed\/QEsX4nKvZ0o?si=SOAPQRDW4F7nsEfA\" frameborder=\"0\" allow=\"accelerometer; autoplay; clipboard-write; encrypted-media; gyroscope; picture-in-picture; web-share\" allowfullscreen><\/iframe><\/div><p>Befolgen Sie einfach die unten beschriebenen Schritte, um mit der Arbeit mit dem Plugin auf BigCommerce zu beginnen.<\/p> <ol><li><b>\u00d6ffnen Sie unsere Kostenlose Demo und beginnen Sie mit der Erstellung Ihrer individuellen App. <\/b><br> Finden Sie die bevorzugte Schnittstelle und Aspekte des Tools und wenden Sie die Korrekturen an. <\/li> <li><b>Erhalten Sie Ihren einzigartigen Code in der speziellen Form auf Elfsight Apps. <\/b><br> Sobald die Einrichtung Ihres pers\u00f6nlichen Portfolio-Widgets abgeschlossen ist, kopieren Sie den individuellen Code im angezeigten Popup und speichern Sie ihn f\u00fcr die zuk\u00fcnftige Verwendung. <\/li> <li><b>Beginnen Sie mit der Anwendung des Widgets auf Ihrer BigCommerce-Website. <\/b><br> Platzieren Sie den Code, den Sie k\u00fcrzlich kopiert haben, auf Ihrer Website und \u00fcbernehmen Sie die Anpassungen. <\/li> <li><b>Die Installation ist vollst\u00e4ndig abgeschlossen. <\/b><br> Besuchen Sie Ihre Website, um in Aktion zu sehen, wie das Widget funktioniert. <\/li><\/ol><p>Sie k\u00f6nnen sich immer noch nicht entscheiden? Oder haben Sie Fragen? Richten Sie einfach eine Anfrage an unseren Kundenservice, er wird jedes Problem l\u00f6sen.<\/p><\/div>\n","protected":false},"excerpt":{"rendered":"","protected":false},"author":9,"featured_media":0,"parent":1344,"menu_order":0,"comment_status":"closed","ping_status":"closed","template":"templates\/template-application-platform.php","meta":{"publish_to_discourse":"","publish_post_category":"","wpdc_auto_publish_overridden":"","wpdc_topic_tags":"","wpdc_pin_topic":"","wpdc_pin_until":"","discourse_post_id":"","discourse_permalink":"","wpdc_publishing_response":"","wpdc_publishing_error":"","footnotes":""},"class_list":["post-9796","page","type-page","status-publish","hentry"],"yoast_head":"<!-- This site is optimized with the Yoast SEO plugin v25.3.1 - https:\/\/yoast.com\/wordpress\/plugins\/seo\/ -->\n<title>Portfolio-Vorlage f\u00fcr die BigCommerce-Website (kostenlos und schnell)<\/title>\n<meta name=\"description\" content=\"Erstellen Sie mit Elfsight Ihre Portfolio-App und f\u00fcgen Sie sie ganz einfach auf der BigCommerce-Website hinzu. Wir bieten kostenlosen Kundenservice und andere Boni.\" \/>\n<meta name=\"robots\" content=\"index, follow, max-snippet:-1, max-image-preview:large, max-video-preview:-1\" \/>\n<link rel=\"canonical\" href=\"https:\/\/elfsight.com\/de\/portfolio-widget\/bigcommerce\/\" \/>\n<meta property=\"og:locale\" content=\"de_DE\" \/>\n<meta property=\"og:type\" content=\"article\" \/>\n<meta property=\"og:title\" content=\"Portfolio-Vorlage f\u00fcr die BigCommerce-Website (kostenlos und schnell)\" \/>\n<meta property=\"og:description\" content=\"Erstellen Sie mit Elfsight Ihre Portfolio-App und f\u00fcgen Sie sie ganz einfach auf der BigCommerce-Website hinzu. Wir bieten kostenlosen Kundenservice und andere Boni.\" \/>\n<meta property=\"og:url\" content=\"https:\/\/elfsight.com\/de\/portfolio-widget\/bigcommerce\/\" \/>\n<meta property=\"og:site_name\" content=\"Elfsight DE\" \/>\n<meta property=\"article:modified_time\" content=\"2025-02-24T06:21:23+00:00\" \/>\n<meta name=\"twitter:card\" content=\"summary_large_image\" \/>\n<meta name=\"twitter:label1\" content=\"Gesch\u00e4tzte Lesezeit\" \/>\n\t<meta name=\"twitter:data1\" content=\"4\u00a0Minuten\" \/>\n<!-- \/ Yoast SEO plugin. -->","yoast_head_json":{"title":"Portfolio-Vorlage f\u00fcr die BigCommerce-Website (kostenlos und schnell)","description":"Erstellen Sie mit Elfsight Ihre Portfolio-App und f\u00fcgen Sie sie ganz einfach auf der BigCommerce-Website hinzu. Wir bieten kostenlosen Kundenservice und andere Boni.","robots":{"index":"index","follow":"follow","max-snippet":"max-snippet:-1","max-image-preview":"max-image-preview:large","max-video-preview":"max-video-preview:-1"},"canonical":"https:\/\/elfsight.com\/de\/portfolio-widget\/bigcommerce\/","og_locale":"de_DE","og_type":"article","og_title":"Portfolio-Vorlage f\u00fcr die BigCommerce-Website (kostenlos und schnell)","og_description":"Erstellen Sie mit Elfsight Ihre Portfolio-App und f\u00fcgen Sie sie ganz einfach auf der BigCommerce-Website hinzu. Wir bieten kostenlosen Kundenservice und andere Boni.","og_url":"https:\/\/elfsight.com\/de\/portfolio-widget\/bigcommerce\/","og_site_name":"Elfsight DE","article_modified_time":"2025-02-24T06:21:23+00:00","twitter_card":"summary_large_image","twitter_misc":{"Gesch\u00e4tzte Lesezeit":"4\u00a0Minuten"},"schema":{"@context":"https:\/\/schema.org","@graph":[{"@type":"WebPage","@id":"https:\/\/elfsight.com\/de\/portfolio-widget\/bigcommerce\/","url":"https:\/\/elfsight.com\/de\/portfolio-widget\/bigcommerce\/","name":"Portfolio-Vorlage f\u00fcr die BigCommerce-Website (kostenlos und schnell)","isPartOf":{"@id":"https:\/\/elfsight.com\/de\/#website"},"datePublished":"1970-01-01T00:00:00+00:00","dateModified":"2025-02-24T06:21:23+00:00","description":"Erstellen Sie mit Elfsight Ihre Portfolio-App und f\u00fcgen Sie sie ganz einfach auf der BigCommerce-Website hinzu. Wir bieten kostenlosen Kundenservice und andere Boni.","breadcrumb":{"@id":"https:\/\/elfsight.com\/de\/portfolio-widget\/bigcommerce\/#breadcrumb"},"inLanguage":"de","potentialAction":[{"@type":"ReadAction","target":["https:\/\/elfsight.com\/de\/portfolio-widget\/bigcommerce\/"]}]},{"@type":"BreadcrumbList","@id":"https:\/\/elfsight.com\/de\/portfolio-widget\/bigcommerce\/#breadcrumb","itemListElement":[{"@type":"ListItem","position":1,"name":"Home","item":"https:\/\/elfsight.com\/de\/"},{"@type":"ListItem","position":2,"name":"Portfolio","item":"https:\/\/elfsight.com\/de\/portfolio-widget\/"},{"@type":"ListItem","position":3,"name":"Portfolio &#8211; BigCommerce"}]},{"@type":"WebSite","@id":"https:\/\/elfsight.com\/de\/#website","url":"https:\/\/elfsight.com\/de\/","name":"Elfsight DE","description":"Just another Elfsight Sites site","potentialAction":[{"@type":"SearchAction","target":{"@type":"EntryPoint","urlTemplate":"https:\/\/elfsight.com\/de\/?s={search_term_string}"},"query-input":{"@type":"PropertyValueSpecification","valueRequired":true,"valueName":"search_term_string"}}],"inLanguage":"de"}]}},"meta_box":{"industry":"","seo_heading":"","heading":"","description":"","cta_heading":"","cta_description":"","application":"491","h1":"BigCommerce-Portfolio-Vorlage","h1_caption":"Pr\u00e4sentieren Sie Ihre Arbeit in einem anpassbaren Portfolio, sodass Sie Ihre Projekte und Erfolge m\u00fchelos auf Ihrer BigCommerce-Website pr\u00e4sentieren k\u00f6nnen.","application_category":[],"applications_title":"","applications_request_title":"","applications_request_button_text":"","hero_text":"","hero_video":"","hero_video_schema_markup":"","selling_points_title":"","selling_points_caption":"","selling_points":[],"selling_points_cta_text":"","features_title":"","features":"","ed_cta_examples_text":"","ed_cta_examples_hidden":"","ed_cta_demo_text":"","ed_cta_demo_hidden":"","why_caption":"","why_editor_title":"","why_editor_text":"","why_team_title":"","why_team_text":"","why_service_title":"","why_service_text":"","template_catalog_visible":"0","template_catalog_title":"","template_catalog_text":"","template_catalog_categories_visible":"","demo_title":"Erstellen Sie Ihre Portfolio-App","demo_caption":"Konfigurieren Sie Ihr Portfolio und f\u00fcgen Sie es kostenlos zu Ihrer BigCommerce-Website hinzu!","default_faq_hidden":"","app_template_category":[],"platform":"268","template_public_id":"","codecanyon_url":"","codecanyon_item_id":"","codecanyon_price":"","pricing_caption":"","pricing_elfsight_apps_hide_column":"","pricing_elfsight_apps_url":"","pricing_codecanyon_price_caption":"","integration_category":[],"integration_request_title":"","integration_request_cta":"","integration_platform":"","integrations":[],"platform_category":[],"video_schema_markup":"","price":"ab 0 $ \/ Monat","trial":"","benefits":[{"text":"Kostenloser Installationsservice"},{"text":"Effektiver Kundenservice"},{"text":"14-t\u00e4gige R\u00fcckerstattungsgarantie"},{"text":"Regelm\u00e4\u00dfige Verbesserungen"}],"button_url":"#demo","button_target_blank":"0","button_nofollow":"0","attributes":[{"name":"Installiert","content":"10,000 - 100,000"},{"name":"Reaktionsfreudig","content":"Ja"},{"name":"Kompatible Browser","content":"Firefox, Safari, Opera, Chrome, Edge"}],"tags":[],"tags_disable_links":"0","hide_more_platforms":"0","video_object":"","demo_hide_cta":"0","demo_hide_cloud_options":"0","pricing_title":"","pricing":[{"pricing_icon":"platform","pricing_title":"Elfsight Apps","pricing_title_caption":"Plattform\u00fcbergreifende Version, die auf jeder Website funktioniert","pricing_price":"ab 0 $ \/ Monat","pricing_price_caption":"Beginnen Sie mit einem kostenlosen Plan","pricing_benefits":[{"text":"Unbegrenzte Websites"},{"text":"Kostenloser und p\u00fcnktlicher Support"},{"text":"100 % anpassbar"},{"text":"Kostenloser Installationsservice"}],"pricing_button_text":"Zur Website hinzuf\u00fcgen","pricing_button_url":"#demo"}],"related_apps_title":"","related_apps_hidden":"0","author":"","image":[],"title":"","job":"","social_networks":[]},"_links":{"self":[{"href":"https:\/\/elfsight.com\/de\/wp-json\/wp\/v2\/pages\/9796","targetHints":{"allow":["GET"]}}],"collection":[{"href":"https:\/\/elfsight.com\/de\/wp-json\/wp\/v2\/pages"}],"about":[{"href":"https:\/\/elfsight.com\/de\/wp-json\/wp\/v2\/types\/page"}],"author":[{"embeddable":true,"href":"https:\/\/elfsight.com\/de\/wp-json\/wp\/v2\/users\/9"}],"replies":[{"embeddable":true,"href":"https:\/\/elfsight.com\/de\/wp-json\/wp\/v2\/comments?post=9796"}],"version-history":[{"count":3,"href":"https:\/\/elfsight.com\/de\/wp-json\/wp\/v2\/pages\/9796\/revisions"}],"predecessor-version":[{"id":24775,"href":"https:\/\/elfsight.com\/de\/wp-json\/wp\/v2\/pages\/9796\/revisions\/24775"}],"up":[{"embeddable":true,"href":"https:\/\/elfsight.com\/de\/wp-json\/wp\/v2\/pages\/1344"}],"wp:attachment":[{"href":"https:\/\/elfsight.com\/de\/wp-json\/wp\/v2\/media?parent=9796"}],"curies":[{"name":"wp","href":"https:\/\/api.w.org\/{rel}","templated":true}]}}