{"id":9795,"date":"1970-01-01T00:00:00","date_gmt":"1970-01-01T00:00:00","guid":{"rendered":"https:\/\/elfsight.com\/de\/?page_id=9795"},"modified":"2025-02-24T06:23:28","modified_gmt":"2025-02-24T06:23:28","slug":"blogger","status":"publish","type":"page","link":"https:\/\/elfsight.com\/de\/portfolio-widget\/blogger\/","title":{"rendered":"Portfolio &#8211; Blogger"},"content":{"rendered":"\n<div class=\"application-platform-content-item-description application-platform-content-item\" id=\"description\" data-nav-section=\"description\"><h2>Beschreibung<\/h2><p>Elfsight Portfolio wurde f\u00fcr alle entwickelt, die ihre professionelle Sammlung auf der Website ver\u00f6ffentlichen und Verk\u00e4ufe anlocken m\u00f6chten. Mit dem Tool k\u00f6nnen Sie Sammlungen von Aufnahmen, Videos, Modellen und anderen Projektinhalten anzeigen. Jede Datei kann einen Text und ein Datum haben. Sie haben die M\u00f6glichkeit, Projekte an Websites zu binden und Projekte in Gruppen aufzuteilen. Ihr Publikum sieht Ihr Portfolio, tippt auf ein Projekt und studiert dessen Inhalt direkt auf Ihrer Website. In der Kopfzeile werden Ihr Name, Ihr Bild und Ihre Kontaktdaten angezeigt, was Ihnen die Kontaktaufnahme erleichtert. Die CTA-Schaltfl\u00e4che f\u00fchrt Kunden zur Bestellseite und hilft Ihnen, das Umsatzniveau zu steigern. <\/p><div class=\"faq\" data-component=\"FAQ\"><div class=\"faq-item\">\r\n\t\t\t\t\t<div class=\"faq-item-question\">\r\n\t\t\t\t\t\t<h3 class=\"faq-item-question-text\">Wie kann ich ein Portfolio in die Blogger-Website einbetten? <\/h3>\r\n\r\n\t\t\t\t\t\t<div class=\"faq-item-question-icon\"><\/div>\r\n\t\t\t\t\t<\/div>\r\n\r\n\t\t\t\t\t<div class=\"faq-item-answer\">\r\n\t\t\t\t\t\t<div class=\"faq-item-answer-text\"><p>Die Erstellung des Tools erfolgt auf der Elfsight-Website und dort Es ist nicht erforderlich, das Codieren zu lernen. Nutzen Sie die Online-Demo, um Ihr Plugin zu erstellen, den Code zu erhalten und ihn in Ihre Website zu integrieren. <\/p><\/div>\r\n\t\t\t\t\t<\/div>\r\n\t\t\t\t<\/div><div class=\"faq-item\">\r\n\t\t\t\t\t<div class=\"faq-item-question\">\r\n\t\t\t\t\t\t<h3 class=\"faq-item-question-text\">Die besten M\u00f6glichkeiten, die Portfolio-Galerie-Integration zu nutzen<\/h3>\r\n\r\n\t\t\t\t\t\t<div class=\"faq-item-question-icon\"><\/div>\r\n\t\t\t\t\t<\/div>\r\n\r\n\t\t\t\t\t<div class=\"faq-item-answer\">\r\n\t\t\t\t\t\t<div class=\"faq-item-answer-text\"><p>Wir verf\u00fcgen \u00fcber eine breite Palette an Personalisierungsm\u00f6glichkeiten: vollwertige Widgets zur Implementierung in den Inhaltsbereich , schwebende Widgets f\u00fcr die Bildlauffunktion, Layouts f\u00fcr die Fu\u00dfzeile, die Kopfzeile und alle Variationen vertikaler M\u00f6glichkeiten f\u00fcr Seitenleisten und Men\u00fcs. <\/p><\/div>\r\n\t\t\t\t\t<\/div>\r\n\t\t\t\t<\/div><div class=\"faq-item\">\r\n\t\t\t\t\t<div class=\"faq-item-question\">\r\n\t\t\t\t\t\t<h3 class=\"faq-item-question-text\">Gibt es eine Option, ein Video- oder Illustrationsportfolio \u00fcber die Agentur des Redakteurs zu erstellen? <\/h3>\r\n\r\n\t\t\t\t\t\t<div class=\"faq-item-question-icon\"><\/div>\r\n\t\t\t\t\t<\/div>\r\n\r\n\t\t\t\t\t<div class=\"faq-item-answer\">\r\n\t\t\t\t\t\t<div class=\"faq-item-answer-text\"><p>Sie k\u00f6nnen die \u00c4nderungen jedes Widgets gestalten. Im Editor stehen unz\u00e4hlige Layouts zur Verf\u00fcgung, die alle ganz einfach an Ihre Bed\u00fcrfnisse angepasst werden k\u00f6nnen. <\/p><\/div>\r\n\t\t\t\t\t<\/div>\r\n\t\t\t\t<\/div><\/div><\/div><div class=\"application-platform-content-item-features application-platform-content-item\" id=\"features\" data-nav-section=\"features\"><h2>Funktionen<\/h2><p>Um sich umfassende Kenntnisse \u00fcber Portfolio anzueignen, k\u00f6nnen Sie einen Blick auf das werfen Liste seiner Hauptmerkmale. Sie machen unser Widget f\u00fcr Sie wirklich effizient: <\/p><ul><li>F\u00fcgen Sie beliebig viele Projekte hinzu und f\u00fcgen Sie Titel hinzu; <\/li><li>Erstellen Sie Gruppen und vereinen Sie Projekte mit ihnen<\/li><li>W\u00e4hlen Sie aus, welche Informationen im Popup und beim Hover angezeigt werden sollen; <\/li><li>F\u00fcgen Sie Texte hinzu und weisen Sie den Dateien im Projekt Daten zu<\/li><li>Call-to-Action-Button in der Kopfzeile und im Popup leitet Kunden zu einer beliebigen Website oder Seite weiter<\/li><\/ul><p><a href=\"#demo\">\u00dcberpr\u00fcfen Sie alle Funktionen in der Demo<\/a><\/p><\/div><div class=\"application-platform-content-item-installation application-platform-content-item\" id=\"installation\" data-nav-section=\"installation\"><h2>Wie f\u00fcge ich Portfolio hinzu? meine Blogger-Website?<\/h2><div class=\"video-container\"><iframe width=\"560\" height=\"315\" src=\"https:\/\/www.youtube.com\/embed\/bDyGvQadAmY?si=tjc49PfoL2Ej0E2P\" frameborder=\"0\" allow=\"accelerometer; autoplay; clipboard-write; encrypted-media; gyroscope; picture-in-picture; web-share\" allowfullscreen><\/iframe><\/div><p>F\u00fchren Sie einfach die unten beschriebenen Schritte aus, um mit der Verwendung des Plugins zu beginnen. <\/p><ol><li><b>Nutzen Sie unseren kostenlosen Editor und beginnen Sie mit der Erstellung Ihres benutzerdefinierten Widgets. <\/b><br>Finden Sie die gew\u00fcnschten Form- und Funktionsmerkmale des Werkzeugs und nehmen Sie die Korrekturen vor. <\/li><li><b>Lassen Sie sich den individuellen Code im speziellen Formular auf Elfsight Apps anzeigen. <\/b><br> Sobald die Einrichtung Ihres pers\u00f6nlichen Widgets abgeschlossen ist, kopieren Sie den individuellen Code im angezeigten Popup und speichern Sie ihn f\u00fcr einen sp\u00e4teren Anlass. <\/li><li><b>Beginnen Sie mit der Verwendung des Plugins auf der Blogger-Startseite. <\/b><br>F\u00fcgen Sie den Code, den Sie zuvor kopiert haben, in Ihre Homepage ein und speichern Sie die \u00c4nderungen. <\/li><li><b>Die Installation ist vollst\u00e4ndig beendet. <\/b><br> Besuchen Sie Ihre Webseite, um die Leistung des Widgets in Aktion zu sehen. <\/li><\/ol><p>Z\u00f6gern Sie nicht, sich an unser Support-Team zu wenden, wenn Sie mit Fragen oder Komplikationen konfrontiert werden. Unsere Berater helfen Ihnen gerne bei allen Schwierigkeiten, die Sie mit dem Plugin haben k\u00f6nnten<\/p><\/div>\n","protected":false},"excerpt":{"rendered":"","protected":false},"author":9,"featured_media":0,"parent":1344,"menu_order":0,"comment_status":"closed","ping_status":"closed","template":"templates\/template-application-platform.php","meta":{"publish_to_discourse":"","publish_post_category":"","wpdc_auto_publish_overridden":"","wpdc_topic_tags":"","wpdc_pin_topic":"","wpdc_pin_until":"","discourse_post_id":"","discourse_permalink":"","wpdc_publishing_response":"","wpdc_publishing_error":"","footnotes":""},"class_list":["post-9795","page","type-page","status-publish","hentry"],"yoast_head":"<!-- This site is optimized with the Yoast SEO plugin v25.3.1 - https:\/\/yoast.com\/wordpress\/plugins\/seo\/ -->\n<title>Portfolio-Vorlage f\u00fcr die Blogger-Website (kostenlos und schnell)<\/title>\n<meta name=\"description\" content=\"Hier besteht die M\u00f6glichkeit, schnell und einfach ein benutzerdefiniertes Portfolio-Widget zur Blogger-Website hinzuzuf\u00fcgen. Genie\u00dfen Sie kostenlosen Kundenservice und andere Boni von Elfsight.\" \/>\n<meta name=\"robots\" content=\"index, follow, max-snippet:-1, max-image-preview:large, max-video-preview:-1\" \/>\n<link rel=\"canonical\" href=\"https:\/\/elfsight.com\/de\/portfolio-widget\/blogger\/\" \/>\n<meta property=\"og:locale\" content=\"de_DE\" \/>\n<meta property=\"og:type\" content=\"article\" \/>\n<meta property=\"og:title\" content=\"Portfolio-Vorlage f\u00fcr die Blogger-Website (kostenlos und schnell)\" \/>\n<meta property=\"og:description\" content=\"Hier besteht die M\u00f6glichkeit, schnell und einfach ein benutzerdefiniertes Portfolio-Widget zur Blogger-Website hinzuzuf\u00fcgen. Genie\u00dfen Sie kostenlosen Kundenservice und andere Boni von Elfsight.\" \/>\n<meta property=\"og:url\" content=\"https:\/\/elfsight.com\/de\/portfolio-widget\/blogger\/\" \/>\n<meta property=\"og:site_name\" content=\"Elfsight DE\" \/>\n<meta property=\"article:modified_time\" content=\"2025-02-24T06:23:28+00:00\" \/>\n<meta name=\"twitter:card\" content=\"summary_large_image\" \/>\n<meta name=\"twitter:label1\" content=\"Gesch\u00e4tzte Lesezeit\" \/>\n\t<meta name=\"twitter:data1\" content=\"3\u00a0Minuten\" \/>\n<!-- \/ Yoast SEO plugin. -->","yoast_head_json":{"title":"Portfolio-Vorlage f\u00fcr die Blogger-Website (kostenlos und schnell)","description":"Hier besteht die M\u00f6glichkeit, schnell und einfach ein benutzerdefiniertes Portfolio-Widget zur Blogger-Website hinzuzuf\u00fcgen. Genie\u00dfen Sie kostenlosen Kundenservice und andere Boni von Elfsight.","robots":{"index":"index","follow":"follow","max-snippet":"max-snippet:-1","max-image-preview":"max-image-preview:large","max-video-preview":"max-video-preview:-1"},"canonical":"https:\/\/elfsight.com\/de\/portfolio-widget\/blogger\/","og_locale":"de_DE","og_type":"article","og_title":"Portfolio-Vorlage f\u00fcr die Blogger-Website (kostenlos und schnell)","og_description":"Hier besteht die M\u00f6glichkeit, schnell und einfach ein benutzerdefiniertes Portfolio-Widget zur Blogger-Website hinzuzuf\u00fcgen. Genie\u00dfen Sie kostenlosen Kundenservice und andere Boni von Elfsight.","og_url":"https:\/\/elfsight.com\/de\/portfolio-widget\/blogger\/","og_site_name":"Elfsight DE","article_modified_time":"2025-02-24T06:23:28+00:00","twitter_card":"summary_large_image","twitter_misc":{"Gesch\u00e4tzte Lesezeit":"3\u00a0Minuten"},"schema":{"@context":"https:\/\/schema.org","@graph":[{"@type":"WebPage","@id":"https:\/\/elfsight.com\/de\/portfolio-widget\/blogger\/","url":"https:\/\/elfsight.com\/de\/portfolio-widget\/blogger\/","name":"Portfolio-Vorlage f\u00fcr die Blogger-Website (kostenlos und schnell)","isPartOf":{"@id":"https:\/\/elfsight.com\/de\/#website"},"datePublished":"1970-01-01T00:00:00+00:00","dateModified":"2025-02-24T06:23:28+00:00","description":"Hier besteht die M\u00f6glichkeit, schnell und einfach ein benutzerdefiniertes Portfolio-Widget zur Blogger-Website hinzuzuf\u00fcgen. Genie\u00dfen Sie kostenlosen Kundenservice und andere Boni von Elfsight.","breadcrumb":{"@id":"https:\/\/elfsight.com\/de\/portfolio-widget\/blogger\/#breadcrumb"},"inLanguage":"de","potentialAction":[{"@type":"ReadAction","target":["https:\/\/elfsight.com\/de\/portfolio-widget\/blogger\/"]}]},{"@type":"BreadcrumbList","@id":"https:\/\/elfsight.com\/de\/portfolio-widget\/blogger\/#breadcrumb","itemListElement":[{"@type":"ListItem","position":1,"name":"Home","item":"https:\/\/elfsight.com\/de\/"},{"@type":"ListItem","position":2,"name":"Portfolio","item":"https:\/\/elfsight.com\/de\/portfolio-widget\/"},{"@type":"ListItem","position":3,"name":"Portfolio &#8211; Blogger"}]},{"@type":"WebSite","@id":"https:\/\/elfsight.com\/de\/#website","url":"https:\/\/elfsight.com\/de\/","name":"Elfsight DE","description":"Just another Elfsight Sites site","potentialAction":[{"@type":"SearchAction","target":{"@type":"EntryPoint","urlTemplate":"https:\/\/elfsight.com\/de\/?s={search_term_string}"},"query-input":{"@type":"PropertyValueSpecification","valueRequired":true,"valueName":"search_term_string"}}],"inLanguage":"de"}]}},"meta_box":{"industry":"","seo_heading":"","heading":"","description":"","cta_heading":"","cta_description":"","application":"491","h1":"Blogger-Portfolio-Vorlage","h1_caption":"Pr\u00e4sentieren Sie Ihre Arbeit in einem anpassbaren Portfolio, sodass Sie Ihre Projekte und Erfolge ganz einfach und m\u00fchelos auf Ihrer Blogger-Website pr\u00e4sentieren k\u00f6nnen.","application_category":[],"applications_title":"","applications_request_title":"","applications_request_button_text":"","hero_text":"","hero_video":"","hero_video_schema_markup":"","selling_points_title":"","selling_points_caption":"","selling_points":[],"selling_points_cta_text":"","features_title":"","features":"","ed_cta_examples_text":"","ed_cta_examples_hidden":"","ed_cta_demo_text":"","ed_cta_demo_hidden":"","why_caption":"","why_editor_title":"","why_editor_text":"","why_team_title":"","why_team_text":"","why_service_title":"","why_service_text":"","template_catalog_visible":"0","template_catalog_title":"","template_catalog_text":"","template_catalog_categories_visible":"","demo_title":"Erstellen Sie Ihr Portfolio-Widget","demo_caption":"Konfigurieren Sie Ihr Portfolio und f\u00fcgen Sie es kostenlos Ihrer Blogger-Website hinzu!","default_faq_hidden":"","app_template_category":[],"platform":"262","template_public_id":"","codecanyon_url":"","codecanyon_item_id":"","codecanyon_price":"","pricing_caption":"","pricing_elfsight_apps_hide_column":"","pricing_elfsight_apps_url":"","pricing_codecanyon_price_caption":"","integration_category":[],"integration_request_title":"","integration_request_cta":"","integration_platform":"","integrations":[],"platform_category":[],"video_schema_markup":"","price":"ab 0 $ \/ Monat","trial":"","benefits":[{"text":"Kostenlose Installationshilfe"},{"text":"Kompetenter Kundenservice"},{"text":"14-t\u00e4gige R\u00fcckerstattungsgarantie"},{"text":"Zuk\u00fcnftige kostenlose Updates"}],"button_url":"#demo","button_target_blank":"0","button_nofollow":"0","attributes":[{"name":"Installiert","content":"10,000 - 100,000"},{"name":"Reaktionsfreudig","content":"Ja"},{"name":"Kompatible Browser","content":"Firefox, Safari, Opera, Chrome, Edge"}],"tags":[],"tags_disable_links":"0","hide_more_platforms":"0","video_object":"","demo_hide_cta":"0","demo_hide_cloud_options":"0","pricing_title":"","pricing":[{"pricing_icon":"platform","pricing_title":"Elfsight Apps","pricing_title_caption":"Plattformunabh\u00e4ngige digitale L\u00f6sung, die f\u00fcr jeden Standort geeignet ist","pricing_price":"ab 0 $ \/ Monat","pricing_price_caption":"Beginnen Sie mit einem kostenlosen Plan","pricing_benefits":[{"text":"Unbegrenzte Domains"},{"text":"Engagierter und p\u00fcnktlicher Support und gut dokumentiert"},{"text":"Kostenlose Installationsunterst\u00fctzung"},{"text":"Vollst\u00e4ndig anpassbar"}],"pricing_button_text":"Zur Website hinzuf\u00fcgen","pricing_button_url":"#demo"}],"related_apps_title":"","related_apps_hidden":"0","author":"","image":[],"title":"","job":"","social_networks":[]},"_links":{"self":[{"href":"https:\/\/elfsight.com\/de\/wp-json\/wp\/v2\/pages\/9795","targetHints":{"allow":["GET"]}}],"collection":[{"href":"https:\/\/elfsight.com\/de\/wp-json\/wp\/v2\/pages"}],"about":[{"href":"https:\/\/elfsight.com\/de\/wp-json\/wp\/v2\/types\/page"}],"author":[{"embeddable":true,"href":"https:\/\/elfsight.com\/de\/wp-json\/wp\/v2\/users\/9"}],"replies":[{"embeddable":true,"href":"https:\/\/elfsight.com\/de\/wp-json\/wp\/v2\/comments?post=9795"}],"version-history":[{"count":3,"href":"https:\/\/elfsight.com\/de\/wp-json\/wp\/v2\/pages\/9795\/revisions"}],"predecessor-version":[{"id":24776,"href":"https:\/\/elfsight.com\/de\/wp-json\/wp\/v2\/pages\/9795\/revisions\/24776"}],"up":[{"embeddable":true,"href":"https:\/\/elfsight.com\/de\/wp-json\/wp\/v2\/pages\/1344"}],"wp:attachment":[{"href":"https:\/\/elfsight.com\/de\/wp-json\/wp\/v2\/media?parent=9795"}],"curies":[{"name":"wp","href":"https:\/\/api.w.org\/{rel}","templated":true}]}}