{"id":9794,"date":"1970-01-01T00:00:00","date_gmt":"1970-01-01T00:00:00","guid":{"rendered":"https:\/\/elfsight.com\/de\/?page_id=9794"},"modified":"2025-02-24T06:24:37","modified_gmt":"2025-02-24T06:24:37","slug":"drupal","status":"publish","type":"page","link":"https:\/\/elfsight.com\/de\/portfolio-widget\/drupal\/","title":{"rendered":"Portfolio &#8211; Drupal"},"content":{"rendered":"\n<div class=\"application-platform-content-item-description application-platform-content-item\" id=\"description\" data-nav-section=\"description\"><h2>Beschreibung<\/h2><p>Das Elfsight Portfolio-Widget ist f\u00fcr alle gedacht, die daran interessiert sind, ihre erstaunlichen Projekte auf der Website vorzustellen und Kunden gewinnen. Mit diesem Tool k\u00f6nnen Sie Projekte mit Dreharbeiten, Videoinhalten, Skizzen und anderen Projektinhalten erneut senden. Jede Projektdatei kann einen ausf\u00fchrlichen Text und ein Datum haben. Sie haben die M\u00f6glichkeit, Projekte mit ihren Websites zu verkn\u00fcpfen und Projektkategorien einzurichten. Ihr Publikum sieht Ihr Projektportfolio, \u00f6ffnet jedes Projekt und studiert dessen Inhalt direkt auf der Startseite. In der Kopfzeile des Widgets werden Ihr Name, Ihr Bild und Ihre Kontaktinformationen angezeigt, was die Kommunikation mit Ihnen erleichtert. Die Schaltfl\u00e4che \u201eAktiv\u201c f\u00fchrt Besucher zur Bestellseite und hilft Ihnen, den Umsatz zu steigern. <\/p><div class=\"faq\" data-component=\"FAQ\"><div class=\"faq-item\">\r\n\t\t\t\t\t<div class=\"faq-item-question\">\r\n\t\t\t\t\t\t<h3 class=\"faq-item-question-text\">Wo kann ich das Plugin installieren?<\/h3>\r\n\r\n\t\t\t\t\t\t<div class=\"faq-item-question-icon\"><\/div>\r\n\t\t\t\t\t<\/div>\r\n\r\n\t\t\t\t\t<div class=\"faq-item-answer\">\r\n\t\t\t\t\t\t<div class=\"faq-item-answer-text\"><p>Das Widget kann auf einer beliebigen Seite der Website oder auf allen Seiten platziert werden.<\/p><\/div>\r\n\t\t\t\t\t<\/div>\r\n\t\t\t\t<\/div><div class=\"faq-item\">\r\n\t\t\t\t\t<div class=\"faq-item-question\">\r\n\t\t\t\t\t\t<h3 class=\"faq-item-question-text\">Welche Vorteile bringt es mir?<\/h3>\r\n\r\n\t\t\t\t\t\t<div class=\"faq-item-question-icon\"><\/div>\r\n\t\t\t\t\t<\/div>\r\n\r\n\t\t\t\t\t<div class=\"faq-item-answer\">\r\n\t\t\t\t\t\t<div class=\"faq-item-answer-text\"><p>Eine faszinierende Sammlung Ihrer Werke wird den Nutzern all Ihr gro\u00dfes K\u00f6nnen und Ihre Kreativit\u00e4t beweisen. Sie werden gespannt auf Ihre Erfahrungen sein und Sie werden neue Kunden gewinnen. <\/p><\/div>\r\n\t\t\t\t\t<\/div>\r\n\t\t\t\t<\/div><div class=\"faq-item\">\r\n\t\t\t\t\t<div class=\"faq-item-question\">\r\n\t\t\t\t\t\t<h3 class=\"faq-item-question-text\">Wie bette ich ein Portfolio auf meiner Drupal-Website ein?<\/h3>\r\n\r\n\t\t\t\t\t\t<div class=\"faq-item-question-icon\"><\/div>\r\n\t\t\t\t\t<\/div>\r\n\r\n\t\t\t\t\t<div class=\"faq-item-answer\">\r\n\t\t\t\t\t\t<div class=\"faq-item-answer-text\"><p>Der Integrationsprozess ist \u00e4u\u00dferst schnell, kostenlos und erfordert keine Programmierung. \u00dcber unseren Service besteht die M\u00f6glichkeit, ein Portfolio f\u00fcr Ihre Website einzurichten. Dazu m\u00fcssen Sie die Anweisungen unten auf dieser Seite \u00fcberpr\u00fcfen. <\/p><\/div>\r\n\t\t\t\t\t<\/div>\r\n\t\t\t\t<\/div><\/div> <\/div> <div class=\"application-platform-content-item-features application-platform-content-item\" id=\"features\" data-nav-section=\"features\"><h2>Funktionen<\/h2><p>Um eine klarere Kenntnis des Widgets zu erhalten, k\u00f6nnen Sie es durchsehen die Liste der wesentlichen Merkmale. Sie machen unser Widget f\u00fcr Sie wirklich effektiv: <\/p><ul><li>Legen Sie mehrere Projekte fest und f\u00fcgen Sie deren Titel hinzu; <\/li><li>Kategorien erstellen und Projekte in diese einteilen<\/li><li>Entscheiden Sie, welche Datentypen im Popup und beim Hover angezeigt werden sollen; <\/li><li>Die M\u00f6glichkeit, Texte zu schreiben und den Materialien im Projekt Termine zuzuordnen<\/li><li>Call-to-Action-Button im Header und im Popup leitet Kunden auf jede beliebige Website weiter<\/li> <\/ul><p><a href=\"#demo\">Eine vollst\u00e4ndige Liste der Funktionen finden Sie in unserer Demo<\/a><\/p><\/div> <div class=\"application-platform-content-item-installation application-platform-content-item\" id=\"installation\" data-nav-section=\"installation\"><h2>Anleitung Portfolio auf meiner Drupal-Website einbetten? <\/h2><p>Befolgen Sie einfach die unten aufgef\u00fchrten Schritte, um mit dem Tool auf Drupal zu arbeiten.<\/p> <ol><li><b>Verwalten Sie unseren kostenlosen Konfigurator und beginnen Sie mit der Erstellung Ihres ma\u00dfgeschneiderten Moduls. <\/b><br> Finden Sie die bevorzugte Form und Aspekte des Plugins und speichern Sie die \u00c4nderungen. <\/li> <li><b>Erhalten Sie den individuellen Code, der in der Box auf Elfsight Apps angezeigt wird. <\/b><br> Sobald die Einrichtung Ihres Moduls abgeschlossen ist, kopieren Sie den einzelnen Code im erscheinenden Popup und speichern Sie ihn f\u00fcr den sp\u00e4teren Bedarf. <\/li> <li><b>Erstens beginnen Sie mit der Verwendung des Portfolio-Moduls auf Ihrer Drupal-Website. <\/b><br> F\u00fcgen Sie den k\u00fcrzlich in Ihrer Website gespeicherten Code ein und speichern Sie die Verbesserungen. <\/li> <li><b>Du bist fertig! Die Einbettung ist erfolgreich abgeschlossen. <\/b><br> Besuchen Sie Ihre Website, um die Leistung des Plugins zu \u00fcberpr\u00fcfen. <\/li><\/ol><p>Wenn Sie mit einigen Schwierigkeiten zu k\u00e4mpfen haben, scheuen Sie sich nicht, sich bei unserem Support-Team zu bewerben. Unsere Spezialisten werden sich freuen, alle Probleme zu l\u00f6sen, die Sie m\u00f6glicherweise mit dem Widget haben.<\/p><\/div>\n","protected":false},"excerpt":{"rendered":"","protected":false},"author":9,"featured_media":0,"parent":1344,"menu_order":0,"comment_status":"closed","ping_status":"closed","template":"templates\/template-application-platform.php","meta":{"publish_to_discourse":"","publish_post_category":"","wpdc_auto_publish_overridden":"","wpdc_topic_tags":"","wpdc_pin_topic":"","wpdc_pin_until":"","discourse_post_id":"","discourse_permalink":"","wpdc_publishing_response":"","wpdc_publishing_error":"","footnotes":""},"class_list":["post-9794","page","type-page","status-publish","hentry"],"yoast_head":"<!-- This site is optimized with the Yoast SEO plugin v25.3.1 - https:\/\/yoast.com\/wordpress\/plugins\/seo\/ -->\n<title>Drupal Portfolio \u2013 Portfolio-Modul zur Drupal-Website hinzuf\u00fcgen [2025]<\/title>\n<meta name=\"description\" content=\"Erstellen und passen Sie ein Portfolio-Modul an und betten Sie es schnell und einfach in Ihre Drupal-Site ein. Erhalten Sie kostenlosen Kundensupport und andere Boni!\" \/>\n<meta name=\"robots\" content=\"index, follow, max-snippet:-1, max-image-preview:large, max-video-preview:-1\" \/>\n<link rel=\"canonical\" href=\"https:\/\/elfsight.com\/de\/portfolio-widget\/drupal\/\" \/>\n<meta property=\"og:locale\" content=\"de_DE\" \/>\n<meta property=\"og:type\" content=\"article\" \/>\n<meta property=\"og:title\" content=\"Drupal Portfolio \u2013 Portfolio-Modul zur Drupal-Website hinzuf\u00fcgen [2025]\" \/>\n<meta property=\"og:description\" content=\"Erstellen und passen Sie ein Portfolio-Modul an und betten Sie es schnell und einfach in Ihre Drupal-Site ein. Erhalten Sie kostenlosen Kundensupport und andere Boni!\" \/>\n<meta property=\"og:url\" content=\"https:\/\/elfsight.com\/de\/portfolio-widget\/drupal\/\" \/>\n<meta property=\"og:site_name\" content=\"Elfsight DE\" \/>\n<meta property=\"article:modified_time\" content=\"2025-02-24T06:24:37+00:00\" \/>\n<meta name=\"twitter:card\" content=\"summary_large_image\" \/>\n<meta name=\"twitter:label1\" content=\"Gesch\u00e4tzte Lesezeit\" \/>\n\t<meta name=\"twitter:data1\" content=\"3\u00a0Minuten\" \/>\n<!-- \/ Yoast SEO plugin. -->","yoast_head_json":{"title":"Drupal Portfolio \u2013 Portfolio-Modul zur Drupal-Website hinzuf\u00fcgen [2025]","description":"Erstellen und passen Sie ein Portfolio-Modul an und betten Sie es schnell und einfach in Ihre Drupal-Site ein. Erhalten Sie kostenlosen Kundensupport und andere Boni!","robots":{"index":"index","follow":"follow","max-snippet":"max-snippet:-1","max-image-preview":"max-image-preview:large","max-video-preview":"max-video-preview:-1"},"canonical":"https:\/\/elfsight.com\/de\/portfolio-widget\/drupal\/","og_locale":"de_DE","og_type":"article","og_title":"Drupal Portfolio \u2013 Portfolio-Modul zur Drupal-Website hinzuf\u00fcgen [2025]","og_description":"Erstellen und passen Sie ein Portfolio-Modul an und betten Sie es schnell und einfach in Ihre Drupal-Site ein. Erhalten Sie kostenlosen Kundensupport und andere Boni!","og_url":"https:\/\/elfsight.com\/de\/portfolio-widget\/drupal\/","og_site_name":"Elfsight DE","article_modified_time":"2025-02-24T06:24:37+00:00","twitter_card":"summary_large_image","twitter_misc":{"Gesch\u00e4tzte Lesezeit":"3\u00a0Minuten"},"schema":{"@context":"https:\/\/schema.org","@graph":[{"@type":"WebPage","@id":"https:\/\/elfsight.com\/de\/portfolio-widget\/drupal\/","url":"https:\/\/elfsight.com\/de\/portfolio-widget\/drupal\/","name":"Drupal Portfolio \u2013 Portfolio-Modul zur Drupal-Website hinzuf\u00fcgen [2025]","isPartOf":{"@id":"https:\/\/elfsight.com\/de\/#website"},"datePublished":"1970-01-01T00:00:00+00:00","dateModified":"2025-02-24T06:24:37+00:00","description":"Erstellen und passen Sie ein Portfolio-Modul an und betten Sie es schnell und einfach in Ihre Drupal-Site ein. Erhalten Sie kostenlosen Kundensupport und andere Boni!","breadcrumb":{"@id":"https:\/\/elfsight.com\/de\/portfolio-widget\/drupal\/#breadcrumb"},"inLanguage":"de","potentialAction":[{"@type":"ReadAction","target":["https:\/\/elfsight.com\/de\/portfolio-widget\/drupal\/"]}]},{"@type":"BreadcrumbList","@id":"https:\/\/elfsight.com\/de\/portfolio-widget\/drupal\/#breadcrumb","itemListElement":[{"@type":"ListItem","position":1,"name":"Home","item":"https:\/\/elfsight.com\/de\/"},{"@type":"ListItem","position":2,"name":"Portfolio","item":"https:\/\/elfsight.com\/de\/portfolio-widget\/"},{"@type":"ListItem","position":3,"name":"Portfolio &#8211; Drupal"}]},{"@type":"WebSite","@id":"https:\/\/elfsight.com\/de\/#website","url":"https:\/\/elfsight.com\/de\/","name":"Elfsight DE","description":"Just another Elfsight Sites site","potentialAction":[{"@type":"SearchAction","target":{"@type":"EntryPoint","urlTemplate":"https:\/\/elfsight.com\/de\/?s={search_term_string}"},"query-input":{"@type":"PropertyValueSpecification","valueRequired":true,"valueName":"search_term_string"}}],"inLanguage":"de"}]}},"meta_box":{"industry":"","seo_heading":"","heading":"","description":"","cta_heading":"","cta_description":"","application":"491","h1":"Drupal Portfolio-Modul","h1_caption":"Zeigen Sie Ihre Arbeit in einem anpassbaren Portfolio an, sodass Sie Ihre Projekte und Erfolge m\u00fchelos auf Ihrer Drupal-Website pr\u00e4sentieren k\u00f6nnen.","application_category":[],"applications_title":"","applications_request_title":"","applications_request_button_text":"","hero_text":"","hero_video":"","hero_video_schema_markup":"","selling_points_title":"","selling_points_caption":"","selling_points":[],"selling_points_cta_text":"","features_title":"","features":"","ed_cta_examples_text":"","ed_cta_examples_hidden":"","ed_cta_demo_text":"","ed_cta_demo_hidden":"","why_caption":"","why_editor_title":"","why_editor_text":"","why_team_title":"","why_team_text":"","why_service_title":"","why_service_text":"","template_catalog_visible":"0","template_catalog_title":"","template_catalog_text":"","template_catalog_categories_visible":"","demo_title":"Erstellen Sie Ihr Portfolio-Modul","demo_caption":"Konfigurieren Sie Ihr Portfolio und f\u00fcgen Sie es kostenlos Ihrer Drupal-Website hinzu!","default_faq_hidden":"","app_template_category":[],"platform":"261","template_public_id":"","codecanyon_url":"","codecanyon_item_id":"","codecanyon_price":"","pricing_caption":"","pricing_elfsight_apps_hide_column":"","pricing_elfsight_apps_url":"","pricing_codecanyon_price_caption":"","integration_category":[],"integration_request_title":"","integration_request_cta":"","integration_platform":"","integrations":[],"platform_category":[],"video_schema_markup":"","price":"ab 0 $ \/ Monat","trial":"","benefits":[{"text":"Kostenloser Installationsservice"},{"text":"Au\u00dfergew\u00f6hnlicher Support"},{"text":"14-t\u00e4gige R\u00fcckerstattungsgarantie"},{"text":"Fortlaufende Entwicklung"}],"button_url":"#demo","button_target_blank":"0","button_nofollow":"0","attributes":[{"name":"Installiert","content":"10,000 - 100,000"},{"name":"Reaktionsfreudig","content":"Ja"},{"name":"Kompatible Browser","content":"IE11, Firefox, Safari, Opera, Chrome, Edge"}],"tags":[],"tags_disable_links":"0","hide_more_platforms":"0","video_object":"","demo_hide_cta":"0","demo_hide_cloud_options":"0","pricing_title":"","pricing":[{"pricing_icon":"platform","pricing_title":"Elfsight Apps","pricing_title_caption":"Plattform\u00fcbergreifende Software","pricing_price":"ab 0 $ \/ Monat","pricing_price_caption":"Beginnen Sie mit einem kostenlosen Plan","pricing_benefits":[{"text":"Unbegrenzte Domains"},{"text":"Support rund um die Uhr"},{"text":"Kostenlose Installationsunterst\u00fctzung"},{"text":"Zeitlich begrenztes Angebot f\u00fcr mehrere Apps"}],"pricing_button_text":"Zur Website hinzuf\u00fcgen","pricing_button_url":"#demo"}],"related_apps_title":"","related_apps_hidden":"0","author":"","image":[],"title":"","job":"","social_networks":[]},"_links":{"self":[{"href":"https:\/\/elfsight.com\/de\/wp-json\/wp\/v2\/pages\/9794","targetHints":{"allow":["GET"]}}],"collection":[{"href":"https:\/\/elfsight.com\/de\/wp-json\/wp\/v2\/pages"}],"about":[{"href":"https:\/\/elfsight.com\/de\/wp-json\/wp\/v2\/types\/page"}],"author":[{"embeddable":true,"href":"https:\/\/elfsight.com\/de\/wp-json\/wp\/v2\/users\/9"}],"replies":[{"embeddable":true,"href":"https:\/\/elfsight.com\/de\/wp-json\/wp\/v2\/comments?post=9794"}],"version-history":[{"count":2,"href":"https:\/\/elfsight.com\/de\/wp-json\/wp\/v2\/pages\/9794\/revisions"}],"predecessor-version":[{"id":24777,"href":"https:\/\/elfsight.com\/de\/wp-json\/wp\/v2\/pages\/9794\/revisions\/24777"}],"up":[{"embeddable":true,"href":"https:\/\/elfsight.com\/de\/wp-json\/wp\/v2\/pages\/1344"}],"wp:attachment":[{"href":"https:\/\/elfsight.com\/de\/wp-json\/wp\/v2\/media?parent=9794"}],"curies":[{"name":"wp","href":"https:\/\/api.w.org\/{rel}","templated":true}]}}