{"id":9793,"date":"1970-01-01T00:00:00","date_gmt":"1970-01-01T00:00:00","guid":{"rendered":"https:\/\/elfsight.com\/de\/?page_id=9793"},"modified":"2025-02-24T06:26:18","modified_gmt":"2025-02-24T06:26:18","slug":"elementor","status":"publish","type":"page","link":"https:\/\/elfsight.com\/de\/portfolio-widget\/elementor\/","title":{"rendered":"Portfolio &#8211; Elementor"},"content":{"rendered":"\n<div class=\"application-platform-content-item-description application-platform-content-item\" id=\"description\" data-nav-section=\"description\"><h2>Portfolio auf Elementor mit dem Elfsight-Widget einbetten<\/h2><p>Das Elfsight-Portfolio-Widget hilft jedem, der seine Arbeitssammlung einbetten m\u00f6chte die Website und locken Sie neue Verk\u00e4ufe an. Mit unserem Tool k\u00f6nnen Sie Sammlungen von Bildern, Videos, Zeichnungen und anderen Materialien anzeigen. Jeder Inhalt kann eine detaillierte Beschreibung und ein Datum haben. Sie haben die M\u00f6glichkeit, Projekte mit ihren Websites zu verkn\u00fcpfen und Projekte in Kategorien einzuteilen. Benutzer sehen sich Ihr Projektportfolio an, klicken auf ein Projekt und sehen sich dessen Inhalt direkt auf Ihrer Website an. In der Kopfzeile des Widgets werden Ihr vollst\u00e4ndiger Name, Ihr Bild und Ihre Kontaktdaten angezeigt, die die Kommunikation mit Ihnen erm\u00f6glichen. Die Call-to-Action-Schaltfl\u00e4che f\u00fchrt Benutzer zur Bestellseite und hilft Ihnen, die Verkaufsmenge zu steigern.<\/p><div class=\"faq\" data-component=\"FAQ\"> <div class=\"faq-item\">\r\n\t\t\t\t\t<div class=\"faq-item-question\">\r\n\t\t\t\t\t\t<h3 class=\"faq-item-question-text\">Wo auf meiner Website kann ich das Widget einbetten<\/h3>\r\n\r\n\t\t\t\t\t\t<div class=\"faq-item-question-icon\"><\/div>\r\n\t\t\t\t\t<\/div>\r\n\r\n\t\t\t\t\t<div class=\"faq-item-answer\">\r\n\t\t\t\t\t\t<div class=\"faq-item-answer-text\"><p>Sie kann es auf jeder Seite Ihrer Website sowie auf allen Webseiten integrieren. Ihre faszinierende Portfolio-Vorlage wird auf der Hauptseite der Website alle Aufmerksamkeit erregen und Ihre Dienste auf Portfolio-Seiten visualisieren.<\/p><\/div>\r\n\t\t\t\t\t<\/div>\r\n\t\t\t\t<\/div><div class=\"faq-item\">\r\n\t\t\t\t\t<div class=\"faq-item-question\">\r\n\t\t\t\t\t\t<h3 class=\"faq-item-question-text\">Welche Vorteile hat die Einbettung von Portfolio f\u00fcr mich?<\/h3>\r\n\r\n\t\t\t\t\t\t<div class=\"faq-item-question-icon\"><\/div>\r\n\t\t\t\t\t<\/div>\r\n\r\n\t\t\t\t\t<div class=\"faq-item-answer\">\r\n\t\t\t\t\t\t<div class=\"faq-item-answer-text\"><p>Eine wundersch\u00f6ne Sammlung Ihrer Werke wird Ihren Besuchern all Ihre herausragenden F\u00e4higkeiten und Talente offenbaren. Dadurch werden auch sie begierig darauf, Ihre Dienstleistungen zu bestellen, und Sie werden neue K\u00e4ufe t\u00e4tigen. Dar\u00fcber hinaus erh\u00f6hen Sie dank der praktischen M\u00f6glichkeiten, mit Ihnen in Kontakt zu treten, die Anzahl der Leads.<\/p><\/div>\r\n\t\t\t\t\t<\/div>\r\n\t\t\t\t<\/div><div class=\"faq-item\">\r\n\t\t\t\t\t<div class=\"faq-item-question\">\r\n\t\t\t\t\t\t<h3 class=\"faq-item-question-text\">Was ben\u00f6tige ich, um die Portfolio-Galerie zu meiner Elementor-Website hinzuzuf\u00fcgen?<\/h3>\r\n\r\n\t\t\t\t\t\t<div class=\"faq-item-question-icon\"><\/div>\r\n\t\t\t\t\t<\/div>\r\n\r\n\t\t\t\t\t<div class=\"faq-item-answer\">\r\n\t\t\t\t\t\t<div class=\"faq-item-answer-text\"><p>Die Einrichtung dauert nur eine Minute. Die Installation ist sehr schnell, kostenlos und erfordert keine Programmierung.<\/p><p>Sie k\u00f6nnen \u00fcber unseren Service eine Portfolio-Vorlage auf der Website platzieren. Verwenden Sie dazu unten auf dieser Seite eine kurze Beschreibung.<\/p><\/div>\r\n\t\t\t\t\t<\/div>\r\n\t\t\t\t<\/div><\/div><\/div><div class=\"application-platform-content-item-features application-platform-content-item\" id=\"features\" data-nav-section=\"features\"><h2>Hauptfunktionen des Portfolio-Widgets<\/h2><p>Um eine vollst\u00e4ndige Wahrnehmung von Elementor Photo &amp; Video-Portfolio, sehen Sie sich die Liste seiner wesentlichen Funktionen an. Sie machen das Widget f\u00fcr Ihr Unternehmen optimal nutzbar:<\/p><ul><li>Mehrere Projekte anzeigen und Projekttitel hinzuf\u00fcgen;<\/li><li>Kategorien festlegen und Projekte darin zusammenfassen;<\/li><li> W\u00e4hlen Sie die Datentypen aus, die im Popup und beim Hover angezeigt werden sollen.<\/li><li>Die Option zum Hinzuf\u00fcgen von Beschreibungen und zum Zuweisen von Daten zu den Dateien im Projekt.<\/li><li>Call-to-Action-Schaltfl\u00e4che im Widget Header und leitet Kunden im Popup zu einer beliebigen Seite weiter.<\/li><\/ul><p><a href=\"#demo\">Live-Demo zeigt Ihnen alle Funktionen<\/a><\/p><\/div><div class=\"application-platform-content-item-installation application-platform-content-item\" id=\"installation\" data-nav-section=\"installation\"><h2>So erstellen Sie das Portfolio-Widget f\u00fcr Ihre Elementor-Site<\/h2><div class=\"video-container\"><iframe width=\"560\" height=\"315\" src=\"https:\/\/www.youtube.com\/embed\/H_3LicRtHrY?si=ViI9kCoIqQBRQ9hT\" frameborder=\"0\" allow=\"accelerometer; autoplay; clipboard-write; encrypted-media; gyroscope; picture-in-picture; web-share\" allowfullscreen><\/iframe><\/div><p>Diese verschiedenen Aktionen sind das Einzige, was Sie zum Einrichten ben\u00f6tigen das Plugin auf Ihrer Website. Es wird ein paar Minuten Ihrer Zeit in Anspruch nehmen und erfordert keine Programmierung.<\/p><ol><li><b>Erstellen Sie Ihr personalisiertes Elementor-Portfolio-Plugin<\/b><br> Legen Sie es in unserem kostenlosen Konfigurator fest Erstellen Sie ein Widget mit einer benutzerdefinierten Vorlage und funktionalen Merkmalen.<\/li><li><b>Holen Sie sich den pers\u00f6nlichen Code zur Integration des Plugins<\/b><br> Nachdem Sie Ihr Widget erstellt haben, erhalten Sie den eindeutigen Code von das erscheinende Fenster in Elfsight Apps. Kopieren Sie diesen Code zur sp\u00e4teren Verwendung.<\/li> <li><b>Integrieren Sie das Plugin auf Ihrer Elementor-Website<\/b><br> Gehen Sie zu dem Bereich, zu dem Sie das Widget hinzuf\u00fcgen m\u00f6chten, und f\u00fcgen Sie dort den kopierten Code ein. Ver\u00f6ffentlichen Sie die Ergebnisse.<\/li> <li><b>Sie haben die Installation vollst\u00e4ndig durchgef\u00fchrt<\/b><br> Besuchen Sie die Website, um einen Blick auf Ihr Portfolio zu werfen.<\/li> <\/ol><p>Trotzdem an etwas zweifeln? Oder \u00fcber irgendetwas gestolpert? Nur eine einzige Anfrage an unsere Kundensupport-Abteilung hilft bei jedem Anliegen.<\/p><\/div>\n\n\n\n<p><\/p>\n","protected":false},"excerpt":{"rendered":"","protected":false},"author":9,"featured_media":0,"parent":1344,"menu_order":0,"comment_status":"closed","ping_status":"closed","template":"templates\/template-application-platform.php","meta":{"publish_to_discourse":"","publish_post_category":"","wpdc_auto_publish_overridden":"","wpdc_topic_tags":"","wpdc_pin_topic":"","wpdc_pin_until":"","discourse_post_id":"","discourse_permalink":"","wpdc_publishing_response":"","wpdc_publishing_error":"","footnotes":""},"class_list":["post-9793","page","type-page","status-publish","hentry"],"yoast_head":"<!-- This site is optimized with the Yoast SEO plugin v25.3.1 - https:\/\/yoast.com\/wordpress\/plugins\/seo\/ -->\n<title>Das beste Portfolio-Widget f\u00fcr die Elementor-Website (kostenlos und schnell)<\/title>\n<meta name=\"description\" content=\"Es ist ganz einfach, Ihre Portfolio-Widget-Vorlage zu erstellen und sie Ihrer Elementor-Website hinzuzuf\u00fcgen. Der Elfsight-Kundendienst ist kostenlos und schnell.\" \/>\n<meta name=\"robots\" content=\"index, follow, max-snippet:-1, max-image-preview:large, max-video-preview:-1\" \/>\n<link rel=\"canonical\" href=\"https:\/\/elfsight.com\/de\/portfolio-widget\/elementor\/\" \/>\n<meta property=\"og:locale\" content=\"de_DE\" \/>\n<meta property=\"og:type\" content=\"article\" \/>\n<meta property=\"og:title\" content=\"Das beste Portfolio-Widget f\u00fcr die Elementor-Website (kostenlos und schnell)\" \/>\n<meta property=\"og:description\" content=\"Es ist ganz einfach, Ihre Portfolio-Widget-Vorlage zu erstellen und sie Ihrer Elementor-Website hinzuzuf\u00fcgen. Der Elfsight-Kundendienst ist kostenlos und schnell.\" \/>\n<meta property=\"og:url\" content=\"https:\/\/elfsight.com\/de\/portfolio-widget\/elementor\/\" \/>\n<meta property=\"og:site_name\" content=\"Elfsight DE\" \/>\n<meta property=\"article:modified_time\" content=\"2025-02-24T06:26:18+00:00\" \/>\n<meta name=\"twitter:card\" content=\"summary_large_image\" \/>\n<meta name=\"twitter:label1\" content=\"Gesch\u00e4tzte Lesezeit\" \/>\n\t<meta name=\"twitter:data1\" content=\"3\u00a0Minuten\" \/>\n<!-- \/ Yoast SEO plugin. -->","yoast_head_json":{"title":"Das beste Portfolio-Widget f\u00fcr die Elementor-Website (kostenlos und schnell)","description":"Es ist ganz einfach, Ihre Portfolio-Widget-Vorlage zu erstellen und sie Ihrer Elementor-Website hinzuzuf\u00fcgen. Der Elfsight-Kundendienst ist kostenlos und schnell.","robots":{"index":"index","follow":"follow","max-snippet":"max-snippet:-1","max-image-preview":"max-image-preview:large","max-video-preview":"max-video-preview:-1"},"canonical":"https:\/\/elfsight.com\/de\/portfolio-widget\/elementor\/","og_locale":"de_DE","og_type":"article","og_title":"Das beste Portfolio-Widget f\u00fcr die Elementor-Website (kostenlos und schnell)","og_description":"Es ist ganz einfach, Ihre Portfolio-Widget-Vorlage zu erstellen und sie Ihrer Elementor-Website hinzuzuf\u00fcgen. Der Elfsight-Kundendienst ist kostenlos und schnell.","og_url":"https:\/\/elfsight.com\/de\/portfolio-widget\/elementor\/","og_site_name":"Elfsight DE","article_modified_time":"2025-02-24T06:26:18+00:00","twitter_card":"summary_large_image","twitter_misc":{"Gesch\u00e4tzte Lesezeit":"3\u00a0Minuten"},"schema":{"@context":"https:\/\/schema.org","@graph":[{"@type":"WebPage","@id":"https:\/\/elfsight.com\/de\/portfolio-widget\/elementor\/","url":"https:\/\/elfsight.com\/de\/portfolio-widget\/elementor\/","name":"Das beste Portfolio-Widget f\u00fcr die Elementor-Website (kostenlos und schnell)","isPartOf":{"@id":"https:\/\/elfsight.com\/de\/#website"},"datePublished":"1970-01-01T00:00:00+00:00","dateModified":"2025-02-24T06:26:18+00:00","description":"Es ist ganz einfach, Ihre Portfolio-Widget-Vorlage zu erstellen und sie Ihrer Elementor-Website hinzuzuf\u00fcgen. Der Elfsight-Kundendienst ist kostenlos und schnell.","breadcrumb":{"@id":"https:\/\/elfsight.com\/de\/portfolio-widget\/elementor\/#breadcrumb"},"inLanguage":"de","potentialAction":[{"@type":"ReadAction","target":["https:\/\/elfsight.com\/de\/portfolio-widget\/elementor\/"]}]},{"@type":"BreadcrumbList","@id":"https:\/\/elfsight.com\/de\/portfolio-widget\/elementor\/#breadcrumb","itemListElement":[{"@type":"ListItem","position":1,"name":"Home","item":"https:\/\/elfsight.com\/de\/"},{"@type":"ListItem","position":2,"name":"Portfolio","item":"https:\/\/elfsight.com\/de\/portfolio-widget\/"},{"@type":"ListItem","position":3,"name":"Portfolio &#8211; Elementor"}]},{"@type":"WebSite","@id":"https:\/\/elfsight.com\/de\/#website","url":"https:\/\/elfsight.com\/de\/","name":"Elfsight DE","description":"Just another Elfsight Sites site","potentialAction":[{"@type":"SearchAction","target":{"@type":"EntryPoint","urlTemplate":"https:\/\/elfsight.com\/de\/?s={search_term_string}"},"query-input":{"@type":"PropertyValueSpecification","valueRequired":true,"valueName":"search_term_string"}}],"inLanguage":"de"}]}},"meta_box":{"industry":"","seo_heading":"","heading":"","description":"","cta_heading":"","cta_description":"","application":"491","h1":"Das beste Elementor-Portfolio-Widget","h1_caption":"Zeigen Sie Ihre Arbeit in einem anpassbaren Portfolio an, sodass Sie Ihre Projekte und Erfolge m\u00fchelos auf Ihrer Elementor-Website pr\u00e4sentieren k\u00f6nnen.","application_category":[],"applications_title":"","applications_request_title":"","applications_request_button_text":"","hero_text":"","hero_video":"","hero_video_schema_markup":"","selling_points_title":"","selling_points_caption":"","selling_points":[],"selling_points_cta_text":"","features_title":"","features":"","ed_cta_examples_text":"","ed_cta_examples_hidden":"","ed_cta_demo_text":"","ed_cta_demo_hidden":"","why_caption":"","why_editor_title":"","why_editor_text":"","why_team_title":"","why_team_text":"","why_service_title":"","why_service_text":"","template_catalog_visible":"0","template_catalog_title":"","template_catalog_text":"","template_catalog_categories_visible":"","demo_title":"Erstellen Sie Ihr Portfolio-Widget","demo_caption":"Konfigurieren Sie Ihr Portfolio und f\u00fcgen Sie es kostenlos zu Ihrer Elementor-Website hinzu!","default_faq_hidden":"","app_template_category":[],"platform":"223","template_public_id":"","codecanyon_url":"","codecanyon_item_id":"","codecanyon_price":"","pricing_caption":"","pricing_elfsight_apps_hide_column":"","pricing_elfsight_apps_url":"","pricing_codecanyon_price_caption":"","integration_category":[],"integration_request_title":"","integration_request_cta":"","integration_platform":"","integrations":[],"platform_category":[],"video_schema_markup":"","price":"ab 0 $ \/ Monat","trial":"","benefits":[{"text":"Kostenlose Installationshilfe"},{"text":"Premium-Support"},{"text":"14-t\u00e4gige Geld-zur\u00fcck-Garantie"},{"text":"Regelm\u00e4\u00dfige kostenlose Updates"}],"button_url":"#demo","button_target_blank":"0","button_nofollow":"0","attributes":[{"name":"Installiert","content":"10,000 - 100,000"},{"name":"Reaktionsfreudig","content":"Ja"},{"name":"Kompatible Browser","content":"Firefox, Safari, Opera, Chrome, Edge"}],"tags":[],"tags_disable_links":"0","hide_more_platforms":"0","video_object":"","demo_hide_cta":"0","demo_hide_cloud_options":"0","pricing_title":"","pricing":[{"pricing_icon":"platform","pricing_title":"Elfsight Apps","pricing_title_caption":"Multiplattform-Software, die f\u00fcr jede Website geeignet ist","pricing_price":"ab 0 $ \/ Monat","pricing_price_caption":"Beginnen Sie mit einem kostenlosen Plan","pricing_benefits":[{"text":"Unbegrenzte Websites"},{"text":"Engagierte Unternehmensunterst\u00fctzung und gut dokumentiert"},{"text":"Kostenloser Installationsservice"},{"text":"Preis f\u00fcr mehrere Apps"}],"pricing_button_text":"Zur Website hinzuf\u00fcgen","pricing_button_url":"#demo"}],"related_apps_title":"","related_apps_hidden":"0","author":"","image":[],"title":"","job":"","social_networks":[]},"_links":{"self":[{"href":"https:\/\/elfsight.com\/de\/wp-json\/wp\/v2\/pages\/9793","targetHints":{"allow":["GET"]}}],"collection":[{"href":"https:\/\/elfsight.com\/de\/wp-json\/wp\/v2\/pages"}],"about":[{"href":"https:\/\/elfsight.com\/de\/wp-json\/wp\/v2\/types\/page"}],"author":[{"embeddable":true,"href":"https:\/\/elfsight.com\/de\/wp-json\/wp\/v2\/users\/9"}],"replies":[{"embeddable":true,"href":"https:\/\/elfsight.com\/de\/wp-json\/wp\/v2\/comments?post=9793"}],"version-history":[{"count":3,"href":"https:\/\/elfsight.com\/de\/wp-json\/wp\/v2\/pages\/9793\/revisions"}],"predecessor-version":[{"id":24778,"href":"https:\/\/elfsight.com\/de\/wp-json\/wp\/v2\/pages\/9793\/revisions\/24778"}],"up":[{"embeddable":true,"href":"https:\/\/elfsight.com\/de\/wp-json\/wp\/v2\/pages\/1344"}],"wp:attachment":[{"href":"https:\/\/elfsight.com\/de\/wp-json\/wp\/v2\/media?parent=9793"}],"curies":[{"name":"wp","href":"https:\/\/api.w.org\/{rel}","templated":true}]}}