{"id":9779,"date":"1970-01-01T00:00:00","date_gmt":"1970-01-01T00:00:00","guid":{"rendered":"https:\/\/elfsight.com\/de\/?page_id=9779"},"modified":"2025-07-09T14:17:18","modified_gmt":"2025-07-09T14:17:18","slug":"opencart","status":"publish","type":"page","link":"https:\/\/elfsight.com\/de\/portfolio-widget\/opencart\/","title":{"rendered":"Portfolio &#8211; OpenCart"},"content":{"rendered":"<div class=\"application-platform-content-item-description application-platform-content-item\" id=\"description\" data-nav-section=\"description\"><h2>Beschreibung<\/h2><p>Die Elfsight Portfolio-Erweiterung wurde erstellt, um jedem Benutzer zu helfen, der seine Arbeitsbibliothek auf der Website ver\u00f6ffentlichen und anziehen m\u00f6chte neue Verk\u00e4ufe. Mit dem Tool haben Sie die M\u00f6glichkeit, Bilder, Videoinhalte, Modelle und andere Projektinhalte freizugeben. Jede Projektdatei kann eine ausf\u00fchrliche Beschreibung und ein Datum enthalten. Sie k\u00f6nnen Projekte an Websites binden und Projekte in Kategorien unterteilen. Benutzer sehen Ihr Portfolio, geben jedes Projekt ein und studieren dessen Inhalt direkt auf der Website. In der Kopfzeile werden Ihr vollst\u00e4ndiger Name, Ihr Foto und Ihre Kontaktdaten aufgef\u00fchrt, die Ihnen dabei helfen, mit Ihnen in Kontakt zu treten. Mit der Call-to-Action-Schaltfl\u00e4che gelangen Nutzer zur Bestellseite und k\u00f6nnen Ihre Verk\u00e4ufe steigern.<\/p><div class=\"faq\" data-component=\"FAQ\"> <div class=\"faq-item\">\r\n\t\t\t\t\t<div class=\"faq-item-question\">\r\n\t\t\t\t\t\t<h3 class=\"faq-item-question-text\">Wo kann ich es installieren<\/h3>\r\n\r\n\t\t\t\t\t\t<div class=\"faq-item-question-icon\"><\/div>\r\n\t\t\t\t\t<\/div>\r\n\r\n\t\t\t\t\t<div class=\"faq-item-answer\">\r\n\t\t\t\t\t\t<div class=\"faq-item-answer-text\"><p>Sie k\u00f6nnen es integrieren auf jeder Seite der Website oder auf allen Webseiten. Ihr wunderbares responsives Portfolio wird die Aufmerksamkeit der Besucher auf der Hauptseite der Website auf sich ziehen und kann Ihre Angebote auf den Portfolio-Seiten visuell unterst\u00fctzen.<\/p><\/div>\r\n\t\t\t\t\t<\/div>\r\n\t\t\t\t<\/div><div class=\"faq-item\">\r\n\t\t\t\t\t<div class=\"faq-item-question\">\r\n\t\t\t\t\t\t<h3 class=\"faq-item-question-text\">Welche Vorteile bringt es mir?<\/h3>\r\n\r\n\t\t\t\t\t\t<div class=\"faq-item-question-icon\"><\/div>\r\n\t\t\t\t\t<\/div>\r\n\r\n\t\t\t\t\t<div class=\"faq-item-answer\">\r\n\t\t\t\t\t\t<div class=\"faq-item-answer-text\"><p>Eine wunderbare Sammlung Ihrer Werke wird Ihren Benutzern Ihr hohes K\u00f6nnen und Ihre Kreativit\u00e4t beweisen. Sie werden das Gleiche wollen und Sie werden neue Kunden gewinnen. Dar\u00fcber hinaus werden Sie dank der praktischen M\u00f6glichkeiten, mit Ihnen in Kontakt zu treten, mehr Leads erhalten.<\/p><\/div>\r\n\t\t\t\t\t<\/div>\r\n\t\t\t\t<\/div><div class=\"faq-item\">\r\n\t\t\t\t\t<div class=\"faq-item-question\">\r\n\t\t\t\t\t\t<h3 class=\"faq-item-question-text\">Was ben\u00f6tige ich, um Portfolio auf meiner OpenCart-Website zu installieren?<\/h3>\r\n\r\n\t\t\t\t\t\t<div class=\"faq-item-question-icon\"><\/div>\r\n\t\t\t\t\t<\/div>\r\n\r\n\t\t\t\t\t<div class=\"faq-item-answer\">\r\n\t\t\t\t\t\t<div class=\"faq-item-answer-text\"><p>Es dauert nur zwei Minuten, bis die Erweiterung betriebsbereit ist. Der Integrationsprozess ist superschnell, kostenlos und ohne Programmierung.<\/p><p>Das Modul kann in unseren Service oder auf dem Marktplatz integriert werden. Sie k\u00f6nnen die Vorteile beider Optionen vergleichen und die passendere ausw\u00e4hlen.<\/p><\/div>\r\n\t\t\t\t\t<\/div>\r\n\t\t\t\t<\/div><\/div><\/div><div class=\"application-platform-content-item-features application-platform-content-item\" id=\"features\" data-nav-section=\"features\"><h2>Funktionen<\/h2><p>Zu haben Um ein klares Verst\u00e4ndnis der OpenCart Portfolio-Erweiterung zu erlangen, entdecken Sie die Liste ihrer wesentlichen Merkmale. Sie machen das Modul f\u00fcr Ihre Website unglaublich n\u00fctzlich:<\/p><ul><li>F\u00fcgen Sie mehrere Projekte hinzu und f\u00fcgen Sie Projekttitel hinzu;<\/li><li>Erstellen Sie Gruppen und vereinen Sie Projekte zu ihnen;<\/li><li> Legen Sie die Datentypen fest, die im Popup und beim Hover angezeigt werden sollen.<\/li><li>Die Option zum Schreiben von Beschreibungen und zum Zuweisen von Daten zu den Dateien im Projekt.<\/li><li>Aktive Schaltfl\u00e4che in der Kopfzeile und in Popup-Takes Kunden auf jede Website.<\/li><\/ul><p><a href=\"#demo\">Eine vollst\u00e4ndige Liste der Funktionen finden Sie in unserer Live-Demo<\/a><\/p><\/div><div class=\"application-platform-content-item-installation application-platform-content-item\" id=\"installation\" data-nav-section=\"installation\"><h2>So f\u00fcgen Sie die Portfolio-Erweiterung zu Ihrer OpenCart-Website hinzu<\/h2><p>F\u00fchren Sie einfach die unten beschriebenen Schritte aus, um das Widget zu OpenCart hinzuzuf\u00fcgen.<\/p> <ol><li><b>Starten Sie unsere kostenlose Demo und beginnen Sie mit der Erstellung Ihrer einzigartigen Erweiterung. <\/b><br> Geben Sie das gew\u00fcnschte Aussehen und die gew\u00fcnschten Spezifikationen der Erweiterung an und wenden Sie die \u00c4nderungen an. <\/li> <li><b>Erhalten Sie den eindeutigen Code, der in der Box auf Elfsight Apps angezeigt wird. <\/b><br> Sobald die Einrichtung Ihrer pers\u00f6nlichen Portfolio-Erweiterung abgeschlossen ist, kopieren Sie den exklusiven Code im angezeigten Popup und bewahren Sie ihn f\u00fcr die zuk\u00fcnftige Verwendung auf. <\/li> <li><b>Initiieren Sie die Anwendung des Tools auf Ihrer OpenCart-Website. <\/b><br> Platzieren Sie den Code, den Sie k\u00fcrzlich gespeichert haben, auf Ihrer Website und \u00fcbernehmen Sie die Anpassungen. <\/li> <li><b>Du bist fertig! Die Einbettung ist vollst\u00e4ndig durchgef\u00fchrt. <\/b><br> Besuchen Sie Ihre Website, um die Funktion des Widgets zu \u00fcberpr\u00fcfen. <\/li><\/ol> <p>Immer noch nicht entschieden? Oder haben Sie Fragen? Nur eine einzige Anfrage an unser Kundensupport-Team hilft bei jedem Problem.<\/p><\/div>","protected":false},"excerpt":{"rendered":"","protected":false},"author":9,"featured_media":0,"parent":1344,"menu_order":0,"comment_status":"closed","ping_status":"closed","template":"templates\/template-application-platform.php","meta":{"publish_to_discourse":"","publish_post_category":"","wpdc_auto_publish_overridden":"","wpdc_topic_tags":"","wpdc_pin_topic":"","wpdc_pin_until":"","discourse_post_id":"","discourse_permalink":"","wpdc_publishing_response":"","wpdc_publishing_error":"","footnotes":""},"class_list":["post-9779","page","type-page","status-publish","hentry"],"yoast_head":"<!-- This site is optimized with the Yoast SEO plugin v25.3.1 - https:\/\/yoast.com\/wordpress\/plugins\/seo\/ -->\n<title>Die beste Portfolio-Erweiterung f\u00fcr die OpenCart-Website (kostenlos und schnell)<\/title>\n<meta name=\"description\" content=\"Erstellen Sie eine Portfolio-Erweiterung und f\u00fcgen Sie sie Ihrer OpenCart-Website hinzu. Erhalten Sie kostenlosen Kundensupport und andere Verg\u00fcnstigungen von Elfsight.\" \/>\n<meta name=\"robots\" content=\"index, follow, max-snippet:-1, max-image-preview:large, max-video-preview:-1\" \/>\n<link rel=\"canonical\" href=\"https:\/\/elfsight.com\/de\/portfolio-widget\/opencart\/\" \/>\n<meta property=\"og:locale\" content=\"de_DE\" \/>\n<meta property=\"og:type\" content=\"article\" \/>\n<meta property=\"og:title\" content=\"Die beste Portfolio-Erweiterung f\u00fcr die OpenCart-Website (kostenlos und schnell)\" \/>\n<meta property=\"og:description\" content=\"Erstellen Sie eine Portfolio-Erweiterung und f\u00fcgen Sie sie Ihrer OpenCart-Website hinzu. Erhalten Sie kostenlosen Kundensupport und andere Verg\u00fcnstigungen von Elfsight.\" \/>\n<meta property=\"og:url\" content=\"https:\/\/elfsight.com\/de\/portfolio-widget\/opencart\/\" \/>\n<meta property=\"og:site_name\" content=\"Elfsight DE\" \/>\n<meta property=\"article:modified_time\" content=\"2025-07-09T14:17:18+00:00\" \/>\n<meta name=\"twitter:card\" content=\"summary_large_image\" \/>\n<meta name=\"twitter:label1\" content=\"Gesch\u00e4tzte Lesezeit\" \/>\n\t<meta name=\"twitter:data1\" content=\"3\u00a0Minuten\" \/>\n<!-- \/ Yoast SEO plugin. -->","yoast_head_json":{"title":"Die beste Portfolio-Erweiterung f\u00fcr die OpenCart-Website (kostenlos und schnell)","description":"Erstellen Sie eine Portfolio-Erweiterung und f\u00fcgen Sie sie Ihrer OpenCart-Website hinzu. Erhalten Sie kostenlosen Kundensupport und andere Verg\u00fcnstigungen von Elfsight.","robots":{"index":"index","follow":"follow","max-snippet":"max-snippet:-1","max-image-preview":"max-image-preview:large","max-video-preview":"max-video-preview:-1"},"canonical":"https:\/\/elfsight.com\/de\/portfolio-widget\/opencart\/","og_locale":"de_DE","og_type":"article","og_title":"Die beste Portfolio-Erweiterung f\u00fcr die OpenCart-Website (kostenlos und schnell)","og_description":"Erstellen Sie eine Portfolio-Erweiterung und f\u00fcgen Sie sie Ihrer OpenCart-Website hinzu. Erhalten Sie kostenlosen Kundensupport und andere Verg\u00fcnstigungen von Elfsight.","og_url":"https:\/\/elfsight.com\/de\/portfolio-widget\/opencart\/","og_site_name":"Elfsight DE","article_modified_time":"2025-07-09T14:17:18+00:00","twitter_card":"summary_large_image","twitter_misc":{"Gesch\u00e4tzte Lesezeit":"3\u00a0Minuten"},"schema":{"@context":"https:\/\/schema.org","@graph":[{"@type":"WebPage","@id":"https:\/\/elfsight.com\/de\/portfolio-widget\/opencart\/","url":"https:\/\/elfsight.com\/de\/portfolio-widget\/opencart\/","name":"Die beste Portfolio-Erweiterung f\u00fcr die OpenCart-Website (kostenlos und schnell)","isPartOf":{"@id":"https:\/\/elfsight.com\/de\/#website"},"datePublished":"1970-01-01T00:00:00+00:00","dateModified":"2025-07-09T14:17:18+00:00","description":"Erstellen Sie eine Portfolio-Erweiterung und f\u00fcgen Sie sie Ihrer OpenCart-Website hinzu. Erhalten Sie kostenlosen Kundensupport und andere Verg\u00fcnstigungen von Elfsight.","breadcrumb":{"@id":"https:\/\/elfsight.com\/de\/portfolio-widget\/opencart\/#breadcrumb"},"inLanguage":"de","potentialAction":[{"@type":"ReadAction","target":["https:\/\/elfsight.com\/de\/portfolio-widget\/opencart\/"]}]},{"@type":"BreadcrumbList","@id":"https:\/\/elfsight.com\/de\/portfolio-widget\/opencart\/#breadcrumb","itemListElement":[{"@type":"ListItem","position":1,"name":"Home","item":"https:\/\/elfsight.com\/de\/"},{"@type":"ListItem","position":2,"name":"Portfolio","item":"https:\/\/elfsight.com\/de\/portfolio-widget\/"},{"@type":"ListItem","position":3,"name":"Portfolio &#8211; OpenCart"}]},{"@type":"WebSite","@id":"https:\/\/elfsight.com\/de\/#website","url":"https:\/\/elfsight.com\/de\/","name":"Elfsight DE","description":"Just another Elfsight Sites site","potentialAction":[{"@type":"SearchAction","target":{"@type":"EntryPoint","urlTemplate":"https:\/\/elfsight.com\/de\/?s={search_term_string}"},"query-input":{"@type":"PropertyValueSpecification","valueRequired":true,"valueName":"search_term_string"}}],"inLanguage":"de"}]}},"meta_box":{"industry":"","seo_heading":"","heading":"","description":"","cta_heading":"","cta_description":"","application":"491","h1":"OpenCart Portfolio-Erweiterung","h1_caption":"Zeigen Sie Ihre Arbeit in einem anpassbaren Portfolio an, sodass Sie Ihre Projekte und Erfolge ganz einfach und m\u00fchelos auf Ihrer Opencart-Website pr\u00e4sentieren k\u00f6nnen.","application_category":[],"applications_title":"","applications_request_title":"","applications_request_button_text":"","hero_text":"","hero_video":"","hero_video_schema_markup":"","selling_points_title":"","selling_points_caption":"","selling_points":[],"selling_points_cta_text":"","features_title":"","features":"","ed_cta_examples_text":"","ed_cta_examples_hidden":"","ed_cta_demo_text":"","ed_cta_demo_hidden":"","why_caption":"","why_editor_title":"","why_editor_text":"","why_team_title":"","why_team_text":"","why_service_title":"","why_service_text":"","template_catalog_visible":"","template_catalog_title":"","template_catalog_text":"","template_catalog_categories_visible":"","demo_title":"Erstellen Sie Ihre Portfolio-Erweiterung","demo_caption":"Konfigurieren Sie Ihr Portfolio und f\u00fcgen Sie es kostenlos zu Ihrer OpenCart-Website hinzu!","default_faq_hidden":"","app_template_category":[],"platform":"254","template_public_id":"","codecanyon_url":"","codecanyon_item_id":"","codecanyon_price":"","pricing_caption":"","pricing_elfsight_apps_hide_column":"","pricing_elfsight_apps_url":"","pricing_codecanyon_price_caption":"","integration_category":[],"integration_request_title":"","integration_request_cta":"","integration_platform":"","integrations":[],"platform_category":[],"video_schema_markup":"","price":"ab 0 $ \/ Monat","trial":"","benefits":[{"text":"Kostenlose Installationshilfe"},{"text":"Professioneller Kundenservice"},{"text":"14-t\u00e4gige Geld-zur\u00fcck-Garantie"},{"text":"Kontinuierliche Verbesserungen"}],"button_url":"#demo","button_target_blank":"","button_nofollow":"","attributes":[{"name":"Installiert","content":"10,000 - 100,000"},{"name":"Reaktionsfreudig","content":"Ja"},{"name":"Kompatible Browser","content":"Chrome, Firefox, Opera, Edge, Safari"}],"tags":[],"tags_disable_links":"","hide_more_platforms":"","video_object":"","demo_hide_cta":"","demo_hide_cloud_options":"","pricing_title":"","pricing":[{"pricing_icon":"platform","pricing_title":"Elfsight Apps","pricing_title_caption":"Plattform\u00fcbergreifende L\u00f6sung, die auf jeder Website funktioniert","pricing_price":"ab 0 $ \/ Monat","pricing_price_caption":"Beginnen Sie mit einem kostenlosen Plan","pricing_benefits":[{"text":"Unbegrenzte Websites"},{"text":"Engagierter Kundensupport"},{"text":"Kostenlose Installationsunterst\u00fctzung"},{"text":"100 % anpassbar"}],"pricing_button_text":"Zur Website hinzuf\u00fcgen","pricing_button_url":"#demo"}],"related_apps_title":"","related_apps_hidden":"","author":"","image":[],"title":"","job":"","social_networks":[]},"_links":{"self":[{"href":"https:\/\/elfsight.com\/de\/wp-json\/wp\/v2\/pages\/9779","targetHints":{"allow":["GET"]}}],"collection":[{"href":"https:\/\/elfsight.com\/de\/wp-json\/wp\/v2\/pages"}],"about":[{"href":"https:\/\/elfsight.com\/de\/wp-json\/wp\/v2\/types\/page"}],"author":[{"embeddable":true,"href":"https:\/\/elfsight.com\/de\/wp-json\/wp\/v2\/users\/9"}],"replies":[{"embeddable":true,"href":"https:\/\/elfsight.com\/de\/wp-json\/wp\/v2\/comments?post=9779"}],"version-history":[{"count":1,"href":"https:\/\/elfsight.com\/de\/wp-json\/wp\/v2\/pages\/9779\/revisions"}],"predecessor-version":[{"id":9783,"href":"https:\/\/elfsight.com\/de\/wp-json\/wp\/v2\/pages\/9779\/revisions\/9783"}],"up":[{"embeddable":true,"href":"https:\/\/elfsight.com\/de\/wp-json\/wp\/v2\/pages\/1344"}],"wp:attachment":[{"href":"https:\/\/elfsight.com\/de\/wp-json\/wp\/v2\/media?parent=9779"}],"curies":[{"name":"wp","href":"https:\/\/api.w.org\/{rel}","templated":true}]}}