{"id":9778,"date":"1970-01-01T00:00:00","date_gmt":"1970-01-01T00:00:00","guid":{"rendered":"https:\/\/elfsight.com\/de\/?page_id=9778"},"modified":"2025-02-24T08:37:45","modified_gmt":"2025-02-24T08:37:45","slug":"shopify","status":"publish","type":"page","link":"https:\/\/elfsight.com\/de\/portfolio-widget\/shopify\/","title":{"rendered":"Portfolio &#8211; Shopify"},"content":{"rendered":"\n<div class=\"application-platform-content-item-description application-platform-content-item\" id=\"description\" data-nav-section=\"description\"><h2>Portfolio auf Shopify mit dem Elfsight-Widget einbetten<\/h2><p>Das Elfsight-Portfolio wird f\u00fcr jede Person erstellt, die ihre Arbeitssammlung anzeigen m\u00f6chte auf der Website und gewinnen Sie mehr Neukunden. Mit unserem Tool k\u00f6nnen Sie ausgew\u00e4hlte Bilder, Videos, Skizzen und andere Materialien erneut versenden. Jede Projektdatei kann einen ausf\u00fchrlichen Text und ein Datum enthalten. Sie k\u00f6nnen Projekte an ihre Websites binden und Projekte in Kategorien einteilen. Website-Besucher sehen Ihr Portfolio, geben jedes Projekt ein und sehen sich dessen Inhalt direkt auf Ihrer Website an. In der Kopfzeile werden Ihr Name, Ihr Bild und Ihre Kontaktdaten angezeigt, die Ihnen bei der Kommunikation helfen. Mit der Call-to-Action-Schaltfl\u00e4che gelangen Benutzer zur Bestellseite und helfen Ihnen, den Umsatz zu steigern.<\/p><div class=\"faq\" data-component=\"FAQ\"> <div class=\"faq-item\">\r\n\t\t\t\t\t<div class=\"faq-item-question\">\r\n\t\t\t\t\t\t<h3 class=\"faq-item-question-text\">Wo auf meiner Website kann ich die App installieren<\/h3>\r\n\r\n\t\t\t\t\t\t<div class=\"faq-item-question-icon\"><\/div>\r\n\t\t\t\t\t<\/div>\r\n\r\n\t\t\t\t\t<div class=\"faq-item-answer\">\r\n\t\t\t\t\t\t<div class=\"faq-item-answer-text\"><p>Die Die App kann auf jeder Seite der Website sowie auf allen Webseiten eingef\u00fcgt werden. Ihre ansprechende responsive Portfolio-Galerie erregt die Aufmerksamkeit der Besucher, wird auf der Hauptseite der Website ver\u00f6ffentlicht und kann Ihre Angebote auf Portfolio-Seiten visuell unterst\u00fctzen.<\/p><\/div>\r\n\t\t\t\t\t<\/div>\r\n\t\t\t\t<\/div><div class=\"faq-item\">\r\n\t\t\t\t\t<div class=\"faq-item-question\">\r\n\t\t\t\t\t\t<h3 class=\"faq-item-question-text\">Welche Vorteile hat die Verwendung f\u00fcr mich? ?<\/h3>\r\n\r\n\t\t\t\t\t\t<div class=\"faq-item-question-icon\"><\/div>\r\n\t\t\t\t\t<\/div>\r\n\r\n\t\t\t\t\t<div class=\"faq-item-answer\">\r\n\t\t\t\t\t\t<div class=\"faq-item-answer-text\"><p>Ein wunderbares Portfolio mit Ihren Werken wird den Besuchern Ihr gro\u00dfes K\u00f6nnen und Ihre Kreativit\u00e4t beweisen. Sie werden kauffreudig und Sie gewinnen neue Kunden. Dar\u00fcber hinaus werden Sie mit der einfachen M\u00f6glichkeit, Sie mit einem Klick zu kontaktieren, mehr Leads gewinnen.<\/p><\/div>\r\n\t\t\t\t\t<\/div>\r\n\t\t\t\t<\/div><div class=\"faq-item\">\r\n\t\t\t\t\t<div class=\"faq-item-question\">\r\n\t\t\t\t\t\t<h3 class=\"faq-item-question-text\">Wie bette ich Portfolio auf meiner Shopify-Website ein?<\/h3>\r\n\r\n\t\t\t\t\t\t<div class=\"faq-item-question-icon\"><\/div>\r\n\t\t\t\t\t<\/div>\r\n\r\n\t\t\t\t\t<div class=\"faq-item-answer\">\r\n\t\t\t\t\t\t<div class=\"faq-item-answer-text\"><p>It Die Nutzung der App dauert nur eine Minute. Es ist wirklich schnell, kostenlos und erfordert keine Programmierung.<\/p><p>Das Widget kann direkt \u00fcber unseren Service oder \u00fcber den Marktplatz eingebettet werden. Sie k\u00f6nnen die Vorteile dieser Optionen vergleichen und Ihre eigene ausw\u00e4hlen.<\/p><\/div>\r\n\t\t\t\t\t<\/div>\r\n\t\t\t\t<\/div><\/div><\/div><div class=\"application-platform-content-item-features application-platform-content-item\" id=\"features\" data-nav-section=\"features\"><h2>Hauptfunktionen des Portfolio-Widgets<\/h2><p>Um eine klarere Wahrnehmung des Shopify-Portfolios zu schaffen, sehen Sie sich die Liste der wichtigsten Merkmale an. Sie machen diese App f\u00fcr Ihre Werbung unglaublich effizient:<\/p><ul><li>F\u00fcgen Sie mehrere Projekte mit Titeln hinzu;<\/li><li>Legen Sie Gruppen fest und teilen Sie Projekte darauf auf;<\/li><li>W\u00e4hlen Sie die aus Arten von Daten, die im Popup und im Hover angezeigt werden sollen;<\/li><li>Beschreibungen hinzuf\u00fcgen und Daten zu allen Arbeiten im Projekt hinzuf\u00fcgen;<\/li><li>Aktive Schaltfl\u00e4che in der Kopfzeile und im Popup leitet Kunden zu einer beliebigen Seite weiter. <\/li><\/ul><p><a href=\"#demo\">Entdecken Sie alle Funktionen in der Live-Demo<\/a><\/p><\/div><div class=\"application-platform-content-item-installation application-platform-content-item\" id=\"installation\" data-nav-section=\"installation\"><h2>Wie um die Portfolio-App zu Ihrem Shopify-Shop hinzuzuf\u00fcgen<\/h2><div class=\"video-container\"><iframe width=\"560\" height=\"315\" src=\"https:\/\/www.youtube.com\/embed\/XuJ0OIsxY2Y?si=fSEGAUT8B1ZgKdlO\" frameborder=\"0\" allow=\"accelerometer; autoplay; clipboard-write; encrypted-media; gyroscope; picture-in-picture; web-share\" allowfullscreen><\/iframe><\/div><p>Die folgenden Aktionen sind alles, was Sie tun m\u00fcssen: <\/p><ol><li><b>Verwenden Sie unseren kostenlosen Editor und beginnen Sie mit der Erstellung Ihrer eigenen App. <\/b><br> Bestimmen Sie das benutzerdefinierte Formular und die Parameter der App und \u00fcbernehmen Sie alle \u00c4nderungen. <\/li> <li><b>Sie erhalten den pers\u00f6nlichen Code, der im Fenster von Elfsight Apps angezeigt wird. <\/b><br> Direkt nachdem die Konfiguration Ihrer pers\u00f6nlichen App abgeschlossen ist, kopieren Sie Ihren Code im angezeigten Popup und speichern Sie ihn zur weiteren Verwendung. <\/li> <li><b>Initiieren Sie den Einsatz der App auf der Shopify-Website. <\/b><br> Platzieren Sie den Code, den Sie k\u00fcrzlich gespeichert haben, auf Ihrer Seite und \u00fcbernehmen Sie die \u00c4nderungen. <\/li> <li><b>Die Installation wurde erfolgreich durchgef\u00fchrt. <\/b><br> Besuchen Sie Ihre Website, um die Funktionsweise der App anzuzeigen. <\/li><\/ol><p>Haben Sie noch Zweifel? Oder \u00fcber irgendetwas gestolpert? Mit nur einer einzigen Anfrage an unser Support-Team k\u00f6nnen alle Fragen gekl\u00e4rt werden.<\/p><\/div>\n","protected":false},"excerpt":{"rendered":"","protected":false},"author":9,"featured_media":0,"parent":1344,"menu_order":0,"comment_status":"closed","ping_status":"closed","template":"templates\/template-application-platform.php","meta":{"publish_to_discourse":"","publish_post_category":"","wpdc_auto_publish_overridden":"","wpdc_topic_tags":"","wpdc_pin_topic":"","wpdc_pin_until":"","discourse_post_id":"","discourse_permalink":"","wpdc_publishing_response":"","wpdc_publishing_error":"","footnotes":""},"class_list":["post-9778","page","type-page","status-publish","hentry"],"yoast_head":"<!-- This site is optimized with the Yoast SEO plugin v25.3.1 - https:\/\/yoast.com\/wordpress\/plugins\/seo\/ -->\n<title>Shopify-Portfolio | Die beste Portfolio-App f\u00fcr die Shopify-Website (kostenlos und schnell)<\/title>\n<meta name=\"description\" content=\"Es ist ganz einfach, Ihre Portfolio-App zu erstellen und auf der Shopify-Website zu platzieren. Der Elfsight-Kundensupport ist kostenlos und schnell.\" \/>\n<meta name=\"robots\" content=\"index, follow, max-snippet:-1, max-image-preview:large, max-video-preview:-1\" \/>\n<link rel=\"canonical\" href=\"https:\/\/elfsight.com\/de\/portfolio-widget\/shopify\/\" \/>\n<meta property=\"og:locale\" content=\"de_DE\" \/>\n<meta property=\"og:type\" content=\"article\" \/>\n<meta property=\"og:title\" content=\"Shopify-Portfolio | Die beste Portfolio-App f\u00fcr die Shopify-Website (kostenlos und schnell)\" \/>\n<meta property=\"og:description\" content=\"Es ist ganz einfach, Ihre Portfolio-App zu erstellen und auf der Shopify-Website zu platzieren. Der Elfsight-Kundensupport ist kostenlos und schnell.\" \/>\n<meta property=\"og:url\" content=\"https:\/\/elfsight.com\/de\/portfolio-widget\/shopify\/\" \/>\n<meta property=\"og:site_name\" content=\"Elfsight DE\" \/>\n<meta property=\"article:modified_time\" content=\"2025-02-24T08:37:45+00:00\" \/>\n<meta name=\"twitter:card\" content=\"summary_large_image\" \/>\n<meta name=\"twitter:label1\" content=\"Gesch\u00e4tzte Lesezeit\" \/>\n\t<meta name=\"twitter:data1\" content=\"3\u00a0Minuten\" \/>\n<!-- \/ Yoast SEO plugin. -->","yoast_head_json":{"title":"Shopify-Portfolio | Die beste Portfolio-App f\u00fcr die Shopify-Website (kostenlos und schnell)","description":"Es ist ganz einfach, Ihre Portfolio-App zu erstellen und auf der Shopify-Website zu platzieren. Der Elfsight-Kundensupport ist kostenlos und schnell.","robots":{"index":"index","follow":"follow","max-snippet":"max-snippet:-1","max-image-preview":"max-image-preview:large","max-video-preview":"max-video-preview:-1"},"canonical":"https:\/\/elfsight.com\/de\/portfolio-widget\/shopify\/","og_locale":"de_DE","og_type":"article","og_title":"Shopify-Portfolio | Die beste Portfolio-App f\u00fcr die Shopify-Website (kostenlos und schnell)","og_description":"Es ist ganz einfach, Ihre Portfolio-App zu erstellen und auf der Shopify-Website zu platzieren. Der Elfsight-Kundensupport ist kostenlos und schnell.","og_url":"https:\/\/elfsight.com\/de\/portfolio-widget\/shopify\/","og_site_name":"Elfsight DE","article_modified_time":"2025-02-24T08:37:45+00:00","twitter_card":"summary_large_image","twitter_misc":{"Gesch\u00e4tzte Lesezeit":"3\u00a0Minuten"},"schema":{"@context":"https:\/\/schema.org","@graph":[{"@type":"WebPage","@id":"https:\/\/elfsight.com\/de\/portfolio-widget\/shopify\/","url":"https:\/\/elfsight.com\/de\/portfolio-widget\/shopify\/","name":"Shopify-Portfolio | Die beste Portfolio-App f\u00fcr die Shopify-Website (kostenlos und schnell)","isPartOf":{"@id":"https:\/\/elfsight.com\/de\/#website"},"datePublished":"1970-01-01T00:00:00+00:00","dateModified":"2025-02-24T08:37:45+00:00","description":"Es ist ganz einfach, Ihre Portfolio-App zu erstellen und auf der Shopify-Website zu platzieren. Der Elfsight-Kundensupport ist kostenlos und schnell.","breadcrumb":{"@id":"https:\/\/elfsight.com\/de\/portfolio-widget\/shopify\/#breadcrumb"},"inLanguage":"de","potentialAction":[{"@type":"ReadAction","target":["https:\/\/elfsight.com\/de\/portfolio-widget\/shopify\/"]}]},{"@type":"BreadcrumbList","@id":"https:\/\/elfsight.com\/de\/portfolio-widget\/shopify\/#breadcrumb","itemListElement":[{"@type":"ListItem","position":1,"name":"Home","item":"https:\/\/elfsight.com\/de\/"},{"@type":"ListItem","position":2,"name":"Portfolio","item":"https:\/\/elfsight.com\/de\/portfolio-widget\/"},{"@type":"ListItem","position":3,"name":"Portfolio &#8211; Shopify"}]},{"@type":"WebSite","@id":"https:\/\/elfsight.com\/de\/#website","url":"https:\/\/elfsight.com\/de\/","name":"Elfsight DE","description":"Just another Elfsight Sites site","potentialAction":[{"@type":"SearchAction","target":{"@type":"EntryPoint","urlTemplate":"https:\/\/elfsight.com\/de\/?s={search_term_string}"},"query-input":{"@type":"PropertyValueSpecification","valueRequired":true,"valueName":"search_term_string"}}],"inLanguage":"de"}]}},"meta_box":{"industry":"","seo_heading":"","heading":"","description":"","cta_heading":"","cta_description":"","application":"491","h1":"Die beste Shopify Portfolio-App","h1_caption":"Pr\u00e4sentieren Sie Ihre Arbeit in einem anpassbaren Portfolio, sodass Sie Ihre Projekte und Erfolge ganz einfach und m\u00fchelos auf Ihrer Shopify-Website pr\u00e4sentieren k\u00f6nnen.","application_category":[],"applications_title":"","applications_request_title":"","applications_request_button_text":"","hero_text":"","hero_video":"","hero_video_schema_markup":"","selling_points_title":"","selling_points_caption":"","selling_points":[],"selling_points_cta_text":"","features_title":"","features":"","ed_cta_examples_text":"","ed_cta_examples_hidden":"","ed_cta_demo_text":"","ed_cta_demo_hidden":"","why_caption":"","why_editor_title":"","why_editor_text":"","why_team_title":"","why_team_text":"","why_service_title":"","why_service_text":"","template_catalog_visible":"0","template_catalog_title":"","template_catalog_text":"","template_catalog_categories_visible":"","demo_title":"Erstellen Sie Ihre Portfolio-App","demo_caption":"Konfigurieren Sie Ihr Portfolio und f\u00fcgen Sie es kostenlos zu Ihrer Shopify-Website hinzu!","default_faq_hidden":"","app_template_category":[],"platform":"253","template_public_id":"","codecanyon_url":"","codecanyon_item_id":"","codecanyon_price":"","pricing_caption":"","pricing_elfsight_apps_hide_column":"","pricing_elfsight_apps_url":"","pricing_codecanyon_price_caption":"","integration_category":[],"integration_request_title":"","integration_request_cta":"","integration_platform":"","integrations":[],"platform_category":[],"video_schema_markup":"","price":"ab 0 $ \/ Monat","trial":"","benefits":[{"text":"Kostenloser Installationsservice"},{"text":"Premium-Support"},{"text":"14-t\u00e4gige Geld-zur\u00fcck-Garantie"},{"text":"Kontinuierliche kostenlose Updates"}],"button_url":"#demo","button_target_blank":"0","button_nofollow":"0","attributes":[{"name":"Installiert","content":"10,000 - 100,000"},{"name":"Reaktionsfreudig","content":"Ja"},{"name":"Kompatible Browser","content":"Firefox, Safari, Opera, Chrome, Edge"}],"tags":[],"tags_disable_links":"0","hide_more_platforms":"0","video_object":"","demo_hide_cta":"0","demo_hide_cloud_options":"0","pricing_title":"","pricing":[{"pricing_icon":"platform","pricing_title":"Elfsight Apps","pricing_title_caption":"Plattform\u00fcbergreifende Version, die auf jeder Website funktioniert","pricing_price":"ab 0 $ \/ Monat","pricing_price_caption":"Beginnen Sie mit einem kostenlosen Plan","pricing_benefits":[{"text":"Unbegrenzte Websites"},{"text":"Premium-Support"},{"text":"Kostenloser Installationsservice"},{"text":"Sonderangebot f\u00fcr mehrere Apps"}],"pricing_button_text":"Zur Website hinzuf\u00fcgen","pricing_button_url":"#demo"}],"related_apps_title":"","related_apps_hidden":"0","author":"","image":[],"title":"","job":"","social_networks":[]},"_links":{"self":[{"href":"https:\/\/elfsight.com\/de\/wp-json\/wp\/v2\/pages\/9778","targetHints":{"allow":["GET"]}}],"collection":[{"href":"https:\/\/elfsight.com\/de\/wp-json\/wp\/v2\/pages"}],"about":[{"href":"https:\/\/elfsight.com\/de\/wp-json\/wp\/v2\/types\/page"}],"author":[{"embeddable":true,"href":"https:\/\/elfsight.com\/de\/wp-json\/wp\/v2\/users\/9"}],"replies":[{"embeddable":true,"href":"https:\/\/elfsight.com\/de\/wp-json\/wp\/v2\/comments?post=9778"}],"version-history":[{"count":3,"href":"https:\/\/elfsight.com\/de\/wp-json\/wp\/v2\/pages\/9778\/revisions"}],"predecessor-version":[{"id":24782,"href":"https:\/\/elfsight.com\/de\/wp-json\/wp\/v2\/pages\/9778\/revisions\/24782"}],"up":[{"embeddable":true,"href":"https:\/\/elfsight.com\/de\/wp-json\/wp\/v2\/pages\/1344"}],"wp:attachment":[{"href":"https:\/\/elfsight.com\/de\/wp-json\/wp\/v2\/media?parent=9778"}],"curies":[{"name":"wp","href":"https:\/\/api.w.org\/{rel}","templated":true}]}}