{"id":9777,"date":"1970-01-01T00:00:00","date_gmt":"1970-01-01T00:00:00","guid":{"rendered":"https:\/\/elfsight.com\/de\/?page_id=9777"},"modified":"2025-02-24T08:39:39","modified_gmt":"2025-02-24T08:39:39","slug":"squarespace","status":"publish","type":"page","link":"https:\/\/elfsight.com\/de\/portfolio-widget\/squarespace\/","title":{"rendered":"Portfolio &#8211; Squarespace"},"content":{"rendered":"\n<div class=\"application-platform-content-item-description application-platform-content-item\" id=\"description\" data-nav-section=\"description\"><h2>Portfolio auf Squarespace mit dem Elfsight-Widget einbetten<\/h2><p>Das Elfsight Portfolio-Plugin ist f\u00fcr jeden Benutzer konzipiert, der sein professionelles Produkt einbetten m\u00f6chte Arbeiten Sie an der Website und gewinnen Sie neue Kunden. Mit Hilfe des Elfsight-Widgets haben Sie die M\u00f6glichkeit, eine Auswahl an Aufnahmen, Videoinhalten, Schemata und anderen visuellen Materialien anzuzeigen. Jeder Projektdatei kann eine vollst\u00e4ndige Beschreibung und ein Datum beigef\u00fcgt werden. Sie haben die M\u00f6glichkeit, Projekte mit ihren Websites zu verlinken und Projekte in Gruppen zu verbreiten. Ihr Publikum pr\u00fcft Ihr Projektportfolio, klickt auf ein Projekt und studiert dessen Inhalt direkt auf der Startseite. In der Kopfzeile des Widgets werden Ihr Name, Ihr Foto und Ihre Kontaktdaten angezeigt, was die Kontaktaufnahme zu Ihnen erleichtert. Der Call-to-Action-Button f\u00fchrt die Leute zur Kaufseite und hilft Ihnen, den Umsatz zu steigern. <\/p><div class=\"faq\" data-component=\"FAQ\"><div class=\"faq-item\">\r\n\t\t\t\t\t<div class=\"faq-item-question\">\r\n\t\t\t\t\t\t<h3 class=\"faq-item-question-text\">Wie kann ich ein Portfolio in die Squarespace-Site einbetten? <\/h3>\r\n\r\n\t\t\t\t\t\t<div class=\"faq-item-question-icon\"><\/div>\r\n\t\t\t\t\t<\/div>\r\n\r\n\t\t\t\t\t<div class=\"faq-item-answer\">\r\n\t\t\t\t\t\t<div class=\"faq-item-answer-text\"><p>Die Erstellung des Widgets erfolgt innerhalb der Elfsight-Site und bei Ihnen Ich muss nicht das Codieren lernen. \u00d6ffnen Sie unsere Live-Demo, um Ihr eigenes Widget zu erstellen, erwerben Sie den Code und f\u00fcgen Sie ihn in Ihre Website ein. <\/p><\/div>\r\n\t\t\t\t\t<\/div>\r\n\t\t\t\t<\/div><div class=\"faq-item\">\r\n\t\t\t\t\t<div class=\"faq-item-question\">\r\n\t\t\t\t\t\t<h3 class=\"faq-item-question-text\">Die besten M\u00f6glichkeiten, die Online-Portfolio-Integration zu nutzen<\/h3>\r\n\r\n\t\t\t\t\t\t<div class=\"faq-item-question-icon\"><\/div>\r\n\t\t\t\t\t<\/div>\r\n\r\n\t\t\t\t\t<div class=\"faq-item-answer\">\r\n\t\t\t\t\t\t<div class=\"faq-item-answer-text\"><p>Wir bieten viele Anpassungsm\u00f6glichkeiten: Widgets in voller L\u00e4nge zum Einbetten in den Inhaltsbereich, schwebende Widgets mit Scrollfunktion, Miniaturansichten f\u00fcr die Fu\u00dfzeile, Kopfzeile und allen m\u00f6glichen vertikalen M\u00f6glichkeiten f\u00fcr Website-Seitenleisten und Men\u00fcs. <\/p><\/div>\r\n\t\t\t\t\t<\/div>\r\n\t\t\t\t<\/div><div class=\"faq-item\">\r\n\t\t\t\t\t<div class=\"faq-item-question\">\r\n\t\t\t\t\t\t<h3 class=\"faq-item-question-text\">Darf ich mit Ihrem Editor ein Video- oder Bildportfolio erstellen? <\/h3>\r\n\r\n\t\t\t\t\t\t<div class=\"faq-item-question-icon\"><\/div>\r\n\t\t\t\t\t<\/div>\r\n\r\n\t\t\t\t\t<div class=\"faq-item-answer\">\r\n\t\t\t\t\t\t<div class=\"faq-item-answer-text\"><p>Sie k\u00f6nnen gerne alle Widget-\u00c4nderungen erstellen. Im Editor stehen zahlreiche Layouts zur Verf\u00fcgung, die alle schnell an Ihre Bed\u00fcrfnisse angepasst werden k\u00f6nnen. <\/p><\/div>\r\n\t\t\t\t\t<\/div>\r\n\t\t\t\t<\/div><\/div><\/div> <div class=\"application-platform-content-item-features application-platform-content-item\" id=\"features\" data-nav-section=\"features\"><h2>Hauptfunktionen des Portfolio-Widgets<\/h2><p>Um eine klare Vorstellung von Portfolio zu haben, Sie k\u00f6nnen die Liste der herausragendsten Funktionen studieren. Sie machen das Widget f\u00fcr Ihre Website maximal n\u00fctzlich: <\/p><ul><li>F\u00fcgen Sie mehrere Projekte hinzu und f\u00fcgen Sie Projekttitel hinzu; <\/li><li>Kategorien festlegen und Projekte entsprechend aufteilen<\/li><li>W\u00e4hlen Sie die Arten von Informationen aus, die im Popup und beim Hover angezeigt werden sollen; <\/li><li>Beschreibungen hinzuf\u00fcgen und Daten zu den Arbeiten im Projekt zuweisen<\/li><li>Call-to-Action-Button in der Kopfzeile und im Popup bringt Kunden zu jeder Website oder Seite<\/li><\/ul><p><a href=\"#demo\">Unsere Demo zeigt Ihnen eine vollst\u00e4ndige Liste der Funktionen<\/a><\/p><\/div> <div class=\"application-platform-content-item-installation application-platform-content-item\" id=\"installation\" data-nav-section=\"installation\"><h2>Wie F\u00fcge ich Portfolio auf meiner Squarespace-Website hinzu? <\/h2><div class=\"video-container\"><iframe width=\"560\" height=\"315\" src=\"https:\/\/www.youtube.com\/embed\/5txFGyv42DM?si=FMwXPpJJxmbe7Xa2\" frameborder=\"0\" allow=\"accelerometer; autoplay; clipboard-write; encrypted-media; gyroscope; picture-in-picture; web-share\" allowfullscreen><\/iframe><\/div><p>F\u00fchren Sie einfach die folgenden Schritte aus, um das Plugin einzuf\u00fcgen. <\/p><ol><li><b>\u00d6ffnen Sie unsere kostenlose Demo und beginnen Sie mit dem Bau Ihres einzigartigen Instruments. <\/b><br>Bestimmen Sie das gew\u00fcnschte Layout und die Optionen des Plugins und wenden Sie die Korrekturen an. <\/li><li><b>Kopieren Sie den eindeutigen Code, der im Feld auf Elfsight Apps angezeigt wird. <\/b><br>Kopieren Sie direkt nach Abschluss der Generierung Ihres Plugins den einzelnen Code in das neu erstellte Feld und speichern Sie ihn f\u00fcr eine sp\u00e4tere Gelegenheit. <\/li><li><b>Initiieren Sie die Anwendung des Tools auf einer Squarespace-Webseite. <\/b><br>Implementieren Sie den Code, den Sie zuvor gespeichert haben, in Ihre Website und speichern Sie die Korrekturen. <\/li><li><b>Fertig! Die Integration wurde erfolgreich beendet. <\/b><br>Besuchen Sie Ihre Seite, um zu sehen, wie das Tool funktioniert. <\/li><\/ol><p>Wenn Sie Fragen haben oder auf Komplikationen sto\u00dfen, z\u00f6gern Sie nicht, sich an unser Kundendienstteam zu wenden. Unsere Berater l\u00f6sen gerne alle Schwierigkeiten, die Sie mit dem Plugin haben k\u00f6nnten<\/p><\/div>\n","protected":false},"excerpt":{"rendered":"","protected":false},"author":9,"featured_media":0,"parent":1344,"menu_order":0,"comment_status":"closed","ping_status":"closed","template":"templates\/template-application-platform.php","meta":{"publish_to_discourse":"","publish_post_category":"","wpdc_auto_publish_overridden":"","wpdc_topic_tags":"","wpdc_pin_topic":"","wpdc_pin_until":"","discourse_post_id":"","discourse_permalink":"","wpdc_publishing_response":"","wpdc_publishing_error":"","footnotes":""},"class_list":["post-9777","page","type-page","status-publish","hentry"],"yoast_head":"<!-- This site is optimized with the Yoast SEO plugin v25.3.1 - https:\/\/yoast.com\/wordpress\/plugins\/seo\/ -->\n<title>Portfolio-Vorlage f\u00fcr die Squarespace-Website (kostenlos und schnell)<\/title>\n<meta name=\"description\" content=\"Hier haben Sie die M\u00f6glichkeit, ein Squarespace Portfolio-Plugin zu erstellen und es in Ihre Website einzubetten. Sie genie\u00dfen einen lebenslangen kostenlosen Kundenservice.\" \/>\n<meta name=\"robots\" content=\"index, follow, max-snippet:-1, max-image-preview:large, max-video-preview:-1\" \/>\n<link rel=\"canonical\" href=\"https:\/\/elfsight.com\/de\/portfolio-widget\/squarespace\/\" \/>\n<meta property=\"og:locale\" content=\"de_DE\" \/>\n<meta property=\"og:type\" content=\"article\" \/>\n<meta property=\"og:title\" content=\"Portfolio-Vorlage f\u00fcr die Squarespace-Website (kostenlos und schnell)\" \/>\n<meta property=\"og:description\" content=\"Hier haben Sie die M\u00f6glichkeit, ein Squarespace Portfolio-Plugin zu erstellen und es in Ihre Website einzubetten. Sie genie\u00dfen einen lebenslangen kostenlosen Kundenservice.\" \/>\n<meta property=\"og:url\" content=\"https:\/\/elfsight.com\/de\/portfolio-widget\/squarespace\/\" \/>\n<meta property=\"og:site_name\" content=\"Elfsight DE\" \/>\n<meta property=\"article:modified_time\" content=\"2025-02-24T08:39:39+00:00\" \/>\n<meta name=\"twitter:card\" content=\"summary_large_image\" \/>\n<meta name=\"twitter:label1\" content=\"Gesch\u00e4tzte Lesezeit\" \/>\n\t<meta name=\"twitter:data1\" content=\"3\u00a0Minuten\" \/>\n<!-- \/ Yoast SEO plugin. -->","yoast_head_json":{"title":"Portfolio-Vorlage f\u00fcr die Squarespace-Website (kostenlos und schnell)","description":"Hier haben Sie die M\u00f6glichkeit, ein Squarespace Portfolio-Plugin zu erstellen und es in Ihre Website einzubetten. Sie genie\u00dfen einen lebenslangen kostenlosen Kundenservice.","robots":{"index":"index","follow":"follow","max-snippet":"max-snippet:-1","max-image-preview":"max-image-preview:large","max-video-preview":"max-video-preview:-1"},"canonical":"https:\/\/elfsight.com\/de\/portfolio-widget\/squarespace\/","og_locale":"de_DE","og_type":"article","og_title":"Portfolio-Vorlage f\u00fcr die Squarespace-Website (kostenlos und schnell)","og_description":"Hier haben Sie die M\u00f6glichkeit, ein Squarespace Portfolio-Plugin zu erstellen und es in Ihre Website einzubetten. Sie genie\u00dfen einen lebenslangen kostenlosen Kundenservice.","og_url":"https:\/\/elfsight.com\/de\/portfolio-widget\/squarespace\/","og_site_name":"Elfsight DE","article_modified_time":"2025-02-24T08:39:39+00:00","twitter_card":"summary_large_image","twitter_misc":{"Gesch\u00e4tzte Lesezeit":"3\u00a0Minuten"},"schema":{"@context":"https:\/\/schema.org","@graph":[{"@type":"WebPage","@id":"https:\/\/elfsight.com\/de\/portfolio-widget\/squarespace\/","url":"https:\/\/elfsight.com\/de\/portfolio-widget\/squarespace\/","name":"Portfolio-Vorlage f\u00fcr die Squarespace-Website (kostenlos und schnell)","isPartOf":{"@id":"https:\/\/elfsight.com\/de\/#website"},"datePublished":"1970-01-01T00:00:00+00:00","dateModified":"2025-02-24T08:39:39+00:00","description":"Hier haben Sie die M\u00f6glichkeit, ein Squarespace Portfolio-Plugin zu erstellen und es in Ihre Website einzubetten. Sie genie\u00dfen einen lebenslangen kostenlosen Kundenservice.","breadcrumb":{"@id":"https:\/\/elfsight.com\/de\/portfolio-widget\/squarespace\/#breadcrumb"},"inLanguage":"de","potentialAction":[{"@type":"ReadAction","target":["https:\/\/elfsight.com\/de\/portfolio-widget\/squarespace\/"]}]},{"@type":"BreadcrumbList","@id":"https:\/\/elfsight.com\/de\/portfolio-widget\/squarespace\/#breadcrumb","itemListElement":[{"@type":"ListItem","position":1,"name":"Home","item":"https:\/\/elfsight.com\/de\/"},{"@type":"ListItem","position":2,"name":"Portfolio","item":"https:\/\/elfsight.com\/de\/portfolio-widget\/"},{"@type":"ListItem","position":3,"name":"Portfolio &#8211; Squarespace"}]},{"@type":"WebSite","@id":"https:\/\/elfsight.com\/de\/#website","url":"https:\/\/elfsight.com\/de\/","name":"Elfsight DE","description":"Just another Elfsight Sites site","potentialAction":[{"@type":"SearchAction","target":{"@type":"EntryPoint","urlTemplate":"https:\/\/elfsight.com\/de\/?s={search_term_string}"},"query-input":{"@type":"PropertyValueSpecification","valueRequired":true,"valueName":"search_term_string"}}],"inLanguage":"de"}]}},"meta_box":{"industry":"","seo_heading":"","heading":"","description":"","cta_heading":"","cta_description":"","application":"491","h1":"Squarespace-Portfolio-Vorlage","h1_caption":"Pr\u00e4sentieren Sie Ihre Arbeit in einem anpassbaren Portfolio, sodass Sie Ihre Projekte und Erfolge ganz einfach und m\u00fchelos auf Ihrer Squarespace-Website pr\u00e4sentieren k\u00f6nnen.","application_category":[],"applications_title":"","applications_request_title":"","applications_request_button_text":"","hero_text":"","hero_video":"","hero_video_schema_markup":"","selling_points_title":"","selling_points_caption":"","selling_points":[],"selling_points_cta_text":"","features_title":"","features":"","ed_cta_examples_text":"","ed_cta_examples_hidden":"","ed_cta_demo_text":"","ed_cta_demo_hidden":"","why_caption":"","why_editor_title":"","why_editor_text":"","why_team_title":"","why_team_text":"","why_service_title":"","why_service_text":"","template_catalog_visible":"0","template_catalog_title":"","template_catalog_text":"","template_catalog_categories_visible":"","demo_title":"Erstellen Sie Ihr Portfolio-Plugin","demo_caption":"Konfigurieren Sie Ihr Portfolio und f\u00fcgen Sie es kostenlos zu Ihrer Squarespace-Website hinzu!","default_faq_hidden":"","app_template_category":[],"platform":"252","template_public_id":"","codecanyon_url":"","codecanyon_item_id":"","codecanyon_price":"","pricing_caption":"","pricing_elfsight_apps_hide_column":"","pricing_elfsight_apps_url":"","pricing_codecanyon_price_caption":"","integration_category":[],"integration_request_title":"","integration_request_cta":"","integration_platform":"","integrations":[],"platform_category":[],"video_schema_markup":"","price":"ab 0 $ \/ Monat","trial":"","benefits":[{"text":"Kostenloser Installationsservice"},{"text":"Effektiver Kundenservice"},{"text":"14-t\u00e4gige R\u00fcckerstattungsgarantie"},{"text":"Kontinuierliche Updates"}],"button_url":"#demo","button_target_blank":"0","button_nofollow":"0","attributes":[{"name":"Installiert","content":"10,000 - 100,000"},{"name":"Reaktionsfreudig","content":"Ja"},{"name":"Kompatible Browser","content":"Firefox, Safari, Opera, Chrome, Edge"}],"tags":[],"tags_disable_links":"0","hide_more_platforms":"0","video_object":"","demo_hide_cta":"0","demo_hide_cloud_options":"0","pricing_title":"","pricing":[{"pricing_icon":"platform","pricing_title":"Elfsight Apps","pricing_title_caption":"Plattform\u00fcbergreifende Version, die auf jeder Website funktioniert","pricing_price":"ab 0 $ \/ Monat","pricing_price_caption":"Beginnen Sie mit einem kostenlosen Plan","pricing_benefits":[{"text":"Unbegrenzte Websites"},{"text":"Schneller Kundensupport und gut dokumentiert"},{"text":"Kostenlose Installationshilfe"},{"text":"Vollst\u00e4ndig anpassbar"}],"pricing_button_text":"Zur Website hinzuf\u00fcgen","pricing_button_url":"#demo"}],"related_apps_title":"","related_apps_hidden":"0","author":"","image":[],"title":"","job":"","social_networks":[]},"_links":{"self":[{"href":"https:\/\/elfsight.com\/de\/wp-json\/wp\/v2\/pages\/9777","targetHints":{"allow":["GET"]}}],"collection":[{"href":"https:\/\/elfsight.com\/de\/wp-json\/wp\/v2\/pages"}],"about":[{"href":"https:\/\/elfsight.com\/de\/wp-json\/wp\/v2\/types\/page"}],"author":[{"embeddable":true,"href":"https:\/\/elfsight.com\/de\/wp-json\/wp\/v2\/users\/9"}],"replies":[{"embeddable":true,"href":"https:\/\/elfsight.com\/de\/wp-json\/wp\/v2\/comments?post=9777"}],"version-history":[{"count":3,"href":"https:\/\/elfsight.com\/de\/wp-json\/wp\/v2\/pages\/9777\/revisions"}],"predecessor-version":[{"id":24783,"href":"https:\/\/elfsight.com\/de\/wp-json\/wp\/v2\/pages\/9777\/revisions\/24783"}],"up":[{"embeddable":true,"href":"https:\/\/elfsight.com\/de\/wp-json\/wp\/v2\/pages\/1344"}],"wp:attachment":[{"href":"https:\/\/elfsight.com\/de\/wp-json\/wp\/v2\/media?parent=9777"}],"curies":[{"name":"wp","href":"https:\/\/api.w.org\/{rel}","templated":true}]}}