{"id":9772,"date":"1970-01-01T00:00:00","date_gmt":"1970-01-01T00:00:00","guid":{"rendered":"https:\/\/elfsight.com\/de\/?page_id=9772"},"modified":"2025-02-24T08:40:59","modified_gmt":"2025-02-24T08:40:59","slug":"webflow","status":"publish","type":"page","link":"https:\/\/elfsight.com\/de\/portfolio-widget\/webflow\/","title":{"rendered":"Portfolio &#8211; Webflow"},"content":{"rendered":"\n<div class=\"application-platform-content-item-description application-platform-content-item\" id=\"description\" data-nav-section=\"description\"><h2>Portfolio in Webflow mit dem Elfsight-Widget einbetten<\/h2><p>Das Elfsight Portfolio-Tool ist f\u00fcr alle gedacht, die ihre Projekte in das einbetten m\u00fcssen Website und erh\u00f6hen die Anzahl neuer Kunden. Mithilfe unseres Tools k\u00f6nnen Sie eine Auswahl an Bildern, Videos, Skizzen und anderen Materialien anzeigen. Jede Projektdatei kann einen vollst\u00e4ndigen Text und ein Datum enthalten. Sie k\u00f6nnen Projekte mit Websites verkn\u00fcpfen und Projektkategorien einrichten. Website-Benutzer sehen Ihr Portfolio, geben ein Projekt ein und studieren es direkt auf Ihrer Website im Detail. In der Kopfzeile werden Ihr vollst\u00e4ndiger Name, Ihr Bild und Ihre Kontaktdaten angegeben, damit Sie mit Ihnen in Kontakt treten k\u00f6nnen. Die Schaltfl\u00e4che \u201eAktiv\u201c f\u00fchrt die Leute zur Bestellseite und hilft Ihnen, das Verkaufsniveau zu steigern.<\/p><div class=\"faq\" data-component=\"FAQ\"> <div class=\"faq-item\">\r\n\t\t\t\t\t<div class=\"faq-item-question\">\r\n\t\t\t\t\t\t<h3 class=\"faq-item-question-text\">Wo kann ich Portfolio hinzuf\u00fcgen<\/h3>\r\n\r\n\t\t\t\t\t\t<div class=\"faq-item-question-icon\"><\/div>\r\n\t\t\t\t\t<\/div>\r\n\r\n\t\t\t\t\t<div class=\"faq-item-answer\">\r\n\t\t\t\t\t\t<div class=\"faq-item-answer-text\"><p> Es kann auf jeder Seite des verwendet werden Website oder auf allen Webseiten. Ihre auff\u00e4lligen Materialien erhalten maximale Aufmerksamkeit auf der Hauptseite der Website und k\u00f6nnen Ihre Angebote auf Portfolio-Seiten visualisieren.<\/p><\/div>\r\n\t\t\t\t\t<\/div>\r\n\t\t\t\t<\/div><div class=\"faq-item\">\r\n\t\t\t\t\t<div class=\"faq-item-question\">\r\n\t\t\t\t\t\t<h3 class=\"faq-item-question-text\">Wie profitiere ich vom Widget?<\/h3>\r\n\r\n\t\t\t\t\t\t<div class=\"faq-item-question-icon\"><\/div>\r\n\t\t\t\t\t<\/div>\r\n\r\n\t\t\t\t\t<div class=\"faq-item-answer\">\r\n\t\t\t\t\t\t<div class=\"faq-item-answer-text\"><p>A Ein wundersch\u00f6nes, ansprechendes Portfolio mit Ihren Projekten wird Ihrem Publikum all Ihre gro\u00dfartigen F\u00e4higkeiten und Ihre Kreativit\u00e4t offenbaren. Dadurch werden sie begierig darauf, Ihre Dienstleistungen zu bestellen, und Sie werden neue Kunden gewinnen. Dar\u00fcber hinaus k\u00f6nnen Sie durch die einfache Kontaktaufnahme die Anzahl der Leads steigern.<\/p><\/div>\r\n\t\t\t\t\t<\/div>\r\n\t\t\t\t<\/div><div class=\"faq-item\">\r\n\t\t\t\t\t<div class=\"faq-item-question\">\r\n\t\t\t\t\t\t<h3 class=\"faq-item-question-text\">Wie bette ich Portfolio in meine Webflow-Website ein?<\/h3>\r\n\r\n\t\t\t\t\t\t<div class=\"faq-item-question-icon\"><\/div>\r\n\t\t\t\t\t<\/div>\r\n\r\n\t\t\t\t\t<div class=\"faq-item-answer\">\r\n\t\t\t\t\t\t<div class=\"faq-item-answer-text\"><p>Es dauert nur eine Minute Zeit, um das Widget zum Laufen zu bringen. Dieser Vorgang ist superschnell, kostenlos und erfordert keine Programmierung.<\/p><p>Sie k\u00f6nnen das Widget direkt \u00fcber unseren Service in Ihre Website integrieren. Sehen Sie sich einfach die kurze Beschreibung unten auf dieser Seite an.<\/p><\/div>\r\n\t\t\t\t\t<\/div>\r\n\t\t\t\t<\/div><\/div><\/div><div class=\"application-platform-content-item-features application-platform-content-item\" id=\"features\" data-nav-section=\"features\"><h2>Hauptfunktionen des Portfolio-Widgets<\/h2><p> Um einen besseren Eindruck vom Webflow-Portfolio zu bekommen, k\u00f6nnen Sie sich die Liste der herausragendsten Funktionen ansehen. Sie machen das Plugin f\u00fcr Ihren Shop so n\u00fctzlich wie m\u00f6glich:<\/p><ul><li>Mehrere Projekte hinzuf\u00fcgen und Titel hinzuf\u00fcgen;<\/li><li>Kategorien erstellen und Projekte darauf aufteilen;<\/li><li>Ausw\u00e4hlen welche Informationen im Popup und beim Hover angezeigt werden sollen;<\/li><li>F\u00fcgen Sie Texte hinzu und weisen Sie allen Dateien im Projekt Daten zu;<\/li><li>Aktive Schaltfl\u00e4che in der Kopfzeile und im Popup bringt Benutzer zu jeder Website.<\/li><\/ul><p><a href=\"#demo\">Um alle Funktionen zu sehen, sehen Sie sich die Live-Demo an<\/a><\/p><\/div><div class=\"application-platform-content-item-installation application-platform-content-item\" id=\"installation\" data-nav-section=\"installation\"><h2> So erstellen Sie das Portfolio auf Ihrer Webflow-Website<\/h2><div class=\"video-container\"><iframe width=\"560\" height=\"315\" src=\"https:\/\/www.youtube.com\/embed\/q4HOPpCvyig?si=KjeWMzVsmX0LRs9S\" frameborder=\"0\" allow=\"accelerometer; autoplay; clipboard-write; encrypted-media; gyroscope; picture-in-picture; web-share\" allowfullscreen><\/iframe><\/div><p>Die folgenden Aktionen sind das Einzige, was Sie f\u00fcr die Widget-Aktivierung tun m\u00fcssen.<\/p><ol><li><b>Erstellen Sie Ihr personalisiertes responsives Portfolio<\/b><br> Erstellen Sie in unserem kostenlosen Konfigurator ein Widget mit individuellem Design und individuellen Funktionen.<\/li><li><b>Holen Sie sich den individuellen Code zur Installation des Widgets<\/b> <br> Nachdem Sie Ihr Widget angepasst haben, erhalten Sie Ihren Installationscode aus dem Popup-Fenster von Elfsight Apps. Kopieren Sie den Code zur sp\u00e4teren Verwendung. <\/li> <li><b>F\u00fcgen Sie das Widget zu Ihrer Webflow-Site hinzu<\/b><br> W\u00e4hlen Sie den Bereich aus, in dem Sie das Widget platzieren m\u00f6chten, und f\u00fcgen Sie den kopierten Code dort ein. \u00dcbernehmen Sie die \u00c4nderungen. <\/li> <li><b>Die Einrichtung ist abgeschlossen<\/b><br> Betreten Sie die Seite, um einen Blick auf Ihr Portfolio zu werfen. <\/li> <\/ol><p>Sie k\u00f6nnen sich immer noch nicht entscheiden? Oder haben Sie Probleme? Richten Sie einfach eine Anfrage an unseren Kundenservice. Die Experten werden alle Fragen kl\u00e4ren.<\/p><\/div>\n","protected":false},"excerpt":{"rendered":"","protected":false},"author":9,"featured_media":0,"parent":1344,"menu_order":0,"comment_status":"closed","ping_status":"closed","template":"templates\/template-application-platform.php","meta":{"publish_to_discourse":"","publish_post_category":"","wpdc_auto_publish_overridden":"","wpdc_topic_tags":"","wpdc_pin_topic":"","wpdc_pin_until":"","discourse_post_id":"","discourse_permalink":"","wpdc_publishing_response":"","wpdc_publishing_error":"","footnotes":""},"class_list":["post-9772","page","type-page","status-publish","hentry"],"yoast_head":"<!-- This site is optimized with the Yoast SEO plugin v25.3.1 - https:\/\/yoast.com\/wordpress\/plugins\/seo\/ -->\n<title>Webflow-Portfolio \u2013 Portfolio-Modul zur Webflow-Website hinzuf\u00fcgen [2025]<\/title>\n<meta name=\"description\" content=\"Erstellen Sie eine Portfolio-Widget-Vorlage und f\u00fcgen Sie sie Ihrer Webflow-Site hinzu. Sie profitieren von kostenlosem Kundensupport und anderen Verg\u00fcnstigungen.\" \/>\n<meta name=\"robots\" content=\"index, follow, max-snippet:-1, max-image-preview:large, max-video-preview:-1\" \/>\n<link rel=\"canonical\" href=\"https:\/\/elfsight.com\/de\/portfolio-widget\/webflow\/\" \/>\n<meta property=\"og:locale\" content=\"de_DE\" \/>\n<meta property=\"og:type\" content=\"article\" \/>\n<meta property=\"og:title\" content=\"Webflow-Portfolio \u2013 Portfolio-Modul zur Webflow-Website hinzuf\u00fcgen [2025]\" \/>\n<meta property=\"og:description\" content=\"Erstellen Sie eine Portfolio-Widget-Vorlage und f\u00fcgen Sie sie Ihrer Webflow-Site hinzu. Sie profitieren von kostenlosem Kundensupport und anderen Verg\u00fcnstigungen.\" \/>\n<meta property=\"og:url\" content=\"https:\/\/elfsight.com\/de\/portfolio-widget\/webflow\/\" \/>\n<meta property=\"og:site_name\" content=\"Elfsight DE\" \/>\n<meta property=\"article:modified_time\" content=\"2025-02-24T08:40:59+00:00\" \/>\n<meta name=\"twitter:card\" content=\"summary_large_image\" \/>\n<meta name=\"twitter:label1\" content=\"Gesch\u00e4tzte Lesezeit\" \/>\n\t<meta name=\"twitter:data1\" content=\"3\u00a0Minuten\" \/>\n<!-- \/ Yoast SEO plugin. -->","yoast_head_json":{"title":"Webflow-Portfolio \u2013 Portfolio-Modul zur Webflow-Website hinzuf\u00fcgen [2025]","description":"Erstellen Sie eine Portfolio-Widget-Vorlage und f\u00fcgen Sie sie Ihrer Webflow-Site hinzu. Sie profitieren von kostenlosem Kundensupport und anderen Verg\u00fcnstigungen.","robots":{"index":"index","follow":"follow","max-snippet":"max-snippet:-1","max-image-preview":"max-image-preview:large","max-video-preview":"max-video-preview:-1"},"canonical":"https:\/\/elfsight.com\/de\/portfolio-widget\/webflow\/","og_locale":"de_DE","og_type":"article","og_title":"Webflow-Portfolio \u2013 Portfolio-Modul zur Webflow-Website hinzuf\u00fcgen [2025]","og_description":"Erstellen Sie eine Portfolio-Widget-Vorlage und f\u00fcgen Sie sie Ihrer Webflow-Site hinzu. Sie profitieren von kostenlosem Kundensupport und anderen Verg\u00fcnstigungen.","og_url":"https:\/\/elfsight.com\/de\/portfolio-widget\/webflow\/","og_site_name":"Elfsight DE","article_modified_time":"2025-02-24T08:40:59+00:00","twitter_card":"summary_large_image","twitter_misc":{"Gesch\u00e4tzte Lesezeit":"3\u00a0Minuten"},"schema":{"@context":"https:\/\/schema.org","@graph":[{"@type":"WebPage","@id":"https:\/\/elfsight.com\/de\/portfolio-widget\/webflow\/","url":"https:\/\/elfsight.com\/de\/portfolio-widget\/webflow\/","name":"Webflow-Portfolio \u2013 Portfolio-Modul zur Webflow-Website hinzuf\u00fcgen [2025]","isPartOf":{"@id":"https:\/\/elfsight.com\/de\/#website"},"datePublished":"1970-01-01T00:00:00+00:00","dateModified":"2025-02-24T08:40:59+00:00","description":"Erstellen Sie eine Portfolio-Widget-Vorlage und f\u00fcgen Sie sie Ihrer Webflow-Site hinzu. Sie profitieren von kostenlosem Kundensupport und anderen Verg\u00fcnstigungen.","breadcrumb":{"@id":"https:\/\/elfsight.com\/de\/portfolio-widget\/webflow\/#breadcrumb"},"inLanguage":"de","potentialAction":[{"@type":"ReadAction","target":["https:\/\/elfsight.com\/de\/portfolio-widget\/webflow\/"]}]},{"@type":"BreadcrumbList","@id":"https:\/\/elfsight.com\/de\/portfolio-widget\/webflow\/#breadcrumb","itemListElement":[{"@type":"ListItem","position":1,"name":"Home","item":"https:\/\/elfsight.com\/de\/"},{"@type":"ListItem","position":2,"name":"Portfolio","item":"https:\/\/elfsight.com\/de\/portfolio-widget\/"},{"@type":"ListItem","position":3,"name":"Portfolio &#8211; Webflow"}]},{"@type":"WebSite","@id":"https:\/\/elfsight.com\/de\/#website","url":"https:\/\/elfsight.com\/de\/","name":"Elfsight DE","description":"Just another Elfsight Sites site","potentialAction":[{"@type":"SearchAction","target":{"@type":"EntryPoint","urlTemplate":"https:\/\/elfsight.com\/de\/?s={search_term_string}"},"query-input":{"@type":"PropertyValueSpecification","valueRequired":true,"valueName":"search_term_string"}}],"inLanguage":"de"}]}},"meta_box":{"industry":"","seo_heading":"","heading":"","description":"","cta_heading":"","cta_description":"","application":"491","h1":"Webflow-Portfolio-Widget","h1_caption":"Pr\u00e4sentieren Sie Ihre Werke und vollst\u00e4ndigen Projekte, um neue Kunden zu gewinnen","application_category":[],"applications_title":"","applications_request_title":"","applications_request_button_text":"","hero_text":"","hero_video":"","hero_video_schema_markup":"","selling_points_title":"","selling_points_caption":"","selling_points":[],"selling_points_cta_text":"","features_title":"","features":"","ed_cta_examples_text":"","ed_cta_examples_hidden":"","ed_cta_demo_text":"","ed_cta_demo_hidden":"","why_caption":"","why_editor_title":"","why_editor_text":"","why_team_title":"","why_team_text":"","why_service_title":"","why_service_text":"","template_catalog_visible":"0","template_catalog_title":"","template_catalog_text":"","template_catalog_categories_visible":"","demo_title":"Erstellen Sie Ihr Portfolio-Widget","demo_caption":"Konfigurieren Sie Ihr Portfolio und f\u00fcgen Sie es kostenlos zu Ihrer Webflow-Website hinzu!","default_faq_hidden":"","app_template_category":[],"platform":"250","template_public_id":"","codecanyon_url":"","codecanyon_item_id":"","codecanyon_price":"","pricing_caption":"","pricing_elfsight_apps_hide_column":"","pricing_elfsight_apps_url":"","pricing_codecanyon_price_caption":"","integration_category":[],"integration_request_title":"","integration_request_cta":"","integration_platform":"","integrations":[],"platform_category":[],"video_schema_markup":"","price":"ab 0 $ \/ Monat","trial":"","benefits":[{"text":"Kostenlose Installationshilfe"},{"text":"Effektiver Kundensupport"},{"text":"14-t\u00e4gige R\u00fcckerstattungsgarantie"},{"text":"Zuk\u00fcnftige kostenlose Updates"}],"button_url":"#demo","button_target_blank":"0","button_nofollow":"0","attributes":[{"name":"Installiert","content":"10,000 - 100,000"},{"name":"Reaktionsfreudig","content":"Ja"},{"name":"Kompatible Browser","content":"Chrome, Edge, Firefox, Safari, Opera"}],"tags":[],"tags_disable_links":"0","hide_more_platforms":"0","video_object":"","demo_hide_cta":"0","demo_hide_cloud_options":"0","pricing_title":"","pricing":[{"pricing_icon":"platform","pricing_title":"Elfsight Apps","pricing_title_caption":"Plattformunabh\u00e4ngige Version, die zu jeder Website passt","pricing_price":"ab 0 $ \/ Monat","pricing_price_caption":"Beginnen Sie mit einem kostenlosen Plan","pricing_benefits":[{"text":"Unbegrenzte Domains"},{"text":"Kostenloser und p\u00fcnktlicher Support"},{"text":"Kostenloser Installationsservice"},{"text":"Sonderangebot f\u00fcr mehrere Apps"}],"pricing_button_text":"Zur Website hinzuf\u00fcgen","pricing_button_url":"#demo"}],"related_apps_title":"","related_apps_hidden":"0","author":"","image":[],"title":"","job":"","social_networks":[]},"_links":{"self":[{"href":"https:\/\/elfsight.com\/de\/wp-json\/wp\/v2\/pages\/9772","targetHints":{"allow":["GET"]}}],"collection":[{"href":"https:\/\/elfsight.com\/de\/wp-json\/wp\/v2\/pages"}],"about":[{"href":"https:\/\/elfsight.com\/de\/wp-json\/wp\/v2\/types\/page"}],"author":[{"embeddable":true,"href":"https:\/\/elfsight.com\/de\/wp-json\/wp\/v2\/users\/9"}],"replies":[{"embeddable":true,"href":"https:\/\/elfsight.com\/de\/wp-json\/wp\/v2\/comments?post=9772"}],"version-history":[{"count":3,"href":"https:\/\/elfsight.com\/de\/wp-json\/wp\/v2\/pages\/9772\/revisions"}],"predecessor-version":[{"id":24784,"href":"https:\/\/elfsight.com\/de\/wp-json\/wp\/v2\/pages\/9772\/revisions\/24784"}],"up":[{"embeddable":true,"href":"https:\/\/elfsight.com\/de\/wp-json\/wp\/v2\/pages\/1344"}],"wp:attachment":[{"href":"https:\/\/elfsight.com\/de\/wp-json\/wp\/v2\/media?parent=9772"}],"curies":[{"name":"wp","href":"https:\/\/api.w.org\/{rel}","templated":true}]}}