{"id":9771,"date":"1970-01-01T00:00:00","date_gmt":"1970-01-01T00:00:00","guid":{"rendered":"https:\/\/elfsight.com\/de\/?page_id=9771"},"modified":"2025-07-09T14:17:25","modified_gmt":"2025-07-09T14:17:25","slug":"webnode","status":"publish","type":"page","link":"https:\/\/elfsight.com\/de\/portfolio-widget\/webnode\/","title":{"rendered":"Portfolio &#8211; Webnode"},"content":{"rendered":"<div class=\"application-platform-content-item-description application-platform-content-item\" id=\"description\" data-nav-section=\"description\"><h2>Beschreibung<\/h2><p>Elfsight Portfolio wurde erstellt, um allen zu helfen, die daran interessiert sind, ihre aktive Bibliothek auf der Website zu ver\u00f6ffentlichen und mehr zu haben neue Bestellungen. Mit Hilfe dieses Widgets k\u00f6nnen Sie Sammlungen von Fotos, Videos, Designs und anderen Projektinhalten erneut senden. Jeder Projektdatei kann ein vollst\u00e4ndiger Text und ein Datum beigef\u00fcgt werden. Sie haben die M\u00f6glichkeit, Projekte mit ihren Websites zu verkn\u00fcpfen und Projektkategorien zu erstellen. Benutzer sehen Ihr Portfolio, tippen auf jedes Portfolio und sehen sich alle Werke direkt auf Ihrer Homepage an. In der Kopfzeile werden Ihr Name, Ihr Foto und Ihre Kontaktdaten angezeigt, sodass Sie problemlos mit Ihnen in Kontakt treten k\u00f6nnen. Die CTA-Schaltfl\u00e4che f\u00fchrt Kunden zur Bestellseite und hilft Ihnen, das Umsatzniveau zu steigern. <\/p><div class=\"faq\" data-component=\"FAQ\"><div class=\"faq-item\">\r\n\t\t\t\t\t<div class=\"faq-item-question\">\r\n\t\t\t\t\t\t<h3 class=\"faq-item-question-text\">Wo auf meiner Website kann ich dieses Widget einf\u00fcgen?<\/h3>\r\n\r\n\t\t\t\t\t\t<div class=\"faq-item-question-icon\"><\/div>\r\n\t\t\t\t\t<\/div>\r\n\r\n\t\t\t\t\t<div class=\"faq-item-answer\">\r\n\t\t\t\t\t\t<div class=\"faq-item-answer-text\"> <p>Das Widget kann auf jeder Seite Ihrer Website sowie auf allen Seiten angezeigt werden. <\/p><\/div>\r\n\t\t\t\t\t<\/div>\r\n\t\t\t\t<\/div><div class=\"faq-item\">\r\n\t\t\t\t\t<div class=\"faq-item-question\">\r\n\t\t\t\t\t\t<h3 class=\"faq-item-question-text\">Welche Vorteile h\u00e4tte ich von der Nutzung?<\/h3>\r\n\r\n\t\t\t\t\t\t<div class=\"faq-item-question-icon\"><\/div>\r\n\t\t\t\t\t<\/div>\r\n\r\n\t\t\t\t\t<div class=\"faq-item-answer\">\r\n\t\t\t\t\t\t<div class=\"faq-item-answer-text\"> <p>Eine beeindruckende Sammlung Ihrer Materialien wird dem Publikum all Ihre gro\u00dfartigen F\u00e4higkeiten und Talente demonstrieren. Dadurch werden sie begierig darauf sein, dasselbe zu haben, und Sie werden neue Kunden gewinnen. <\/p><\/div>\r\n\t\t\t\t\t<\/div>\r\n\t\t\t\t<\/div><div class=\"faq-item\">\r\n\t\t\t\t\t<div class=\"faq-item-question\">\r\n\t\t\t\t\t\t<h3 class=\"faq-item-question-text\">Was ben\u00f6tige ich, um ein Portfolio auf meiner Webnode-Website einzuf\u00fcgen?<\/h3>\r\n\r\n\t\t\t\t\t\t<div class=\"faq-item-question-icon\"><\/div>\r\n\t\t\t\t\t<\/div>\r\n\r\n\t\t\t\t\t<div class=\"faq-item-answer\">\r\n\t\t\t\t\t\t<div class=\"faq-item-answer-text\"> <p>Der Integrationsprozess ist superschnell, kostenlos und erfordert keine Programmierung. Sie k\u00f6nnen das Widget direkt \u00fcber unseren Service in Ihre Website einbinden. Befolgen Sie dazu die Anleitung unten auf dieser Seite. <\/p><\/div>\r\n\t\t\t\t\t<\/div>\r\n\t\t\t\t<\/div><\/div> <\/div> <div class=\"application-platform-content-item-features application-platform-content-item\" id=\"features\" data-nav-section=\"features\"><h2>Funktionen<\/h2><p>Um eine bessere Kenntnis des Widgets zu erhalten, sehen Sie sich die Liste der wesentlichen Elemente an Funktionen. Sie machen dieses Widget f\u00fcr Ihre Werbung unglaublich effizient: <\/p><ul><li>Legen Sie eine beliebige Anzahl von Projekten mit Titeln fest; <\/li><li>Legen Sie Gruppen fest und teilen Sie ihnen Projekte zu<\/li><li>Entscheiden Sie, welche Daten im Popup und beim Hover angezeigt werden sollen; <\/li><li>Die Option, allen Arbeiten im Projekt Beschreibungen hinzuzuf\u00fcgen und Daten zuzuordnen<\/li><li>Aktive Schaltfl\u00e4che in der Kopfzeile und im Popup leitet Benutzer zu einer beliebigen Website oder Seite weiter<\/li><\/ul><p><a href=\"#demo\">Um alle Funktionen zu entdecken, sehen Sie sich unsere Live-Demo an<\/a><\/p><\/div> <div class=\"application-platform-content-item-installation application-platform-content-item\" id=\"installation\" data-nav-section=\"installation\"><h2>So f\u00fcgen Sie Portfolio hinzu meine Webnode-Website? <\/h2><p>Befolgen Sie einfach die folgenden Richtlinien, um das Plugin einzubetten. <\/p><ol><li><b>Nutzen Sie unsere kostenlose Demoversion und beginnen Sie mit dem Bau Ihres personalisierten Instruments. <\/b><br>Geben Sie das bevorzugte Design und die Funktionalit\u00e4t des Widgets an und \u00fcbernehmen Sie die \u00c4nderungen. <\/li><li><b>Kopieren Sie den eindeutigen Code, der im Fenster von Elfsight Apps angezeigt wird. <\/b><br>Sobald die Anpassung Ihres pers\u00f6nlichen Tools abgeschlossen ist, kopieren Sie den pers\u00f6nlichen Code aus dem angezeigten Popup und bewahren Sie ihn zur sp\u00e4teren Verwendung auf. <\/li><li><b>Beginnen Sie mit der Anwendung des Tools auf der Webnode-Website. <\/b><br>Geben Sie den k\u00fcrzlich auf Ihrer Seite gespeicherten Code ein und speichern Sie die Korrekturen. <\/li><li><b>Fertig! Die Einbettung wurde erfolgreich durchgef\u00fchrt. <\/b><br>Besuchen Sie Ihre Seite, um zu \u00fcberpr\u00fcfen, wie das Plugin funktioniert. <\/li><\/ol><p>Wenn Sie Probleme haben, k\u00f6nnen Sie sich gerne an unser Kundendienstteam wenden. Unsere Mitarbeiter helfen Ihnen gerne bei allen Problemen, die Sie mit dem Produkt haben.<\/p><\/div>","protected":false},"excerpt":{"rendered":"","protected":false},"author":9,"featured_media":0,"parent":1344,"menu_order":0,"comment_status":"closed","ping_status":"closed","template":"templates\/template-application-platform.php","meta":{"publish_to_discourse":"","publish_post_category":"","wpdc_auto_publish_overridden":"","wpdc_topic_tags":"","wpdc_pin_topic":"","wpdc_pin_until":"","discourse_post_id":"","discourse_permalink":"","wpdc_publishing_response":"","wpdc_publishing_error":"","footnotes":""},"class_list":["post-9771","page","type-page","status-publish","hentry"],"yoast_head":"<!-- This site is optimized with the Yoast SEO plugin v25.3.1 - https:\/\/yoast.com\/wordpress\/plugins\/seo\/ -->\n<title>Webnode Portfolio \u2013 Portfolio-Widget zur Webnode-Website hinzuf\u00fcgen [2025]<\/title>\n<meta name=\"description\" content=\"Erstellen Sie ein individuelles Portfolio-Widget und f\u00fcgen Sie es Ihrer Webnode-Website hinzu. Genie\u00dfen Sie kostenlosen Kundensupport und andere Boni von Elfsight.\" \/>\n<meta name=\"robots\" content=\"index, follow, max-snippet:-1, max-image-preview:large, max-video-preview:-1\" \/>\n<link rel=\"canonical\" href=\"https:\/\/elfsight.com\/de\/portfolio-widget\/webnode\/\" \/>\n<meta property=\"og:locale\" content=\"de_DE\" \/>\n<meta property=\"og:type\" content=\"article\" \/>\n<meta property=\"og:title\" content=\"Webnode Portfolio \u2013 Portfolio-Widget zur Webnode-Website hinzuf\u00fcgen [2025]\" \/>\n<meta property=\"og:description\" content=\"Erstellen Sie ein individuelles Portfolio-Widget und f\u00fcgen Sie es Ihrer Webnode-Website hinzu. Genie\u00dfen Sie kostenlosen Kundensupport und andere Boni von Elfsight.\" \/>\n<meta property=\"og:url\" content=\"https:\/\/elfsight.com\/de\/portfolio-widget\/webnode\/\" \/>\n<meta property=\"og:site_name\" content=\"Elfsight DE\" \/>\n<meta property=\"article:modified_time\" content=\"2025-07-09T14:17:25+00:00\" \/>\n<meta name=\"twitter:card\" content=\"summary_large_image\" \/>\n<meta name=\"twitter:label1\" content=\"Gesch\u00e4tzte Lesezeit\" \/>\n\t<meta name=\"twitter:data1\" content=\"3\u00a0Minuten\" \/>\n<!-- \/ Yoast SEO plugin. -->","yoast_head_json":{"title":"Webnode Portfolio \u2013 Portfolio-Widget zur Webnode-Website hinzuf\u00fcgen [2025]","description":"Erstellen Sie ein individuelles Portfolio-Widget und f\u00fcgen Sie es Ihrer Webnode-Website hinzu. Genie\u00dfen Sie kostenlosen Kundensupport und andere Boni von Elfsight.","robots":{"index":"index","follow":"follow","max-snippet":"max-snippet:-1","max-image-preview":"max-image-preview:large","max-video-preview":"max-video-preview:-1"},"canonical":"https:\/\/elfsight.com\/de\/portfolio-widget\/webnode\/","og_locale":"de_DE","og_type":"article","og_title":"Webnode Portfolio \u2013 Portfolio-Widget zur Webnode-Website hinzuf\u00fcgen [2025]","og_description":"Erstellen Sie ein individuelles Portfolio-Widget und f\u00fcgen Sie es Ihrer Webnode-Website hinzu. Genie\u00dfen Sie kostenlosen Kundensupport und andere Boni von Elfsight.","og_url":"https:\/\/elfsight.com\/de\/portfolio-widget\/webnode\/","og_site_name":"Elfsight DE","article_modified_time":"2025-07-09T14:17:25+00:00","twitter_card":"summary_large_image","twitter_misc":{"Gesch\u00e4tzte Lesezeit":"3\u00a0Minuten"},"schema":{"@context":"https:\/\/schema.org","@graph":[{"@type":"WebPage","@id":"https:\/\/elfsight.com\/de\/portfolio-widget\/webnode\/","url":"https:\/\/elfsight.com\/de\/portfolio-widget\/webnode\/","name":"Webnode Portfolio \u2013 Portfolio-Widget zur Webnode-Website hinzuf\u00fcgen [2025]","isPartOf":{"@id":"https:\/\/elfsight.com\/de\/#website"},"datePublished":"1970-01-01T00:00:00+00:00","dateModified":"2025-07-09T14:17:25+00:00","description":"Erstellen Sie ein individuelles Portfolio-Widget und f\u00fcgen Sie es Ihrer Webnode-Website hinzu. Genie\u00dfen Sie kostenlosen Kundensupport und andere Boni von Elfsight.","breadcrumb":{"@id":"https:\/\/elfsight.com\/de\/portfolio-widget\/webnode\/#breadcrumb"},"inLanguage":"de","potentialAction":[{"@type":"ReadAction","target":["https:\/\/elfsight.com\/de\/portfolio-widget\/webnode\/"]}]},{"@type":"BreadcrumbList","@id":"https:\/\/elfsight.com\/de\/portfolio-widget\/webnode\/#breadcrumb","itemListElement":[{"@type":"ListItem","position":1,"name":"Home","item":"https:\/\/elfsight.com\/de\/"},{"@type":"ListItem","position":2,"name":"Portfolio","item":"https:\/\/elfsight.com\/de\/portfolio-widget\/"},{"@type":"ListItem","position":3,"name":"Portfolio &#8211; Webnode"}]},{"@type":"WebSite","@id":"https:\/\/elfsight.com\/de\/#website","url":"https:\/\/elfsight.com\/de\/","name":"Elfsight DE","description":"Just another Elfsight Sites site","potentialAction":[{"@type":"SearchAction","target":{"@type":"EntryPoint","urlTemplate":"https:\/\/elfsight.com\/de\/?s={search_term_string}"},"query-input":{"@type":"PropertyValueSpecification","valueRequired":true,"valueName":"search_term_string"}}],"inLanguage":"de"}]}},"meta_box":{"industry":"","seo_heading":"","heading":"","description":"","cta_heading":"","cta_description":"","application":"491","h1":"Webnode-Portfolio-Widget","h1_caption":"Stellen Sie Ihre Kunstwerke und alle Projekte im Detail aus, um neue Kunden zu gewinnen.","application_category":[],"applications_title":"","applications_request_title":"","applications_request_button_text":"","hero_text":"","hero_video":"","hero_video_schema_markup":"","selling_points_title":"","selling_points_caption":"","selling_points":[],"selling_points_cta_text":"","features_title":"","features":"","ed_cta_examples_text":"","ed_cta_examples_hidden":"","ed_cta_demo_text":"","ed_cta_demo_hidden":"","why_caption":"","why_editor_title":"","why_editor_text":"","why_team_title":"","why_team_text":"","why_service_title":"","why_service_text":"","template_catalog_visible":"","template_catalog_title":"","template_catalog_text":"","template_catalog_categories_visible":"","demo_title":"Erstellen Sie Ihr Portfolio-Widget","demo_caption":"Konfigurieren Sie Ihr Portfolio und f\u00fcgen Sie es kostenlos zu Ihrer Webnode-Website hinzu!","default_faq_hidden":"","app_template_category":[],"platform":"248","template_public_id":"","codecanyon_url":"","codecanyon_item_id":"","codecanyon_price":"","pricing_caption":"","pricing_elfsight_apps_hide_column":"","pricing_elfsight_apps_url":"","pricing_codecanyon_price_caption":"","integration_category":[],"integration_request_title":"","integration_request_cta":"","integration_platform":"","integrations":[],"platform_category":[],"video_schema_markup":"","price":"ab 0 $ \/ Monat","trial":"","benefits":[{"text":"Kostenloser Installationsservice"},{"text":"Professioneller Kundensupport"},{"text":"14-t\u00e4gige Geld-zur\u00fcck-Garantie"},{"text":"Kontinuierliche kostenlose Verbesserungen"}],"button_url":"#demo","button_target_blank":"","button_nofollow":"","attributes":[{"name":"Installiert","content":"10,000 - 100,000"},{"name":"Reaktionsfreudig","content":"Ja"},{"name":"Kompatible Browser","content":"IE11, Firefox, Safari, Opera, Chrome, Edge"}],"tags":[],"tags_disable_links":"","hide_more_platforms":"","video_object":"","demo_hide_cta":"","demo_hide_cloud_options":"","pricing_title":"","pricing":[{"pricing_icon":"platform","pricing_title":"Elfsight Apps","pricing_title_caption":"Plattformunabh\u00e4ngige digitale L\u00f6sung","pricing_price":"ab 0 $ \/ Monat","pricing_price_caption":"Beginnen Sie mit einem kostenlosen Plan","pricing_benefits":[{"text":"Unbegrenzte Websites"},{"text":"Erstklassiger Kundensupport und gut dokumentiert"},{"text":"Kostenlose Installationsunterst\u00fctzung"},{"text":"Sonderangebot f\u00fcr mehrere Apps"}],"pricing_button_text":"Zur Website hinzuf\u00fcgen","pricing_button_url":"#demo"}],"related_apps_title":"","related_apps_hidden":"","author":"","image":[],"title":"","job":"","social_networks":[]},"_links":{"self":[{"href":"https:\/\/elfsight.com\/de\/wp-json\/wp\/v2\/pages\/9771","targetHints":{"allow":["GET"]}}],"collection":[{"href":"https:\/\/elfsight.com\/de\/wp-json\/wp\/v2\/pages"}],"about":[{"href":"https:\/\/elfsight.com\/de\/wp-json\/wp\/v2\/types\/page"}],"author":[{"embeddable":true,"href":"https:\/\/elfsight.com\/de\/wp-json\/wp\/v2\/users\/9"}],"replies":[{"embeddable":true,"href":"https:\/\/elfsight.com\/de\/wp-json\/wp\/v2\/comments?post=9771"}],"version-history":[{"count":1,"href":"https:\/\/elfsight.com\/de\/wp-json\/wp\/v2\/pages\/9771\/revisions"}],"predecessor-version":[{"id":9775,"href":"https:\/\/elfsight.com\/de\/wp-json\/wp\/v2\/pages\/9771\/revisions\/9775"}],"up":[{"embeddable":true,"href":"https:\/\/elfsight.com\/de\/wp-json\/wp\/v2\/pages\/1344"}],"wp:attachment":[{"href":"https:\/\/elfsight.com\/de\/wp-json\/wp\/v2\/media?parent=9771"}],"curies":[{"name":"wp","href":"https:\/\/api.w.org\/{rel}","templated":true}]}}