{"id":9770,"date":"1970-01-01T00:00:00","date_gmt":"1970-01-01T00:00:00","guid":{"rendered":"https:\/\/elfsight.com\/de\/?page_id=9770"},"modified":"2026-01-19T10:25:35","modified_gmt":"2026-01-19T10:25:35","slug":"wix","status":"publish","type":"page","link":"https:\/\/elfsight.com\/de\/portfolio-widget\/wix\/","title":{"rendered":"Portfolio &#8211; Wix"},"content":{"rendered":"\n<div class=\"application-platform-content-item-description application-platform-content-item\" id=\"description\" data-nav-section=\"description\"><h2>Beschreibung<\/h2><p>Die Elfsight Portfolio-App wurde entwickelt, um jeder Person zu helfen, die ihr beeindruckendes Portfolio auf der Website pr\u00e4sentieren und anziehen m\u00f6chte Kunden. Mit dem Tool k\u00f6nnen Sie Projekte mit Aufnahmen, Videos, Designs und anderen Materialien zeigen. Jede Datei kann eine ausf\u00fchrliche Beschreibung und ein Datum haben. Gerne k\u00f6nnen Sie Projekte mit deren Websites verlinken und Projektkategorien erstellen. Website-Besucher sehen sich Ihr Projektportfolio an, tippen auf jedes Projekt und sehen es sich direkt auf Ihrer Startseite im Detail an. In der Kopfzeile werden Ihr vollst\u00e4ndiger Name, Ihr Foto und Ihre Kontaktinformationen angezeigt, was die Kontaktaufnahme mit Ihnen erleichtert. Die Schaltfl\u00e4che \u201eAktiv\u201c leitet Benutzer zur Kaufseite weiter und hilft Ihnen, den Umsatz zu steigern. <\/p><div class=\"faq\" data-component=\"FAQ\"><div class=\"faq-item\">\r\n\t\t\t\t\t<div class=\"faq-item-question\">\r\n\t\t\t\t\t\t<h3 class=\"faq-item-question-text\">Wie kann ich ein Portfolio in die Wix-Website einbetten?<\/h3>\r\n\r\n\t\t\t\t\t\t<div class=\"faq-item-question-icon\"><\/div>\r\n\t\t\t\t\t<\/div>\r\n\r\n\t\t\t\t\t<div class=\"faq-item-answer\">\r\n\t\t\t\t\t\t<div class=\"faq-item-answer-text\"><p>Der Aufbau des Tools erfolgt auf den Elfsight-Seiten und Es besteht keine Notwendigkeit, zu programmieren. Nutzen Sie unsere aktive Demo, um Ihre pers\u00f6nliche App zu erstellen, den Code zu erwerben und ihn in Ihre Website einzubetten. <\/p><\/div>\r\n\t\t\t\t\t<\/div>\r\n\t\t\t\t<\/div><div class=\"faq-item\">\r\n\t\t\t\t\t<div class=\"faq-item-question\">\r\n\t\t\t\t\t\t<h3 class=\"faq-item-question-text\">Die besten Anwendungsbeispiele f\u00fcr die Portfolio Gallery-Integration<\/h3>\r\n\r\n\t\t\t\t\t\t<div class=\"faq-item-question-icon\"><\/div>\r\n\t\t\t\t\t<\/div>\r\n\r\n\t\t\t\t\t<div class=\"faq-item-answer\">\r\n\t\t\t\t\t\t<div class=\"faq-item-answer-text\"><p>Wir bieten eine breite Palette an Anpassungsm\u00f6glichkeiten: Widgets in voller L\u00e4nge zum Hinzuf\u00fcgen in der Inhaltszone, schwebende Plugins f\u00fcr die Scrollfunktion, Layouts f\u00fcr die Fu\u00dfzeile Ihrer Website, den Kopfbereich und alle Arten von vertikalen Optionen f\u00fcr Seitenleisten und Men\u00fcs Ihrer Website. <\/p><\/div>\r\n\t\t\t\t\t<\/div>\r\n\t\t\t\t<\/div><div class=\"faq-item\">\r\n\t\t\t\t\t<div class=\"faq-item-question\">\r\n\t\t\t\t\t\t<h3 class=\"faq-item-question-text\">Wie erstelle ich mit Hilfe Ihres Redakteurs ein Slider- oder Karussell-Portfolio? <\/h3>\r\n\r\n\t\t\t\t\t\t<div class=\"faq-item-question-icon\"><\/div>\r\n\t\t\t\t\t<\/div>\r\n\r\n\t\t\t\t\t<div class=\"faq-item-answer\">\r\n\t\t\t\t\t\t<div class=\"faq-item-answer-text\"><p>Sie k\u00f6nnen gerne \u00c4nderungen an jedem Widget vornehmen. Im Editor stehen zahlreiche Layouts zur Verf\u00fcgung, die sich alle schnell an Ihre Bed\u00fcrfnisse anpassen lassen. <\/p><\/div>\r\n\t\t\t\t\t<\/div>\r\n\t\t\t\t<\/div><\/div><\/div> <div class=\"application-platform-content-item-features application-platform-content-item\" id=\"features\" data-nav-section=\"features\"><h2>Funktionen<\/h2><p>Um eine bessere Wahrnehmung des Widgets zu erreichen, sehen Sie sich die Liste der an Hauptmerkmale. Sie machen das Widget f\u00fcr Sie unglaublich n\u00fctzlich: <\/p><ul><li>Legen Sie eine beliebige Anzahl von Projekten fest und f\u00fcgen Sie Titel hinzu; <\/li><li>Erstellen Sie Gruppen und teilen Sie ihnen Projekte zu<\/li><li>W\u00e4hlen Sie die Datentypen aus, die im Popup und beim Hover angezeigt werden sollen; <\/li><li>Beschreibungen hinzuf\u00fcgen und Daten zu allen Materialien im Projekt hinzuf\u00fcgen<\/li><li>Aktive Schaltfl\u00e4che in der Kopfzeile und im Popup bringt Benutzer zu jeder Seite<\/li><\/ul><p><a href=\"#demo\">Entdecken Sie eine vollst\u00e4ndige Liste der Funktionen in unserer Live-Demo<\/a><\/p><\/div> <div class=\"application-platform-content-item-installation application-platform-content-item\" id=\"installation\" data-nav-section=\"installation\"><h2>Wie f\u00fcge ich Portfolio zu meiner Wix-Webseite hinzu? <\/h2><div class=\"video-container\"><iframe allowfullscreen=\"\" frameborder=\"0\" height=\"405\" src=\"https:\/\/www.youtube.com\/embed\/sqVlGIQOF1o?si=RAXGT6PiaHLvoRU6\" width=\"720\"><\/iframe><\/div><p>Befolgen Sie einfach die unten aufgef\u00fchrten Schritte, um mit der Arbeit mit dem Tool zu beginnen. <\/p><ol><li><b>F\u00fchren Sie unsere kostenlose Demo durch und beginnen Sie mit der Erstellung Ihres ma\u00dfgeschneiderten Plugins. <\/b><br>Geben Sie das passende Layout und die Funktionalit\u00e4t des Plugins an und speichern Sie die \u00c4nderungen. <\/li><li><b>Kopieren Sie den pers\u00f6nlichen Code, der in der Box auf Elfsight Apps angezeigt wird. <\/b><br>Sobald die Einrichtung Ihres pers\u00f6nlichen Widgets abgeschlossen ist, kopieren Sie den pers\u00f6nlichen Code im angezeigten Fenster und speichern Sie ihn f\u00fcr eine sp\u00e4tere Gelegenheit. <\/li><li><b>Geben Sie die Verwendung des Tools auf Ihrer Wix-Website ein. <\/b><br>F\u00fcgen Sie den Code, den Sie zuvor gespeichert haben, auf Ihrer Seite hinzu und speichern Sie die Anpassungen. <\/li><li><b>Fertig! Der Aufbau ist vollst\u00e4ndig abgeschlossen. <\/b><br>Gehen Sie auf Ihre Webseite, um zu sehen, wie das Tool funktioniert. <\/li><\/ol><p>Wenn Sie mit Anfragen konfrontiert werden oder auf Schwierigkeiten sto\u00dfen, wenden Sie sich bitte an unser Support-Personal. Unsere Berater helfen Ihnen gerne bei allen Problemen, die Sie mit dem Tool haben<\/p><\/div>\n","protected":false},"excerpt":{"rendered":"","protected":false},"author":9,"featured_media":0,"parent":1344,"menu_order":0,"comment_status":"closed","ping_status":"closed","template":"templates\/template-application-platform.php","meta":{"publish_to_discourse":"","publish_post_category":"","wpdc_auto_publish_overridden":"","wpdc_topic_tags":"","wpdc_pin_topic":"","wpdc_pin_until":"","discourse_post_id":"","discourse_permalink":"","wpdc_publishing_response":"","wpdc_publishing_error":"","footnotes":""},"class_list":["post-9770","page","type-page","status-publish","hentry"],"yoast_head":"<!-- This site is optimized with the Yoast SEO plugin v25.3.1 - https:\/\/yoast.com\/wordpress\/plugins\/seo\/ -->\n<title>Wix Portfolio \u2013 Portfolio-App-Vorlage f\u00fcr die Wix-Website hinzuf\u00fcgen (kostenlos und schnell)<\/title>\n<meta name=\"description\" content=\"Es ist ganz einfach, Ihr Portfolio-Widget zu erstellen und es auf Ihrer Wix-Website zu ver\u00f6ffentlichen. Der Elfsight-Kundensupport ist kostenlos.\" \/>\n<meta name=\"robots\" content=\"index, follow, max-snippet:-1, max-image-preview:large, max-video-preview:-1\" \/>\n<link rel=\"canonical\" href=\"https:\/\/elfsight.com\/de\/portfolio-widget\/wix\/\" \/>\n<meta property=\"og:locale\" content=\"de_DE\" \/>\n<meta property=\"og:type\" content=\"article\" \/>\n<meta property=\"og:title\" content=\"Wix Portfolio \u2013 Portfolio-App-Vorlage f\u00fcr die Wix-Website hinzuf\u00fcgen (kostenlos und schnell)\" \/>\n<meta property=\"og:description\" content=\"Es ist ganz einfach, Ihr Portfolio-Widget zu erstellen und es auf Ihrer Wix-Website zu ver\u00f6ffentlichen. Der Elfsight-Kundensupport ist kostenlos.\" \/>\n<meta property=\"og:url\" content=\"https:\/\/elfsight.com\/de\/portfolio-widget\/wix\/\" \/>\n<meta property=\"og:site_name\" content=\"Elfsight DE\" \/>\n<meta property=\"article:modified_time\" content=\"2026-01-19T10:25:35+00:00\" \/>\n<meta name=\"twitter:card\" content=\"summary_large_image\" \/>\n<meta name=\"twitter:label1\" content=\"Gesch\u00e4tzte Lesezeit\" \/>\n\t<meta name=\"twitter:data1\" content=\"3\u00a0Minuten\" \/>\n<!-- \/ Yoast SEO plugin. -->","yoast_head_json":{"title":"Wix Portfolio \u2013 Portfolio-App-Vorlage f\u00fcr die Wix-Website hinzuf\u00fcgen (kostenlos und schnell)","description":"Es ist ganz einfach, Ihr Portfolio-Widget zu erstellen und es auf Ihrer Wix-Website zu ver\u00f6ffentlichen. Der Elfsight-Kundensupport ist kostenlos.","robots":{"index":"index","follow":"follow","max-snippet":"max-snippet:-1","max-image-preview":"max-image-preview:large","max-video-preview":"max-video-preview:-1"},"canonical":"https:\/\/elfsight.com\/de\/portfolio-widget\/wix\/","og_locale":"de_DE","og_type":"article","og_title":"Wix Portfolio \u2013 Portfolio-App-Vorlage f\u00fcr die Wix-Website hinzuf\u00fcgen (kostenlos und schnell)","og_description":"Es ist ganz einfach, Ihr Portfolio-Widget zu erstellen und es auf Ihrer Wix-Website zu ver\u00f6ffentlichen. Der Elfsight-Kundensupport ist kostenlos.","og_url":"https:\/\/elfsight.com\/de\/portfolio-widget\/wix\/","og_site_name":"Elfsight DE","article_modified_time":"2026-01-19T10:25:35+00:00","twitter_card":"summary_large_image","twitter_misc":{"Gesch\u00e4tzte Lesezeit":"3\u00a0Minuten"},"schema":{"@context":"https:\/\/schema.org","@graph":[{"@type":"WebPage","@id":"https:\/\/elfsight.com\/de\/portfolio-widget\/wix\/","url":"https:\/\/elfsight.com\/de\/portfolio-widget\/wix\/","name":"Wix Portfolio \u2013 Portfolio-App-Vorlage f\u00fcr die Wix-Website hinzuf\u00fcgen (kostenlos und schnell)","isPartOf":{"@id":"https:\/\/elfsight.com\/de\/#website"},"datePublished":"1970-01-01T00:00:00+00:00","dateModified":"2026-01-19T10:25:35+00:00","description":"Es ist ganz einfach, Ihr Portfolio-Widget zu erstellen und es auf Ihrer Wix-Website zu ver\u00f6ffentlichen. Der Elfsight-Kundensupport ist kostenlos.","breadcrumb":{"@id":"https:\/\/elfsight.com\/de\/portfolio-widget\/wix\/#breadcrumb"},"inLanguage":"de","potentialAction":[{"@type":"ReadAction","target":["https:\/\/elfsight.com\/de\/portfolio-widget\/wix\/"]}]},{"@type":"BreadcrumbList","@id":"https:\/\/elfsight.com\/de\/portfolio-widget\/wix\/#breadcrumb","itemListElement":[{"@type":"ListItem","position":1,"name":"Home","item":"https:\/\/elfsight.com\/de\/"},{"@type":"ListItem","position":2,"name":"Portfolio","item":"https:\/\/elfsight.com\/de\/portfolio-widget\/"},{"@type":"ListItem","position":3,"name":"Portfolio &#8211; Wix"}]},{"@type":"WebSite","@id":"https:\/\/elfsight.com\/de\/#website","url":"https:\/\/elfsight.com\/de\/","name":"Elfsight DE","description":"Just another Elfsight Sites site","potentialAction":[{"@type":"SearchAction","target":{"@type":"EntryPoint","urlTemplate":"https:\/\/elfsight.com\/de\/?s={search_term_string}"},"query-input":{"@type":"PropertyValueSpecification","valueRequired":true,"valueName":"search_term_string"}}],"inLanguage":"de"}]}},"meta_box":{"industry":"","seo_heading":"","heading":"","description":"","cta_heading":"","cta_description":"","application":"491","h1":"Wix Portfolio-App","h1_caption":"Lassen Sie Ihr Publikum Kunstwerke und die gesamte Bandbreite der Projekte genauer betrachten und gewinnen Sie neue Kunden","application_category":[],"applications_title":"","applications_request_title":"","applications_request_button_text":"","hero_text":"","hero_video":"","hero_video_schema_markup":"","selling_points_title":"","selling_points_caption":"","selling_points":[],"selling_points_cta_text":"","features_title":"","features":"","ed_cta_examples_text":"","ed_cta_examples_hidden":"","ed_cta_demo_text":"","ed_cta_demo_hidden":"","why_caption":"","why_editor_title":"","why_editor_text":"","why_team_title":"","why_team_text":"","why_service_title":"","why_service_text":"","template_catalog_visible":"0","template_catalog_title":"","template_catalog_text":"","template_catalog_categories_visible":"","demo_title":"Erstellen Sie Ihre Portfolio-App","demo_caption":"Konfigurieren Sie Ihr Portfolio und f\u00fcgen Sie es kostenlos zu Ihrer Wix-Website hinzu!","default_faq_hidden":"","app_template_category":[],"platform":"265","template_public_id":"","codecanyon_url":"","codecanyon_item_id":"","codecanyon_price":"","pricing_caption":"","pricing_elfsight_apps_hide_column":"","pricing_elfsight_apps_url":"","pricing_codecanyon_price_caption":"","integration_category":[],"integration_request_title":"","integration_request_cta":"","integration_platform":"","integrations":[],"platform_category":[],"video_schema_markup":"","price":"ab 0 $ \/ Monat","trial":"","benefits":[{"text":"Kostenlose Installationshilfe"},{"text":"Premium-Support"},{"text":"14-t\u00e4gige R\u00fcckerstattungsgarantie"},{"text":"Fortlaufende Entwicklung"}],"button_url":"#demo","button_target_blank":"0","button_nofollow":"0","attributes":[{"name":"Installiert","content":"10,000 - 100,000"},{"name":"Reaktionsfreudig","content":"Ja"},{"name":"Kompatible Browser","content":"Opera, Chrome, Safari, Edge, Firefox"}],"tags":[],"tags_disable_links":"0","hide_more_platforms":"0","video_object":"","demo_hide_cta":"0","demo_hide_cloud_options":"0","pricing_title":"","pricing":[{"pricing_icon":"platform","pricing_title":"Elfsight Apps","pricing_title_caption":"Plattform\u00fcbergreifende L\u00f6sung, die zu jeder Website passt","pricing_price":"ab 0 $ \/ Monat","pricing_price_caption":"Beginnen Sie mit einem kostenlosen Plan","pricing_benefits":[{"text":"Unbegrenzte Anzahl an Websites"},{"text":"Professioneller Kundensupport"},{"text":"Kostenloser Installationsservice"},{"text":"Flexibles Design"}],"pricing_button_text":"Zur Website hinzuf\u00fcgen","pricing_button_url":"#demo"}],"related_apps_title":"","related_apps_hidden":"0","author":"","image":[],"title":"","job":"","social_networks":[]},"_links":{"self":[{"href":"https:\/\/elfsight.com\/de\/wp-json\/wp\/v2\/pages\/9770","targetHints":{"allow":["GET"]}}],"collection":[{"href":"https:\/\/elfsight.com\/de\/wp-json\/wp\/v2\/pages"}],"about":[{"href":"https:\/\/elfsight.com\/de\/wp-json\/wp\/v2\/types\/page"}],"author":[{"embeddable":true,"href":"https:\/\/elfsight.com\/de\/wp-json\/wp\/v2\/users\/9"}],"replies":[{"embeddable":true,"href":"https:\/\/elfsight.com\/de\/wp-json\/wp\/v2\/comments?post=9770"}],"version-history":[{"count":4,"href":"https:\/\/elfsight.com\/de\/wp-json\/wp\/v2\/pages\/9770\/revisions"}],"predecessor-version":[{"id":25602,"href":"https:\/\/elfsight.com\/de\/wp-json\/wp\/v2\/pages\/9770\/revisions\/25602"}],"up":[{"embeddable":true,"href":"https:\/\/elfsight.com\/de\/wp-json\/wp\/v2\/pages\/1344"}],"wp:attachment":[{"href":"https:\/\/elfsight.com\/de\/wp-json\/wp\/v2\/media?parent=9770"}],"curies":[{"name":"wp","href":"https:\/\/api.w.org\/{rel}","templated":true}]}}