{"id":9763,"date":"1970-01-01T00:00:00","date_gmt":"1970-01-01T00:00:00","guid":{"rendered":"https:\/\/elfsight.com\/de\/?page_id=9763"},"modified":"2025-02-24T06:45:08","modified_gmt":"2025-02-24T06:45:08","slug":"iframe","status":"publish","type":"page","link":"https:\/\/elfsight.com\/de\/portfolio-widget\/iframe\/","title":{"rendered":"Portfolio &#8211; iFrame"},"content":{"rendered":"\n<div class=\"application-platform-content-item-description application-platform-content-item\" id=\"description\" data-nav-section=\"description\"><h2>Portfolio mit dem Elfsight-Widget in iFrame einbetten<\/h2><p>Das Elfsight-Portfolio-Tool wurde entwickelt, um jeder Person zu helfen, die ihr Portfolio ausstellen muss Portfolio auf der Website und haben Sie mehr Bestellungen. Mithilfe des Tools haben Sie die M\u00f6glichkeit, Projekte mit Bildern, Videoinhalten, Modellen und anderen Materialien zu pr\u00e4sentieren. Jeder Projektdatei kann eine ausf\u00fchrliche Beschreibung und ein Datum beigef\u00fcgt werden. Sie k\u00f6nnen Projekte mit Websites verkn\u00fcpfen und Projektkategorien einrichten. Website-Besucher sehen Ihr Projektportfolio, geben jedes Projekt ein und k\u00f6nnen es sich direkt auf Ihrer Website im Detail ansehen. In der Kopfzeile werden Ihr Name, Ihr Bild und Ihre Kontaktdaten angezeigt, die eine Kontaktaufnahme erm\u00f6glichen. Der Call-to-Action-Button f\u00fchrt die Leute zur Bestellseite und hilft Ihnen, die Anzahl der Verk\u00e4ufe zu steigern.<\/p><div class=\"faq\" data-component=\"FAQ\"> <div class=\"faq-item\">\r\n\t\t\t\t\t<div class=\"faq-item-question\">\r\n\t\t\t\t\t\t<h3 class=\"faq-item-question-text\">Wo kann ich Portfolio ver\u00f6ffentlichen<\/h3>\r\n\r\n\t\t\t\t\t\t<div class=\"faq-item-question-icon\"><\/div>\r\n\t\t\t\t\t<\/div>\r\n\r\n\t\t\t\t\t<div class=\"faq-item-answer\">\r\n\t\t\t\t\t\t<div class=\"faq-item-answer-text\"><p> Es kann auf jedem integriert werden Seite der Website sowie auf allen Webseiten. Ihr faszinierendes Portfolio wird die Aufmerksamkeit der Besucher auf sich ziehen, wenn es auf der Hauptseite der Website platziert wird, und Sie k\u00f6nnen Ihre Dienstleistungen auf den Portfolio-Seiten visualisieren.<\/p><\/div>\r\n\t\t\t\t\t<\/div>\r\n\t\t\t\t<\/div><div class=\"faq-item\">\r\n\t\t\t\t\t<div class=\"faq-item-question\">\r\n\t\t\t\t\t\t<h3 class=\"faq-item-question-text\">Welche Vorteile bringt es mir?<\/h3>\r\n\r\n\t\t\t\t\t\t<div class=\"faq-item-question-icon\"><\/div>\r\n\t\t\t\t\t<\/div>\r\n\r\n\t\t\t\t\t<div class=\"faq-item-answer\">\r\n\t\t\t\t\t\t<div class=\"faq-item-answer-text\"><p> Eine beeindruckende Sammlung Ihrer Werke wird den Nutzern all Ihr gro\u00dfes K\u00f6nnen und Ihre Kreativit\u00e4t offenbaren. Auch sie werden gerne Ihre Dienste in Anspruch nehmen und Sie werden neue Auftr\u00e4ge erhalten. Dar\u00fcber hinaus erh\u00f6hen Sie durch die einfache Kontaktaufnahme die Anzahl der Leads.<\/p><\/div>\r\n\t\t\t\t\t<\/div>\r\n\t\t\t\t<\/div><div class=\"faq-item\">\r\n\t\t\t\t\t<div class=\"faq-item-question\">\r\n\t\t\t\t\t\t<h3 class=\"faq-item-question-text\">Wie installiere ich Portfolio auf meiner iFrame-Website?<\/h3>\r\n\r\n\t\t\t\t\t\t<div class=\"faq-item-question-icon\"><\/div>\r\n\t\t\t\t\t<\/div>\r\n\r\n\t\t\t\t\t<div class=\"faq-item-answer\">\r\n\t\t\t\t\t\t<div class=\"faq-item-answer-text\"><p>Sie ben\u00f6tigen lediglich eine ein paar Minuten Zeit, um mit der Nutzung des Widgets zu beginnen. Es ist extrem schnell, kostenlos und erfordert keine Programmierung.<\/p><p>Sie k\u00f6nnen Portfolio \u00fcber unseren Service auf Ihrer Webseite platzieren. Sehen Sie sich einfach die Anleitung weiter unten auf dieser Seite an.<\/p><\/div>\r\n\t\t\t\t\t<\/div>\r\n\t\t\t\t<\/div><\/div><\/div><div class=\"application-platform-content-item-features application-platform-content-item\" id=\"features\" data-nav-section=\"features\"><h2>Hauptfunktionen des Portfolio-Widgets<\/h2><p>An Wenn Sie mehr \u00fcber das iFrame-Portfolio wissen m\u00f6chten, werfen Sie einen Blick auf die Liste seiner wesentlichen Merkmale. Sie machen das Widget f\u00fcr Sie wirklich effizient:<\/p><ul><li>Zeigen Sie eine beliebige Anzahl von Projekten an und f\u00fcgen Sie Projekttitel hinzu;<\/li><li>Erstellen Sie Kategorien und teilen Sie Projekte diesen zu;<\/li><li>Entscheiden Sie, welche Arten von Informationen im Popup und beim Hover angezeigt werden sollen;<\/li><li>Die Option zum Hinzuf\u00fcgen von Texten und zum Zuweisen von Daten zu allen Materialien im Projekt;<\/li><li>Aktive Schaltfl\u00e4che in der Kopfzeile und in Das Popup bringt Kunden zu jeder Adresse.<\/li><\/ul><p><a href=\"#demo\">Weitere Funktionen finden Sie in der Demo<\/a><\/p><\/div><div class=\"application-platform-content-item-installation application-platform-content-item\" id=\"installation\" data-nav-section=\"installation\"><h2>So f\u00fcgen Sie das Portfolio-Widget zu Ihrer iFrame-Website hinzu<\/h2><p>Ein paar einfache Aktionen sind das Einzige, was Sie tun m\u00fcssen.<\/p><ol><li><b>Entwerfen Sie Ihr einzigartiges Portfolio-Plugin<\/b><br> Erstellen Sie in unserer kostenlosen Demo ein Plugin mit einer bevorzugten Benutzeroberfl\u00e4che und Funktionen. <\/li><li><b>Kopieren Sie den pers\u00f6nlichen Code, um das Plugin zu installieren<\/b><br> Nachdem Sie Ihr Widget angepasst haben, erhalten Sie den eindeutigen Code aus der erscheinenden Benachrichtigung auf Elfsight Apps. Kopieren Sie den Code zur weiteren Verwendung. <\/li> <li><b>Betten Sie das Plugin in Ihre iFrame-Website ein<\/b><br> Gehen Sie zu der Stelle, an der Sie das Plugin platzieren m\u00f6chten, und f\u00fcgen Sie dort den gespeicherten Code hinzu. Wenden Sie die Ergebnisse an. <\/li> <li><b>Du bist fertig! <\/b><br> Betreten Sie den Laden, um Ihre Arbeit anzusehen. <\/li> <\/ol><p>Haben Sie noch Zweifel oder Fragen? Mit nur einer einzigen Anfrage an unseren Kundensupport l\u00e4sst sich jedes Problem l\u00f6sen.<\/p><div class=\"faq\" data-component=\"FAQ\"><div class=\"faq-item\">\r\n\t\t\t\t\t<div class=\"faq-item-question\">\r\n\t\t\t\t\t\t<h3 class=\"faq-item-question-text\">Wie kann ich ohne Programmierkenntnisse ein Portfolio-Widget in meine iFrame-Website einbetten?<\/h3>\r\n\r\n\t\t\t\t\t\t<div class=\"faq-item-question-icon\"><\/div>\r\n\t\t\t\t\t<\/div>\r\n\r\n\t\t\t\t\t<div class=\"faq-item-answer\">\r\n\t\t\t\t\t\t<div class=\"faq-item-answer-text\"><p>Elfsight bietet eine benutzerfreundliche, cloud-basierte L\u00f6sung, mit der Sie ganz einfach ein Portfolio-Widget erstellen k\u00f6nnen. So einfach geht\u2019s:<\/p>\n<ol>\n<li>\u00d6ffnen Sie den Online-Editor, um einen Abschnitt f\u00fcr das Portfolio-Widget zu erstellen, den Sie in Ihre iFrame-Website einf\u00fcgen m\u00f6chten.<\/li>\n<li>W\u00e4hlen Sie eine unserer vorgefertigten Vorlagen und passen Sie die Einstellungen des Portfolio-Widgets an. Sie k\u00f6nnen das Layout, das Farbschema und Ihre Inhalte nach Belieben \u00e4ndern \u2013 ganz ohne Programmierkenntnisse.<\/li>\n<li>Sobald Sie mit den Einstellungen zufrieden sind, erhalten Sie den Code zum Einbetten, den Sie ganz einfach und kostenlos in Ihre Website mit iFrame einf\u00fcgen k\u00f6nnen.<\/li>\n<li>Dank des intuitiven Editors k\u00f6nnen auch Anf\u00e4nger ohne Vorkenntnisse einen Portfolio-Bereich erstellen und in ihre Website integrieren. F\u00fcr die Nutzung des Elfsight-Editors sind keine Zahlungen oder Kreditkartenangaben erforderlich.<\/li>\n<\/ol>\n<p>Falls Sie w\u00e4hrend des Prozesses auf Fragen oder Probleme sto\u00dfen, steht Ihnen unser Support-Team jederzeit zur Verf\u00fcgung.<\/p><\/div>\r\n\t\t\t\t\t<\/div>\r\n\t\t\t\t<\/div><\/div><\/div><!-- \/wp:html - &gt; \/wp:html -->\n","protected":false},"excerpt":{"rendered":"","protected":false},"author":9,"featured_media":0,"parent":1344,"menu_order":0,"comment_status":"closed","ping_status":"closed","template":"templates\/template-application-platform.php","meta":{"publish_to_discourse":"","publish_post_category":"","wpdc_auto_publish_overridden":"","wpdc_topic_tags":"","wpdc_pin_topic":"","wpdc_pin_until":"","discourse_post_id":"","discourse_permalink":"","wpdc_publishing_response":"","wpdc_publishing_error":"","footnotes":""},"class_list":["post-9763","page","type-page","status-publish","hentry"],"yoast_head":"<!-- This site is optimized with the Yoast SEO plugin v25.3.1 - https:\/\/yoast.com\/wordpress\/plugins\/seo\/ -->\n<title>iFrame Portfolio-Widget f\u00fcr Ihre Website (kostenlos und schnell)<\/title>\n<meta name=\"description\" content=\"Erstellen Sie mit Elfsight Ihr Portfolio-Widget und ver\u00f6ffentlichen Sie es schnell auf Ihrer iFrame-Website. Wir bieten kostenlosen Kundensupport und weitere Boni.\" \/>\n<meta name=\"robots\" content=\"index, follow, max-snippet:-1, max-image-preview:large, max-video-preview:-1\" \/>\n<link rel=\"canonical\" href=\"https:\/\/elfsight.com\/de\/portfolio-widget\/iframe\/\" \/>\n<meta property=\"og:locale\" content=\"de_DE\" \/>\n<meta property=\"og:type\" content=\"article\" \/>\n<meta property=\"og:title\" content=\"iFrame Portfolio-Widget f\u00fcr Ihre Website (kostenlos und schnell)\" \/>\n<meta property=\"og:description\" content=\"Erstellen Sie mit Elfsight Ihr Portfolio-Widget und ver\u00f6ffentlichen Sie es schnell auf Ihrer iFrame-Website. Wir bieten kostenlosen Kundensupport und weitere Boni.\" \/>\n<meta property=\"og:url\" content=\"https:\/\/elfsight.com\/de\/portfolio-widget\/iframe\/\" \/>\n<meta property=\"og:site_name\" content=\"Elfsight DE\" \/>\n<meta property=\"article:modified_time\" content=\"2025-02-24T06:45:08+00:00\" \/>\n<meta name=\"twitter:card\" content=\"summary_large_image\" \/>\n<meta name=\"twitter:label1\" content=\"Gesch\u00e4tzte Lesezeit\" \/>\n\t<meta name=\"twitter:data1\" content=\"4\u00a0Minuten\" \/>\n<!-- \/ Yoast SEO plugin. -->","yoast_head_json":{"title":"iFrame Portfolio-Widget f\u00fcr Ihre Website (kostenlos und schnell)","description":"Erstellen Sie mit Elfsight Ihr Portfolio-Widget und ver\u00f6ffentlichen Sie es schnell auf Ihrer iFrame-Website. Wir bieten kostenlosen Kundensupport und weitere Boni.","robots":{"index":"index","follow":"follow","max-snippet":"max-snippet:-1","max-image-preview":"max-image-preview:large","max-video-preview":"max-video-preview:-1"},"canonical":"https:\/\/elfsight.com\/de\/portfolio-widget\/iframe\/","og_locale":"de_DE","og_type":"article","og_title":"iFrame Portfolio-Widget f\u00fcr Ihre Website (kostenlos und schnell)","og_description":"Erstellen Sie mit Elfsight Ihr Portfolio-Widget und ver\u00f6ffentlichen Sie es schnell auf Ihrer iFrame-Website. Wir bieten kostenlosen Kundensupport und weitere Boni.","og_url":"https:\/\/elfsight.com\/de\/portfolio-widget\/iframe\/","og_site_name":"Elfsight DE","article_modified_time":"2025-02-24T06:45:08+00:00","twitter_card":"summary_large_image","twitter_misc":{"Gesch\u00e4tzte Lesezeit":"4\u00a0Minuten"},"schema":{"@context":"https:\/\/schema.org","@graph":[{"@type":"WebPage","@id":"https:\/\/elfsight.com\/de\/portfolio-widget\/iframe\/","url":"https:\/\/elfsight.com\/de\/portfolio-widget\/iframe\/","name":"iFrame Portfolio-Widget f\u00fcr Ihre Website (kostenlos und schnell)","isPartOf":{"@id":"https:\/\/elfsight.com\/de\/#website"},"datePublished":"1970-01-01T00:00:00+00:00","dateModified":"2025-02-24T06:45:08+00:00","description":"Erstellen Sie mit Elfsight Ihr Portfolio-Widget und ver\u00f6ffentlichen Sie es schnell auf Ihrer iFrame-Website. Wir bieten kostenlosen Kundensupport und weitere Boni.","breadcrumb":{"@id":"https:\/\/elfsight.com\/de\/portfolio-widget\/iframe\/#breadcrumb"},"inLanguage":"de","potentialAction":[{"@type":"ReadAction","target":["https:\/\/elfsight.com\/de\/portfolio-widget\/iframe\/"]}]},{"@type":"BreadcrumbList","@id":"https:\/\/elfsight.com\/de\/portfolio-widget\/iframe\/#breadcrumb","itemListElement":[{"@type":"ListItem","position":1,"name":"Home","item":"https:\/\/elfsight.com\/de\/"},{"@type":"ListItem","position":2,"name":"Portfolio","item":"https:\/\/elfsight.com\/de\/portfolio-widget\/"},{"@type":"ListItem","position":3,"name":"Portfolio &#8211; iFrame"}]},{"@type":"WebSite","@id":"https:\/\/elfsight.com\/de\/#website","url":"https:\/\/elfsight.com\/de\/","name":"Elfsight DE","description":"Just another Elfsight Sites site","potentialAction":[{"@type":"SearchAction","target":{"@type":"EntryPoint","urlTemplate":"https:\/\/elfsight.com\/de\/?s={search_term_string}"},"query-input":{"@type":"PropertyValueSpecification","valueRequired":true,"valueName":"search_term_string"}}],"inLanguage":"de"}]}},"meta_box":{"industry":"","seo_heading":"","heading":"","description":"","cta_heading":"","cta_description":"","application":"491","h1":"iFrame-Portfolio-Widget","h1_caption":"Zeigen Sie Ihre Arbeit in einem anpassbaren Portfolio an, sodass Sie Ihre Projekte und Erfolge m\u00fchelos auf Ihrer iFrame-Website pr\u00e4sentieren k\u00f6nnen.","application_category":[],"applications_title":"","applications_request_title":"","applications_request_button_text":"","hero_text":"","hero_video":"","hero_video_schema_markup":"","selling_points_title":"","selling_points_caption":"","selling_points":[],"selling_points_cta_text":"","features_title":"","features":"","ed_cta_examples_text":"","ed_cta_examples_hidden":"","ed_cta_demo_text":"","ed_cta_demo_hidden":"","why_caption":"","why_editor_title":"","why_editor_text":"","why_team_title":"","why_team_text":"","why_service_title":"","why_service_text":"","template_catalog_visible":"0","template_catalog_title":"","template_catalog_text":"","template_catalog_categories_visible":"","demo_title":"Erstellen Sie Ihr Portfolio-Widget","demo_caption":"Konfigurieren Sie Ihr Portfolio und f\u00fcgen Sie es kostenlos zu Ihrer iFrame-Website hinzu!","default_faq_hidden":"","app_template_category":[],"platform":"240","template_public_id":"","codecanyon_url":"","codecanyon_item_id":"","codecanyon_price":"","pricing_caption":"","pricing_elfsight_apps_hide_column":"","pricing_elfsight_apps_url":"","pricing_codecanyon_price_caption":"","integration_category":[],"integration_request_title":"","integration_request_cta":"","integration_platform":"","integrations":[],"platform_category":[],"video_schema_markup":"","price":"ab 0 $ \/ Monat","trial":"","benefits":[{"text":"Kostenloser Installationsservice"},{"text":"Erfahrener Kundensupport"},{"text":"14-t\u00e4gige R\u00fcckerstattungsgarantie"},{"text":"Lebenslange kostenlose Updates"}],"button_url":"#demo","button_target_blank":"0","button_nofollow":"0","attributes":[{"name":"Installiert","content":"10,000 - 100,000"},{"name":"Reaktionsfreudig","content":"Ja"},{"name":"Kompatible Browser","content":"Firefox, Safari, Edge, Chrome, Opera"}],"tags":[],"tags_disable_links":"0","hide_more_platforms":"0","video_object":"","demo_hide_cta":"0","demo_hide_cloud_options":"0","pricing_title":"","pricing":[{"pricing_icon":"platform","pricing_title":"Elfsight Apps","pricing_title_caption":"Multiplattform-Software","pricing_price":"ab 0 $ \/ Monat","pricing_price_caption":"Beginnen Sie mit einem kostenlosen Plan","pricing_benefits":[{"text":"Unbegrenzte Websites"},{"text":"Kostenloser Kundensupport"},{"text":"Kostenloser Installationsservice"},{"text":"Tolles Angebot f\u00fcr mehrere Apps"}],"pricing_button_text":"Zur Website hinzuf\u00fcgen","pricing_button_url":"#demo"}],"related_apps_title":"","related_apps_hidden":"0","author":"","image":[],"title":"","job":"","social_networks":[]},"_links":{"self":[{"href":"https:\/\/elfsight.com\/de\/wp-json\/wp\/v2\/pages\/9763","targetHints":{"allow":["GET"]}}],"collection":[{"href":"https:\/\/elfsight.com\/de\/wp-json\/wp\/v2\/pages"}],"about":[{"href":"https:\/\/elfsight.com\/de\/wp-json\/wp\/v2\/types\/page"}],"author":[{"embeddable":true,"href":"https:\/\/elfsight.com\/de\/wp-json\/wp\/v2\/users\/9"}],"replies":[{"embeddable":true,"href":"https:\/\/elfsight.com\/de\/wp-json\/wp\/v2\/comments?post=9763"}],"version-history":[{"count":3,"href":"https:\/\/elfsight.com\/de\/wp-json\/wp\/v2\/pages\/9763\/revisions"}],"predecessor-version":[{"id":24780,"href":"https:\/\/elfsight.com\/de\/wp-json\/wp\/v2\/pages\/9763\/revisions\/24780"}],"up":[{"embeddable":true,"href":"https:\/\/elfsight.com\/de\/wp-json\/wp\/v2\/pages\/1344"}],"wp:attachment":[{"href":"https:\/\/elfsight.com\/de\/wp-json\/wp\/v2\/media?parent=9763"}],"curies":[{"name":"wp","href":"https:\/\/api.w.org\/{rel}","templated":true}]}}