{"id":9762,"date":"1970-01-01T00:00:00","date_gmt":"1970-01-01T00:00:00","guid":{"rendered":"https:\/\/elfsight.com\/de\/?page_id=9762"},"modified":"2025-07-09T14:16:29","modified_gmt":"2025-07-09T14:16:29","slug":"facebook","status":"publish","type":"page","link":"https:\/\/elfsight.com\/de\/portfolio-widget\/facebook\/","title":{"rendered":"Portfolio &#8211; Facebook Page"},"content":{"rendered":"<div class=\"application-platform-content-item-description application-platform-content-item\" id=\"description\" data-nav-section=\"description\"><h2>Beschreibung<\/h2><p>Das Elfsight Portfolio-Widget wurde erstellt, um allen zu helfen, die daran interessiert sind, ihre erstaunlichen Projekte auf der Website vorzuf\u00fchren und zu erhalten frische Verk\u00e4ufe. Mit dem Elfsight-Widget k\u00f6nnen Sie Sammlungen von Fotos, Videoinhalten, Zeichnungen und anderen Projektinhalten anzeigen. Jede Datei kann einen ausf\u00fchrlichen Text und ein Datum enthalten. Sie haben die M\u00f6glichkeit, Projekte an Websites zu binden und Projektkategorien einzurichten. Website-Benutzer sehen Ihr Projektportfolio, \u00f6ffnen jedes Projekt und sehen sich alle Arbeiten direkt auf Ihrer Homepage an. In der Kopfzeile des Widgets werden Ihr vollst\u00e4ndiger Name, Ihr Bild und Ihre Kontaktdaten angezeigt, damit Sie besser erreichbar sind. Der Call-to-Action-Button f\u00fchrt Kunden zur Bestellseite und hilft Ihnen, den Umsatz zu steigern. <\/p><div class=\"faq\" data-component=\"FAQ\"><div class=\"faq-item\">\r\n\t\t\t\t\t<div class=\"faq-item-question\">\r\n\t\t\t\t\t\t<h3 class=\"faq-item-question-text\">Wo kann ich dieses Plugin hinzuf\u00fcgen? <\/h3>\r\n\r\n\t\t\t\t\t\t<div class=\"faq-item-question-icon\"><\/div>\r\n\t\t\t\t\t<\/div>\r\n\r\n\t\t\t\t\t<div class=\"faq-item-answer\">\r\n\t\t\t\t\t\t<div class=\"faq-item-answer-text\"><p>Elfsight Portfolio kann auf jeder Seite Ihrer Website oder auf allen Seiten angezeigt werden. <\/p><\/div>\r\n\t\t\t\t\t<\/div>\r\n\t\t\t\t<\/div><div class=\"faq-item\">\r\n\t\t\t\t\t<div class=\"faq-item-question\">\r\n\t\t\t\t\t\t<h3 class=\"faq-item-question-text\">Wie k\u00f6nnte ich von der Verwendung des Widgets profitieren?<\/h3>\r\n\r\n\t\t\t\t\t\t<div class=\"faq-item-question-icon\"><\/div>\r\n\t\t\t\t\t<\/div>\r\n\r\n\t\t\t\t\t<div class=\"faq-item-answer\">\r\n\t\t\t\t\t\t<div class=\"faq-item-answer-text\"> <p>Ein sch\u00f6nes Portfolio mit Ihren Werken wird Ihren Besuchern all Ihre hohen F\u00e4higkeiten und Talente beweisen. Dadurch werden die Benutzer dazu motiviert, Ihre Dienste zu bestellen, und Sie werden neue K\u00e4ufe t\u00e4tigen. <\/p><\/div>\r\n\t\t\t\t\t<\/div>\r\n\t\t\t\t<\/div><div class=\"faq-item\">\r\n\t\t\t\t\t<div class=\"faq-item-question\">\r\n\t\t\t\t\t\t<h3 class=\"faq-item-question-text\">Wie f\u00fcge ich ein Portfolio-Widget auf meiner Facebook-Seite hinzu?<\/h3>\r\n\r\n\t\t\t\t\t\t<div class=\"faq-item-question-icon\"><\/div>\r\n\t\t\t\t\t<\/div>\r\n\r\n\t\t\t\t\t<div class=\"faq-item-answer\">\r\n\t\t\t\t\t\t<div class=\"faq-item-answer-text\"> <p>Es ist wirklich schnell, kostenlos und erfordert keine Programmierung. Sie k\u00f6nnen das Widget \u00fcber unseren Service auf der Website platzieren. Befolgen Sie dazu die nachstehende Anleitung auf dieser Seite. <\/p><\/div>\r\n\t\t\t\t\t<\/div>\r\n\t\t\t\t<\/div><\/div> <\/div> <div class=\"application-platform-content-item-features application-platform-content-item\" id=\"features\" data-nav-section=\"features\"><h2>Funktionen<\/h2><p>Um das Widget besser kennenzulernen, k\u00f6nnen Sie die Liste durchsehen der wesentlichen Funktionen. Sie machen das Widget f\u00fcr Ihr Unternehmen optimal: <\/p><ul><li>F\u00fcgen Sie eine beliebige Anzahl von Projekten mit Projekttiteln hinzu; <\/li><li>Erstellen Sie Gruppen und teilen Sie ihnen Projekte zu<\/li><li>W\u00e4hlen Sie die Datentypen aus, die im Popup und beim Hover angezeigt werden sollen; <\/li><li>Die Option, Beschreibungen zu schreiben und Daten zu den Materialien im Projekt hinzuzuf\u00fcgen<\/li><li>Aktive Schaltfl\u00e4che im Widget-Header und im Popup leitet Kunden zu jeder Adresse weiter<\/li><\/ul><p><a href=\"#demo\">Eine vollst\u00e4ndige Liste der Funktionen finden Sie in der Live-Demo<\/a><\/p><\/div> <div class=\"application-platform-content-item-installation application-platform-content-item\" id=\"installation\" data-nav-section=\"installation\"><h2>Wie kann ich Portfolio hinzuf\u00fcgen? in meine Facebook-Website? <\/h2><p>Erf\u00fcllen Sie einfach die folgenden Richtlinien, um mit der Arbeit mit dem Plugin zu beginnen. <\/p><ol><li><b>Nutzen Sie unsere kostenlose Demo und beginnen Sie mit der Gestaltung Ihres ma\u00dfgeschneiderten Plugins. <\/b><br>Bestimmen Sie das bevorzugte Aussehen und die Eigenschaften des Werkzeugs und nehmen Sie die Korrekturen vor. <\/li><li><b>Lassen Sie sich Ihren pers\u00f6nlichen Code im speziellen Formular auf Elfsight Apps anzeigen. <\/b><br>Nachdem die Einrichtung Ihres pers\u00f6nlichen Plugins abgeschlossen ist, kopieren Sie den einzelnen Code aus dem angezeigten Fenster und speichern Sie ihn f\u00fcr eine sp\u00e4tere Gelegenheit. <\/li><li><b>Beginnen Sie mit der Nutzung des Widgets auf der Facebook-Website. <\/b><br>Implementieren Sie den k\u00fcrzlich kopierten Code auf Ihrer Webseite und \u00fcbernehmen Sie die \u00c4nderungen. <\/li><li><b>Das Setup ist vollst\u00e4ndig beendet. <\/b><br>Gehen Sie auf Ihre Webseite, um einen Blick auf die Leistung des Tools zu werfen. <\/li><\/ol><p>Wenn Sie Fragen haben oder auf Komplikationen sto\u00dfen, z\u00f6gern Sie nicht, sich an unser Support-Team zu wenden. Unsere Mitarbeiter helfen Ihnen gerne bei allen Fragen, die Sie zum Widget haben.<\/p><\/div>","protected":false},"excerpt":{"rendered":"","protected":false},"author":9,"featured_media":0,"parent":1344,"menu_order":0,"comment_status":"closed","ping_status":"closed","template":"templates\/template-application-platform.php","meta":{"publish_to_discourse":"","publish_post_category":"","wpdc_auto_publish_overridden":"","wpdc_topic_tags":"","wpdc_pin_topic":"","wpdc_pin_until":"","discourse_post_id":"","discourse_permalink":"","wpdc_publishing_response":"","wpdc_publishing_error":"","footnotes":""},"class_list":["post-9762","page","type-page","status-publish","hentry"],"yoast_head":"<!-- This site is optimized with the Yoast SEO plugin v25.3.1 - https:\/\/yoast.com\/wordpress\/plugins\/seo\/ -->\n<title>Facebook-Portfolio-Seite \u2013 Portfolio-Widget zur Facebook-Seite hinzuf\u00fcgen [2025]<\/title>\n<meta name=\"description\" content=\"Entwerfen Sie ein effizientes Portfolio-Widget und f\u00fcgen Sie es Ihrem benutzerdefinierten Facebook-Tab hinzu. Genie\u00dfen Sie kostenlosen Kundensupport und andere Verg\u00fcnstigungen.\" \/>\n<meta name=\"robots\" content=\"index, follow, max-snippet:-1, max-image-preview:large, max-video-preview:-1\" \/>\n<link rel=\"canonical\" href=\"https:\/\/elfsight.com\/de\/portfolio-widget\/facebook\/\" \/>\n<meta property=\"og:locale\" content=\"de_DE\" \/>\n<meta property=\"og:type\" content=\"article\" \/>\n<meta property=\"og:title\" content=\"Facebook-Portfolio-Seite \u2013 Portfolio-Widget zur Facebook-Seite hinzuf\u00fcgen [2025]\" \/>\n<meta property=\"og:description\" content=\"Entwerfen Sie ein effizientes Portfolio-Widget und f\u00fcgen Sie es Ihrem benutzerdefinierten Facebook-Tab hinzu. Genie\u00dfen Sie kostenlosen Kundensupport und andere Verg\u00fcnstigungen.\" \/>\n<meta property=\"og:url\" content=\"https:\/\/elfsight.com\/de\/portfolio-widget\/facebook\/\" \/>\n<meta property=\"og:site_name\" content=\"Elfsight DE\" \/>\n<meta property=\"article:modified_time\" content=\"2025-07-09T14:16:29+00:00\" \/>\n<meta name=\"twitter:card\" content=\"summary_large_image\" \/>\n<meta name=\"twitter:label1\" content=\"Gesch\u00e4tzte Lesezeit\" \/>\n\t<meta name=\"twitter:data1\" content=\"3\u00a0Minuten\" \/>\n<!-- \/ Yoast SEO plugin. -->","yoast_head_json":{"title":"Facebook-Portfolio-Seite \u2013 Portfolio-Widget zur Facebook-Seite hinzuf\u00fcgen [2025]","description":"Entwerfen Sie ein effizientes Portfolio-Widget und f\u00fcgen Sie es Ihrem benutzerdefinierten Facebook-Tab hinzu. Genie\u00dfen Sie kostenlosen Kundensupport und andere Verg\u00fcnstigungen.","robots":{"index":"index","follow":"follow","max-snippet":"max-snippet:-1","max-image-preview":"max-image-preview:large","max-video-preview":"max-video-preview:-1"},"canonical":"https:\/\/elfsight.com\/de\/portfolio-widget\/facebook\/","og_locale":"de_DE","og_type":"article","og_title":"Facebook-Portfolio-Seite \u2013 Portfolio-Widget zur Facebook-Seite hinzuf\u00fcgen [2025]","og_description":"Entwerfen Sie ein effizientes Portfolio-Widget und f\u00fcgen Sie es Ihrem benutzerdefinierten Facebook-Tab hinzu. Genie\u00dfen Sie kostenlosen Kundensupport und andere Verg\u00fcnstigungen.","og_url":"https:\/\/elfsight.com\/de\/portfolio-widget\/facebook\/","og_site_name":"Elfsight DE","article_modified_time":"2025-07-09T14:16:29+00:00","twitter_card":"summary_large_image","twitter_misc":{"Gesch\u00e4tzte Lesezeit":"3\u00a0Minuten"},"schema":{"@context":"https:\/\/schema.org","@graph":[{"@type":"WebPage","@id":"https:\/\/elfsight.com\/de\/portfolio-widget\/facebook\/","url":"https:\/\/elfsight.com\/de\/portfolio-widget\/facebook\/","name":"Facebook-Portfolio-Seite \u2013 Portfolio-Widget zur Facebook-Seite hinzuf\u00fcgen [2025]","isPartOf":{"@id":"https:\/\/elfsight.com\/de\/#website"},"datePublished":"1970-01-01T00:00:00+00:00","dateModified":"2025-07-09T14:16:29+00:00","description":"Entwerfen Sie ein effizientes Portfolio-Widget und f\u00fcgen Sie es Ihrem benutzerdefinierten Facebook-Tab hinzu. Genie\u00dfen Sie kostenlosen Kundensupport und andere Verg\u00fcnstigungen.","breadcrumb":{"@id":"https:\/\/elfsight.com\/de\/portfolio-widget\/facebook\/#breadcrumb"},"inLanguage":"de","potentialAction":[{"@type":"ReadAction","target":["https:\/\/elfsight.com\/de\/portfolio-widget\/facebook\/"]}]},{"@type":"BreadcrumbList","@id":"https:\/\/elfsight.com\/de\/portfolio-widget\/facebook\/#breadcrumb","itemListElement":[{"@type":"ListItem","position":1,"name":"Home","item":"https:\/\/elfsight.com\/de\/"},{"@type":"ListItem","position":2,"name":"Portfolio","item":"https:\/\/elfsight.com\/de\/portfolio-widget\/"},{"@type":"ListItem","position":3,"name":"Portfolio &#8211; Facebook Page"}]},{"@type":"WebSite","@id":"https:\/\/elfsight.com\/de\/#website","url":"https:\/\/elfsight.com\/de\/","name":"Elfsight DE","description":"Just another Elfsight Sites site","potentialAction":[{"@type":"SearchAction","target":{"@type":"EntryPoint","urlTemplate":"https:\/\/elfsight.com\/de\/?s={search_term_string}"},"query-input":{"@type":"PropertyValueSpecification","valueRequired":true,"valueName":"search_term_string"}}],"inLanguage":"de"}]}},"meta_box":{"industry":"","seo_heading":"","heading":"","description":"","cta_heading":"","cta_description":"","application":"491","h1":"Facebook-Portfolio-Seite","h1_caption":"Pr\u00e4sentieren Sie Ihre Arbeit in einem anpassbaren Portfolio, sodass Sie Ihre Projekte und Erfolge ganz einfach und m\u00fchelos auf Ihrer Facebook-Seite pr\u00e4sentieren k\u00f6nnen.","application_category":[],"applications_title":"","applications_request_title":"","applications_request_button_text":"","hero_text":"","hero_video":"","hero_video_schema_markup":"","selling_points_title":"","selling_points_caption":"","selling_points":[],"selling_points_cta_text":"","features_title":"","features":"","ed_cta_examples_text":"","ed_cta_examples_hidden":"","ed_cta_demo_text":"","ed_cta_demo_hidden":"","why_caption":"","why_editor_title":"","why_editor_text":"","why_team_title":"","why_team_text":"","why_service_title":"","why_service_text":"","template_catalog_visible":"","template_catalog_title":"","template_catalog_text":"","template_catalog_categories_visible":"","demo_title":"Erstellen Sie Ihr Portfolio-Widget","demo_caption":"Konfigurieren Sie Ihr Portfolio und f\u00fcgen Sie es kostenlos Ihrer Facebook-Seite hinzu!","default_faq_hidden":"","app_template_category":[],"platform":"216","template_public_id":"","codecanyon_url":"","codecanyon_item_id":"","codecanyon_price":"","pricing_caption":"","pricing_elfsight_apps_hide_column":"","pricing_elfsight_apps_url":"","pricing_codecanyon_price_caption":"","integration_category":[],"integration_request_title":"","integration_request_cta":"","integration_platform":"","integrations":[],"platform_category":[],"video_schema_markup":"","price":"ab 0 $ \/ Monat","trial":"","benefits":[{"text":"Kostenlose Installationsunterst\u00fctzung"},{"text":"Kompetenter Kundenservice"},{"text":"14-t\u00e4gige R\u00fcckerstattungsgarantie"},{"text":"Zuk\u00fcnftige kostenlose Updates"}],"button_url":"#demo","button_target_blank":"","button_nofollow":"","attributes":[{"name":"Installiert","content":"10,000 - 100,000"},{"name":"Reaktionsfreudig","content":"Ja"},{"name":"Kompatible Browser","content":"Firefox, Edge, Opera, Safari, Chrome"}],"tags":[],"tags_disable_links":"","hide_more_platforms":"","video_object":"","demo_hide_cta":"","demo_hide_cloud_options":"","pricing_title":"","pricing":[{"pricing_icon":"platform","pricing_title":"Elfsight Apps","pricing_title_caption":"Multiplattform-Version","pricing_price":"ab 0 $ \/ Monat","pricing_price_caption":"Beginnen Sie mit einem kostenlosen Plan","pricing_benefits":[{"text":"Unbegrenzte Websites"},{"text":"Premium-Kundensupport"},{"text":"Kostenlose Installationshilfe"},{"text":"100 % anpassbar"}],"pricing_button_text":"Zur Website hinzuf\u00fcgen","pricing_button_url":"#demo"}],"related_apps_title":"","related_apps_hidden":"","author":"","image":[],"title":"","job":"","social_networks":[]},"_links":{"self":[{"href":"https:\/\/elfsight.com\/de\/wp-json\/wp\/v2\/pages\/9762","targetHints":{"allow":["GET"]}}],"collection":[{"href":"https:\/\/elfsight.com\/de\/wp-json\/wp\/v2\/pages"}],"about":[{"href":"https:\/\/elfsight.com\/de\/wp-json\/wp\/v2\/types\/page"}],"author":[{"embeddable":true,"href":"https:\/\/elfsight.com\/de\/wp-json\/wp\/v2\/users\/9"}],"replies":[{"embeddable":true,"href":"https:\/\/elfsight.com\/de\/wp-json\/wp\/v2\/comments?post=9762"}],"version-history":[{"count":1,"href":"https:\/\/elfsight.com\/de\/wp-json\/wp\/v2\/pages\/9762\/revisions"}],"predecessor-version":[{"id":9766,"href":"https:\/\/elfsight.com\/de\/wp-json\/wp\/v2\/pages\/9762\/revisions\/9766"}],"up":[{"embeddable":true,"href":"https:\/\/elfsight.com\/de\/wp-json\/wp\/v2\/pages\/1344"}],"wp:attachment":[{"href":"https:\/\/elfsight.com\/de\/wp-json\/wp\/v2\/media?parent=9762"}],"curies":[{"name":"wp","href":"https:\/\/api.w.org\/{rel}","templated":true}]}}