{"id":9761,"date":"1970-01-01T00:00:00","date_gmt":"1970-01-01T00:00:00","guid":{"rendered":"https:\/\/elfsight.com\/de\/?page_id=9761"},"modified":"2025-07-09T14:17:32","modified_gmt":"2025-07-09T14:17:32","slug":"woocommerce","status":"publish","type":"page","link":"https:\/\/elfsight.com\/de\/portfolio-widget\/woocommerce\/","title":{"rendered":"Portfolio &#8211; WooCommerce"},"content":{"rendered":"<div class=\"application-platform-content-item-description application-platform-content-item\" id=\"description\" data-nav-section=\"description\"><h2>Beschreibung<\/h2><p>Das Elfsight Portfolio-Widget wurde entwickelt, um jedem Benutzer zu helfen, der sein fantastisches Portfolio auf der Website ver\u00f6ffentlichen und mehr haben m\u00f6chte neue Kunden. Mit Hilfe des Widgets k\u00f6nnen Sie Sammlungen von Fotos, Videob\u00e4ndern, Zeichnungen und anderen Projektinhalten anzeigen. Jeder Projektdatei kann eine ausf\u00fchrliche Beschreibung und ein Datum beigef\u00fcgt werden. Sie k\u00f6nnen Projekte an Websites binden und Projekte in Gruppen aufteilen. Website-Benutzer \u00fcberpr\u00fcfen Ihr Portfolio, klicken auf jedes Projekt und sehen sich alle Bilder und Videob\u00e4nder direkt auf Ihrer Homepage an. In der Kopfzeile des Widgets werden Ihr Name, Ihr Foto und Ihre Kontaktdaten angezeigt, sodass Sie leichter zu erreichen sind. Die Schaltfl\u00e4che \u201eAktiv\u201c f\u00fchrt die Leute zur Bestellseite und hilft Ihnen, den Umsatz zu steigern. <\/p><div class=\"faq\" data-component=\"FAQ\"><div class=\"faq-item\">\r\n\t\t\t\t\t<div class=\"faq-item-question\">\r\n\t\t\t\t\t\t<h3 class=\"faq-item-question-text\">Wie bette ich ein Portfolio in meinen WooCommerce ein?<\/h3>\r\n\r\n\t\t\t\t\t\t<div class=\"faq-item-question-icon\"><\/div>\r\n\t\t\t\t\t<\/div>\r\n\r\n\t\t\t\t\t<div class=\"faq-item-answer\">\r\n\t\t\t\t\t\t<div class=\"faq-item-answer-text\"><p>Die Erstellung des Tools erfolgt auf den Elfsight-Seiten und Sie m\u00fcssen das Codieren nicht lernen. Nutzen Sie unsere aktive Demo, um Ihr eigenes Tool zu entwickeln, den Code zu erwerben und ihn auf Ihrer Website zu implementieren. <\/p><\/div>\r\n\t\t\t\t\t<\/div>\r\n\t\t\t\t<\/div><div class=\"faq-item\">\r\n\t\t\t\t\t<div class=\"faq-item-question\">\r\n\t\t\t\t\t\t<h3 class=\"faq-item-question-text\">Die besten Anwendungsbeispiele f\u00fcr die Integration von Bild-Website-Portfolios<\/h3>\r\n\r\n\t\t\t\t\t\t<div class=\"faq-item-question-icon\"><\/div>\r\n\t\t\t\t\t<\/div>\r\n\r\n\t\t\t\t\t<div class=\"faq-item-answer\">\r\n\t\t\t\t\t\t<div class=\"faq-item-answer-text\"><p>Wir haben eine Vielzahl von Personalisierungsoptionen: Widgets in voller Gr\u00f6\u00dfe zum Einf\u00fcgen in den Inhaltsbereich , schwebende Plugins mit Scrollm\u00f6glichkeiten, Layouts f\u00fcr Fu\u00dfzeile, Kopfzeile und alle Variationen vertikaler M\u00f6glichkeiten f\u00fcr Website-Seitenleisten und Men\u00fcs. <\/p><\/div>\r\n\t\t\t\t\t<\/div>\r\n\t\t\t\t<\/div><div class=\"faq-item\">\r\n\t\t\t\t\t<div class=\"faq-item-question\">\r\n\t\t\t\t\t\t<h3 class=\"faq-item-question-text\">Gibt es die M\u00f6glichkeit, mit Hilfe Ihres Redakteurs eine Galerie oder ein Slider-Portfolio zu erstellen? <\/h3>\r\n\r\n\t\t\t\t\t\t<div class=\"faq-item-question-icon\"><\/div>\r\n\t\t\t\t\t<\/div>\r\n\r\n\t\t\t\t\t<div class=\"faq-item-answer\">\r\n\t\t\t\t\t\t<div class=\"faq-item-answer-text\"><p>Sie k\u00f6nnen die \u00c4nderungen jedes Widgets erstellen. Im Editor stehen zahlreiche Layouts zur Verf\u00fcgung, die alle problemlos nach Ihren W\u00fcnschen angepasst werden k\u00f6nnen. <\/p><\/div>\r\n\t\t\t\t\t<\/div>\r\n\t\t\t\t<\/div><\/div><\/div> <div class=\"application-platform-content-item-features application-platform-content-item\" id=\"features\" data-nav-section=\"features\"><h2>Funktionen<\/h2><p>Um sich ein klares Wissen \u00fcber das Widget zu verschaffen, sehen Sie sich die Liste der Hauptfunktionen an Z\u00fcge. Sie machen unser Widget f\u00fcr Sie maximal effizient: <\/p><ul><li>Beliebig viele Projekte anzeigen und deren Titel hinzuf\u00fcgen; <\/li><li>Gruppen festlegen und ihnen Projekte zuweisen<\/li><li>Legen Sie fest, welche Daten im Popup und beim Hover angezeigt werden sollen; <\/li><li>Die Option zum Hinzuf\u00fcgen von Texten und Datumsangaben zu den Dateien im Projekt<\/li><li>Call-to-Action-Schaltfl\u00e4che im Widget-Header und im Popup leitet Kunden zu einer beliebigen Website weiter<\/li> <\/ul><p><a href=\"#demo\">Eine vollst\u00e4ndige Liste der Funktionen finden Sie in unserer Demo<\/a><\/p><\/div> <div class=\"application-platform-content-item-installation application-platform-content-item\" id=\"installation\" data-nav-section=\"installation\"><h2> Wie kann ich Portfolio zu meiner WooCommerce-Website hinzuf\u00fcgen? <\/h2><p>F\u00fchren Sie einfach die unten aufgef\u00fchrten Schritte aus, um das Tool zu aktivieren. <\/p><ol><li><b>\u00d6ffnen Sie unseren kostenlosen Konfigurator und beginnen Sie mit der Erstellung Ihres eigenen Widgets. <\/b><br>Finden Sie das bevorzugte Design und die Eigenschaften des Werkzeugs und speichern Sie die \u00c4nderungen. <\/li><li><b>Kopieren Sie Ihren einzigartigen Code, der im Sonderformular auf Elfsight Apps erscheint. <\/b><br>Kopieren Sie direkt nach Abschluss der Generierung Ihres Plugins den pers\u00f6nlichen Code im angezeigten Feld und bewahren Sie ihn f\u00fcr einen sp\u00e4teren Bedarf auf. <\/li><li><b>Beginnen Sie mit der Verwendung des Widgets auf Ihrer WooCommerce-Site. <\/b><br>F\u00fcgen Sie den zuvor kopierten Code in Ihre Website ein und wenden Sie die Verbesserungen an. <\/li><li><b>Fertig! Das Setup ist vollst\u00e4ndig beendet. <\/b><br>Gehen Sie auf Ihre Website, um zu sehen, wie das Widget funktioniert. <\/li><\/ol><p>Z\u00f6gern Sie nicht, sich an unser Kundendienstteam zu wenden, wenn Sie Fragen haben oder auf Hindernisse sto\u00dfen. Unsere Mitarbeiter werden sich freuen, alle Probleme zu l\u00f6sen, die Sie m\u00f6glicherweise mit dem Widget haben.<\/p><\/div>","protected":false},"excerpt":{"rendered":"","protected":false},"author":9,"featured_media":0,"parent":1344,"menu_order":0,"comment_status":"closed","ping_status":"closed","template":"templates\/template-application-platform.php","meta":{"publish_to_discourse":"","publish_post_category":"","wpdc_auto_publish_overridden":"","wpdc_topic_tags":"","wpdc_pin_topic":"","wpdc_pin_until":"","discourse_post_id":"","discourse_permalink":"","wpdc_publishing_response":"","wpdc_publishing_error":"","footnotes":""},"class_list":["post-9761","page","type-page","status-publish","hentry"],"yoast_head":"<!-- This site is optimized with the Yoast SEO plugin v25.3.1 - https:\/\/yoast.com\/wordpress\/plugins\/seo\/ -->\n<title>WooCommerce Portfolio \u2013 Portfolio-Plugin zur WooCommerce-Website hinzuf\u00fcgen<\/title>\n<meta name=\"description\" content=\"Erstellen Sie ganz einfach Ihr Portfolio-Plugin und f\u00fcgen Sie es der WooCommerce-Website hinzu. Elfsight bietet kostenlosen Kundenservice.\" \/>\n<meta name=\"robots\" content=\"index, follow, max-snippet:-1, max-image-preview:large, max-video-preview:-1\" \/>\n<link rel=\"canonical\" href=\"https:\/\/elfsight.com\/de\/portfolio-widget\/woocommerce\/\" \/>\n<meta property=\"og:locale\" content=\"de_DE\" \/>\n<meta property=\"og:type\" content=\"article\" \/>\n<meta property=\"og:title\" content=\"WooCommerce Portfolio \u2013 Portfolio-Plugin zur WooCommerce-Website hinzuf\u00fcgen\" \/>\n<meta property=\"og:description\" content=\"Erstellen Sie ganz einfach Ihr Portfolio-Plugin und f\u00fcgen Sie es der WooCommerce-Website hinzu. Elfsight bietet kostenlosen Kundenservice.\" \/>\n<meta property=\"og:url\" content=\"https:\/\/elfsight.com\/de\/portfolio-widget\/woocommerce\/\" \/>\n<meta property=\"og:site_name\" content=\"Elfsight DE\" \/>\n<meta property=\"article:modified_time\" content=\"2025-07-09T14:17:32+00:00\" \/>\n<meta name=\"twitter:card\" content=\"summary_large_image\" \/>\n<meta name=\"twitter:label1\" content=\"Gesch\u00e4tzte Lesezeit\" \/>\n\t<meta name=\"twitter:data1\" content=\"3\u00a0Minuten\" \/>\n<!-- \/ Yoast SEO plugin. -->","yoast_head_json":{"title":"WooCommerce Portfolio \u2013 Portfolio-Plugin zur WooCommerce-Website hinzuf\u00fcgen","description":"Erstellen Sie ganz einfach Ihr Portfolio-Plugin und f\u00fcgen Sie es der WooCommerce-Website hinzu. Elfsight bietet kostenlosen Kundenservice.","robots":{"index":"index","follow":"follow","max-snippet":"max-snippet:-1","max-image-preview":"max-image-preview:large","max-video-preview":"max-video-preview:-1"},"canonical":"https:\/\/elfsight.com\/de\/portfolio-widget\/woocommerce\/","og_locale":"de_DE","og_type":"article","og_title":"WooCommerce Portfolio \u2013 Portfolio-Plugin zur WooCommerce-Website hinzuf\u00fcgen","og_description":"Erstellen Sie ganz einfach Ihr Portfolio-Plugin und f\u00fcgen Sie es der WooCommerce-Website hinzu. Elfsight bietet kostenlosen Kundenservice.","og_url":"https:\/\/elfsight.com\/de\/portfolio-widget\/woocommerce\/","og_site_name":"Elfsight DE","article_modified_time":"2025-07-09T14:17:32+00:00","twitter_card":"summary_large_image","twitter_misc":{"Gesch\u00e4tzte Lesezeit":"3\u00a0Minuten"},"schema":{"@context":"https:\/\/schema.org","@graph":[{"@type":"WebPage","@id":"https:\/\/elfsight.com\/de\/portfolio-widget\/woocommerce\/","url":"https:\/\/elfsight.com\/de\/portfolio-widget\/woocommerce\/","name":"WooCommerce Portfolio \u2013 Portfolio-Plugin zur WooCommerce-Website hinzuf\u00fcgen","isPartOf":{"@id":"https:\/\/elfsight.com\/de\/#website"},"datePublished":"1970-01-01T00:00:00+00:00","dateModified":"2025-07-09T14:17:32+00:00","description":"Erstellen Sie ganz einfach Ihr Portfolio-Plugin und f\u00fcgen Sie es der WooCommerce-Website hinzu. Elfsight bietet kostenlosen Kundenservice.","breadcrumb":{"@id":"https:\/\/elfsight.com\/de\/portfolio-widget\/woocommerce\/#breadcrumb"},"inLanguage":"de","potentialAction":[{"@type":"ReadAction","target":["https:\/\/elfsight.com\/de\/portfolio-widget\/woocommerce\/"]}]},{"@type":"BreadcrumbList","@id":"https:\/\/elfsight.com\/de\/portfolio-widget\/woocommerce\/#breadcrumb","itemListElement":[{"@type":"ListItem","position":1,"name":"Home","item":"https:\/\/elfsight.com\/de\/"},{"@type":"ListItem","position":2,"name":"Portfolio","item":"https:\/\/elfsight.com\/de\/portfolio-widget\/"},{"@type":"ListItem","position":3,"name":"Portfolio &#8211; WooCommerce"}]},{"@type":"WebSite","@id":"https:\/\/elfsight.com\/de\/#website","url":"https:\/\/elfsight.com\/de\/","name":"Elfsight DE","description":"Just another Elfsight Sites site","potentialAction":[{"@type":"SearchAction","target":{"@type":"EntryPoint","urlTemplate":"https:\/\/elfsight.com\/de\/?s={search_term_string}"},"query-input":{"@type":"PropertyValueSpecification","valueRequired":true,"valueName":"search_term_string"}}],"inLanguage":"de"}]}},"meta_box":{"industry":"","seo_heading":"","heading":"","description":"","cta_heading":"","cta_description":"","application":"491","h1":"WooCommerce Portfolio-Plugin","h1_caption":"Pr\u00e4sentieren Sie Ihre Arbeit in einem anpassbaren Portfolio, sodass Sie Ihre Projekte und Erfolge ganz einfach und m\u00fchelos auf Ihrer WooCommerce-Website pr\u00e4sentieren k\u00f6nnen.","application_category":[],"applications_title":"","applications_request_title":"","applications_request_button_text":"","hero_text":"","hero_video":"","hero_video_schema_markup":"","selling_points_title":"","selling_points_caption":"","selling_points":[],"selling_points_cta_text":"","features_title":"","features":"","ed_cta_examples_text":"","ed_cta_examples_hidden":"","ed_cta_demo_text":"","ed_cta_demo_hidden":"","why_caption":"","why_editor_title":"","why_editor_text":"","why_team_title":"","why_team_text":"","why_service_title":"","why_service_text":"","template_catalog_visible":"","template_catalog_title":"","template_catalog_text":"","template_catalog_categories_visible":"","demo_title":"Erstellen Sie Ihre Portfolio-App","demo_caption":"Konfigurieren Sie Ihr Portfolio und f\u00fcgen Sie es kostenlos zu Ihrer WooCommerce-Website hinzu!","default_faq_hidden":"","app_template_category":[],"platform":"200","template_public_id":"","codecanyon_url":"","codecanyon_item_id":"","codecanyon_price":"","pricing_caption":"","pricing_elfsight_apps_hide_column":"","pricing_elfsight_apps_url":"","pricing_codecanyon_price_caption":"","integration_category":[],"integration_request_title":"","integration_request_cta":"","integration_platform":"","integrations":[],"platform_category":[],"video_schema_markup":"","price":"ab 0 $ \/ Monat","trial":"","benefits":[{"text":"Kostenlose Installationshilfe"},{"text":"Kompetenter Kundenservice"},{"text":"14-t\u00e4gige R\u00fcckerstattungsgarantie"},{"text":"Lebenslange kostenlose Verbesserungen"}],"button_url":"#demo","button_target_blank":"","button_nofollow":"","attributes":[{"name":"Installiert","content":"10,000 - 100,000"},{"name":"Reaktionsfreudig","content":"Ja"},{"name":"Kompatible Browser","content":"Firefox, Safari, Opera, Chrome, Edge"}],"tags":[],"tags_disable_links":"","hide_more_platforms":"","video_object":"","demo_hide_cta":"","demo_hide_cloud_options":"","pricing_title":"","pricing":[{"pricing_icon":"platform","pricing_title":"Elfsight Apps","pricing_title_caption":"Plattform\u00fcbergreifende Version, die f\u00fcr jede Website geeignet ist","pricing_price":"ab 0 $ \/ Monat","pricing_price_caption":"Beginnen Sie mit einem kostenlosen Plan","pricing_benefits":[{"text":"Unbegrenzte Domains"},{"text":"Kostenloser und p\u00fcnktlicher Support und gut dokumentiert"},{"text":"Kostenloser Installationsservice"},{"text":"100 % anpassbar"}],"pricing_button_text":"Zur Website hinzuf\u00fcgen","pricing_button_url":"#demo"}],"related_apps_title":"","related_apps_hidden":"","author":"","image":[],"title":"","job":"","social_networks":[]},"_links":{"self":[{"href":"https:\/\/elfsight.com\/de\/wp-json\/wp\/v2\/pages\/9761","targetHints":{"allow":["GET"]}}],"collection":[{"href":"https:\/\/elfsight.com\/de\/wp-json\/wp\/v2\/pages"}],"about":[{"href":"https:\/\/elfsight.com\/de\/wp-json\/wp\/v2\/types\/page"}],"author":[{"embeddable":true,"href":"https:\/\/elfsight.com\/de\/wp-json\/wp\/v2\/users\/9"}],"replies":[{"embeddable":true,"href":"https:\/\/elfsight.com\/de\/wp-json\/wp\/v2\/comments?post=9761"}],"version-history":[{"count":2,"href":"https:\/\/elfsight.com\/de\/wp-json\/wp\/v2\/pages\/9761\/revisions"}],"predecessor-version":[{"id":21766,"href":"https:\/\/elfsight.com\/de\/wp-json\/wp\/v2\/pages\/9761\/revisions\/21766"}],"up":[{"embeddable":true,"href":"https:\/\/elfsight.com\/de\/wp-json\/wp\/v2\/pages\/1344"}],"wp:attachment":[{"href":"https:\/\/elfsight.com\/de\/wp-json\/wp\/v2\/media?parent=9761"}],"curies":[{"name":"wp","href":"https:\/\/api.w.org\/{rel}","templated":true}]}}