{"id":9754,"date":"1970-01-01T00:00:00","date_gmt":"1970-01-01T00:00:00","guid":{"rendered":"https:\/\/elfsight.com\/de\/?page_id=9754"},"modified":"2025-02-24T08:58:12","modified_gmt":"2025-02-24T08:58:12","slug":"godaddy","status":"publish","type":"page","link":"https:\/\/elfsight.com\/de\/portfolio-widget\/godaddy\/","title":{"rendered":"Portfolio &#8211; GoDaddy"},"content":{"rendered":"\n<div class=\"application-platform-content-item-description application-platform-content-item\" id=\"description\" data-nav-section=\"description\"> <h2>Portfolio auf GoDaddy mit dem Elfsight-Widget einbetten<\/h2> <p>Das Elfsight Portfolio-Plugin f\u00fcr GoDaddy wird f\u00fcr jede Person erstellt, die ihr Portfolio ausstellen muss aktive Arbeit an der Website und mehr neue Kunden. Mit dem Elfsight-Tool k\u00f6nnen Sie eine Auswahl an Aufnahmen, Videoinhalten, Gem\u00e4lden und anderen Projektinhalten anzeigen. Jeder Datei kann eine ausf\u00fchrliche Beschreibung und ein Datum beigef\u00fcgt werden. Sie haben die M\u00f6glichkeit, Projekte mit ihren Websites zu verkn\u00fcpfen und Projekte in Gruppen aufzuteilen. <\/p> <p><b>Mehr Leads mit Ein-Klick-Kontaktm\u00f6glichkeiten und Links zu sozialen Medien!<\/b><\/p> <\/div> <div class=\"application-platform-content-item-features application-platform-content-item\" id=\"features\" data-nav-section=\"features\"> <h2>Wir bieten praktische und schnelle Funktionen, sehen Sie sich einige davon an: <\/h2> <ul><li>Erstellen Sie Ihr Projektportfolio, um Werke aus allen Bereichen zu zeigen<\/li><li>Legen Sie Kategorien fest und weisen Sie ihnen Projekte zu<\/li><li>Call-to-Action-Schaltfl\u00e4che im Header und im Popup leitet den Benutzer zu einer beliebigen Adresse weiter<\/li><li>Beschreibungen und Daten zu den Werken im Projekt hinzuf\u00fcgen<\/li><li>Plugin-Header zeigt den Namen und das Foto des Autors und Beschreibungstext<\/li><\/ul><p><a href=\"#demo\">Die vollst\u00e4ndigen M\u00f6glichkeiten des Plugins erfahren Sie in der Demo auf dieser Seite<\/a><\/p> <\/div> <div class=\"application-platform-content-item-installation application-platform-content-item\" id=\"installation\" data-nav-section=\"installation\"> <h2>Wie bette ich Portfolio in meine GoDaddy-Website ein? <\/h2> <p>Befolgen Sie einfach die folgenden Richtlinien, um mit der Arbeit mit dem Plugin zu beginnen. <\/p> <ol><li><b>Verwalten Sie unseren kostenlosen Konfigurator und beginnen Sie mit dem Bau Ihres ma\u00dfgeschneiderten Instruments. <\/b><br> Bestimmen Sie das bevorzugte Layout und die Funktionalit\u00e4t des Tools und speichern Sie die \u00c4nderungen. <\/li> <li><b>Kopieren Sie den einzelnen Code, der im Fenster von Elfsight Apps angezeigt wird. <\/b><br> Wenn die Anpassung Ihres pers\u00f6nlichen Tools abgeschlossen ist, kopieren Sie den pers\u00f6nlichen Code im angezeigten Popup und speichern Sie ihn f\u00fcr die zuk\u00fcnftige Verwendung. <\/li> <li><b>Geben Sie Informationen zur Verwendung des Tools auf der GoDaddy-Website ein. <\/b><br> Geben Sie den zuvor kopierten Code in Ihre Seite ein und speichern Sie die Verbesserungen. <\/li> <li><b>Die Installation ist vollst\u00e4ndig abgeschlossen. <\/b><br> Gehen Sie zu Ihrer Seite, um die Leistung des Plugins zu \u00fcberpr\u00fcfen. <\/li><\/ol> <p>Z\u00f6gern Sie nicht, sich an unser Support-Team zu wenden, wenn Sie mit Fragen oder Konflikten konfrontiert werden. Unsere Berater helfen Ihnen gerne bei allen Fragen rund um das Plugin weiter. <\/p> <div class=\"faq\" data-component=\"FAQ\"><div class=\"faq-item\">\r\n\t\t\t\t\t<div class=\"faq-item-question\">\r\n\t\t\t\t\t\t<h3 class=\"faq-item-question-text\">Wie ist es m\u00f6glich, Portfolio ohne Programmiererfahrung zu meiner GoDaddy-Homepage hinzuzuf\u00fcgen?<\/h3>\r\n\r\n\t\t\t\t\t\t<div class=\"faq-item-question-icon\"><\/div>\r\n\t\t\t\t\t<\/div>\r\n\r\n\t\t\t\t\t<div class=\"faq-item-answer\">\r\n\t\t\t\t\t\t<div class=\"faq-item-answer-text\"> <p>Das Unternehmen Elfsight stellt eine L\u00f6sung vor, mit der Sie selbst ein Portfolio-Widget erstellen k\u00f6nnen. Sehen Sie sich das an Einfache Anleitung: Gehen Sie zum Live-Editor, um ein Portfolio-Plugin zu erstellen, das Sie auf der GoDaddy-Website sehen m\u00f6chten. W\u00e4hlen Sie eine der vorgefertigten Vorlagen aus und \u00e4ndern Sie die Portfolio-Einstellungen, \u00e4ndern Sie das Layout und die Farbschemata einschlie\u00dflich Ihrer Inhalte, ganz ohne Programmieraufwand. Speichern Sie die von Ihnen vorgenommenen Einstellungen in Portfolio und kopieren Sie den Installationscode, der problemlos und kostenlos in jede GoDaddy-Homepage eingebettet werden kann. Mit dem benutzerfreundlichen Konfigurator kann jeder Webbenutzer ein Portfolio erstellen und es problemlos zu seiner GoDaddy-Website hinzuf\u00fcgen. F\u00fcr den Zugriff auf den Editor ist keine Zahlung oder Offenlegung Ihrer Kartendaten erforderlich. Sollten bei irgendeinem Schritt Probleme auftreten, wenden Sie sich bitte an unseren Kundensupport.<\/p> <\/div>\r\n\t\t\t\t\t<\/div>\r\n\t\t\t\t<\/div> <\/div><\/div>\n","protected":false},"excerpt":{"rendered":"","protected":false},"author":9,"featured_media":0,"parent":1344,"menu_order":0,"comment_status":"closed","ping_status":"closed","template":"templates\/template-application-platform.php","meta":{"publish_to_discourse":"","publish_post_category":"","wpdc_auto_publish_overridden":"","wpdc_topic_tags":"","wpdc_pin_topic":"","wpdc_pin_until":"","discourse_post_id":"","discourse_permalink":"","wpdc_publishing_response":"","wpdc_publishing_error":"","footnotes":""},"class_list":["post-9754","page","type-page","status-publish","hentry"],"yoast_head":"<!-- This site is optimized with the Yoast SEO plugin v25.3.1 - https:\/\/yoast.com\/wordpress\/plugins\/seo\/ -->\n<title>Portfolio \u2013 Portfolio-Plugin zur GoDaddy-Website hinzuf\u00fcgen!<\/title>\n<meta name=\"description\" content=\"Pr\u00e4sentieren Sie Ihre besten Werke \u00fcber ein attraktives und kreatives Portfolio-Plugin f\u00fcr GoDaddy-Websites! Gewinnen Sie mit nur wenigen Klicks mehr Kunden!\" \/>\n<meta name=\"robots\" content=\"index, follow, max-snippet:-1, max-image-preview:large, max-video-preview:-1\" \/>\n<link rel=\"canonical\" href=\"https:\/\/elfsight.com\/de\/portfolio-widget\/godaddy\/\" \/>\n<meta property=\"og:locale\" content=\"de_DE\" \/>\n<meta property=\"og:type\" content=\"article\" \/>\n<meta property=\"og:title\" content=\"Portfolio \u2013 Portfolio-Plugin zur GoDaddy-Website hinzuf\u00fcgen!\" \/>\n<meta property=\"og:description\" content=\"Pr\u00e4sentieren Sie Ihre besten Werke \u00fcber ein attraktives und kreatives Portfolio-Plugin f\u00fcr GoDaddy-Websites! Gewinnen Sie mit nur wenigen Klicks mehr Kunden!\" \/>\n<meta property=\"og:url\" content=\"https:\/\/elfsight.com\/de\/portfolio-widget\/godaddy\/\" \/>\n<meta property=\"og:site_name\" content=\"Elfsight DE\" \/>\n<meta property=\"article:modified_time\" content=\"2025-02-24T08:58:12+00:00\" \/>\n<meta name=\"twitter:card\" content=\"summary_large_image\" \/>\n<meta name=\"twitter:label1\" content=\"Gesch\u00e4tzte Lesezeit\" \/>\n\t<meta name=\"twitter:data1\" content=\"3\u00a0Minuten\" \/>\n<!-- \/ Yoast SEO plugin. -->","yoast_head_json":{"title":"Portfolio \u2013 Portfolio-Plugin zur GoDaddy-Website hinzuf\u00fcgen!","description":"Pr\u00e4sentieren Sie Ihre besten Werke \u00fcber ein attraktives und kreatives Portfolio-Plugin f\u00fcr GoDaddy-Websites! Gewinnen Sie mit nur wenigen Klicks mehr Kunden!","robots":{"index":"index","follow":"follow","max-snippet":"max-snippet:-1","max-image-preview":"max-image-preview:large","max-video-preview":"max-video-preview:-1"},"canonical":"https:\/\/elfsight.com\/de\/portfolio-widget\/godaddy\/","og_locale":"de_DE","og_type":"article","og_title":"Portfolio \u2013 Portfolio-Plugin zur GoDaddy-Website hinzuf\u00fcgen!","og_description":"Pr\u00e4sentieren Sie Ihre besten Werke \u00fcber ein attraktives und kreatives Portfolio-Plugin f\u00fcr GoDaddy-Websites! Gewinnen Sie mit nur wenigen Klicks mehr Kunden!","og_url":"https:\/\/elfsight.com\/de\/portfolio-widget\/godaddy\/","og_site_name":"Elfsight DE","article_modified_time":"2025-02-24T08:58:12+00:00","twitter_card":"summary_large_image","twitter_misc":{"Gesch\u00e4tzte Lesezeit":"3\u00a0Minuten"},"schema":{"@context":"https:\/\/schema.org","@graph":[{"@type":"WebPage","@id":"https:\/\/elfsight.com\/de\/portfolio-widget\/godaddy\/","url":"https:\/\/elfsight.com\/de\/portfolio-widget\/godaddy\/","name":"Portfolio \u2013 Portfolio-Plugin zur GoDaddy-Website hinzuf\u00fcgen!","isPartOf":{"@id":"https:\/\/elfsight.com\/de\/#website"},"datePublished":"1970-01-01T00:00:00+00:00","dateModified":"2025-02-24T08:58:12+00:00","description":"Pr\u00e4sentieren Sie Ihre besten Werke \u00fcber ein attraktives und kreatives Portfolio-Plugin f\u00fcr GoDaddy-Websites! Gewinnen Sie mit nur wenigen Klicks mehr Kunden!","breadcrumb":{"@id":"https:\/\/elfsight.com\/de\/portfolio-widget\/godaddy\/#breadcrumb"},"inLanguage":"de","potentialAction":[{"@type":"ReadAction","target":["https:\/\/elfsight.com\/de\/portfolio-widget\/godaddy\/"]}]},{"@type":"BreadcrumbList","@id":"https:\/\/elfsight.com\/de\/portfolio-widget\/godaddy\/#breadcrumb","itemListElement":[{"@type":"ListItem","position":1,"name":"Home","item":"https:\/\/elfsight.com\/de\/"},{"@type":"ListItem","position":2,"name":"Portfolio","item":"https:\/\/elfsight.com\/de\/portfolio-widget\/"},{"@type":"ListItem","position":3,"name":"Portfolio &#8211; GoDaddy"}]},{"@type":"WebSite","@id":"https:\/\/elfsight.com\/de\/#website","url":"https:\/\/elfsight.com\/de\/","name":"Elfsight DE","description":"Just another Elfsight Sites site","potentialAction":[{"@type":"SearchAction","target":{"@type":"EntryPoint","urlTemplate":"https:\/\/elfsight.com\/de\/?s={search_term_string}"},"query-input":{"@type":"PropertyValueSpecification","valueRequired":true,"valueName":"search_term_string"}}],"inLanguage":"de"}]}},"meta_box":{"industry":"","seo_heading":"","heading":"","description":"","cta_heading":"","cta_description":"","application":"491","h1":"GoDaddy Portfolio-Plugin","h1_caption":"Zeigen Sie Ihre Arbeit in einem anpassbaren Portfolio an, sodass Sie Ihre Projekte und Erfolge ganz einfach und m\u00fchelos auf Ihrer GoDaddy-Website pr\u00e4sentieren k\u00f6nnen.","application_category":[],"applications_title":"","applications_request_title":"","applications_request_button_text":"","hero_text":"","hero_video":"","hero_video_schema_markup":"","selling_points_title":"","selling_points_caption":"","selling_points":[],"selling_points_cta_text":"","features_title":"","features":"","ed_cta_examples_text":"","ed_cta_examples_hidden":"","ed_cta_demo_text":"","ed_cta_demo_hidden":"","why_caption":"","why_editor_title":"","why_editor_text":"","why_team_title":"","why_team_text":"","why_service_title":"","why_service_text":"","template_catalog_visible":"0","template_catalog_title":"","template_catalog_text":"","template_catalog_categories_visible":"","demo_title":"Erstellen Sie Ihr Portfolio-Plugin","demo_caption":"Konfigurieren Sie Ihr Portfolio und f\u00fcgen Sie es kostenlos Ihrer GoDaddy-Website hinzu!","default_faq_hidden":"","app_template_category":[],"platform":"241","template_public_id":"","codecanyon_url":"","codecanyon_item_id":"","codecanyon_price":"","pricing_caption":"","pricing_elfsight_apps_hide_column":"","pricing_elfsight_apps_url":"","pricing_codecanyon_price_caption":"","integration_category":[],"integration_request_title":"","integration_request_cta":"","integration_platform":"","integrations":[],"platform_category":[],"video_schema_markup":"","price":"ab 0 $ \/ Monat","trial":"","benefits":[{"text":"Kostenloser Installationsservice"},{"text":"Professioneller Kundenservice"},{"text":"14-t\u00e4gige Geld-zur\u00fcck-Garantie"},{"text":"St\u00e4ndige Aktualisierung"}],"button_url":"#demo","button_target_blank":"0","button_nofollow":"0","attributes":[{"name":"Installiert","content":"10,000 - 100,000"},{"name":"Reaktionsfreudig","content":"Ja"},{"name":"Kompatible Browser","content":"IE11, Firefox, Safari, Opera, Chrome, Edge"}],"tags":[],"tags_disable_links":"0","hide_more_platforms":"0","video_object":"","demo_hide_cta":"0","demo_hide_cloud_options":"0","pricing_title":"","pricing":[{"pricing_icon":"platform","pricing_title":"Elfsight Apps","pricing_title_caption":"Plattform\u00fcbergreifende Software","pricing_price":"ab 0 $ \/ Monat","pricing_price_caption":"Beginnen Sie mit einem kostenlosen Plan","pricing_benefits":[{"text":"Unbegrenzte Websites"},{"text":"24\/7 und p\u00fcnktlicher Support"},{"text":"Kostenloser Installationsservice"},{"text":"100 % anpassbar"}],"pricing_button_text":"Zur Website hinzuf\u00fcgen","pricing_button_url":"#demo"}],"related_apps_title":"","related_apps_hidden":"0","author":"","image":[],"title":"","job":"","social_networks":[]},"_links":{"self":[{"href":"https:\/\/elfsight.com\/de\/wp-json\/wp\/v2\/pages\/9754","targetHints":{"allow":["GET"]}}],"collection":[{"href":"https:\/\/elfsight.com\/de\/wp-json\/wp\/v2\/pages"}],"about":[{"href":"https:\/\/elfsight.com\/de\/wp-json\/wp\/v2\/types\/page"}],"author":[{"embeddable":true,"href":"https:\/\/elfsight.com\/de\/wp-json\/wp\/v2\/users\/9"}],"replies":[{"embeddable":true,"href":"https:\/\/elfsight.com\/de\/wp-json\/wp\/v2\/comments?post=9754"}],"version-history":[{"count":2,"href":"https:\/\/elfsight.com\/de\/wp-json\/wp\/v2\/pages\/9754\/revisions"}],"predecessor-version":[{"id":24789,"href":"https:\/\/elfsight.com\/de\/wp-json\/wp\/v2\/pages\/9754\/revisions\/24789"}],"up":[{"embeddable":true,"href":"https:\/\/elfsight.com\/de\/wp-json\/wp\/v2\/pages\/1344"}],"wp:attachment":[{"href":"https:\/\/elfsight.com\/de\/wp-json\/wp\/v2\/media?parent=9754"}],"curies":[{"name":"wp","href":"https:\/\/api.w.org\/{rel}","templated":true}]}}