{"id":9748,"date":"1970-01-01T00:00:00","date_gmt":"1970-01-01T00:00:00","guid":{"rendered":"https:\/\/elfsight.com\/de\/?page_id=9748"},"modified":"2025-07-09T14:16:42","modified_gmt":"2025-07-09T14:16:42","slug":"jimdo","status":"publish","type":"page","link":"https:\/\/elfsight.com\/de\/portfolio-widget\/jimdo\/","title":{"rendered":"Portfolio &#8211; Jimdo"},"content":{"rendered":"<div class=\"application-platform-content-item-description application-platform-content-item\" id=\"description\" data-nav-section=\"description\"><h2>Beschreibung<\/h2> <p>Das Elfsight Portfolio-Tool ist f\u00fcr jeden Benutzer konzipiert, der seine Bibliothek auf der Website einbetten und erweitern m\u00f6chte die Anzahl der Neubestellungen. Mit dem Elfsight-Tool haben Sie die M\u00f6glichkeit, eine Auswahl an Fotos, Videos, Modellen und anderen Materialien anzuzeigen. Jeder Inhalt kann mit einer ausf\u00fchrlichen Beschreibung und einem Datum versehen werden. Sie haben die M\u00f6glichkeit, Projekte mit Websites zu verkn\u00fcpfen und Projekte in Gruppen aufzuteilen. Ihr Publikum sieht sich Ihr Portfolio an, klickt auf ein Projekt und studiert alle Arbeiten direkt auf Ihrer Website. In der Kopfzeile werden Ihr vollst\u00e4ndiger Name, Ihr Foto und Ihre Kontaktdaten aufgef\u00fchrt, die Ihnen bei der Kommunikation helfen. Der Call-to-Action-Button leitet Besucher zur Bestellseite weiter und hilft Ihnen, den Umsatz zu steigern. <\/p><p><b>Machen Sie Ihre Website mit Portfolio effektiver f\u00fcr E-Commerce-Ziele.<\/b><\/p> <\/div> <div class=\"application-platform-content-item-features application-platform-content-item\" id=\"features\" data-nav-section=\"features\"> <h2>Wir bieten wertvolle und Schnelle Funktionen, sehen Sie sich einige davon an: <\/h2> <ul><li>Das Projekt wird in einem Popup auf der Website ge\u00f6ffnet<\/li><li>Die Option zum Hinzuf\u00fcgen anklickbarer E-Mail- und Telefonadressen<\/li><li>Hinzuf\u00fcgen aktive Symbole sozialer Medien in der Kopfzeile<\/li><li>Aktion beim Klicken ausw\u00e4hlen: Im Popup \u00f6ffnen, keine oder Weiterleitung zur Website<\/li><li>W\u00e4hlen Sie aus, welche Informationen im Popup und beim Hover angezeigt werden sollen<\/li><li>Auswahl der Form der Fotos im Portfolio: Rechteck oder Quadrat<\/li><\/ul><p><a href=\"#demo\">Sie k\u00f6nnen die volle Funktionalit\u00e4t des Widgets in der Demo unten testen <\/a><\/p> <\/div> <div class=\"application-platform-content-item-installation application-platform-content-item\" id=\"installation\" data-nav-section=\"installation\"> <h2>Wie bette ich Portfolio auf meiner Jimdo-Site ein? <\/h2> <p>F\u00fchren Sie einfach die folgenden Richtlinien aus, um das Widget zu integrieren. <\/p> <ol><li><b>Starten Sie unseren kostenlosen Konfigurator und beginnen Sie mit der Erstellung Ihres ma\u00dfgeschneiderten Instruments. <\/b><br> Bestimmen Sie die bevorzugte Form und Funktionalit\u00e4t des Widgets und speichern Sie die \u00c4nderungen. <\/li> <li><b>Erhalten Sie Ihren einzigartigen Code, der im speziellen Formular auf Elfsight Apps erscheint. <\/b><br> Wenn die Anpassung Ihres Widgets abgeschlossen ist, kopieren Sie den individuellen Code aus dem angezeigten Fenster und speichern Sie ihn f\u00fcr zuk\u00fcnftige Gelegenheiten. <\/li> <li><b>Beginnen Sie mit der Verwendung des Widgets auf Ihrer Jimdo-Website. <\/b><br> F\u00fcgen Sie den zuvor kopierten Code in Ihre Webseite ein und speichern Sie die Korrekturen. <\/li> <li><b>Die Installation ist vollst\u00e4ndig abgeschlossen. <\/b><br> Besuchen Sie Ihre Website, um zu sehen, wie das Widget funktioniert. <\/li><\/ol> <p>Sollten Sie auf Komplikationen sto\u00dfen, k\u00f6nnen Sie sich gerne an unser Kundendienstteam wenden. Unsere Berater helfen Ihnen gerne bei allen Fragen rund um das Widget weiter. <\/p> <div class=\"faq\" data-component=\"FAQ\"><div class=\"faq-item\">\r\n\t\t\t\t\t<div class=\"faq-item-question\">\r\n\t\t\t\t\t\t<h3 class=\"faq-item-question-text\">Wie f\u00fcge ich Portfolio ohne Programmierkenntnisse zu meiner Jimdo-Homepage hinzu?<\/h3>\r\n\r\n\t\t\t\t\t\t<div class=\"faq-item-question-icon\"><\/div>\r\n\t\t\t\t\t<\/div>\r\n\r\n\t\t\t\t\t<div class=\"faq-item-answer\">\r\n\t\t\t\t\t\t<div class=\"faq-item-answer-text\"> <p>Elfsight bietet eine L\u00f6sung, die es einem breiten Publikum erm\u00f6glicht, selbst ein Portfolio-Widget zu erstellen. Sehen Sie, wie unkompliziert das ist Der Vorgang ist: Gehen Sie zur Live-Demo, um ein Portfolio-Widget zu erstellen, das auf Ihrer Jimdo-Site angezeigt werden soll. Klicken Sie auf eine unserer vorgefertigten Vorlagen und \u00e4ndern Sie die Portfolio-Einstellungen, \u00e4ndern Sie das Layout und die Farben und aktualisieren Sie Ihre Inhalte \u2013 ganz ohne Programmieraufwand. Speichern Sie das Portfolio und kopieren Sie den Installationscode, den Sie im Rahmen eines kostenlosen Plans problemlos in die Jimdo-Webseite einbetten k\u00f6nnen. Mit unserem benutzerfreundlichen Editor kann jeder Webbenutzer ein Portfolio-Widget erstellen und es in seine Jimdo-Site einbetten. Sie m\u00fcssen weder bezahlen noch Ihre Kartendaten preisgeben, um auf unseren Editor zuzugreifen. Sollten bei irgendeinem Schritt Probleme auftreten, wenden Sie sich bitte an unseren technischen Support.<\/p> <\/div>\r\n\t\t\t\t\t<\/div>\r\n\t\t\t\t<\/div> <\/div><\/div>","protected":false},"excerpt":{"rendered":"","protected":false},"author":9,"featured_media":0,"parent":1344,"menu_order":0,"comment_status":"closed","ping_status":"closed","template":"templates\/template-application-platform.php","meta":{"publish_to_discourse":"","publish_post_category":"","wpdc_auto_publish_overridden":"","wpdc_topic_tags":"","wpdc_pin_topic":"","wpdc_pin_until":"","discourse_post_id":"","discourse_permalink":"","wpdc_publishing_response":"","wpdc_publishing_error":"","footnotes":""},"class_list":["post-9748","page","type-page","status-publish","hentry"],"yoast_head":"<!-- This site is optimized with the Yoast SEO plugin v25.3.1 - https:\/\/yoast.com\/wordpress\/plugins\/seo\/ -->\n<title>Portfolio-Widget f\u00fcr die Jimdo-Website (kostenlos und schnell) \u2013 2025<\/title>\n<meta name=\"description\" content=\"Hier haben Sie die M\u00f6glichkeit, ein Jimdo-Portfolio-Widget zu erstellen und es in Ihre Website einzubetten. Sie genie\u00dfen einen lebenslangen kostenlosen Kundenservice.\" \/>\n<meta name=\"robots\" content=\"index, follow, max-snippet:-1, max-image-preview:large, max-video-preview:-1\" \/>\n<link rel=\"canonical\" href=\"https:\/\/elfsight.com\/de\/portfolio-widget\/jimdo\/\" \/>\n<meta property=\"og:locale\" content=\"de_DE\" \/>\n<meta property=\"og:type\" content=\"article\" \/>\n<meta property=\"og:title\" content=\"Portfolio-Widget f\u00fcr die Jimdo-Website (kostenlos und schnell) \u2013 2025\" \/>\n<meta property=\"og:description\" content=\"Hier haben Sie die M\u00f6glichkeit, ein Jimdo-Portfolio-Widget zu erstellen und es in Ihre Website einzubetten. Sie genie\u00dfen einen lebenslangen kostenlosen Kundenservice.\" \/>\n<meta property=\"og:url\" content=\"https:\/\/elfsight.com\/de\/portfolio-widget\/jimdo\/\" \/>\n<meta property=\"og:site_name\" content=\"Elfsight DE\" \/>\n<meta property=\"article:modified_time\" content=\"2025-07-09T14:16:42+00:00\" \/>\n<meta name=\"twitter:card\" content=\"summary_large_image\" \/>\n<meta name=\"twitter:label1\" content=\"Gesch\u00e4tzte Lesezeit\" \/>\n\t<meta name=\"twitter:data1\" content=\"3\u00a0Minuten\" \/>\n<!-- \/ Yoast SEO plugin. -->","yoast_head_json":{"title":"Portfolio-Widget f\u00fcr die Jimdo-Website (kostenlos und schnell) \u2013 2025","description":"Hier haben Sie die M\u00f6glichkeit, ein Jimdo-Portfolio-Widget zu erstellen und es in Ihre Website einzubetten. Sie genie\u00dfen einen lebenslangen kostenlosen Kundenservice.","robots":{"index":"index","follow":"follow","max-snippet":"max-snippet:-1","max-image-preview":"max-image-preview:large","max-video-preview":"max-video-preview:-1"},"canonical":"https:\/\/elfsight.com\/de\/portfolio-widget\/jimdo\/","og_locale":"de_DE","og_type":"article","og_title":"Portfolio-Widget f\u00fcr die Jimdo-Website (kostenlos und schnell) \u2013 2025","og_description":"Hier haben Sie die M\u00f6glichkeit, ein Jimdo-Portfolio-Widget zu erstellen und es in Ihre Website einzubetten. Sie genie\u00dfen einen lebenslangen kostenlosen Kundenservice.","og_url":"https:\/\/elfsight.com\/de\/portfolio-widget\/jimdo\/","og_site_name":"Elfsight DE","article_modified_time":"2025-07-09T14:16:42+00:00","twitter_card":"summary_large_image","twitter_misc":{"Gesch\u00e4tzte Lesezeit":"3\u00a0Minuten"},"schema":{"@context":"https:\/\/schema.org","@graph":[{"@type":"WebPage","@id":"https:\/\/elfsight.com\/de\/portfolio-widget\/jimdo\/","url":"https:\/\/elfsight.com\/de\/portfolio-widget\/jimdo\/","name":"Portfolio-Widget f\u00fcr die Jimdo-Website (kostenlos und schnell) \u2013 2025","isPartOf":{"@id":"https:\/\/elfsight.com\/de\/#website"},"datePublished":"1970-01-01T00:00:00+00:00","dateModified":"2025-07-09T14:16:42+00:00","description":"Hier haben Sie die M\u00f6glichkeit, ein Jimdo-Portfolio-Widget zu erstellen und es in Ihre Website einzubetten. Sie genie\u00dfen einen lebenslangen kostenlosen Kundenservice.","breadcrumb":{"@id":"https:\/\/elfsight.com\/de\/portfolio-widget\/jimdo\/#breadcrumb"},"inLanguage":"de","potentialAction":[{"@type":"ReadAction","target":["https:\/\/elfsight.com\/de\/portfolio-widget\/jimdo\/"]}]},{"@type":"BreadcrumbList","@id":"https:\/\/elfsight.com\/de\/portfolio-widget\/jimdo\/#breadcrumb","itemListElement":[{"@type":"ListItem","position":1,"name":"Home","item":"https:\/\/elfsight.com\/de\/"},{"@type":"ListItem","position":2,"name":"Portfolio","item":"https:\/\/elfsight.com\/de\/portfolio-widget\/"},{"@type":"ListItem","position":3,"name":"Portfolio &#8211; Jimdo"}]},{"@type":"WebSite","@id":"https:\/\/elfsight.com\/de\/#website","url":"https:\/\/elfsight.com\/de\/","name":"Elfsight DE","description":"Just another Elfsight Sites site","potentialAction":[{"@type":"SearchAction","target":{"@type":"EntryPoint","urlTemplate":"https:\/\/elfsight.com\/de\/?s={search_term_string}"},"query-input":{"@type":"PropertyValueSpecification","valueRequired":true,"valueName":"search_term_string"}}],"inLanguage":"de"}]}},"meta_box":{"industry":"","seo_heading":"","heading":"","description":"","cta_heading":"","cta_description":"","application":"491","h1":"Jimdo Portfolio-Widget","h1_caption":"Pr\u00e4sentieren Sie Ihre Arbeit in einem anpassbaren Portfolio, sodass Sie Ihre Projekte und Erfolge ganz einfach und m\u00fchelos auf Ihrer Jimdo-Website pr\u00e4sentieren k\u00f6nnen.","application_category":[],"applications_title":"","applications_request_title":"","applications_request_button_text":"","hero_text":"","hero_video":"","hero_video_schema_markup":"","selling_points_title":"","selling_points_caption":"","selling_points":[],"selling_points_cta_text":"","features_title":"","features":"","ed_cta_examples_text":"","ed_cta_examples_hidden":"","ed_cta_demo_text":"","ed_cta_demo_hidden":"","why_caption":"","why_editor_title":"","why_editor_text":"","why_team_title":"","why_team_text":"","why_service_title":"","why_service_text":"","template_catalog_visible":"","template_catalog_title":"","template_catalog_text":"","template_catalog_categories_visible":"","demo_title":"Erstellen Sie Ihr Portfolio-Widget","demo_caption":"Konfigurieren Sie Ihr Portfolio und f\u00fcgen Sie es kostenlos zu Ihrer Jimdo-Website hinzu!","default_faq_hidden":"","app_template_category":[],"platform":"239","template_public_id":"","codecanyon_url":"","codecanyon_item_id":"","codecanyon_price":"","pricing_caption":"","pricing_elfsight_apps_hide_column":"","pricing_elfsight_apps_url":"","pricing_codecanyon_price_caption":"","integration_category":[],"integration_request_title":"","integration_request_cta":"","integration_platform":"","integrations":[],"platform_category":[],"video_schema_markup":"","price":"ab 0 $ \/ Monat","trial":"","benefits":[{"text":"Kostenlose Installationshilfe"},{"text":"Kompetenter Kundenservice"},{"text":"14-t\u00e4gige Geld-zur\u00fcck-Garantie"},{"text":"Zuk\u00fcnftige Updates"}],"button_url":"#demo","button_target_blank":"","button_nofollow":"","attributes":[{"name":"Installiert","content":"10,000 - 100,000"},{"name":"Reaktionsfreudig","content":"Ja"},{"name":"Kompatible Browser","content":"Firefox, Safari, Opera, Chrome, Edge"}],"tags":[],"tags_disable_links":"","hide_more_platforms":"","video_object":"","demo_hide_cta":"","demo_hide_cloud_options":"","pricing_title":"","pricing":[{"pricing_icon":"platform","pricing_title":"Elfsight Apps","pricing_title_caption":"Plattform\u00fcbergreifende Software","pricing_price":"ab 0 $ \/ Monat","pricing_price_caption":"Beginnen Sie mit einem kostenlosen Plan","pricing_benefits":[{"text":"Unbegrenzte Websites"},{"text":"Kostenloser und p\u00fcnktlicher Support"},{"text":"Kostenloser Installationsservice"},{"text":"Vollst\u00e4ndig anpassbar"}],"pricing_button_text":"Zur Website hinzuf\u00fcgen","pricing_button_url":"#demo"}],"related_apps_title":"","related_apps_hidden":"","author":"","image":[],"title":"","job":"","social_networks":[]},"_links":{"self":[{"href":"https:\/\/elfsight.com\/de\/wp-json\/wp\/v2\/pages\/9748","targetHints":{"allow":["GET"]}}],"collection":[{"href":"https:\/\/elfsight.com\/de\/wp-json\/wp\/v2\/pages"}],"about":[{"href":"https:\/\/elfsight.com\/de\/wp-json\/wp\/v2\/types\/page"}],"author":[{"embeddable":true,"href":"https:\/\/elfsight.com\/de\/wp-json\/wp\/v2\/users\/9"}],"replies":[{"embeddable":true,"href":"https:\/\/elfsight.com\/de\/wp-json\/wp\/v2\/comments?post=9748"}],"version-history":[{"count":2,"href":"https:\/\/elfsight.com\/de\/wp-json\/wp\/v2\/pages\/9748\/revisions"}],"predecessor-version":[{"id":21764,"href":"https:\/\/elfsight.com\/de\/wp-json\/wp\/v2\/pages\/9748\/revisions\/21764"}],"up":[{"embeddable":true,"href":"https:\/\/elfsight.com\/de\/wp-json\/wp\/v2\/pages\/1344"}],"wp:attachment":[{"href":"https:\/\/elfsight.com\/de\/wp-json\/wp\/v2\/media?parent=9748"}],"curies":[{"name":"wp","href":"https:\/\/api.w.org\/{rel}","templated":true}]}}