{"id":9692,"date":"1970-01-01T00:00:00","date_gmt":"1970-01-01T00:00:00","guid":{"rendered":"https:\/\/elfsight.com\/de\/?page_id=9692"},"modified":"2025-02-14T08:46:56","modified_gmt":"2025-02-14T08:46:56","slug":"bigcommerce","status":"publish","type":"page","link":"https:\/\/elfsight.com\/de\/podcast-player-widget\/bigcommerce\/","title":{"rendered":"Podcast Player &#8211; BigCommerce"},"content":{"rendered":"\n<div class=\"application-platform-content-item-description application-platform-content-item\" id=\"description\" data-nav-section=\"description\"> <h2>Beschreibung<\/h2> <p>Elfsight Podcast Player ist eine einfache App f\u00fcr BigCommerce, mit der Sie Podcasts direkt auf Ihrer Website streamen k\u00f6nnen. Das Widget ist \u00e4u\u00dferst ver\u00e4nderbar: Sie k\u00f6nnen seine Platzierung \u00e4ndern, es an einer beliebigen Stelle auf der Seite platzieren, seine Gr\u00f6\u00dfe skalieren, den Hintergrund und alle anderen Elemente neu zeichnen, um es mit dem Stil Ihrer Website zu kombinieren, ein dunkles Design verwenden, Bilder anzeigen und anzeigen oder verbergen 3 zus\u00e4tzliche Player-Komponenten wie Fortschrittsbalken und vieles mehr. Binden Sie Ihr Publikum ein, schalten Sie die automatische Wiedergabe ein und haben Sie keine Zweifel \u2013 Ihre Besucher werden Ihre Homepage nicht sofort verlassen! <\/p> <p><b>Fesseln Sie Ihre Besucher, indem Sie ihnen mit dem Elfsight Podcast Player hilfreiche und interessante Materialien zur Verf\u00fcgung stellen.<\/b><\/p> <\/div> <div class=\"application-platform-content-item-features application-platform-content-item\" id=\"features\" data-nav-section=\"features\"> <h2>Sehen Sie sich das an Liste der wichtigsten Features: <\/h2> <ul><li>Verschiedene Farbver\u00e4nderungen. <\/li><li>2 Layouts verf\u00fcgbar. <\/li><li>M\u00f6glichkeit, ein Hintergrundbild anzuh\u00e4ngen. <\/li><li>F\u00fcgen Sie eine unbegrenzte Anzahl von Titeln hinzu. <\/li><li>Eine Option zum Gestalten Ihres pers\u00f6nlichen Farbthemas. <\/li><\/ul><p><a href=\"#demo\">Sie k\u00f6nnen pr\u00fcfen, ob die App f\u00fcr Sie geeignet ist, indem Sie die Demo ausprobieren<\/a><\/p> <\/div> <div class=\"application-platform-content-item- Installation application-platform-content-item\" id=\" Installation\" data-nav-section=\" Installation\"> <h2>Wie kann ich den Podcast Player zu meiner BigCommerce-Website hinzuf\u00fcgen? <\/h2><div class=\"video-container\"><iframe width=\"560\" height=\"315\" src=\"https:\/\/www.youtube.com\/embed\/tS1votuuvSY?si=EgGOoAUr9ZIJbUbM\" frameborder=\"0\" allow=\"accelerometer; autoplay; clipboard-write; encrypted-media; gyroscope; picture-in-picture; web-share\" allowfullscreen><\/iframe><\/div><p>Befolgen Sie einfach die nachstehenden Anweisungen, um mit der Arbeit mit dem Tool zu beginnen. <\/p> <ol><li><b>Nutzen Sie unsere kostenlose Demo und beginnen Sie mit der Erstellung Ihres benutzerdefinierten Widgets. <\/b><br> Geben Sie die benutzerdefinierte Benutzeroberfl\u00e4che und die Optionen des Widgets an und wenden Sie alle Korrekturen an. <\/li> <li><b>Lassen Sie sich den pers\u00f6nlichen Code im speziellen Formular auf Elfsight Apps demonstrieren. <\/b><br> Nachdem Sie Ihr pers\u00f6nliches Widget eingerichtet haben, kopieren Sie den individuellen Code im angezeigten Popup und speichern Sie ihn zur sp\u00e4teren Verwendung. <\/li> <li><b>Initiieren Sie den Einsatz des Widgets auf der BigCommerce-Website. <\/b><br> Implementieren Sie den k\u00fcrzlich kopierten Code auf Ihrer Website und speichern Sie die \u00c4nderungen. <\/li> <li><b>Die Installation wurde erfolgreich durchgef\u00fchrt. <\/b><br> Besuchen Sie Ihre Webseite, um die Leistung des Widgets zu \u00fcberpr\u00fcfen. <\/li><\/ol><p>Wenn Sie Fragen haben oder auf Probleme sto\u00dfen, k\u00f6nnen Sie sich jederzeit an unser Kundendienstteam wenden. Unsere Berater sind bestrebt, alle Fragen zu beantworten, die Sie m\u00f6glicherweise mit dem Plugin haben. <\/p> <\/div>\n","protected":false},"excerpt":{"rendered":"","protected":false},"author":9,"featured_media":0,"parent":2321,"menu_order":0,"comment_status":"closed","ping_status":"closed","template":"templates\/template-application-platform.php","meta":{"publish_to_discourse":"","publish_post_category":"","wpdc_auto_publish_overridden":"","wpdc_topic_tags":"","wpdc_pin_topic":"","wpdc_pin_until":"","discourse_post_id":"","discourse_permalink":"","wpdc_publishing_response":"","wpdc_publishing_error":"","footnotes":""},"class_list":["post-9692","page","type-page","status-publish","hentry"],"yoast_head":"<!-- This site is optimized with the Yoast SEO plugin v25.3.1 - https:\/\/yoast.com\/wordpress\/plugins\/seo\/ -->\n<title>Elfsight Podcast Player f\u00fcr die BigCommerce-Website (schnell und kostenlos)<\/title>\n<meta name=\"description\" content=\"Nutzen Sie unsere barrierefreie Demo und integrieren Sie einen responsiven Podcast-Player auf Ihrer BigCommerce-Seite. Implementieren Sie unsere \u00fcberschaubare Demo und erstellen Sie Ihr ma\u00dfgeschneidertes Plugin in 1-2-3!\" \/>\n<meta name=\"robots\" content=\"index, follow, max-snippet:-1, max-image-preview:large, max-video-preview:-1\" \/>\n<link rel=\"canonical\" href=\"https:\/\/elfsight.com\/de\/podcast-player-widget\/bigcommerce\/\" \/>\n<meta property=\"og:locale\" content=\"de_DE\" \/>\n<meta property=\"og:type\" content=\"article\" \/>\n<meta property=\"og:title\" content=\"Elfsight Podcast Player f\u00fcr die BigCommerce-Website (schnell und kostenlos)\" \/>\n<meta property=\"og:description\" content=\"Nutzen Sie unsere barrierefreie Demo und integrieren Sie einen responsiven Podcast-Player auf Ihrer BigCommerce-Seite. Implementieren Sie unsere \u00fcberschaubare Demo und erstellen Sie Ihr ma\u00dfgeschneidertes Plugin in 1-2-3!\" \/>\n<meta property=\"og:url\" content=\"https:\/\/elfsight.com\/de\/podcast-player-widget\/bigcommerce\/\" \/>\n<meta property=\"og:site_name\" content=\"Elfsight DE\" \/>\n<meta property=\"article:modified_time\" content=\"2025-02-14T08:46:56+00:00\" \/>\n<meta name=\"twitter:card\" content=\"summary_large_image\" \/>\n<meta name=\"twitter:label1\" content=\"Gesch\u00e4tzte Lesezeit\" \/>\n\t<meta name=\"twitter:data1\" content=\"2\u00a0Minuten\" \/>\n<!-- \/ Yoast SEO plugin. -->","yoast_head_json":{"title":"Elfsight Podcast Player f\u00fcr die BigCommerce-Website (schnell und kostenlos)","description":"Nutzen Sie unsere barrierefreie Demo und integrieren Sie einen responsiven Podcast-Player auf Ihrer BigCommerce-Seite. Implementieren Sie unsere \u00fcberschaubare Demo und erstellen Sie Ihr ma\u00dfgeschneidertes Plugin in 1-2-3!","robots":{"index":"index","follow":"follow","max-snippet":"max-snippet:-1","max-image-preview":"max-image-preview:large","max-video-preview":"max-video-preview:-1"},"canonical":"https:\/\/elfsight.com\/de\/podcast-player-widget\/bigcommerce\/","og_locale":"de_DE","og_type":"article","og_title":"Elfsight Podcast Player f\u00fcr die BigCommerce-Website (schnell und kostenlos)","og_description":"Nutzen Sie unsere barrierefreie Demo und integrieren Sie einen responsiven Podcast-Player auf Ihrer BigCommerce-Seite. Implementieren Sie unsere \u00fcberschaubare Demo und erstellen Sie Ihr ma\u00dfgeschneidertes Plugin in 1-2-3!","og_url":"https:\/\/elfsight.com\/de\/podcast-player-widget\/bigcommerce\/","og_site_name":"Elfsight DE","article_modified_time":"2025-02-14T08:46:56+00:00","twitter_card":"summary_large_image","twitter_misc":{"Gesch\u00e4tzte Lesezeit":"2\u00a0Minuten"},"schema":{"@context":"https:\/\/schema.org","@graph":[{"@type":"WebPage","@id":"https:\/\/elfsight.com\/de\/podcast-player-widget\/bigcommerce\/","url":"https:\/\/elfsight.com\/de\/podcast-player-widget\/bigcommerce\/","name":"Elfsight Podcast Player f\u00fcr die BigCommerce-Website (schnell und kostenlos)","isPartOf":{"@id":"https:\/\/elfsight.com\/de\/#website"},"datePublished":"1970-01-01T00:00:00+00:00","dateModified":"2025-02-14T08:46:56+00:00","description":"Nutzen Sie unsere barrierefreie Demo und integrieren Sie einen responsiven Podcast-Player auf Ihrer BigCommerce-Seite. Implementieren Sie unsere \u00fcberschaubare Demo und erstellen Sie Ihr ma\u00dfgeschneidertes Plugin in 1-2-3!","breadcrumb":{"@id":"https:\/\/elfsight.com\/de\/podcast-player-widget\/bigcommerce\/#breadcrumb"},"inLanguage":"de","potentialAction":[{"@type":"ReadAction","target":["https:\/\/elfsight.com\/de\/podcast-player-widget\/bigcommerce\/"]}]},{"@type":"BreadcrumbList","@id":"https:\/\/elfsight.com\/de\/podcast-player-widget\/bigcommerce\/#breadcrumb","itemListElement":[{"@type":"ListItem","position":1,"name":"Home","item":"https:\/\/elfsight.com\/de\/"},{"@type":"ListItem","position":2,"name":"Podcast Player","item":"https:\/\/elfsight.com\/de\/podcast-player-widget\/"},{"@type":"ListItem","position":3,"name":"Podcast Player &#8211; BigCommerce"}]},{"@type":"WebSite","@id":"https:\/\/elfsight.com\/de\/#website","url":"https:\/\/elfsight.com\/de\/","name":"Elfsight DE","description":"Just another Elfsight Sites site","potentialAction":[{"@type":"SearchAction","target":{"@type":"EntryPoint","urlTemplate":"https:\/\/elfsight.com\/de\/?s={search_term_string}"},"query-input":{"@type":"PropertyValueSpecification","valueRequired":true,"valueName":"search_term_string"}}],"inLanguage":"de"}]}},"meta_box":{"industry":"","seo_heading":"","heading":"","description":"","cta_heading":"","cta_description":"","application":"508","h1":"BigCommerce Podcast Player-App","h1_caption":"Betten Sie einen Podcast-Player direkt auf Ihrer Website ein, sodass Benutzer Ihre Episoden m\u00fchelos anh\u00f6ren k\u00f6nnen, ohne die Seite Ihrer BigCommerce-Website zu verlassen.","application_category":[],"applications_title":"","applications_request_title":"","applications_request_button_text":"","hero_text":"","hero_video":"","hero_video_schema_markup":"","selling_points_title":"","selling_points_caption":"","selling_points":[],"selling_points_cta_text":"","features_title":"","features":"","ed_cta_examples_text":"","ed_cta_examples_hidden":"","ed_cta_demo_text":"","ed_cta_demo_hidden":"","why_caption":"","why_editor_title":"","why_editor_text":"","why_team_title":"","why_team_text":"","why_service_title":"","why_service_text":"","template_catalog_visible":"0","template_catalog_title":"","template_catalog_text":"","template_catalog_categories_visible":"","demo_title":"Erstellen Sie Ihre Podcast-Player-App","demo_caption":"Konfigurieren Sie Ihren Podcast-Player und f\u00fcgen Sie ihn kostenlos zu Ihrer BigCommerce-Website hinzu!","default_faq_hidden":"","app_template_category":[],"platform":"268","template_public_id":"","codecanyon_url":"","codecanyon_item_id":"","codecanyon_price":"","pricing_caption":"","pricing_elfsight_apps_hide_column":"","pricing_elfsight_apps_url":"","pricing_codecanyon_price_caption":"","integration_category":[],"integration_request_title":"","integration_request_cta":"","integration_platform":"","integrations":[],"platform_category":[],"video_schema_markup":"","price":"ab 0 $ \/ Monat","trial":"","benefits":[{"text":"Kostenlose Installationshilfe"},{"text":"Premium-Support"},{"text":"14-t\u00e4gige R\u00fcckerstattungsgarantie"},{"text":"Regelm\u00e4\u00dfige kostenlose Verbesserungen"}],"button_url":"#demo","button_target_blank":"0","button_nofollow":"0","attributes":[{"name":"Installiert","content":"10,000 - 100,000"},{"name":"Reaktionsfreudig","content":"Ja"},{"name":"Kompatible Browser","content":"Firefox, Safari, Opera, Chrome, Edge"}],"tags":[],"tags_disable_links":"0","hide_more_platforms":"0","video_object":"","demo_hide_cta":"0","demo_hide_cloud_options":"0","pricing_title":"","pricing":[{"pricing_icon":"platform","pricing_title":"Elfsight Apps","pricing_title_caption":"Plattformunabh\u00e4ngige Version, die f\u00fcr jede Website geeignet ist","pricing_price":"ab 0 $ \/ Monat","pricing_price_caption":"Beginnen Sie mit einem kostenlosen Plan","pricing_benefits":[{"text":"Unbegrenzte Domains"},{"text":"Schneller und p\u00fcnktlicher Support und gut dokumentiert"},{"text":"Kostenloser Installationsservice"},{"text":"Flexibles Design"}],"pricing_button_text":"Zur Website hinzuf\u00fcgen","pricing_button_url":"#demo"}],"related_apps_title":"","related_apps_hidden":"0","author":"","image":[],"title":"","job":"","social_networks":[]},"_links":{"self":[{"href":"https:\/\/elfsight.com\/de\/wp-json\/wp\/v2\/pages\/9692","targetHints":{"allow":["GET"]}}],"collection":[{"href":"https:\/\/elfsight.com\/de\/wp-json\/wp\/v2\/pages"}],"about":[{"href":"https:\/\/elfsight.com\/de\/wp-json\/wp\/v2\/types\/page"}],"author":[{"embeddable":true,"href":"https:\/\/elfsight.com\/de\/wp-json\/wp\/v2\/users\/9"}],"replies":[{"embeddable":true,"href":"https:\/\/elfsight.com\/de\/wp-json\/wp\/v2\/comments?post=9692"}],"version-history":[{"count":3,"href":"https:\/\/elfsight.com\/de\/wp-json\/wp\/v2\/pages\/9692\/revisions"}],"predecessor-version":[{"id":24184,"href":"https:\/\/elfsight.com\/de\/wp-json\/wp\/v2\/pages\/9692\/revisions\/24184"}],"up":[{"embeddable":true,"href":"https:\/\/elfsight.com\/de\/wp-json\/wp\/v2\/pages\/2321"}],"wp:attachment":[{"href":"https:\/\/elfsight.com\/de\/wp-json\/wp\/v2\/media?parent=9692"}],"curies":[{"name":"wp","href":"https:\/\/api.w.org\/{rel}","templated":true}]}}