{"id":9691,"date":"1970-01-01T00:00:00","date_gmt":"1970-01-01T00:00:00","guid":{"rendered":"https:\/\/elfsight.com\/de\/?page_id=9691"},"modified":"2025-02-14T08:50:46","modified_gmt":"2025-02-14T08:50:46","slug":"drupal","status":"publish","type":"page","link":"https:\/\/elfsight.com\/de\/podcast-player-widget\/drupal\/","title":{"rendered":"Podcast Player &#8211; Drupal"},"content":{"rendered":"\n<div class=\"application-platform-content-item-description application-platform-content-item\" id=\"description\" data-nav-section=\"description\"> <h2>Beschreibung<\/h2> <p>Elfsight Podcast Player ist ein unkompliziertes Modul f\u00fcr Drupal, mit dem Sie Podcasts auf den Seiten Ihrer Website streamen k\u00f6nnen . Das Widget ist hochgradig anpassbar: Sie k\u00f6nnen seine Platzierung \u00e4ndern, es an einer beliebigen Stelle auf der Seite platzieren, seine Gr\u00f6\u00dfe skalieren, den Hintergrund und andere Elemente \u00fcberarbeiten, um es mit dem Stil Ihrer Website zu kombinieren, ein dunkles Farbschema anwenden, Bilder anzeigen und 3 anzeigen oder ausblenden zus\u00e4tzliche Player-Komponenten, zum Beispiel Fortschrittsbalken und andere. Unterhalten Sie Ihre Besucher, schalten Sie die Autoplay-Option ein und haben Sie keinen Zweifel \u2013 Ihre Benutzer werden Ihre Website nicht sofort verlassen! <\/p> <p><b>Begeistern Sie Ihre Benutzer, indem Sie ihnen mit dem Elfsight Podcast Player praktische und unterhaltsame Materialien zur Verf\u00fcgung stellen<\/b><\/p> <\/div> <div class=\"application-platform-content-item-features application-platform-content-item\" id=\"features\" data-nav-section=\"features\"> <h2> Die am h\u00e4ufigsten ben\u00f6tigten Modulfunktionen bieten<\/h2> <ul><li>Zahlreiche Farb\u00e4nderungen. <\/li><li>Zwei gebrauchsfertige Layouts. <\/li><li>Eine M\u00f6glichkeit, ein Hintergrundbild hinzuzuf\u00fcgen. <\/li><li>F\u00fcgen Sie eine unbegrenzte Anzahl von Titeln hinzu. <\/li><li>Eine Option zum Erstellen Ihres eigenen Farbschemas. <\/li><\/ul><p><a href=\"#demo\">Schauen Sie sich einfach diese Demo an, um zu sehen, was das Modul wert ist<\/a><\/p> <\/div> <div class=\"application-platform-content-item-installation application-platform-content-item\" id=\"installation\" data-nav-section=\"installation\"> <h2>Wie f\u00fcge ich den Podcast Player zu meiner Drupal-Webseite hinzu? <\/h2><div class=\"video-container\"><iframe width=\"560\" height=\"315\" src=\"https:\/\/www.youtube.com\/embed\/A1CRkUJ299A?si=z09B_dA_mWdEcs9o\" frameborder=\"0\" allow=\"accelerometer; autoplay; clipboard-write; encrypted-media; gyroscope; picture-in-picture; web-share\" allowfullscreen><\/iframe><\/div><p>Befolgen Sie einfach die nachstehenden Anweisungen, um das Tool einzubetten. <\/p> <ol><li><b>F\u00fchren Sie unseren kostenlosen Editor aus und beginnen Sie mit der Erstellung Ihres einzigartigen Moduls. <\/b><br> Finden Sie das benutzerdefinierte Erscheinungsbild und die Optionen des Moduls und wenden Sie alle Korrekturen an. <\/li> <li><b>Holen Sie sich den individuellen Code, der im speziellen Formular auf Elfsight Apps angezeigt wird. <\/b><br> Sobald die Erstellung Ihres Moduls abgeschlossen ist, kopieren Sie den einzelnen Code in das entstandene Feld und speichern Sie ihn f\u00fcr eine sp\u00e4tere Gelegenheit. <\/li> <li><b>Beginn der Nutzung des Moduls auf der Drupal-Site. <\/b><br> Integrieren Sie den zuvor gespeicherten Code in Ihre Seite und speichern Sie die Korrekturen. <\/li> <li><b>Du bist fertig! Das Setup wurde erfolgreich beendet. <\/b><br> Besuchen Sie Ihre Website, um zu pr\u00fcfen, wie das Modul funktioniert. <\/li><\/ol><p>Wenn Sie Anfragen bearbeiten oder Probleme haben, k\u00f6nnen Sie sich jederzeit an unseren Kundendienst wenden. Unsere Berater helfen Ihnen gerne bei allen Fragen rund um das Produkt weiter. <\/p> <\/div>\n","protected":false},"excerpt":{"rendered":"","protected":false},"author":9,"featured_media":0,"parent":2321,"menu_order":0,"comment_status":"closed","ping_status":"closed","template":"templates\/template-application-platform.php","meta":{"publish_to_discourse":"","publish_post_category":"","wpdc_auto_publish_overridden":"","wpdc_topic_tags":"","wpdc_pin_topic":"","wpdc_pin_until":"","discourse_post_id":"","discourse_permalink":"","wpdc_publishing_response":"","wpdc_publishing_error":"","footnotes":""},"class_list":["post-9691","page","type-page","status-publish","hentry"],"yoast_head":"<!-- This site is optimized with the Yoast SEO plugin v25.3.1 - https:\/\/yoast.com\/wordpress\/plugins\/seo\/ -->\n<title>Elfsight Podcast Player f\u00fcr Drupal-Website (einfach und kostenlos)<\/title>\n<meta name=\"description\" content=\"Nutzen Sie unsere praktische Demo und f\u00fcgen Sie einen reaktionsf\u00e4higen Podcast-Player auf Ihrer Drupal-Webseite hinzu. Nutzen Sie unsere barrierefreie Demo und erstellen Sie mit einem Klick Ihr ma\u00dfgeschneidertes Widget!\" \/>\n<meta name=\"robots\" content=\"index, follow, max-snippet:-1, max-image-preview:large, max-video-preview:-1\" \/>\n<link rel=\"canonical\" href=\"https:\/\/elfsight.com\/de\/podcast-player-widget\/drupal\/\" \/>\n<meta property=\"og:locale\" content=\"de_DE\" \/>\n<meta property=\"og:type\" content=\"article\" \/>\n<meta property=\"og:title\" content=\"Elfsight Podcast Player f\u00fcr Drupal-Website (einfach und kostenlos)\" \/>\n<meta property=\"og:description\" content=\"Nutzen Sie unsere praktische Demo und f\u00fcgen Sie einen reaktionsf\u00e4higen Podcast-Player auf Ihrer Drupal-Webseite hinzu. Nutzen Sie unsere barrierefreie Demo und erstellen Sie mit einem Klick Ihr ma\u00dfgeschneidertes Widget!\" \/>\n<meta property=\"og:url\" content=\"https:\/\/elfsight.com\/de\/podcast-player-widget\/drupal\/\" \/>\n<meta property=\"og:site_name\" content=\"Elfsight DE\" \/>\n<meta property=\"article:modified_time\" content=\"2025-02-14T08:50:46+00:00\" \/>\n<meta name=\"twitter:card\" content=\"summary_large_image\" \/>\n<meta name=\"twitter:label1\" content=\"Gesch\u00e4tzte Lesezeit\" \/>\n\t<meta name=\"twitter:data1\" content=\"2\u00a0Minuten\" \/>\n<!-- \/ Yoast SEO plugin. -->","yoast_head_json":{"title":"Elfsight Podcast Player f\u00fcr Drupal-Website (einfach und kostenlos)","description":"Nutzen Sie unsere praktische Demo und f\u00fcgen Sie einen reaktionsf\u00e4higen Podcast-Player auf Ihrer Drupal-Webseite hinzu. Nutzen Sie unsere barrierefreie Demo und erstellen Sie mit einem Klick Ihr ma\u00dfgeschneidertes Widget!","robots":{"index":"index","follow":"follow","max-snippet":"max-snippet:-1","max-image-preview":"max-image-preview:large","max-video-preview":"max-video-preview:-1"},"canonical":"https:\/\/elfsight.com\/de\/podcast-player-widget\/drupal\/","og_locale":"de_DE","og_type":"article","og_title":"Elfsight Podcast Player f\u00fcr Drupal-Website (einfach und kostenlos)","og_description":"Nutzen Sie unsere praktische Demo und f\u00fcgen Sie einen reaktionsf\u00e4higen Podcast-Player auf Ihrer Drupal-Webseite hinzu. Nutzen Sie unsere barrierefreie Demo und erstellen Sie mit einem Klick Ihr ma\u00dfgeschneidertes Widget!","og_url":"https:\/\/elfsight.com\/de\/podcast-player-widget\/drupal\/","og_site_name":"Elfsight DE","article_modified_time":"2025-02-14T08:50:46+00:00","twitter_card":"summary_large_image","twitter_misc":{"Gesch\u00e4tzte Lesezeit":"2\u00a0Minuten"},"schema":{"@context":"https:\/\/schema.org","@graph":[{"@type":"WebPage","@id":"https:\/\/elfsight.com\/de\/podcast-player-widget\/drupal\/","url":"https:\/\/elfsight.com\/de\/podcast-player-widget\/drupal\/","name":"Elfsight Podcast Player f\u00fcr Drupal-Website (einfach und kostenlos)","isPartOf":{"@id":"https:\/\/elfsight.com\/de\/#website"},"datePublished":"1970-01-01T00:00:00+00:00","dateModified":"2025-02-14T08:50:46+00:00","description":"Nutzen Sie unsere praktische Demo und f\u00fcgen Sie einen reaktionsf\u00e4higen Podcast-Player auf Ihrer Drupal-Webseite hinzu. Nutzen Sie unsere barrierefreie Demo und erstellen Sie mit einem Klick Ihr ma\u00dfgeschneidertes Widget!","breadcrumb":{"@id":"https:\/\/elfsight.com\/de\/podcast-player-widget\/drupal\/#breadcrumb"},"inLanguage":"de","potentialAction":[{"@type":"ReadAction","target":["https:\/\/elfsight.com\/de\/podcast-player-widget\/drupal\/"]}]},{"@type":"BreadcrumbList","@id":"https:\/\/elfsight.com\/de\/podcast-player-widget\/drupal\/#breadcrumb","itemListElement":[{"@type":"ListItem","position":1,"name":"Home","item":"https:\/\/elfsight.com\/de\/"},{"@type":"ListItem","position":2,"name":"Podcast Player","item":"https:\/\/elfsight.com\/de\/podcast-player-widget\/"},{"@type":"ListItem","position":3,"name":"Podcast Player &#8211; Drupal"}]},{"@type":"WebSite","@id":"https:\/\/elfsight.com\/de\/#website","url":"https:\/\/elfsight.com\/de\/","name":"Elfsight DE","description":"Just another Elfsight Sites site","potentialAction":[{"@type":"SearchAction","target":{"@type":"EntryPoint","urlTemplate":"https:\/\/elfsight.com\/de\/?s={search_term_string}"},"query-input":{"@type":"PropertyValueSpecification","valueRequired":true,"valueName":"search_term_string"}}],"inLanguage":"de"}]}},"meta_box":{"industry":"","seo_heading":"","heading":"","description":"","cta_heading":"","cta_description":"","application":"508","h1":"Drupal Podcast Player-Modul","h1_caption":"Integrieren Sie einen Podcast-Player direkt auf Ihrer Website, sodass Benutzer Ihre Episoden m\u00fchelos anh\u00f6ren k\u00f6nnen, ohne die Seite auf Ihrer Drupal-Website zu verlassen.","application_category":[],"applications_title":"","applications_request_title":"","applications_request_button_text":"","hero_text":"","hero_video":"","hero_video_schema_markup":"","selling_points_title":"","selling_points_caption":"","selling_points":[],"selling_points_cta_text":"","features_title":"","features":"","ed_cta_examples_text":"","ed_cta_examples_hidden":"","ed_cta_demo_text":"","ed_cta_demo_hidden":"","why_caption":"","why_editor_title":"","why_editor_text":"","why_team_title":"","why_team_text":"","why_service_title":"","why_service_text":"","template_catalog_visible":"0","template_catalog_title":"","template_catalog_text":"","template_catalog_categories_visible":"","demo_title":"Erstellen Sie Ihr Podcast-Player-Modul","demo_caption":"Konfigurieren Sie Ihren Podcast-Player und f\u00fcgen Sie ihn kostenlos zu Ihrer Drupal-Website hinzu!","default_faq_hidden":"","app_template_category":[],"platform":"261","template_public_id":"","codecanyon_url":"","codecanyon_item_id":"","codecanyon_price":"","pricing_caption":"","pricing_elfsight_apps_hide_column":"","pricing_elfsight_apps_url":"","pricing_codecanyon_price_caption":"","integration_category":[],"integration_request_title":"","integration_request_cta":"","integration_platform":"","integrations":[],"platform_category":[],"video_schema_markup":"","price":"ab 0 $ \/ Monat","trial":"","benefits":[{"text":"Kostenlose Installationsunterst\u00fctzung"},{"text":"Professioneller Kundenservice"},{"text":"14-t\u00e4gige Geld-zur\u00fcck-Garantie"},{"text":"Kontinuierliche kostenlose Updates"}],"button_url":"#demo","button_target_blank":"0","button_nofollow":"0","attributes":[{"name":"Installiert","content":"10,000 - 100,000"},{"name":"Reaktionsfreudig","content":"Ja"},{"name":"Kompatible Browser","content":"Firefox, Safari, Opera, Chrome, Edge"}],"tags":[],"tags_disable_links":"0","hide_more_platforms":"0","video_object":"","demo_hide_cta":"0","demo_hide_cloud_options":"0","pricing_title":"","pricing":[{"pricing_icon":"platform","pricing_title":"Elfsight Apps","pricing_title_caption":"Plattformunabh\u00e4ngige Version, die f\u00fcr jede Website geeignet ist","pricing_price":"ab 0 $ \/ Monat","pricing_price_caption":"Beginnen Sie mit einem kostenlosen Plan","pricing_benefits":[{"text":"Unbegrenzte Websites"},{"text":"Engagierter Kundensupport und gut dokumentiert"},{"text":"Kostenloser Installationsservice"},{"text":"Preis f\u00fcr mehrere Apps"}],"pricing_button_text":"Zur Website hinzuf\u00fcgen","pricing_button_url":"#demo"}],"related_apps_title":"","related_apps_hidden":"0","author":"","image":[],"title":"","job":"","social_networks":[]},"_links":{"self":[{"href":"https:\/\/elfsight.com\/de\/wp-json\/wp\/v2\/pages\/9691","targetHints":{"allow":["GET"]}}],"collection":[{"href":"https:\/\/elfsight.com\/de\/wp-json\/wp\/v2\/pages"}],"about":[{"href":"https:\/\/elfsight.com\/de\/wp-json\/wp\/v2\/types\/page"}],"author":[{"embeddable":true,"href":"https:\/\/elfsight.com\/de\/wp-json\/wp\/v2\/users\/9"}],"replies":[{"embeddable":true,"href":"https:\/\/elfsight.com\/de\/wp-json\/wp\/v2\/comments?post=9691"}],"version-history":[{"count":3,"href":"https:\/\/elfsight.com\/de\/wp-json\/wp\/v2\/pages\/9691\/revisions"}],"predecessor-version":[{"id":24187,"href":"https:\/\/elfsight.com\/de\/wp-json\/wp\/v2\/pages\/9691\/revisions\/24187"}],"up":[{"embeddable":true,"href":"https:\/\/elfsight.com\/de\/wp-json\/wp\/v2\/pages\/2321"}],"wp:attachment":[{"href":"https:\/\/elfsight.com\/de\/wp-json\/wp\/v2\/media?parent=9691"}],"curies":[{"name":"wp","href":"https:\/\/api.w.org\/{rel}","templated":true}]}}