{"id":9690,"date":"1970-01-01T00:00:00","date_gmt":"1970-01-01T00:00:00","guid":{"rendered":"https:\/\/elfsight.com\/de\/?page_id=9690"},"modified":"2025-02-14T08:49:52","modified_gmt":"2025-02-14T08:49:52","slug":"blogger","status":"publish","type":"page","link":"https:\/\/elfsight.com\/de\/podcast-player-widget\/blogger\/","title":{"rendered":"Podcast Player &#8211; Blogger"},"content":{"rendered":"\n<div class=\"application-platform-content-item-description application-platform-content-item\" id=\"description\" data-nav-section=\"description\"> <h2>Beschreibung<\/h2> <p>Elfsight Podcast Player ist ein einfaches Plugin f\u00fcr Blogger-Websites, mit dem Sie Podcasts direkt auf Ihrer Webseite wiedergeben k\u00f6nnen. Das Widget ist hochgradig anpassbar: Sie k\u00f6nnen seine Position \u00e4ndern, es an einer beliebigen Stelle auf der Seite einf\u00fcgen, seine Gr\u00f6\u00dfe \u00e4ndern, den Hintergrund und alle anderen Teile neu streichen, um es mit dem Stil Ihrer Website zu verschmelzen, ein dunkles Farbschema anwenden, Cover freilegen usw Drei weitere Spielerdetails wie Fortschrittsbalken und vieles mehr ein- oder ausblenden. Binden Sie Ihre Besucher ein, schalten Sie die automatische Wiedergabe ein und stellen Sie sicher, dass Ihr Publikum Ihre Homepage nicht in Eile verl\u00e4sst! <\/p> <p><b>Beteiligen Sie Ihre Benutzer, indem Sie ihnen wertvolle und unterhaltsame Informationen mit dem Elfsight Podcast Player bereitstellen<\/b><\/p> <\/div> <div class=\"application-platform-content-item-features application-platform-content-item\" id=\"features\" data-nav-section=\"features\"> <h2>Studieren Sie die Liste der hervorstechendsten Merkmale: <\/h2> <ul><li>Zahlreiche Farbvarianten. <\/li><li>Zwei Layouts anwendbar. <\/li><li>M\u00f6glichkeit, ein Hintergrundbild anzuh\u00e4ngen. <\/li><li>Eine unbegrenzte Anzahl an Titeln. <\/li><li>Eine M\u00f6glichkeit, Ihr individuelles Farbthema zu erstellen. <\/li><\/ul><p><a href=\"#demo\">Untersuchen Sie alle Personalisierungsfunktionen in einer Demo mit vollem Funktionsumfang<\/a><\/p> <\/div> <div class=\"application-platform-content-item-installation application-platform-content-item\" id=\"installation\" data-nav-section=\"installation\"> <h2>Wie kann ich den Podcast Player zu meiner Blogger-Website hinzuf\u00fcgen? <\/h2><div class=\"video-container\"><iframe width=\"560\" height=\"315\" src=\"https:\/\/www.youtube.com\/embed\/apdW6VMgdxk?si=ztZX7vzER76bbSs0\" frameborder=\"0\" allow=\"accelerometer; autoplay; clipboard-write; encrypted-media; gyroscope; picture-in-picture; web-share\" allowfullscreen><\/iframe><\/div><p>Befolgen Sie einfach die unten beschriebenen Schritte, um das Plugin einzuf\u00fcgen. <\/p> <ol><li><b>Starten Sie unsere kostenlose Demo und beginnen Sie mit der Gestaltung Ihres personalisierten Plugins. <\/b><br> Geben Sie das bevorzugte Design und die bevorzugten Funktionen des Widgets an und speichern Sie die \u00c4nderungen. <\/li> <li><b>Erhalten Sie Ihren individuellen Code, der im Feld auf Elfsight Apps angezeigt wird. <\/b><br> Nachdem die Einrichtung Ihres pers\u00f6nlichen Plugins abgeschlossen ist, kopieren Sie den einzelnen Code aus dem erscheinenden Fenster und bewahren Sie ihn zur sp\u00e4teren Verwendung auf. <\/li> <li><b>Initiieren Sie die Anwendung des Widgets auf der Blogger-Website. <\/b><br> F\u00fcgen Sie den Code, den Sie k\u00fcrzlich kopiert haben, in Ihre Seite ein und speichern Sie die Korrekturen. <\/li> <li><b>Das Setup ist vollst\u00e4ndig durchgef\u00fchrt. <\/b><br> Besuchen Sie Ihre Website, um die Funktion des Plugins zu \u00fcberpr\u00fcfen. <\/li><\/ol> <p>Wenn Sie Fragen haben oder auf Hindernisse sto\u00dfen, scheuen Sie sich nicht, sich an unsere Kundendienstmitarbeiter zu wenden. Unsere Berater sind bestrebt, alle Probleme zu l\u00f6sen, die Sie m\u00f6glicherweise mit dem Tool haben. <\/p> <\/div>\n","protected":false},"excerpt":{"rendered":"","protected":false},"author":9,"featured_media":0,"parent":2321,"menu_order":0,"comment_status":"closed","ping_status":"closed","template":"templates\/template-application-platform.php","meta":{"publish_to_discourse":"","publish_post_category":"","wpdc_auto_publish_overridden":"","wpdc_topic_tags":"","wpdc_pin_topic":"","wpdc_pin_until":"","discourse_post_id":"","discourse_permalink":"","wpdc_publishing_response":"","wpdc_publishing_error":"","footnotes":""},"class_list":["post-9690","page","type-page","status-publish","hentry"],"yoast_head":"<!-- This site is optimized with the Yoast SEO plugin v25.3.1 - https:\/\/yoast.com\/wordpress\/plugins\/seo\/ -->\n<title>Elfsight Podcast Player f\u00fcr Blogger-Website (kostenlos und schnell)<\/title>\n<meta name=\"description\" content=\"Nutzen Sie unsere \u00fcbersichtliche Demo und f\u00fcgen Sie einen reaktionsf\u00e4higen Elfsight-Podcast-Player auf Ihrer Blogger-Seite hinzu. Implementieren Sie unsere n\u00fctzliche Demo und gestalten Sie Ihr ma\u00dfgeschneidertes Widget mit einem Klick!\" \/>\n<meta name=\"robots\" content=\"index, follow, max-snippet:-1, max-image-preview:large, max-video-preview:-1\" \/>\n<link rel=\"canonical\" href=\"https:\/\/elfsight.com\/de\/podcast-player-widget\/blogger\/\" \/>\n<meta property=\"og:locale\" content=\"de_DE\" \/>\n<meta property=\"og:type\" content=\"article\" \/>\n<meta property=\"og:title\" content=\"Elfsight Podcast Player f\u00fcr Blogger-Website (kostenlos und schnell)\" \/>\n<meta property=\"og:description\" content=\"Nutzen Sie unsere \u00fcbersichtliche Demo und f\u00fcgen Sie einen reaktionsf\u00e4higen Elfsight-Podcast-Player auf Ihrer Blogger-Seite hinzu. Implementieren Sie unsere n\u00fctzliche Demo und gestalten Sie Ihr ma\u00dfgeschneidertes Widget mit einem Klick!\" \/>\n<meta property=\"og:url\" content=\"https:\/\/elfsight.com\/de\/podcast-player-widget\/blogger\/\" \/>\n<meta property=\"og:site_name\" content=\"Elfsight DE\" \/>\n<meta property=\"article:modified_time\" content=\"2025-02-14T08:49:52+00:00\" \/>\n<meta name=\"twitter:card\" content=\"summary_large_image\" \/>\n<meta name=\"twitter:label1\" content=\"Gesch\u00e4tzte Lesezeit\" \/>\n\t<meta name=\"twitter:data1\" content=\"2\u00a0Minuten\" \/>\n<!-- \/ Yoast SEO plugin. -->","yoast_head_json":{"title":"Elfsight Podcast Player f\u00fcr Blogger-Website (kostenlos und schnell)","description":"Nutzen Sie unsere \u00fcbersichtliche Demo und f\u00fcgen Sie einen reaktionsf\u00e4higen Elfsight-Podcast-Player auf Ihrer Blogger-Seite hinzu. Implementieren Sie unsere n\u00fctzliche Demo und gestalten Sie Ihr ma\u00dfgeschneidertes Widget mit einem Klick!","robots":{"index":"index","follow":"follow","max-snippet":"max-snippet:-1","max-image-preview":"max-image-preview:large","max-video-preview":"max-video-preview:-1"},"canonical":"https:\/\/elfsight.com\/de\/podcast-player-widget\/blogger\/","og_locale":"de_DE","og_type":"article","og_title":"Elfsight Podcast Player f\u00fcr Blogger-Website (kostenlos und schnell)","og_description":"Nutzen Sie unsere \u00fcbersichtliche Demo und f\u00fcgen Sie einen reaktionsf\u00e4higen Elfsight-Podcast-Player auf Ihrer Blogger-Seite hinzu. Implementieren Sie unsere n\u00fctzliche Demo und gestalten Sie Ihr ma\u00dfgeschneidertes Widget mit einem Klick!","og_url":"https:\/\/elfsight.com\/de\/podcast-player-widget\/blogger\/","og_site_name":"Elfsight DE","article_modified_time":"2025-02-14T08:49:52+00:00","twitter_card":"summary_large_image","twitter_misc":{"Gesch\u00e4tzte Lesezeit":"2\u00a0Minuten"},"schema":{"@context":"https:\/\/schema.org","@graph":[{"@type":"WebPage","@id":"https:\/\/elfsight.com\/de\/podcast-player-widget\/blogger\/","url":"https:\/\/elfsight.com\/de\/podcast-player-widget\/blogger\/","name":"Elfsight Podcast Player f\u00fcr Blogger-Website (kostenlos und schnell)","isPartOf":{"@id":"https:\/\/elfsight.com\/de\/#website"},"datePublished":"1970-01-01T00:00:00+00:00","dateModified":"2025-02-14T08:49:52+00:00","description":"Nutzen Sie unsere \u00fcbersichtliche Demo und f\u00fcgen Sie einen reaktionsf\u00e4higen Elfsight-Podcast-Player auf Ihrer Blogger-Seite hinzu. Implementieren Sie unsere n\u00fctzliche Demo und gestalten Sie Ihr ma\u00dfgeschneidertes Widget mit einem Klick!","breadcrumb":{"@id":"https:\/\/elfsight.com\/de\/podcast-player-widget\/blogger\/#breadcrumb"},"inLanguage":"de","potentialAction":[{"@type":"ReadAction","target":["https:\/\/elfsight.com\/de\/podcast-player-widget\/blogger\/"]}]},{"@type":"BreadcrumbList","@id":"https:\/\/elfsight.com\/de\/podcast-player-widget\/blogger\/#breadcrumb","itemListElement":[{"@type":"ListItem","position":1,"name":"Home","item":"https:\/\/elfsight.com\/de\/"},{"@type":"ListItem","position":2,"name":"Podcast Player","item":"https:\/\/elfsight.com\/de\/podcast-player-widget\/"},{"@type":"ListItem","position":3,"name":"Podcast Player &#8211; Blogger"}]},{"@type":"WebSite","@id":"https:\/\/elfsight.com\/de\/#website","url":"https:\/\/elfsight.com\/de\/","name":"Elfsight DE","description":"Just another Elfsight Sites site","potentialAction":[{"@type":"SearchAction","target":{"@type":"EntryPoint","urlTemplate":"https:\/\/elfsight.com\/de\/?s={search_term_string}"},"query-input":{"@type":"PropertyValueSpecification","valueRequired":true,"valueName":"search_term_string"}}],"inLanguage":"de"}]}},"meta_box":{"industry":"","seo_heading":"","heading":"","description":"","cta_heading":"","cta_description":"","application":"508","h1":"Blogger-Podcast-Player-Widget","h1_caption":"Betten Sie einen Podcast-Player direkt auf Ihrer Website ein, sodass Benutzer Ihre Episoden m\u00fchelos anh\u00f6ren k\u00f6nnen, ohne die Seite Ihrer Blogger-Website zu verlassen.","application_category":[],"applications_title":"","applications_request_title":"","applications_request_button_text":"","hero_text":"","hero_video":"","hero_video_schema_markup":"","selling_points_title":"","selling_points_caption":"","selling_points":[],"selling_points_cta_text":"","features_title":"","features":"","ed_cta_examples_text":"","ed_cta_examples_hidden":"","ed_cta_demo_text":"","ed_cta_demo_hidden":"","why_caption":"","why_editor_title":"","why_editor_text":"","why_team_title":"","why_team_text":"","why_service_title":"","why_service_text":"","template_catalog_visible":"0","template_catalog_title":"","template_catalog_text":"","template_catalog_categories_visible":"","demo_title":"Erstellen Sie Ihr Podcast-Player-Widget","demo_caption":"Konfigurieren Sie Ihren Podcast-Player und f\u00fcgen Sie ihn kostenlos zu Ihrer Blogger-Website hinzu!","default_faq_hidden":"","app_template_category":[],"platform":"262","template_public_id":"","codecanyon_url":"","codecanyon_item_id":"","codecanyon_price":"","pricing_caption":"","pricing_elfsight_apps_hide_column":"","pricing_elfsight_apps_url":"","pricing_codecanyon_price_caption":"","integration_category":[],"integration_request_title":"","integration_request_cta":"","integration_platform":"","integrations":[],"platform_category":[],"video_schema_markup":"","price":"ab 0 $ \/ Monat","trial":"","benefits":[{"text":"Kostenlose Installationshilfe"},{"text":"Effektiver Kundenservice"},{"text":"14-t\u00e4gige Geld-zur\u00fcck-Garantie"},{"text":"Fortlaufende Entwicklung"}],"button_url":"#demo","button_target_blank":"0","button_nofollow":"0","attributes":[{"name":"Installiert","content":"10,000 - 100,000"},{"name":"Reaktionsfreudig","content":"Ja"},{"name":"Kompatible Browser","content":"Firefox, Safari, Opera, Chrome, Edge"}],"tags":[],"tags_disable_links":"0","hide_more_platforms":"0","video_object":"","demo_hide_cta":"0","demo_hide_cloud_options":"0","pricing_title":"","pricing":[{"pricing_icon":"platform","pricing_title":"Elfsight Apps","pricing_title_caption":"Plattformunabh\u00e4ngige digitale L\u00f6sung, die auf jeder Website funktioniert","pricing_price":"ab 0 $ \/ Monat","pricing_price_caption":"Beginnen Sie mit einem kostenlosen Plan","pricing_benefits":[{"text":"Unbegrenzte Websites"},{"text":"Professionelle Unternehmensunterst\u00fctzung und gut dokumentiert"},{"text":"Kostenlose Installationshilfe"},{"text":"100 % anpassbar"}],"pricing_button_text":"Zur Website hinzuf\u00fcgen","pricing_button_url":"#demo"}],"related_apps_title":"","related_apps_hidden":"0","author":"","image":[],"title":"","job":"","social_networks":[]},"_links":{"self":[{"href":"https:\/\/elfsight.com\/de\/wp-json\/wp\/v2\/pages\/9690","targetHints":{"allow":["GET"]}}],"collection":[{"href":"https:\/\/elfsight.com\/de\/wp-json\/wp\/v2\/pages"}],"about":[{"href":"https:\/\/elfsight.com\/de\/wp-json\/wp\/v2\/types\/page"}],"author":[{"embeddable":true,"href":"https:\/\/elfsight.com\/de\/wp-json\/wp\/v2\/users\/9"}],"replies":[{"embeddable":true,"href":"https:\/\/elfsight.com\/de\/wp-json\/wp\/v2\/comments?post=9690"}],"version-history":[{"count":3,"href":"https:\/\/elfsight.com\/de\/wp-json\/wp\/v2\/pages\/9690\/revisions"}],"predecessor-version":[{"id":24186,"href":"https:\/\/elfsight.com\/de\/wp-json\/wp\/v2\/pages\/9690\/revisions\/24186"}],"up":[{"embeddable":true,"href":"https:\/\/elfsight.com\/de\/wp-json\/wp\/v2\/pages\/2321"}],"wp:attachment":[{"href":"https:\/\/elfsight.com\/de\/wp-json\/wp\/v2\/media?parent=9690"}],"curies":[{"name":"wp","href":"https:\/\/api.w.org\/{rel}","templated":true}]}}