{"id":9684,"date":"1970-01-01T00:00:00","date_gmt":"1970-01-01T00:00:00","guid":{"rendered":"https:\/\/elfsight.com\/de\/?page_id=9684"},"modified":"2025-02-14T12:00:56","modified_gmt":"2025-02-14T12:00:56","slug":"elementor","status":"publish","type":"page","link":"https:\/\/elfsight.com\/de\/podcast-player-widget\/elementor\/","title":{"rendered":"Podcast Player &#8211; Elementor"},"content":{"rendered":"\n<div class=\"application-platform-content-item-description application-platform-content-item\" id=\"description\" data-nav-section=\"description\"> <h2>Podcast Player mit dem Elfsight-Widget in Elementor einbetten<\/h2> <p>Elfsight Podcast Player ist ein einfaches Plugin f\u00fcr Elementor-Websites, mit dem Sie um Podcasts direkt auf Ihrer Homepage abzuspielen. Das Plugin ist \u00e4u\u00dferst anpassbar: Sie k\u00f6nnen seine Platzierung \u00e4ndern, es an einer beliebigen Stelle auf der Seite platzieren, seine Gr\u00f6\u00dfe skalieren, den Hintergrund und alle anderen Teile \u00fcberarbeiten, um es mit dem Layout Ihrer Website zu vermischen, ein dunkles Design verwenden, Cover anzeigen und ein- oder ausblenden 3 andere Spielerdetails wie Fortschrittsbalken und andere. Binden Sie Ihr Publikum ein, schalten Sie die automatische Wiedergabe ein und stellen Sie sicher, dass Ihr Publikum Ihre Website nicht sofort verl\u00e4sst! <\/p> <p><b>Begeistern Sie Ihr Publikum mit wertvollen und fesselnden Materialien mithilfe des Elfsight Podcast Players<\/b><\/p> <\/div> <div class=\"application-platform-content-item-features application-platform-content-item\" id=\"features\" data-nav-section=\"features\"> <h2> Die wichtigsten Widget-Funktionen bieten<\/h2> <ul><li>Verschiedene Farbvarianten. <\/li><li>2 Layouts verf\u00fcgbar. <\/li><li>Eine Option zur Verwendung eines Hintergrundbilds. <\/li><li>F\u00fcgen Sie unendlich viele Titel hinzu. <\/li><li>Eine M\u00f6glichkeit, Ihr individuelles Farbthema zu gestalten. <\/li><\/ul><p><a href=\"#demo\">Sie k\u00f6nnen sich die vollst\u00e4ndigen Funktionen des Widgets in der Demo auf dieser Seite ansehen<\/a><\/p> <\/div> <div class=\"application-platform-content-item-installation application-platform-content-item\" id=\"installation\" data-nav-section=\"installation\"> <h2>Wie bette ich den Podcast Player in meine Elementor-Website ein? <\/h2><div class=\"video-container\"><iframe width=\"560\" height=\"315\" src=\"https:\/\/www.youtube.com\/embed\/PAInxny7X5o?si=rSrht0wLG6AdP-0y\" frameborder=\"0\" allow=\"accelerometer; autoplay; clipboard-write; encrypted-media; gyroscope; picture-in-picture; web-share\" allowfullscreen><\/iframe><\/div><p>Erf\u00fcllen Sie einfach die folgenden Richtlinien, um das Tool hinzuzuf\u00fcgen. <\/p> <ol><li><b>Nutzen Sie unseren kostenlosen Konfigurator und beginnen Sie mit der Zusammenstellung Ihres individuellen Instruments. <\/b><br> Legen Sie das passende Layout und die Funktionsmerkmale des Plugins fest und speichern Sie die Korrekturen. <\/li> <li><b>Erhalten Sie den einzigartigen Code, der in der Witwe von Elfsight Apps angezeigt wird. <\/b><br> Sobald die Erstellung Ihres pers\u00f6nlichen Plugins abgeschlossen ist, kopieren Sie den exklusiven Code aus dem angezeigten Popup und bewahren Sie ihn f\u00fcr sp\u00e4tere Zwecke auf. <\/li> <li><b>Beginnen Sie mit der Verwendung des Widgets auf Ihrer Elementor-Website. <\/b><br> F\u00fcgen Sie den Code, den Sie k\u00fcrzlich gespeichert haben, in Ihre Seite ein und speichern Sie die Verbesserungen. <\/li> <li><b>Fertig! Die Einbettung wurde erfolgreich beendet. <\/b><br> Besuchen Sie Ihre Webseite, um die Arbeit des Widgets in Aktion zu sehen. <\/li><\/ol> <p>Z\u00f6gern Sie nicht, sich an unser Kundendienstteam zu wenden, wenn Sie Anfragen bearbeiten oder auf Hindernisse sto\u00dfen. Unsere Spezialisten beantworten gerne alle Fragen, die Sie zum Tool haben. <\/p> <div class=\"faq\" data-component=\"FAQ\"><div class=\"faq-item\">\r\n\t\t\t\t\t<div class=\"faq-item-question\">\r\n\t\t\t\t\t\t<h3 class=\"faq-item-question-text\">Wie kann ich ein Podcast-Player-Widget ohne Programmierkenntnisse in meine Elementor-Website einbetten?<\/h3>\r\n\r\n\t\t\t\t\t\t<div class=\"faq-item-question-icon\"><\/div>\r\n\t\t\t\t\t<\/div>\r\n\r\n\t\t\t\t\t<div class=\"faq-item-answer\">\r\n\t\t\t\t\t\t<div class=\"faq-item-answer-text\"><p>Elfsight bietet eine einfache, cloudbasierte L\u00f6sung, mit der Sie ein Podcast-Player-Widget ganz leicht erstellen k\u00f6nnen. Hier erfahren Sie, wie einfach es ist:<\/p>\n\n<li>Nutzen Sie den Online-Editor, um den Podcast-Player-Bereich f\u00fcr Ihre Elementor-Website zu erstellen.<\/li>\n\n<li>W\u00e4hlen Sie eine Vorlage aus, passen Sie die Einstellungen, das Layout und die Farben an und f\u00fcgen Sie Ihre Inhalte ein \u2013 ganz ohne Code.<\/li>\n\n<li>Speichern Sie Ihre Anpassungen und holen Sie sich den Einbettungscode, den Sie problemlos auf Ihrer Elementor-Seite einf\u00fcgen k\u00f6nnen \u2013 kostenlos.<\/li>\n\n<p>Dank des benutzerfreundlichen Editors kann jeder ein Podcast-Player-Widget erstellen und auf seiner Elementor-Website einf\u00fcgen. Der Zugriff auf den Editor ist kostenlos, ohne dass Kreditkarteninformationen erforderlich sind. Bei Problemen hilft unser Support gerne weiter.<\/p><\/div>\r\n\t\t\t\t\t<\/div>\r\n\t\t\t\t<\/div><\/div><\/div>\n","protected":false},"excerpt":{"rendered":"","protected":false},"author":9,"featured_media":0,"parent":2321,"menu_order":0,"comment_status":"closed","ping_status":"closed","template":"templates\/template-application-platform.php","meta":{"publish_to_discourse":"","publish_post_category":"","wpdc_auto_publish_overridden":"","wpdc_topic_tags":"","wpdc_pin_topic":"","wpdc_pin_until":"","discourse_post_id":"","discourse_permalink":"","wpdc_publishing_response":"","wpdc_publishing_error":"","footnotes":""},"class_list":["post-9684","page","type-page","status-publish","hentry"],"yoast_head":"<!-- This site is optimized with the Yoast SEO plugin v25.3.1 - https:\/\/yoast.com\/wordpress\/plugins\/seo\/ -->\n<title>Elfsight Podcast Player f\u00fcr die Elementor-Webseite (kostenlos und schnell)<\/title>\n<meta name=\"description\" content=\"Nutzen Sie unsere barrierefreie Demo und betten Sie einen responsiven Podcast-Player auf Ihrer Elementor-Seite ein. Nutzen Sie unsere praktische Demo und gestalten Sie m\u00fchelos Ihr individuelles Widget!\" \/>\n<meta name=\"robots\" content=\"index, follow, max-snippet:-1, max-image-preview:large, max-video-preview:-1\" \/>\n<link rel=\"canonical\" href=\"https:\/\/elfsight.com\/de\/podcast-player-widget\/elementor\/\" \/>\n<meta property=\"og:locale\" content=\"de_DE\" \/>\n<meta property=\"og:type\" content=\"article\" \/>\n<meta property=\"og:title\" content=\"Elfsight Podcast Player f\u00fcr die Elementor-Webseite (kostenlos und schnell)\" \/>\n<meta property=\"og:description\" content=\"Nutzen Sie unsere barrierefreie Demo und betten Sie einen responsiven Podcast-Player auf Ihrer Elementor-Seite ein. Nutzen Sie unsere praktische Demo und gestalten Sie m\u00fchelos Ihr individuelles Widget!\" \/>\n<meta property=\"og:url\" content=\"https:\/\/elfsight.com\/de\/podcast-player-widget\/elementor\/\" \/>\n<meta property=\"og:site_name\" content=\"Elfsight DE\" \/>\n<meta property=\"article:modified_time\" content=\"2025-02-14T12:00:56+00:00\" \/>\n<meta name=\"twitter:card\" content=\"summary_large_image\" \/>\n<meta name=\"twitter:label1\" content=\"Gesch\u00e4tzte Lesezeit\" \/>\n\t<meta name=\"twitter:data1\" content=\"3\u00a0Minuten\" \/>\n<!-- \/ Yoast SEO plugin. -->","yoast_head_json":{"title":"Elfsight Podcast Player f\u00fcr die Elementor-Webseite (kostenlos und schnell)","description":"Nutzen Sie unsere barrierefreie Demo und betten Sie einen responsiven Podcast-Player auf Ihrer Elementor-Seite ein. Nutzen Sie unsere praktische Demo und gestalten Sie m\u00fchelos Ihr individuelles Widget!","robots":{"index":"index","follow":"follow","max-snippet":"max-snippet:-1","max-image-preview":"max-image-preview:large","max-video-preview":"max-video-preview:-1"},"canonical":"https:\/\/elfsight.com\/de\/podcast-player-widget\/elementor\/","og_locale":"de_DE","og_type":"article","og_title":"Elfsight Podcast Player f\u00fcr die Elementor-Webseite (kostenlos und schnell)","og_description":"Nutzen Sie unsere barrierefreie Demo und betten Sie einen responsiven Podcast-Player auf Ihrer Elementor-Seite ein. Nutzen Sie unsere praktische Demo und gestalten Sie m\u00fchelos Ihr individuelles Widget!","og_url":"https:\/\/elfsight.com\/de\/podcast-player-widget\/elementor\/","og_site_name":"Elfsight DE","article_modified_time":"2025-02-14T12:00:56+00:00","twitter_card":"summary_large_image","twitter_misc":{"Gesch\u00e4tzte Lesezeit":"3\u00a0Minuten"},"schema":{"@context":"https:\/\/schema.org","@graph":[{"@type":"WebPage","@id":"https:\/\/elfsight.com\/de\/podcast-player-widget\/elementor\/","url":"https:\/\/elfsight.com\/de\/podcast-player-widget\/elementor\/","name":"Elfsight Podcast Player f\u00fcr die Elementor-Webseite (kostenlos und schnell)","isPartOf":{"@id":"https:\/\/elfsight.com\/de\/#website"},"datePublished":"1970-01-01T00:00:00+00:00","dateModified":"2025-02-14T12:00:56+00:00","description":"Nutzen Sie unsere barrierefreie Demo und betten Sie einen responsiven Podcast-Player auf Ihrer Elementor-Seite ein. Nutzen Sie unsere praktische Demo und gestalten Sie m\u00fchelos Ihr individuelles Widget!","breadcrumb":{"@id":"https:\/\/elfsight.com\/de\/podcast-player-widget\/elementor\/#breadcrumb"},"inLanguage":"de","potentialAction":[{"@type":"ReadAction","target":["https:\/\/elfsight.com\/de\/podcast-player-widget\/elementor\/"]}]},{"@type":"BreadcrumbList","@id":"https:\/\/elfsight.com\/de\/podcast-player-widget\/elementor\/#breadcrumb","itemListElement":[{"@type":"ListItem","position":1,"name":"Home","item":"https:\/\/elfsight.com\/de\/"},{"@type":"ListItem","position":2,"name":"Podcast Player","item":"https:\/\/elfsight.com\/de\/podcast-player-widget\/"},{"@type":"ListItem","position":3,"name":"Podcast Player &#8211; Elementor"}]},{"@type":"WebSite","@id":"https:\/\/elfsight.com\/de\/#website","url":"https:\/\/elfsight.com\/de\/","name":"Elfsight DE","description":"Just another Elfsight Sites site","potentialAction":[{"@type":"SearchAction","target":{"@type":"EntryPoint","urlTemplate":"https:\/\/elfsight.com\/de\/?s={search_term_string}"},"query-input":{"@type":"PropertyValueSpecification","valueRequired":true,"valueName":"search_term_string"}}],"inLanguage":"de"}]}},"meta_box":{"industry":"","seo_heading":"","heading":"","description":"","cta_heading":"","cta_description":"","application":"508","h1":"Elementor Podcast Player-Plugin","h1_caption":"Integrieren Sie einen Podcast-Player direkt auf Ihrer Website, sodass Benutzer Ihre Episoden m\u00fchelos anh\u00f6ren k\u00f6nnen, ohne die Seite Ihrer Elementor-Website zu verlassen.","application_category":[],"applications_title":"","applications_request_title":"","applications_request_button_text":"","hero_text":"","hero_video":"","hero_video_schema_markup":"","selling_points_title":"","selling_points_caption":"","selling_points":[],"selling_points_cta_text":"","features_title":"","features":"","ed_cta_examples_text":"","ed_cta_examples_hidden":"","ed_cta_demo_text":"","ed_cta_demo_hidden":"","why_caption":"","why_editor_title":"","why_editor_text":"","why_team_title":"","why_team_text":"","why_service_title":"","why_service_text":"","template_catalog_visible":"0","template_catalog_title":"","template_catalog_text":"","template_catalog_categories_visible":"","demo_title":"Erstellen Sie Ihr Podcast-Player-Widget","demo_caption":"Konfigurieren Sie Ihren Podcast-Player und f\u00fcgen Sie ihn kostenlos zu Ihrer Elementor-Website hinzu!","default_faq_hidden":"","app_template_category":[],"platform":"223","template_public_id":"","codecanyon_url":"","codecanyon_item_id":"","codecanyon_price":"","pricing_caption":"","pricing_elfsight_apps_hide_column":"","pricing_elfsight_apps_url":"","pricing_codecanyon_price_caption":"","integration_category":[],"integration_request_title":"","integration_request_cta":"","integration_platform":"","integrations":[],"platform_category":[],"video_schema_markup":"","price":"ab 0 $ \/ Monat","trial":"","benefits":[{"text":"Kostenlose Installationsunterst\u00fctzung"},{"text":"Au\u00dfergew\u00f6hnlicher Support"},{"text":"14-t\u00e4gige R\u00fcckerstattungsgarantie"},{"text":"Zuk\u00fcnftige Updates"}],"button_url":"#demo","button_target_blank":"0","button_nofollow":"0","attributes":[{"name":"Installiert","content":"10,000 - 100,000"},{"name":"Reaktionsfreudig","content":"Ja"},{"name":"Kompatible Browser","content":"Firefox, Safari, Opera, Chrome, Edge"}],"tags":[],"tags_disable_links":"0","hide_more_platforms":"0","video_object":"","demo_hide_cta":"0","demo_hide_cloud_options":"0","pricing_title":"","pricing":[{"pricing_icon":"platform","pricing_title":"Elfsight Apps","pricing_title_caption":"Multiplattform-Version, die auf jeder Website funktioniert","pricing_price":"ab 0 $ \/ Monat","pricing_price_caption":"Beginnen Sie mit einem kostenlosen Plan","pricing_benefits":[{"text":"Unbegrenzte Domains"},{"text":"Premium-Support"},{"text":"Kostenlose Installationsunterst\u00fctzung"},{"text":"Sonderangebot f\u00fcr mehrere Apps"}],"pricing_button_text":"Zur Website hinzuf\u00fcgen","pricing_button_url":"#demo"}],"related_apps_title":"","related_apps_hidden":"0","author":"","image":[],"title":"","job":"","social_networks":[]},"_links":{"self":[{"href":"https:\/\/elfsight.com\/de\/wp-json\/wp\/v2\/pages\/9684","targetHints":{"allow":["GET"]}}],"collection":[{"href":"https:\/\/elfsight.com\/de\/wp-json\/wp\/v2\/pages"}],"about":[{"href":"https:\/\/elfsight.com\/de\/wp-json\/wp\/v2\/types\/page"}],"author":[{"embeddable":true,"href":"https:\/\/elfsight.com\/de\/wp-json\/wp\/v2\/users\/9"}],"replies":[{"embeddable":true,"href":"https:\/\/elfsight.com\/de\/wp-json\/wp\/v2\/comments?post=9684"}],"version-history":[{"count":4,"href":"https:\/\/elfsight.com\/de\/wp-json\/wp\/v2\/pages\/9684\/revisions"}],"predecessor-version":[{"id":24192,"href":"https:\/\/elfsight.com\/de\/wp-json\/wp\/v2\/pages\/9684\/revisions\/24192"}],"up":[{"embeddable":true,"href":"https:\/\/elfsight.com\/de\/wp-json\/wp\/v2\/pages\/2321"}],"wp:attachment":[{"href":"https:\/\/elfsight.com\/de\/wp-json\/wp\/v2\/media?parent=9684"}],"curies":[{"name":"wp","href":"https:\/\/api.w.org\/{rel}","templated":true}]}}