{"id":9673,"date":"1970-01-01T00:00:00","date_gmt":"1970-01-01T00:00:00","guid":{"rendered":"https:\/\/elfsight.com\/de\/?page_id=9673"},"modified":"2025-07-09T14:12:01","modified_gmt":"2025-07-09T14:12:01","slug":"opencart","status":"publish","type":"page","link":"https:\/\/elfsight.com\/de\/podcast-player-widget\/opencart\/","title":{"rendered":"Podcast Player &#8211; OpenCart"},"content":{"rendered":"<div class=\"application-platform-content-item-description application-platform-content-item\" id=\"description\" data-nav-section=\"description\"> <h2>Beschreibung<\/h2> <p>Elfsight Podcast Player ist eine einfache Erweiterung f\u00fcr OpenCart, mit der Sie Podcasts direkt auf den Seiten Ihrer Website streamen k\u00f6nnen . Das Widget ist vollst\u00e4ndig ver\u00e4nderbar: Sie k\u00f6nnen seine Platzierung \u00e4ndern, indem Sie es an einer beliebigen Stelle auf der Seite platzieren, seine Gr\u00f6\u00dfe \u00e4ndern, den Hintergrund und alle anderen Teile neu einf\u00e4rben, um es mit dem Layout Ihrer Website zu vermischen, ein dunkles Thema anwenden, Cover anzeigen und anzeigen oder ausblenden drei weitere Spielerdetails wie Fortschrittsbalken und andere. Binden Sie Ihre Benutzer ein, schalten Sie die Autoplay-Option ein und z\u00f6gern Sie nicht \u2013 Ihre Benutzer werden Ihre Website nicht so schnell verlassen! <\/p> <p><b>Interessieren Sie Ihr Publikum, indem Sie ihm wertvolle und fesselnde Materialien mit dem Elfsight Podcast Player bereitstellen<\/b><\/p> <\/div> <div class=\"application-platform-content-item-features application-platform-content-item\" id=\"features\" data-nav-section=\"features\"> <h2>Die Erweiterung bietet praktische und einfache Funktionen, hier sind einige davon: <\/h2> <ul><li>Verschiedene Farb\u00e4nderungen. <\/li><li>Zwei Layouts verf\u00fcgbar. <\/li><li>M\u00f6glichkeit, ein Hintergrundbild hinzuzuf\u00fcgen. <\/li><li>F\u00fcgen Sie eine unbegrenzte Anzahl von Titeln hinzu. <\/li><li>Eine M\u00f6glichkeit, Ihr individuelles Farbschema zu erstellen. <\/li><\/ul><p><a href=\"#demo\">Sie k\u00f6nnen sich hier in der Demo die vollst\u00e4ndigen Funktionen der Erweiterung ansehen<\/a><\/p> <\/div> <div class=\"application-platform-content-item-installation application-platform-content-item\" id=\"installation\" data-nav-section=\"installation\"> <h2>Wie bette ich den Podcast Player auf meiner OpenCart-Website ein? <\/h2> <p>Befolgen Sie einfach die nachstehenden Anweisungen, um die Erweiterung zu aktivieren. <\/p> <ol><li><b>F\u00fchren Sie unseren kostenlosen Editor aus und beginnen Sie mit der Erstellung Ihrer einzigartigen Erweiterung. <\/b><br> Bestimmen Sie die gew\u00fcnschte Schnittstelle und Spezifikationen der Erweiterung und speichern Sie alle Korrekturen. <\/li> <li><b>Kopieren Sie den eindeutigen Code, der im Fenster von Elfsight Apps angezeigt wird. <\/b><br> Wenn die Erstellung Ihrer Erweiterung abgeschlossen ist, kopieren Sie den exklusiven Code im angezeigten Popup und speichern Sie ihn zur weiteren Verwendung. <\/li> <li><b>Erste Schritte mit der Verwendung der Erweiterung auf der OpenCart-Webseite. <\/b><br> F\u00fcgen Sie den k\u00fcrzlich kopierten Code in Ihre Seite ein und speichern Sie die \u00c4nderungen. <\/li> <li><b>Das Setup ist vollst\u00e4ndig beendet. <\/b><br> Besuchen Sie Ihre Webseite, um zu sehen, wie die Erweiterung ausgef\u00fchrt wird. <\/li><\/ol><p>Sollten Sie auf Probleme sto\u00dfen, wenden Sie sich bitte an unseren Support. Unsere Spezialisten beantworten gerne alle Fragen, die Sie im Zusammenhang mit der Verl\u00e4ngerung haben. <\/p> <\/div>","protected":false},"excerpt":{"rendered":"","protected":false},"author":9,"featured_media":0,"parent":2321,"menu_order":0,"comment_status":"closed","ping_status":"closed","template":"templates\/template-application-platform.php","meta":{"publish_to_discourse":"","publish_post_category":"","wpdc_auto_publish_overridden":"","wpdc_topic_tags":"","wpdc_pin_topic":"","wpdc_pin_until":"","discourse_post_id":"","discourse_permalink":"","wpdc_publishing_response":"","wpdc_publishing_error":"","footnotes":""},"class_list":["post-9673","page","type-page","status-publish","hentry"],"yoast_head":"<!-- This site is optimized with the Yoast SEO plugin v25.3.1 - https:\/\/yoast.com\/wordpress\/plugins\/seo\/ -->\n<title>Elfsight Podcast Player f\u00fcr die OpenCart-Website (kostenlos und schnell)<\/title>\n<meta name=\"description\" content=\"Nutzen Sie unsere \u00fcberschaubare Demo und f\u00fchren Sie einen responsiven Podcast-Player auf Ihrer OpenCart-Homepage ein. Integrieren Sie unsere praktische Demo und erstellen Sie mit wenigen Klicks Ihr individuelles Widget!\" \/>\n<meta name=\"robots\" content=\"index, follow, max-snippet:-1, max-image-preview:large, max-video-preview:-1\" \/>\n<link rel=\"canonical\" href=\"https:\/\/elfsight.com\/de\/podcast-player-widget\/opencart\/\" \/>\n<meta property=\"og:locale\" content=\"de_DE\" \/>\n<meta property=\"og:type\" content=\"article\" \/>\n<meta property=\"og:title\" content=\"Elfsight Podcast Player f\u00fcr die OpenCart-Website (kostenlos und schnell)\" \/>\n<meta property=\"og:description\" content=\"Nutzen Sie unsere \u00fcberschaubare Demo und f\u00fchren Sie einen responsiven Podcast-Player auf Ihrer OpenCart-Homepage ein. Integrieren Sie unsere praktische Demo und erstellen Sie mit wenigen Klicks Ihr individuelles Widget!\" \/>\n<meta property=\"og:url\" content=\"https:\/\/elfsight.com\/de\/podcast-player-widget\/opencart\/\" \/>\n<meta property=\"og:site_name\" content=\"Elfsight DE\" \/>\n<meta property=\"article:modified_time\" content=\"2025-07-09T14:12:01+00:00\" \/>\n<meta name=\"twitter:card\" content=\"summary_large_image\" \/>\n<meta name=\"twitter:label1\" content=\"Gesch\u00e4tzte Lesezeit\" \/>\n\t<meta name=\"twitter:data1\" content=\"2\u00a0Minuten\" \/>\n<!-- \/ Yoast SEO plugin. -->","yoast_head_json":{"title":"Elfsight Podcast Player f\u00fcr die OpenCart-Website (kostenlos und schnell)","description":"Nutzen Sie unsere \u00fcberschaubare Demo und f\u00fchren Sie einen responsiven Podcast-Player auf Ihrer OpenCart-Homepage ein. Integrieren Sie unsere praktische Demo und erstellen Sie mit wenigen Klicks Ihr individuelles Widget!","robots":{"index":"index","follow":"follow","max-snippet":"max-snippet:-1","max-image-preview":"max-image-preview:large","max-video-preview":"max-video-preview:-1"},"canonical":"https:\/\/elfsight.com\/de\/podcast-player-widget\/opencart\/","og_locale":"de_DE","og_type":"article","og_title":"Elfsight Podcast Player f\u00fcr die OpenCart-Website (kostenlos und schnell)","og_description":"Nutzen Sie unsere \u00fcberschaubare Demo und f\u00fchren Sie einen responsiven Podcast-Player auf Ihrer OpenCart-Homepage ein. Integrieren Sie unsere praktische Demo und erstellen Sie mit wenigen Klicks Ihr individuelles Widget!","og_url":"https:\/\/elfsight.com\/de\/podcast-player-widget\/opencart\/","og_site_name":"Elfsight DE","article_modified_time":"2025-07-09T14:12:01+00:00","twitter_card":"summary_large_image","twitter_misc":{"Gesch\u00e4tzte Lesezeit":"2\u00a0Minuten"},"schema":{"@context":"https:\/\/schema.org","@graph":[{"@type":"WebPage","@id":"https:\/\/elfsight.com\/de\/podcast-player-widget\/opencart\/","url":"https:\/\/elfsight.com\/de\/podcast-player-widget\/opencart\/","name":"Elfsight Podcast Player f\u00fcr die OpenCart-Website (kostenlos und schnell)","isPartOf":{"@id":"https:\/\/elfsight.com\/de\/#website"},"datePublished":"1970-01-01T00:00:00+00:00","dateModified":"2025-07-09T14:12:01+00:00","description":"Nutzen Sie unsere \u00fcberschaubare Demo und f\u00fchren Sie einen responsiven Podcast-Player auf Ihrer OpenCart-Homepage ein. Integrieren Sie unsere praktische Demo und erstellen Sie mit wenigen Klicks Ihr individuelles Widget!","breadcrumb":{"@id":"https:\/\/elfsight.com\/de\/podcast-player-widget\/opencart\/#breadcrumb"},"inLanguage":"de","potentialAction":[{"@type":"ReadAction","target":["https:\/\/elfsight.com\/de\/podcast-player-widget\/opencart\/"]}]},{"@type":"BreadcrumbList","@id":"https:\/\/elfsight.com\/de\/podcast-player-widget\/opencart\/#breadcrumb","itemListElement":[{"@type":"ListItem","position":1,"name":"Home","item":"https:\/\/elfsight.com\/de\/"},{"@type":"ListItem","position":2,"name":"Podcast Player","item":"https:\/\/elfsight.com\/de\/podcast-player-widget\/"},{"@type":"ListItem","position":3,"name":"Podcast Player &#8211; OpenCart"}]},{"@type":"WebSite","@id":"https:\/\/elfsight.com\/de\/#website","url":"https:\/\/elfsight.com\/de\/","name":"Elfsight DE","description":"Just another Elfsight Sites site","potentialAction":[{"@type":"SearchAction","target":{"@type":"EntryPoint","urlTemplate":"https:\/\/elfsight.com\/de\/?s={search_term_string}"},"query-input":{"@type":"PropertyValueSpecification","valueRequired":true,"valueName":"search_term_string"}}],"inLanguage":"de"}]}},"meta_box":{"industry":"","seo_heading":"","heading":"","description":"","cta_heading":"","cta_description":"","application":"508","h1":"OpenCart Podcast Player-Erweiterung","h1_caption":"Betten Sie einen Podcast-Player direkt auf Ihrer Website ein, sodass Benutzer Ihre Episoden m\u00fchelos anh\u00f6ren k\u00f6nnen, ohne die Seite Ihrer Opencart-Website zu verlassen.","application_category":[],"applications_title":"","applications_request_title":"","applications_request_button_text":"","hero_text":"","hero_video":"","hero_video_schema_markup":"","selling_points_title":"","selling_points_caption":"","selling_points":[],"selling_points_cta_text":"","features_title":"","features":"","ed_cta_examples_text":"","ed_cta_examples_hidden":"","ed_cta_demo_text":"","ed_cta_demo_hidden":"","why_caption":"","why_editor_title":"","why_editor_text":"","why_team_title":"","why_team_text":"","why_service_title":"","why_service_text":"","template_catalog_visible":"","template_catalog_title":"","template_catalog_text":"","template_catalog_categories_visible":"","demo_title":"Erstellen Sie Ihre Podcast-Player-Erweiterung","demo_caption":"Konfigurieren Sie Ihren Podcast-Player und f\u00fcgen Sie ihn kostenlos zu Ihrer OpenCart-Website hinzu!","default_faq_hidden":"","app_template_category":[],"platform":"254","template_public_id":"","codecanyon_url":"","codecanyon_item_id":"","codecanyon_price":"","pricing_caption":"","pricing_elfsight_apps_hide_column":"","pricing_elfsight_apps_url":"","pricing_codecanyon_price_caption":"","integration_category":[],"integration_request_title":"","integration_request_cta":"","integration_platform":"","integrations":[],"platform_category":[],"video_schema_markup":"","price":"ab 0 $ \/ Monat","trial":"","benefits":[{"text":"Kostenlose Installationshilfe"},{"text":"Au\u00dfergew\u00f6hnlicher Support"},{"text":"14-t\u00e4gige R\u00fcckerstattungsgarantie"},{"text":"Regelm\u00e4\u00dfige kostenlose Verbesserungen"}],"button_url":"#demo","button_target_blank":"","button_nofollow":"","attributes":[{"name":"Installiert","content":"10,000 - 100,000"},{"name":"Reaktionsfreudig","content":"Ja"},{"name":"Kompatible Browser","content":"Firefox, Safari, Chrome, Edge, Opera"}],"tags":[],"tags_disable_links":"","hide_more_platforms":"","video_object":"","demo_hide_cta":"","demo_hide_cloud_options":"","pricing_title":"","pricing":[{"pricing_icon":"platform","pricing_title":"Elfsight Apps","pricing_title_caption":"Plattformunabh\u00e4ngige Version, die auf jeder Website funktioniert","pricing_price":"ab 0 $ \/ Monat","pricing_price_caption":"Beginnen Sie mit einem kostenlosen Plan","pricing_benefits":[{"text":"Unbegrenzte Domains"},{"text":"Premium-Kundensupport"},{"text":"Kostenloser Installationssupport"},{"text":"Sonderangebot f\u00fcr mehrere Apps"}],"pricing_button_text":"Zur Website hinzuf\u00fcgen","pricing_button_url":"#demo"}],"related_apps_title":"","related_apps_hidden":"","author":"","image":[],"title":"","job":"","social_networks":[]},"_links":{"self":[{"href":"https:\/\/elfsight.com\/de\/wp-json\/wp\/v2\/pages\/9673","targetHints":{"allow":["GET"]}}],"collection":[{"href":"https:\/\/elfsight.com\/de\/wp-json\/wp\/v2\/pages"}],"about":[{"href":"https:\/\/elfsight.com\/de\/wp-json\/wp\/v2\/types\/page"}],"author":[{"embeddable":true,"href":"https:\/\/elfsight.com\/de\/wp-json\/wp\/v2\/users\/9"}],"replies":[{"embeddable":true,"href":"https:\/\/elfsight.com\/de\/wp-json\/wp\/v2\/comments?post=9673"}],"version-history":[{"count":1,"href":"https:\/\/elfsight.com\/de\/wp-json\/wp\/v2\/pages\/9673\/revisions"}],"predecessor-version":[{"id":9677,"href":"https:\/\/elfsight.com\/de\/wp-json\/wp\/v2\/pages\/9673\/revisions\/9677"}],"up":[{"embeddable":true,"href":"https:\/\/elfsight.com\/de\/wp-json\/wp\/v2\/pages\/2321"}],"wp:attachment":[{"href":"https:\/\/elfsight.com\/de\/wp-json\/wp\/v2\/media?parent=9673"}],"curies":[{"name":"wp","href":"https:\/\/api.w.org\/{rel}","templated":true}]}}