{"id":9668,"date":"1970-01-01T00:00:00","date_gmt":"1970-01-01T00:00:00","guid":{"rendered":"https:\/\/elfsight.com\/de\/?page_id=9668"},"modified":"2025-02-14T12:36:35","modified_gmt":"2025-02-14T12:36:35","slug":"shopify","status":"publish","type":"page","link":"https:\/\/elfsight.com\/de\/podcast-player-widget\/shopify\/","title":{"rendered":"Podcast Player &#8211; Shopify"},"content":{"rendered":"\n<div class=\"application-platform-content-item-description application-platform-content-item\" id=\"description\" data-nav-section=\"description\"> <h2>Podcast Player auf Shopify mit dem Elfsight-Widget einbetten<\/h2> <p>Elfsight Podcast Player ist eine einfache App f\u00fcr Shopify-Websites, mit der Sie dies tun k\u00f6nnen Wiedergabe von Podcasts auf den Seiten Ihrer Website. Das Widget ist vollst\u00e4ndig anpassbar: Sie k\u00f6nnen seine Platzierung \u00e4ndern, es an einer beliebigen Stelle auf der Seite einbetten, seine Gr\u00f6\u00dfe skalieren, den Hintergrund und alle anderen Elemente neu einf\u00e4rben, um es mit dem Layout Ihrer Website zu kombinieren, ein dunkles Farbschema verwenden, Cover zeigen und 3 anzeigen oder ausblenden zus\u00e4tzliche Spielerdetails, zum Beispiel Fortschrittsbalken und andere. Unterhalten Sie Ihre Besucher, schalten Sie die Autoplay-Option ein und z\u00f6gern Sie nicht \u2013 Ihre Benutzer werden Ihre Website nicht so schnell verlassen! <\/p> <p><b>Begeistern Sie Ihr Publikum, indem Sie ihm mit Hilfe des Elfsight Podcast Players wertvolle und interessante Informationen liefern<\/b><\/p> <\/div> <div class=\"application-platform-content-item-features application-platform-content-item\" id=\"features\" data-nav-section=\"features\"> <h2>Sehen Sie sich die Liste der n\u00fctzlichsten Funktionen an: <\/h2> <ul><li>Unbegrenzte Farb\u00e4nderungen. <\/li><li>2 gebrauchsfertige Layouts. <\/li><li>Eine Option zum Hinzuf\u00fcgen eines Hintergrundbilds. <\/li><li>Adject unbegrenzte Anzahl von Titeln. <\/li><li>Eine M\u00f6glichkeit, Ihr eigenes Farbthema zu entwerfen. <\/li><\/ul><p><a href=\"#demo\">Testen Sie alle Anpassungsoptionen in einer Demo mit vollem Funktionsumfang<\/a><\/p> <\/div> <div class=\"application-platform-content-item-installation application-platform-content-item\" id=\"installation\" data-nav-section=\"installation\"> <h2>Wie bette ich den Podcast Player in meine Shopify-Website ein? <\/h2><div class=\"video-container\"><iframe width=\"560\" height=\"315\" src=\"https:\/\/www.youtube.com\/embed\/Fi5U7dgsZAo?si=zbiimyK6jupCeryQ\" frameborder=\"0\" allow=\"accelerometer; autoplay; clipboard-write; encrypted-media; gyroscope; picture-in-picture; web-share\" allowfullscreen><\/iframe><\/div><p>F\u00fchren Sie einfach die unten beschriebenen Schritte aus, um die App zu integrieren. <\/p> <ol><li><b>Nutzen Sie unseren kostenlosen Konfigurator und beginnen Sie mit der Arbeit mit Ihrer individuellen App. <\/b><br> Bestimmen Sie die ausgew\u00e4hlte Form und Eigenschaften der App und speichern Sie alle Korrekturen. <\/li> <li><b>Erhalten Sie Ihren individuellen Code, der im Feld von Elfsight Apps angezeigt wird. <\/b><br> Wenn die Erstellung Ihrer pers\u00f6nlichen App abgeschlossen ist, kopieren Sie den einzelnen Code aus dem angezeigten Feld und bewahren Sie ihn f\u00fcr die zuk\u00fcnftige Verwendung auf. <\/li> <li><b>Erste Schritte mit der Verwendung der App auf Ihrer Shopify-Website. <\/b><br> Implementieren Sie den Code, den Sie k\u00fcrzlich auf Ihrer Webseite gespeichert haben, und \u00fcbernehmen Sie die Anpassungen. <\/li> <li><b>Fertig! Die Integration wurde erfolgreich beendet. <\/b><br> \u00d6ffnen Sie Ihre Website, um zu sehen, wie die App funktioniert. <\/li><\/ol><p>Wenn Sie auf Schwierigkeiten sto\u00dfen, scheuen Sie sich nicht, die Hilfe unseres Support-Teams in Anspruch zu nehmen. Unsere Berater helfen Ihnen gerne bei allen Fragen rund um das Tool weiter. <\/p><div class=\"faq\" data-component=\"FAQ\"><div class=\"faq-item\">\r\n\t\t\t\t\t<div class=\"faq-item-question\">\r\n\t\t\t\t\t\t<h3 class=\"faq-item-question-text\">Wie kann ich einen Podcast-Player f\u00fcr Shopify ohne Programmierkenntnisse einbetten?<\/h3>\r\n\r\n\t\t\t\t\t\t<div class=\"faq-item-question-icon\"><\/div>\r\n\t\t\t\t\t<\/div>\r\n\r\n\t\t\t\t\t<div class=\"faq-item-answer\">\r\n\t\t\t\t\t\t<div class=\"faq-item-answer-text\"><p>Elfsight bietet eine cloudbasierte L\u00f6sung, mit der Benutzer selbst einen Podcast-Player f\u00fcr Shopify erstellen k\u00f6nnen. Entdecken Sie, wie einfach der Prozess sein kann:<\/p><ul><li>Greifen Sie auf den Online-Editor zu, um einen Podcast-Player-Bereich zu erstellen, den Sie in Ihren Shopify-Shop integrieren m\u00f6chten.<\/li><li>W\u00e4hlen Sie einen davon aus Nutzen Sie unsere vorgefertigten Vorlagen und passen Sie die Podcast-Player-Einstellungen an, passen Sie das Layout und das Farbschema an und f\u00fcgen Sie Ihre Inhalte ein, ohne dass eine Programmierung erforderlich ist.<\/li><li>Speichern Sie die Einstellungen, die Sie f\u00fcr den Podcast-Player konfiguriert haben, und laden Sie die herunter Code zum Einbetten, der m\u00fchelos und kostenlos zu Ihrem Shopify-Shop hinzugef\u00fcgt werden kann.<\/li><\/ul><p>Durch die Arbeit im benutzerfreundlichen Editor kann jeder Internetnutzer einen Podcast-Player-Bereich erstellen und ihn darin einbetten ihr Shopify-Shop. F\u00fcr den Zugriff auf den Elfsight-Editor ist weder eine Zahlung noch die Offenlegung Ihrer Karteninformationen erforderlich. Sollten Sie zu irgendeinem Zeitpunkt auf Schwierigkeiten sto\u00dfen, wenden Sie sich bitte an unseren Kundensupport.<\/p><\/div>\r\n\t\t\t\t\t<\/div>\r\n\t\t\t\t<\/div><\/div> <\/div>\n","protected":false},"excerpt":{"rendered":"","protected":false},"author":9,"featured_media":0,"parent":2321,"menu_order":0,"comment_status":"closed","ping_status":"closed","template":"templates\/template-application-platform.php","meta":{"publish_to_discourse":"","publish_post_category":"","wpdc_auto_publish_overridden":"","wpdc_topic_tags":"","wpdc_pin_topic":"","wpdc_pin_until":"","discourse_post_id":"","discourse_permalink":"","wpdc_publishing_response":"","wpdc_publishing_error":"","footnotes":""},"class_list":["post-9668","page","type-page","status-publish","hentry"],"yoast_head":"<!-- This site is optimized with the Yoast SEO plugin v25.3.1 - https:\/\/yoast.com\/wordpress\/plugins\/seo\/ -->\n<title>Elfsight Podcast Player f\u00fcr die Shopify-Website (kostenlos und einfach)<\/title>\n<meta name=\"description\" content=\"Nutzen Sie unsere barrierefreie Demo und implementieren Sie einen responsiven Podcast-Player auf Ihrer Shopify-Website. Integrieren Sie unsere \u00fcberschaubare Demo und erstellen Sie Ihre individuelle App in 1-2-3!\" \/>\n<meta name=\"robots\" content=\"index, follow, max-snippet:-1, max-image-preview:large, max-video-preview:-1\" \/>\n<link rel=\"canonical\" href=\"https:\/\/elfsight.com\/de\/podcast-player-widget\/shopify\/\" \/>\n<meta property=\"og:locale\" content=\"de_DE\" \/>\n<meta property=\"og:type\" content=\"article\" \/>\n<meta property=\"og:title\" content=\"Elfsight Podcast Player f\u00fcr die Shopify-Website (kostenlos und einfach)\" \/>\n<meta property=\"og:description\" content=\"Nutzen Sie unsere barrierefreie Demo und implementieren Sie einen responsiven Podcast-Player auf Ihrer Shopify-Website. Integrieren Sie unsere \u00fcberschaubare Demo und erstellen Sie Ihre individuelle App in 1-2-3!\" \/>\n<meta property=\"og:url\" content=\"https:\/\/elfsight.com\/de\/podcast-player-widget\/shopify\/\" \/>\n<meta property=\"og:site_name\" content=\"Elfsight DE\" \/>\n<meta property=\"article:modified_time\" content=\"2025-02-14T12:36:35+00:00\" \/>\n<meta name=\"twitter:card\" content=\"summary_large_image\" \/>\n<meta name=\"twitter:label1\" content=\"Gesch\u00e4tzte Lesezeit\" \/>\n\t<meta name=\"twitter:data1\" content=\"3\u00a0Minuten\" \/>\n<!-- \/ Yoast SEO plugin. -->","yoast_head_json":{"title":"Elfsight Podcast Player f\u00fcr die Shopify-Website (kostenlos und einfach)","description":"Nutzen Sie unsere barrierefreie Demo und implementieren Sie einen responsiven Podcast-Player auf Ihrer Shopify-Website. Integrieren Sie unsere \u00fcberschaubare Demo und erstellen Sie Ihre individuelle App in 1-2-3!","robots":{"index":"index","follow":"follow","max-snippet":"max-snippet:-1","max-image-preview":"max-image-preview:large","max-video-preview":"max-video-preview:-1"},"canonical":"https:\/\/elfsight.com\/de\/podcast-player-widget\/shopify\/","og_locale":"de_DE","og_type":"article","og_title":"Elfsight Podcast Player f\u00fcr die Shopify-Website (kostenlos und einfach)","og_description":"Nutzen Sie unsere barrierefreie Demo und implementieren Sie einen responsiven Podcast-Player auf Ihrer Shopify-Website. Integrieren Sie unsere \u00fcberschaubare Demo und erstellen Sie Ihre individuelle App in 1-2-3!","og_url":"https:\/\/elfsight.com\/de\/podcast-player-widget\/shopify\/","og_site_name":"Elfsight DE","article_modified_time":"2025-02-14T12:36:35+00:00","twitter_card":"summary_large_image","twitter_misc":{"Gesch\u00e4tzte Lesezeit":"3\u00a0Minuten"},"schema":{"@context":"https:\/\/schema.org","@graph":[{"@type":"WebPage","@id":"https:\/\/elfsight.com\/de\/podcast-player-widget\/shopify\/","url":"https:\/\/elfsight.com\/de\/podcast-player-widget\/shopify\/","name":"Elfsight Podcast Player f\u00fcr die Shopify-Website (kostenlos und einfach)","isPartOf":{"@id":"https:\/\/elfsight.com\/de\/#website"},"datePublished":"1970-01-01T00:00:00+00:00","dateModified":"2025-02-14T12:36:35+00:00","description":"Nutzen Sie unsere barrierefreie Demo und implementieren Sie einen responsiven Podcast-Player auf Ihrer Shopify-Website. Integrieren Sie unsere \u00fcberschaubare Demo und erstellen Sie Ihre individuelle App in 1-2-3!","breadcrumb":{"@id":"https:\/\/elfsight.com\/de\/podcast-player-widget\/shopify\/#breadcrumb"},"inLanguage":"de","potentialAction":[{"@type":"ReadAction","target":["https:\/\/elfsight.com\/de\/podcast-player-widget\/shopify\/"]}]},{"@type":"BreadcrumbList","@id":"https:\/\/elfsight.com\/de\/podcast-player-widget\/shopify\/#breadcrumb","itemListElement":[{"@type":"ListItem","position":1,"name":"Home","item":"https:\/\/elfsight.com\/de\/"},{"@type":"ListItem","position":2,"name":"Podcast Player","item":"https:\/\/elfsight.com\/de\/podcast-player-widget\/"},{"@type":"ListItem","position":3,"name":"Podcast Player &#8211; Shopify"}]},{"@type":"WebSite","@id":"https:\/\/elfsight.com\/de\/#website","url":"https:\/\/elfsight.com\/de\/","name":"Elfsight DE","description":"Just another Elfsight Sites site","potentialAction":[{"@type":"SearchAction","target":{"@type":"EntryPoint","urlTemplate":"https:\/\/elfsight.com\/de\/?s={search_term_string}"},"query-input":{"@type":"PropertyValueSpecification","valueRequired":true,"valueName":"search_term_string"}}],"inLanguage":"de"}]}},"meta_box":{"industry":"","seo_heading":"","heading":"","description":"","cta_heading":"","cta_description":"","application":"508","h1":"Shopify Podcast Player-App","h1_caption":"Integrieren Sie einen Podcast-Player direkt auf Ihrer Website, sodass Benutzer Ihre Episoden m\u00fchelos auf Ihrer Shopify-Website anh\u00f6ren k\u00f6nnen, ohne die Seite zu verlassen.","application_category":[],"applications_title":"","applications_request_title":"","applications_request_button_text":"","hero_text":"","hero_video":"","hero_video_schema_markup":"","selling_points_title":"","selling_points_caption":"","selling_points":[],"selling_points_cta_text":"","features_title":"","features":"","ed_cta_examples_text":"","ed_cta_examples_hidden":"","ed_cta_demo_text":"","ed_cta_demo_hidden":"","why_caption":"","why_editor_title":"","why_editor_text":"","why_team_title":"","why_team_text":"","why_service_title":"","why_service_text":"","template_catalog_visible":"0","template_catalog_title":"","template_catalog_text":"","template_catalog_categories_visible":"","demo_title":"Erstellen Sie Ihre Podcast-Player-App","demo_caption":"Konfigurieren Sie Ihren Podcast-Player und f\u00fcgen Sie ihn kostenlos zu Ihrer Shopify-Website hinzu!","default_faq_hidden":"","app_template_category":[],"platform":"253","template_public_id":"","codecanyon_url":"","codecanyon_item_id":"","codecanyon_price":"","pricing_caption":"","pricing_elfsight_apps_hide_column":"","pricing_elfsight_apps_url":"","pricing_codecanyon_price_caption":"","integration_category":[],"integration_request_title":"","integration_request_cta":"","integration_platform":"","integrations":[],"platform_category":[],"video_schema_markup":"","price":"ab 0 $ \/ Monat","trial":"","benefits":[{"text":"Kostenloser Installationsservice"},{"text":"Premium-Support"},{"text":"14-t\u00e4gige Geld-zur\u00fcck-Garantie"},{"text":"Kontinuierliche kostenlose Updates"}],"button_url":"#demo","button_target_blank":"0","button_nofollow":"0","attributes":[{"name":"Installiert","content":"10,000 - 100,000"},{"name":"Reaktionsfreudig","content":"Ja"},{"name":"Kompatible Browser","content":"Firefox, Safari, Opera, Chrome, Edge"}],"tags":[],"tags_disable_links":"0","hide_more_platforms":"0","video_object":"","demo_hide_cta":"0","demo_hide_cloud_options":"0","pricing_title":"","pricing":[{"pricing_icon":"platform","pricing_title":"Elfsight Apps","pricing_title_caption":"Plattform\u00fcbergreifende Version, die auf jeder Site funktioniert","pricing_price":"ab 0 $ \/ Monat","pricing_price_caption":"Beginnen Sie mit einem kostenlosen Plan","pricing_benefits":[{"text":"Unbegrenzte Websites"},{"text":"Premium-Support"},{"text":"Kostenloser Installationsservice"},{"text":"Sonderangebot f\u00fcr mehrere Apps"}],"pricing_button_text":"Zur Website hinzuf\u00fcgen","pricing_button_url":"#demo"}],"related_apps_title":"","related_apps_hidden":"0","author":"","image":[],"title":"","job":"","social_networks":[]},"_links":{"self":[{"href":"https:\/\/elfsight.com\/de\/wp-json\/wp\/v2\/pages\/9668","targetHints":{"allow":["GET"]}}],"collection":[{"href":"https:\/\/elfsight.com\/de\/wp-json\/wp\/v2\/pages"}],"about":[{"href":"https:\/\/elfsight.com\/de\/wp-json\/wp\/v2\/types\/page"}],"author":[{"embeddable":true,"href":"https:\/\/elfsight.com\/de\/wp-json\/wp\/v2\/users\/9"}],"replies":[{"embeddable":true,"href":"https:\/\/elfsight.com\/de\/wp-json\/wp\/v2\/comments?post=9668"}],"version-history":[{"count":3,"href":"https:\/\/elfsight.com\/de\/wp-json\/wp\/v2\/pages\/9668\/revisions"}],"predecessor-version":[{"id":24194,"href":"https:\/\/elfsight.com\/de\/wp-json\/wp\/v2\/pages\/9668\/revisions\/24194"}],"up":[{"embeddable":true,"href":"https:\/\/elfsight.com\/de\/wp-json\/wp\/v2\/pages\/2321"}],"wp:attachment":[{"href":"https:\/\/elfsight.com\/de\/wp-json\/wp\/v2\/media?parent=9668"}],"curies":[{"name":"wp","href":"https:\/\/api.w.org\/{rel}","templated":true}]}}