{"id":9666,"date":"1970-01-01T00:00:00","date_gmt":"1970-01-01T00:00:00","guid":{"rendered":"https:\/\/elfsight.com\/de\/?page_id=9666"},"modified":"2025-02-14T12:52:57","modified_gmt":"2025-02-14T12:52:57","slug":"webflow","status":"publish","type":"page","link":"https:\/\/elfsight.com\/de\/podcast-player-widget\/webflow\/","title":{"rendered":"Podcast Player &#8211; Webflow"},"content":{"rendered":"\n<div class=\"application-platform-content-item-description application-platform-content-item\" id=\"description\" data-nav-section=\"description\"> <h2>Podcast Player mit dem Elfsight-Widget in Webflow einbetten<\/h2> <p>Elfsight Podcast Player ist ein einfaches Tool f\u00fcr Webflow, mit dem Sie dies tun k\u00f6nnen Spielen Sie Podcasts direkt auf Ihrer Webseite ab. Das Plugin ist hochgradig anpassbar: Sie k\u00f6nnen seine Position \u00e4ndern, es an einer beliebigen Stelle auf der Seite einf\u00fcgen, seine Gr\u00f6\u00dfe skalieren, den Hintergrund und alle anderen Teile neu zeichnen, um es mit dem Design Ihrer Website zu verschmelzen, ein dunkles Thema verwenden, Cover anzeigen und drei weitere anzeigen oder verbergen Spielerdetails, zum Beispiel Fortschrittsbalken und andere. Unterhalten Sie Ihre Benutzer, schalten Sie die Autoplay-Option ein und z\u00f6gern Sie nicht \u2013 Ihre Benutzer werden Ihre Homepage nicht sofort verlassen! <\/p> <p><b>Fesseln Sie Ihr Publikum mit n\u00fctzlichen und fesselnden Materialien mithilfe des Elfsight Podcast Players<\/b><\/p> <\/div> <div class=\"application-platform-content-item-features application-platform-content-item\" id=\"features\" data-nav-section=\"features\"> <h2>Erkunden die Liste der tollsten Features: <\/h2> <ul><li>Verschiedene Farbver\u00e4nderungen. <\/li><li>2 Layouts verf\u00fcgbar. <\/li><li>Eine M\u00f6glichkeit, ein Hintergrundbild zu verwenden. <\/li><li>Adject unbegrenzte Anzahl von Tracks. <\/li><li>Eine M\u00f6glichkeit, Ihr eigenes Farbschema zu erstellen. <\/li><\/ul><p><a href=\"#demo\">Sie k\u00f6nnen \u00fcberpr\u00fcfen, wie das Widget funktioniert, indem Sie die Demo ausprobieren<\/a><\/p> <\/div> <div class=\"application-platform-content-item-installation application-platform-content-item\" id=\"installation\" data-nav-section=\"installation\"> <h2>Wie f\u00fcge ich den Podcast Player zu meiner Webflow-Site hinzu? <\/h2><div class=\"video-container\"><iframe width=\"560\" height=\"315\" src=\"https:\/\/www.youtube.com\/embed\/BTZcSyYwR8o?si=LDERPFVL0E-TxbKX\" frameborder=\"0\" allow=\"accelerometer; autoplay; clipboard-write; encrypted-media; gyroscope; picture-in-picture; web-share\" allowfullscreen><\/iframe><\/div><p>Befolgen Sie einfach die unten beschriebenen Schritte, um das Tool zu aktivieren. <\/p> <ol><li><b>Nutzen Sie unsere kostenlose Demo und beginnen Sie mit dem Bau Ihres ma\u00dfgeschneiderten Instruments. <\/b><br> Finden Sie das passende Aussehen und die passenden Funktionen des Widgets und speichern Sie die \u00c4nderungen. <\/li> <li><b>Kopieren Sie Ihren individuellen Code, der in der Box auf Elfsight Apps angezeigt wird. <\/b><br> Kopieren Sie direkt nach Abschluss der Einrichtung Ihres Tools den pers\u00f6nlichen Code in das angezeigte Feld und bewahren Sie ihn zur weiteren Verwendung auf. <\/li> <li><b>Beginnen Sie mit der Verwendung des Widgets auf Ihrer Webflow-Webseite. <\/b><br> Betten Sie den zuvor gespeicherten Code in Ihre Website ein und \u00fcbernehmen Sie die Anpassungen. <\/li> <li><b>Fertig! Die Integration wurde erfolgreich beendet. <\/b><br> Besuchen Sie Ihre Website, um die Funktionsweise des Tools zu \u00fcberpr\u00fcfen. <\/li><\/ol> <p>Wenn Sie Fragen haben oder auf Schwierigkeiten sto\u00dfen, z\u00f6gern Sie nicht, sich an unser Support-Team zu wenden. Unsere Mitarbeiter m\u00f6chten Ihnen gerne bei allen Schwierigkeiten helfen, die Sie mit dem Plugin haben k\u00f6nnten. <\/p> <div class=\"faq\" data-component=\"FAQ\"><div class=\"faq-item\">\r\n\t\t\t\t\t<div class=\"faq-item-question\">\r\n\t\t\t\t\t\t<h3 class=\"faq-item-question-text\">Wie kann ich ohne Programmierkenntnisse ein Podcast-Player-Widget in meine Webflow-Site einbetten?<\/h3>\r\n\r\n\t\t\t\t\t\t<div class=\"faq-item-question-icon\"><\/div>\r\n\t\t\t\t\t<\/div>\r\n\r\n\t\t\t\t\t<div class=\"faq-item-answer\">\r\n\t\t\t\t\t\t<div class=\"faq-item-answer-text\"><p>Elfsight bietet eine cloudbasierte L\u00f6sung, mit der Benutzer ein Podcast-Player-Widget erstellen k\u00f6nnen Entdecken Sie, wie einfach der Prozess ist:<\/p><ul><li>Greifen Sie auf den Online-Editor zu, um einen Podcast-Player-Widget-Abschnitt zu erstellen, den Sie in Ihre Webflow-Site integrieren m\u00f6chten.<\/li><li>W\u00e4hlen Sie Nutzen Sie eine unserer vorgefertigten Vorlagen und passen Sie die Einstellungen des Podcast-Player-Widgets an, \u00e4ndern Sie das Layout und das Farbschema und f\u00fcgen Sie Ihre Inhalte ein, ohne dass eine Codierung erforderlich ist.<\/li><li>Speichern Sie die Einstellungen, die Sie f\u00fcr das Podcast-Player-Widget konfiguriert haben und erhalten Sie den Code zum Einbetten des Widgets, das m\u00fchelos und kostenlos zu Ihrer Webflow-Site hinzugef\u00fcgt werden kann.<\/li><\/ul><p>Durch die Arbeit im benutzerfreundlichen Editor kann jeder Internetnutzer einen Podcast-Player erstellen Widget-Bereich erstellen und in ihre Webflow-Website einbetten. F\u00fcr den Zugriff auf den Elfsight-Editor ist keine Zahlung oder Offenlegung Ihrer Karteninformationen erforderlich. Sollten Sie zu irgendeinem Zeitpunkt auf Schwierigkeiten sto\u00dfen, wenden Sie sich bitte an unseren Kundensupport.<\/p><\/div>\r\n\t\t\t\t\t<\/div>\r\n\t\t\t\t<\/div><\/div><\/div>\n","protected":false},"excerpt":{"rendered":"","protected":false},"author":9,"featured_media":0,"parent":2321,"menu_order":0,"comment_status":"closed","ping_status":"closed","template":"templates\/template-application-platform.php","meta":{"publish_to_discourse":"","publish_post_category":"","wpdc_auto_publish_overridden":"","wpdc_topic_tags":"","wpdc_pin_topic":"","wpdc_pin_until":"","discourse_post_id":"","discourse_permalink":"","wpdc_publishing_response":"","wpdc_publishing_error":"","footnotes":""},"class_list":["post-9666","page","type-page","status-publish","hentry"],"yoast_head":"<!-- This site is optimized with the Yoast SEO plugin v25.3.1 - https:\/\/yoast.com\/wordpress\/plugins\/seo\/ -->\n<title>Elfsight Podcast Player f\u00fcr die Webflow-Website (kostenlos und schnell)<\/title>\n<meta name=\"description\" content=\"Beginnen Sie mit der Nutzung unserer \u00fcberschaubaren Demo und betten Sie einen responsiven Podcast-Player in Ihre Webflow-Website ein. Integrieren Sie unsere praktische Demo und erstellen Sie m\u00fchelos Ihr individuelles Plugin!\" \/>\n<meta name=\"robots\" content=\"index, follow, max-snippet:-1, max-image-preview:large, max-video-preview:-1\" \/>\n<link rel=\"canonical\" href=\"https:\/\/elfsight.com\/de\/podcast-player-widget\/webflow\/\" \/>\n<meta property=\"og:locale\" content=\"de_DE\" \/>\n<meta property=\"og:type\" content=\"article\" \/>\n<meta property=\"og:title\" content=\"Elfsight Podcast Player f\u00fcr die Webflow-Website (kostenlos und schnell)\" \/>\n<meta property=\"og:description\" content=\"Beginnen Sie mit der Nutzung unserer \u00fcberschaubaren Demo und betten Sie einen responsiven Podcast-Player in Ihre Webflow-Website ein. Integrieren Sie unsere praktische Demo und erstellen Sie m\u00fchelos Ihr individuelles Plugin!\" \/>\n<meta property=\"og:url\" content=\"https:\/\/elfsight.com\/de\/podcast-player-widget\/webflow\/\" \/>\n<meta property=\"og:site_name\" content=\"Elfsight DE\" \/>\n<meta property=\"article:modified_time\" content=\"2025-02-14T12:52:57+00:00\" \/>\n<meta name=\"twitter:card\" content=\"summary_large_image\" \/>\n<meta name=\"twitter:label1\" content=\"Gesch\u00e4tzte Lesezeit\" \/>\n\t<meta name=\"twitter:data1\" content=\"3\u00a0Minuten\" \/>\n<!-- \/ Yoast SEO plugin. -->","yoast_head_json":{"title":"Elfsight Podcast Player f\u00fcr die Webflow-Website (kostenlos und schnell)","description":"Beginnen Sie mit der Nutzung unserer \u00fcberschaubaren Demo und betten Sie einen responsiven Podcast-Player in Ihre Webflow-Website ein. Integrieren Sie unsere praktische Demo und erstellen Sie m\u00fchelos Ihr individuelles Plugin!","robots":{"index":"index","follow":"follow","max-snippet":"max-snippet:-1","max-image-preview":"max-image-preview:large","max-video-preview":"max-video-preview:-1"},"canonical":"https:\/\/elfsight.com\/de\/podcast-player-widget\/webflow\/","og_locale":"de_DE","og_type":"article","og_title":"Elfsight Podcast Player f\u00fcr die Webflow-Website (kostenlos und schnell)","og_description":"Beginnen Sie mit der Nutzung unserer \u00fcberschaubaren Demo und betten Sie einen responsiven Podcast-Player in Ihre Webflow-Website ein. Integrieren Sie unsere praktische Demo und erstellen Sie m\u00fchelos Ihr individuelles Plugin!","og_url":"https:\/\/elfsight.com\/de\/podcast-player-widget\/webflow\/","og_site_name":"Elfsight DE","article_modified_time":"2025-02-14T12:52:57+00:00","twitter_card":"summary_large_image","twitter_misc":{"Gesch\u00e4tzte Lesezeit":"3\u00a0Minuten"},"schema":{"@context":"https:\/\/schema.org","@graph":[{"@type":"WebPage","@id":"https:\/\/elfsight.com\/de\/podcast-player-widget\/webflow\/","url":"https:\/\/elfsight.com\/de\/podcast-player-widget\/webflow\/","name":"Elfsight Podcast Player f\u00fcr die Webflow-Website (kostenlos und schnell)","isPartOf":{"@id":"https:\/\/elfsight.com\/de\/#website"},"datePublished":"1970-01-01T00:00:00+00:00","dateModified":"2025-02-14T12:52:57+00:00","description":"Beginnen Sie mit der Nutzung unserer \u00fcberschaubaren Demo und betten Sie einen responsiven Podcast-Player in Ihre Webflow-Website ein. Integrieren Sie unsere praktische Demo und erstellen Sie m\u00fchelos Ihr individuelles Plugin!","breadcrumb":{"@id":"https:\/\/elfsight.com\/de\/podcast-player-widget\/webflow\/#breadcrumb"},"inLanguage":"de","potentialAction":[{"@type":"ReadAction","target":["https:\/\/elfsight.com\/de\/podcast-player-widget\/webflow\/"]}]},{"@type":"BreadcrumbList","@id":"https:\/\/elfsight.com\/de\/podcast-player-widget\/webflow\/#breadcrumb","itemListElement":[{"@type":"ListItem","position":1,"name":"Home","item":"https:\/\/elfsight.com\/de\/"},{"@type":"ListItem","position":2,"name":"Podcast Player","item":"https:\/\/elfsight.com\/de\/podcast-player-widget\/"},{"@type":"ListItem","position":3,"name":"Podcast Player &#8211; Webflow"}]},{"@type":"WebSite","@id":"https:\/\/elfsight.com\/de\/#website","url":"https:\/\/elfsight.com\/de\/","name":"Elfsight DE","description":"Just another Elfsight Sites site","potentialAction":[{"@type":"SearchAction","target":{"@type":"EntryPoint","urlTemplate":"https:\/\/elfsight.com\/de\/?s={search_term_string}"},"query-input":{"@type":"PropertyValueSpecification","valueRequired":true,"valueName":"search_term_string"}}],"inLanguage":"de"}]}},"meta_box":{"industry":"","seo_heading":"","heading":"","description":"","cta_heading":"","cta_description":"","application":"508","h1":"Webflow Podcast Player-Widget","h1_caption":"Integrieren Sie einen Podcast-Player direkt auf Ihrer Website, sodass Benutzer Ihre Episoden m\u00fchelos anh\u00f6ren k\u00f6nnen, ohne die Seite auf Ihrer Webflow-Website zu verlassen.","application_category":[],"applications_title":"","applications_request_title":"","applications_request_button_text":"","hero_text":"","hero_video":"","hero_video_schema_markup":"","selling_points_title":"","selling_points_caption":"","selling_points":[],"selling_points_cta_text":"","features_title":"","features":"","ed_cta_examples_text":"","ed_cta_examples_hidden":"","ed_cta_demo_text":"","ed_cta_demo_hidden":"","why_caption":"","why_editor_title":"","why_editor_text":"","why_team_title":"","why_team_text":"","why_service_title":"","why_service_text":"","template_catalog_visible":"0","template_catalog_title":"","template_catalog_text":"","template_catalog_categories_visible":"","demo_title":"Erstellen Sie Ihr Podcast-Player-Widget","demo_caption":"Konfigurieren Sie Ihren Podcast-Player und f\u00fcgen Sie ihn kostenlos zu Ihrer Webflow-Website hinzu!","default_faq_hidden":"","app_template_category":[],"platform":"250","template_public_id":"","codecanyon_url":"","codecanyon_item_id":"","codecanyon_price":"","pricing_caption":"","pricing_elfsight_apps_hide_column":"","pricing_elfsight_apps_url":"","pricing_codecanyon_price_caption":"","integration_category":[],"integration_request_title":"","integration_request_cta":"","integration_platform":"","integrations":[],"platform_category":[],"video_schema_markup":"","price":"ab 0 $ \/ Monat","trial":"","benefits":[{"text":"Kostenloser Installationsservice"},{"text":"Erfahrener Kundensupport"},{"text":"14-t\u00e4gige R\u00fcckerstattungsgarantie"},{"text":"Zuk\u00fcnftige kostenlose Verbesserungen"}],"button_url":"#demo","button_target_blank":"0","button_nofollow":"0","attributes":[{"name":"Installiert","content":"10,000 - 100,000"},{"name":"Reaktionsfreudig","content":"Ja"},{"name":"Kompatible Browser","content":"Firefox, Edge, Safari, Opera, Chrome"}],"tags":[],"tags_disable_links":"0","hide_more_platforms":"0","video_object":"","demo_hide_cta":"0","demo_hide_cloud_options":"0","pricing_title":"","pricing":[{"pricing_icon":"platform","pricing_title":"Elfsight Apps","pricing_title_caption":"Multiplattform-Software, die auf jeder Site funktioniert","pricing_price":"ab 0 $ \/ Monat","pricing_price_caption":"Beginnen Sie mit einem kostenlosen Plan","pricing_benefits":[{"text":"Unbegrenzte Anzahl an Domains"},{"text":"Schnelle Support-Antworten"},{"text":"Kostenloser Installationsservice"},{"text":"Sonderangebot f\u00fcr mehrere Apps"}],"pricing_button_text":"Zur Website hinzuf\u00fcgen","pricing_button_url":"#demo"}],"related_apps_title":"","related_apps_hidden":"0","author":"","image":[],"title":"","job":"","social_networks":[]},"_links":{"self":[{"href":"https:\/\/elfsight.com\/de\/wp-json\/wp\/v2\/pages\/9666","targetHints":{"allow":["GET"]}}],"collection":[{"href":"https:\/\/elfsight.com\/de\/wp-json\/wp\/v2\/pages"}],"about":[{"href":"https:\/\/elfsight.com\/de\/wp-json\/wp\/v2\/types\/page"}],"author":[{"embeddable":true,"href":"https:\/\/elfsight.com\/de\/wp-json\/wp\/v2\/users\/9"}],"replies":[{"embeddable":true,"href":"https:\/\/elfsight.com\/de\/wp-json\/wp\/v2\/comments?post=9666"}],"version-history":[{"count":3,"href":"https:\/\/elfsight.com\/de\/wp-json\/wp\/v2\/pages\/9666\/revisions"}],"predecessor-version":[{"id":24196,"href":"https:\/\/elfsight.com\/de\/wp-json\/wp\/v2\/pages\/9666\/revisions\/24196"}],"up":[{"embeddable":true,"href":"https:\/\/elfsight.com\/de\/wp-json\/wp\/v2\/pages\/2321"}],"wp:attachment":[{"href":"https:\/\/elfsight.com\/de\/wp-json\/wp\/v2\/media?parent=9666"}],"curies":[{"name":"wp","href":"https:\/\/api.w.org\/{rel}","templated":true}]}}