{"id":9665,"date":"1970-01-01T00:00:00","date_gmt":"1970-01-01T00:00:00","guid":{"rendered":"https:\/\/elfsight.com\/de\/?page_id=9665"},"modified":"2025-07-09T14:12:15","modified_gmt":"2025-07-09T14:12:15","slug":"webnode","status":"publish","type":"page","link":"https:\/\/elfsight.com\/de\/podcast-player-widget\/webnode\/","title":{"rendered":"Podcast Player &#8211; Webnode"},"content":{"rendered":"<div class=\"application-platform-content-item-description application-platform-content-item\" id=\"description\" data-nav-section=\"description\"> <h2>Beschreibung<\/h2> <p>Elfsight Podcast Player ist ein einfaches Tool f\u00fcr Webnode, das Ihnen die M\u00f6glichkeit gibt, Podcasts auf Ihren Seiten zu streamen Webseite. Das Widget ist bemerkenswert ver\u00e4nderbar: Sie k\u00f6nnen seine Position \u00e4ndern, es an einer beliebigen Stelle auf der Seite einbetten, seine Gr\u00f6\u00dfe \u00e4ndern, den Hintergrund und alle anderen Elemente neu einf\u00e4rben, um es mit dem Stil Ihrer Website zu vermischen, ein dunkles Farbschema verwenden, Cover zeigen usw 3 weitere Player-Komponenten ein- oder ausblenden, zum Beispiel Fortschrittsbalken und andere. Binden Sie Ihre Besucher ein, schalten Sie die Autoplay-Option ein und z\u00f6gern Sie nicht \u2013 Ihre Besucher werden Ihre Website nicht so schnell verlassen! <\/p> <p><b>Begeistern Sie Ihre Benutzer, indem Sie sie mithilfe des Elfsight Podcast Players mit n\u00fctzlichen und unterhaltsamen Informationen ausstatten.<\/b><\/p> <\/div> <div class=\"application-platform-content-item-features application-platform-content-item\" id=\"features\" data-nav-section=\"features\"> <h2>Diese sind nur einige der vielen Widget-Funktionen: <\/h2> <ul><li>Verschiedene Farbvarianten. <\/li><li>2 Layouts anwendbar. <\/li><li>Eine Option zur Verwendung eines Hintergrundbilds. <\/li><li>Adject unendlich viele Tracks. <\/li><li>Eine M\u00f6glichkeit, Ihr individuelles Farbthema zu entwerfen. <\/li><\/ul><p><a href=\"#demo\">Anhand der Demo k\u00f6nnen Sie erleben, wie das Widget funktioniert<\/a><\/p> <\/div> <div class=\"application-platform-content-item- Installation application-platform-content-item\" id=\" Installation\" data-nav-section=\" Installation\"> <h2>Wie bette ich den Podcast Player in meine Webnode-Site ein? <\/h2> <p>Befolgen Sie einfach die folgenden Richtlinien, um das Tool zu integrieren. <\/p> <ol><li><b>\u00d6ffnen Sie unseren kostenlosen Konfigurator und beginnen Sie mit dem Aufbau Ihres ma\u00dfgeschneiderten Instruments. <\/b><br> W\u00e4hlen Sie das ausgew\u00e4hlte Design und die Eigenschaften des Widgets aus und \u00fcbernehmen Sie die \u00c4nderungen. <\/li> <li><b>Kopieren Sie Ihren individuellen Code, der in der Box auf Elfsight Apps angezeigt wird. <\/b><br> Sobald die Einrichtung Ihres pers\u00f6nlichen Plugins abgeschlossen ist, kopieren Sie den einzelnen Code in das angezeigte Feld und speichern Sie ihn f\u00fcr die zuk\u00fcnftige Verwendung. <\/li> <li><b>Geben Sie die Verwendung des Tools auf Ihrer Webnode-Webseite ein. <\/b><br> Platzieren Sie den zuvor kopierten Code auf Ihrer Website und speichern Sie die \u00c4nderungen. <\/li> <li><b>Die Installation wurde erfolgreich durchgef\u00fchrt. <\/b><br> Besuchen Sie Ihre Seite, um in Aktion zu sehen, wie das Widget funktioniert. <\/li><\/ol> <p>Wenn Sie auf Schwierigkeiten sto\u00dfen, wenden Sie sich bitte an unser Support-Team. Unsere Berater sind bestrebt, alle Probleme zu l\u00f6sen, die Sie m\u00f6glicherweise mit dem Produkt haben. <\/p> <\/div>","protected":false},"excerpt":{"rendered":"","protected":false},"author":9,"featured_media":0,"parent":2321,"menu_order":0,"comment_status":"closed","ping_status":"closed","template":"templates\/template-application-platform.php","meta":{"publish_to_discourse":"","publish_post_category":"","wpdc_auto_publish_overridden":"","wpdc_topic_tags":"","wpdc_pin_topic":"","wpdc_pin_until":"","discourse_post_id":"","discourse_permalink":"","wpdc_publishing_response":"","wpdc_publishing_error":"","footnotes":""},"class_list":["post-9665","page","type-page","status-publish","hentry"],"yoast_head":"<!-- This site is optimized with the Yoast SEO plugin v25.3.1 - https:\/\/yoast.com\/wordpress\/plugins\/seo\/ -->\n<title>Elfsight Podcast Player f\u00fcr die Webnode-Website (kostenlos und einfach)<\/title>\n<meta name=\"description\" content=\"Nutzen Sie unsere barrierefreie Demo und betten Sie einen responsiven Podcast-Player auf Ihrer Webnode-Homepage ein. Integrieren Sie unsere n\u00fctzliche Demo und erstellen Sie m\u00fchelos Ihr individuelles Plugin!\" \/>\n<meta name=\"robots\" content=\"index, follow, max-snippet:-1, max-image-preview:large, max-video-preview:-1\" \/>\n<link rel=\"canonical\" href=\"https:\/\/elfsight.com\/de\/podcast-player-widget\/webnode\/\" \/>\n<meta property=\"og:locale\" content=\"de_DE\" \/>\n<meta property=\"og:type\" content=\"article\" \/>\n<meta property=\"og:title\" content=\"Elfsight Podcast Player f\u00fcr die Webnode-Website (kostenlos und einfach)\" \/>\n<meta property=\"og:description\" content=\"Nutzen Sie unsere barrierefreie Demo und betten Sie einen responsiven Podcast-Player auf Ihrer Webnode-Homepage ein. Integrieren Sie unsere n\u00fctzliche Demo und erstellen Sie m\u00fchelos Ihr individuelles Plugin!\" \/>\n<meta property=\"og:url\" content=\"https:\/\/elfsight.com\/de\/podcast-player-widget\/webnode\/\" \/>\n<meta property=\"og:site_name\" content=\"Elfsight DE\" \/>\n<meta property=\"article:modified_time\" content=\"2025-07-09T14:12:15+00:00\" \/>\n<meta name=\"twitter:card\" content=\"summary_large_image\" \/>\n<meta name=\"twitter:label1\" content=\"Gesch\u00e4tzte Lesezeit\" \/>\n\t<meta name=\"twitter:data1\" content=\"2\u00a0Minuten\" \/>\n<!-- \/ Yoast SEO plugin. -->","yoast_head_json":{"title":"Elfsight Podcast Player f\u00fcr die Webnode-Website (kostenlos und einfach)","description":"Nutzen Sie unsere barrierefreie Demo und betten Sie einen responsiven Podcast-Player auf Ihrer Webnode-Homepage ein. Integrieren Sie unsere n\u00fctzliche Demo und erstellen Sie m\u00fchelos Ihr individuelles Plugin!","robots":{"index":"index","follow":"follow","max-snippet":"max-snippet:-1","max-image-preview":"max-image-preview:large","max-video-preview":"max-video-preview:-1"},"canonical":"https:\/\/elfsight.com\/de\/podcast-player-widget\/webnode\/","og_locale":"de_DE","og_type":"article","og_title":"Elfsight Podcast Player f\u00fcr die Webnode-Website (kostenlos und einfach)","og_description":"Nutzen Sie unsere barrierefreie Demo und betten Sie einen responsiven Podcast-Player auf Ihrer Webnode-Homepage ein. Integrieren Sie unsere n\u00fctzliche Demo und erstellen Sie m\u00fchelos Ihr individuelles Plugin!","og_url":"https:\/\/elfsight.com\/de\/podcast-player-widget\/webnode\/","og_site_name":"Elfsight DE","article_modified_time":"2025-07-09T14:12:15+00:00","twitter_card":"summary_large_image","twitter_misc":{"Gesch\u00e4tzte Lesezeit":"2\u00a0Minuten"},"schema":{"@context":"https:\/\/schema.org","@graph":[{"@type":"WebPage","@id":"https:\/\/elfsight.com\/de\/podcast-player-widget\/webnode\/","url":"https:\/\/elfsight.com\/de\/podcast-player-widget\/webnode\/","name":"Elfsight Podcast Player f\u00fcr die Webnode-Website (kostenlos und einfach)","isPartOf":{"@id":"https:\/\/elfsight.com\/de\/#website"},"datePublished":"1970-01-01T00:00:00+00:00","dateModified":"2025-07-09T14:12:15+00:00","description":"Nutzen Sie unsere barrierefreie Demo und betten Sie einen responsiven Podcast-Player auf Ihrer Webnode-Homepage ein. Integrieren Sie unsere n\u00fctzliche Demo und erstellen Sie m\u00fchelos Ihr individuelles Plugin!","breadcrumb":{"@id":"https:\/\/elfsight.com\/de\/podcast-player-widget\/webnode\/#breadcrumb"},"inLanguage":"de","potentialAction":[{"@type":"ReadAction","target":["https:\/\/elfsight.com\/de\/podcast-player-widget\/webnode\/"]}]},{"@type":"BreadcrumbList","@id":"https:\/\/elfsight.com\/de\/podcast-player-widget\/webnode\/#breadcrumb","itemListElement":[{"@type":"ListItem","position":1,"name":"Home","item":"https:\/\/elfsight.com\/de\/"},{"@type":"ListItem","position":2,"name":"Podcast Player","item":"https:\/\/elfsight.com\/de\/podcast-player-widget\/"},{"@type":"ListItem","position":3,"name":"Podcast Player &#8211; Webnode"}]},{"@type":"WebSite","@id":"https:\/\/elfsight.com\/de\/#website","url":"https:\/\/elfsight.com\/de\/","name":"Elfsight DE","description":"Just another Elfsight Sites site","potentialAction":[{"@type":"SearchAction","target":{"@type":"EntryPoint","urlTemplate":"https:\/\/elfsight.com\/de\/?s={search_term_string}"},"query-input":{"@type":"PropertyValueSpecification","valueRequired":true,"valueName":"search_term_string"}}],"inLanguage":"de"}]}},"meta_box":{"industry":"","seo_heading":"","heading":"","description":"","cta_heading":"","cta_description":"","application":"508","h1":"Webnode Podcast Player-Widget","h1_caption":"Integrieren Sie einen Podcast-Player direkt auf Ihrer Website, sodass Benutzer Ihre Episoden m\u00fchelos auf Ihrer Webnode-Website anh\u00f6ren k\u00f6nnen, ohne die Seite zu verlassen.","application_category":[],"applications_title":"","applications_request_title":"","applications_request_button_text":"","hero_text":"","hero_video":"","hero_video_schema_markup":"","selling_points_title":"","selling_points_caption":"","selling_points":[],"selling_points_cta_text":"","features_title":"","features":"","ed_cta_examples_text":"","ed_cta_examples_hidden":"","ed_cta_demo_text":"","ed_cta_demo_hidden":"","why_caption":"","why_editor_title":"","why_editor_text":"","why_team_title":"","why_team_text":"","why_service_title":"","why_service_text":"","template_catalog_visible":"","template_catalog_title":"","template_catalog_text":"","template_catalog_categories_visible":"","demo_title":"Erstellen Sie Ihr Podcast-Player-Widget","demo_caption":"Konfigurieren Sie Ihren Podcast-Player und f\u00fcgen Sie ihn kostenlos zu Ihrer Webnode-Website hinzu!","default_faq_hidden":"","app_template_category":[],"platform":"248","template_public_id":"","codecanyon_url":"","codecanyon_item_id":"","codecanyon_price":"","pricing_caption":"","pricing_elfsight_apps_hide_column":"","pricing_elfsight_apps_url":"","pricing_codecanyon_price_caption":"","integration_category":[],"integration_request_title":"","integration_request_cta":"","integration_platform":"","integrations":[],"platform_category":[],"video_schema_markup":"","price":"ab 0 $ \/ Monat","trial":"","benefits":[{"text":"Kostenloser Installationsservice"},{"text":"Kompetenter Kundenservice"},{"text":"14-t\u00e4gige Geld-zur\u00fcck-Garantie"},{"text":"St\u00e4ndige Aktualisierung"}],"button_url":"#demo","button_target_blank":"","button_nofollow":"","attributes":[{"name":"Installiert","content":"10,000 - 100,000"},{"name":"Reaktionsfreudig","content":"Ja"},{"name":"Kompatible Browser","content":"Firefox, Safari, Opera, Chrome, Edge"}],"tags":[],"tags_disable_links":"","hide_more_platforms":"","video_object":"","demo_hide_cta":"","demo_hide_cloud_options":"","pricing_title":"","pricing":[{"pricing_icon":"platform","pricing_title":"Elfsight Apps","pricing_title_caption":"Plattformunabh\u00e4ngige digitale L\u00f6sung, die f\u00fcr jeden Standort geeignet ist","pricing_price":"ab 0 $ \/ Monat","pricing_price_caption":"Beginnen Sie mit einem kostenlosen Plan","pricing_benefits":[{"text":"Unbegrenzte Websites"},{"text":"Engagierte Unternehmensunterst\u00fctzung"},{"text":"Kostenlose Installationshilfe"},{"text":"Sonderangebot f\u00fcr mehrere Apps"}],"pricing_button_text":"Zur Website hinzuf\u00fcgen","pricing_button_url":"#demo"}],"related_apps_title":"","related_apps_hidden":"","author":"","image":[],"title":"","job":"","social_networks":[]},"_links":{"self":[{"href":"https:\/\/elfsight.com\/de\/wp-json\/wp\/v2\/pages\/9665","targetHints":{"allow":["GET"]}}],"collection":[{"href":"https:\/\/elfsight.com\/de\/wp-json\/wp\/v2\/pages"}],"about":[{"href":"https:\/\/elfsight.com\/de\/wp-json\/wp\/v2\/types\/page"}],"author":[{"embeddable":true,"href":"https:\/\/elfsight.com\/de\/wp-json\/wp\/v2\/users\/9"}],"replies":[{"embeddable":true,"href":"https:\/\/elfsight.com\/de\/wp-json\/wp\/v2\/comments?post=9665"}],"version-history":[{"count":1,"href":"https:\/\/elfsight.com\/de\/wp-json\/wp\/v2\/pages\/9665\/revisions"}],"predecessor-version":[{"id":9669,"href":"https:\/\/elfsight.com\/de\/wp-json\/wp\/v2\/pages\/9665\/revisions\/9669"}],"up":[{"embeddable":true,"href":"https:\/\/elfsight.com\/de\/wp-json\/wp\/v2\/pages\/2321"}],"wp:attachment":[{"href":"https:\/\/elfsight.com\/de\/wp-json\/wp\/v2\/media?parent=9665"}],"curies":[{"name":"wp","href":"https:\/\/api.w.org\/{rel}","templated":true}]}}