{"id":9660,"date":"1970-01-01T00:00:00","date_gmt":"1970-01-01T00:00:00","guid":{"rendered":"https:\/\/elfsight.com\/de\/?page_id=9660"},"modified":"2025-02-14T12:54:32","modified_gmt":"2025-02-14T12:54:32","slug":"weebly","status":"publish","type":"page","link":"https:\/\/elfsight.com\/de\/podcast-player-widget\/weebly\/","title":{"rendered":"Podcast Player &#8211; Weebly"},"content":{"rendered":"\n<div class=\"application-platform-content-item-description application-platform-content-item\" id=\"description\" data-nav-section=\"description\"> <h2>Beschreibung<\/h2> <p>Elfsight Podcast Player ist ein einfaches Tool f\u00fcr Weebly, das Ihnen die M\u00f6glichkeit gibt, Podcasts direkt auf den Seiten von zu streamen deine Seite. Das Widget ist in hohem Ma\u00dfe ver\u00e4nderbar: Sie k\u00f6nnen seine Position \u00e4ndern, es an einer beliebigen Stelle auf der Seite platzieren, seine Gr\u00f6\u00dfe \u00e4ndern, den Hintergrund und andere Teile \u00fcberarbeiten, um es mit dem Design Ihrer Website zu verschmelzen, ein dunkles Farbschema anwenden, Bilder anzeigen und anzeigen oder anzeigen Verstecke 3 weitere Spielerteile wie den Fortschrittsbalken und vieles mehr. Unterhalten Sie Ihre Benutzer, schalten Sie die automatische Wiedergabe ein und stellen Sie sicher, dass Ihr Publikum Ihre Website nicht so schnell verl\u00e4sst! <\/p> <p><b>Fesseln Sie Ihre Benutzer, indem Sie ihnen mit dem Elfsight Podcast Player wertvolle und unterhaltsame Materialien zur Verf\u00fcgung stellen<\/b><\/p> <\/div> <div class=\"application-platform-content-item-features application-platform-content-item\" id=\"features\" data-nav-section=\"features\"> <h2> Die App bietet praktische und schnelle Funktionen, sehen Sie sich einige davon an: <\/h2> <ul><li>Unbegrenzte Farb\u00e4nderungen. <\/li><li>Zwei Layouts anwendbar. <\/li><li>M\u00f6glichkeit, ein Hintergrundbild anzuh\u00e4ngen. <\/li><li>Adject unbegrenzte Anzahl von Titeln. <\/li><li>Eine Option zum Erstellen Ihres eigenen Farbschemas. <\/li><\/ul><p><a href=\"#demo\">Probieren Sie einfach diese Demo aus, um zu sehen, wie es funktioniert<\/a><\/p> <\/div> <div class=\"application-platform-content-item-installation application-platform-content-item\" id=\"installation\" data-nav-section=\"installation\"> <h2>Wie f\u00fcge ich den Podcast Player zu meiner Weebly-Site hinzu? <\/h2><div class=\"video-container\"><iframe width=\"560\" height=\"315\" src=\"https:\/\/www.youtube.com\/embed\/4KsEx3kNfiA?si=PaNXic6Mty-GGmeU\" frameborder=\"0\" allow=\"accelerometer; autoplay; clipboard-write; encrypted-media; gyroscope; picture-in-picture; web-share\" allowfullscreen><\/iframe><\/div><p>Befolgen Sie einfach die unten aufgef\u00fchrten Schritte, um mit der Arbeit mit der App zu beginnen. <\/p> <ol><li><b>\u00d6ffnen Sie unseren kostenlosen Editor und beginnen Sie mit der Gestaltung Ihrer individuellen App. <\/b><br> Geben Sie die benutzerdefinierte Anordnung und Parameter der App an und \u00fcbernehmen Sie alle \u00c4nderungen. <\/li> <li><b>Holen Sie sich Ihren einzigartigen Code, der im Feld von Elfsight Apps angezeigt wird. <\/b><br> Nachdem Sie Ihre App erstellt haben, kopieren Sie den exklusiven Code aus dem angezeigten Feld und speichern Sie ihn zur sp\u00e4teren Verwendung. <\/li> <li><b>Beginnen Sie mit der Nutzung der App auf Ihrer Weebly-Website. <\/b><br> Integrieren Sie den Code, den Sie k\u00fcrzlich in Ihrer Website gespeichert haben, und speichern Sie die Korrekturen. <\/li> <li><b>Die Installation ist vollst\u00e4ndig beendet. <\/b><br> Besuchen Sie Ihre Website, um die Leistung der App zu \u00fcberpr\u00fcfen. <\/li><\/ol><p>Wenn Sie irgendwelche Probleme haben, scheuen Sie sich nicht, sich an unser Kundendienstteam zu wenden. Unsere Berater helfen Ihnen gerne bei der L\u00f6sung aller Schwierigkeiten, die Sie mit dem Widget haben k\u00f6nnten. <\/p> <\/div>\n","protected":false},"excerpt":{"rendered":"","protected":false},"author":9,"featured_media":0,"parent":2321,"menu_order":0,"comment_status":"closed","ping_status":"closed","template":"templates\/template-application-platform.php","meta":{"publish_to_discourse":"","publish_post_category":"","wpdc_auto_publish_overridden":"","wpdc_topic_tags":"","wpdc_pin_topic":"","wpdc_pin_until":"","discourse_post_id":"","discourse_permalink":"","wpdc_publishing_response":"","wpdc_publishing_error":"","footnotes":""},"class_list":["post-9660","page","type-page","status-publish","hentry"],"yoast_head":"<!-- This site is optimized with the Yoast SEO plugin v25.3.1 - https:\/\/yoast.com\/wordpress\/plugins\/seo\/ -->\n<title>Elfsight Podcast Player f\u00fcr die Weebly-Website (einfach und schnell)<\/title>\n<meta name=\"description\" content=\"Nutzen Sie unsere \u00fcberschaubare Demo und integrieren Sie einen responsiven Podcast-Player auf Ihrer Weebly-Website. Integrieren Sie unsere barrierefreie Demo und erstellen Sie m\u00fchelos Ihr individuelles Plugin!\" \/>\n<meta name=\"robots\" content=\"index, follow, max-snippet:-1, max-image-preview:large, max-video-preview:-1\" \/>\n<link rel=\"canonical\" href=\"https:\/\/elfsight.com\/de\/podcast-player-widget\/weebly\/\" \/>\n<meta property=\"og:locale\" content=\"de_DE\" \/>\n<meta property=\"og:type\" content=\"article\" \/>\n<meta property=\"og:title\" content=\"Elfsight Podcast Player f\u00fcr die Weebly-Website (einfach und schnell)\" \/>\n<meta property=\"og:description\" content=\"Nutzen Sie unsere \u00fcberschaubare Demo und integrieren Sie einen responsiven Podcast-Player auf Ihrer Weebly-Website. Integrieren Sie unsere barrierefreie Demo und erstellen Sie m\u00fchelos Ihr individuelles Plugin!\" \/>\n<meta property=\"og:url\" content=\"https:\/\/elfsight.com\/de\/podcast-player-widget\/weebly\/\" \/>\n<meta property=\"og:site_name\" content=\"Elfsight DE\" \/>\n<meta property=\"article:modified_time\" content=\"2025-02-14T12:54:32+00:00\" \/>\n<meta name=\"twitter:card\" content=\"summary_large_image\" \/>\n<meta name=\"twitter:label1\" content=\"Gesch\u00e4tzte Lesezeit\" \/>\n\t<meta name=\"twitter:data1\" content=\"2\u00a0Minuten\" \/>\n<!-- \/ Yoast SEO plugin. -->","yoast_head_json":{"title":"Elfsight Podcast Player f\u00fcr die Weebly-Website (einfach und schnell)","description":"Nutzen Sie unsere \u00fcberschaubare Demo und integrieren Sie einen responsiven Podcast-Player auf Ihrer Weebly-Website. Integrieren Sie unsere barrierefreie Demo und erstellen Sie m\u00fchelos Ihr individuelles Plugin!","robots":{"index":"index","follow":"follow","max-snippet":"max-snippet:-1","max-image-preview":"max-image-preview:large","max-video-preview":"max-video-preview:-1"},"canonical":"https:\/\/elfsight.com\/de\/podcast-player-widget\/weebly\/","og_locale":"de_DE","og_type":"article","og_title":"Elfsight Podcast Player f\u00fcr die Weebly-Website (einfach und schnell)","og_description":"Nutzen Sie unsere \u00fcberschaubare Demo und integrieren Sie einen responsiven Podcast-Player auf Ihrer Weebly-Website. Integrieren Sie unsere barrierefreie Demo und erstellen Sie m\u00fchelos Ihr individuelles Plugin!","og_url":"https:\/\/elfsight.com\/de\/podcast-player-widget\/weebly\/","og_site_name":"Elfsight DE","article_modified_time":"2025-02-14T12:54:32+00:00","twitter_card":"summary_large_image","twitter_misc":{"Gesch\u00e4tzte Lesezeit":"2\u00a0Minuten"},"schema":{"@context":"https:\/\/schema.org","@graph":[{"@type":"WebPage","@id":"https:\/\/elfsight.com\/de\/podcast-player-widget\/weebly\/","url":"https:\/\/elfsight.com\/de\/podcast-player-widget\/weebly\/","name":"Elfsight Podcast Player f\u00fcr die Weebly-Website (einfach und schnell)","isPartOf":{"@id":"https:\/\/elfsight.com\/de\/#website"},"datePublished":"1970-01-01T00:00:00+00:00","dateModified":"2025-02-14T12:54:32+00:00","description":"Nutzen Sie unsere \u00fcberschaubare Demo und integrieren Sie einen responsiven Podcast-Player auf Ihrer Weebly-Website. Integrieren Sie unsere barrierefreie Demo und erstellen Sie m\u00fchelos Ihr individuelles Plugin!","breadcrumb":{"@id":"https:\/\/elfsight.com\/de\/podcast-player-widget\/weebly\/#breadcrumb"},"inLanguage":"de","potentialAction":[{"@type":"ReadAction","target":["https:\/\/elfsight.com\/de\/podcast-player-widget\/weebly\/"]}]},{"@type":"BreadcrumbList","@id":"https:\/\/elfsight.com\/de\/podcast-player-widget\/weebly\/#breadcrumb","itemListElement":[{"@type":"ListItem","position":1,"name":"Home","item":"https:\/\/elfsight.com\/de\/"},{"@type":"ListItem","position":2,"name":"Podcast Player","item":"https:\/\/elfsight.com\/de\/podcast-player-widget\/"},{"@type":"ListItem","position":3,"name":"Podcast Player &#8211; Weebly"}]},{"@type":"WebSite","@id":"https:\/\/elfsight.com\/de\/#website","url":"https:\/\/elfsight.com\/de\/","name":"Elfsight DE","description":"Just another Elfsight Sites site","potentialAction":[{"@type":"SearchAction","target":{"@type":"EntryPoint","urlTemplate":"https:\/\/elfsight.com\/de\/?s={search_term_string}"},"query-input":{"@type":"PropertyValueSpecification","valueRequired":true,"valueName":"search_term_string"}}],"inLanguage":"de"}]}},"meta_box":{"industry":"","seo_heading":"","heading":"","description":"","cta_heading":"","cta_description":"","application":"508","h1":"Weebly Podcast Player-App","h1_caption":"Betten Sie einen Podcast-Player direkt auf Ihrer Website ein, sodass Benutzer Ihre Episoden m\u00fchelos anh\u00f6ren k\u00f6nnen, ohne die Seite auf Ihrer Weebly-Website zu verlassen.","application_category":[],"applications_title":"","applications_request_title":"","applications_request_button_text":"","hero_text":"","hero_video":"","hero_video_schema_markup":"","selling_points_title":"","selling_points_caption":"","selling_points":[],"selling_points_cta_text":"","features_title":"","features":"","ed_cta_examples_text":"","ed_cta_examples_hidden":"","ed_cta_demo_text":"","ed_cta_demo_hidden":"","why_caption":"","why_editor_title":"","why_editor_text":"","why_team_title":"","why_team_text":"","why_service_title":"","why_service_text":"","template_catalog_visible":"0","template_catalog_title":"","template_catalog_text":"","template_catalog_categories_visible":"","demo_title":"Erstellen Sie Ihre Podcast-Player-App","demo_caption":"Konfigurieren Sie Ihren Podcast-Player und f\u00fcgen Sie ihn kostenlos zu Ihrer Weebly-Website hinzu!","default_faq_hidden":"","app_template_category":[],"platform":"249","template_public_id":"","codecanyon_url":"","codecanyon_item_id":"","codecanyon_price":"","pricing_caption":"","pricing_elfsight_apps_hide_column":"","pricing_elfsight_apps_url":"","pricing_codecanyon_price_caption":"","integration_category":[],"integration_request_title":"","integration_request_cta":"","integration_platform":"","integrations":[],"platform_category":[],"video_schema_markup":"","price":"ab 0 $ \/ Monat","trial":"","benefits":[{"text":"Kostenloser Installationsservice"},{"text":"Premium-Support"},{"text":"14-t\u00e4gige Geld-zur\u00fcck-Garantie"},{"text":"St\u00e4ndige Aktualisierung"}],"button_url":"#demo","button_target_blank":"0","button_nofollow":"0","attributes":[{"name":"Installiert","content":"10,000 - 100,000"},{"name":"Reaktionsfreudig","content":"Ja"},{"name":"Kompatible Browser","content":"Firefox, Safari, Opera, Chrome, Edge"}],"tags":[],"tags_disable_links":"0","hide_more_platforms":"0","video_object":"","demo_hide_cta":"0","demo_hide_cloud_options":"0","pricing_title":"","pricing":[{"pricing_icon":"platform","pricing_title":"Elfsight Apps","pricing_title_caption":"Multiplattform-L\u00f6sung, die auf jeder Site funktioniert","pricing_price":"ab 0 $ \/ Monat","pricing_price_caption":"Beginnen Sie mit einem kostenlosen Plan","pricing_benefits":[{"text":"Unbegrenzte Websites"},{"text":"Kostenloser und p\u00fcnktlicher Support"},{"text":"Kostenloser Installationsservice"},{"text":"Vollst\u00e4ndig anpassbar"}],"pricing_button_text":"Zur Website hinzuf\u00fcgen","pricing_button_url":"#demo"}],"related_apps_title":"","related_apps_hidden":"0","author":"","image":[],"title":"","job":"","social_networks":[]},"_links":{"self":[{"href":"https:\/\/elfsight.com\/de\/wp-json\/wp\/v2\/pages\/9660","targetHints":{"allow":["GET"]}}],"collection":[{"href":"https:\/\/elfsight.com\/de\/wp-json\/wp\/v2\/pages"}],"about":[{"href":"https:\/\/elfsight.com\/de\/wp-json\/wp\/v2\/types\/page"}],"author":[{"embeddable":true,"href":"https:\/\/elfsight.com\/de\/wp-json\/wp\/v2\/users\/9"}],"replies":[{"embeddable":true,"href":"https:\/\/elfsight.com\/de\/wp-json\/wp\/v2\/comments?post=9660"}],"version-history":[{"count":3,"href":"https:\/\/elfsight.com\/de\/wp-json\/wp\/v2\/pages\/9660\/revisions"}],"predecessor-version":[{"id":24197,"href":"https:\/\/elfsight.com\/de\/wp-json\/wp\/v2\/pages\/9660\/revisions\/24197"}],"up":[{"embeddable":true,"href":"https:\/\/elfsight.com\/de\/wp-json\/wp\/v2\/pages\/2321"}],"wp:attachment":[{"href":"https:\/\/elfsight.com\/de\/wp-json\/wp\/v2\/media?parent=9660"}],"curies":[{"name":"wp","href":"https:\/\/api.w.org\/{rel}","templated":true}]}}