{"id":9659,"date":"1970-01-01T00:00:00","date_gmt":"1970-01-01T00:00:00","guid":{"rendered":"https:\/\/elfsight.com\/de\/?page_id=9659"},"modified":"2025-02-14T12:55:58","modified_gmt":"2025-02-14T12:55:58","slug":"wix","status":"publish","type":"page","link":"https:\/\/elfsight.com\/de\/podcast-player-widget\/wix\/","title":{"rendered":"Podcast Player &#8211; Wix"},"content":{"rendered":"\n<div class=\"application-platform-content-item-description application-platform-content-item\" id=\"description\" data-nav-section=\"description\"> <h2>Beschreibung<\/h2> <p>Elfsight Podcast Player ist eine unkomplizierte App f\u00fcr Wix-Websites, mit der Sie Podcasts direkt auf Ihrer Homepage wiedergeben k\u00f6nnen. Das Tool ist enorm anpassbar: Sie k\u00f6nnen seine Position \u00e4ndern, es an einer beliebigen Stelle auf der Seite platzieren, seine Gr\u00f6\u00dfe skalieren, den Hintergrund und andere Teile neu einf\u00e4rben, um es an den Stil Ihrer Website anzupassen, ein dunkles Thema verwenden, Bilder anzeigen und drei ein- oder ausblenden zus\u00e4tzliche Spielerdetails wie Fortschrittsbalken und vieles mehr. Unterhalten Sie Ihre Besucher, schalten Sie die automatische Wiedergabe ein und haben Sie keine Zweifel \u2013 Ihre Besucher werden Ihre Homepage nicht so schnell verlassen! <\/p> <p><b>Interessieren Sie Ihre Benutzer, indem Sie sie mithilfe des Elfsight Podcast Players mit wertvollen und fesselnden Materialien ausstatten<\/b><\/p> <\/div> <div class=\"application-platform-content-item-features application-platform-content-item\" id=\"features\" data-nav-section=\"features\"> <h2> Das Widget verf\u00fcgt \u00fcber praktische und unkomplizierte Funktionen, sehen Sie sich einige davon an: <\/h2> <ul><li>Verschiedene Farbvarianten. <\/li><li>2 Layouts anwendbar. <\/li><li>Eine Option zum Hinzuf\u00fcgen eines Hintergrundbilds. <\/li><li>F\u00fcgen Sie eine unbegrenzte Anzahl von Titeln hinzu. <\/li><li>Eine M\u00f6glichkeit, Ihr individuelles Farbschema zu gestalten. <\/li><\/ul><p><a href=\"#demo\">Probieren Sie einfach diese Demo aus, um zu sehen, wie es funktioniert<\/a><\/p> <\/div> <div class=\"application-platform-content-item-installation application-platform-content-item\" id=\"installation\" data-nav-section=\"installation\"> <h2>Wie bette ich den Podcast-Player in meine Website von Wix ein? <\/h2><div class=\"video-container\"><iframe width=\"560\" height=\"315\" src=\"https:\/\/www.youtube.com\/embed\/JWLU7PDrAnI?si=fuke_wSIe8Vocea4\" frameborder=\"0\" allow=\"accelerometer; autoplay; clipboard-write; encrypted-media; gyroscope; picture-in-picture; web-share\" allowfullscreen><\/iframe><\/div><p>Befolgen Sie einfach die unten beschriebenen Schritte, um das Widget zu integrieren. <\/p> <ol><li><b>Nutzen Sie unsere kostenlose Demo und beginnen Sie mit der Erstellung Ihrer benutzerdefinierten App. <\/b><br> Geben Sie die ausgew\u00e4hlte Schnittstelle und Funktionen des Tools an und speichern Sie die \u00c4nderungen. <\/li> <li><b>Erhalten Sie Ihren individuellen Code, der in der Box auf Elfsight Apps angezeigt wird. <\/b><br> Nachdem die Erstellung Ihrer pers\u00f6nlichen App abgeschlossen ist, kopieren Sie den einzelnen Code im angezeigten Fenster und bewahren Sie ihn f\u00fcr einen sp\u00e4teren Anlass auf. <\/li> <li><b>Initiieren Sie die Nutzung des Tools auf Ihrer Wix-Website. <\/b><br> F\u00fcgen Sie den zuvor kopierten Code in Ihre Seite ein und \u00fcbernehmen Sie die \u00c4nderungen. <\/li> <li><b>Die Installation ist vollst\u00e4ndig durchgef\u00fchrt. <\/b><br> Besuchen Sie Ihre Website, um zu sehen, wie das Plugin funktioniert. <\/li><\/ol> <p>Sollten Sie auf Hindernisse sto\u00dfen, wenden Sie sich bitte an unser Support-Team. Unsere Berater helfen Ihnen gerne bei allen Fragen rund um das Produkt weiter. <\/p> <\/div>\n","protected":false},"excerpt":{"rendered":"","protected":false},"author":9,"featured_media":0,"parent":2321,"menu_order":0,"comment_status":"closed","ping_status":"closed","template":"templates\/template-application-platform.php","meta":{"publish_to_discourse":"","publish_post_category":"","wpdc_auto_publish_overridden":"","wpdc_topic_tags":"","wpdc_pin_topic":"","wpdc_pin_until":"","discourse_post_id":"","discourse_permalink":"","wpdc_publishing_response":"","wpdc_publishing_error":"","footnotes":""},"class_list":["post-9659","page","type-page","status-publish","hentry"],"yoast_head":"<!-- This site is optimized with the Yoast SEO plugin v25.3.1 - https:\/\/yoast.com\/wordpress\/plugins\/seo\/ -->\n<title>Elfsight Podcast Player f\u00fcr die Website von Wix (kostenlos und einfach)<\/title>\n<meta name=\"description\" content=\"Nutzen Sie unsere barrierefreie Demo und implementieren Sie einen responsiven Podcast-Player auf Ihrer Wix-Homepage. Implementieren Sie unsere praktische Demo und erstellen Sie m\u00fchelos Ihre individuelle App!\" \/>\n<meta name=\"robots\" content=\"index, follow, max-snippet:-1, max-image-preview:large, max-video-preview:-1\" \/>\n<link rel=\"canonical\" href=\"https:\/\/elfsight.com\/de\/podcast-player-widget\/wix\/\" \/>\n<meta property=\"og:locale\" content=\"de_DE\" \/>\n<meta property=\"og:type\" content=\"article\" \/>\n<meta property=\"og:title\" content=\"Elfsight Podcast Player f\u00fcr die Website von Wix (kostenlos und einfach)\" \/>\n<meta property=\"og:description\" content=\"Nutzen Sie unsere barrierefreie Demo und implementieren Sie einen responsiven Podcast-Player auf Ihrer Wix-Homepage. Implementieren Sie unsere praktische Demo und erstellen Sie m\u00fchelos Ihre individuelle App!\" \/>\n<meta property=\"og:url\" content=\"https:\/\/elfsight.com\/de\/podcast-player-widget\/wix\/\" \/>\n<meta property=\"og:site_name\" content=\"Elfsight DE\" \/>\n<meta property=\"article:modified_time\" content=\"2025-02-14T12:55:58+00:00\" \/>\n<meta name=\"twitter:card\" content=\"summary_large_image\" \/>\n<meta name=\"twitter:label1\" content=\"Gesch\u00e4tzte Lesezeit\" \/>\n\t<meta name=\"twitter:data1\" content=\"2\u00a0Minuten\" \/>\n<!-- \/ Yoast SEO plugin. -->","yoast_head_json":{"title":"Elfsight Podcast Player f\u00fcr die Website von Wix (kostenlos und einfach)","description":"Nutzen Sie unsere barrierefreie Demo und implementieren Sie einen responsiven Podcast-Player auf Ihrer Wix-Homepage. Implementieren Sie unsere praktische Demo und erstellen Sie m\u00fchelos Ihre individuelle App!","robots":{"index":"index","follow":"follow","max-snippet":"max-snippet:-1","max-image-preview":"max-image-preview:large","max-video-preview":"max-video-preview:-1"},"canonical":"https:\/\/elfsight.com\/de\/podcast-player-widget\/wix\/","og_locale":"de_DE","og_type":"article","og_title":"Elfsight Podcast Player f\u00fcr die Website von Wix (kostenlos und einfach)","og_description":"Nutzen Sie unsere barrierefreie Demo und implementieren Sie einen responsiven Podcast-Player auf Ihrer Wix-Homepage. Implementieren Sie unsere praktische Demo und erstellen Sie m\u00fchelos Ihre individuelle App!","og_url":"https:\/\/elfsight.com\/de\/podcast-player-widget\/wix\/","og_site_name":"Elfsight DE","article_modified_time":"2025-02-14T12:55:58+00:00","twitter_card":"summary_large_image","twitter_misc":{"Gesch\u00e4tzte Lesezeit":"2\u00a0Minuten"},"schema":{"@context":"https:\/\/schema.org","@graph":[{"@type":"WebPage","@id":"https:\/\/elfsight.com\/de\/podcast-player-widget\/wix\/","url":"https:\/\/elfsight.com\/de\/podcast-player-widget\/wix\/","name":"Elfsight Podcast Player f\u00fcr die Website von Wix (kostenlos und einfach)","isPartOf":{"@id":"https:\/\/elfsight.com\/de\/#website"},"datePublished":"1970-01-01T00:00:00+00:00","dateModified":"2025-02-14T12:55:58+00:00","description":"Nutzen Sie unsere barrierefreie Demo und implementieren Sie einen responsiven Podcast-Player auf Ihrer Wix-Homepage. Implementieren Sie unsere praktische Demo und erstellen Sie m\u00fchelos Ihre individuelle App!","breadcrumb":{"@id":"https:\/\/elfsight.com\/de\/podcast-player-widget\/wix\/#breadcrumb"},"inLanguage":"de","potentialAction":[{"@type":"ReadAction","target":["https:\/\/elfsight.com\/de\/podcast-player-widget\/wix\/"]}]},{"@type":"BreadcrumbList","@id":"https:\/\/elfsight.com\/de\/podcast-player-widget\/wix\/#breadcrumb","itemListElement":[{"@type":"ListItem","position":1,"name":"Home","item":"https:\/\/elfsight.com\/de\/"},{"@type":"ListItem","position":2,"name":"Podcast Player","item":"https:\/\/elfsight.com\/de\/podcast-player-widget\/"},{"@type":"ListItem","position":3,"name":"Podcast Player &#8211; Wix"}]},{"@type":"WebSite","@id":"https:\/\/elfsight.com\/de\/#website","url":"https:\/\/elfsight.com\/de\/","name":"Elfsight DE","description":"Just another Elfsight Sites site","potentialAction":[{"@type":"SearchAction","target":{"@type":"EntryPoint","urlTemplate":"https:\/\/elfsight.com\/de\/?s={search_term_string}"},"query-input":{"@type":"PropertyValueSpecification","valueRequired":true,"valueName":"search_term_string"}}],"inLanguage":"de"}]}},"meta_box":{"industry":"","seo_heading":"","heading":"","description":"","cta_heading":"","cta_description":"","application":"508","h1":"Wix Podcast Player-App","h1_caption":"Integrieren Sie einen Podcast-Player direkt auf Ihrer Website, sodass Benutzer Ihre Episoden m\u00fchelos auf Ihrer Wix-Website anh\u00f6ren k\u00f6nnen, ohne die Seite zu verlassen.","application_category":[],"applications_title":"","applications_request_title":"","applications_request_button_text":"","hero_text":"","hero_video":"","hero_video_schema_markup":"","selling_points_title":"","selling_points_caption":"","selling_points":[],"selling_points_cta_text":"","features_title":"","features":"","ed_cta_examples_text":"","ed_cta_examples_hidden":"","ed_cta_demo_text":"","ed_cta_demo_hidden":"","why_caption":"","why_editor_title":"","why_editor_text":"","why_team_title":"","why_team_text":"","why_service_title":"","why_service_text":"","template_catalog_visible":"0","template_catalog_title":"","template_catalog_text":"","template_catalog_categories_visible":"","demo_title":"Erstellen Sie Ihre Podcast-Player-App","demo_caption":"Konfigurieren Sie Ihren Podcast-Player und f\u00fcgen Sie ihn kostenlos zu Ihrer Wix-Website hinzu!","default_faq_hidden":"","app_template_category":[],"platform":"265","template_public_id":"","codecanyon_url":"","codecanyon_item_id":"","codecanyon_price":"","pricing_caption":"","pricing_elfsight_apps_hide_column":"","pricing_elfsight_apps_url":"","pricing_codecanyon_price_caption":"","integration_category":[],"integration_request_title":"","integration_request_cta":"","integration_platform":"","integrations":[],"platform_category":[],"video_schema_markup":"","price":"ab 0 $ \/ Monat","trial":"","benefits":[{"text":"Kostenloser Installationsservice"},{"text":"Professioneller Kundenservice"},{"text":"14-t\u00e4gige R\u00fcckerstattungsgarantie"},{"text":"Kontinuierliche Verbesserungen"}],"button_url":"#demo","button_target_blank":"0","button_nofollow":"0","attributes":[{"name":"Installiert","content":"10,000 - 100,000"},{"name":"Reaktionsfreudig","content":"Ja"},{"name":"Kompatible Browser","content":"Firefox, Chrome, Safari, Opera, Edge"}],"tags":[],"tags_disable_links":"0","hide_more_platforms":"0","video_object":"","demo_hide_cta":"0","demo_hide_cloud_options":"0","pricing_title":"","pricing":[{"pricing_icon":"platform","pricing_title":"Elfsight Apps","pricing_title_caption":"Multiplattform-Version","pricing_price":"ab 0 $ \/ Monat","pricing_price_caption":"Beginnen Sie mit einem kostenlosen Plan","pricing_benefits":[{"text":"Unbegrenzte Websites"},{"text":"Engagierte Unterst\u00fctzung"},{"text":"Kostenlose Installationsunterst\u00fctzung"},{"text":"Flexibles Design"}],"pricing_button_text":"Zur Website hinzuf\u00fcgen","pricing_button_url":"#demo"}],"related_apps_title":"","related_apps_hidden":"0","author":"","image":[],"title":"","job":"","social_networks":[]},"_links":{"self":[{"href":"https:\/\/elfsight.com\/de\/wp-json\/wp\/v2\/pages\/9659","targetHints":{"allow":["GET"]}}],"collection":[{"href":"https:\/\/elfsight.com\/de\/wp-json\/wp\/v2\/pages"}],"about":[{"href":"https:\/\/elfsight.com\/de\/wp-json\/wp\/v2\/types\/page"}],"author":[{"embeddable":true,"href":"https:\/\/elfsight.com\/de\/wp-json\/wp\/v2\/users\/9"}],"replies":[{"embeddable":true,"href":"https:\/\/elfsight.com\/de\/wp-json\/wp\/v2\/comments?post=9659"}],"version-history":[{"count":3,"href":"https:\/\/elfsight.com\/de\/wp-json\/wp\/v2\/pages\/9659\/revisions"}],"predecessor-version":[{"id":24198,"href":"https:\/\/elfsight.com\/de\/wp-json\/wp\/v2\/pages\/9659\/revisions\/24198"}],"up":[{"embeddable":true,"href":"https:\/\/elfsight.com\/de\/wp-json\/wp\/v2\/pages\/2321"}],"wp:attachment":[{"href":"https:\/\/elfsight.com\/de\/wp-json\/wp\/v2\/media?parent=9659"}],"curies":[{"name":"wp","href":"https:\/\/api.w.org\/{rel}","templated":true}]}}