{"id":9657,"date":"1970-01-01T00:00:00","date_gmt":"1970-01-01T00:00:00","guid":{"rendered":"https:\/\/elfsight.com\/de\/?page_id=9657"},"modified":"2025-07-09T14:12:21","modified_gmt":"2025-07-09T14:12:21","slug":"woocommerce","status":"publish","type":"page","link":"https:\/\/elfsight.com\/de\/podcast-player-widget\/woocommerce\/","title":{"rendered":"Podcast Player &#8211; WooCommerce"},"content":{"rendered":"<div class=\"application-platform-content-item-description application-platform-content-item\" id=\"description\" data-nav-section=\"description\"><h2>Beschreibung<\/h2><p>Elfsight Podcast Player ist ein einfaches Widget, das Ihnen die M\u00f6glichkeit gibt, Podcasts auf Ihrer Website abzuspielen. Das Plugin ist hochgradig anpassbar: Sie k\u00f6nnen seine Platzierung \u00e4ndern, es an einer beliebigen Stelle auf der Seite platzieren, seine Gr\u00f6\u00dfe skalieren, den Hintergrund und alle anderen Elemente neu zeichnen, um es mit dem Design Ihrer Website zu kombinieren, ein dunkles Thema verwenden, Bilder sichtbar machen und demonstrieren oder verbergen 3 weitere Player-Komponenten wie Fortschrittsbalken und viele mehr. Unterhalten Sie Ihre Besucher, schalten Sie die automatische Wiedergabe ein und seien Sie sicher, dass Ihre Besucher Ihre Website nicht sofort verlassen!<\/p><p><b>Begeistern Sie Ihr Publikum, indem Sie ihm mit dem Elfsight Podcast Player n\u00fctzliche und unterhaltsame Materialien zur Verf\u00fcgung stellen<\/b><\/p> <\/div> <div class=\"application-platform-content-item-features application-platform-content-item\" id=\"features\" data-nav-section=\"features\"><h2>Das Widget verf\u00fcgt \u00fcber leistungsstarke und unkomplizierte Funktionen, sehen Sie sich einige davon an:<\/h2><ul><li>Zahlreiche Farb\u00e4nderungen. <\/li><li>Zwei Layouts verf\u00fcgbar. <\/li><li>Eine M\u00f6glichkeit, ein Hintergrundbild zu verwenden. <\/li><li>Unendlich viele Titel hinzuf\u00fcgen. <\/li><li>Eine M\u00f6glichkeit, Ihr personalisiertes Farbthema zu gestalten. <\/li><\/ul><p><a href=\"#demo\">Probieren Sie alle Einstellungen in einer voll funktionsf\u00e4higen Demo aus<\/a><\/p><\/div><div class=\"application-platform-content-item-installation application-platform-content-item\" id=\"installation\" data-nav-section=\"installation\"><h2>Wie f\u00fcge ich den Podcast-Player zu meiner WooCommerce-Website hinzu?<\/h2><p>Befolgen Sie einfach die nachstehenden Richtlinien, um mit der Verwendung des Widgets zu beginnen.<\/p><ol><li><b>Mit unserem kostenlosen Konfigurator k\u00f6nnen Sie mit der Erstellung Ihres Widgets beginnen Ma\u00dfgeschneidertes Plugin.<\/b><br>Bestimmen Sie das bevorzugte Design und die Optionen des Plugins und speichern Sie die Korrekturen.<\/li><li><b>Lassen Sie sich Ihren individuellen Code in der Box auf Elfsight Apps anzeigen.<\/b><br>Sobald die Erstellung Ihres eigenen Tools abgeschlossen ist, kopieren Sie den exklusiven Code aus dem angezeigten Popup und bewahren Sie ihn f\u00fcr einen sp\u00e4teren Zeitpunkt auf.<\/li><li><b>Initiieren Sie die Verwendung des Tools auf Ihrer WooCommerce-Webseite Seite.<\/b><br>Betten Sie den k\u00fcrzlich kopierten Code in Ihre Seite ein und \u00fcbernehmen Sie die \u00c4nderungen.<\/li><li><b>Fertig! Die Einrichtung wurde erfolgreich abgeschlossen.<\/b><br>Gehen Sie auf Ihre Website, um die Leistung des Plugins in Aktion zu sehen.<\/li><\/ol><p>Vorbehaltlich der Konfrontation mit Fragen oder Problemen, Don Z\u00f6gern Sie nicht, unseren Support-Mitarbeitern zu schreiben. Unsere Berater helfen Ihnen gerne bei allen Fragen zum Plugin.<\/p><\/div>","protected":false},"excerpt":{"rendered":"","protected":false},"author":9,"featured_media":0,"parent":2321,"menu_order":0,"comment_status":"closed","ping_status":"closed","template":"templates\/template-application-platform.php","meta":{"publish_to_discourse":"","publish_post_category":"","wpdc_auto_publish_overridden":"","wpdc_topic_tags":"","wpdc_pin_topic":"","wpdc_pin_until":"","discourse_post_id":"","discourse_permalink":"","wpdc_publishing_response":"","wpdc_publishing_error":"","footnotes":""},"class_list":["post-9657","page","type-page","status-publish","hentry"],"yoast_head":"<!-- This site is optimized with the Yoast SEO plugin v25.3.1 - https:\/\/yoast.com\/wordpress\/plugins\/seo\/ -->\n<title>WooCommerce Podcast Player-Plugin f\u00fcr Ihre Website (2025)<\/title>\n<meta name=\"description\" content=\"Sie k\u00f6nnen das Podcast Player-Plugin jetzt personalisieren und direkt aus der Live-Demo in Ihre WooCommerce-Website integrieren.\" \/>\n<meta name=\"robots\" content=\"index, follow, max-snippet:-1, max-image-preview:large, max-video-preview:-1\" \/>\n<link rel=\"canonical\" href=\"https:\/\/elfsight.com\/de\/podcast-player-widget\/woocommerce\/\" \/>\n<meta property=\"og:locale\" content=\"de_DE\" \/>\n<meta property=\"og:type\" content=\"article\" \/>\n<meta property=\"og:title\" content=\"WooCommerce Podcast Player-Plugin f\u00fcr Ihre Website (2025)\" \/>\n<meta property=\"og:description\" content=\"Sie k\u00f6nnen das Podcast Player-Plugin jetzt personalisieren und direkt aus der Live-Demo in Ihre WooCommerce-Website integrieren.\" \/>\n<meta property=\"og:url\" content=\"https:\/\/elfsight.com\/de\/podcast-player-widget\/woocommerce\/\" \/>\n<meta property=\"og:site_name\" content=\"Elfsight DE\" \/>\n<meta property=\"article:modified_time\" content=\"2025-07-09T14:12:21+00:00\" \/>\n<meta name=\"twitter:card\" content=\"summary_large_image\" \/>\n<meta name=\"twitter:label1\" content=\"Gesch\u00e4tzte Lesezeit\" \/>\n\t<meta name=\"twitter:data1\" content=\"2\u00a0Minuten\" \/>\n<!-- \/ Yoast SEO plugin. -->","yoast_head_json":{"title":"WooCommerce Podcast Player-Plugin f\u00fcr Ihre Website (2025)","description":"Sie k\u00f6nnen das Podcast Player-Plugin jetzt personalisieren und direkt aus der Live-Demo in Ihre WooCommerce-Website integrieren.","robots":{"index":"index","follow":"follow","max-snippet":"max-snippet:-1","max-image-preview":"max-image-preview:large","max-video-preview":"max-video-preview:-1"},"canonical":"https:\/\/elfsight.com\/de\/podcast-player-widget\/woocommerce\/","og_locale":"de_DE","og_type":"article","og_title":"WooCommerce Podcast Player-Plugin f\u00fcr Ihre Website (2025)","og_description":"Sie k\u00f6nnen das Podcast Player-Plugin jetzt personalisieren und direkt aus der Live-Demo in Ihre WooCommerce-Website integrieren.","og_url":"https:\/\/elfsight.com\/de\/podcast-player-widget\/woocommerce\/","og_site_name":"Elfsight DE","article_modified_time":"2025-07-09T14:12:21+00:00","twitter_card":"summary_large_image","twitter_misc":{"Gesch\u00e4tzte Lesezeit":"2\u00a0Minuten"},"schema":{"@context":"https:\/\/schema.org","@graph":[{"@type":"WebPage","@id":"https:\/\/elfsight.com\/de\/podcast-player-widget\/woocommerce\/","url":"https:\/\/elfsight.com\/de\/podcast-player-widget\/woocommerce\/","name":"WooCommerce Podcast Player-Plugin f\u00fcr Ihre Website (2025)","isPartOf":{"@id":"https:\/\/elfsight.com\/de\/#website"},"datePublished":"1970-01-01T00:00:00+00:00","dateModified":"2025-07-09T14:12:21+00:00","description":"Sie k\u00f6nnen das Podcast Player-Plugin jetzt personalisieren und direkt aus der Live-Demo in Ihre WooCommerce-Website integrieren.","breadcrumb":{"@id":"https:\/\/elfsight.com\/de\/podcast-player-widget\/woocommerce\/#breadcrumb"},"inLanguage":"de","potentialAction":[{"@type":"ReadAction","target":["https:\/\/elfsight.com\/de\/podcast-player-widget\/woocommerce\/"]}]},{"@type":"BreadcrumbList","@id":"https:\/\/elfsight.com\/de\/podcast-player-widget\/woocommerce\/#breadcrumb","itemListElement":[{"@type":"ListItem","position":1,"name":"Home","item":"https:\/\/elfsight.com\/de\/"},{"@type":"ListItem","position":2,"name":"Podcast Player","item":"https:\/\/elfsight.com\/de\/podcast-player-widget\/"},{"@type":"ListItem","position":3,"name":"Podcast Player &#8211; WooCommerce"}]},{"@type":"WebSite","@id":"https:\/\/elfsight.com\/de\/#website","url":"https:\/\/elfsight.com\/de\/","name":"Elfsight DE","description":"Just another Elfsight Sites site","potentialAction":[{"@type":"SearchAction","target":{"@type":"EntryPoint","urlTemplate":"https:\/\/elfsight.com\/de\/?s={search_term_string}"},"query-input":{"@type":"PropertyValueSpecification","valueRequired":true,"valueName":"search_term_string"}}],"inLanguage":"de"}]}},"meta_box":{"industry":"","seo_heading":"","heading":"","description":"","cta_heading":"","cta_description":"","application":"508","h1":"WooCommerce Podcast Player-Plugin","h1_caption":"Integrieren Sie einen Podcast-Player direkt auf Ihrer Website, sodass Benutzer Ihre Episoden m\u00fchelos anh\u00f6ren k\u00f6nnen, ohne die Seite Ihrer WooCommerce-Website zu verlassen.","application_category":[],"applications_title":"","applications_request_title":"","applications_request_button_text":"","hero_text":"","hero_video":"","hero_video_schema_markup":"","selling_points_title":"","selling_points_caption":"","selling_points":[],"selling_points_cta_text":"","features_title":"","features":"","ed_cta_examples_text":"","ed_cta_examples_hidden":"","ed_cta_demo_text":"","ed_cta_demo_hidden":"","why_caption":"","why_editor_title":"","why_editor_text":"","why_team_title":"","why_team_text":"","why_service_title":"","why_service_text":"","template_catalog_visible":"","template_catalog_title":"","template_catalog_text":"","template_catalog_categories_visible":"","demo_title":"Erstellen Sie Ihre Podcast-Player-App","demo_caption":"Konfigurieren Sie Ihren Podcast-Player und f\u00fcgen Sie ihn kostenlos zu Ihrer WooCommerce-Website hinzu!","default_faq_hidden":"","app_template_category":[],"platform":"200","template_public_id":"","codecanyon_url":"","codecanyon_item_id":"","codecanyon_price":"","pricing_caption":"","pricing_elfsight_apps_hide_column":"","pricing_elfsight_apps_url":"","pricing_codecanyon_price_caption":"","integration_category":[],"integration_request_title":"","integration_request_cta":"","integration_platform":"","integrations":[],"platform_category":[],"video_schema_markup":"","price":"ab 0 $ \/ Monat","trial":"","benefits":[{"text":"Kostenlose Installationsunterst\u00fctzung"},{"text":"Premium-Support"},{"text":"14-t\u00e4gige R\u00fcckerstattungsgarantie"},{"text":"Lebenslange kostenlose Verbesserungen"}],"button_url":"#demo","button_target_blank":"","button_nofollow":"","attributes":[{"name":"Installiert","content":"10,000 - 100,000"},{"name":"Reaktionsfreudig","content":"Ja"},{"name":"Kompatible Browser","content":"Firefox, Safari, Opera, Chrome, Edge"}],"tags":[],"tags_disable_links":"","hide_more_platforms":"","video_object":"","demo_hide_cta":"","demo_hide_cloud_options":"","pricing_title":"","pricing":[{"pricing_icon":"platform","pricing_title":"Elfsight Apps","pricing_title_caption":"Multiplattform-L\u00f6sung, die f\u00fcr jede Website geeignet ist","pricing_price":"ab 0 $ \/ Monat","pricing_price_caption":"Beginnen Sie mit einem kostenlosen Plan","pricing_benefits":[{"text":"Unbegrenzte Websites"},{"text":"Engagierter Support und gut dokumentiert"},{"text":"Kostenloser Installationssupport"},{"text":"Sonderangebot f\u00fcr mehrere Apps"}],"pricing_button_text":"Zur Website hinzuf\u00fcgen","pricing_button_url":"#demo"}],"related_apps_title":"","related_apps_hidden":"","author":"","image":[],"title":"","job":"","social_networks":[]},"_links":{"self":[{"href":"https:\/\/elfsight.com\/de\/wp-json\/wp\/v2\/pages\/9657","targetHints":{"allow":["GET"]}}],"collection":[{"href":"https:\/\/elfsight.com\/de\/wp-json\/wp\/v2\/pages"}],"about":[{"href":"https:\/\/elfsight.com\/de\/wp-json\/wp\/v2\/types\/page"}],"author":[{"embeddable":true,"href":"https:\/\/elfsight.com\/de\/wp-json\/wp\/v2\/users\/9"}],"replies":[{"embeddable":true,"href":"https:\/\/elfsight.com\/de\/wp-json\/wp\/v2\/comments?post=9657"}],"version-history":[{"count":1,"href":"https:\/\/elfsight.com\/de\/wp-json\/wp\/v2\/pages\/9657\/revisions"}],"predecessor-version":[{"id":9661,"href":"https:\/\/elfsight.com\/de\/wp-json\/wp\/v2\/pages\/9657\/revisions\/9661"}],"up":[{"embeddable":true,"href":"https:\/\/elfsight.com\/de\/wp-json\/wp\/v2\/pages\/2321"}],"wp:attachment":[{"href":"https:\/\/elfsight.com\/de\/wp-json\/wp\/v2\/media?parent=9657"}],"curies":[{"name":"wp","href":"https:\/\/api.w.org\/{rel}","templated":true}]}}