{"id":9651,"date":"1970-01-01T00:00:00","date_gmt":"1970-01-01T00:00:00","guid":{"rendered":"https:\/\/elfsight.com\/de\/?page_id=9651"},"modified":"2025-02-14T12:59:51","modified_gmt":"2025-02-14T12:59:51","slug":"google-sites","status":"publish","type":"page","link":"https:\/\/elfsight.com\/de\/podcast-player-widget\/google-sites\/","title":{"rendered":"Podcast Player &#8211; Google Sites"},"content":{"rendered":"\n<div class=\"application-platform-content-item-description application-platform-content-item\" id=\"description\" data-nav-section=\"description\"> <h2>Podcast Player mit dem Elfsight-Widget in Google Sites einbetten<\/h2> <p>Elfsight Podcast Player ist ein einfaches Plugin f\u00fcr Google Sites, das dies erm\u00f6glicht Sie k\u00f6nnen Podcasts auf Ihrer Website streamen. Das Plugin ist bemerkenswert anpassbar: Sie k\u00f6nnen seine Position \u00e4ndern, es an einer beliebigen Stelle auf der Seite platzieren, seine Gr\u00f6\u00dfe skalieren, den Hintergrund und andere Teile \u00fcberarbeiten, um es mit dem Design Ihrer Website zu kombinieren, ein dunkles Thema verwenden, Bilder anzeigen und drei weitere anzeigen oder ausblenden Spielerdetails, zum Beispiel Fortschrittsbalken und andere. Begeistern Sie Ihre Benutzer, schalten Sie die automatische Wiedergabe ein und seien Sie sicher \u2013 Ihr Publikum wird Ihre Website nicht so schnell verlassen! <\/p> <p><b>Erfreuen Sie Ihre Besucher mit hilfreichen und unterhaltsamen Informationen mithilfe des Elfsight Podcast Players<\/b><\/p> <\/div> <div class=\"application-platform-content-item-features application-platform-content-item\" id=\"features\" data-nav-section=\"features\"> <h2>Das Widget hat praktische und einfache Funktionen, sehen Sie sich einige davon an: <\/h2> <ul><li>Verschiedene Farb\u00e4nderungen. <\/li><li>2 Layouts verf\u00fcgbar. <\/li><li>M\u00f6glichkeit, ein Hintergrundbild anzuh\u00e4ngen. <\/li><li>Adject unendlich viele Titel. <\/li><li>Eine Option zum Gestalten Ihres eigenen Farbschemas. <\/li><\/ul><p><a href=\"#demo\">Sie k\u00f6nnen jetzt die volle Funktionalit\u00e4t des Widgets in der Demo ausprobieren<\/a><\/p> <\/div> <div class=\"application-platform-content-item-\u201eInstallation\u201c application-platform-content-item\" id=\"\u201eInstallation\u201c\" data-nav-section=\"\u201eInstallation\u201c\"> <h2>Wie bette ich den Podcast Player in meine Google Sites-Webseite ein? <\/h2><div class=\"video-container\"><iframe width=\"560\" height=\"315\" src=\"https:\/\/www.youtube.com\/embed\/PvKTRwQMnjk?si=8A7v4k4pPDckVby2\" frameborder=\"0\" allow=\"accelerometer; autoplay; clipboard-write; encrypted-media; gyroscope; picture-in-picture; web-share\" allowfullscreen><\/iframe><\/div><p>Befolgen Sie einfach die folgenden Schritte, um das Tool hinzuzuf\u00fcgen. <\/p> <ol><li><b>Starten Sie unseren kostenlosen Editor und beginnen Sie mit der Gestaltung Ihres benutzerdefinierten Widgets. <\/b><br> W\u00e4hlen Sie die bevorzugte Form und Parameter des Widgets und speichern Sie die \u00c4nderungen. <\/li><li><b>Kopieren Sie Ihren individuellen Code, der in der speziellen Form auf Elfsight Apps erscheint. <\/b><br> Nachdem die Erstellung Ihres Widgets abgeschlossen ist, kopieren Sie den einzelnen Code im erscheinenden Fenster und speichern Sie ihn zur sp\u00e4teren Verwendung. <\/li> <li><b>Beginnen Sie mit der Verwendung des Widgets auf der Google Sites-Website. <\/b><br> Platzieren Sie den zuvor gespeicherten Code auf Ihrer Webseite und \u00fcbernehmen Sie die Anpassungen. <\/li> <li><b>Das Setup ist vollst\u00e4ndig beendet. <\/b><br> Besuchen Sie Ihre Website, um zu sehen, wie das Widget funktioniert. <\/li><\/ol> <div class=\"tip-yellow tip\"><b>Aufgrund der Besonderheiten der Google Sites-Funktion sieht das Widget m\u00f6glicherweise anders aus als die Online-Demo. Wir entschuldigen uns f\u00fcr etwaige Unannehmlichkeiten.<\/b><\/div><p>Falls Sie auf Hindernisse sto\u00dfen, schreiben Sie bitte an unser Kundendienstteam. Unsere Mitarbeiter helfen Ihnen gerne bei allen Schwierigkeiten, die Sie mit dem Widget haben k\u00f6nnten.<\/p> <div class=\"faq\" data-component=\"FAQ\"><div class=\"faq-item\">\r\n\t\t\t\t\t<div class=\"faq-item-question\">\r\n\t\t\t\t\t\t<h3 class=\"faq-item-question-text\">Wie kann ich ohne Programmierkenntnisse ein Podcast-Player-Widget in meine Google Sites-Seite einbetten?<\/h3>\r\n\r\n\t\t\t\t\t\t<div class=\"faq-item-question-icon\"><\/div>\r\n\t\t\t\t\t<\/div>\r\n\r\n\t\t\t\t\t<div class=\"faq-item-answer\">\r\n\t\t\t\t\t\t<div class=\"faq-item-answer-text\"> <p>Elfsight bietet eine cloudbasierte L\u00f6sung, mit der Benutzer ein Podcast-Player-Widget in ihre Google Sites-Seite integrieren k\u00f6nnen. Entdecken Sie, wie einfach der Vorgang ist:<\/p><ul><li>Greifen Sie auf den Online-Editor zu, um einen Podcast zu erstellen Player-Widget-Bereich, den Sie Ihrer Google Sites-Seite hinzuf\u00fcgen m\u00f6chten.<\/li><li>W\u00e4hlen Sie eine unserer vorgefertigten Vorlagen aus und passen Sie die Einstellungen des Podcast Player-Widgets an, passen Sie das Layout und das Farbschema an und f\u00fcgen Sie Ihre Inhalte ohne ein Notwendigkeit der Codierung.<\/li><li>Speichern Sie die Einstellungen, die Sie f\u00fcr das Podcast-Player-Widget konfiguriert haben, und erhalten Sie den Code des Widgets zum Einf\u00fcgen, der m\u00fchelos und ohne Kosten in Ihre Google Sites-Seite eingef\u00fcgt werden kann.<\/li><\/ul><p>Durch die Arbeit mit dem benutzerfreundlichen Editor kann jeder Internetnutzer einen Podcast-Player-Widget-Bereich hinzuf\u00fcgen und ihn in seine Google Sites-Seite einbetten. F\u00fcr den Zugriff auf den Elfsight-Editor ist weder eine Zahlung noch die Offenlegung Ihrer Karteninformationen erforderlich. Wenn Sie irgendwann auf Herausforderungen sto\u00dfen, z\u00f6gern Sie nicht, unseren Kundensupport zu kontaktieren.<\/p><\/div>\r\n\t\t\t\t\t<\/div>\r\n\t\t\t\t<\/div><\/div><\/div>\n","protected":false},"excerpt":{"rendered":"","protected":false},"author":9,"featured_media":0,"parent":2321,"menu_order":0,"comment_status":"closed","ping_status":"closed","template":"templates\/template-application-platform.php","meta":{"publish_to_discourse":"","publish_post_category":"","wpdc_auto_publish_overridden":"","wpdc_topic_tags":"","wpdc_pin_topic":"","wpdc_pin_until":"","discourse_post_id":"","discourse_permalink":"","wpdc_publishing_response":"","wpdc_publishing_error":"","footnotes":""},"class_list":["post-9651","page","type-page","status-publish","hentry"],"yoast_head":"<!-- This site is optimized with the Yoast SEO plugin v25.3.1 - https:\/\/yoast.com\/wordpress\/plugins\/seo\/ -->\n<title>Podcast-Player \u2013 Podcast-Player-Widget zu Google Sites hinzuf\u00fcgen (2026)<\/title>\n<meta name=\"description\" content=\"Nutzen Sie unsere praktische Demo und implementieren Sie einen responsiven Podcast-Player auf Ihrer Google Sites-Webseite. Nutzen Sie unsere Demo und gestalten Sie Ihr individuelles Plugin!\" \/>\n<meta name=\"robots\" content=\"index, follow, max-snippet:-1, max-image-preview:large, max-video-preview:-1\" \/>\n<link rel=\"canonical\" href=\"https:\/\/elfsight.com\/de\/podcast-player-widget\/google-sites\/\" \/>\n<meta property=\"og:locale\" content=\"de_DE\" \/>\n<meta property=\"og:type\" content=\"article\" \/>\n<meta property=\"og:title\" content=\"Podcast-Player \u2013 Podcast-Player-Widget zu Google Sites hinzuf\u00fcgen (2026)\" \/>\n<meta property=\"og:description\" content=\"Nutzen Sie unsere praktische Demo und implementieren Sie einen responsiven Podcast-Player auf Ihrer Google Sites-Webseite. Nutzen Sie unsere Demo und gestalten Sie Ihr individuelles Plugin!\" \/>\n<meta property=\"og:url\" content=\"https:\/\/elfsight.com\/de\/podcast-player-widget\/google-sites\/\" \/>\n<meta property=\"og:site_name\" content=\"Elfsight DE\" \/>\n<meta property=\"article:modified_time\" content=\"2025-02-14T12:59:51+00:00\" \/>\n<meta name=\"twitter:card\" content=\"summary_large_image\" \/>\n<meta name=\"twitter:label1\" content=\"Gesch\u00e4tzte Lesezeit\" \/>\n\t<meta name=\"twitter:data1\" content=\"3\u00a0Minuten\" \/>\n<!-- \/ Yoast SEO plugin. -->","yoast_head_json":{"title":"Podcast-Player \u2013 Podcast-Player-Widget zu Google Sites hinzuf\u00fcgen (2026)","description":"Nutzen Sie unsere praktische Demo und implementieren Sie einen responsiven Podcast-Player auf Ihrer Google Sites-Webseite. Nutzen Sie unsere Demo und gestalten Sie Ihr individuelles Plugin!","robots":{"index":"index","follow":"follow","max-snippet":"max-snippet:-1","max-image-preview":"max-image-preview:large","max-video-preview":"max-video-preview:-1"},"canonical":"https:\/\/elfsight.com\/de\/podcast-player-widget\/google-sites\/","og_locale":"de_DE","og_type":"article","og_title":"Podcast-Player \u2013 Podcast-Player-Widget zu Google Sites hinzuf\u00fcgen (2026)","og_description":"Nutzen Sie unsere praktische Demo und implementieren Sie einen responsiven Podcast-Player auf Ihrer Google Sites-Webseite. Nutzen Sie unsere Demo und gestalten Sie Ihr individuelles Plugin!","og_url":"https:\/\/elfsight.com\/de\/podcast-player-widget\/google-sites\/","og_site_name":"Elfsight DE","article_modified_time":"2025-02-14T12:59:51+00:00","twitter_card":"summary_large_image","twitter_misc":{"Gesch\u00e4tzte Lesezeit":"3\u00a0Minuten"},"schema":{"@context":"https:\/\/schema.org","@graph":[{"@type":"WebPage","@id":"https:\/\/elfsight.com\/de\/podcast-player-widget\/google-sites\/","url":"https:\/\/elfsight.com\/de\/podcast-player-widget\/google-sites\/","name":"Podcast-Player \u2013 Podcast-Player-Widget zu Google Sites hinzuf\u00fcgen (2026)","isPartOf":{"@id":"https:\/\/elfsight.com\/de\/#website"},"datePublished":"1970-01-01T00:00:00+00:00","dateModified":"2025-02-14T12:59:51+00:00","description":"Nutzen Sie unsere praktische Demo und implementieren Sie einen responsiven Podcast-Player auf Ihrer Google Sites-Webseite. Nutzen Sie unsere Demo und gestalten Sie Ihr individuelles Plugin!","breadcrumb":{"@id":"https:\/\/elfsight.com\/de\/podcast-player-widget\/google-sites\/#breadcrumb"},"inLanguage":"de","potentialAction":[{"@type":"ReadAction","target":["https:\/\/elfsight.com\/de\/podcast-player-widget\/google-sites\/"]}]},{"@type":"BreadcrumbList","@id":"https:\/\/elfsight.com\/de\/podcast-player-widget\/google-sites\/#breadcrumb","itemListElement":[{"@type":"ListItem","position":1,"name":"Home","item":"https:\/\/elfsight.com\/de\/"},{"@type":"ListItem","position":2,"name":"Podcast Player","item":"https:\/\/elfsight.com\/de\/podcast-player-widget\/"},{"@type":"ListItem","position":3,"name":"Podcast Player &#8211; Google Sites"}]},{"@type":"WebSite","@id":"https:\/\/elfsight.com\/de\/#website","url":"https:\/\/elfsight.com\/de\/","name":"Elfsight DE","description":"Just another Elfsight Sites site","potentialAction":[{"@type":"SearchAction","target":{"@type":"EntryPoint","urlTemplate":"https:\/\/elfsight.com\/de\/?s={search_term_string}"},"query-input":{"@type":"PropertyValueSpecification","valueRequired":true,"valueName":"search_term_string"}}],"inLanguage":"de"}]}},"meta_box":{"industry":"","seo_heading":"","heading":"","description":"","cta_heading":"","cta_description":"","application":"508","h1":"Google Sites Podcast Player-Widget","h1_caption":"Betten Sie einen Podcast-Player direkt auf Ihrer Website ein, damit Nutzer Ihre Episoden m\u00fchelos in Ihren Google Sites anh\u00f6ren k\u00f6nnen, ohne die Seite zu verlassen.","application_category":[],"applications_title":"","applications_request_title":"","applications_request_button_text":"","hero_text":"","hero_video":"","hero_video_schema_markup":"","selling_points_title":"","selling_points_caption":"","selling_points":[],"selling_points_cta_text":"","features_title":"","features":"","ed_cta_examples_text":"","ed_cta_examples_hidden":"","ed_cta_demo_text":"","ed_cta_demo_hidden":"","why_caption":"","why_editor_title":"","why_editor_text":"","why_team_title":"","why_team_text":"","why_service_title":"","why_service_text":"","template_catalog_visible":"0","template_catalog_title":"","template_catalog_text":"","template_catalog_categories_visible":"","demo_title":"Erstellen Sie Ihr Podcast-Player-Widget","demo_caption":"Konfigurieren Sie Ihren Podcast-Player und f\u00fcgen Sie ihn kostenlos zu Ihrer Google Sites-Website hinzu!","default_faq_hidden":"","app_template_category":[],"platform":"3000","template_public_id":"","codecanyon_url":"","codecanyon_item_id":"","codecanyon_price":"","pricing_caption":"","pricing_elfsight_apps_hide_column":"","pricing_elfsight_apps_url":"","pricing_codecanyon_price_caption":"","integration_category":[],"integration_request_title":"","integration_request_cta":"","integration_platform":"","integrations":[],"platform_category":[],"video_schema_markup":"","price":"ab 0 $ \/ Monat","trial":"","benefits":[{"text":"Kostenlose Installationshilfe"},{"text":"Kompetenter Kundenservice"},{"text":"14-t\u00e4gige R\u00fcckerstattungsgarantie"},{"text":"Regelm\u00e4\u00dfige kostenlose Updates"}],"button_url":"#demo","button_target_blank":"0","button_nofollow":"0","attributes":[{"name":"Installiert","content":"10,000 - 100,000"},{"name":"Reaktionsfreudig","content":"Adaptives Design"},{"name":"Kompatible Browser","content":"Firefox, Edge, Safari, Chrome, Opera"}],"tags":[],"tags_disable_links":"0","hide_more_platforms":"0","video_object":"","demo_hide_cta":"0","demo_hide_cloud_options":"0","pricing_title":"","pricing":[{"pricing_icon":"platform","pricing_title":"Elfsight Apps","pricing_title_caption":"Plattformunabh\u00e4ngige digitale L\u00f6sung, die f\u00fcr jede Website geeignet ist","pricing_price":"ab 0 $ \/ Monat","pricing_price_caption":"Beginnen Sie mit einem kostenlosen Plan","pricing_benefits":[{"text":"Unbegrenzte Domains"},{"text":"Kostenloser und p\u00fcnktlicher Support"},{"text":"Kostenlose Installationsunterst\u00fctzung"},{"text":"Sonderpreis f\u00fcr mehrere Apps"}],"pricing_button_text":"Zur Website hinzuf\u00fcgen","pricing_button_url":"#demo"}],"related_apps_title":"","related_apps_hidden":"0","author":"","image":[],"title":"","job":"","social_networks":[]},"_links":{"self":[{"href":"https:\/\/elfsight.com\/de\/wp-json\/wp\/v2\/pages\/9651","targetHints":{"allow":["GET"]}}],"collection":[{"href":"https:\/\/elfsight.com\/de\/wp-json\/wp\/v2\/pages"}],"about":[{"href":"https:\/\/elfsight.com\/de\/wp-json\/wp\/v2\/types\/page"}],"author":[{"embeddable":true,"href":"https:\/\/elfsight.com\/de\/wp-json\/wp\/v2\/users\/9"}],"replies":[{"embeddable":true,"href":"https:\/\/elfsight.com\/de\/wp-json\/wp\/v2\/comments?post=9651"}],"version-history":[{"count":3,"href":"https:\/\/elfsight.com\/de\/wp-json\/wp\/v2\/pages\/9651\/revisions"}],"predecessor-version":[{"id":24201,"href":"https:\/\/elfsight.com\/de\/wp-json\/wp\/v2\/pages\/9651\/revisions\/24201"}],"up":[{"embeddable":true,"href":"https:\/\/elfsight.com\/de\/wp-json\/wp\/v2\/pages\/2321"}],"wp:attachment":[{"href":"https:\/\/elfsight.com\/de\/wp-json\/wp\/v2\/media?parent=9651"}],"curies":[{"name":"wp","href":"https:\/\/api.w.org\/{rel}","templated":true}]}}