{"id":9650,"date":"1970-01-01T00:00:00","date_gmt":"1970-01-01T00:00:00","guid":{"rendered":"https:\/\/elfsight.com\/de\/?page_id=9650"},"modified":"2025-07-09T14:11:23","modified_gmt":"2025-07-09T14:11:23","slug":"godaddy","status":"publish","type":"page","link":"https:\/\/elfsight.com\/de\/podcast-player-widget\/godaddy\/","title":{"rendered":"Podcast Player &#8211; GoDaddy"},"content":{"rendered":"<div class=\"application-platform-content-item-description application-platform-content-item\" id=\"description\" data-nav-section=\"description\"> <h2>Podcast Player mit dem Elfsight-Widget in GoDaddy einbetten<\/h2> <p>Elfsight Podcast Player ist ein einfaches Tool, mit dem Sie Podcasts direkt wiedergeben k\u00f6nnen auf Ihrer Website. Das Plugin ist umfassend anpassbar: Sie k\u00f6nnen seine Position \u00e4ndern, es an einer beliebigen Stelle auf der Seite einf\u00fcgen, seine Gr\u00f6\u00dfe \u00e4ndern, den Hintergrund und andere Teile neu einf\u00e4rben, um es mit dem Design Ihrer Website zu kombinieren, ein dunkles Thema anwenden, Cover zeigen und andere anzeigen Verbergen Sie drei weitere Spielerdetails, zum Beispiel den Fortschrittsbalken und vieles mehr. Unterhalten Sie Ihre Benutzer, schalten Sie die Autoplay-Option ein und z\u00f6gern Sie nicht \u2013 Ihre Besucher werden Ihre Website nicht sofort verlassen! <\/p> <p><b>Beziehen Sie Ihr Publikum ein, indem Sie ihm mit dem Elfsight Podcast Player hilfreiche und unterhaltsame Materialien zur Verf\u00fcgung stellen<\/b><\/p> <\/div> <div class=\"application-platform-content-item-features application-platform-content-item\" id=\"features\" data-nav-section=\"features\"> <h2>Unten sind Grundlegende Funktionen des Plugins: <\/h2> <ul><li>Verschiedene Farb\u00e4nderungen. <\/li><li>Zwei Layouts verf\u00fcgbar. <\/li><li>Eine Option zum Anh\u00e4ngen eines Hintergrundbilds. <\/li><li>Unendlich viele Titel. <\/li><li>Eine M\u00f6glichkeit, Ihr pers\u00f6nliches Farbschema zu gestalten. <\/li><\/ul><p><a href=\"#demo\">Entdecken Sie alle Personalisierungsfunktionen in der voll ausgestatteten Demo<\/a><\/p> <\/div> <div class=\"application-platform-content-item-installation application-platform-content-item\" id=\"installation\" data-nav-section=\"installation\"> <h2>Wie f\u00fcge ich den Podcast Player zu meiner GoDaddy-Website hinzu? <\/h2> <p>F\u00fchren Sie einfach die folgenden Schritte aus, um das Plugin einzubetten. <\/p> <ol><li><b>Nutzen Sie unsere kostenlose Demo und beginnen Sie mit der Erstellung Ihres individuellen Plugins. <\/b><br> Geben Sie die bevorzugte Form und die Funktionsmerkmale des Werkzeugs an und wenden Sie die \u00c4nderungen an. <\/li> <li><b>Erhalten Sie Ihren pers\u00f6nlichen Code, der in der Witwe von Elfsight Apps angezeigt wird. <\/b><br> Nachdem die Konfiguration Ihres Tools abgeschlossen ist, kopieren Sie den exklusiven Code aus dem erscheinenden Fenster und speichern Sie ihn f\u00fcr zuk\u00fcnftige Gelegenheiten. <\/li> <li><b>Initiieren Sie die Nutzung des Plugins auf der GoDaddy-Webseite. <\/b><br> F\u00fcgen Sie den Code, den Sie k\u00fcrzlich gespeichert haben, in Ihre Webseite ein und wenden Sie die Korrekturen an. <\/li> <li><b>Du bist fertig! Die Integration ist vollst\u00e4ndig durchgef\u00fchrt. <\/b><br> Besuchen Sie Ihre Website, um zu \u00fcberpr\u00fcfen, wie das Plugin funktioniert. <\/li><\/ol> <p>Wenn Sie Fragen haben oder auf Hindernisse sto\u00dfen, wenden Sie sich bitte an unser Kundendienstteam. Unsere Mitarbeiter helfen Ihnen gerne bei allen Fragen, die Sie zum Tool haben. <\/p><div class=\"faq\" data-component=\"FAQ\"><div class=\"faq-item\">\r\n\t\t\t\t\t<div class=\"faq-item-question\">\r\n\t\t\t\t\t\t<h3 class=\"faq-item-question-text\">Wie kann ich das GoDaddy Podcast Player-Plugin ohne Programmierkenntnisse in meine Website einbetten?<\/h3>\r\n\r\n\t\t\t\t\t\t<div class=\"faq-item-question-icon\"><\/div>\r\n\t\t\t\t\t<\/div>\r\n\r\n\t\t\t\t\t<div class=\"faq-item-answer\">\r\n\t\t\t\t\t\t<div class=\"faq-item-answer-text\"><p>Elfsight bietet eine cloudbasierte L\u00f6sung, die es Benutzern erm\u00f6glicht, ein GoDaddy Podcast Player-Plugin zu erstellen selbst. Erleben Sie, wie einfach der Prozess sein kann:<\/p><ul><li>Greifen Sie auf den Online-Editor zu, um einen GoDaddy Podcast Player-Plugin-Bereich zu erstellen, den Sie in Ihre Website integrieren m\u00f6chten.<\/li><li>W\u00e4hlen Sie einen davon aus Nutzen Sie unsere vorgefertigten Vorlagen und passen Sie die Einstellungen des GoDaddy Podcast Player-Plugins an, \u00e4ndern Sie das Layout und das Farbschema und f\u00fcgen Sie Ihre Inhalte ein, ohne dass eine Codierung erforderlich ist.<\/li><li>Behalten Sie die Einstellungen bei, die Sie f\u00fcr das GoDaddy Podcast Player-Plugin konfiguriert haben und erhalten Sie den Code zum Einbetten, der m\u00fchelos und kostenlos in Ihre Website integriert werden kann.<\/li><\/ul><p>Durch die Arbeit im benutzerfreundlichen Editor kann jeder Internetnutzer einen GoDaddy Podcast Player-Plugin-Bereich erstellen und betten es in ihre Website ein. F\u00fcr den Zugriff auf den Elfsight-Editor ist keine Zahlung oder Offenlegung Ihrer Karteninformationen erforderlich. Sollten Sie zu irgendeinem Zeitpunkt auf Schwierigkeiten sto\u00dfen, wenden Sie sich bitte an unseren Kundensupport.<\/p><\/div>\r\n\t\t\t\t\t<\/div>\r\n\t\t\t\t<\/div><\/div> <\/div>","protected":false},"excerpt":{"rendered":"","protected":false},"author":9,"featured_media":0,"parent":2321,"menu_order":0,"comment_status":"closed","ping_status":"closed","template":"templates\/template-application-platform.php","meta":{"publish_to_discourse":"","publish_post_category":"","wpdc_auto_publish_overridden":"","wpdc_topic_tags":"","wpdc_pin_topic":"","wpdc_pin_until":"","discourse_post_id":"","discourse_permalink":"","wpdc_publishing_response":"","wpdc_publishing_error":"","footnotes":""},"class_list":["post-9650","page","type-page","status-publish","hentry"],"yoast_head":"<!-- This site is optimized with the Yoast SEO plugin v25.3.1 - https:\/\/yoast.com\/wordpress\/plugins\/seo\/ -->\n<title>Podcast-Player-Plugin \u2013 F\u00fcgen Sie das Podcast-Player-Plugin zur GoDaddy-Website hinzu!<\/title>\n<meta name=\"description\" content=\"Wenden Sie unsere \u00fcberschaubare Demo an und betten Sie mit wenigen Klicks ein responsives Podcast-Player-Plugin auf Ihrer GoDaddy-Webseite ein!\" \/>\n<meta name=\"robots\" content=\"index, follow, max-snippet:-1, max-image-preview:large, max-video-preview:-1\" \/>\n<link rel=\"canonical\" href=\"https:\/\/elfsight.com\/de\/podcast-player-widget\/godaddy\/\" \/>\n<meta property=\"og:locale\" content=\"de_DE\" \/>\n<meta property=\"og:type\" content=\"article\" \/>\n<meta property=\"og:title\" content=\"Podcast-Player-Plugin \u2013 F\u00fcgen Sie das Podcast-Player-Plugin zur GoDaddy-Website hinzu!\" \/>\n<meta property=\"og:description\" content=\"Wenden Sie unsere \u00fcberschaubare Demo an und betten Sie mit wenigen Klicks ein responsives Podcast-Player-Plugin auf Ihrer GoDaddy-Webseite ein!\" \/>\n<meta property=\"og:url\" content=\"https:\/\/elfsight.com\/de\/podcast-player-widget\/godaddy\/\" \/>\n<meta property=\"og:site_name\" content=\"Elfsight DE\" \/>\n<meta property=\"article:modified_time\" content=\"2025-07-09T14:11:23+00:00\" \/>\n<meta name=\"twitter:card\" content=\"summary_large_image\" \/>\n<meta name=\"twitter:label1\" content=\"Gesch\u00e4tzte Lesezeit\" \/>\n\t<meta name=\"twitter:data1\" content=\"3\u00a0Minuten\" \/>\n<!-- \/ Yoast SEO plugin. -->","yoast_head_json":{"title":"Podcast-Player-Plugin \u2013 F\u00fcgen Sie das Podcast-Player-Plugin zur GoDaddy-Website hinzu!","description":"Wenden Sie unsere \u00fcberschaubare Demo an und betten Sie mit wenigen Klicks ein responsives Podcast-Player-Plugin auf Ihrer GoDaddy-Webseite ein!","robots":{"index":"index","follow":"follow","max-snippet":"max-snippet:-1","max-image-preview":"max-image-preview:large","max-video-preview":"max-video-preview:-1"},"canonical":"https:\/\/elfsight.com\/de\/podcast-player-widget\/godaddy\/","og_locale":"de_DE","og_type":"article","og_title":"Podcast-Player-Plugin \u2013 F\u00fcgen Sie das Podcast-Player-Plugin zur GoDaddy-Website hinzu!","og_description":"Wenden Sie unsere \u00fcberschaubare Demo an und betten Sie mit wenigen Klicks ein responsives Podcast-Player-Plugin auf Ihrer GoDaddy-Webseite ein!","og_url":"https:\/\/elfsight.com\/de\/podcast-player-widget\/godaddy\/","og_site_name":"Elfsight DE","article_modified_time":"2025-07-09T14:11:23+00:00","twitter_card":"summary_large_image","twitter_misc":{"Gesch\u00e4tzte Lesezeit":"3\u00a0Minuten"},"schema":{"@context":"https:\/\/schema.org","@graph":[{"@type":"WebPage","@id":"https:\/\/elfsight.com\/de\/podcast-player-widget\/godaddy\/","url":"https:\/\/elfsight.com\/de\/podcast-player-widget\/godaddy\/","name":"Podcast-Player-Plugin \u2013 F\u00fcgen Sie das Podcast-Player-Plugin zur GoDaddy-Website hinzu!","isPartOf":{"@id":"https:\/\/elfsight.com\/de\/#website"},"datePublished":"1970-01-01T00:00:00+00:00","dateModified":"2025-07-09T14:11:23+00:00","description":"Wenden Sie unsere \u00fcberschaubare Demo an und betten Sie mit wenigen Klicks ein responsives Podcast-Player-Plugin auf Ihrer GoDaddy-Webseite ein!","breadcrumb":{"@id":"https:\/\/elfsight.com\/de\/podcast-player-widget\/godaddy\/#breadcrumb"},"inLanguage":"de","potentialAction":[{"@type":"ReadAction","target":["https:\/\/elfsight.com\/de\/podcast-player-widget\/godaddy\/"]}]},{"@type":"BreadcrumbList","@id":"https:\/\/elfsight.com\/de\/podcast-player-widget\/godaddy\/#breadcrumb","itemListElement":[{"@type":"ListItem","position":1,"name":"Home","item":"https:\/\/elfsight.com\/de\/"},{"@type":"ListItem","position":2,"name":"Podcast Player","item":"https:\/\/elfsight.com\/de\/podcast-player-widget\/"},{"@type":"ListItem","position":3,"name":"Podcast Player &#8211; GoDaddy"}]},{"@type":"WebSite","@id":"https:\/\/elfsight.com\/de\/#website","url":"https:\/\/elfsight.com\/de\/","name":"Elfsight DE","description":"Just another Elfsight Sites site","potentialAction":[{"@type":"SearchAction","target":{"@type":"EntryPoint","urlTemplate":"https:\/\/elfsight.com\/de\/?s={search_term_string}"},"query-input":{"@type":"PropertyValueSpecification","valueRequired":true,"valueName":"search_term_string"}}],"inLanguage":"de"}]}},"meta_box":{"industry":"","seo_heading":"","heading":"","description":"","cta_heading":"","cta_description":"","application":"508","h1":"GoDaddy Podcast Player-Plugin","h1_caption":"Betten Sie einen Podcast-Player direkt auf Ihrer Website ein, sodass Benutzer Ihre Episoden m\u00fchelos anh\u00f6ren k\u00f6nnen, ohne die Seite auf Ihrer GoDaddy-Website zu verlassen.","application_category":[],"applications_title":"","applications_request_title":"","applications_request_button_text":"","hero_text":"","hero_video":"","hero_video_schema_markup":"","selling_points_title":"","selling_points_caption":"","selling_points":[],"selling_points_cta_text":"","features_title":"","features":"","ed_cta_examples_text":"","ed_cta_examples_hidden":"","ed_cta_demo_text":"","ed_cta_demo_hidden":"","why_caption":"","why_editor_title":"","why_editor_text":"","why_team_title":"","why_team_text":"","why_service_title":"","why_service_text":"","template_catalog_visible":"","template_catalog_title":"","template_catalog_text":"","template_catalog_categories_visible":"","demo_title":"Erstellen Sie Ihr Podcast-Player-Plugin","demo_caption":"Konfigurieren Sie Ihren Podcast-Player und f\u00fcgen Sie ihn kostenlos zu Ihrer GoDaddy-Website hinzu!","default_faq_hidden":"","app_template_category":[],"platform":"241","template_public_id":"","codecanyon_url":"","codecanyon_item_id":"","codecanyon_price":"","pricing_caption":"","pricing_elfsight_apps_hide_column":"","pricing_elfsight_apps_url":"","pricing_codecanyon_price_caption":"","integration_category":[],"integration_request_title":"","integration_request_cta":"","integration_platform":"","integrations":[],"platform_category":[],"video_schema_markup":"","price":"ab 0 $ \/ Monat","trial":"","benefits":[{"text":"Kostenlose Installationshilfe"},{"text":"Erfahrener Kundensupport"},{"text":"14-t\u00e4gige Geld-zur\u00fcck-Garantie"},{"text":"St\u00e4ndige Aktualisierung"}],"button_url":"#demo","button_target_blank":"","button_nofollow":"","attributes":[{"name":"Installiert","content":"10,000 - 100,000"},{"name":"Reaktionsfreudig","content":"Ja"},{"name":"Kompatible Browser","content":"IE11, Firefox, Safari, Opera, Chrome, Edge"}],"tags":[],"tags_disable_links":"","hide_more_platforms":"","video_object":"","demo_hide_cta":"","demo_hide_cloud_options":"","pricing_title":"","pricing":[{"pricing_icon":"platform","pricing_title":"Elfsight Apps","pricing_title_caption":"Multiplattform-L\u00f6sung, die f\u00fcr jeden Standort geeignet ist","pricing_price":"ab 0 $ \/ Monat","pricing_price_caption":"Beginnen Sie mit einem kostenlosen Plan","pricing_benefits":[{"text":"Unbegrenzte Domains"},{"text":"Kostenloser Support"},{"text":"Kostenloser Installationssupport"},{"text":"100 % anpassbar"}],"pricing_button_text":"Zur Website hinzuf\u00fcgen","pricing_button_url":"#demo"}],"related_apps_title":"","related_apps_hidden":"","author":"","image":[],"title":"","job":"","social_networks":[]},"_links":{"self":[{"href":"https:\/\/elfsight.com\/de\/wp-json\/wp\/v2\/pages\/9650","targetHints":{"allow":["GET"]}}],"collection":[{"href":"https:\/\/elfsight.com\/de\/wp-json\/wp\/v2\/pages"}],"about":[{"href":"https:\/\/elfsight.com\/de\/wp-json\/wp\/v2\/types\/page"}],"author":[{"embeddable":true,"href":"https:\/\/elfsight.com\/de\/wp-json\/wp\/v2\/users\/9"}],"replies":[{"embeddable":true,"href":"https:\/\/elfsight.com\/de\/wp-json\/wp\/v2\/comments?post=9650"}],"version-history":[{"count":1,"href":"https:\/\/elfsight.com\/de\/wp-json\/wp\/v2\/pages\/9650\/revisions"}],"predecessor-version":[{"id":9654,"href":"https:\/\/elfsight.com\/de\/wp-json\/wp\/v2\/pages\/9650\/revisions\/9654"}],"up":[{"embeddable":true,"href":"https:\/\/elfsight.com\/de\/wp-json\/wp\/v2\/pages\/2321"}],"wp:attachment":[{"href":"https:\/\/elfsight.com\/de\/wp-json\/wp\/v2\/media?parent=9650"}],"curies":[{"name":"wp","href":"https:\/\/api.w.org\/{rel}","templated":true}]}}