{"id":9644,"date":"1970-01-01T00:00:00","date_gmt":"1970-01-01T00:00:00","guid":{"rendered":"https:\/\/elfsight.com\/de\/?page_id=9644"},"modified":"2025-07-09T14:11:34","modified_gmt":"2025-07-09T14:11:34","slug":"jimdo","status":"publish","type":"page","link":"https:\/\/elfsight.com\/de\/podcast-player-widget\/jimdo\/","title":{"rendered":"Podcast Player &#8211; Jimdo"},"content":{"rendered":"<div class=\"application-platform-content-item-description application-platform-content-item\" id=\"description\" data-nav-section=\"description\"> <h2>Beschreibung<\/h2> <p>Elfsight Podcast Player ist ein einfaches Widget, mit dem Sie Audiotitel auf Ihrer Webseite streamen k\u00f6nnen. Das Tool ist \u00e4u\u00dferst ver\u00e4nderbar: Sie k\u00f6nnen seine Position \u00e4ndern, es an einer beliebigen Stelle auf der Seite einbetten, seine Gr\u00f6\u00dfe \u00e4ndern, den Hintergrund und andere Elemente neu einf\u00e4rben, um es mit dem Layout Ihrer Website zu mischen, ein dunkles Farbschema anwenden, Cover anzeigen und drei andere anzeigen oder verbergen Player-Komponenten wie Fortschrittsbalken und vieles mehr. Laden Sie so viele Titel hoch, wie Sie m\u00f6chten, um Ihre Besucher anzusprechen, schalten Sie die Autoplay-Option ein und stellen Sie sicher, dass Ihre Benutzer Ihre Website nicht so schnell verlassen! <\/p><p><b>Verwenden Sie den Podcast Player, um Ihre E-Commerce-Ziele schneller zu erreichen! <\/b><\/p> <\/div> <div class=\"application-platform-content-item-features application-platform-content-item\" id=\"features\" data-nav-section=\"features\"> <h2>Die grundlegenden Widget-Funktionen enthalten<\/h2> <ul><li>Zwei Layouts verf\u00fcgbar<\/li><li>M\u00f6glichkeit zu Hintergrundbild hinzuf\u00fcgen<\/li><li>Unbegrenzte Anzahl von Dateien hinzuf\u00fcgen<\/li><li>Eine M\u00f6glichkeit, Ihr individuelles Farbschema zu erstellen<\/li><li>Eine unbegrenzte Anzahl von Stationen hinzuf\u00fcgen<\/li><\/ul><p><a href=\"#demo\">Sie k\u00f6nnen sehen, was das Widget bietet, indem Sie die Demo ausprobieren<\/a><\/p> <\/div> <div class=\"application-platform-content-item-installation application-platform-content-item\" id=\"installation\" data-nav-section=\"installation\"> <h2>So f\u00fcgen Sie es hinzu Podcast-Player zu meiner Jimdo-Website hinzuf\u00fcgen? <\/h2> <p>Befolgen Sie einfach die folgenden Schritte, um das Tool zu integrieren. <\/p> <ol><li><b>\u00d6ffnen Sie unsere kostenlose Demo und beginnen Sie mit der Gestaltung Ihres einzigartigen Widgets. <\/b><br> Geben Sie die bevorzugten Design- und Funktionsmerkmale des Widgets an und wenden Sie die Korrekturen an. <\/li> <li><b>Erhalten Sie den individuellen Code, der in der Box auf Elfsight Apps angezeigt wird. <\/b><br> Wenn die Einrichtung Ihres pers\u00f6nlichen Widgets abgeschlossen ist, kopieren Sie den individuellen Code im erscheinenden Fenster und speichern Sie ihn zur weiteren Verwendung. <\/li> <li><b>Initiieren Sie die Nutzung des Widgets auf Ihrer Jimdo-Webseite. <\/b><br> Geben Sie den zuvor kopierten Code in Ihre Webseite ein und wenden Sie die Verbesserungen an. <\/li> <li><b>Die Installation wurde erfolgreich abgeschlossen. <\/b><br> Besuchen Sie Ihre Website, um in Aktion zu sehen, wie das Widget ausgef\u00fchrt wird. <\/li><\/ol> <p>Wenn Sie Fragen haben oder auf Schwierigkeiten sto\u00dfen, z\u00f6gern Sie nicht, sich an unser Support-Team zu wenden. Unsere Spezialisten helfen Ihnen gerne bei allen Schwierigkeiten, die Sie mit dem Tool haben. <\/p> <\/div>","protected":false},"excerpt":{"rendered":"","protected":false},"author":9,"featured_media":0,"parent":2321,"menu_order":0,"comment_status":"closed","ping_status":"closed","template":"templates\/template-application-platform.php","meta":{"publish_to_discourse":"","publish_post_category":"","wpdc_auto_publish_overridden":"","wpdc_topic_tags":"","wpdc_pin_topic":"","wpdc_pin_until":"","discourse_post_id":"","discourse_permalink":"","wpdc_publishing_response":"","wpdc_publishing_error":"","footnotes":""},"class_list":["post-9644","page","type-page","status-publish","hentry"],"yoast_head":"<!-- This site is optimized with the Yoast SEO plugin v25.3.1 - https:\/\/yoast.com\/wordpress\/plugins\/seo\/ -->\n<title>Elfsight Podcast Player f\u00fcr die Jimdo-Website (kostenlos und einfach)<\/title>\n<meta name=\"description\" content=\"Beginnen Sie mit der Nutzung unserer barrierefreien Demo und betten Sie einen Podcast-Player auf Ihrer Jimdo-Website ein. Integrieren Sie unsere Demo und erstellen Sie m\u00fchelos Ihr Widget!\" \/>\n<meta name=\"robots\" content=\"index, follow, max-snippet:-1, max-image-preview:large, max-video-preview:-1\" \/>\n<link rel=\"canonical\" href=\"https:\/\/elfsight.com\/de\/podcast-player-widget\/jimdo\/\" \/>\n<meta property=\"og:locale\" content=\"de_DE\" \/>\n<meta property=\"og:type\" content=\"article\" \/>\n<meta property=\"og:title\" content=\"Elfsight Podcast Player f\u00fcr die Jimdo-Website (kostenlos und einfach)\" \/>\n<meta property=\"og:description\" content=\"Beginnen Sie mit der Nutzung unserer barrierefreien Demo und betten Sie einen Podcast-Player auf Ihrer Jimdo-Website ein. Integrieren Sie unsere Demo und erstellen Sie m\u00fchelos Ihr Widget!\" \/>\n<meta property=\"og:url\" content=\"https:\/\/elfsight.com\/de\/podcast-player-widget\/jimdo\/\" \/>\n<meta property=\"og:site_name\" content=\"Elfsight DE\" \/>\n<meta property=\"article:modified_time\" content=\"2025-07-09T14:11:34+00:00\" \/>\n<meta name=\"twitter:card\" content=\"summary_large_image\" \/>\n<meta name=\"twitter:label1\" content=\"Gesch\u00e4tzte Lesezeit\" \/>\n\t<meta name=\"twitter:data1\" content=\"2\u00a0Minuten\" \/>\n<!-- \/ Yoast SEO plugin. -->","yoast_head_json":{"title":"Elfsight Podcast Player f\u00fcr die Jimdo-Website (kostenlos und einfach)","description":"Beginnen Sie mit der Nutzung unserer barrierefreien Demo und betten Sie einen Podcast-Player auf Ihrer Jimdo-Website ein. Integrieren Sie unsere Demo und erstellen Sie m\u00fchelos Ihr Widget!","robots":{"index":"index","follow":"follow","max-snippet":"max-snippet:-1","max-image-preview":"max-image-preview:large","max-video-preview":"max-video-preview:-1"},"canonical":"https:\/\/elfsight.com\/de\/podcast-player-widget\/jimdo\/","og_locale":"de_DE","og_type":"article","og_title":"Elfsight Podcast Player f\u00fcr die Jimdo-Website (kostenlos und einfach)","og_description":"Beginnen Sie mit der Nutzung unserer barrierefreien Demo und betten Sie einen Podcast-Player auf Ihrer Jimdo-Website ein. Integrieren Sie unsere Demo und erstellen Sie m\u00fchelos Ihr Widget!","og_url":"https:\/\/elfsight.com\/de\/podcast-player-widget\/jimdo\/","og_site_name":"Elfsight DE","article_modified_time":"2025-07-09T14:11:34+00:00","twitter_card":"summary_large_image","twitter_misc":{"Gesch\u00e4tzte Lesezeit":"2\u00a0Minuten"},"schema":{"@context":"https:\/\/schema.org","@graph":[{"@type":"WebPage","@id":"https:\/\/elfsight.com\/de\/podcast-player-widget\/jimdo\/","url":"https:\/\/elfsight.com\/de\/podcast-player-widget\/jimdo\/","name":"Elfsight Podcast Player f\u00fcr die Jimdo-Website (kostenlos und einfach)","isPartOf":{"@id":"https:\/\/elfsight.com\/de\/#website"},"datePublished":"1970-01-01T00:00:00+00:00","dateModified":"2025-07-09T14:11:34+00:00","description":"Beginnen Sie mit der Nutzung unserer barrierefreien Demo und betten Sie einen Podcast-Player auf Ihrer Jimdo-Website ein. Integrieren Sie unsere Demo und erstellen Sie m\u00fchelos Ihr Widget!","breadcrumb":{"@id":"https:\/\/elfsight.com\/de\/podcast-player-widget\/jimdo\/#breadcrumb"},"inLanguage":"de","potentialAction":[{"@type":"ReadAction","target":["https:\/\/elfsight.com\/de\/podcast-player-widget\/jimdo\/"]}]},{"@type":"BreadcrumbList","@id":"https:\/\/elfsight.com\/de\/podcast-player-widget\/jimdo\/#breadcrumb","itemListElement":[{"@type":"ListItem","position":1,"name":"Home","item":"https:\/\/elfsight.com\/de\/"},{"@type":"ListItem","position":2,"name":"Podcast Player","item":"https:\/\/elfsight.com\/de\/podcast-player-widget\/"},{"@type":"ListItem","position":3,"name":"Podcast Player &#8211; Jimdo"}]},{"@type":"WebSite","@id":"https:\/\/elfsight.com\/de\/#website","url":"https:\/\/elfsight.com\/de\/","name":"Elfsight DE","description":"Just another Elfsight Sites site","potentialAction":[{"@type":"SearchAction","target":{"@type":"EntryPoint","urlTemplate":"https:\/\/elfsight.com\/de\/?s={search_term_string}"},"query-input":{"@type":"PropertyValueSpecification","valueRequired":true,"valueName":"search_term_string"}}],"inLanguage":"de"}]}},"meta_box":{"industry":"","seo_heading":"","heading":"","description":"","cta_heading":"","cta_description":"","application":"508","h1":"Jimdo Podcast Player-Widget","h1_caption":"Integrieren Sie einen Podcast-Player direkt auf Ihrer Website, sodass Benutzer Ihre Episoden m\u00fchelos auf Ihrer Jimdo-Website anh\u00f6ren k\u00f6nnen, ohne die Seite zu verlassen.","application_category":[],"applications_title":"","applications_request_title":"","applications_request_button_text":"","hero_text":"","hero_video":"","hero_video_schema_markup":"","selling_points_title":"","selling_points_caption":"","selling_points":[],"selling_points_cta_text":"","features_title":"","features":"","ed_cta_examples_text":"","ed_cta_examples_hidden":"","ed_cta_demo_text":"","ed_cta_demo_hidden":"","why_caption":"","why_editor_title":"","why_editor_text":"","why_team_title":"","why_team_text":"","why_service_title":"","why_service_text":"","template_catalog_visible":"","template_catalog_title":"","template_catalog_text":"","template_catalog_categories_visible":"","demo_title":"Erstellen Sie Ihr Podcast-Player-Widget","demo_caption":"Konfigurieren Sie Ihren Podcast-Player und f\u00fcgen Sie ihn kostenlos zu Ihrer Jimdo-Website hinzu!","default_faq_hidden":"","app_template_category":[],"platform":"239","template_public_id":"","codecanyon_url":"","codecanyon_item_id":"","codecanyon_price":"","pricing_caption":"","pricing_elfsight_apps_hide_column":"","pricing_elfsight_apps_url":"","pricing_codecanyon_price_caption":"","integration_category":[],"integration_request_title":"","integration_request_cta":"","integration_platform":"","integrations":[],"platform_category":[],"video_schema_markup":"","price":"ab 0 $ \/ Monat","trial":"","benefits":[{"text":"Kostenloser Installationsservice"},{"text":"Effektiver Kundenservice"},{"text":"14-t\u00e4gige Geld-zur\u00fcck-Garantie"},{"text":"St\u00e4ndige Aktualisierung"}],"button_url":"#demo","button_target_blank":"","button_nofollow":"","attributes":[{"name":"Installiert","content":"10,000 - 100,000"},{"name":"Reaktionsfreudig","content":"Ja"},{"name":"Kompatible Browser","content":"Firefox, Safari, Opera, Chrome, Edge"}],"tags":[],"tags_disable_links":"","hide_more_platforms":"","video_object":"","demo_hide_cta":"","demo_hide_cloud_options":"","pricing_title":"","pricing":[{"pricing_icon":"platform","pricing_title":"Elfsight Apps","pricing_title_caption":"Plattformunabh\u00e4ngige Software","pricing_price":"ab 0 $ \/ Monat","pricing_price_caption":"Beginnen Sie mit einem kostenlosen Plan","pricing_benefits":[{"text":"Unbegrenzte Websites"},{"text":"Premium-Kundensupport"},{"text":"Kostenlose Installationsunterst\u00fctzung"},{"text":"100 % anpassbar"}],"pricing_button_text":"Zur Website hinzuf\u00fcgen","pricing_button_url":"#demo"}],"related_apps_title":"","related_apps_hidden":"","author":"","image":[],"title":"","job":"","social_networks":[]},"_links":{"self":[{"href":"https:\/\/elfsight.com\/de\/wp-json\/wp\/v2\/pages\/9644","targetHints":{"allow":["GET"]}}],"collection":[{"href":"https:\/\/elfsight.com\/de\/wp-json\/wp\/v2\/pages"}],"about":[{"href":"https:\/\/elfsight.com\/de\/wp-json\/wp\/v2\/types\/page"}],"author":[{"embeddable":true,"href":"https:\/\/elfsight.com\/de\/wp-json\/wp\/v2\/users\/9"}],"replies":[{"embeddable":true,"href":"https:\/\/elfsight.com\/de\/wp-json\/wp\/v2\/comments?post=9644"}],"version-history":[{"count":1,"href":"https:\/\/elfsight.com\/de\/wp-json\/wp\/v2\/pages\/9644\/revisions"}],"predecessor-version":[{"id":9648,"href":"https:\/\/elfsight.com\/de\/wp-json\/wp\/v2\/pages\/9644\/revisions\/9648"}],"up":[{"embeddable":true,"href":"https:\/\/elfsight.com\/de\/wp-json\/wp\/v2\/pages\/2321"}],"wp:attachment":[{"href":"https:\/\/elfsight.com\/de\/wp-json\/wp\/v2\/media?parent=9644"}],"curies":[{"name":"wp","href":"https:\/\/api.w.org\/{rel}","templated":true}]}}