{"id":9642,"date":"1970-01-01T00:00:00","date_gmt":"1970-01-01T00:00:00","guid":{"rendered":"https:\/\/elfsight.com\/de\/?page_id=9642"},"modified":"2025-02-12T12:44:35","modified_gmt":"2025-02-12T12:44:35","slug":"wix","status":"publish","type":"page","link":"https:\/\/elfsight.com\/de\/pinterest-feed-widget\/wix\/","title":{"rendered":"Pinterest Feed &#8211; Wix"},"content":{"rendered":"\n<div class=\"application-platform-content-item-description application-platform-content-item\" id=\"description\" data-nav-section=\"description\"><h2>Beschreibung<\/h2><p>Mit der Pinterest-App von Elfsight k\u00f6nnen Sie erstaunliche Bilder von Pinterest in Ihre Website einf\u00fcgen. Mit dem Elfsight-Tool k\u00f6nnen Sie ausgew\u00e4hlte Pins, Pinnw\u00e4nde und Ihr gesamtes Profil auf der Website einbetten. Begeistern Sie Ihre Kunden mit sorgf\u00e4ltig ausgew\u00e4hlten Bildern oder Thementafeln und gestalten Sie Ihre eigenen, originellen Kollektionen. Erweitern Sie die Reichweite Ihrer Bilder, st\u00e4rken Sie das Engagement auf der Website und gewinnen Sie in der Zwischenzeit neue Follower f\u00fcr Ihr Pinterest-Profil.<\/p><p><b>Ver\u00f6ffentlichen Sie Ihr Profil, f\u00fcgen Sie Pinnw\u00e4nde hinzu und w\u00e4hlen Sie Pins aus, um die attraktivsten visuellen Materialien zu erhalten auf Ihrer Website!<\/b><\/p><ul><li><b>Steigern Sie das Nutzerengagement auf Ihrer Website<\/b><br> Sorgf\u00e4ltig ausgew\u00e4hlte Inhalte auf Ihrer Website erregen die gr\u00f6\u00dftm\u00f6gliche Aufmerksamkeit der Nutzer und binden zuk\u00fcnftige Kunden engagiert.<\/li><li><b>Erh\u00f6hen Sie die soziale Reichweite Ihres Profils<\/b><br> Bieten Sie denjenigen, die nicht auf Pinterest sind, die M\u00f6glichkeit, Ihre faszinierenden Inhalte zu erkunden und sie auf der Website anzuzeigen.<\/li><li><b>Mehr attraktive Inhalte auf Ihrer Website<\/b><br> Mit den Ihnen zur Verf\u00fcgung stehenden Pins und Pinnw\u00e4nden k\u00f6nnen Sie die besten visuellen Inhalte f\u00fcr Ihre Website ausw\u00e4hlen, um Ihre Besucher zu begeistern.<\/li><\/ul><\/div><div class=\"faq\" data-component=\"FAQ\"><div class=\"faq-item\">\r\n\t\t\t\t\t<div class=\"faq-item-question\">\r\n\t\t\t\t\t\t<h3 class=\"faq-item-question-text\">Wie bette ich einen Pinterest-Feed bei Wix ein?<\/h3>\r\n\r\n\t\t\t\t\t\t<div class=\"faq-item-question-icon\"><\/div>\r\n\t\t\t\t\t<\/div>\r\n\r\n\t\t\t\t\t<div class=\"faq-item-answer\">\r\n\t\t\t\t\t\t<div class=\"faq-item-answer-text\"><p>Der Aufbau des Widgets wird innerhalb des Elfsight-Dienstes durchgef\u00fchrt und Sie m\u00fcssen nicht programmieren. \u00d6ffnen Sie unsere Live-Demo, um Ihr Tool zu erstellen, den Code abzurufen und ihn in Ihre Website einzubetten. <\/p><\/div>\r\n\t\t\t\t\t<\/div>\r\n\t\t\t\t<\/div><div class=\"faq-item\">\r\n\t\t\t\t\t<div class=\"faq-item-question\">\r\n\t\t\t\t\t\t<h3 class=\"faq-item-question-text\">Wie erhalte ich die Pinterest-Pins-Galerie oder das Pinterest-Portfolio \u00fcber Ihre Apps?<\/h3>\r\n\r\n\t\t\t\t\t\t<div class=\"faq-item-question-icon\"><\/div>\r\n\t\t\t\t\t<\/div>\r\n\r\n\t\t\t\t\t<div class=\"faq-item-answer\">\r\n\t\t\t\t\t\t<div class=\"faq-item-answer-text\"><p>Eine Vielzahl von Vorlagen ist verf\u00fcgbar: Raster, Galerie, Feed, List, Mauerwerk und viele andere sowie flexible Gestaltungsm\u00f6glichkeiten zur Anpassung an Ihre Gegebenheiten. Sie k\u00f6nnen gerne fast jedes Werkzeug bauen, das Ihnen fehlt. <\/p><\/div>\r\n\t\t\t\t\t<\/div>\r\n\t\t\t\t<\/div><div class=\"faq-item\">\r\n\t\t\t\t\t<div class=\"faq-item-question\">\r\n\t\t\t\t\t\t<h3 class=\"faq-item-question-text\">Warum funktioniert\/aktualisiert mein Pinterest-Feed von Wix nicht?<\/h3>\r\n\r\n\t\t\t\t\t\t<div class=\"faq-item-question-icon\"><\/div>\r\n\t\t\t\t\t<\/div>\r\n\r\n\t\t\t\t\t<div class=\"faq-item-answer\">\r\n\t\t\t\t\t\t<div class=\"faq-item-answer-text\"><p>Sobald Sie Probleme mit den Pinterest-Widgets haben, wenden Sie sich an den Kunden Support-team. Der Support-Service ist f\u00fcr alle Elfsight-Kunden absolut kostenlos. <\/p><\/div>\r\n\t\t\t\t\t<\/div>\r\n\t\t\t\t<\/div><\/div><div class=\"application-platform-content-item-features application-platform-content-item\" id=\"features\" data-nav-section=\"features\"><h2>Funktionen<\/h2><p>Welche Eigenschaften machen die Elfsight-App zur besten f\u00fcr jede Website von Wix? Sehen Sie sich diese hier an:<\/p><ul><li>Pins und Pinnw\u00e4nde per URL hinzuf\u00fcgen;<\/li><li>Der Smart Colorizer w\u00e4hlt automatisch die am besten geeigneten Farben f\u00fcr die Benutzeroberfl\u00e4che aus.<\/li><li>Folgen-Schaltfl\u00e4che in der Kopfzeile f\u00fcr nahtloses Verfolgen Ihres Kontos;<\/li><li>Mobil reaktionsf\u00e4hig in jeder Gr\u00f6\u00dfe und Proportion.<\/li><\/ul><p><a href=\"#demo\">Studieren Sie eine vollst\u00e4ndige Liste von Funktionen in der Demo!<\/a><\/p><\/div><div class=\"application-platform-content-item-installation application-platform-content-item\" id=\"installation\" data-nav-section=\"installation\"><h2>So f\u00fcgen Sie Pinterest-Feed zur Website von Wix hinzu<\/h2><div class=\"video-container\"><iframe width=\"560\" height=\"315\" src=\"https:\/\/www.youtube.com\/embed\/72wPamStev0?si=q7MMmvAkd9h_qWd2\" frameborder=\"0\" allow=\"accelerometer; autoplay; clipboard-write; encrypted-media; gyroscope; picture-in-picture; web-share\" allowfullscreen><\/iframe><\/div><p>Kurzanleitung f\u00fcr Erstellen Sie das Widget auf Wix selbst. Der Vorgang dauert weniger als 70 Sekunden und es sind keine Programmierkenntnisse erforderlich.<\/p><ol><li><b>F\u00fcgen Sie das Widget auf dem Wix-Marktplatz hinzu<\/b><br> \u00d6ffnen Sie die Seite mit Pinterest App und klicken Sie auf die Schaltfl\u00e4che \u201eZur Website hinzuf\u00fcgen\u201c.<\/li><li><b>Zeigen Sie das Widget auf der Website an<\/b><br> Klicken Sie in der Popup-Benachrichtigung auf \u201eEditor \u00f6ffnen\u201c und betten Sie das Widget ein die gew\u00fcnschte Seite.<\/li><li><b>Passen Sie Ihr Pinterest an<\/b><br> Legen Sie die erforderlichen Parameter des Designs fest und f\u00fcgen Sie Bildquellen zur Demonstration hinzu. \u00dcbernehmen Sie alle \u00c4nderungen.<\/li><li><b>Fertig!<\/b><br> Besuchen Sie die Website, um Ihre Ergebnisse anzuzeigen!<\/li><\/ol><p>Sind Sie dabei auf Probleme gesto\u00dfen? Ihre App einrichten oder anpassen? Wenden Sie sich mit einer vollst\u00e4ndigen Beschreibung der Schwierigkeiten an den Kundendienst von Elfsight. Wir werden unser Bestes tun, um Ihnen zu helfen.<\/p><\/div>\n","protected":false},"excerpt":{"rendered":"","protected":false},"author":9,"featured_media":0,"parent":2209,"menu_order":0,"comment_status":"closed","ping_status":"closed","template":"templates\/template-application-platform.php","meta":{"publish_to_discourse":"","publish_post_category":"","wpdc_auto_publish_overridden":"","wpdc_topic_tags":"","wpdc_pin_topic":"","wpdc_pin_until":"","discourse_post_id":"","discourse_permalink":"","wpdc_publishing_response":"","wpdc_publishing_error":"","footnotes":""},"class_list":["post-9642","page","type-page","status-publish","hentry"],"yoast_head":"<!-- This site is optimized with the Yoast SEO plugin v25.3.1 - https:\/\/yoast.com\/wordpress\/plugins\/seo\/ -->\n<title>Pinterest-Feed \u2013 Pinterest-App zur Website von Wix hinzuf\u00fcgen (2025)<\/title>\n<meta name=\"description\" content=\"Erstellen Sie jetzt Ihre beste Pinterest-Feed-App f\u00fcr die Website von Wix! Entwerfen Sie Ihr Widget auf Elfsight in nur 3 Minuten und ohne Entwicklungskenntnisse.\" \/>\n<meta name=\"robots\" content=\"index, follow, max-snippet:-1, max-image-preview:large, max-video-preview:-1\" \/>\n<link rel=\"canonical\" href=\"https:\/\/elfsight.com\/de\/pinterest-feed-widget\/wix\/\" \/>\n<meta property=\"og:locale\" content=\"de_DE\" \/>\n<meta property=\"og:type\" content=\"article\" \/>\n<meta property=\"og:title\" content=\"Pinterest-Feed \u2013 Pinterest-App zur Website von Wix hinzuf\u00fcgen (2025)\" \/>\n<meta property=\"og:description\" content=\"Erstellen Sie jetzt Ihre beste Pinterest-Feed-App f\u00fcr die Website von Wix! Entwerfen Sie Ihr Widget auf Elfsight in nur 3 Minuten und ohne Entwicklungskenntnisse.\" \/>\n<meta property=\"og:url\" content=\"https:\/\/elfsight.com\/de\/pinterest-feed-widget\/wix\/\" \/>\n<meta property=\"og:site_name\" content=\"Elfsight DE\" \/>\n<meta property=\"article:modified_time\" content=\"2025-02-12T12:44:35+00:00\" \/>\n<meta name=\"twitter:card\" content=\"summary_large_image\" \/>\n<meta name=\"twitter:label1\" content=\"Gesch\u00e4tzte Lesezeit\" \/>\n\t<meta name=\"twitter:data1\" content=\"3\u00a0Minuten\" \/>\n<!-- \/ Yoast SEO plugin. -->","yoast_head_json":{"title":"Pinterest-Feed \u2013 Pinterest-App zur Website von Wix hinzuf\u00fcgen (2025)","description":"Erstellen Sie jetzt Ihre beste Pinterest-Feed-App f\u00fcr die Website von Wix! Entwerfen Sie Ihr Widget auf Elfsight in nur 3 Minuten und ohne Entwicklungskenntnisse.","robots":{"index":"index","follow":"follow","max-snippet":"max-snippet:-1","max-image-preview":"max-image-preview:large","max-video-preview":"max-video-preview:-1"},"canonical":"https:\/\/elfsight.com\/de\/pinterest-feed-widget\/wix\/","og_locale":"de_DE","og_type":"article","og_title":"Pinterest-Feed \u2013 Pinterest-App zur Website von Wix hinzuf\u00fcgen (2025)","og_description":"Erstellen Sie jetzt Ihre beste Pinterest-Feed-App f\u00fcr die Website von Wix! Entwerfen Sie Ihr Widget auf Elfsight in nur 3 Minuten und ohne Entwicklungskenntnisse.","og_url":"https:\/\/elfsight.com\/de\/pinterest-feed-widget\/wix\/","og_site_name":"Elfsight DE","article_modified_time":"2025-02-12T12:44:35+00:00","twitter_card":"summary_large_image","twitter_misc":{"Gesch\u00e4tzte Lesezeit":"3\u00a0Minuten"},"schema":{"@context":"https:\/\/schema.org","@graph":[{"@type":"WebPage","@id":"https:\/\/elfsight.com\/de\/pinterest-feed-widget\/wix\/","url":"https:\/\/elfsight.com\/de\/pinterest-feed-widget\/wix\/","name":"Pinterest-Feed \u2013 Pinterest-App zur Website von Wix hinzuf\u00fcgen (2025)","isPartOf":{"@id":"https:\/\/elfsight.com\/de\/#website"},"datePublished":"1970-01-01T00:00:00+00:00","dateModified":"2025-02-12T12:44:35+00:00","description":"Erstellen Sie jetzt Ihre beste Pinterest-Feed-App f\u00fcr die Website von Wix! Entwerfen Sie Ihr Widget auf Elfsight in nur 3 Minuten und ohne Entwicklungskenntnisse.","breadcrumb":{"@id":"https:\/\/elfsight.com\/de\/pinterest-feed-widget\/wix\/#breadcrumb"},"inLanguage":"de","potentialAction":[{"@type":"ReadAction","target":["https:\/\/elfsight.com\/de\/pinterest-feed-widget\/wix\/"]}]},{"@type":"BreadcrumbList","@id":"https:\/\/elfsight.com\/de\/pinterest-feed-widget\/wix\/#breadcrumb","itemListElement":[{"@type":"ListItem","position":1,"name":"Home","item":"https:\/\/elfsight.com\/de\/"},{"@type":"ListItem","position":2,"name":"Pinterest Feed","item":"https:\/\/elfsight.com\/de\/pinterest-feed-widget\/"},{"@type":"ListItem","position":3,"name":"Pinterest Feed &#8211; Wix"}]},{"@type":"WebSite","@id":"https:\/\/elfsight.com\/de\/#website","url":"https:\/\/elfsight.com\/de\/","name":"Elfsight DE","description":"Just another Elfsight Sites site","potentialAction":[{"@type":"SearchAction","target":{"@type":"EntryPoint","urlTemplate":"https:\/\/elfsight.com\/de\/?s={search_term_string}"},"query-input":{"@type":"PropertyValueSpecification","valueRequired":true,"valueName":"search_term_string"}}],"inLanguage":"de"}]}},"meta_box":{"industry":"","seo_heading":"","heading":"","description":"","cta_heading":"","cta_description":"","application":"477","h1":"Wix Pinterest Feed-App","h1_caption":"Betten Sie einen Feed mit Pins aus Ihrem Pinterest-Konto ein, um m\u00fchelos dynamische und optisch ansprechende Inhalte auf Ihrer Wix-Website anzuzeigen.","application_category":[],"applications_title":"","applications_request_title":"","applications_request_button_text":"","hero_text":"","hero_video":"","hero_video_schema_markup":"","selling_points_title":"","selling_points_caption":"","selling_points":[],"selling_points_cta_text":"","features_title":"","features":"","ed_cta_examples_text":"","ed_cta_examples_hidden":"","ed_cta_demo_text":"","ed_cta_demo_hidden":"","why_caption":"","why_editor_title":"","why_editor_text":"","why_team_title":"","why_team_text":"","why_service_title":"","why_service_text":"","template_catalog_visible":"0","template_catalog_title":"","template_catalog_text":"","template_catalog_categories_visible":"","demo_title":"Erstellen Sie Ihre Pinterest-Feed-App","demo_caption":"Konfigurieren Sie Ihren Pinterest-Feed und f\u00fcgen Sie ihn kostenlos zu Ihrer Wix-Website hinzu!","default_faq_hidden":"","app_template_category":[],"platform":"265","template_public_id":"","codecanyon_url":"","codecanyon_item_id":"","codecanyon_price":"","pricing_caption":"","pricing_elfsight_apps_hide_column":"","pricing_elfsight_apps_url":"","pricing_codecanyon_price_caption":"","integration_category":[],"integration_request_title":"","integration_request_cta":"","integration_platform":"","integrations":[],"platform_category":[],"video_schema_markup":"","price":"ab 0 $ \/ Monat","trial":"","benefits":[{"text":"Kostenloser Installationsservice"},{"text":"Effektiver Kundenservice"},{"text":"14-t\u00e4gige Geld-zur\u00fcck-Garantie"},{"text":"Lebenslange kostenlose Verbesserungen"}],"button_url":"#demo","button_target_blank":"0","button_nofollow":"0","attributes":[{"name":"Installiert","content":"10,000 - 100,000"},{"name":"Reaktionsfreudig","content":"Ja"},{"name":"Kompatible Browser","content":"Opera, Edge, Safari, Firefox, Chrome"}],"tags":[],"tags_disable_links":"0","hide_more_platforms":"0","video_object":"","demo_hide_cta":"0","demo_hide_cloud_options":"0","pricing_title":"","pricing":[{"pricing_icon":"platform","pricing_title":"Elfsight Apps","pricing_title_caption":"Plattform\u00fcbergreifende digitale L\u00f6sung, die auf jeder Website funktioniert","pricing_price":"ab 0 $ \/ Monat","pricing_price_caption":"Beginnen Sie mit einem kostenlosen Plan","pricing_benefits":[{"text":"Unbegrenzte Anzahl an Websites"},{"text":"Schnelle Unterst\u00fctzung"},{"text":"Kostenlose Installationsunterst\u00fctzung"},{"text":"Sonderangebot f\u00fcr mehrere Apps"}],"pricing_button_text":"Zur Website hinzuf\u00fcgen","pricing_button_url":"#demo"}],"related_apps_title":"","related_apps_hidden":"0","author":"","image":[],"title":"","job":"","social_networks":[]},"_links":{"self":[{"href":"https:\/\/elfsight.com\/de\/wp-json\/wp\/v2\/pages\/9642","targetHints":{"allow":["GET"]}}],"collection":[{"href":"https:\/\/elfsight.com\/de\/wp-json\/wp\/v2\/pages"}],"about":[{"href":"https:\/\/elfsight.com\/de\/wp-json\/wp\/v2\/types\/page"}],"author":[{"embeddable":true,"href":"https:\/\/elfsight.com\/de\/wp-json\/wp\/v2\/users\/9"}],"replies":[{"embeddable":true,"href":"https:\/\/elfsight.com\/de\/wp-json\/wp\/v2\/comments?post=9642"}],"version-history":[{"count":3,"href":"https:\/\/elfsight.com\/de\/wp-json\/wp\/v2\/pages\/9642\/revisions"}],"predecessor-version":[{"id":24011,"href":"https:\/\/elfsight.com\/de\/wp-json\/wp\/v2\/pages\/9642\/revisions\/24011"}],"up":[{"embeddable":true,"href":"https:\/\/elfsight.com\/de\/wp-json\/wp\/v2\/pages\/2209"}],"wp:attachment":[{"href":"https:\/\/elfsight.com\/de\/wp-json\/wp\/v2\/media?parent=9642"}],"curies":[{"name":"wp","href":"https:\/\/api.w.org\/{rel}","templated":true}]}}