{"id":9641,"date":"1970-01-01T00:00:00","date_gmt":"1970-01-01T00:00:00","guid":{"rendered":"https:\/\/elfsight.com\/de\/?page_id=9641"},"modified":"2025-02-12T12:42:54","modified_gmt":"2025-02-12T12:42:54","slug":"weebly","status":"publish","type":"page","link":"https:\/\/elfsight.com\/de\/pinterest-feed-widget\/weebly\/","title":{"rendered":"Pinterest Feed &#8211; Weebly"},"content":{"rendered":"\n<div class=\"application-platform-content-item-description application-platform-content-item\" id=\"description\" data-nav-section=\"description\"><h2>Beschreibung<\/h2><p>Mit Pinterest Feed von Elfsight k\u00f6nnen Sie schnell die besten Bilder von Pinterest in Ihre Website einbinden. Mit dem Elfsight-Widget k\u00f6nnen Sie beliebige Pins, Pinnw\u00e4nde und Ihr vollst\u00e4ndiges Profil in die Website einf\u00fcgen. Begeistern Sie Ihre zuk\u00fcnftigen Kunden mit sorgf\u00e4ltig ausgew\u00e4hlten Inhalten und Thementafeln und gestalten Sie Ihre eigenen, einzigartig gestalteten Sets. Erweitern Sie die Verbreitung Ihrer Bilder, steigern Sie das Engagement auf der Website und gewinnen Sie gleichzeitig mehr Abonnenten f\u00fcr Ihr Pinterest-Konto.<\/p><p><b> F\u00fcgen Sie Ihrer Website sofort und ohne Aufwand Fotos von Pinterest hinzu.<\/b><\/p><ul><li><b>St\u00e4rken Sie das Besucherengagement auf Ihrer Website<\/b><br> Sorgf\u00e4ltig ausgew\u00e4hlte Fotos auf Ihrer Website erregen die gr\u00f6\u00dftm\u00f6gliche Aufmerksamkeit der Benutzer und halten die Leute bei der Stange.<\/li><li><b>Erweitern Sie die soziale Reichweite Ihrer Pinterest-Bilder.<\/b><br> Geben Sie denjenigen, die nicht auf Pinterest sind, die Chance, Ihre ausgew\u00e4hlten Inhalte zu sehen und auf der Website anzuzeigen.<\/li><li><b>Wachstum die Anzahl der Verk\u00e4ufe mit attraktiven Bildern<\/b><br> W\u00e4hlen Sie die verlockendsten Bilder Ihrer Artikel aus; Zeigen Sie die neuesten Trends und inspirierende Bilder an, um Benutzer zum Kauf zu bewegen.<\/li><\/ul><\/div><div class=\"application-platform-content-item-features application-platform-content-item\" id=\"features\" data-nav-section=\"features\"><h2>Funktionen<\/h2><p>Hier sind die Funktionen, die das Elfsight-Widget in ein Muss f\u00fcr die Weebly-Website verwandeln:<\/p><ul><li>Kontotitel, Follower und Anzahl der Follower anzeigen.<\/li><li>22 beliebte Sprachen verf\u00fcgbar;<\/li> <li>Kopfzeile anzeigen oder ausblenden;<\/li><li>Boards und Anzahl der Pins anzeigen oder ausblenden;<\/li><\/ul><p><a href=\"#demo\">Alle Eigenschaften kennenlernen im Panel<\/a><\/p><\/div><div class=\"application-platform-content-item-installation application-platform-content-item\" id=\"installation\" data-nav-section=\"installation\"><h2>So f\u00fcgen Sie Pinterest-Feed zur Weebly-Website hinzu<\/h2><div class=\"video-container\"><iframe width=\"560\" height=\"315\" src=\"https:\/\/www.youtube.com\/embed\/6cqfFuxtNP8?si=QDc6FQJp4wlJJnu7\" frameborder=\"0\" allow=\"accelerometer; autoplay; clipboard-write; encrypted-media; gyroscope; picture-in-picture; web-share\" allowfullscreen><\/iframe><\/div><p>Eine einfache Tutorial zum Hinzuf\u00fcgen eines Widgets auf einer Webseite ohne Kenntnisse in der Entwicklung. Die Installation dauert insgesamt etwa 2 Minuten.<\/p><ol><li><b>F\u00fchren Sie unseren kostenlosen Editor aus und beginnen Sie mit der Erstellung Ihrer individuellen App. <\/b><br> Finden Sie das gew\u00fcnschte Design und die gew\u00fcnschten Parameter der App und speichern Sie alle \u00c4nderungen. <\/li> <li><b>Sie erhalten Ihren individuellen Code in der Box von Elfsight Apps. <\/b><br> Wenn die Einrichtung Ihrer pers\u00f6nlichen App abgeschlossen ist, kopieren Sie den individuellen Code aus dem angezeigten Feld und speichern Sie ihn f\u00fcr eine sp\u00e4tere Gelegenheit. <\/li> <li><b>Initiieren Sie die Nutzung der App auf der Weebly-Webseite. <\/b><br> Betten Sie den zuvor gespeicherten Code in Ihre Website ein und \u00fcbernehmen Sie die \u00c4nderungen. <\/li> <li><b>Fertig! Die Integration ist erfolgreich abgeschlossen. <\/b><br> Besuchen Sie Ihre Webseite, um einen Blick auf die Funktionsweise der App zu werfen. <\/li><\/ol><p>Haben Sie Probleme beim Einrichten oder Anpassen der App? Hinterlassen Sie eine Anfrage in unserem Support-Center.<\/p><\/div><div class=\"faq\" data-component=\"FAQ\"><div class=\"faq-item\">\r\n\t\t\t\t\t<div class=\"faq-item-question\">\r\n\t\t\t\t\t\t<h3 class=\"faq-item-question-text\">Wie kann ich Pinterest-Feeds ohne Programmierkenntnisse in meine Weebly-Website einbetten?<\/h3>\r\n\r\n\t\t\t\t\t\t<div class=\"faq-item-question-icon\"><\/div>\r\n\t\t\t\t\t<\/div>\r\n\r\n\t\t\t\t\t<div class=\"faq-item-answer\">\r\n\t\t\t\t\t\t<div class=\"faq-item-answer-text\"><\/li><li>W\u00e4hlen Sie eine der vorgefertigten Vorlagen aus und \u00e4ndern Sie die Pinterest-Feed-Einstellungen, aktualisieren Sie Ihre Inhalte, \u00e4ndern Sie das Layout und die Farben ohne Programmiererfahrung.<\/li><li> Klicken Sie hier, um die Einstellungen, die Sie im Pinterest-Feed vorgenommen haben, zu speichern und den Code zum Einbetten zu erhalten, der m\u00fchelos in die Weebly-Website eingef\u00fcgt werden kann, ohne ein kostenpflichtiges Abonnement zu kaufen. <\/li><\/ul><p>Mit unserem benutzerfreundlichen Konfigurator kann jeder Webbenutzer einen Pinterest-Feed erstellen und auf der Weebly-Website einf\u00fcgen. Sie sollten keinen kostenpflichtigen Plan abschlie\u00dfen oder Ihre Kartendaten angeben, um auf den Dienst zuzugreifen. Sollten bei irgendeinem Schritt Probleme auftreten, z\u00f6gern Sie bitte nicht, sich an unser technisches Support-Team zu wenden.<\/p><\/div>\r\n\t\t\t\t\t<\/div>\r\n\t\t\t\t<\/div><\/div>\n","protected":false},"excerpt":{"rendered":"","protected":false},"author":9,"featured_media":0,"parent":2209,"menu_order":0,"comment_status":"closed","ping_status":"closed","template":"templates\/template-application-platform.php","meta":{"publish_to_discourse":"","publish_post_category":"","wpdc_auto_publish_overridden":"","wpdc_topic_tags":"","wpdc_pin_topic":"","wpdc_pin_until":"","discourse_post_id":"","discourse_permalink":"","wpdc_publishing_response":"","wpdc_publishing_error":"","footnotes":""},"class_list":["post-9641","page","type-page","status-publish","hentry"],"yoast_head":"<!-- This site is optimized with the Yoast SEO plugin v25.3.1 - https:\/\/yoast.com\/wordpress\/plugins\/seo\/ -->\n<title>Pinterest-Feed \u2013 Pinterest-App zur Weebly-Website hinzuf\u00fcgen (2025)<\/title>\n<meta name=\"description\" content=\"Generieren Sie Ihre einzigartige Pinterest-Feed-App f\u00fcr Weebly und f\u00fcgen Sie sie Ihrer Website hinzu. Kostenloser Editor, Unterst\u00fctzung bei der Einrichtung und viele weitere Boni von Elfsight!\" \/>\n<meta name=\"robots\" content=\"index, follow, max-snippet:-1, max-image-preview:large, max-video-preview:-1\" \/>\n<link rel=\"canonical\" href=\"https:\/\/elfsight.com\/de\/pinterest-feed-widget\/weebly\/\" \/>\n<meta property=\"og:locale\" content=\"de_DE\" \/>\n<meta property=\"og:type\" content=\"article\" \/>\n<meta property=\"og:title\" content=\"Pinterest-Feed \u2013 Pinterest-App zur Weebly-Website hinzuf\u00fcgen (2025)\" \/>\n<meta property=\"og:description\" content=\"Generieren Sie Ihre einzigartige Pinterest-Feed-App f\u00fcr Weebly und f\u00fcgen Sie sie Ihrer Website hinzu. Kostenloser Editor, Unterst\u00fctzung bei der Einrichtung und viele weitere Boni von Elfsight!\" \/>\n<meta property=\"og:url\" content=\"https:\/\/elfsight.com\/de\/pinterest-feed-widget\/weebly\/\" \/>\n<meta property=\"og:site_name\" content=\"Elfsight DE\" \/>\n<meta property=\"article:modified_time\" content=\"2025-02-12T12:42:54+00:00\" \/>\n<meta name=\"twitter:card\" content=\"summary_large_image\" \/>\n<meta name=\"twitter:label1\" content=\"Gesch\u00e4tzte Lesezeit\" \/>\n\t<meta name=\"twitter:data1\" content=\"3\u00a0Minuten\" \/>\n<!-- \/ Yoast SEO plugin. -->","yoast_head_json":{"title":"Pinterest-Feed \u2013 Pinterest-App zur Weebly-Website hinzuf\u00fcgen (2025)","description":"Generieren Sie Ihre einzigartige Pinterest-Feed-App f\u00fcr Weebly und f\u00fcgen Sie sie Ihrer Website hinzu. Kostenloser Editor, Unterst\u00fctzung bei der Einrichtung und viele weitere Boni von Elfsight!","robots":{"index":"index","follow":"follow","max-snippet":"max-snippet:-1","max-image-preview":"max-image-preview:large","max-video-preview":"max-video-preview:-1"},"canonical":"https:\/\/elfsight.com\/de\/pinterest-feed-widget\/weebly\/","og_locale":"de_DE","og_type":"article","og_title":"Pinterest-Feed \u2013 Pinterest-App zur Weebly-Website hinzuf\u00fcgen (2025)","og_description":"Generieren Sie Ihre einzigartige Pinterest-Feed-App f\u00fcr Weebly und f\u00fcgen Sie sie Ihrer Website hinzu. Kostenloser Editor, Unterst\u00fctzung bei der Einrichtung und viele weitere Boni von Elfsight!","og_url":"https:\/\/elfsight.com\/de\/pinterest-feed-widget\/weebly\/","og_site_name":"Elfsight DE","article_modified_time":"2025-02-12T12:42:54+00:00","twitter_card":"summary_large_image","twitter_misc":{"Gesch\u00e4tzte Lesezeit":"3\u00a0Minuten"},"schema":{"@context":"https:\/\/schema.org","@graph":[{"@type":"WebPage","@id":"https:\/\/elfsight.com\/de\/pinterest-feed-widget\/weebly\/","url":"https:\/\/elfsight.com\/de\/pinterest-feed-widget\/weebly\/","name":"Pinterest-Feed \u2013 Pinterest-App zur Weebly-Website hinzuf\u00fcgen (2025)","isPartOf":{"@id":"https:\/\/elfsight.com\/de\/#website"},"datePublished":"1970-01-01T00:00:00+00:00","dateModified":"2025-02-12T12:42:54+00:00","description":"Generieren Sie Ihre einzigartige Pinterest-Feed-App f\u00fcr Weebly und f\u00fcgen Sie sie Ihrer Website hinzu. Kostenloser Editor, Unterst\u00fctzung bei der Einrichtung und viele weitere Boni von Elfsight!","breadcrumb":{"@id":"https:\/\/elfsight.com\/de\/pinterest-feed-widget\/weebly\/#breadcrumb"},"inLanguage":"de","potentialAction":[{"@type":"ReadAction","target":["https:\/\/elfsight.com\/de\/pinterest-feed-widget\/weebly\/"]}]},{"@type":"BreadcrumbList","@id":"https:\/\/elfsight.com\/de\/pinterest-feed-widget\/weebly\/#breadcrumb","itemListElement":[{"@type":"ListItem","position":1,"name":"Home","item":"https:\/\/elfsight.com\/de\/"},{"@type":"ListItem","position":2,"name":"Pinterest Feed","item":"https:\/\/elfsight.com\/de\/pinterest-feed-widget\/"},{"@type":"ListItem","position":3,"name":"Pinterest Feed &#8211; Weebly"}]},{"@type":"WebSite","@id":"https:\/\/elfsight.com\/de\/#website","url":"https:\/\/elfsight.com\/de\/","name":"Elfsight DE","description":"Just another Elfsight Sites site","potentialAction":[{"@type":"SearchAction","target":{"@type":"EntryPoint","urlTemplate":"https:\/\/elfsight.com\/de\/?s={search_term_string}"},"query-input":{"@type":"PropertyValueSpecification","valueRequired":true,"valueName":"search_term_string"}}],"inLanguage":"de"}]}},"meta_box":{"industry":"","seo_heading":"","heading":"","description":"","cta_heading":"","cta_description":"","application":"477","h1":"Weebly Pinterest Feed-App","h1_caption":"Betten Sie einen Feed mit Pins aus Ihrem Pinterest-Konto ein, um m\u00fchelos dynamische und optisch ansprechende Inhalte auf Ihrer Weebly-Website anzuzeigen.","application_category":[],"applications_title":"","applications_request_title":"","applications_request_button_text":"","hero_text":"","hero_video":"","hero_video_schema_markup":"","selling_points_title":"","selling_points_caption":"","selling_points":[],"selling_points_cta_text":"","features_title":"","features":"","ed_cta_examples_text":"","ed_cta_examples_hidden":"","ed_cta_demo_text":"","ed_cta_demo_hidden":"","why_caption":"","why_editor_title":"","why_editor_text":"","why_team_title":"","why_team_text":"","why_service_title":"","why_service_text":"","template_catalog_visible":"0","template_catalog_title":"","template_catalog_text":"","template_catalog_categories_visible":"","demo_title":"Erstellen Sie Ihre Pinterest-Feed-App","demo_caption":"Konfigurieren Sie Ihren Pinterest-Feed und f\u00fcgen Sie ihn kostenlos zu Ihrer Weebly-Website hinzu!","default_faq_hidden":"","app_template_category":[],"platform":"249","template_public_id":"","codecanyon_url":"","codecanyon_item_id":"","codecanyon_price":"","pricing_caption":"","pricing_elfsight_apps_hide_column":"","pricing_elfsight_apps_url":"","pricing_codecanyon_price_caption":"","integration_category":[],"integration_request_title":"","integration_request_cta":"","integration_platform":"","integrations":[],"platform_category":[],"video_schema_markup":"","price":"ab 0 $ \/ Monat","trial":"","benefits":[{"text":"Kostenloser Installationsservice"},{"text":"Effektiver Kundenservice"},{"text":"14-t\u00e4gige Geld-zur\u00fcck-Garantie"},{"text":"Regelm\u00e4\u00dfige Updates"}],"button_url":"#demo","button_target_blank":"0","button_nofollow":"0","attributes":[{"name":"Installiert","content":"10,000 - 100,000"},{"name":"Reaktionsfreudig","content":"Ja"},{"name":"Kompatible Browser","content":"Firefox, Safari, Opera, Chrome, Edge"}],"tags":[],"tags_disable_links":"0","hide_more_platforms":"0","video_object":"","demo_hide_cta":"0","demo_hide_cloud_options":"0","pricing_title":"","pricing":[{"pricing_icon":"platform","pricing_title":"Elfsight Apps","pricing_title_caption":"Plattform\u00fcbergreifende digitale L\u00f6sung, die f\u00fcr jeden Standort geeignet ist","pricing_price":"ab 0 $ \/ Monat","pricing_price_caption":"Beginnen Sie mit einem Plan","pricing_benefits":[{"text":"Unbegrenzte Domains"},{"text":"Kostenloser Kundensupport"},{"text":"Kostenlose Installationshilfe"},{"text":"100 % anpassbar"}],"pricing_button_text":"Zur Website hinzuf\u00fcgen","pricing_button_url":"#demo"}],"related_apps_title":"","related_apps_hidden":"0","author":"","image":[],"title":"","job":"","social_networks":[]},"_links":{"self":[{"href":"https:\/\/elfsight.com\/de\/wp-json\/wp\/v2\/pages\/9641","targetHints":{"allow":["GET"]}}],"collection":[{"href":"https:\/\/elfsight.com\/de\/wp-json\/wp\/v2\/pages"}],"about":[{"href":"https:\/\/elfsight.com\/de\/wp-json\/wp\/v2\/types\/page"}],"author":[{"embeddable":true,"href":"https:\/\/elfsight.com\/de\/wp-json\/wp\/v2\/users\/9"}],"replies":[{"embeddable":true,"href":"https:\/\/elfsight.com\/de\/wp-json\/wp\/v2\/comments?post=9641"}],"version-history":[{"count":3,"href":"https:\/\/elfsight.com\/de\/wp-json\/wp\/v2\/pages\/9641\/revisions"}],"predecessor-version":[{"id":24010,"href":"https:\/\/elfsight.com\/de\/wp-json\/wp\/v2\/pages\/9641\/revisions\/24010"}],"up":[{"embeddable":true,"href":"https:\/\/elfsight.com\/de\/wp-json\/wp\/v2\/pages\/2209"}],"wp:attachment":[{"href":"https:\/\/elfsight.com\/de\/wp-json\/wp\/v2\/media?parent=9641"}],"curies":[{"name":"wp","href":"https:\/\/api.w.org\/{rel}","templated":true}]}}