{"id":9636,"date":"1970-01-01T00:00:00","date_gmt":"1970-01-01T00:00:00","guid":{"rendered":"https:\/\/elfsight.com\/de\/?page_id=9636"},"modified":"2025-07-09T14:10:53","modified_gmt":"2025-07-09T14:10:53","slug":"webnode","status":"publish","type":"page","link":"https:\/\/elfsight.com\/de\/pinterest-feed-widget\/webnode\/","title":{"rendered":"Pinterest Feed &#8211; Webnode"},"content":{"rendered":"<div class=\"application-platform-content-item-description application-platform-content-item\" id=\"description\" data-nav-section=\"description\"><h2>Beschreibung<\/h2><p>Elfsight Pinterest Feed erm\u00f6glicht die Anzeige Ihres Kontos und aller Pins und Pinnw\u00e4nde von Pinterest auf Ihrer Website. Mit unserem Plugin k\u00f6nnen Sie nicht nur Ihr Profil integrieren, sondern auch Pins und Pinnw\u00e4nde sammeln, um Gruppen von Fotos f\u00fcr Ihre Website zu pr\u00e4sentieren. Zeigen Sie Ihre Unternehmensgeschichte, inspirieren Sie Ihre zuk\u00fcnftigen Kunden, neue Ideen zu erkunden oder visualisieren Sie einfach Ihre Website. Ein flexibles Plugin hilft Ihnen, die Reichweite Ihrer Inhalte zu vergr\u00f6\u00dfern, das Engagement auf der Website zu steigern und mehr Follower auf Pinterest zu gewinnen.<\/p><p><b>Zeigen Sie Ihre Angebote, Dienstleistungen und Projekte auf der Website mit Pins und Pinnw\u00e4nden an!<\/b><\/p><ul><li><b>Erh\u00f6hen Sie die Benutzerinteraktion auf Ihrer Website<\/b><br> Sorgf\u00e4ltig ausgew\u00e4hlte Bilder auf Ihrer Website erregen die gr\u00f6\u00dftm\u00f6gliche Aufmerksamkeit der Benutzer und halten die Kunden bei der Stange.<\/li> <li><b>Follower auf Pinterest gewinnen<\/b><br> Dank der im Feed verf\u00fcgbaren Schaltfl\u00e4che \u201eFolgen\u201c erhalten mehr potenzielle Kunden die Chance, sich Ihren Abonnenten anzuschlie\u00dfen.<\/li><li><b>Erh\u00f6hen Sie die Umsatzniveau durch unwiderstehliche visuelle Elemente<\/b><br> W\u00e4hlen Sie die verlockendsten Bilder Ihrer Artikel aus; Zeigen Sie die neuesten Trends und inspirierende Bilder, um Benutzer zum Kauf zu bewegen.<\/li><\/ul><\/div><div class=\"application-platform-content-item-features application-platform-content-item\" id=\"features\" data-nav-section=\"features\"><h2>Funktionen<\/h2><p>Warum das Elfsight-Plugin das ist Welches ist das beste unter den anderen effektiven Webnode-Widgets? Entdecken Sie unsere wichtigsten Funktionen:<\/p><ul><li>Pins und Pinnw\u00e4nde nach URL hinzuf\u00fcgen;<\/li><li>22 beliebte Sprachen verf\u00fcgbar;<\/li><li>Kopfzeile anzeigen oder ausblenden;<\/li> <li>Mobil reaktionsf\u00e4hig in jeder Gr\u00f6\u00dfe und Proportion.<\/li><\/ul><p><a href=\"#demo\">\u00dcberpr\u00fcfen Sie alle Funktionen<\/a><\/p><\/div><div class=\"application-platform-content-item-installation application-platform-content-item\" id=\"installation\" data-nav-section=\"installation\"><h2>So f\u00fcgen Sie einen Pinterest-Feed zu einer Webnode-Website hinzu<\/h2><p>Eine kurze Anleitung zum Hinzuf\u00fcgen eines Pinterest-Feeds ohne Programmierkenntnisse oder die Beauftragung eines Remote-Webentwicklers. F\u00fcr die Durchf\u00fchrung des Tutorials werden Sie etwa mehrere Minuten ben\u00f6tigen.<\/p><ol><li><b>Erstellen Sie Ihren ma\u00dfgeschneiderten Pinterest-Feed<\/b><br>Generieren Sie mit unserem kostenlosen Editor ein Plugin mit bevorzugtes Layout und Einstellungen.<\/li><li><b>Holen Sie sich einen Code f\u00fcr die Installation des Plugins<\/b><br> Nach der Widget-Anpassung erhalten Sie einen Code f\u00fcr das Pinterest-Plugin aus der Popup-Benachrichtigung auf Elfsight Apps. Speichern Sie den Code.<\/li><li><b>Zeigen Sie das Plugin auf der Webnode-Site an<\/b><br> Betten Sie das Plugin an der gew\u00fcnschten Stelle der Seite ein und ver\u00f6ffentlichen Sie die Ergebnisse.<\/li><li><b>Fertig!<\/b><br> Geben Sie Ihre Website ein, um Ihr Plugin zu \u00fcberpr\u00fcfen.<\/li><\/ol><p>F\u00e4llt es Ihnen schwer, das Widget einzubetten? Wenden Sie sich mit einer ausf\u00fchrlichen Erkl\u00e4rung der Schwierigkeiten an unser Support-Team. Wir werden unser Bestes tun, um Sie zu beraten.<\/p><\/div><div class=\"faq\" data-component=\"FAQ\"><div class=\"faq-item\">\r\n\t\t\t\t\t<div class=\"faq-item-question\">\r\n\t\t\t\t\t\t<h3 class=\"faq-item-question-text\">Wie ist es m\u00f6glich, Pinterest-Feeds ohne Programmiererfahrung in meinen Webnode einzubetten? <\/h3>\r\n\r\n\t\t\t\t\t\t<div class=\"faq-item-question-icon\"><\/div>\r\n\t\t\t\t\t<\/div>\r\n\r\n\t\t\t\t\t<div class=\"faq-item-answer\">\r\n\t\t\t\t\t\t<div class=\"faq-item-answer-text\"><p>Das Unternehmen Elfsight bietet eine Cloud-L\u00f6sung, mit der Benutzer selbst ein Pinterest-Feed-Widget erstellen k\u00f6nnen. Sehen Sie sich an, wie unkompliziert es ist: <\/p><ul><li>Gehen Sie zur Online-Demo, um ein Pinterest-Feed-Plugin zu erstellen, das Sie ben\u00f6tigen gerne auf Ihrer Webnode-Website integrieren.<\/li><li>W\u00e4hlen Sie eine der vielen vorgefertigten Vorlagen aus und passen Sie die Pinterest-Feed-Einstellungen an, aktualisieren Sie Ihre Inhalte, \u00e4ndern Sie das Layout und die Farbe der Elemente ohne Programmieraufwand.<\/li><li>Klicken Sie, um den Pinterest-Feed zu speichern und den Code des Widgets zum Einbetten zu kopieren, den Sie im Rahmen eines kostenlosen Plans m\u00fchelos in die Webnode-Site einf\u00fcgen k\u00f6nnen. <\/li><\/ul><p>Mit unserem unkomplizierten Konfigurator kann jeder Internetnutzer die Pinterest-Feed-App erstellen und diese ganz einfach in die Webnode-Website einbinden. Sie m\u00fcssen keinen kostenpflichtigen Plan abschlie\u00dfen oder Ihre Kartendaten offenlegen, um den Service nutzen zu k\u00f6nnen. Sollten Sie bei irgendeinem Schritt auf Probleme sto\u00dfen, z\u00f6gern Sie nicht, sich an unseren Kundensupport zu wenden.<\/p><\/div>\r\n\t\t\t\t\t<\/div>\r\n\t\t\t\t<\/div><\/div>","protected":false},"excerpt":{"rendered":"","protected":false},"author":9,"featured_media":0,"parent":2209,"menu_order":0,"comment_status":"closed","ping_status":"closed","template":"templates\/template-application-platform.php","meta":{"publish_to_discourse":"","publish_post_category":"","wpdc_auto_publish_overridden":"","wpdc_topic_tags":"","wpdc_pin_topic":"","wpdc_pin_until":"","discourse_post_id":"","discourse_permalink":"","wpdc_publishing_response":"","wpdc_publishing_error":"","footnotes":""},"class_list":["post-9636","page","type-page","status-publish","hentry"],"yoast_head":"<!-- This site is optimized with the Yoast SEO plugin v25.3.1 - https:\/\/yoast.com\/wordpress\/plugins\/seo\/ -->\n<title>Pinterest-Feed \u2013 F\u00fcgen Sie ein Pinterest-Widget zur Webnode-Website hinzu<\/title>\n<meta name=\"description\" content=\"Probieren Sie das beste Pinterest-Feed-Plugin f\u00fcr Webnode kostenlos aus. Eine einfache und schnelle Integration ohne Programmierkenntnisse in nur 3 Minuten.\" \/>\n<meta name=\"robots\" content=\"index, follow, max-snippet:-1, max-image-preview:large, max-video-preview:-1\" \/>\n<link rel=\"canonical\" href=\"https:\/\/elfsight.com\/de\/pinterest-feed-widget\/webnode\/\" \/>\n<meta property=\"og:locale\" content=\"de_DE\" \/>\n<meta property=\"og:type\" content=\"article\" \/>\n<meta property=\"og:title\" content=\"Pinterest-Feed \u2013 F\u00fcgen Sie ein Pinterest-Widget zur Webnode-Website hinzu\" \/>\n<meta property=\"og:description\" content=\"Probieren Sie das beste Pinterest-Feed-Plugin f\u00fcr Webnode kostenlos aus. Eine einfache und schnelle Integration ohne Programmierkenntnisse in nur 3 Minuten.\" \/>\n<meta property=\"og:url\" content=\"https:\/\/elfsight.com\/de\/pinterest-feed-widget\/webnode\/\" \/>\n<meta property=\"og:site_name\" content=\"Elfsight DE\" \/>\n<meta property=\"article:modified_time\" content=\"2025-07-09T14:10:53+00:00\" \/>\n<meta name=\"twitter:card\" content=\"summary_large_image\" \/>\n<meta name=\"twitter:label1\" content=\"Gesch\u00e4tzte Lesezeit\" \/>\n\t<meta name=\"twitter:data1\" content=\"3\u00a0Minuten\" \/>\n<!-- \/ Yoast SEO plugin. -->","yoast_head_json":{"title":"Pinterest-Feed \u2013 F\u00fcgen Sie ein Pinterest-Widget zur Webnode-Website hinzu","description":"Probieren Sie das beste Pinterest-Feed-Plugin f\u00fcr Webnode kostenlos aus. Eine einfache und schnelle Integration ohne Programmierkenntnisse in nur 3 Minuten.","robots":{"index":"index","follow":"follow","max-snippet":"max-snippet:-1","max-image-preview":"max-image-preview:large","max-video-preview":"max-video-preview:-1"},"canonical":"https:\/\/elfsight.com\/de\/pinterest-feed-widget\/webnode\/","og_locale":"de_DE","og_type":"article","og_title":"Pinterest-Feed \u2013 F\u00fcgen Sie ein Pinterest-Widget zur Webnode-Website hinzu","og_description":"Probieren Sie das beste Pinterest-Feed-Plugin f\u00fcr Webnode kostenlos aus. Eine einfache und schnelle Integration ohne Programmierkenntnisse in nur 3 Minuten.","og_url":"https:\/\/elfsight.com\/de\/pinterest-feed-widget\/webnode\/","og_site_name":"Elfsight DE","article_modified_time":"2025-07-09T14:10:53+00:00","twitter_card":"summary_large_image","twitter_misc":{"Gesch\u00e4tzte Lesezeit":"3\u00a0Minuten"},"schema":{"@context":"https:\/\/schema.org","@graph":[{"@type":"WebPage","@id":"https:\/\/elfsight.com\/de\/pinterest-feed-widget\/webnode\/","url":"https:\/\/elfsight.com\/de\/pinterest-feed-widget\/webnode\/","name":"Pinterest-Feed \u2013 F\u00fcgen Sie ein Pinterest-Widget zur Webnode-Website hinzu","isPartOf":{"@id":"https:\/\/elfsight.com\/de\/#website"},"datePublished":"1970-01-01T00:00:00+00:00","dateModified":"2025-07-09T14:10:53+00:00","description":"Probieren Sie das beste Pinterest-Feed-Plugin f\u00fcr Webnode kostenlos aus. Eine einfache und schnelle Integration ohne Programmierkenntnisse in nur 3 Minuten.","breadcrumb":{"@id":"https:\/\/elfsight.com\/de\/pinterest-feed-widget\/webnode\/#breadcrumb"},"inLanguage":"de","potentialAction":[{"@type":"ReadAction","target":["https:\/\/elfsight.com\/de\/pinterest-feed-widget\/webnode\/"]}]},{"@type":"BreadcrumbList","@id":"https:\/\/elfsight.com\/de\/pinterest-feed-widget\/webnode\/#breadcrumb","itemListElement":[{"@type":"ListItem","position":1,"name":"Home","item":"https:\/\/elfsight.com\/de\/"},{"@type":"ListItem","position":2,"name":"Pinterest Feed","item":"https:\/\/elfsight.com\/de\/pinterest-feed-widget\/"},{"@type":"ListItem","position":3,"name":"Pinterest Feed &#8211; Webnode"}]},{"@type":"WebSite","@id":"https:\/\/elfsight.com\/de\/#website","url":"https:\/\/elfsight.com\/de\/","name":"Elfsight DE","description":"Just another Elfsight Sites site","potentialAction":[{"@type":"SearchAction","target":{"@type":"EntryPoint","urlTemplate":"https:\/\/elfsight.com\/de\/?s={search_term_string}"},"query-input":{"@type":"PropertyValueSpecification","valueRequired":true,"valueName":"search_term_string"}}],"inLanguage":"de"}]}},"meta_box":{"industry":"","seo_heading":"","heading":"","description":"","cta_heading":"","cta_description":"","application":"477","h1":"Webnode Pinterest-Feed","h1_caption":"Betten Sie einen Feed mit Pins aus Ihrem Pinterest-Konto ein, um m\u00fchelos dynamische und optisch ansprechende Inhalte auf Ihrer Webnode-Website anzuzeigen.","application_category":[],"applications_title":"","applications_request_title":"","applications_request_button_text":"","hero_text":"","hero_video":"","hero_video_schema_markup":"","selling_points_title":"","selling_points_caption":"","selling_points":[],"selling_points_cta_text":"","features_title":"","features":"","ed_cta_examples_text":"","ed_cta_examples_hidden":"","ed_cta_demo_text":"","ed_cta_demo_hidden":"","why_caption":"","why_editor_title":"","why_editor_text":"","why_team_title":"","why_team_text":"","why_service_title":"","why_service_text":"","template_catalog_visible":"","template_catalog_title":"","template_catalog_text":"","template_catalog_categories_visible":"","demo_title":"Erstellen Sie Ihr Pinterest-Feed-Widget","demo_caption":"Konfigurieren Sie Ihren Pinterest-Feed und f\u00fcgen Sie ihn kostenlos zu Ihrer Webnode-Website hinzu!","default_faq_hidden":"","app_template_category":[],"platform":"248","template_public_id":"","codecanyon_url":"","codecanyon_item_id":"","codecanyon_price":"","pricing_caption":"","pricing_elfsight_apps_hide_column":"","pricing_elfsight_apps_url":"","pricing_codecanyon_price_caption":"","integration_category":[],"integration_request_title":"","integration_request_cta":"","integration_platform":"","integrations":[],"platform_category":[],"video_schema_markup":"","price":"ab 0 $ \/ Monat","trial":"","benefits":[{"text":"Kostenlose Installationsunterst\u00fctzung"},{"text":"Professioneller Kundenservice"},{"text":"14-t\u00e4gige R\u00fcckerstattungsgarantie"},{"text":"Fortlaufende Entwicklung"}],"button_url":"#demo","button_target_blank":"","button_nofollow":"","attributes":[{"name":"Installiert","content":"10,000 - 100,000"},{"name":"Reaktionsfreudig","content":"Ja"},{"name":"Kompatible Browser","content":"Firefox, Safari, Opera, Chrome, Edge"}],"tags":[],"tags_disable_links":"","hide_more_platforms":"","video_object":"","demo_hide_cta":"","demo_hide_cloud_options":"","pricing_title":"","pricing":[{"pricing_icon":"platform","pricing_title":"Elfsight Apps","pricing_title_caption":"Plattform\u00fcbergreifende digitale L\u00f6sung, die auf jeder Website funktioniert","pricing_price":"ab 0 $ \/ Monat","pricing_price_caption":"Beginnen Sie mit einem kostenlosen Plan","pricing_benefits":[{"text":"Unbegrenzte Websites"},{"text":"Premium-Support"},{"text":"Kostenlose Installationsunterst\u00fctzung"},{"text":"Sonderangebot f\u00fcr mehrere Apps"}],"pricing_button_text":"Zur Website hinzuf\u00fcgen","pricing_button_url":"#demo"}],"related_apps_title":"","related_apps_hidden":"","author":"","image":[],"title":"","job":"","social_networks":[]},"_links":{"self":[{"href":"https:\/\/elfsight.com\/de\/wp-json\/wp\/v2\/pages\/9636","targetHints":{"allow":["GET"]}}],"collection":[{"href":"https:\/\/elfsight.com\/de\/wp-json\/wp\/v2\/pages"}],"about":[{"href":"https:\/\/elfsight.com\/de\/wp-json\/wp\/v2\/types\/page"}],"author":[{"embeddable":true,"href":"https:\/\/elfsight.com\/de\/wp-json\/wp\/v2\/users\/9"}],"replies":[{"embeddable":true,"href":"https:\/\/elfsight.com\/de\/wp-json\/wp\/v2\/comments?post=9636"}],"version-history":[{"count":2,"href":"https:\/\/elfsight.com\/de\/wp-json\/wp\/v2\/pages\/9636\/revisions"}],"predecessor-version":[{"id":21724,"href":"https:\/\/elfsight.com\/de\/wp-json\/wp\/v2\/pages\/9636\/revisions\/21724"}],"up":[{"embeddable":true,"href":"https:\/\/elfsight.com\/de\/wp-json\/wp\/v2\/pages\/2209"}],"wp:attachment":[{"href":"https:\/\/elfsight.com\/de\/wp-json\/wp\/v2\/media?parent=9636"}],"curies":[{"name":"wp","href":"https:\/\/api.w.org\/{rel}","templated":true}]}}