{"id":9635,"date":"1970-01-01T00:00:00","date_gmt":"1970-01-01T00:00:00","guid":{"rendered":"https:\/\/elfsight.com\/de\/?page_id=9635"},"modified":"2025-02-12T12:39:31","modified_gmt":"2025-02-12T12:39:31","slug":"webflow","status":"publish","type":"page","link":"https:\/\/elfsight.com\/de\/pinterest-feed-widget\/webflow\/","title":{"rendered":"Pinterest Feed &#8211; Webflow"},"content":{"rendered":"\n<div class=\"application-platform-content-item-description application-platform-content-item\" id=\"description\" data-nav-section=\"description\"><h2>Pinterest-Feed in Webflow mit dem Elfsight-Widget einbetten<\/h2><p>Der Elfsight-Pinterest-Feed hilft bei der Anzeige Ihres Profils und aller Pins und Pinnw\u00e4nde von Pinterest auf einer Website. Mit Hilfe unseres Widgets k\u00f6nnen Sie nicht nur Ihr Konto vorstellen, sondern auch Pins und Pinnw\u00e4nde ausw\u00e4hlen, um thematische Bildkategorien f\u00fcr Ihre Website zu erstellen. Zeigen Sie Ihre gesch\u00e4ftlichen Erfolge, regen Sie Ihre Kunden dazu an, neue Trends zu entdecken oder betten Sie einfach sch\u00f6ne Bilder auf Ihrer Website ein. Ein flexibles Widget hilft Ihnen, die Reichweite Ihrer visuellen Materialien zu vergr\u00f6\u00dfern, das Engagement auf der Website zu steigern und mehr Follower auf Pinterest zu gewinnen.<\/p><p><b>F\u00fcgen Sie Ihrer Website ganz m\u00fchelos visuelle Elemente von Pinterest hinzu.<\/b><\/p><ul><li><b>Steigern Sie das Nutzerengagement auf Ihrer Website<\/b><br> Sorgf\u00e4ltig ausgew\u00e4hlte Inhalte auf Ihrer Website werden maximale Aufmerksamkeit erregen und die Bindung der Kunden aufrechterhalten.<\/li><li><b> Ziehen Sie Follower auf Pinterest an<\/b><br> Mit der Schaltfl\u00e4che \u201eFolgen\u201c im Feed haben mehr potenzielle Kunden die Chance, Ihre Follower zu werden.<\/li><li><b>Attraktivere visuelle Inhalte auf Ihrer Website<\/b><br> W\u00e4hlen Sie mithilfe der Ihnen zur Verf\u00fcgung stehenden Pins und Pinnw\u00e4nde die besten visuellen Elemente f\u00fcr Ihre Website aus, um Ihre zuk\u00fcnftigen Kunden zu begeistern.<\/li><\/ul><\/div><div class=\"application-platform-content-item-features  application-platform-content-item\" id=\"features \" data-nav-section=\"features \"><h2>Hauptfunktionen des Pinterest-Feed-Widgets<\/h2><p>Mehrere Attribute, die unser Widget zum wichtigsten Plugin f\u00fcr jede Webflow-Website machen.<\/p><ul><li>Bearbeitbarer Widget-Titel; <\/li><li>22 beliebte Sprachen verf\u00fcgbar;<\/li><li>Umschaltbare Pin-Elemente: Autor, Text, Schaltfl\u00e4che \u201eTeilen\u201c, Symbol.<\/li><li>Boards und Pin-Anzahl anzeigen oder ausblenden;<\/li><\/ul><p><a href=\"#demo\">Andere Eigenschaften im kostenlosen Konstruktor<\/a><\/p><\/div><div class=\"application-platform-content-item-installation application-platform-content-item\" id=\"installation\" data-nav-section=\"installation\"><h2>So f\u00fcgt man einen Pinterest-Feed hinzu zur Webflow-Website<\/h2><div class=\"video-container\"><iframe width=\"560\" height=\"315\" src=\"https:\/\/www.youtube.com\/embed\/c7rOfI5p-yg?si=itdx9qkg6Y46foc4\" frameborder=\"0\" allow=\"accelerometer; autoplay; clipboard-write; encrypted-media; gyroscope; picture-in-picture; web-share\" allowfullscreen><\/iframe><\/div><p>Hier ist ein kurzes Tutorial von Elfsight zur Einrichtung und Personalisierung des Widgets. Keine Kenntnisse in der Webentwicklung erforderlich. Die ungef\u00e4hre Dauer der Umsetzung der Anleitung betr\u00e4gt weniger als 3 Minuten.<\/p><ol><li><b>Konstruieren Sie Ihr individuelles Pinterest-Feed-Widget<\/b><br> Generieren Sie mit unserem kostenlosen Konfigurator ein Plugin mit der von Ihnen gew\u00fcnschten Oberfl\u00e4che .<\/li><li><b>Erhalten Sie einen Code zum Ver\u00f6ffentlichen des Plugins<\/b><br> Nach der Widget-Generierung erhalten Sie \u00fcber die Popup-Benachrichtigung auf Elfsight Apps einen Code f\u00fcr das Pinterest-Plugin. Kopieren Sie den Code.<\/li><li><b>Betten Sie das Plugin vor Ort ein<\/b><br> Integrieren Sie das Plugin an der gew\u00fcnschten Stelle der Seite und \u00fcbernehmen Sie die \u00c4nderungen.<\/li><li><b>Die Einbettung ist erfolgreich!<\/b><br> Besuchen Sie Ihre Website, um Ihr Pinterest zu \u00fcberpr\u00fcfen.<\/li><\/ol><p>Ben\u00f6tigen Sie Rat bei der Einrichtung oder Personalisierung des Plugins? Das Elfsight-Team ber\u00e4t Sie gerne und bietet eine L\u00f6sung an!<\/p><\/div><div class=\"faq\" data-component=\"FAQ\"><div class=\"faq-item\">\r\n\t\t\t\t\t<div class=\"faq-item-question\">\r\n\t\t\t\t\t\t<h3 class=\"faq-item-question-text\">Wie f\u00fcge ich einen Pinterest-Feed ohne Codierung zu meiner Webflow-Site hinzu? <\/h3>\r\n\r\n\t\t\t\t\t\t<div class=\"faq-item-question-icon\"><\/div>\r\n\t\t\t\t\t<\/div>\r\n\r\n\t\t\t\t\t<div class=\"faq-item-answer\">\r\n\t\t\t\t\t\t<div class=\"faq-item-answer-text\"><p>Das Unternehmen Elfsight bietet eine Cloud-L\u00f6sung an, mit der Sie selbst eine Pinterest-Feed-App erstellen k\u00f6nnen. Hier finden Sie die einfache Anleitung: <\/p><ul><li>Generieren Sie im Online-Editor ein Pinterest-Feed-Widget wie Sie es m\u00f6chten m\u00f6chten auf Ihrer Webflow-Site erscheinen.<\/li><li>W\u00e4hlen Sie eine der vorgefertigten Vorlagen aus und passen Sie die Pinterest-Feed-Einstellungen an, \u00e4ndern Sie das Layout und das Farbschema und f\u00fcgen Sie Ihre Inhalte ohne Programmierkenntnisse ein.<\/li><li> Klicken Sie hier, um den Pinterest-Feed zu speichern und den Code f\u00fcr die Installation zu kopieren, der mit einem kostenlosen Plan zur Webflow-Site hinzugef\u00fcgt werden kann. <\/li><\/ul><p>Mit unserem benutzerfreundlichen Konfigurator kann jeder Webbenutzer ein Pinterest-Feed-Widget erstellen und es m\u00fchelos in jede Webflow-Webseite einf\u00fcgen. F\u00fcr den Zugang zu unserem Service ist keine Zahlung oder Offenlegung Ihrer Kartendaten erforderlich. Wenn Sie auf Probleme jeglicher Art sto\u00dfen, wenden Sie sich bitte an unser Support-Team.<\/p><\/div>\r\n\t\t\t\t\t<\/div>\r\n\t\t\t\t<\/div><\/div>\n","protected":false},"excerpt":{"rendered":"","protected":false},"author":9,"featured_media":0,"parent":2209,"menu_order":0,"comment_status":"closed","ping_status":"closed","template":"templates\/template-application-platform.php","meta":{"publish_to_discourse":"","publish_post_category":"","wpdc_auto_publish_overridden":"","wpdc_topic_tags":"","wpdc_pin_topic":"","wpdc_pin_until":"","discourse_post_id":"","discourse_permalink":"","wpdc_publishing_response":"","wpdc_publishing_error":"","footnotes":""},"class_list":["post-9635","page","type-page","status-publish","hentry"],"yoast_head":"<!-- This site is optimized with the Yoast SEO plugin v25.3.1 - https:\/\/yoast.com\/wordpress\/plugins\/seo\/ -->\n<title>Pinterest-Feed \u2013 Pinterest-Widget zur Webflow-Website hinzuf\u00fcgen (2025)<\/title>\n<meta name=\"description\" content=\"Testen Sie kostenlos das beste Pinterest-Feed-Widget f\u00fcr Webflow. Eine einfache und schnelle Installation ohne Entwicklungskenntnisse in nur wenigen Minuten.\" \/>\n<meta name=\"robots\" content=\"index, follow, max-snippet:-1, max-image-preview:large, max-video-preview:-1\" \/>\n<link rel=\"canonical\" href=\"https:\/\/elfsight.com\/de\/pinterest-feed-widget\/webflow\/\" \/>\n<meta property=\"og:locale\" content=\"de_DE\" \/>\n<meta property=\"og:type\" content=\"article\" \/>\n<meta property=\"og:title\" content=\"Pinterest-Feed \u2013 Pinterest-Widget zur Webflow-Website hinzuf\u00fcgen (2025)\" \/>\n<meta property=\"og:description\" content=\"Testen Sie kostenlos das beste Pinterest-Feed-Widget f\u00fcr Webflow. Eine einfache und schnelle Installation ohne Entwicklungskenntnisse in nur wenigen Minuten.\" \/>\n<meta property=\"og:url\" content=\"https:\/\/elfsight.com\/de\/pinterest-feed-widget\/webflow\/\" \/>\n<meta property=\"og:site_name\" content=\"Elfsight DE\" \/>\n<meta property=\"article:modified_time\" content=\"2025-02-12T12:39:31+00:00\" \/>\n<meta name=\"twitter:card\" content=\"summary_large_image\" \/>\n<meta name=\"twitter:label1\" content=\"Gesch\u00e4tzte Lesezeit\" \/>\n\t<meta name=\"twitter:data1\" content=\"3\u00a0Minuten\" \/>\n<!-- \/ Yoast SEO plugin. -->","yoast_head_json":{"title":"Pinterest-Feed \u2013 Pinterest-Widget zur Webflow-Website hinzuf\u00fcgen (2025)","description":"Testen Sie kostenlos das beste Pinterest-Feed-Widget f\u00fcr Webflow. Eine einfache und schnelle Installation ohne Entwicklungskenntnisse in nur wenigen Minuten.","robots":{"index":"index","follow":"follow","max-snippet":"max-snippet:-1","max-image-preview":"max-image-preview:large","max-video-preview":"max-video-preview:-1"},"canonical":"https:\/\/elfsight.com\/de\/pinterest-feed-widget\/webflow\/","og_locale":"de_DE","og_type":"article","og_title":"Pinterest-Feed \u2013 Pinterest-Widget zur Webflow-Website hinzuf\u00fcgen (2025)","og_description":"Testen Sie kostenlos das beste Pinterest-Feed-Widget f\u00fcr Webflow. Eine einfache und schnelle Installation ohne Entwicklungskenntnisse in nur wenigen Minuten.","og_url":"https:\/\/elfsight.com\/de\/pinterest-feed-widget\/webflow\/","og_site_name":"Elfsight DE","article_modified_time":"2025-02-12T12:39:31+00:00","twitter_card":"summary_large_image","twitter_misc":{"Gesch\u00e4tzte Lesezeit":"3\u00a0Minuten"},"schema":{"@context":"https:\/\/schema.org","@graph":[{"@type":"WebPage","@id":"https:\/\/elfsight.com\/de\/pinterest-feed-widget\/webflow\/","url":"https:\/\/elfsight.com\/de\/pinterest-feed-widget\/webflow\/","name":"Pinterest-Feed \u2013 Pinterest-Widget zur Webflow-Website hinzuf\u00fcgen (2025)","isPartOf":{"@id":"https:\/\/elfsight.com\/de\/#website"},"datePublished":"1970-01-01T00:00:00+00:00","dateModified":"2025-02-12T12:39:31+00:00","description":"Testen Sie kostenlos das beste Pinterest-Feed-Widget f\u00fcr Webflow. Eine einfache und schnelle Installation ohne Entwicklungskenntnisse in nur wenigen Minuten.","breadcrumb":{"@id":"https:\/\/elfsight.com\/de\/pinterest-feed-widget\/webflow\/#breadcrumb"},"inLanguage":"de","potentialAction":[{"@type":"ReadAction","target":["https:\/\/elfsight.com\/de\/pinterest-feed-widget\/webflow\/"]}]},{"@type":"BreadcrumbList","@id":"https:\/\/elfsight.com\/de\/pinterest-feed-widget\/webflow\/#breadcrumb","itemListElement":[{"@type":"ListItem","position":1,"name":"Home","item":"https:\/\/elfsight.com\/de\/"},{"@type":"ListItem","position":2,"name":"Pinterest Feed","item":"https:\/\/elfsight.com\/de\/pinterest-feed-widget\/"},{"@type":"ListItem","position":3,"name":"Pinterest Feed &#8211; Webflow"}]},{"@type":"WebSite","@id":"https:\/\/elfsight.com\/de\/#website","url":"https:\/\/elfsight.com\/de\/","name":"Elfsight DE","description":"Just another Elfsight Sites site","potentialAction":[{"@type":"SearchAction","target":{"@type":"EntryPoint","urlTemplate":"https:\/\/elfsight.com\/de\/?s={search_term_string}"},"query-input":{"@type":"PropertyValueSpecification","valueRequired":true,"valueName":"search_term_string"}}],"inLanguage":"de"}]}},"meta_box":{"industry":"","seo_heading":"","heading":"","description":"","cta_heading":"","cta_description":"","application":"477","h1":"Webflow Pinterest Feed-Widget","h1_caption":"Betten Sie einen Feed mit Pins aus Ihrem Pinterest-Konto ein, um m\u00fchelos dynamische und optisch ansprechende Inhalte auf Ihrer Webflow-Website anzuzeigen.","application_category":[],"applications_title":"","applications_request_title":"","applications_request_button_text":"","hero_text":"","hero_video":"","hero_video_schema_markup":"","selling_points_title":"","selling_points_caption":"","selling_points":[],"selling_points_cta_text":"","features_title":"","features":"","ed_cta_examples_text":"","ed_cta_examples_hidden":"","ed_cta_demo_text":"","ed_cta_demo_hidden":"","why_caption":"","why_editor_title":"","why_editor_text":"","why_team_title":"","why_team_text":"","why_service_title":"","why_service_text":"","template_catalog_visible":"0","template_catalog_title":"","template_catalog_text":"","template_catalog_categories_visible":"","demo_title":"Erstellen Sie Ihr Pinterest-Feed-Widget","demo_caption":"Konfigurieren Sie Ihren Pinterest-Feed und f\u00fcgen Sie ihn kostenlos zu Ihrer Webflow-Website hinzu!","default_faq_hidden":"","app_template_category":[],"platform":"250","template_public_id":"","codecanyon_url":"","codecanyon_item_id":"","codecanyon_price":"","pricing_caption":"","pricing_elfsight_apps_hide_column":"","pricing_elfsight_apps_url":"","pricing_codecanyon_price_caption":"","integration_category":[],"integration_request_title":"","integration_request_cta":"","integration_platform":"","integrations":[],"platform_category":[],"video_schema_markup":"","price":"ab 0 $ \/ Monat","trial":"","benefits":[{"text":"Kostenloser Installationsservice"},{"text":"Kompetenter Kundenservice"},{"text":"14-t\u00e4gige Geld-zur\u00fcck-Garantie"},{"text":"Kontinuierliche kostenlose Updates"}],"button_url":"#demo","button_target_blank":"0","button_nofollow":"0","attributes":[{"name":"Installiert","content":"10,000 - 100,000"},{"name":"Reaktionsfreudig","content":"Ja"},{"name":"Kompatible Browser","content":"Edge, Opera, Chrome, Firefox, Safari"}],"tags":[],"tags_disable_links":"0","hide_more_platforms":"0","video_object":"","demo_hide_cta":"0","demo_hide_cloud_options":"0","pricing_title":"","pricing":[{"pricing_icon":"platform","pricing_title":"Elfsight Apps","pricing_title_caption":"Plattform\u00fcbergreifende digitale L\u00f6sung","pricing_price":"ab 0 $ \/ Monat","pricing_price_caption":"Beginnen Sie mit einem kostenlosen Plan","pricing_benefits":[{"text":"Unbegrenzte Domains"},{"text":"Professioneller Kundensupport"},{"text":"Kostenlose Installationsunterst\u00fctzung"},{"text":"Sonderangebot f\u00fcr mehrere Apps"}],"pricing_button_text":"Zur Website hinzuf\u00fcgen","pricing_button_url":"#demo"}],"related_apps_title":"","related_apps_hidden":"0","author":"","image":[],"title":"","job":"","social_networks":[]},"_links":{"self":[{"href":"https:\/\/elfsight.com\/de\/wp-json\/wp\/v2\/pages\/9635","targetHints":{"allow":["GET"]}}],"collection":[{"href":"https:\/\/elfsight.com\/de\/wp-json\/wp\/v2\/pages"}],"about":[{"href":"https:\/\/elfsight.com\/de\/wp-json\/wp\/v2\/types\/page"}],"author":[{"embeddable":true,"href":"https:\/\/elfsight.com\/de\/wp-json\/wp\/v2\/users\/9"}],"replies":[{"embeddable":true,"href":"https:\/\/elfsight.com\/de\/wp-json\/wp\/v2\/comments?post=9635"}],"version-history":[{"count":4,"href":"https:\/\/elfsight.com\/de\/wp-json\/wp\/v2\/pages\/9635\/revisions"}],"predecessor-version":[{"id":24008,"href":"https:\/\/elfsight.com\/de\/wp-json\/wp\/v2\/pages\/9635\/revisions\/24008"}],"up":[{"embeddable":true,"href":"https:\/\/elfsight.com\/de\/wp-json\/wp\/v2\/pages\/2209"}],"wp:attachment":[{"href":"https:\/\/elfsight.com\/de\/wp-json\/wp\/v2\/media?parent=9635"}],"curies":[{"name":"wp","href":"https:\/\/api.w.org\/{rel}","templated":true}]}}