{"id":9634,"date":"1970-01-01T00:00:00","date_gmt":"1970-01-01T00:00:00","guid":{"rendered":"https:\/\/elfsight.com\/de\/?page_id=9634"},"modified":"2025-02-12T12:38:05","modified_gmt":"2025-02-12T12:38:05","slug":"squarespace","status":"publish","type":"page","link":"https:\/\/elfsight.com\/de\/pinterest-feed-widget\/squarespace\/","title":{"rendered":"Pinterest Feed &#8211; Squarespace"},"content":{"rendered":"\n<div class=\"application-platform-content-item-description application-platform-content-item\" id=\"description\" data-nav-section=\"description\"><h2>Pinterest-Feed auf Squarespace mit dem Elfsight-Widget einbetten<\/h2><p>Mit Hilfe des Pinterest-Feeds von Elfsight ist das m\u00f6glich F\u00fcgen Sie ohne zus\u00e4tzlichen Aufwand erstaunliche Bilder von Pinterest in Ihre Website ein. Mit dem Elfsight-Plugin k\u00f6nnen Sie beliebige Pins, Pinnw\u00e4nde und Ihr vollst\u00e4ndiges Profil in die Website integrieren. Ziehen Sie Ihre Kunden mit sorgf\u00e4ltig ausgew\u00e4hlten Bildern und Themenboards an und erstellen Sie Ihre eigenen einzigartigen Galerien. Erh\u00f6hen Sie die Reichweite Ihrer Bilder, steigern Sie das Engagement auf der Website und gewinnen Sie gleichzeitig neue Follower f\u00fcr Ihr Konto.<\/p><p><b>Bewerben Sie Ihre Angebote, Dienstleistungen und Erfolge auf der Website mithilfe von Pins und Pinnw\u00e4nden!<\/b><\/p><ul><li><b>Machen Sie Verk\u00e4ufe an, indem Sie Ihre Angebote pr\u00e4sentieren<\/b><br> Erstellen Sie Ihre eigenen einzigartigen Fotos mit Ihren Angeboten oder den neuesten Trends und Must-Buys, um die Leute neugierig zu machen zum Kauf.<\/li><li><b>Erzielen Sie eine bessere soziale Reichweite Ihrer Pinterest-Inhalte<\/b><br> Bieten Sie Benutzern, die nicht auf Pinterest sind, die M\u00f6glichkeit, Ihre sorgf\u00e4ltig ausgew\u00e4hlten Inhalte zu sehen und sie auf der Website zu ver\u00f6ffentlichen .<\/li><li><b>Erh\u00f6hen Sie die Verkaufszahlen mit attraktiven Bildern<\/b><br> W\u00e4hlen Sie die unwiderstehlichsten Bilder Ihrer Produkte oder Dienstleistungen aus; Zeigen Sie die neuesten Trends und \u00fcberzeugende Bilder an, um Menschen zum Kauf zu bewegen.<\/li><\/ul><\/div><div class=\"application-platform-content-item-features application-platform-content-item\" id=\"features\" data-nav-section=\"features\"><h2>Hauptfunktionen des Pinterest-Feed-Widgets<\/h2> <p>Das ist es, was unser Widget in ein hervorragendes Tool f\u00fcr die Squarespace-Website verwandelt:<\/p><ul><li>Zeigen Sie Pins und Pinnw\u00e4nde an und integrieren Sie Ihr Pinterest-Konto;<\/li><li>W\u00e4hlen Sie die Farbe des Hauptthemas; <\/li><li>Kopfzeile anzeigen oder ausblenden;<\/li><li>Mobil reaktionsf\u00e4hig in jeder Gr\u00f6\u00dfe und Proportion.<\/li><\/ul><p><a href=\"#demo\">Zus\u00e4tzliche Funktionen in kostenloser Konstruktor<\/a><\/p><\/div><div class=\"application-platform-content-item-installation application-platform-content-item\" id=\"installation\" data-nav-section=\"installation\"><h2>So f\u00fcgen Sie Pinterest-Feed zur Squarespace-Website hinzu<\/h2><div class=\"video-container\"><iframe width=\"560\" height=\"315\" src=\"https:\/\/www.youtube.com\/embed\/MK8QQlQ0RpY?si=yd4Jm0T6T5ydCIuJ\" frameborder=\"0\" allow=\"accelerometer; autoplay; clipboard-write; encrypted-media; gyroscope; picture-in-picture; web-share\" allowfullscreen><\/iframe><\/div><p>Ein einfaches Handbuch zum Einbetten eines Pinterest-Feeds in eine Webseite ohne Erfahrung in der Programmierung. Sie ben\u00f6tigen nur 3 Minuten, um diese Anleitung auszuf\u00fchren.<\/p><ol><li><b>Erstellen Sie Ihr individuelles Pinterest-Feed-Widget<\/b><br> Erstellen Sie mit unserem kostenlosen Editor ein Plugin mit Design und Funktionen, die Sie ben\u00f6tigen ben\u00f6tigen.<\/li><li><b>Holen Sie sich einen Code zum Einbetten des Plugins<\/b><br> Rufen Sie nach der Widget-Optimierung einen Code f\u00fcr das Pinterest-Plugin aus dem Popup-Fenster von Elfsight Apps ab.<\/li><li><b>Ver\u00f6ffentlichen Sie das Plugin auf der Squarespace-Website<\/b><br> Integrieren Sie das Plugin an der gew\u00fcnschten Stelle der Seite und \u00fcbernehmen Sie die \u00c4nderungen.<\/li><li><b>Fertig!<\/b><br> Gehen Sie auf Ihre Website, um Ihre Arbeit zu sehen.<\/li><\/ol><p>Haben Sie Probleme mit der Installation oder Anpassung des Plugins auf Ihrer Website? Schreiben Sie eine Nachricht an unser Hilfeteam.<\/p><\/div><div class=\"faq\" data-component=\"FAQ\"><div class=\"faq-item\">\r\n\t\t\t\t\t<div class=\"faq-item-question\">\r\n\t\t\t\t\t\t<h3 class=\"faq-item-question-text\">Wie f\u00fcge ich einen Pinterest-Feed ohne Codierung zu meiner Squarespace-Website hinzu?<\/h3>\r\n\r\n\t\t\t\t\t\t<div class=\"faq-item-question-icon\"><\/div>\r\n\t\t\t\t\t<\/div>\r\n\r\n\t\t\t\t\t<div class=\"faq-item-answer\">\r\n\t\t\t\t\t\t<div class=\"faq-item-answer-text\"><p>Das Unternehmen Elfsight bietet eine L\u00f6sung, mit der Benutzer selbst eine Pinterest-Feed-App erstellen k\u00f6nnen. Lernen Sie die unkomplizierte Anleitung: <\/p><ul><li>Beginnen Sie direkt in der Online-Demo mit der Arbeit, um eine Pinterest-Feed-App zu erstellen, die Sie hinzuf\u00fcgen m\u00f6chten auf Ihrer Squarespace-Website.<\/li><li>W\u00e4hlen Sie eine der vorgefertigten Vorlagen aus und passen Sie die Pinterest-Feed-Einstellungen an, aktualisieren Sie Ihre Inhalte, \u00e4ndern Sie das Layout und die Farbe der Elemente ohne Programmierkenntnisse.<\/li><li>Speichern Besuchen Sie den Pinterest-Feed und erhalten Sie den Code zum Einbetten, den Sie einfach in Ihre Squarespace-Website einbetten k\u00f6nnen, ohne eine kostenpflichtige Version kaufen zu m\u00fcssen. <\/li><\/ul><p>Mit Hilfe unseres benutzerfreundlichen Editors kann jeder Internetnutzer die Pinterest-Feed-App erstellen und sie in jede Squarespace-Homepage einbetten. Sie sollten nicht bezahlen oder Ihre Kartendaten eingeben, um auf unseren Editor zuzugreifen. Sollten bei irgendeinem Schritt Probleme auftreten, wenden Sie sich bitte an unseren Kundensupport.<\/p><\/div>\r\n\t\t\t\t\t<\/div>\r\n\t\t\t\t<\/div><\/div>\n","protected":false},"excerpt":{"rendered":"","protected":false},"author":9,"featured_media":0,"parent":2209,"menu_order":0,"comment_status":"closed","ping_status":"closed","template":"templates\/template-application-platform.php","meta":{"publish_to_discourse":"","publish_post_category":"","wpdc_auto_publish_overridden":"","wpdc_topic_tags":"","wpdc_pin_topic":"","wpdc_pin_until":"","discourse_post_id":"","discourse_permalink":"","wpdc_publishing_response":"","wpdc_publishing_error":"","footnotes":""},"class_list":["post-9634","page","type-page","status-publish","hentry"],"yoast_head":"<!-- This site is optimized with the Yoast SEO plugin v25.3.1 - https:\/\/yoast.com\/wordpress\/plugins\/seo\/ -->\n<title>Pinterest-Feed \u2013 Pinterest-Plugin zur Squarespace-Website hinzuf\u00fcgen (2025)<\/title>\n<meta name=\"description\" content=\"Gestalten Sie Ihr Pinterest-Feed-Plugin f\u00fcr Squarespace und betten Sie es in Ihre Website ein. Kostenlose Demo, Hilfe bei der Integration und weitere verschiedene Boni von Elfsight!\" \/>\n<meta name=\"robots\" content=\"index, follow, max-snippet:-1, max-image-preview:large, max-video-preview:-1\" \/>\n<link rel=\"canonical\" href=\"https:\/\/elfsight.com\/de\/pinterest-feed-widget\/squarespace\/\" \/>\n<meta property=\"og:locale\" content=\"de_DE\" \/>\n<meta property=\"og:type\" content=\"article\" \/>\n<meta property=\"og:title\" content=\"Pinterest-Feed \u2013 Pinterest-Plugin zur Squarespace-Website hinzuf\u00fcgen (2025)\" \/>\n<meta property=\"og:description\" content=\"Gestalten Sie Ihr Pinterest-Feed-Plugin f\u00fcr Squarespace und betten Sie es in Ihre Website ein. Kostenlose Demo, Hilfe bei der Integration und weitere verschiedene Boni von Elfsight!\" \/>\n<meta property=\"og:url\" content=\"https:\/\/elfsight.com\/de\/pinterest-feed-widget\/squarespace\/\" \/>\n<meta property=\"og:site_name\" content=\"Elfsight DE\" \/>\n<meta property=\"article:modified_time\" content=\"2025-02-12T12:38:05+00:00\" \/>\n<meta name=\"twitter:card\" content=\"summary_large_image\" \/>\n<meta name=\"twitter:label1\" content=\"Gesch\u00e4tzte Lesezeit\" \/>\n\t<meta name=\"twitter:data1\" content=\"3\u00a0Minuten\" \/>\n<!-- \/ Yoast SEO plugin. -->","yoast_head_json":{"title":"Pinterest-Feed \u2013 Pinterest-Plugin zur Squarespace-Website hinzuf\u00fcgen (2025)","description":"Gestalten Sie Ihr Pinterest-Feed-Plugin f\u00fcr Squarespace und betten Sie es in Ihre Website ein. Kostenlose Demo, Hilfe bei der Integration und weitere verschiedene Boni von Elfsight!","robots":{"index":"index","follow":"follow","max-snippet":"max-snippet:-1","max-image-preview":"max-image-preview:large","max-video-preview":"max-video-preview:-1"},"canonical":"https:\/\/elfsight.com\/de\/pinterest-feed-widget\/squarespace\/","og_locale":"de_DE","og_type":"article","og_title":"Pinterest-Feed \u2013 Pinterest-Plugin zur Squarespace-Website hinzuf\u00fcgen (2025)","og_description":"Gestalten Sie Ihr Pinterest-Feed-Plugin f\u00fcr Squarespace und betten Sie es in Ihre Website ein. Kostenlose Demo, Hilfe bei der Integration und weitere verschiedene Boni von Elfsight!","og_url":"https:\/\/elfsight.com\/de\/pinterest-feed-widget\/squarespace\/","og_site_name":"Elfsight DE","article_modified_time":"2025-02-12T12:38:05+00:00","twitter_card":"summary_large_image","twitter_misc":{"Gesch\u00e4tzte Lesezeit":"3\u00a0Minuten"},"schema":{"@context":"https:\/\/schema.org","@graph":[{"@type":"WebPage","@id":"https:\/\/elfsight.com\/de\/pinterest-feed-widget\/squarespace\/","url":"https:\/\/elfsight.com\/de\/pinterest-feed-widget\/squarespace\/","name":"Pinterest-Feed \u2013 Pinterest-Plugin zur Squarespace-Website hinzuf\u00fcgen (2025)","isPartOf":{"@id":"https:\/\/elfsight.com\/de\/#website"},"datePublished":"1970-01-01T00:00:00+00:00","dateModified":"2025-02-12T12:38:05+00:00","description":"Gestalten Sie Ihr Pinterest-Feed-Plugin f\u00fcr Squarespace und betten Sie es in Ihre Website ein. Kostenlose Demo, Hilfe bei der Integration und weitere verschiedene Boni von Elfsight!","breadcrumb":{"@id":"https:\/\/elfsight.com\/de\/pinterest-feed-widget\/squarespace\/#breadcrumb"},"inLanguage":"de","potentialAction":[{"@type":"ReadAction","target":["https:\/\/elfsight.com\/de\/pinterest-feed-widget\/squarespace\/"]}]},{"@type":"BreadcrumbList","@id":"https:\/\/elfsight.com\/de\/pinterest-feed-widget\/squarespace\/#breadcrumb","itemListElement":[{"@type":"ListItem","position":1,"name":"Home","item":"https:\/\/elfsight.com\/de\/"},{"@type":"ListItem","position":2,"name":"Pinterest Feed","item":"https:\/\/elfsight.com\/de\/pinterest-feed-widget\/"},{"@type":"ListItem","position":3,"name":"Pinterest Feed &#8211; Squarespace"}]},{"@type":"WebSite","@id":"https:\/\/elfsight.com\/de\/#website","url":"https:\/\/elfsight.com\/de\/","name":"Elfsight DE","description":"Just another Elfsight Sites site","potentialAction":[{"@type":"SearchAction","target":{"@type":"EntryPoint","urlTemplate":"https:\/\/elfsight.com\/de\/?s={search_term_string}"},"query-input":{"@type":"PropertyValueSpecification","valueRequired":true,"valueName":"search_term_string"}}],"inLanguage":"de"}]}},"meta_box":{"industry":"","seo_heading":"","heading":"","description":"","cta_heading":"","cta_description":"","application":"477","h1":"Squarespace Pinterest Feed-Plugin","h1_caption":"Betten Sie einen Feed mit Pins aus Ihrem Pinterest-Konto ein, um m\u00fchelos dynamische und optisch ansprechende Inhalte auf Ihrer Squarespace-Website anzuzeigen.","application_category":[],"applications_title":"","applications_request_title":"","applications_request_button_text":"","hero_text":"","hero_video":"","hero_video_schema_markup":"","selling_points_title":"","selling_points_caption":"","selling_points":[],"selling_points_cta_text":"","features_title":"","features":"","ed_cta_examples_text":"","ed_cta_examples_hidden":"","ed_cta_demo_text":"","ed_cta_demo_hidden":"","why_caption":"","why_editor_title":"","why_editor_text":"","why_team_title":"","why_team_text":"","why_service_title":"","why_service_text":"","template_catalog_visible":"0","template_catalog_title":"","template_catalog_text":"","template_catalog_categories_visible":"","demo_title":"Erstellen Sie Ihr Pinterest-Feed-Plugin","demo_caption":"Konfigurieren Sie Ihren Pinterest-Feed und f\u00fcgen Sie ihn kostenlos zu Ihrer Squarespace-Website hinzu!","default_faq_hidden":"","app_template_category":[],"platform":"252","template_public_id":"","codecanyon_url":"","codecanyon_item_id":"","codecanyon_price":"","pricing_caption":"","pricing_elfsight_apps_hide_column":"","pricing_elfsight_apps_url":"","pricing_codecanyon_price_caption":"","integration_category":[],"integration_request_title":"","integration_request_cta":"","integration_platform":"","integrations":[],"platform_category":[],"video_schema_markup":"","price":"ab 0 $ \/ Monat","trial":"","benefits":[{"text":"Kostenloser Installationsservice"},{"text":"Premium-Support"},{"text":"14-t\u00e4gige R\u00fcckerstattungsgarantie"},{"text":"Kontinuierliche Verbesserungen"}],"button_url":"#demo","button_target_blank":"0","button_nofollow":"0","attributes":[{"name":"Installiert","content":"10,000 - 100,000"},{"name":"Reaktionsfreudig","content":"Ja"},{"name":"Kompatible Browser","content":"Firefox, Safari, Opera, Chrome, Edge"}],"tags":[],"tags_disable_links":"0","hide_more_platforms":"0","video_object":"","demo_hide_cta":"0","demo_hide_cloud_options":"0","pricing_title":"","pricing":[{"pricing_icon":"platform","pricing_title":"Elfsight Apps","pricing_title_caption":"Plattform\u00fcbergreifende digitale L\u00f6sung, die f\u00fcr jeden Standort geeignet ist","pricing_price":"ab 0 $ \/ Monat","pricing_price_caption":"Beginnen Sie mit einem kostenlosen Plan","pricing_benefits":[{"text":"Unbegrenzte Domains"},{"text":"Professionelle und p\u00fcnktliche Unterst\u00fctzung"},{"text":"Kostenloser Installationssupport"},{"text":"100 % anpassbar"}],"pricing_button_text":"Zur Website hinzuf\u00fcgen","pricing_button_url":"#demo"}],"related_apps_title":"","related_apps_hidden":"0","author":"","image":[],"title":"","job":"","social_networks":[]},"_links":{"self":[{"href":"https:\/\/elfsight.com\/de\/wp-json\/wp\/v2\/pages\/9634","targetHints":{"allow":["GET"]}}],"collection":[{"href":"https:\/\/elfsight.com\/de\/wp-json\/wp\/v2\/pages"}],"about":[{"href":"https:\/\/elfsight.com\/de\/wp-json\/wp\/v2\/types\/page"}],"author":[{"embeddable":true,"href":"https:\/\/elfsight.com\/de\/wp-json\/wp\/v2\/users\/9"}],"replies":[{"embeddable":true,"href":"https:\/\/elfsight.com\/de\/wp-json\/wp\/v2\/comments?post=9634"}],"version-history":[{"count":3,"href":"https:\/\/elfsight.com\/de\/wp-json\/wp\/v2\/pages\/9634\/revisions"}],"predecessor-version":[{"id":24006,"href":"https:\/\/elfsight.com\/de\/wp-json\/wp\/v2\/pages\/9634\/revisions\/24006"}],"up":[{"embeddable":true,"href":"https:\/\/elfsight.com\/de\/wp-json\/wp\/v2\/pages\/2209"}],"wp:attachment":[{"href":"https:\/\/elfsight.com\/de\/wp-json\/wp\/v2\/media?parent=9634"}],"curies":[{"name":"wp","href":"https:\/\/api.w.org\/{rel}","templated":true}]}}