{"id":9633,"date":"1970-01-01T00:00:00","date_gmt":"1970-01-01T00:00:00","guid":{"rendered":"https:\/\/elfsight.com\/de\/?page_id=9633"},"modified":"2025-02-12T12:36:33","modified_gmt":"2025-02-12T12:36:33","slug":"shopify","status":"publish","type":"page","link":"https:\/\/elfsight.com\/de\/pinterest-feed-widget\/shopify\/","title":{"rendered":"Pinterest Feed &#8211; Shopify"},"content":{"rendered":"\n<div class=\"application-platform-content-item-description application-platform-content-item\" id=\"description\" data-nav-section=\"description\"><h2>Pinterest-Feed auf Shopify mit dem Elfsight-Widget einbetten<\/h2><p>Mit unserer Pinterest-App k\u00f6nnen Sie den Feed kostenlos in Ihre Website einbetten irgendwelche Fotos von Pinterest. Mit dem Elfsight-Widget k\u00f6nnen Sie bestimmte Pins, Pinnw\u00e4nde und Ihr vollst\u00e4ndiges Profil zu Ihrer Website hinzuf\u00fcgen. Ziehen Sie Ihre potenziellen Kunden mit den besten Fotos, Themenboards und Ihren eigenen, einzigartig gestalteten Kollektionen an. Erzielen Sie eine bessere Reichweite Ihrer Bilder, st\u00e4rken Sie das Engagement auf der Website und gewinnen Sie in der Zwischenzeit mehr Follower f\u00fcr Ihr Profil.<\/p><p><b>F\u00fcgen Sie Bilder von Pinterest schnell und einfach zu Ihrer Website hinzu.<\/b><\/p><ul><li><b>Steigern Sie das Engagement der Website-Besucher auf Ihrer Website<\/b><br> Sorgf\u00e4ltig ausgew\u00e4hlte Inhalte auf Ihrer Website werden maximale Aufmerksamkeit erregen und die Aufmerksamkeit der Benutzer fesseln.<\/li><li><b> Gewinnen Sie neue Follower auf Pinterest<\/b><br> Dank der im Feed verf\u00fcgbaren Schaltfl\u00e4che \u201eFolgen\u201c haben mehr Menschen die Chance, sich Ihren Abonnenten anzuschlie\u00dfen.<\/li><li><b>Erh\u00f6hen Sie mit dieser Hilfe die Anzahl der Verk\u00e4ufe von unwiderstehlichen Bildern<\/b><br> W\u00e4hlen Sie die besten Bilder Ihrer Angebote aus; Zeigen Sie die neuesten Trends und inspirierende Bilder, um Kunden zum Kauf zu verleiten.<\/li><\/ul><\/div><div class=\"application-platform-content-item-features application-platform-content-item\" id=\"features\" data-nav-section=\"features\"><h2>Hauptfunktionen des Pinterest-Feed-Widgets<\/h2><p>Hier sind die Funktionen, die unser Widget zum effektivsten Shopify-Instrument f\u00fcr Pinterest machen:<\/p><ul><li>Zeigen Sie Pins und Boards an und integrieren Sie Ihr Pinterest-Konto;<\/li><li>W\u00e4hlen Sie die Farbe des Hauptthemas;<\/li><li>Folgen-Schaltfl\u00e4che in der Kopfzeile f\u00fcr nahtloses Verfolgen Ihres Kontos;<\/li><li>Mobil reaktionsf\u00e4hig in jeder Gr\u00f6\u00dfe und Proportion.<\/li><\/ul><p><a href=\"#demo\">Weitere Funktionen in der kostenlosen Demo<\/a><\/p><\/div><div class=\"application-platform-content-item-installation application-platform-content-item\" id=\"installation\" data-nav-section=\"installation\"><h2>So f\u00fcgen Sie Pinterest-Feed zur Shopify-Website hinzu<\/h2><div class=\"video-container\"><iframe width=\"560\" height=\"315\" src=\"https:\/\/www.youtube.com\/embed\/W1j15RRs8dE?si=N1hVVK8YbpaLqX6e\" frameborder=\"0\" allow=\"accelerometer; autoplay; clipboard-write; encrypted-media; gyroscope; picture-in-picture; web-share\" allowfullscreen><\/iframe><\/div><p>Ein einfaches Tutorial zum Erstellen von Symbolen f\u00fcr eine Website ohne Kenntnisse in der Entwicklung. F\u00fcr die Durchf\u00fchrung der Anleitung ben\u00f6tigen Sie nur 2 Minuten.<\/p><ol><li><b>F\u00fchren Sie unseren kostenlosen Konfigurator aus und beginnen Sie mit der Erstellung Ihrer eigenen App. <\/b><br> Finden Sie die benutzerdefinierte Form und die Eigenschaften der App und \u00fcbernehmen Sie alle \u00c4nderungen. <\/li> <li><b>Holen Sie sich den pers\u00f6nlichen Code, der im Fenster von Elfsight Apps angezeigt wird. <\/b><br> Nachdem die Einrichtung Ihrer App abgeschlossen ist, kopieren Sie Ihren Code aus dem angezeigten Fenster und speichern Sie ihn f\u00fcr zuk\u00fcnftige Gelegenheiten. <\/li> <li><b>Geben Sie die Nutzung der App auf der Shopify-Website ein. <\/b><br> F\u00fcgen Sie den Code, den Sie k\u00fcrzlich kopiert haben, in Ihre Website ein und speichern Sie die \u00c4nderungen. <\/li> <li><b>Fertig! Die Einbettung wurde erfolgreich beendet. <\/b><br> Besuchen Sie Ihre Webseite, um die Funktionsweise der App in Aktion zu sehen. <\/li><\/ol><p>Haben Sie Fragen zum Leitfaden? Senden Sie eine Anfrage an unseren Support-Service.<\/p><\/div><div class=\"faq\" data-component=\"FAQ\"><div class=\"faq-item\">\r\n\t\t\t\t\t<div class=\"faq-item-question\">\r\n\t\t\t\t\t\t<h3 class=\"faq-item-question-text\">Gibt es eine Option zum Einbetten von Pinterest-Feeds in meine Shopify-Site ohne Codierung?<\/h3>\r\n\r\n\t\t\t\t\t\t<div class=\"faq-item-question-icon\"><\/div>\r\n\t\t\t\t\t<\/div>\r\n\r\n\t\t\t\t\t<div class=\"faq-item-answer\">\r\n\t\t\t\t\t\t<div class=\"faq-item-answer-text\"><p>Das Unternehmen Elfsight bietet eine SaaS-L\u00f6sung, mit der Benutzer selbst eine Pinterest-Feed-App erstellen k\u00f6nnen. Sehen Sie sich an, wie einfach der Vorgang ist: <\/p><ul><li>Arbeiten Sie im Live-Editor, um ein Pinterest-Feed-Widget zu erstellen, das Sie auch verwenden w\u00fcrden Ich m\u00f6chte es auf der Shopify-Startseite integrieren.<\/li><li>W\u00e4hlen Sie eine der vorgefertigten Vorlagen aus und \u00e4ndern Sie die Pinterest-Feed-Einstellungen, \u00e4ndern Sie das Layout und die Farben und f\u00fcgen Sie Ihre Inhalte ohne Programmierkenntnisse ein.<\/li><li>Klicken Sie zum Speichern den Pinterest-Feed und kopieren Sie den Code des Widgets f\u00fcr die Installation, der problemlos in die Shopify-Website eingef\u00fcgt werden kann, ohne dass ein kostenpflichtiges Abonnement erworben werden muss. <\/li><\/ul><p>Mit unserem benutzerfreundlichen Konfigurator kann jeder Webbenutzer einen Pinterest-Feed online erstellen und ihn m\u00fchelos in seine Shopify-Homepage einbetten. Es ist nicht erforderlich, zu bezahlen oder Ihre Kartendaten einzugeben, um auf den Elfsight-Dienst zuzugreifen. Sollten Sie bei irgendeinem Schritt auf Hindernisse sto\u00dfen, z\u00f6gern Sie nicht, sich an unsere Support-Mitarbeiter zu wenden.<\/p><\/div>\r\n\t\t\t\t\t<\/div>\r\n\t\t\t\t<\/div><\/div>\n","protected":false},"excerpt":{"rendered":"","protected":false},"author":9,"featured_media":0,"parent":2209,"menu_order":0,"comment_status":"closed","ping_status":"closed","template":"templates\/template-application-platform.php","meta":{"publish_to_discourse":"","publish_post_category":"","wpdc_auto_publish_overridden":"","wpdc_topic_tags":"","wpdc_pin_topic":"","wpdc_pin_until":"","discourse_post_id":"","discourse_permalink":"","wpdc_publishing_response":"","wpdc_publishing_error":"","footnotes":""},"class_list":["post-9633","page","type-page","status-publish","hentry"],"yoast_head":"<!-- This site is optimized with the Yoast SEO plugin v25.3.1 - https:\/\/yoast.com\/wordpress\/plugins\/seo\/ -->\n<title>Pinterest-Feed \u2013 Pinterest-App zur Shopify-Website hinzuf\u00fcgen (2025)<\/title>\n<meta name=\"description\" content=\"Entwerfen Sie eine responsive Pinterest-Feed-App f\u00fcr den Shopify-Shop. Erstellen Sie mit der schnellsten Online-Demo verschiedene Apps in nur drei Minuten.\" \/>\n<meta name=\"robots\" content=\"index, follow, max-snippet:-1, max-image-preview:large, max-video-preview:-1\" \/>\n<link rel=\"canonical\" href=\"https:\/\/elfsight.com\/de\/pinterest-feed-widget\/shopify\/\" \/>\n<meta property=\"og:locale\" content=\"de_DE\" \/>\n<meta property=\"og:type\" content=\"article\" \/>\n<meta property=\"og:title\" content=\"Pinterest-Feed \u2013 Pinterest-App zur Shopify-Website hinzuf\u00fcgen (2025)\" \/>\n<meta property=\"og:description\" content=\"Entwerfen Sie eine responsive Pinterest-Feed-App f\u00fcr den Shopify-Shop. Erstellen Sie mit der schnellsten Online-Demo verschiedene Apps in nur drei Minuten.\" \/>\n<meta property=\"og:url\" content=\"https:\/\/elfsight.com\/de\/pinterest-feed-widget\/shopify\/\" \/>\n<meta property=\"og:site_name\" content=\"Elfsight DE\" \/>\n<meta property=\"article:modified_time\" content=\"2025-02-12T12:36:33+00:00\" \/>\n<meta name=\"twitter:card\" content=\"summary_large_image\" \/>\n<meta name=\"twitter:label1\" content=\"Gesch\u00e4tzte Lesezeit\" \/>\n\t<meta name=\"twitter:data1\" content=\"4\u00a0Minuten\" \/>\n<!-- \/ Yoast SEO plugin. -->","yoast_head_json":{"title":"Pinterest-Feed \u2013 Pinterest-App zur Shopify-Website hinzuf\u00fcgen (2025)","description":"Entwerfen Sie eine responsive Pinterest-Feed-App f\u00fcr den Shopify-Shop. Erstellen Sie mit der schnellsten Online-Demo verschiedene Apps in nur drei Minuten.","robots":{"index":"index","follow":"follow","max-snippet":"max-snippet:-1","max-image-preview":"max-image-preview:large","max-video-preview":"max-video-preview:-1"},"canonical":"https:\/\/elfsight.com\/de\/pinterest-feed-widget\/shopify\/","og_locale":"de_DE","og_type":"article","og_title":"Pinterest-Feed \u2013 Pinterest-App zur Shopify-Website hinzuf\u00fcgen (2025)","og_description":"Entwerfen Sie eine responsive Pinterest-Feed-App f\u00fcr den Shopify-Shop. Erstellen Sie mit der schnellsten Online-Demo verschiedene Apps in nur drei Minuten.","og_url":"https:\/\/elfsight.com\/de\/pinterest-feed-widget\/shopify\/","og_site_name":"Elfsight DE","article_modified_time":"2025-02-12T12:36:33+00:00","twitter_card":"summary_large_image","twitter_misc":{"Gesch\u00e4tzte Lesezeit":"4\u00a0Minuten"},"schema":{"@context":"https:\/\/schema.org","@graph":[{"@type":"WebPage","@id":"https:\/\/elfsight.com\/de\/pinterest-feed-widget\/shopify\/","url":"https:\/\/elfsight.com\/de\/pinterest-feed-widget\/shopify\/","name":"Pinterest-Feed \u2013 Pinterest-App zur Shopify-Website hinzuf\u00fcgen (2025)","isPartOf":{"@id":"https:\/\/elfsight.com\/de\/#website"},"datePublished":"1970-01-01T00:00:00+00:00","dateModified":"2025-02-12T12:36:33+00:00","description":"Entwerfen Sie eine responsive Pinterest-Feed-App f\u00fcr den Shopify-Shop. Erstellen Sie mit der schnellsten Online-Demo verschiedene Apps in nur drei Minuten.","breadcrumb":{"@id":"https:\/\/elfsight.com\/de\/pinterest-feed-widget\/shopify\/#breadcrumb"},"inLanguage":"de","potentialAction":[{"@type":"ReadAction","target":["https:\/\/elfsight.com\/de\/pinterest-feed-widget\/shopify\/"]}]},{"@type":"BreadcrumbList","@id":"https:\/\/elfsight.com\/de\/pinterest-feed-widget\/shopify\/#breadcrumb","itemListElement":[{"@type":"ListItem","position":1,"name":"Home","item":"https:\/\/elfsight.com\/de\/"},{"@type":"ListItem","position":2,"name":"Pinterest Feed","item":"https:\/\/elfsight.com\/de\/pinterest-feed-widget\/"},{"@type":"ListItem","position":3,"name":"Pinterest Feed &#8211; Shopify"}]},{"@type":"WebSite","@id":"https:\/\/elfsight.com\/de\/#website","url":"https:\/\/elfsight.com\/de\/","name":"Elfsight DE","description":"Just another Elfsight Sites site","potentialAction":[{"@type":"SearchAction","target":{"@type":"EntryPoint","urlTemplate":"https:\/\/elfsight.com\/de\/?s={search_term_string}"},"query-input":{"@type":"PropertyValueSpecification","valueRequired":true,"valueName":"search_term_string"}}],"inLanguage":"de"}]}},"meta_box":{"industry":"","seo_heading":"","heading":"","description":"","cta_heading":"","cta_description":"","application":"477","h1":"Shopify Pinterest Feed-App","h1_caption":"Betten Sie einen Feed mit Pins aus Ihrem Pinterest-Konto ein, um m\u00fchelos dynamische und optisch ansprechende Inhalte auf Ihrer Shopify-Website anzuzeigen.","application_category":[],"applications_title":"","applications_request_title":"","applications_request_button_text":"","hero_text":"","hero_video":"","hero_video_schema_markup":"","selling_points_title":"","selling_points_caption":"","selling_points":[],"selling_points_cta_text":"","features_title":"","features":"","ed_cta_examples_text":"","ed_cta_examples_hidden":"","ed_cta_demo_text":"","ed_cta_demo_hidden":"","why_caption":"","why_editor_title":"","why_editor_text":"","why_team_title":"","why_team_text":"","why_service_title":"","why_service_text":"","template_catalog_visible":"0","template_catalog_title":"","template_catalog_text":"","template_catalog_categories_visible":"","demo_title":"Erstellen Sie Ihre Pinterest-Feed-App","demo_caption":"Konfigurieren Sie Ihren Pinterest-Feed und f\u00fcgen Sie ihn kostenlos zu Ihrer Shopify-Website hinzu!","default_faq_hidden":"","app_template_category":[],"platform":"253","template_public_id":"","codecanyon_url":"","codecanyon_item_id":"","codecanyon_price":"","pricing_caption":"","pricing_elfsight_apps_hide_column":"","pricing_elfsight_apps_url":"","pricing_codecanyon_price_caption":"","integration_category":[],"integration_request_title":"","integration_request_cta":"","integration_platform":"","integrations":[],"platform_category":[],"video_schema_markup":"","price":"ab 0 $ \/ Monat","trial":"","benefits":[{"text":"Kostenloser Installationsservice"},{"text":"Premium-Support"},{"text":"14-t\u00e4gige Geld-zur\u00fcck-Garantie"},{"text":"Kontinuierliche kostenlose Updates"}],"button_url":"#demo","button_target_blank":"0","button_nofollow":"0","attributes":[{"name":"Installiert","content":"10,000 - 100,000"},{"name":"Reaktionsfreudig","content":"Ja"},{"name":"Kompatible Browser","content":"Firefox, Safari, Opera, Chrome, Edge"}],"tags":[],"tags_disable_links":"0","hide_more_platforms":"0","video_object":"","demo_hide_cta":"0","demo_hide_cloud_options":"0","pricing_title":"","pricing":[{"pricing_icon":"platform","pricing_title":"Elfsight Apps","pricing_title_caption":"Plattform\u00fcbergreifende Version, die auf jeder Website funktioniert","pricing_price":"ab 0 $ \/ Monat","pricing_price_caption":"Beginnen Sie mit einem kostenlosen Plan","pricing_benefits":[{"text":"Unbegrenzte Websites"},{"text":"Premium-Support"},{"text":"Kostenloser Installationsservice"},{"text":"Sonderangebot f\u00fcr mehrere Apps"}],"pricing_button_text":"Zur Website hinzuf\u00fcgen","pricing_button_url":"#demo"}],"related_apps_title":"","related_apps_hidden":"0","author":"","image":[],"title":"","job":"","social_networks":[]},"_links":{"self":[{"href":"https:\/\/elfsight.com\/de\/wp-json\/wp\/v2\/pages\/9633","targetHints":{"allow":["GET"]}}],"collection":[{"href":"https:\/\/elfsight.com\/de\/wp-json\/wp\/v2\/pages"}],"about":[{"href":"https:\/\/elfsight.com\/de\/wp-json\/wp\/v2\/types\/page"}],"author":[{"embeddable":true,"href":"https:\/\/elfsight.com\/de\/wp-json\/wp\/v2\/users\/9"}],"replies":[{"embeddable":true,"href":"https:\/\/elfsight.com\/de\/wp-json\/wp\/v2\/comments?post=9633"}],"version-history":[{"count":3,"href":"https:\/\/elfsight.com\/de\/wp-json\/wp\/v2\/pages\/9633\/revisions"}],"predecessor-version":[{"id":24005,"href":"https:\/\/elfsight.com\/de\/wp-json\/wp\/v2\/pages\/9633\/revisions\/24005"}],"up":[{"embeddable":true,"href":"https:\/\/elfsight.com\/de\/wp-json\/wp\/v2\/pages\/2209"}],"wp:attachment":[{"href":"https:\/\/elfsight.com\/de\/wp-json\/wp\/v2\/media?parent=9633"}],"curies":[{"name":"wp","href":"https:\/\/api.w.org\/{rel}","templated":true}]}}