{"id":9628,"date":"1970-01-01T00:00:00","date_gmt":"1970-01-01T00:00:00","guid":{"rendered":"https:\/\/elfsight.com\/de\/?page_id=9628"},"modified":"2025-07-09T14:10:40","modified_gmt":"2025-07-09T14:10:40","slug":"opencart","status":"publish","type":"page","link":"https:\/\/elfsight.com\/de\/pinterest-feed-widget\/opencart\/","title":{"rendered":"Pinterest Feed &#8211; OpenCart"},"content":{"rendered":"<div class=\"application-platform-content-item-description application-platform-content-item\" id=\"description\" data-nav-section=\"description\"><h2>Beschreibung<\/h2><p>Elfsight Pinterest Feed erm\u00f6glicht die Anzeige Ihres Profils sowie aller Pins und Pinnw\u00e4nde von Pinterest auf Ihrer Website. Mit unserer Erweiterung k\u00f6nnen Sie nicht nur Ihr Konto einbetten, sondern auch Pins und Pinnw\u00e4nde ausw\u00e4hlen, um eine Fotoauswahl f\u00fcr Ihre Website zu erstellen. Pr\u00e4sentieren Sie Ihre Portfolios, inspirieren Sie Ihre zuk\u00fcnftigen Kunden, neue Inspirationen zu entdecken oder f\u00fcgen Sie einfach visuelle Inhalte zu Ihrer Website hinzu. Ein flexibles Widget hilft Ihnen dabei, die Abdeckung Ihrer Inhalte zu erweitern, das Engagement der Website-Besucher zu steigern und mehr Abonnenten auf Pinterest zu bringen.<\/p><p><b>Zeigen Sie Ihr Profil an, zeigen Sie Boards an und w\u00e4hlen Sie Pins aus, um das attraktivste Bild zu pr\u00e4sentieren Inhalte auf Ihrer Website!<\/b><\/p><ul><li><b>Erzielen Sie neue Verk\u00e4ufe, indem Sie Ihre Artikel pr\u00e4sentieren<\/b><br> Erstellen Sie Ihre eigenen einzigartigen Fotogalerien mit Ihren Projekten, neuesten Trends usw Must-Buys, um Menschen zum Kauf zu bewegen.<\/li><li><b>Follower auf Pinterest gewinnen<\/b><br> Mit der Schaltfl\u00e4che \u201eFolgen\u201c im Feed haben mehr Benutzer die M\u00f6glichkeit, sich Ihren Followern anzuschlie\u00dfen. <\/li><li><b>Gr\u00f6\u00dfere Menge an nutzerinteressierenden Bildern auf Ihrer Website<\/b><br> Mit Hilfe von Pins und Pinnw\u00e4nden, die Ihnen zur Verf\u00fcgung stehen, k\u00f6nnen Sie ganz einfach den besten visuellen Inhalt f\u00fcr Ihre Website ausw\u00e4hlen Binden Sie Ihre Kunden ein.<\/li><\/ul><\/div><div class=\"application-platform-content-item-features application-platform-content-item\" id=\"features\" data-nav-section=\"features\"><h2>Funktionen<\/h2><p>Warum ist unsere Erweiterung die beste unter den effektiven OpenCart-Widgets? Auf die Funktionen kommt es an:<\/p><ul><li>Kontotitel, Follower und Anzahl der Follower anzeigen.<\/li><li>Hauptthemafarbe w\u00e4hlen;<\/li><li>Kopfzeile anzeigen oder ausblenden; <\/li><li>Mobil reaktionsf\u00e4hig in jeder Gr\u00f6\u00dfe und Proportion.<\/li><\/ul><p><a href=\"#demo\">\u00dcberpr\u00fcfen Sie alle Funktionen in der Live-Demo<\/a><\/p> <\/div><div class=\"application-platform-content-item-installation application-platform-content-item\" id=\"installation\" data-nav-section=\"installation\"><h2>So f\u00fcgen Sie den Pinterest-Feed zur OpenCart-Website hinzu<\/h2><p>Befolgen Sie einfach die nachstehenden Anweisungen, um die Erweiterung auf OpenCart zu aktivieren.<\/p> <ol><li><b>Verwalten Sie unseren kostenlosen Konfigurator und beginnen Sie mit der Gestaltung Ihrer eigenen Erweiterung. <\/b><br> Finden Sie die gew\u00fcnschte Form und die funktionalen Merkmale des Widgets und nehmen Sie die Korrekturen vor. <\/li> <li><b>Kopieren Sie Ihren einzigartigen Code, der im speziellen Formular auf Elfsight Apps angezeigt wird. <\/b><br> Nachdem die Einrichtung Ihrer pers\u00f6nlichen Pinterest-Feed-Erweiterung abgeschlossen ist, kopieren Sie den exklusiven Code aus dem entstandenen Popup und bewahren Sie ihn f\u00fcr die sp\u00e4tere Verwendung auf. <\/li> <li><b>Erste Schritte mit der Verwendung des Tools auf Ihrer OpenCart-Website. <\/b><br> Betten Sie den zuvor gespeicherten Code in Ihre Seite ein und \u00fcbernehmen Sie die Anpassungen. <\/li> <li><b>Du bist fertig! Die Einbettung ist vollst\u00e4ndig durchgef\u00fchrt. <\/b><br> Gehen Sie zu Ihrer Seite, um zu pr\u00fcfen, wie das Widget funktioniert. <\/li><\/ol> <p>Sind Sie bei der Anwendung des Handbuchs auf etwas gesto\u00dfen? Senden Sie eine Nachricht an das Elfsight-Supportcenter.<\/p><\/div><div class=\"faq\" data-component=\"FAQ\"><div class=\"faq-item\">\r\n\t\t\t\t\t<div class=\"faq-item-question\">\r\n\t\t\t\t\t\t<h3 class=\"faq-item-question-text\">Wie kann ich Pinterest-Feeds ohne Programmierkenntnisse in meine OpenCart-Webseite einbetten?<\/h3>\r\n\r\n\t\t\t\t\t\t<div class=\"faq-item-question-icon\"><\/div>\r\n\t\t\t\t\t<\/div>\r\n\r\n\t\t\t\t\t<div class=\"faq-item-answer\">\r\n\t\t\t\t\t\t<div class=\"faq-item-answer-text\"><p>Das Unternehmen Elfsight bietet eine Cloud-L\u00f6sung, mit der Benutzer selbst ein Pinterest-Feed-Plugin erstellen k\u00f6nnen. Sehen Sie sich die einfachen Schritte an: <\/p><ul><li>Arbeiten Sie im Live-Editor, um ein Pinterest-Feed-Plugin zu erstellen, das Sie m\u00f6chten Integrieren Sie es auf der OpenCart-Webseite.<\/li><li>Entscheiden Sie sich f\u00fcr eine unserer vorgefertigten Vorlagen und passen Sie die Pinterest-Feed-Einstellungen an, \u00e4ndern Sie das Layout und die Farben und f\u00fcgen Sie Ihre Inhalte ohne Programmiererfahrung ein.<\/li><li> Speichern Sie den Pinterest-Feed und erhalten Sie den Widget-Code zum Einbetten, der im Rahmen eines kostenlosen Plans m\u00fchelos in jede OpenCart-Homepage eingef\u00fcgt werden kann. <\/li><\/ul><p>Mit Hilfe unseres intuitiven Editors kann jeder Internetnutzer ein Pinterest-Feed-Widget erstellen und problemlos zu jeder OpenCart-Webseite hinzuf\u00fcgen. Sie sollten nicht bezahlen oder Ihre Kartendaten offenlegen, um auf den Elfsight Editor zuzugreifen. Wenn Sie auf Hindernisse jeglicher Art sto\u00dfen, wenden Sie sich bitte an unser Support-Team.<\/p><\/div>\r\n\t\t\t\t\t<\/div>\r\n\t\t\t\t<\/div><\/div>","protected":false},"excerpt":{"rendered":"","protected":false},"author":9,"featured_media":0,"parent":2209,"menu_order":0,"comment_status":"closed","ping_status":"closed","template":"templates\/template-application-platform.php","meta":{"publish_to_discourse":"","publish_post_category":"","wpdc_auto_publish_overridden":"","wpdc_topic_tags":"","wpdc_pin_topic":"","wpdc_pin_until":"","discourse_post_id":"","discourse_permalink":"","wpdc_publishing_response":"","wpdc_publishing_error":"","footnotes":""},"class_list":["post-9628","page","type-page","status-publish","hentry"],"yoast_head":"<!-- This site is optimized with the Yoast SEO plugin v25.3.1 - https:\/\/yoast.com\/wordpress\/plugins\/seo\/ -->\n<title>Pinterest-Feed \u2013 Pinterest-Erweiterung zur OpenCart-Website hinzuf\u00fcgen (2025)<\/title>\n<meta name=\"description\" content=\"Erstellen Sie eine benutzerdefinierte Pinterest-Feed-Erweiterung f\u00fcr Ihre OpenCart-Website. Schauen Sie sich den einfachsten Editor zum Erstellen von Erweiterungen an.\" \/>\n<meta name=\"robots\" content=\"index, follow, max-snippet:-1, max-image-preview:large, max-video-preview:-1\" \/>\n<link rel=\"canonical\" href=\"https:\/\/elfsight.com\/de\/pinterest-feed-widget\/opencart\/\" \/>\n<meta property=\"og:locale\" content=\"de_DE\" \/>\n<meta property=\"og:type\" content=\"article\" \/>\n<meta property=\"og:title\" content=\"Pinterest-Feed \u2013 Pinterest-Erweiterung zur OpenCart-Website hinzuf\u00fcgen (2025)\" \/>\n<meta property=\"og:description\" content=\"Erstellen Sie eine benutzerdefinierte Pinterest-Feed-Erweiterung f\u00fcr Ihre OpenCart-Website. Schauen Sie sich den einfachsten Editor zum Erstellen von Erweiterungen an.\" \/>\n<meta property=\"og:url\" content=\"https:\/\/elfsight.com\/de\/pinterest-feed-widget\/opencart\/\" \/>\n<meta property=\"og:site_name\" content=\"Elfsight DE\" \/>\n<meta property=\"article:modified_time\" content=\"2025-07-09T14:10:40+00:00\" \/>\n<meta name=\"twitter:card\" content=\"summary_large_image\" \/>\n<meta name=\"twitter:label1\" content=\"Gesch\u00e4tzte Lesezeit\" \/>\n\t<meta name=\"twitter:data1\" content=\"3\u00a0Minuten\" \/>\n<!-- \/ Yoast SEO plugin. -->","yoast_head_json":{"title":"Pinterest-Feed \u2013 Pinterest-Erweiterung zur OpenCart-Website hinzuf\u00fcgen (2025)","description":"Erstellen Sie eine benutzerdefinierte Pinterest-Feed-Erweiterung f\u00fcr Ihre OpenCart-Website. Schauen Sie sich den einfachsten Editor zum Erstellen von Erweiterungen an.","robots":{"index":"index","follow":"follow","max-snippet":"max-snippet:-1","max-image-preview":"max-image-preview:large","max-video-preview":"max-video-preview:-1"},"canonical":"https:\/\/elfsight.com\/de\/pinterest-feed-widget\/opencart\/","og_locale":"de_DE","og_type":"article","og_title":"Pinterest-Feed \u2013 Pinterest-Erweiterung zur OpenCart-Website hinzuf\u00fcgen (2025)","og_description":"Erstellen Sie eine benutzerdefinierte Pinterest-Feed-Erweiterung f\u00fcr Ihre OpenCart-Website. Schauen Sie sich den einfachsten Editor zum Erstellen von Erweiterungen an.","og_url":"https:\/\/elfsight.com\/de\/pinterest-feed-widget\/opencart\/","og_site_name":"Elfsight DE","article_modified_time":"2025-07-09T14:10:40+00:00","twitter_card":"summary_large_image","twitter_misc":{"Gesch\u00e4tzte Lesezeit":"3\u00a0Minuten"},"schema":{"@context":"https:\/\/schema.org","@graph":[{"@type":"WebPage","@id":"https:\/\/elfsight.com\/de\/pinterest-feed-widget\/opencart\/","url":"https:\/\/elfsight.com\/de\/pinterest-feed-widget\/opencart\/","name":"Pinterest-Feed \u2013 Pinterest-Erweiterung zur OpenCart-Website hinzuf\u00fcgen (2025)","isPartOf":{"@id":"https:\/\/elfsight.com\/de\/#website"},"datePublished":"1970-01-01T00:00:00+00:00","dateModified":"2025-07-09T14:10:40+00:00","description":"Erstellen Sie eine benutzerdefinierte Pinterest-Feed-Erweiterung f\u00fcr Ihre OpenCart-Website. Schauen Sie sich den einfachsten Editor zum Erstellen von Erweiterungen an.","breadcrumb":{"@id":"https:\/\/elfsight.com\/de\/pinterest-feed-widget\/opencart\/#breadcrumb"},"inLanguage":"de","potentialAction":[{"@type":"ReadAction","target":["https:\/\/elfsight.com\/de\/pinterest-feed-widget\/opencart\/"]}]},{"@type":"BreadcrumbList","@id":"https:\/\/elfsight.com\/de\/pinterest-feed-widget\/opencart\/#breadcrumb","itemListElement":[{"@type":"ListItem","position":1,"name":"Home","item":"https:\/\/elfsight.com\/de\/"},{"@type":"ListItem","position":2,"name":"Pinterest Feed","item":"https:\/\/elfsight.com\/de\/pinterest-feed-widget\/"},{"@type":"ListItem","position":3,"name":"Pinterest Feed &#8211; OpenCart"}]},{"@type":"WebSite","@id":"https:\/\/elfsight.com\/de\/#website","url":"https:\/\/elfsight.com\/de\/","name":"Elfsight DE","description":"Just another Elfsight Sites site","potentialAction":[{"@type":"SearchAction","target":{"@type":"EntryPoint","urlTemplate":"https:\/\/elfsight.com\/de\/?s={search_term_string}"},"query-input":{"@type":"PropertyValueSpecification","valueRequired":true,"valueName":"search_term_string"}}],"inLanguage":"de"}]}},"meta_box":{"industry":"","seo_heading":"","heading":"","description":"","cta_heading":"","cta_description":"","application":"477","h1":"OpenCart Pinterest Feed-Erweiterung","h1_caption":"Betten Sie einen Feed mit Pins aus Ihrem Pinterest-Konto ein, um m\u00fchelos dynamische und optisch ansprechende Inhalte auf Ihrer Opencart-Website anzuzeigen.","application_category":[],"applications_title":"","applications_request_title":"","applications_request_button_text":"","hero_text":"","hero_video":"","hero_video_schema_markup":"","selling_points_title":"","selling_points_caption":"","selling_points":[],"selling_points_cta_text":"","features_title":"","features":"","ed_cta_examples_text":"","ed_cta_examples_hidden":"","ed_cta_demo_text":"","ed_cta_demo_hidden":"","why_caption":"","why_editor_title":"","why_editor_text":"","why_team_title":"","why_team_text":"","why_service_title":"","why_service_text":"","template_catalog_visible":"","template_catalog_title":"","template_catalog_text":"","template_catalog_categories_visible":"","demo_title":"Erstellen Sie Ihre Pinterest-Feed-Erweiterung","demo_caption":"Konfigurieren Sie Ihren Pinterest-Feed und f\u00fcgen Sie ihn kostenlos zu Ihrer OpenCart-Website hinzu!","default_faq_hidden":"","app_template_category":[],"platform":"254","template_public_id":"","codecanyon_url":"","codecanyon_item_id":"","codecanyon_price":"","pricing_caption":"","pricing_elfsight_apps_hide_column":"","pricing_elfsight_apps_url":"","pricing_codecanyon_price_caption":"","integration_category":[],"integration_request_title":"","integration_request_cta":"","integration_platform":"","integrations":[],"platform_category":[],"video_schema_markup":"","price":"ab 0 $ \/ Monat","trial":"","benefits":[{"text":"Kostenlose Installationsunterst\u00fctzung"},{"text":"Kompetenter Kundenservice"},{"text":"14-t\u00e4gige Geld-zur\u00fcck-Garantie"},{"text":"Lebenslange kostenlose Verbesserungen"}],"button_url":"#demo","button_target_blank":"","button_nofollow":"","attributes":[{"name":"Installiert","content":"10,000 - 100,000"},{"name":"Reaktionsfreudig","content":"Ja"},{"name":"Kompatible Browser","content":"Edge, Firefox, Chrome, Opera, Safari"}],"tags":[],"tags_disable_links":"","hide_more_platforms":"","video_object":"","demo_hide_cta":"","demo_hide_cloud_options":"","pricing_title":"","pricing":[{"pricing_icon":"platform","pricing_title":"Elfsight Apps","pricing_title_caption":"Plattformunabh\u00e4ngige Version, die auf jeder Website funktioniert","pricing_price":"ab 0 $ \/ Monat","pricing_price_caption":"Beginnen Sie mit einem kostenlosen Plan","pricing_benefits":[{"text":"Unbegrenzte Domains"},{"text":"Schneller Kundensupport"},{"text":"Kostenlose Installationshilfe"},{"text":"100 % anpassbar"}],"pricing_button_text":"Zur Website hinzuf\u00fcgen","pricing_button_url":"#demo"}],"related_apps_title":"","related_apps_hidden":"","author":"","image":[],"title":"","job":"","social_networks":[]},"_links":{"self":[{"href":"https:\/\/elfsight.com\/de\/wp-json\/wp\/v2\/pages\/9628","targetHints":{"allow":["GET"]}}],"collection":[{"href":"https:\/\/elfsight.com\/de\/wp-json\/wp\/v2\/pages"}],"about":[{"href":"https:\/\/elfsight.com\/de\/wp-json\/wp\/v2\/types\/page"}],"author":[{"embeddable":true,"href":"https:\/\/elfsight.com\/de\/wp-json\/wp\/v2\/users\/9"}],"replies":[{"embeddable":true,"href":"https:\/\/elfsight.com\/de\/wp-json\/wp\/v2\/comments?post=9628"}],"version-history":[{"count":2,"href":"https:\/\/elfsight.com\/de\/wp-json\/wp\/v2\/pages\/9628\/revisions"}],"predecessor-version":[{"id":21720,"href":"https:\/\/elfsight.com\/de\/wp-json\/wp\/v2\/pages\/9628\/revisions\/21720"}],"up":[{"embeddable":true,"href":"https:\/\/elfsight.com\/de\/wp-json\/wp\/v2\/pages\/2209"}],"wp:attachment":[{"href":"https:\/\/elfsight.com\/de\/wp-json\/wp\/v2\/media?parent=9628"}],"curies":[{"name":"wp","href":"https:\/\/api.w.org\/{rel}","templated":true}]}}