{"id":9626,"date":"1970-01-01T00:00:00","date_gmt":"1970-01-01T00:00:00","guid":{"rendered":"https:\/\/elfsight.com\/de\/?page_id=9626"},"modified":"2025-02-12T11:03:18","modified_gmt":"2025-02-12T11:03:18","slug":"html","status":"publish","type":"page","link":"https:\/\/elfsight.com\/de\/pinterest-feed-widget\/html\/","title":{"rendered":"Pinterest Feed &#8211; HTML"},"content":{"rendered":"\n<div class=\"application-platform-content-item-description application-platform-content-item\" id=\"description\" data-nav-section=\"description\"><h2>Beschreibung<\/h2><p>Mit Pinterest Feed von Elfsight k\u00f6nnen Sie Ihrer Website ganz einfach faszinierende visuelle Inhalte von Pinterest hinzuf\u00fcgen. Der Elfsight-Pinterest-Code erm\u00f6glicht die Integration gew\u00fcnschter Pins, Pinnw\u00e4nde und Ihres vollst\u00e4ndigen Kontos in die Website. Begeistern Sie Ihre Benutzer mit sorgf\u00e4ltig ausgew\u00e4hlten Bildern, Themenboards und Ihren eigenen einzigartigen Galerien. Erzielen Sie eine bessere Abdeckung Ihrer Fotos, steigern Sie das Engagement auf Ihrer Website und gewinnen Sie gleichzeitig neue Follower f\u00fcr Ihr Pinterest-Profil.<\/p><p><b> Erg\u00e4nzen Sie den Inhalt Ihrer Website mit Bildmaterial von Pinterest. Das geht schnell und einfach.<\/b><\/p><ul><li><b>Erzielen Sie mehr Verk\u00e4ufe, indem Sie Ihre Angebote pr\u00e4sentieren<\/b><br> Pr\u00e4sentieren Sie Ihre eigenen, einzigartig gestalteten Fotosets mit Ihren im Angebot befindlichen oder neuesten Artikeln Tendenzen und Must-haves, damit Menschen entdecken, was sie kaufen sollen.<\/li><li><b>Erzielen Sie eine bessere soziale Reichweite Ihrer Bilder<\/b><br> Geben Sie Menschen, die nicht auf Pinterest sind, die M\u00f6glichkeit, etwas zu kaufen Schauen Sie sich Ihre sorgf\u00e4ltig ausgew\u00e4hlten Inhalte an und demonstrieren Sie sie auf der Website.<\/li><li><b>Erh\u00f6hen Sie die Anzahl der Verk\u00e4ufe mit verlockenden Bildern<\/b><br> W\u00e4hlen Sie die besten Bilder Ihrer Artikel aus; Zeigen Sie die neuesten Trends und inspirierende Bilder, um Menschen zum Kauf zu bewegen.<\/li><\/ul><\/div><div class=\"application-platform-content-item-features application-platform-content-item\" id=\"features\" data-nav-section=\"features\"><h2>Funktionen<\/h2><p>Welche Vorteile bietet das Elfsight-Plugin \u2013 das Beste f\u00fcr jede HTML-Website? Entdecken Sie unsere wichtigsten Eigenschaften.<\/p><ul><li>Kontotitel, Follower und Anzahl der Follower anzeigen;<\/li><li>22 beliebte Sprachen verf\u00fcgbar;<\/li><li>Folgen-Schaltfl\u00e4che in der Kopfzeile f\u00fcr Nahtloses Verfolgen Ihres Kontos;<\/li><li>Klicken Sie auf das Bild, um es auf Pinterest zu \u00f6ffnen.<\/li><\/ul><p><a href=\"#demo\">Lernen Sie die wichtigsten Funktionen kennen im Elfsight-Konfigurator<\/a><\/p><\/div><div class=\"application-platform-content-item-installation application-platform-content-item\" id=\"installation\" data-nav-section=\"installation\"><h2>So f\u00fcgen Sie Pinterest-Feed-Code zur HTML-Website hinzu<\/h2><div class=\"video-container\"><iframe width=\"720\" height=\"405\" src=\"https:\/\/www.youtube.com\/embed\/mhubNke0YcQ\"><\/iframe><\/div><p>A Die komplette Installation dauert nur 1 Minute und dar\u00fcber hinaus sind keine Programmierkenntnisse erforderlich.<\/p><ol><li><b>Erstellen Sie Ihr einzigartiges Pinterest-Feed-Widget<\/b><br> Gestalten Sie mit unserem kostenlosen Konfigurator ein Plugin mit der gew\u00fcnschten Vorlage und den gew\u00fcnschten Optionen.<\/li><li><b>Erhalten Sie einen Code zum Einrichten des Plugins<\/b><br> Nach der Widget-Einstellung erhalten Sie einen Code f\u00fcr Pinterest-Plugin aus der angezeigten Benachrichtigung auf Elfsight Apps. Speichern Sie es zur weiteren Verwendung.<\/li><li><b>Zeigen Sie das Widget auf der HTML-Seite an<\/b><br> Starten Sie den Seitencode im HTML-Editor und integrieren Sie das Widget an jeder gew\u00fcnschten Stelle (Inhalt, Fu\u00dfzeile, Seitenleiste usw.) und \u00fcbernehmen Sie die \u00c4nderungen.<\/li><li><b>Die Installation ist abgeschlossen<\/b><br> Gehen Sie zur Website, um Ihr Widget zu \u00fcberpr\u00fcfen.<\/li><\/ol><p>Sind Sie beim Durchf\u00fchren des Handbuchs auf Schwierigkeiten gesto\u00dfen? Hinterlassen Sie eine Nachricht an unser Support-Center.<\/p><\/div><div class=\"faq\" data-component=\"FAQ\"><div class=\"faq-item\">\r\n\t\t\t\t\t<div class=\"faq-item-question\">\r\n\t\t\t\t\t\t<h3 class=\"faq-item-question-text\">Wie ist es m\u00f6glich, Pinterest-Feed ohne Codierung in meine HTML-Website einzubetten? ?<\/h3>\r\n\r\n\t\t\t\t\t\t<div class=\"faq-item-question-icon\"><\/div>\r\n\t\t\t\t\t<\/div>\r\n\r\n\t\t\t\t\t<div class=\"faq-item-answer\">\r\n\t\t\t\t\t\t<div class=\"faq-item-answer-text\"><p>Das Unternehmen Elfsight bietet eine SaaS-L\u00f6sung, mit der ein breites Publikum selbst einen Pinterest-Feed-Bereich erstellen kann. Sehen Sie, wie einfach es ist: <\/p><ul><li>Arbeiten Sie direkt im Live-Editor, um einen Pinterest-Feed zu erstellen App, die Sie auf der HTML-Website anzeigen m\u00f6chten.<\/li><li>W\u00e4hlen Sie eine der vorgefertigten Vorlagen und optimieren Sie die Pinterest-Feed-Einstellungen, \u00e4ndern Sie das Layout und die Farben und f\u00fcgen Sie Ihre Inhalte ohne Programmierkenntnisse ein.<\/li><li>Klicken Sie, um den Pinterest-Feed zu speichern und den Code des Widgets zur Installation zu kopieren, den Sie einfach kostenlos in Ihre HTML-Homepage einf\u00fcgen k\u00f6nnen. <\/li><\/ul><p>Mit Hilfe unseres intuitiven Konfigurators kann jeder Internetnutzer den Pinterest-Feed-Bereich online erstellen und problemlos zur HTML-Site hinzuf\u00fcgen. Sie d\u00fcrfen kein kostenpflichtiges Abonnement abschlie\u00dfen oder Ihre Kartendaten offenlegen, um auf unseren Editor zuzugreifen. Sollten Sie bei irgendeinem Schritt auf Hindernisse sto\u00dfen, k\u00f6nnen Sie sich gerne an unser Support-Team wenden.<\/p><\/div>\r\n\t\t\t\t\t<\/div>\r\n\t\t\t\t<\/div><\/div>\n","protected":false},"excerpt":{"rendered":"","protected":false},"author":9,"featured_media":0,"parent":2209,"menu_order":0,"comment_status":"closed","ping_status":"closed","template":"templates\/template-application-platform.php","meta":{"publish_to_discourse":"","publish_post_category":"","wpdc_auto_publish_overridden":"","wpdc_topic_tags":"","wpdc_pin_topic":"","wpdc_pin_until":"","discourse_post_id":"","discourse_permalink":"","wpdc_publishing_response":"","wpdc_publishing_error":"","footnotes":""},"class_list":["post-9626","page","type-page","status-publish","hentry"],"yoast_head":"<!-- This site is optimized with the Yoast SEO plugin v25.3.1 - https:\/\/yoast.com\/wordpress\/plugins\/seo\/ -->\n<title>HTML-Pinterest-Feed-Widget \u2013 F\u00fcgen Sie Pinterest-Code zu HTML-Websites hinzu<\/title>\n<meta name=\"description\" content=\"Integrieren Sie den Pinterest-Feed-Widget-Code in HTML in nur 1 Minute. Probieren Sie alle Hauptfunktionen des besten Pinterest-Plugins in einem kostenlosen Konfigurator aus.\" \/>\n<meta name=\"robots\" content=\"index, follow, max-snippet:-1, max-image-preview:large, max-video-preview:-1\" \/>\n<link rel=\"canonical\" href=\"https:\/\/elfsight.com\/de\/pinterest-feed-widget\/html\/\" \/>\n<meta property=\"og:locale\" content=\"de_DE\" \/>\n<meta property=\"og:type\" content=\"article\" \/>\n<meta property=\"og:title\" content=\"HTML-Pinterest-Feed-Widget \u2013 F\u00fcgen Sie Pinterest-Code zu HTML-Websites hinzu\" \/>\n<meta property=\"og:description\" content=\"Integrieren Sie den Pinterest-Feed-Widget-Code in HTML in nur 1 Minute. Probieren Sie alle Hauptfunktionen des besten Pinterest-Plugins in einem kostenlosen Konfigurator aus.\" \/>\n<meta property=\"og:url\" content=\"https:\/\/elfsight.com\/de\/pinterest-feed-widget\/html\/\" \/>\n<meta property=\"og:site_name\" content=\"Elfsight DE\" \/>\n<meta property=\"article:modified_time\" content=\"2025-02-12T11:03:18+00:00\" \/>\n<meta name=\"twitter:card\" content=\"summary_large_image\" \/>\n<meta name=\"twitter:label1\" content=\"Gesch\u00e4tzte Lesezeit\" \/>\n\t<meta name=\"twitter:data1\" content=\"3\u00a0Minuten\" \/>\n<!-- \/ Yoast SEO plugin. -->","yoast_head_json":{"title":"HTML-Pinterest-Feed-Widget \u2013 F\u00fcgen Sie Pinterest-Code zu HTML-Websites hinzu","description":"Integrieren Sie den Pinterest-Feed-Widget-Code in HTML in nur 1 Minute. Probieren Sie alle Hauptfunktionen des besten Pinterest-Plugins in einem kostenlosen Konfigurator aus.","robots":{"index":"index","follow":"follow","max-snippet":"max-snippet:-1","max-image-preview":"max-image-preview:large","max-video-preview":"max-video-preview:-1"},"canonical":"https:\/\/elfsight.com\/de\/pinterest-feed-widget\/html\/","og_locale":"de_DE","og_type":"article","og_title":"HTML-Pinterest-Feed-Widget \u2013 F\u00fcgen Sie Pinterest-Code zu HTML-Websites hinzu","og_description":"Integrieren Sie den Pinterest-Feed-Widget-Code in HTML in nur 1 Minute. Probieren Sie alle Hauptfunktionen des besten Pinterest-Plugins in einem kostenlosen Konfigurator aus.","og_url":"https:\/\/elfsight.com\/de\/pinterest-feed-widget\/html\/","og_site_name":"Elfsight DE","article_modified_time":"2025-02-12T11:03:18+00:00","twitter_card":"summary_large_image","twitter_misc":{"Gesch\u00e4tzte Lesezeit":"3\u00a0Minuten"},"schema":{"@context":"https:\/\/schema.org","@graph":[{"@type":"WebPage","@id":"https:\/\/elfsight.com\/de\/pinterest-feed-widget\/html\/","url":"https:\/\/elfsight.com\/de\/pinterest-feed-widget\/html\/","name":"HTML-Pinterest-Feed-Widget \u2013 F\u00fcgen Sie Pinterest-Code zu HTML-Websites hinzu","isPartOf":{"@id":"https:\/\/elfsight.com\/de\/#website"},"datePublished":"1970-01-01T00:00:00+00:00","dateModified":"2025-02-12T11:03:18+00:00","description":"Integrieren Sie den Pinterest-Feed-Widget-Code in HTML in nur 1 Minute. Probieren Sie alle Hauptfunktionen des besten Pinterest-Plugins in einem kostenlosen Konfigurator aus.","breadcrumb":{"@id":"https:\/\/elfsight.com\/de\/pinterest-feed-widget\/html\/#breadcrumb"},"inLanguage":"de","potentialAction":[{"@type":"ReadAction","target":["https:\/\/elfsight.com\/de\/pinterest-feed-widget\/html\/"]}]},{"@type":"BreadcrumbList","@id":"https:\/\/elfsight.com\/de\/pinterest-feed-widget\/html\/#breadcrumb","itemListElement":[{"@type":"ListItem","position":1,"name":"Home","item":"https:\/\/elfsight.com\/de\/"},{"@type":"ListItem","position":2,"name":"Pinterest Feed","item":"https:\/\/elfsight.com\/de\/pinterest-feed-widget\/"},{"@type":"ListItem","position":3,"name":"Pinterest Feed &#8211; HTML"}]},{"@type":"WebSite","@id":"https:\/\/elfsight.com\/de\/#website","url":"https:\/\/elfsight.com\/de\/","name":"Elfsight DE","description":"Just another Elfsight Sites site","potentialAction":[{"@type":"SearchAction","target":{"@type":"EntryPoint","urlTemplate":"https:\/\/elfsight.com\/de\/?s={search_term_string}"},"query-input":{"@type":"PropertyValueSpecification","valueRequired":true,"valueName":"search_term_string"}}],"inLanguage":"de"}]}},"meta_box":{"industry":"","seo_heading":"","heading":"","description":"","cta_heading":"","cta_description":"","application":"477","h1":"HTML-Pinterest-Feed-Widget","h1_caption":"Betten Sie einen Feed mit Pins aus Ihrem Pinterest-Konto ein, um m\u00fchelos dynamische und optisch ansprechende Inhalte auf Ihrer HTML-Website anzuzeigen.","application_category":[],"applications_title":"","applications_request_title":"","applications_request_button_text":"","hero_text":"","hero_video":"","hero_video_schema_markup":"","selling_points_title":"","selling_points_caption":"","selling_points":[],"selling_points_cta_text":"","features_title":"","features":"","ed_cta_examples_text":"","ed_cta_examples_hidden":"","ed_cta_demo_text":"","ed_cta_demo_hidden":"","why_caption":"","why_editor_title":"","why_editor_text":"","why_team_title":"","why_team_text":"","why_service_title":"","why_service_text":"","template_catalog_visible":"0","template_catalog_title":"","template_catalog_text":"","template_catalog_categories_visible":"","demo_title":"Erstellen Sie Ihr Pinterest-Feed-Widget","demo_caption":"Konfigurieren Sie Ihren Pinterest-Feed und f\u00fcgen Sie ihn kostenlos zu Ihrer HTML-Website hinzu!","default_faq_hidden":"","app_template_category":[],"platform":"260","template_public_id":"","codecanyon_url":"","codecanyon_item_id":"","codecanyon_price":"","pricing_caption":"","pricing_elfsight_apps_hide_column":"","pricing_elfsight_apps_url":"","pricing_codecanyon_price_caption":"","integration_category":[],"integration_request_title":"","integration_request_cta":"","integration_platform":"","integrations":[],"platform_category":[],"video_schema_markup":"","price":"ab 0 $ \/ Monat","trial":"","benefits":[{"text":"Kostenlose Installationsunterst\u00fctzung"},{"text":"Au\u00dfergew\u00f6hnlicher Support"},{"text":"14-t\u00e4gige R\u00fcckerstattungsgarantie"},{"text":"Regelm\u00e4\u00dfige Updates"}],"button_url":"#demo","button_target_blank":"0","button_nofollow":"0","attributes":[{"name":"Installiert","content":"10,000 - 100,000"},{"name":"Reaktionsfreudig","content":"Ja"},{"name":"Kompatible Browser","content":"Firefox, Safari, Opera, Chrome, Edge"}],"tags":[],"tags_disable_links":"0","hide_more_platforms":"0","video_object":"","demo_hide_cta":"0","demo_hide_cloud_options":"0","pricing_title":"","pricing":[{"pricing_icon":"platform","pricing_title":"Elfsight Apps","pricing_title_caption":"Plattform\u00fcbergreifende Software, die f\u00fcr jede Website geeignet ist","pricing_price":"ab 0 $ \/ Monat","pricing_price_caption":"Beginnen Sie mit einem kostenlosen Plan","pricing_benefits":[{"text":"Unbegrenzte Websites"},{"text":"Erstklassiger und p\u00fcnktlicher Support"},{"text":"Kostenlose Installationsunterst\u00fctzung"},{"text":"Sonderangebot f\u00fcr mehrere Apps"}],"pricing_button_text":"Zur Website hinzuf\u00fcgen","pricing_button_url":"#demo"}],"related_apps_title":"","related_apps_hidden":"0","author":"","image":[],"title":"","job":"","social_networks":[]},"_links":{"self":[{"href":"https:\/\/elfsight.com\/de\/wp-json\/wp\/v2\/pages\/9626","targetHints":{"allow":["GET"]}}],"collection":[{"href":"https:\/\/elfsight.com\/de\/wp-json\/wp\/v2\/pages"}],"about":[{"href":"https:\/\/elfsight.com\/de\/wp-json\/wp\/v2\/types\/page"}],"author":[{"embeddable":true,"href":"https:\/\/elfsight.com\/de\/wp-json\/wp\/v2\/users\/9"}],"replies":[{"embeddable":true,"href":"https:\/\/elfsight.com\/de\/wp-json\/wp\/v2\/comments?post=9626"}],"version-history":[{"count":3,"href":"https:\/\/elfsight.com\/de\/wp-json\/wp\/v2\/pages\/9626\/revisions"}],"predecessor-version":[{"id":24002,"href":"https:\/\/elfsight.com\/de\/wp-json\/wp\/v2\/pages\/9626\/revisions\/24002"}],"up":[{"embeddable":true,"href":"https:\/\/elfsight.com\/de\/wp-json\/wp\/v2\/pages\/2209"}],"wp:attachment":[{"href":"https:\/\/elfsight.com\/de\/wp-json\/wp\/v2\/media?parent=9626"}],"curies":[{"name":"wp","href":"https:\/\/api.w.org\/{rel}","templated":true}]}}