{"id":9625,"date":"1970-01-01T00:00:00","date_gmt":"1970-01-01T00:00:00","guid":{"rendered":"https:\/\/elfsight.com\/de\/?page_id=9625"},"modified":"2025-07-09T14:10:35","modified_gmt":"2025-07-09T14:10:35","slug":"magento","status":"publish","type":"page","link":"https:\/\/elfsight.com\/de\/pinterest-feed-widget\/magento\/","title":{"rendered":"Pinterest Feed &#8211; Magento"},"content":{"rendered":"<div class=\"application-platform-content-item-description application-platform-content-item\" id=\"description\" data-nav-section=\"description\"><h2>Beschreibung<\/h2><p>Mit der Elfsight Pinterest-Erweiterung k\u00f6nnen Sie Ihr Konto sowie alle Pins und Pinnw\u00e4nde von Pinterest auf Ihrer Website anzeigen. Mit unserem Tool k\u00f6nnen Sie nicht nur Ihr Profil einbetten, sondern auch Pins und Pinnw\u00e4nde sortieren, um visuelle Sammlungen f\u00fcr Ihre Website zu pr\u00e4sentieren. Pr\u00e4sentieren Sie Ihre Angebote, regen Sie Ihre zuk\u00fcnftigen Kunden dazu an, Neues zu entdecken oder w\u00e4hlen Sie einfach wundersch\u00f6ne Bilder f\u00fcr Ihre Website aus. Ein flexibles Widget hilft Ihnen dabei, die Abdeckung Ihrer visuellen Materialien zu erweitern, das Engagement auf der Website zu steigern und mehr Abonnenten auf Pinterest zu bringen.<\/p><p><b> F\u00fcgen Sie Ihrer Website schnell und m\u00fchelos visuelle Inhalte von Pinterest hinzu.<\/b><\/p><ul><li><b>Erregen Sie Verk\u00e4ufe, indem Sie Ihre Artikel vorf\u00fchren<\/b><br> Erstellen Sie Ihre eigenen originellen Fotogalerien mit Ihren Werken oder neuesten Trends und Must-haves, um Menschen zum Kauf zu inspirieren. <\/li><li><b>Erweitern Sie die soziale Reichweite Ihrer Inhalte<\/b><br> Geben Sie Nutzern, die nicht auf Pinterest sind, die M\u00f6glichkeit, einen Blick auf Ihre faszinierenden Inhalte zu werfen und diese auf der Website zu ver\u00f6ffentlichen.<\/li><li><b>Steigern Sie die Verkaufszahlen mit Hilfe verkaufsgenerierender Bilder<\/b><br> W\u00e4hlen Sie die verlockendsten Bilder Ihrer Angebote aus; Zeigen Sie die neuesten Trends und inspirierende Bilder an, um Benutzer zum Kauf zu bewegen.<\/li><\/ul><\/div><div class=\"application-platform-content-item-features application-platform-content-item\" id=\"features\" data-nav-section=\"features\"><h2>Funktionen<\/h2><p>Hier sind die Funktionen, die Machen Sie unsere Erweiterung zur besten f\u00fcr jede Magento-Website:<\/p><ul><li>Zeigen Sie Pins und Boards an und integrieren Sie Ihr Pinterest-Konto;<\/li><li>W\u00e4hlen Sie die Breite und H\u00f6he des Widgets;<\/li><li>Kopfzeile anzeigen oder ausblenden;<\/li><li>Boards und Anzahl der Pins anzeigen oder ausblenden;<\/li><\/ul><p><a href=\"#demo\">Alle Funktionen anzeigen<\/a> <\/p><\/div><div class=\"application-platform-content-item-installation application-platform-content-item\" id=\"installation\" data-nav-section=\"installation\"><h2>So f\u00fcgen Sie den Pinterest-Feed zur Magento-Website hinzu<\/h2><p>F\u00fchren Sie einfach die unten aufgef\u00fchrten Schritte aus, um das Widget in Magento einzubetten.<\/p> <ol><li><b>Starten Sie unsere kostenlose Demo und beginnen Sie mit der Erstellung Ihres ma\u00dfgeschneiderten Instruments. <\/b><br> Geben Sie die bevorzugte Benutzeroberfl\u00e4che und Aspekte des Widgets an und \u00fcbernehmen Sie die \u00c4nderungen. <\/li> <li><b>Erhalten Sie Ihren einzigartigen Code, der im speziellen Formular auf Elfsight Apps angezeigt wird. <\/b><br> Wenn die Anpassung Ihrer pers\u00f6nlichen Pinterest-Feed-Erweiterung abgeschlossen ist, kopieren Sie den einzelnen Code aus dem angezeigten Feld und bewahren Sie ihn f\u00fcr einen sp\u00e4teren Anlass auf. <\/li> <li><b>Erste Schritte mit der Verwendung der Erweiterung auf der Magento-Website. <\/b><br> F\u00fcgen Sie den zuvor kopierten Code in Ihre Webseite ein und \u00fcbernehmen Sie die \u00c4nderungen. <\/li> <li><b>Die Installation wurde erfolgreich durchgef\u00fchrt. <\/b><br> Gehen Sie zu Ihrer Webseite, um die Funktionsweise des Widgets zu sehen. <\/li><\/ol><p>Sie k\u00f6nnen die Erweiterung nicht auf einer Website erstellen oder anzeigen? Wenden Sie sich an unser Hilfecenter.<\/p><\/div><div class=\"faq\" data-component=\"FAQ\"><div class=\"faq-item\">\r\n\t\t\t\t\t<div class=\"faq-item-question\">\r\n\t\t\t\t\t\t<h3 class=\"faq-item-question-text\">Wie kann ich Pinterest-Feeds ohne Codierung zu meinem Magento hinzuf\u00fcgen?<\/h3>\r\n\r\n\t\t\t\t\t\t<div class=\"faq-item-question-icon\"><\/div>\r\n\t\t\t\t\t<\/div>\r\n\r\n\t\t\t\t\t<div class=\"faq-item-answer\">\r\n\t\t\t\t\t\t<div class=\"faq-item-answer-text\"><p>Das Unternehmen Elfsight bietet eine L\u00f6sung, mit der Benutzer selbst eine Pinterest-Feed-App erstellen k\u00f6nnen. Sehen Sie sich die einfache Anleitung an: <\/p><ul><li>Arbeiten Sie in der Online-Demo, um eine Pinterest-Feed-App zu erstellen, die Sie auf der Magento-Website einbetten m\u00f6chten .<\/li><li>W\u00e4hlen Sie eine der vorgefertigten Vorlagen und \u00e4ndern Sie die Pinterest-Feed-Einstellungen, f\u00fcgen Sie Ihre Inhalte hinzu, \u00e4ndern Sie das Layout und die Farben ohne Programmierkenntnisse.<\/li><li>Klicken Sie hier, um den Pinterest-Feed zu speichern und Plugins zu erhalten Code zum Einbetten, den Sie mit einem kostenlosen Plan problemlos in jede Magento-Homepage einf\u00fcgen k\u00f6nnen. <\/li><\/ul><p>Mit dem intuitiven Editor kann jeder Webbenutzer das Pinterest-Feed-Plugin online erstellen und m\u00fchelos in jede Magento-Website integrieren. Um Zugang zu unserem Editor zu erhalten, ist es nicht erforderlich, einen kostenpflichtigen Plan abzuschlie\u00dfen oder Ihre Kartendaten offenzulegen. Wenn Sie auf Probleme jeglicher Art sto\u00dfen, wenden Sie sich bitte an unsere Support-Mitarbeiter.<\/p><\/div>\r\n\t\t\t\t\t<\/div>\r\n\t\t\t\t<\/div><\/div>","protected":false},"excerpt":{"rendered":"","protected":false},"author":9,"featured_media":0,"parent":2209,"menu_order":0,"comment_status":"closed","ping_status":"closed","template":"templates\/template-application-platform.php","meta":{"publish_to_discourse":"","publish_post_category":"","wpdc_auto_publish_overridden":"","wpdc_topic_tags":"","wpdc_pin_topic":"","wpdc_pin_until":"","discourse_post_id":"","discourse_permalink":"","wpdc_publishing_response":"","wpdc_publishing_error":"","footnotes":""},"class_list":["post-9625","page","type-page","status-publish","hentry"],"yoast_head":"<!-- This site is optimized with the Yoast SEO plugin v25.3.1 - https:\/\/yoast.com\/wordpress\/plugins\/seo\/ -->\n<title>Pinterest-Feed \u2013 Pinterest-Erweiterung zu Magento Webstie hinzuf\u00fcgen (2025)<\/title>\n<meta name=\"description\" content=\"Zeigen Sie eine Pinterest-Feed-Erweiterung auf Ihrer Magento-Website an, ohne \u00fcber Kenntnisse in der Webentwicklung zu verf\u00fcgen. Verwenden Sie den praktischen Elfsight-Konstruktor und erstellen Sie Ihr pers\u00f6nliches Widget.\" \/>\n<meta name=\"robots\" content=\"index, follow, max-snippet:-1, max-image-preview:large, max-video-preview:-1\" \/>\n<link rel=\"canonical\" href=\"https:\/\/elfsight.com\/de\/pinterest-feed-widget\/magento\/\" \/>\n<meta property=\"og:locale\" content=\"de_DE\" \/>\n<meta property=\"og:type\" content=\"article\" \/>\n<meta property=\"og:title\" content=\"Pinterest-Feed \u2013 Pinterest-Erweiterung zu Magento Webstie hinzuf\u00fcgen (2025)\" \/>\n<meta property=\"og:description\" content=\"Zeigen Sie eine Pinterest-Feed-Erweiterung auf Ihrer Magento-Website an, ohne \u00fcber Kenntnisse in der Webentwicklung zu verf\u00fcgen. Verwenden Sie den praktischen Elfsight-Konstruktor und erstellen Sie Ihr pers\u00f6nliches Widget.\" \/>\n<meta property=\"og:url\" content=\"https:\/\/elfsight.com\/de\/pinterest-feed-widget\/magento\/\" \/>\n<meta property=\"og:site_name\" content=\"Elfsight DE\" \/>\n<meta property=\"article:modified_time\" content=\"2025-07-09T14:10:35+00:00\" \/>\n<meta name=\"twitter:card\" content=\"summary_large_image\" \/>\n<meta name=\"twitter:label1\" content=\"Gesch\u00e4tzte Lesezeit\" \/>\n\t<meta name=\"twitter:data1\" content=\"3\u00a0Minuten\" \/>\n<!-- \/ Yoast SEO plugin. -->","yoast_head_json":{"title":"Pinterest-Feed \u2013 Pinterest-Erweiterung zu Magento Webstie hinzuf\u00fcgen (2025)","description":"Zeigen Sie eine Pinterest-Feed-Erweiterung auf Ihrer Magento-Website an, ohne \u00fcber Kenntnisse in der Webentwicklung zu verf\u00fcgen. Verwenden Sie den praktischen Elfsight-Konstruktor und erstellen Sie Ihr pers\u00f6nliches Widget.","robots":{"index":"index","follow":"follow","max-snippet":"max-snippet:-1","max-image-preview":"max-image-preview:large","max-video-preview":"max-video-preview:-1"},"canonical":"https:\/\/elfsight.com\/de\/pinterest-feed-widget\/magento\/","og_locale":"de_DE","og_type":"article","og_title":"Pinterest-Feed \u2013 Pinterest-Erweiterung zu Magento Webstie hinzuf\u00fcgen (2025)","og_description":"Zeigen Sie eine Pinterest-Feed-Erweiterung auf Ihrer Magento-Website an, ohne \u00fcber Kenntnisse in der Webentwicklung zu verf\u00fcgen. Verwenden Sie den praktischen Elfsight-Konstruktor und erstellen Sie Ihr pers\u00f6nliches Widget.","og_url":"https:\/\/elfsight.com\/de\/pinterest-feed-widget\/magento\/","og_site_name":"Elfsight DE","article_modified_time":"2025-07-09T14:10:35+00:00","twitter_card":"summary_large_image","twitter_misc":{"Gesch\u00e4tzte Lesezeit":"3\u00a0Minuten"},"schema":{"@context":"https:\/\/schema.org","@graph":[{"@type":"WebPage","@id":"https:\/\/elfsight.com\/de\/pinterest-feed-widget\/magento\/","url":"https:\/\/elfsight.com\/de\/pinterest-feed-widget\/magento\/","name":"Pinterest-Feed \u2013 Pinterest-Erweiterung zu Magento Webstie hinzuf\u00fcgen (2025)","isPartOf":{"@id":"https:\/\/elfsight.com\/de\/#website"},"datePublished":"1970-01-01T00:00:00+00:00","dateModified":"2025-07-09T14:10:35+00:00","description":"Zeigen Sie eine Pinterest-Feed-Erweiterung auf Ihrer Magento-Website an, ohne \u00fcber Kenntnisse in der Webentwicklung zu verf\u00fcgen. Verwenden Sie den praktischen Elfsight-Konstruktor und erstellen Sie Ihr pers\u00f6nliches Widget.","breadcrumb":{"@id":"https:\/\/elfsight.com\/de\/pinterest-feed-widget\/magento\/#breadcrumb"},"inLanguage":"de","potentialAction":[{"@type":"ReadAction","target":["https:\/\/elfsight.com\/de\/pinterest-feed-widget\/magento\/"]}]},{"@type":"BreadcrumbList","@id":"https:\/\/elfsight.com\/de\/pinterest-feed-widget\/magento\/#breadcrumb","itemListElement":[{"@type":"ListItem","position":1,"name":"Home","item":"https:\/\/elfsight.com\/de\/"},{"@type":"ListItem","position":2,"name":"Pinterest Feed","item":"https:\/\/elfsight.com\/de\/pinterest-feed-widget\/"},{"@type":"ListItem","position":3,"name":"Pinterest Feed &#8211; Magento"}]},{"@type":"WebSite","@id":"https:\/\/elfsight.com\/de\/#website","url":"https:\/\/elfsight.com\/de\/","name":"Elfsight DE","description":"Just another Elfsight Sites site","potentialAction":[{"@type":"SearchAction","target":{"@type":"EntryPoint","urlTemplate":"https:\/\/elfsight.com\/de\/?s={search_term_string}"},"query-input":{"@type":"PropertyValueSpecification","valueRequired":true,"valueName":"search_term_string"}}],"inLanguage":"de"}]}},"meta_box":{"industry":"","seo_heading":"","heading":"","description":"","cta_heading":"","cta_description":"","application":"477","h1":"Magento Pinterest Feed-Erweiterung","h1_caption":"Betten Sie einen Feed mit Pins aus Ihrem Pinterest-Konto ein, um m\u00fchelos dynamische und optisch ansprechende Inhalte auf Ihrer Magento-Website anzuzeigen.","application_category":[],"applications_title":"","applications_request_title":"","applications_request_button_text":"","hero_text":"","hero_video":"","hero_video_schema_markup":"","selling_points_title":"","selling_points_caption":"","selling_points":[],"selling_points_cta_text":"","features_title":"","features":"","ed_cta_examples_text":"","ed_cta_examples_hidden":"","ed_cta_demo_text":"","ed_cta_demo_hidden":"","why_caption":"","why_editor_title":"","why_editor_text":"","why_team_title":"","why_team_text":"","why_service_title":"","why_service_text":"","template_catalog_visible":"","template_catalog_title":"","template_catalog_text":"","template_catalog_categories_visible":"","demo_title":"Erstellen Sie Ihre Pinterest-Feed-Erweiterung","demo_caption":"Konfigurieren Sie Ihren Pinterest-Feed und f\u00fcgen Sie ihn kostenlos zu Ihrer Magento-Website hinzu!","default_faq_hidden":"","app_template_category":[],"platform":"256","template_public_id":"","codecanyon_url":"","codecanyon_item_id":"","codecanyon_price":"","pricing_caption":"","pricing_elfsight_apps_hide_column":"","pricing_elfsight_apps_url":"","pricing_codecanyon_price_caption":"","integration_category":[],"integration_request_title":"","integration_request_cta":"","integration_platform":"","integrations":[],"platform_category":[],"video_schema_markup":"","price":"ab 0 $ \/ Monat","trial":"","benefits":[{"text":"Kostenlose Installationsunterst\u00fctzung"},{"text":"Kompetenter Kundenservice"},{"text":"14-t\u00e4gige R\u00fcckerstattungsgarantie"},{"text":"Regelm\u00e4\u00dfige kostenlose Updates"}],"button_url":"#demo","button_target_blank":"","button_nofollow":"","attributes":[{"name":"Installiert","content":"10,000 - 100,000"},{"name":"Reaktionsfreudig","content":"Ja"},{"name":"Kompatible Browser","content":"Firefox, Safari, Opera, Chrome, Edge"}],"tags":[],"tags_disable_links":"","hide_more_platforms":"","video_object":"","demo_hide_cta":"","demo_hide_cloud_options":"","pricing_title":"","pricing":[{"pricing_icon":"platform","pricing_title":"Elfsight Apps","pricing_title_caption":"Plattformunabh\u00e4ngige Software","pricing_price":"ab 0 $ \/ Monat","pricing_price_caption":"Beginnen Sie mit einem kostenlosen Plan","pricing_benefits":[{"text":"Unbegrenzte Domains"},{"text":"Engagierter und p\u00fcnktlicher Support und gut dokumentiert"},{"text":"Kostenloser Installationssupport"},{"text":"Vollst\u00e4ndig anpassbar"}],"pricing_button_text":"Zur Website hinzuf\u00fcgen","pricing_button_url":"#demo"}],"related_apps_title":"","related_apps_hidden":"","author":"","image":[],"title":"","job":"","social_networks":[]},"_links":{"self":[{"href":"https:\/\/elfsight.com\/de\/wp-json\/wp\/v2\/pages\/9625","targetHints":{"allow":["GET"]}}],"collection":[{"href":"https:\/\/elfsight.com\/de\/wp-json\/wp\/v2\/pages"}],"about":[{"href":"https:\/\/elfsight.com\/de\/wp-json\/wp\/v2\/types\/page"}],"author":[{"embeddable":true,"href":"https:\/\/elfsight.com\/de\/wp-json\/wp\/v2\/users\/9"}],"replies":[{"embeddable":true,"href":"https:\/\/elfsight.com\/de\/wp-json\/wp\/v2\/comments?post=9625"}],"version-history":[{"count":2,"href":"https:\/\/elfsight.com\/de\/wp-json\/wp\/v2\/pages\/9625\/revisions"}],"predecessor-version":[{"id":21717,"href":"https:\/\/elfsight.com\/de\/wp-json\/wp\/v2\/pages\/9625\/revisions\/21717"}],"up":[{"embeddable":true,"href":"https:\/\/elfsight.com\/de\/wp-json\/wp\/v2\/pages\/2209"}],"wp:attachment":[{"href":"https:\/\/elfsight.com\/de\/wp-json\/wp\/v2\/media?parent=9625"}],"curies":[{"name":"wp","href":"https:\/\/api.w.org\/{rel}","templated":true}]}}