{"id":9620,"date":"1970-01-01T00:00:00","date_gmt":"1970-01-01T00:00:00","guid":{"rendered":"https:\/\/elfsight.com\/de\/?page_id=9620"},"modified":"2025-07-09T14:10:23","modified_gmt":"2025-07-09T14:10:23","slug":"jquery","status":"publish","type":"page","link":"https:\/\/elfsight.com\/de\/pinterest-feed-widget\/jquery\/","title":{"rendered":"Pinterest Feed &#8211; jQuery"},"content":{"rendered":"<div class=\"application-platform-content-item-description application-platform-content-item\" id=\"description\" data-nav-section=\"description\"><h2>Beschreibung<\/h2><p>Mit Pinterest Feed von Elfsight k\u00f6nnen Sie im Handumdrehen gro\u00dfartige Bilder von Pinterest in Ihre Website einbetten . Mit dem Elfsight-Widget k\u00f6nnen Sie bestimmte Pins, Pinnw\u00e4nde und Ihr gesamtes Profil in Ihre Website einbetten. Ziehen Sie Ihre zuk\u00fcnftigen Kunden mit sorgf\u00e4ltig ausgew\u00e4hlten Fotos und Thementafeln an und erstellen Sie Ihre eigenen, einzigartig gestalteten Galerien. Erweitern Sie die Verbreitung Ihres Bildmaterials, erh\u00f6hen Sie das Engagement auf Ihrer Website und locken Sie gleichzeitig neue Follower f\u00fcr Ihr Pinterest-Profil.<\/p><p><b>Pr\u00e4sentieren Sie Ihre Angebote, Dienstleistungen und Projekte auf der Website mithilfe von Pins und Pinnw\u00e4nden!<\/b><\/p><ul><li><b>Erh\u00f6hen Sie die Benutzerinteraktion auf Ihrer Website<\/b><br> Sorgf\u00e4ltig ausgew\u00e4hlte Bilder auf Ihrer Website werden maximale Aufmerksamkeit erregen und die Benutzerbindung aufrechterhalten.<\/li><li><b>Gewinnen Sie neue Abonnenten auf Pinterest<\/b><br> Mithilfe der im Feed verf\u00fcgbaren Schaltfl\u00e4che \u201eFolgen\u201c erhalten mehr potenzielle Kunden die M\u00f6glichkeit, sich Ihren Abonnenten anzuschlie\u00dfen.<\/li><li><b>Seien Sie attraktiver Visuelle Inhalte auf Ihrer Website<\/b><br> Wenn Sie Pinterest-Pins und -Boards zur Verf\u00fcgung haben, k\u00f6nnen Sie die besten visuellen Elemente f\u00fcr Ihre Website ausw\u00e4hlen, um Ihre potenziellen Kunden einzubeziehen.<\/li><\/ul><\/div><div class=\"application-platform-content-item-features application-platform-content-item\" id=\"features\" data-nav-section=\"features\"><h2>Funktionen<\/h2><p>Mehrere Vorteile, die unser Pinterest-Widget zu einem unverzichtbaren Plugin f\u00fcr jede jQuery-Site machen.<\/p><ul><li>F\u00fcgen Sie Pins und Boards hinzu URL;<\/li><li>W\u00e4hlen Sie die Farbe des Hauptthemas;<\/li><li>Umschaltbare Pin-Elemente: Autor, Text, Schaltfl\u00e4che \u201eTeilen\u201c, Symbol.<\/li><li>Klicken Sie auf die Widget-Galerie oder das Rasterbild werde es auf Pinterest \u00f6ffnen;<\/li><\/ul><p><a href=\"#demo\">Sehen Sie sich alle Vorteile in der Live-Demo an<\/a><\/p><\/div><div class=\"application-platform-content-item-Installation application-platform-content-item\" id=\"Installation\" data-nav-section=\"Installation\"><h2>So f\u00fcgen Sie den Pinterest-Feed zur jQuery-Website hinzu<\/h2><p>Ein kurzes Tutorial zum Einrichten und Anpassen des Widgets ohne Programmierkenntnisse. Die Durchf\u00fchrung des Tutorials dauert weniger als ein paar Minuten.<\/p><ol><li><b>Generieren Sie Ihren individuellen Pinterest-Feed<\/b><br>Erstellen Sie mit unserem kostenlosen Konfigurator ein Plugin mit dem gew\u00fcnschten Design (Galerie). , Raster, Pinnwand oder Pins) und Optionen.<\/li><li><b>Holen Sie sich einen Code f\u00fcr die Integration des Plugins<\/b><br>Nach der Feinabstimmung des Widgets erhalten Sie im angezeigten Fenster einen Code f\u00fcr das Pinterest-Plugin auf Elfsight Apps.<\/li><li><b>Zeigen Sie das Widget auf der jQuery-Website an<\/b><br>\u00d6ffnen Sie den Seitencode im HTML-Editor und f\u00fcgen Sie das Widget an der ben\u00f6tigten Stelle ein (Inhalt, Fu\u00dfzeile, Seitenleiste). usw.) und speichern Sie die \u00c4nderungen.<\/li><li><b>Fertig!<\/b><br>Betreten Sie die Website, um Ihre Arbeit zu \u00fcberpr\u00fcfen.<\/li><\/ol><p>W\u00e4hrenddessen werden Abfragen angezeigt das Handbuch anwenden? Nehmen Sie Kontakt mit dem Elfsight-Supportteam auf.<\/p><\/div><div class=\"faq\" data-component=\"FAQ\"><div class=\"faq-item\">\r\n\t\t\t\t\t<div class=\"faq-item-question\">\r\n\t\t\t\t\t\t<h3 class=\"faq-item-question-text\">Wie bette ich einen Pinterest-Feed in die jQuery-Website ein?<\/h3>\r\n\r\n\t\t\t\t\t\t<div class=\"faq-item-question-icon\"><\/div>\r\n\t\t\t\t\t<\/div>\r\n\r\n\t\t\t\t\t<div class=\"faq-item-answer\">\r\n\t\t\t\t\t\t<div class=\"faq-item-answer-text\"><p>Die Erstellung des Widgets erfolgt auf den Elfsight-Seiten und es ist kein Code erforderlich. Nutzen Sie unsere Online-Demo, um Ihr eigenes Plugin anzupassen, den Code zu erwerben und ihn in Ihre Website einzuf\u00fcgen. <\/p><\/div>\r\n\t\t\t\t\t<\/div>\r\n\t\t\t\t<\/div><div class=\"faq-item\">\r\n\t\t\t\t\t<div class=\"faq-item-question\">\r\n\t\t\t\t\t\t<h3 class=\"faq-item-question-text\">Darf ich mit Ihren Plugins die Pinterest-Boards-Galerie oder das Sidebar-Widget erhalten?<\/h3>\r\n\r\n\t\t\t\t\t\t<div class=\"faq-item-question-icon\"><\/div>\r\n\t\t\t\t\t<\/div>\r\n\r\n\t\t\t\t\t<div class=\"faq-item-answer\">\r\n\t\t\t\t\t\t<div class=\"faq-item-answer-text\"><p>Eine F\u00fclle von Vorlagen ist verf\u00fcgbar: Raster, Feed, Galerie, Liste , Mauerwerk und vieles mehr, zusammen mit anpassbaren Gestaltungsm\u00f6glichkeiten, um Ihren Anforderungen gerecht zu werden. Gerne k\u00f6nnen Sie nahezu jedes Werkzeug bauen, das Sie ben\u00f6tigen. <\/p><\/div>\r\n\t\t\t\t\t<\/div>\r\n\t\t\t\t<\/div><div class=\"faq-item\">\r\n\t\t\t\t\t<div class=\"faq-item-question\">\r\n\t\t\t\t\t\t<h3 class=\"faq-item-question-text\">Mein jQuery-Pinterest-Plugin funktioniert nicht \/ wird nicht aktualisiert<\/h3>\r\n\r\n\t\t\t\t\t\t<div class=\"faq-item-question-icon\"><\/div>\r\n\t\t\t\t\t<\/div>\r\n\r\n\t\t\t\t\t<div class=\"faq-item-answer\">\r\n\t\t\t\t\t\t<div class=\"faq-item-answer-text\"><p>Wenn Sie Probleme mit den Pinterest-Widgets haben, wenden Sie sich an den Kundensupport Personal. Der Support ist f\u00fcr alle Elfsight-Kunden absolut kostenlos. <\/p><\/div>\r\n\t\t\t\t\t<\/div>\r\n\t\t\t\t<\/div><\/div>","protected":false},"excerpt":{"rendered":"","protected":false},"author":9,"featured_media":0,"parent":2209,"menu_order":0,"comment_status":"closed","ping_status":"closed","template":"templates\/template-application-platform.php","meta":{"publish_to_discourse":"","publish_post_category":"","wpdc_auto_publish_overridden":"","wpdc_topic_tags":"","wpdc_pin_topic":"","wpdc_pin_until":"","discourse_post_id":"","discourse_permalink":"","wpdc_publishing_response":"","wpdc_publishing_error":"","footnotes":""},"class_list":["post-9620","page","type-page","status-publish","hentry"],"yoast_head":"<!-- This site is optimized with the Yoast SEO plugin v25.3.1 - https:\/\/yoast.com\/wordpress\/plugins\/seo\/ -->\n<title>Pinterest-Feed \u2013 F\u00fcgen Sie eine Pinterest-Galerie oder ein Pinterest-Raster zur jQuery-Website hinzu<\/title>\n<meta name=\"description\" content=\"Entwerfen Sie in nur 3 Minuten Ihren einzigartigen Pinterest-Feed (Galerie oder Raster) f\u00fcr JQuery. Schauen Sie sich kostenlos das einfachste Panel zum Erstellen von Widgets von Elfsight an.\" \/>\n<meta name=\"robots\" content=\"index, follow, max-snippet:-1, max-image-preview:large, max-video-preview:-1\" \/>\n<link rel=\"canonical\" href=\"https:\/\/elfsight.com\/de\/pinterest-feed-widget\/jquery\/\" \/>\n<meta property=\"og:locale\" content=\"de_DE\" \/>\n<meta property=\"og:type\" content=\"article\" \/>\n<meta property=\"og:title\" content=\"Pinterest-Feed \u2013 F\u00fcgen Sie eine Pinterest-Galerie oder ein Pinterest-Raster zur jQuery-Website hinzu\" \/>\n<meta property=\"og:description\" content=\"Entwerfen Sie in nur 3 Minuten Ihren einzigartigen Pinterest-Feed (Galerie oder Raster) f\u00fcr JQuery. Schauen Sie sich kostenlos das einfachste Panel zum Erstellen von Widgets von Elfsight an.\" \/>\n<meta property=\"og:url\" content=\"https:\/\/elfsight.com\/de\/pinterest-feed-widget\/jquery\/\" \/>\n<meta property=\"og:site_name\" content=\"Elfsight DE\" \/>\n<meta property=\"article:modified_time\" content=\"2025-07-09T14:10:23+00:00\" \/>\n<meta name=\"twitter:card\" content=\"summary_large_image\" \/>\n<meta name=\"twitter:label1\" content=\"Gesch\u00e4tzte Lesezeit\" \/>\n\t<meta name=\"twitter:data1\" content=\"3\u00a0Minuten\" \/>\n<!-- \/ Yoast SEO plugin. -->","yoast_head_json":{"title":"Pinterest-Feed \u2013 F\u00fcgen Sie eine Pinterest-Galerie oder ein Pinterest-Raster zur jQuery-Website hinzu","description":"Entwerfen Sie in nur 3 Minuten Ihren einzigartigen Pinterest-Feed (Galerie oder Raster) f\u00fcr JQuery. Schauen Sie sich kostenlos das einfachste Panel zum Erstellen von Widgets von Elfsight an.","robots":{"index":"index","follow":"follow","max-snippet":"max-snippet:-1","max-image-preview":"max-image-preview:large","max-video-preview":"max-video-preview:-1"},"canonical":"https:\/\/elfsight.com\/de\/pinterest-feed-widget\/jquery\/","og_locale":"de_DE","og_type":"article","og_title":"Pinterest-Feed \u2013 F\u00fcgen Sie eine Pinterest-Galerie oder ein Pinterest-Raster zur jQuery-Website hinzu","og_description":"Entwerfen Sie in nur 3 Minuten Ihren einzigartigen Pinterest-Feed (Galerie oder Raster) f\u00fcr JQuery. Schauen Sie sich kostenlos das einfachste Panel zum Erstellen von Widgets von Elfsight an.","og_url":"https:\/\/elfsight.com\/de\/pinterest-feed-widget\/jquery\/","og_site_name":"Elfsight DE","article_modified_time":"2025-07-09T14:10:23+00:00","twitter_card":"summary_large_image","twitter_misc":{"Gesch\u00e4tzte Lesezeit":"3\u00a0Minuten"},"schema":{"@context":"https:\/\/schema.org","@graph":[{"@type":"WebPage","@id":"https:\/\/elfsight.com\/de\/pinterest-feed-widget\/jquery\/","url":"https:\/\/elfsight.com\/de\/pinterest-feed-widget\/jquery\/","name":"Pinterest-Feed \u2013 F\u00fcgen Sie eine Pinterest-Galerie oder ein Pinterest-Raster zur jQuery-Website hinzu","isPartOf":{"@id":"https:\/\/elfsight.com\/de\/#website"},"datePublished":"1970-01-01T00:00:00+00:00","dateModified":"2025-07-09T14:10:23+00:00","description":"Entwerfen Sie in nur 3 Minuten Ihren einzigartigen Pinterest-Feed (Galerie oder Raster) f\u00fcr JQuery. Schauen Sie sich kostenlos das einfachste Panel zum Erstellen von Widgets von Elfsight an.","breadcrumb":{"@id":"https:\/\/elfsight.com\/de\/pinterest-feed-widget\/jquery\/#breadcrumb"},"inLanguage":"de","potentialAction":[{"@type":"ReadAction","target":["https:\/\/elfsight.com\/de\/pinterest-feed-widget\/jquery\/"]}]},{"@type":"BreadcrumbList","@id":"https:\/\/elfsight.com\/de\/pinterest-feed-widget\/jquery\/#breadcrumb","itemListElement":[{"@type":"ListItem","position":1,"name":"Home","item":"https:\/\/elfsight.com\/de\/"},{"@type":"ListItem","position":2,"name":"Pinterest Feed","item":"https:\/\/elfsight.com\/de\/pinterest-feed-widget\/"},{"@type":"ListItem","position":3,"name":"Pinterest Feed &#8211; jQuery"}]},{"@type":"WebSite","@id":"https:\/\/elfsight.com\/de\/#website","url":"https:\/\/elfsight.com\/de\/","name":"Elfsight DE","description":"Just another Elfsight Sites site","potentialAction":[{"@type":"SearchAction","target":{"@type":"EntryPoint","urlTemplate":"https:\/\/elfsight.com\/de\/?s={search_term_string}"},"query-input":{"@type":"PropertyValueSpecification","valueRequired":true,"valueName":"search_term_string"}}],"inLanguage":"de"}]}},"meta_box":{"industry":"","seo_heading":"","heading":"","description":"","cta_heading":"","cta_description":"","application":"477","h1":"jQuery Pinterest Feed-Plugin","h1_caption":"Betten Sie einen Feed mit Pins aus Ihrem Pinterest-Konto ein, um m\u00fchelos dynamische und optisch ansprechende Inhalte auf Ihrer jQuery-Website anzuzeigen.","application_category":[],"applications_title":"","applications_request_title":"","applications_request_button_text":"","hero_text":"","hero_video":"","hero_video_schema_markup":"","selling_points_title":"","selling_points_caption":"","selling_points":[],"selling_points_cta_text":"","features_title":"","features":"","ed_cta_examples_text":"","ed_cta_examples_hidden":"","ed_cta_demo_text":"","ed_cta_demo_hidden":"","why_caption":"","why_editor_title":"","why_editor_text":"","why_team_title":"","why_team_text":"","why_service_title":"","why_service_text":"","template_catalog_visible":"","template_catalog_title":"","template_catalog_text":"","template_catalog_categories_visible":"","demo_title":"Erstellen Sie Ihr Pinterest-Feed-Plugin","demo_caption":"Konfigurieren Sie Ihren Pinterest-Feed und f\u00fcgen Sie ihn kostenlos zu Ihrer jQuery-Website hinzu!","default_faq_hidden":"","app_template_category":[],"platform":"258","template_public_id":"","codecanyon_url":"","codecanyon_item_id":"","codecanyon_price":"","pricing_caption":"","pricing_elfsight_apps_hide_column":"","pricing_elfsight_apps_url":"","pricing_codecanyon_price_caption":"","integration_category":[],"integration_request_title":"","integration_request_cta":"","integration_platform":"","integrations":[],"platform_category":[],"video_schema_markup":"","price":"ab 0 $ \/ Monat","trial":"","benefits":[{"text":"Kostenloser Installationsservice"},{"text":"Erfahrener Kundensupport"},{"text":"14-t\u00e4gige R\u00fcckerstattungsgarantie"},{"text":"Fortlaufende Entwicklung"}],"button_url":"#demo","button_target_blank":"","button_nofollow":"","attributes":[{"name":"Installiert","content":"10,000 - 100,000"},{"name":"Reaktionsfreudig","content":"Ja"},{"name":"Kompatible Browser","content":"Firefox, Safari, Opera, Chrome, Edge"}],"tags":[],"tags_disable_links":"","hide_more_platforms":"","video_object":"","demo_hide_cta":"","demo_hide_cloud_options":"","pricing_title":"","pricing":[{"pricing_icon":"platform","pricing_title":"Elfsight Apps","pricing_title_caption":"Plattformunabh\u00e4ngige L\u00f6sung","pricing_price":"ab 0 $ \/ Monat","pricing_price_caption":"Beginnen Sie mit einem kostenlosen Plan","pricing_benefits":[{"text":"Unbegrenzte Domains"},{"text":"Unternehmenssupport rund um die Uhr und gut dokumentiert"},{"text":"Kostenloser Installationssupport"},{"text":"Flexibles Design"}],"pricing_button_text":"Zur Website hinzuf\u00fcgen","pricing_button_url":"#demo"}],"related_apps_title":"","related_apps_hidden":"","author":"","image":[],"title":"","job":"","social_networks":[]},"_links":{"self":[{"href":"https:\/\/elfsight.com\/de\/wp-json\/wp\/v2\/pages\/9620","targetHints":{"allow":["GET"]}}],"collection":[{"href":"https:\/\/elfsight.com\/de\/wp-json\/wp\/v2\/pages"}],"about":[{"href":"https:\/\/elfsight.com\/de\/wp-json\/wp\/v2\/types\/page"}],"author":[{"embeddable":true,"href":"https:\/\/elfsight.com\/de\/wp-json\/wp\/v2\/users\/9"}],"replies":[{"embeddable":true,"href":"https:\/\/elfsight.com\/de\/wp-json\/wp\/v2\/comments?post=9620"}],"version-history":[{"count":2,"href":"https:\/\/elfsight.com\/de\/wp-json\/wp\/v2\/pages\/9620\/revisions"}],"predecessor-version":[{"id":21716,"href":"https:\/\/elfsight.com\/de\/wp-json\/wp\/v2\/pages\/9620\/revisions\/21716"}],"up":[{"embeddable":true,"href":"https:\/\/elfsight.com\/de\/wp-json\/wp\/v2\/pages\/2209"}],"wp:attachment":[{"href":"https:\/\/elfsight.com\/de\/wp-json\/wp\/v2\/media?parent=9620"}],"curies":[{"name":"wp","href":"https:\/\/api.w.org\/{rel}","templated":true}]}}