{"id":9619,"date":"1970-01-01T00:00:00","date_gmt":"1970-01-01T00:00:00","guid":{"rendered":"https:\/\/elfsight.com\/de\/?page_id=9619"},"modified":"2025-02-12T10:53:13","modified_gmt":"2025-02-12T10:53:13","slug":"joomla","status":"publish","type":"page","link":"https:\/\/elfsight.com\/de\/pinterest-feed-widget\/joomla\/","title":{"rendered":"Pinterest Feed &#8211; Joomla"},"content":{"rendered":"\n<div class=\"application-platform-content-item-description application-platform-content-item\" id=\"description\" data-nav-section=\"description\"><h2>Beschreibung<\/h2><p>Mit Pinterest Feed von Elfsight k\u00f6nnen Sie ganz einfach faszinierende Fotos von Pinterest auf Ihrer Website ver\u00f6ffentlichen. Mit dem Pinterest-Feed von Elfsight k\u00f6nnen Sie gew\u00fcnschte Pins, Pinnw\u00e4nde und Ihr vollst\u00e4ndiges Pinterest-Konto auf der Website anzeigen. Begeistern Sie Ihre Benutzer mit sorgf\u00e4ltig ausgew\u00e4hlten Bildern und Thementafeln und demonstrieren Sie Ihre eigenen, einzigartig gestalteten Sets. Erh\u00f6hen Sie die Reichweite Ihrer Pinterest-Inhalte, steigern Sie das Engagement auf der Website und gewinnen Sie gleichzeitig mehr Abonnenten f\u00fcr Ihr Pinterest-Konto.<\/p><p><b>Ihre Artikel, Dienstleistungen und Erfolge auf der Website mit Hilfe von Pinterest Pins und Pinnw\u00e4nde!<\/b><\/p><ul><li><b>Erh\u00f6hen Sie das Engagement der Website-Besucher auf Ihrer Website<\/b><br> Sorgf\u00e4ltig ausgew\u00e4hlte Inhalte auf Ihrer Website ziehen die gr\u00f6\u00dftm\u00f6gliche Aufmerksamkeit der Menschen auf sich und fesseln die Benutzer .<\/li><li><b>Follower auf Pinterest steigern<\/b><br> Mithilfe der im Feed angezeigten Schaltfl\u00e4che \u201eFolgen\u201c haben mehr Kunden die Chance, Ihre Follower zu werden.<\/li><li><b>Steigern Sie den Umsatz mit verlockenden Bildern<\/b><br> W\u00e4hlen Sie die besten Bilder Ihrer Angebote aus; Zeigen Sie die neuesten Trends und inspirierende Fotos, um Kunden zum Kauf zu bewegen.<\/li><\/ul><\/div><div class=\"application-platform-content-item-features application-platform-content-item\" id=\"features\" data-nav-section=\"features\"><h2>Funktionen<\/h2><p>Wesentliche Eigenschaften von Elfsight-Widget, das es zu einer \u00e4u\u00dferst praktischen Erweiterung f\u00fcr die Anzeige von Pinterest auf Joomla macht:<\/p><ul><li>Bearbeitbarer Widget-Titel;<\/li><li>Der intelligente Colorizer w\u00e4hlt automatisch die am besten geeigneten Farben aus Schnittstelle.<\/li><li>Umschaltbare Pin-Elemente: Autor, Text, Teilen-Button, Pinterest-Symbol.<\/li><li>Mobil responsiv in jeder Gr\u00f6\u00dfe und Proportion.<\/li><\/ul><p><a href=\"#demo\">Entdecken Sie alle Vorteile des Panels!<\/a><\/p><\/div><div class=\"application-platform-content-item-installation application-platform-content-item\" id=\"installation\" data-nav-section=\"installation\"><h2>So f\u00fcgen Sie Pinterest-Feed zur Joomla-Website hinzu<\/h2><div class=\"video-container\"><iframe width=\"560\" height=\"315\" src=\"https:\/\/www.youtube.com\/embed\/hPc3SN-ItmU?si=L5Js_VwzPUnJE1MI\" frameborder=\"0\" allow=\"accelerometer; autoplay; clipboard-write; encrypted-media; gyroscope; picture-in-picture; web-share\" allowfullscreen><\/iframe><\/div><p>Befolgen Sie einfach die unten aufgef\u00fchrten Schritte, um mit der Arbeit mit dem Plugin auf Joomla zu beginnen.<\/p> <ol><li><b>F\u00fchren Sie unsere kostenlose Demo durch und beginnen Sie Erstellen Sie Ihre ma\u00dfgeschneiderte Pinterest-Feed-Erweiterung. <\/b><br> Geben Sie die benutzerdefinierte Schnittstelle und Aspekte der Erweiterung an und wenden Sie die \u00c4nderungen an. <\/li> <li><b>Holen Sie sich den eindeutigen Code, der im Fenster von Elfsight Apps angezeigt wird. <\/b><br> Wenn die Einrichtung Ihres Tools abgeschlossen ist, kopieren Sie den individuellen Code aus der entstandenen Box und bewahren Sie ihn f\u00fcr einen sp\u00e4teren Anlass auf. <\/li> <li><b>Beginnen Sie mit der Verwendung der Erweiterung auf der Joomla-Website. <\/b><br> F\u00fcgen Sie den zuvor kopierten Code in Ihre Seite ein und speichern Sie die Verbesserungen. <\/li> <li><b>Fertig! Die Integration ist erfolgreich abgeschlossen. <\/b><br> Besuchen Sie Ihre Website, um die Leistung des Widgets zu sehen. <\/li><\/ol><p>Haben Sie Probleme beim Erstellen oder Vorf\u00fchren der Erweiterung auf einer Website? Nehmen Sie Kontakt mit unserem Support-Center auf.<\/p><\/div><div class=\"faq\" data-component=\"FAQ\"><div class=\"faq-item\">\r\n\t\t\t\t\t<div class=\"faq-item-question\">\r\n\t\t\t\t\t\t<h3 class=\"faq-item-question-text\">Gibt es eine Methode, Pinterest-Feed ohne Codierung zu meiner Joomla-Webseite hinzuzuf\u00fcgen? <\/h3>\r\n\r\n\t\t\t\t\t\t<div class=\"faq-item-question-icon\"><\/div>\r\n\t\t\t\t\t<\/div>\r\n\r\n\t\t\t\t\t<div class=\"faq-item-answer\">\r\n\t\t\t\t\t\t<div class=\"faq-item-answer-text\"><p>Das Unternehmen Elfsight bietet eine Cloud-L\u00f6sung an, mit der Benutzer selbst eine Pinterest-Feed-App einrichten k\u00f6nnen. Sehen Sie sich die einfachen Anweisungen an: <\/p><ul><li>Beginnen Sie direkt in der Live-Demo mit der Erstellung eines Pinterest-Feed-Bereichs die Sie gerne auf Ihrer Joomla-Seite einbinden m\u00f6chten.<\/li><li>Entscheiden Sie sich f\u00fcr eine unserer vorgefertigten Vorlagen und \u00e4ndern Sie die Pinterest-Feed-Einstellungen, \u00e4ndern Sie das Layout und die Farbe der Elemente, aktualisieren Sie Ihre Inhalte ohne Codierung.<\/li><li>Speichern Sie die von Ihnen vorgenommenen Einstellungen im Pinterest-Feed und erhalten Sie den Installationscode des Plugins, den Sie m\u00fchelos und kostenlos in die Joomla-Webseite einbetten k\u00f6nnen. <\/li><\/ul><p>Mit dem benutzerfreundlichen Editor kann jeder Webbenutzer eine Pinterest-Feed-App online erstellen und einfach in die Joomla-Website einbinden. F\u00fcr den Zugang zum Editor ist keine Zahlung oder Offenlegung Ihrer Kartendaten erforderlich. Wenn Sie auf Probleme jeglicher Art sto\u00dfen, z\u00f6gern Sie bitte nicht, sich an unsere Support-Mitarbeiter zu wenden.<\/p><\/div>\r\n\t\t\t\t\t<\/div>\r\n\t\t\t\t<\/div><\/div>\n","protected":false},"excerpt":{"rendered":"","protected":false},"author":9,"featured_media":0,"parent":2209,"menu_order":0,"comment_status":"closed","ping_status":"closed","template":"templates\/template-application-platform.php","meta":{"publish_to_discourse":"","publish_post_category":"","wpdc_auto_publish_overridden":"","wpdc_topic_tags":"","wpdc_pin_topic":"","wpdc_pin_until":"","discourse_post_id":"","discourse_permalink":"","wpdc_publishing_response":"","wpdc_publishing_error":"","footnotes":""},"class_list":["post-9619","page","type-page","status-publish","hentry"],"yoast_head":"<!-- This site is optimized with the Yoast SEO plugin v25.3.1 - https:\/\/yoast.com\/wordpress\/plugins\/seo\/ -->\n<title>Pinterest-Feed \u2013 Pinterest-Erweiterung zur Joomla-Website hinzuf\u00fcgen (2025)<\/title>\n<meta name=\"description\" content=\"Lernen Sie jetzt die Pinterest-Erweiterung f\u00fcr Joomla kennen. Erstellen Sie in nur wenigen Minuten ein einzigartiges Pinterest-Feed-Modul f\u00fcr Ihre Website!\" \/>\n<meta name=\"robots\" content=\"index, follow, max-snippet:-1, max-image-preview:large, max-video-preview:-1\" \/>\n<link rel=\"canonical\" href=\"https:\/\/elfsight.com\/de\/pinterest-feed-widget\/joomla\/\" \/>\n<meta property=\"og:locale\" content=\"de_DE\" \/>\n<meta property=\"og:type\" content=\"article\" \/>\n<meta property=\"og:title\" content=\"Pinterest-Feed \u2013 Pinterest-Erweiterung zur Joomla-Website hinzuf\u00fcgen (2025)\" \/>\n<meta property=\"og:description\" content=\"Lernen Sie jetzt die Pinterest-Erweiterung f\u00fcr Joomla kennen. Erstellen Sie in nur wenigen Minuten ein einzigartiges Pinterest-Feed-Modul f\u00fcr Ihre Website!\" \/>\n<meta property=\"og:url\" content=\"https:\/\/elfsight.com\/de\/pinterest-feed-widget\/joomla\/\" \/>\n<meta property=\"og:site_name\" content=\"Elfsight DE\" \/>\n<meta property=\"article:modified_time\" content=\"2025-02-12T10:53:13+00:00\" \/>\n<meta name=\"twitter:card\" content=\"summary_large_image\" \/>\n<meta name=\"twitter:label1\" content=\"Gesch\u00e4tzte Lesezeit\" \/>\n\t<meta name=\"twitter:data1\" content=\"4\u00a0Minuten\" \/>\n<!-- \/ Yoast SEO plugin. -->","yoast_head_json":{"title":"Pinterest-Feed \u2013 Pinterest-Erweiterung zur Joomla-Website hinzuf\u00fcgen (2025)","description":"Lernen Sie jetzt die Pinterest-Erweiterung f\u00fcr Joomla kennen. Erstellen Sie in nur wenigen Minuten ein einzigartiges Pinterest-Feed-Modul f\u00fcr Ihre Website!","robots":{"index":"index","follow":"follow","max-snippet":"max-snippet:-1","max-image-preview":"max-image-preview:large","max-video-preview":"max-video-preview:-1"},"canonical":"https:\/\/elfsight.com\/de\/pinterest-feed-widget\/joomla\/","og_locale":"de_DE","og_type":"article","og_title":"Pinterest-Feed \u2013 Pinterest-Erweiterung zur Joomla-Website hinzuf\u00fcgen (2025)","og_description":"Lernen Sie jetzt die Pinterest-Erweiterung f\u00fcr Joomla kennen. Erstellen Sie in nur wenigen Minuten ein einzigartiges Pinterest-Feed-Modul f\u00fcr Ihre Website!","og_url":"https:\/\/elfsight.com\/de\/pinterest-feed-widget\/joomla\/","og_site_name":"Elfsight DE","article_modified_time":"2025-02-12T10:53:13+00:00","twitter_card":"summary_large_image","twitter_misc":{"Gesch\u00e4tzte Lesezeit":"4\u00a0Minuten"},"schema":{"@context":"https:\/\/schema.org","@graph":[{"@type":"WebPage","@id":"https:\/\/elfsight.com\/de\/pinterest-feed-widget\/joomla\/","url":"https:\/\/elfsight.com\/de\/pinterest-feed-widget\/joomla\/","name":"Pinterest-Feed \u2013 Pinterest-Erweiterung zur Joomla-Website hinzuf\u00fcgen (2025)","isPartOf":{"@id":"https:\/\/elfsight.com\/de\/#website"},"datePublished":"1970-01-01T00:00:00+00:00","dateModified":"2025-02-12T10:53:13+00:00","description":"Lernen Sie jetzt die Pinterest-Erweiterung f\u00fcr Joomla kennen. Erstellen Sie in nur wenigen Minuten ein einzigartiges Pinterest-Feed-Modul f\u00fcr Ihre Website!","breadcrumb":{"@id":"https:\/\/elfsight.com\/de\/pinterest-feed-widget\/joomla\/#breadcrumb"},"inLanguage":"de","potentialAction":[{"@type":"ReadAction","target":["https:\/\/elfsight.com\/de\/pinterest-feed-widget\/joomla\/"]}]},{"@type":"BreadcrumbList","@id":"https:\/\/elfsight.com\/de\/pinterest-feed-widget\/joomla\/#breadcrumb","itemListElement":[{"@type":"ListItem","position":1,"name":"Home","item":"https:\/\/elfsight.com\/de\/"},{"@type":"ListItem","position":2,"name":"Pinterest Feed","item":"https:\/\/elfsight.com\/de\/pinterest-feed-widget\/"},{"@type":"ListItem","position":3,"name":"Pinterest Feed &#8211; Joomla"}]},{"@type":"WebSite","@id":"https:\/\/elfsight.com\/de\/#website","url":"https:\/\/elfsight.com\/de\/","name":"Elfsight DE","description":"Just another Elfsight Sites site","potentialAction":[{"@type":"SearchAction","target":{"@type":"EntryPoint","urlTemplate":"https:\/\/elfsight.com\/de\/?s={search_term_string}"},"query-input":{"@type":"PropertyValueSpecification","valueRequired":true,"valueName":"search_term_string"}}],"inLanguage":"de"}]}},"meta_box":{"industry":"","seo_heading":"","heading":"","description":"","cta_heading":"","cta_description":"","application":"477","h1":"Joomla Pinterest Feed-Erweiterung","h1_caption":"Betten Sie einen Feed mit Pins aus Ihrem Pinterest-Konto ein, um m\u00fchelos dynamische und optisch ansprechende Inhalte auf Ihrer Joomla-Website anzuzeigen.","application_category":[],"applications_title":"","applications_request_title":"","applications_request_button_text":"","hero_text":"","hero_video":"","hero_video_schema_markup":"","selling_points_title":"","selling_points_caption":"","selling_points":[],"selling_points_cta_text":"","features_title":"","features":"","ed_cta_examples_text":"","ed_cta_examples_hidden":"","ed_cta_demo_text":"","ed_cta_demo_hidden":"","why_caption":"","why_editor_title":"","why_editor_text":"","why_team_title":"","why_team_text":"","why_service_title":"","why_service_text":"","template_catalog_visible":"0","template_catalog_title":"","template_catalog_text":"","template_catalog_categories_visible":"","demo_title":"Erstellen Sie Ihr Pinterest-Feed-Plugin","demo_caption":"Konfigurieren Sie Ihren Pinterest-Feed und f\u00fcgen Sie ihn kostenlos zu Ihrer Joomla-Website hinzu!","default_faq_hidden":"","app_template_category":[],"platform":"259","template_public_id":"","codecanyon_url":"","codecanyon_item_id":"","codecanyon_price":"","pricing_caption":"","pricing_elfsight_apps_hide_column":"","pricing_elfsight_apps_url":"","pricing_codecanyon_price_caption":"","integration_category":[],"integration_request_title":"","integration_request_cta":"","integration_platform":"","integrations":[],"platform_category":[],"video_schema_markup":"","price":"ab 0 $ \/ Monat","trial":"","benefits":[{"text":"Kostenlose Installationshilfe"},{"text":"Effektiver Kundenservice"},{"text":"14-t\u00e4gige Geld-zur\u00fcck-Garantie"},{"text":"Zuk\u00fcnftige kostenlose Updates"}],"button_url":"#demo","button_target_blank":"0","button_nofollow":"0","attributes":[{"name":"Installiert","content":"10,000 - 100,000"},{"name":"Reaktionsfreudig","content":"Ja"},{"name":"Kompatible Browser","content":"Firefox, Safari, Opera, Chrome, Edge"}],"tags":[],"tags_disable_links":"0","hide_more_platforms":"0","video_object":"","demo_hide_cta":"0","demo_hide_cloud_options":"0","pricing_title":"","pricing":[{"pricing_icon":"platform","pricing_title":"Elfsight Apps","pricing_title_caption":"Plattform\u00fcbergreifende digitale L\u00f6sung, die auf jeder Website funktioniert","pricing_price":"ab 0 $ \/ Monat","pricing_price_caption":"Beginnen Sie mit einem kostenlosen Plan","pricing_benefits":[{"text":"Unbegrenzte Websites"},{"text":"Engagierte Unternehmensunterst\u00fctzung und gut dokumentiert"},{"text":"Kostenloser Installationssupport"},{"text":"Sonderangebot f\u00fcr mehrere Apps"}],"pricing_button_text":"Zur Website hinzuf\u00fcgen","pricing_button_url":"#demo"}],"related_apps_title":"","related_apps_hidden":"0","author":"","image":[],"title":"","job":"","social_networks":[]},"_links":{"self":[{"href":"https:\/\/elfsight.com\/de\/wp-json\/wp\/v2\/pages\/9619","targetHints":{"allow":["GET"]}}],"collection":[{"href":"https:\/\/elfsight.com\/de\/wp-json\/wp\/v2\/pages"}],"about":[{"href":"https:\/\/elfsight.com\/de\/wp-json\/wp\/v2\/types\/page"}],"author":[{"embeddable":true,"href":"https:\/\/elfsight.com\/de\/wp-json\/wp\/v2\/users\/9"}],"replies":[{"embeddable":true,"href":"https:\/\/elfsight.com\/de\/wp-json\/wp\/v2\/comments?post=9619"}],"version-history":[{"count":3,"href":"https:\/\/elfsight.com\/de\/wp-json\/wp\/v2\/pages\/9619\/revisions"}],"predecessor-version":[{"id":23999,"href":"https:\/\/elfsight.com\/de\/wp-json\/wp\/v2\/pages\/9619\/revisions\/23999"}],"up":[{"embeddable":true,"href":"https:\/\/elfsight.com\/de\/wp-json\/wp\/v2\/pages\/2209"}],"wp:attachment":[{"href":"https:\/\/elfsight.com\/de\/wp-json\/wp\/v2\/media?parent=9619"}],"curies":[{"name":"wp","href":"https:\/\/api.w.org\/{rel}","templated":true}]}}