{"id":9618,"date":"1970-01-01T00:00:00","date_gmt":"1970-01-01T00:00:00","guid":{"rendered":"https:\/\/elfsight.com\/de\/?page_id=9618"},"modified":"2025-02-12T10:48:41","modified_gmt":"2025-02-12T10:48:41","slug":"drupal","status":"publish","type":"page","link":"https:\/\/elfsight.com\/de\/pinterest-feed-widget\/drupal\/","title":{"rendered":"Pinterest Feed &#8211; Drupal"},"content":{"rendered":"\n<div class=\"application-platform-content-item-description application-platform-content-item\" id=\"description\" data-nav-section=\"description\"><h2>Beschreibung<\/h2><p>Mit dem Elfsight Pinterest Feed k\u00f6nnen Sie Ihr Konto sowie alle Pins und Pinnw\u00e4nde von Pinterest auf Ihrer Website anzeigen. Mithilfe unseres Moduls k\u00f6nnen Sie nicht nur Ihr Profil einbetten, sondern auch Pins und Pinnw\u00e4nde erhalten, auf denen eine Auswahl an Bildern f\u00fcr Ihre Website angezeigt wird. Zeigen Sie Ihre Gesch\u00e4ftserfolge, inspirieren Sie Ihre Benutzer, neue Trends zu entdecken oder f\u00fcgen Sie einfach visuelle Inhalte zu Ihrer Website hinzu. Ein anpassbares Modul hilft Ihnen, die Reichweite Ihrer visuellen Materialien zu erweitern, das Engagement zu steigern und mehr Abonnenten auf Pinterest zu gewinnen.<\/p><p><b> Erg\u00e4nzen Sie Ihre Website-Inhalte sofort und m\u00fchelos mit Bildern von Pinterest.<\/b> <\/p><ul><li><b>Erzielen Sie mehr Verk\u00e4ufe, indem Sie Ihre Produkte und Dienstleistungen pr\u00e4sentieren<\/b><br> Erstellen Sie Ihre eigenen einzigartigen Fotogalerien mit Ihren Werken oder den neuesten Trends und Must-Haves, damit die Leute etwas entdecken kaufen.<\/li><li><b>Abonnenten auf Pinterest steigern<\/b><br> Dank der im Feed angezeigten Schaltfl\u00e4che \u201eFolgen\u201c erhalten mehr Menschen die M\u00f6glichkeit, Ihre Follower zu werden.<\/li><li><b>Erh\u00f6hen Sie die Verkaufszahlen mit attraktiven Bildern<\/b><br> W\u00e4hlen Sie die unwiderstehlichsten Bilder Ihrer Produkte oder Dienstleistungen aus; Zeigen Sie die neuesten Trends und inspirierende Bilder an, um Menschen zum Kauf zu bewegen.<\/li><\/ul><\/div><div class=\"application-platform-content-item-features application-platform-content-item\" id=\"features\" data-nav-section=\"features\"><h2>Features<\/h2><p>5 Eigenschaften, die machen Unser Widget ist eine ideale Wahl f\u00fcr jede Drupal-Site:<\/p><ul><li>Editierbarer Widget-Titel;<\/li><li>Der intelligente Colorizer w\u00e4hlt automatisch die am besten geeigneten Farben der Benutzeroberfl\u00e4che aus.<\/li><li>Kopfzeile anzeigen oder ausblenden;<\/li><li>Klicken Sie auf das Bild, um es auf Pinterest zu \u00f6ffnen;<\/li><\/ul><p><a href=\"#demo\">Bewerten Sie alle Vorteile im Editor!<\/a><\/p><\/div><div class=\"application-platform-content-item-installation application-platform-content-item\" id=\"installation\" data-nav-section=\"installation\"><h2>So f\u00fcgen Sie Pinterest-Feed zur Drupal-Website hinzu<\/h2><div class=\"video-container\"><iframe width=\"560\" height=\"315\" src=\"https:\/\/www.youtube.com\/embed\/fVkzo1E-SwU?si=VPVNqLbH9p3H45qG\" frameborder=\"0\" allow=\"accelerometer; autoplay; clipboard-write; encrypted-media; gyroscope; picture-in-picture; web-share\" allowfullscreen><\/iframe><\/div><p>Nur Erf\u00fcllen Sie die folgenden Richtlinien, um das Modul in Drupal zu integrieren.<\/p> <ol><li><b>\u00d6ffnen Sie unseren kostenlosen Editor und beginnen Sie mit der Erstellung Ihres einzigartigen Instruments. <\/b><br> Finden Sie das gew\u00fcnschte Aussehen und die gew\u00fcnschten Spezifikationen des Werkzeugs und nehmen Sie die Korrekturen vor. <\/li> <li><b>Kopieren Sie den eindeutigen Code, der im Fenster von Elfsight Apps angezeigt wird. <\/b><br> Nachdem die Konfiguration Ihres Moduls abgeschlossen ist, kopieren Sie den exklusiven Code im angezeigten Fenster und speichern Sie ihn zur weiteren Verwendung. <\/li> <li><b>Beteiligen Sie sich an der Verwendung des Pinterest-Feed-Moduls auf der Drupal-Website. <\/b><br> F\u00fcgen Sie den zuvor gespeicherten Code auf Ihrer Website hinzu und wenden Sie die Korrekturen an. <\/li> <li><b>Du bist fertig! Die Integration ist vollst\u00e4ndig abgeschlossen. <\/b><br> Besuchen Sie Ihre Website, um die Leistung des Moduls zu beobachten. <\/li><\/ol><p>Gibt es Probleme beim Anzeigen oder Gestalten des Moduls? Senden Sie eine Anfrage an unser Support Center.<\/p><\/div><div class=\"faq\" data-component=\"FAQ\"><div class=\"faq-item\">\r\n\t\t\t\t\t<div class=\"faq-item-question\">\r\n\t\t\t\t\t\t<h3 class=\"faq-item-question-text\">Wie bette ich Pinterest-Feeds ohne Programmierkenntnisse in meine Drupal-Homepage ein?<\/h3>\r\n\r\n\t\t\t\t\t\t<div class=\"faq-item-question-icon\"><\/div>\r\n\t\t\t\t\t<\/div>\r\n\r\n\t\t\t\t\t<div class=\"faq-item-answer\">\r\n\t\t\t\t\t\t<div class=\"faq-item-answer-text\"> <p>Das Unternehmen Elfsight bietet eine Cloud-L\u00f6sung an, mit der Benutzer selbst einen Pinterest-Feed-Bereich erstellen k\u00f6nnen. Sehen Sie sich an, wie einfach der Vorgang ist: <\/p><ul><li>Beginnen Sie mit der Arbeit im Live-Editor, um ein Pinterest-Feed-Widget zu erstellen, das Sie gerne h\u00e4tten gerne in Ihr Drupal integrieren.<\/li><li>W\u00e4hlen Sie eine der vorgefertigten Vorlagen aus und passen Sie die Pinterest-Feed-Einstellungen an, f\u00fcgen Sie Ihre Inhalte ein, \u00e4ndern Sie das Layout und das Farbschema ohne Programmierkenntnisse.<\/li><li>Speichern Sie die Einstellungen, die Sie am Pinterest-Feed vorgenommen haben, und erhalten den Code zum Einbetten, der einfach in die Drupal-Website eingebettet werden kann, ohne eine kostenpflichtige Version zu kaufen. <\/li><\/ul><p>Mit unserem benutzerfreundlichen Editor kann jeder Webbenutzer einen Pinterest-Feed online erstellen und m\u00fchelos zu seiner Drupal-Website hinzuf\u00fcgen. Sie sollten nicht bezahlen oder Ihre Kartendaten offenlegen, um auf den Elfsight-Service zuzugreifen. Sollten bei irgendeinem Schritt Probleme auftreten, wenden Sie sich bitte an unseren technischen Kundensupport.<\/p><\/div>\r\n\t\t\t\t\t<\/div>\r\n\t\t\t\t<\/div><\/div>\n","protected":false},"excerpt":{"rendered":"","protected":false},"author":9,"featured_media":0,"parent":2209,"menu_order":0,"comment_status":"closed","ping_status":"closed","template":"templates\/template-application-platform.php","meta":{"publish_to_discourse":"","publish_post_category":"","wpdc_auto_publish_overridden":"","wpdc_topic_tags":"","wpdc_pin_topic":"","wpdc_pin_until":"","discourse_post_id":"","discourse_permalink":"","wpdc_publishing_response":"","wpdc_publishing_error":"","footnotes":""},"class_list":["post-9618","page","type-page","status-publish","hentry"],"yoast_head":"<!-- This site is optimized with the Yoast SEO plugin v25.3.1 - https:\/\/yoast.com\/wordpress\/plugins\/seo\/ -->\n<title>Pinterest-Feed \u2013 Pinterest-Modul zur Drupal-Website hinzuf\u00fcgen<\/title>\n<meta name=\"description\" content=\"Schauen Sie sich jetzt das beste Pinterest-Feed-Modul f\u00fcr die Drupal-Site an! Erstellen Sie mit Elfsight in nur 3 Minuten ein individuelles Pinterest-Widget.\" \/>\n<meta name=\"robots\" content=\"index, follow, max-snippet:-1, max-image-preview:large, max-video-preview:-1\" \/>\n<link rel=\"canonical\" href=\"https:\/\/elfsight.com\/de\/pinterest-feed-widget\/drupal\/\" \/>\n<meta property=\"og:locale\" content=\"de_DE\" \/>\n<meta property=\"og:type\" content=\"article\" \/>\n<meta property=\"og:title\" content=\"Pinterest-Feed \u2013 Pinterest-Modul zur Drupal-Website hinzuf\u00fcgen\" \/>\n<meta property=\"og:description\" content=\"Schauen Sie sich jetzt das beste Pinterest-Feed-Modul f\u00fcr die Drupal-Site an! Erstellen Sie mit Elfsight in nur 3 Minuten ein individuelles Pinterest-Widget.\" \/>\n<meta property=\"og:url\" content=\"https:\/\/elfsight.com\/de\/pinterest-feed-widget\/drupal\/\" \/>\n<meta property=\"og:site_name\" content=\"Elfsight DE\" \/>\n<meta property=\"article:modified_time\" content=\"2025-02-12T10:48:41+00:00\" \/>\n<meta name=\"twitter:card\" content=\"summary_large_image\" \/>\n<meta name=\"twitter:label1\" content=\"Gesch\u00e4tzte Lesezeit\" \/>\n\t<meta name=\"twitter:data1\" content=\"4\u00a0Minuten\" \/>\n<!-- \/ Yoast SEO plugin. -->","yoast_head_json":{"title":"Pinterest-Feed \u2013 Pinterest-Modul zur Drupal-Website hinzuf\u00fcgen","description":"Schauen Sie sich jetzt das beste Pinterest-Feed-Modul f\u00fcr die Drupal-Site an! Erstellen Sie mit Elfsight in nur 3 Minuten ein individuelles Pinterest-Widget.","robots":{"index":"index","follow":"follow","max-snippet":"max-snippet:-1","max-image-preview":"max-image-preview:large","max-video-preview":"max-video-preview:-1"},"canonical":"https:\/\/elfsight.com\/de\/pinterest-feed-widget\/drupal\/","og_locale":"de_DE","og_type":"article","og_title":"Pinterest-Feed \u2013 Pinterest-Modul zur Drupal-Website hinzuf\u00fcgen","og_description":"Schauen Sie sich jetzt das beste Pinterest-Feed-Modul f\u00fcr die Drupal-Site an! Erstellen Sie mit Elfsight in nur 3 Minuten ein individuelles Pinterest-Widget.","og_url":"https:\/\/elfsight.com\/de\/pinterest-feed-widget\/drupal\/","og_site_name":"Elfsight DE","article_modified_time":"2025-02-12T10:48:41+00:00","twitter_card":"summary_large_image","twitter_misc":{"Gesch\u00e4tzte Lesezeit":"4\u00a0Minuten"},"schema":{"@context":"https:\/\/schema.org","@graph":[{"@type":"WebPage","@id":"https:\/\/elfsight.com\/de\/pinterest-feed-widget\/drupal\/","url":"https:\/\/elfsight.com\/de\/pinterest-feed-widget\/drupal\/","name":"Pinterest-Feed \u2013 Pinterest-Modul zur Drupal-Website hinzuf\u00fcgen","isPartOf":{"@id":"https:\/\/elfsight.com\/de\/#website"},"datePublished":"1970-01-01T00:00:00+00:00","dateModified":"2025-02-12T10:48:41+00:00","description":"Schauen Sie sich jetzt das beste Pinterest-Feed-Modul f\u00fcr die Drupal-Site an! Erstellen Sie mit Elfsight in nur 3 Minuten ein individuelles Pinterest-Widget.","breadcrumb":{"@id":"https:\/\/elfsight.com\/de\/pinterest-feed-widget\/drupal\/#breadcrumb"},"inLanguage":"de","potentialAction":[{"@type":"ReadAction","target":["https:\/\/elfsight.com\/de\/pinterest-feed-widget\/drupal\/"]}]},{"@type":"BreadcrumbList","@id":"https:\/\/elfsight.com\/de\/pinterest-feed-widget\/drupal\/#breadcrumb","itemListElement":[{"@type":"ListItem","position":1,"name":"Home","item":"https:\/\/elfsight.com\/de\/"},{"@type":"ListItem","position":2,"name":"Pinterest Feed","item":"https:\/\/elfsight.com\/de\/pinterest-feed-widget\/"},{"@type":"ListItem","position":3,"name":"Pinterest Feed &#8211; Drupal"}]},{"@type":"WebSite","@id":"https:\/\/elfsight.com\/de\/#website","url":"https:\/\/elfsight.com\/de\/","name":"Elfsight DE","description":"Just another Elfsight Sites site","potentialAction":[{"@type":"SearchAction","target":{"@type":"EntryPoint","urlTemplate":"https:\/\/elfsight.com\/de\/?s={search_term_string}"},"query-input":{"@type":"PropertyValueSpecification","valueRequired":true,"valueName":"search_term_string"}}],"inLanguage":"de"}]}},"meta_box":{"industry":"","seo_heading":"","heading":"","description":"","cta_heading":"","cta_description":"","application":"477","h1":"Drupal Pinterest Feed-Modul","h1_caption":"Betten Sie einen Feed mit Pins aus Ihrem Pinterest-Konto ein, um m\u00fchelos dynamische und optisch ansprechende Inhalte auf Ihrer Drupal-Website anzuzeigen.","application_category":[],"applications_title":"","applications_request_title":"","applications_request_button_text":"","hero_text":"","hero_video":"","hero_video_schema_markup":"","selling_points_title":"","selling_points_caption":"","selling_points":[],"selling_points_cta_text":"","features_title":"","features":"","ed_cta_examples_text":"","ed_cta_examples_hidden":"","ed_cta_demo_text":"","ed_cta_demo_hidden":"","why_caption":"","why_editor_title":"","why_editor_text":"","why_team_title":"","why_team_text":"","why_service_title":"","why_service_text":"","template_catalog_visible":"0","template_catalog_title":"","template_catalog_text":"","template_catalog_categories_visible":"","demo_title":"Erstellen Sie Ihr Pinterest-Feed-Modul","demo_caption":"Konfigurieren Sie Ihren Pinterest-Feed und f\u00fcgen Sie ihn kostenlos zu Ihrer Drupal-Website hinzu!","default_faq_hidden":"","app_template_category":[],"platform":"261","template_public_id":"","codecanyon_url":"","codecanyon_item_id":"","codecanyon_price":"","pricing_caption":"","pricing_elfsight_apps_hide_column":"","pricing_elfsight_apps_url":"","pricing_codecanyon_price_caption":"","integration_category":[],"integration_request_title":"","integration_request_cta":"","integration_platform":"","integrations":[],"platform_category":[],"video_schema_markup":"","price":"ab 0 $ \/ Monat","trial":"","benefits":[{"text":"Kostenloser Installationsservice"},{"text":"Professioneller Kundenservice"},{"text":"14-t\u00e4gige Geld-zur\u00fcck-Garantie"},{"text":"Regelm\u00e4\u00dfige Verbesserungen"}],"button_url":"#demo","button_target_blank":"0","button_nofollow":"0","attributes":[{"name":"Installiert","content":"10,000 - 100,000"},{"name":"Reaktionsfreudig","content":"Ja"},{"name":"Kompatible Browser","content":"Firefox, Safari, Opera, Chrome, Edge"}],"tags":[],"tags_disable_links":"0","hide_more_platforms":"0","video_object":"","demo_hide_cta":"0","demo_hide_cloud_options":"0","pricing_title":"","pricing":[{"pricing_icon":"platform","pricing_title":"Elfsight Apps","pricing_title_caption":"Plattformunabh\u00e4ngige Software, die auf jeder Website funktioniert","pricing_price":"ab 0 $ \/ Monat","pricing_price_caption":"Beginnen Sie mit einem kostenlosen Plan","pricing_benefits":[{"text":"Unbegrenzte Websites"},{"text":"Engagierter Kundensupport"},{"text":"Kostenlose Installationsunterst\u00fctzung"},{"text":"Zeitlich begrenztes Angebot f\u00fcr mehrere Apps"}],"pricing_button_text":"Zur Website hinzuf\u00fcgen","pricing_button_url":"#demo"}],"related_apps_title":"","related_apps_hidden":"0","author":"","image":[],"title":"","job":"","social_networks":[]},"_links":{"self":[{"href":"https:\/\/elfsight.com\/de\/wp-json\/wp\/v2\/pages\/9618","targetHints":{"allow":["GET"]}}],"collection":[{"href":"https:\/\/elfsight.com\/de\/wp-json\/wp\/v2\/pages"}],"about":[{"href":"https:\/\/elfsight.com\/de\/wp-json\/wp\/v2\/types\/page"}],"author":[{"embeddable":true,"href":"https:\/\/elfsight.com\/de\/wp-json\/wp\/v2\/users\/9"}],"replies":[{"embeddable":true,"href":"https:\/\/elfsight.com\/de\/wp-json\/wp\/v2\/comments?post=9618"}],"version-history":[{"count":3,"href":"https:\/\/elfsight.com\/de\/wp-json\/wp\/v2\/pages\/9618\/revisions"}],"predecessor-version":[{"id":23996,"href":"https:\/\/elfsight.com\/de\/wp-json\/wp\/v2\/pages\/9618\/revisions\/23996"}],"up":[{"embeddable":true,"href":"https:\/\/elfsight.com\/de\/wp-json\/wp\/v2\/pages\/2209"}],"wp:attachment":[{"href":"https:\/\/elfsight.com\/de\/wp-json\/wp\/v2\/media?parent=9618"}],"curies":[{"name":"wp","href":"https:\/\/api.w.org\/{rel}","templated":true}]}}