{"id":9617,"date":"1970-01-01T00:00:00","date_gmt":"1970-01-01T00:00:00","guid":{"rendered":"https:\/\/elfsight.com\/de\/?page_id=9617"},"modified":"2025-02-12T10:47:26","modified_gmt":"2025-02-12T10:47:26","slug":"blogger","status":"publish","type":"page","link":"https:\/\/elfsight.com\/de\/pinterest-feed-widget\/blogger\/","title":{"rendered":"Pinterest Feed &#8211; Blogger"},"content":{"rendered":"\n<div class=\"application-platform-content-item-description application-platform-content-item\" id=\"description\" data-nav-section=\"description\"><h2>Beschreibung<\/h2><p>Mit Hilfe des Pinterest-Widgets von Elfsight k\u00f6nnen Sie Ihrer Website wundersch\u00f6ne Bilder von Pinterest hinzuf\u00fcgen. Das Elfsight-Widget hilft bei der Anzeige ausgew\u00e4hlter Pins, Pinnw\u00e4nde und Ihres vollst\u00e4ndigen Kontos auf Ihrer Website. \u00dcberzeugen Sie Ihre Kunden mit sorgf\u00e4ltig ausgew\u00e4hlten Bildern und Thementafeln und entwerfen Sie Ihre eigenen, einzigartigen Kollektionen. Erzielen Sie eine bessere Reichweite Ihrer Fotos, st\u00e4rken Sie das Engagement auf Ihrer Website und gewinnen Sie gleichzeitig mehr Follower f\u00fcr Ihr Pinterest-Profil.<\/p><p><b>Pr\u00e4sentieren Sie Ihre Produkte, Dienstleistungen und Projekte auf der Website mit Pins und Pinnw\u00e4nden!<\/b><\/p><ul><li><b>Steigern Sie die Benutzerinteraktion auf Ihrer Website<\/b><br>Sorgf\u00e4ltig ausgew\u00e4hlte Fotos auf Ihrer Website erregen die gr\u00f6\u00dftm\u00f6gliche Aufmerksamkeit der Benutzer und binden zuk\u00fcnftige Kunden.<\/li><li><b>Erzielen Sie eine bessere soziale Verbreitung Ihres Pinterest-Profils<\/b><br>Geben Sie Personen, die nicht auf Pinterest sind, die Chance, Ihre sorgf\u00e4ltig ausgew\u00e4hlten Inhalte zu bewundern und sie auf der Website zu zeigen.<\/li> <li><b> Bringen Sie attraktivere Inhalte auf Ihre Website<\/b><br>Dank der Pinterest-Pins und -Pinnw\u00e4nde, die Ihnen zur Verf\u00fcgung stehen, k\u00f6nnen Sie die besten visuellen Elemente f\u00fcr Ihre Website ausw\u00e4hlen, um Ihre Leute zu begeistern.<\/li><\/ul><\/div><div class=\"application-platform-content-item-features application-platform-content-item\" id=\"features\" data-nav-section=\"features\"><h2>Funktionen<\/h2><p>Mehrere Vorteile, die unser Pinterest-Gadget zu einer unvergleichlichen L\u00f6sung f\u00fcr Blogger-Websites machen:<\/p><ul><li>Kontotitel, Follower und Anzahl der Follower werden angezeigt.<\/li><li>W\u00e4hlen Sie die Farbe des Hauptthemas.<\/li><li>Umschaltbare Pins-Elemente: Autor, Text, Schaltfl\u00e4che \u201eTeilen\u201c, Pinterest-Symbol.<\/li><li>Boards und Pin-Z\u00e4hler anzeigen oder ausblenden;<\/li><\/ul><p><a href=\"#demo\">Alle Funktionen pr\u00fcfen<\/a><\/p><\/div><div class=\"application-platform-content-item-installation application-platform-content-item\" id=\"installation\" data-nav-section=\"installation\"><h2>So f\u00fcgen Sie das Pinterest-Widget zur Blogger-Website hinzu<\/h2><div class=\"video-container\"><iframe width=\"560\" height=\"315\" src=\"https:\/\/www.youtube.com\/embed\/JYeG5sgqmGg?si=mB8F1mf_8YuXNkH2\" frameborder=\"0\" allow=\"accelerometer; autoplay; clipboard-write; encrypted-media; gyroscope; picture-in-picture; web-share\" allowfullscreen><\/iframe><\/div><p>Eine kleine Anleitung zum Erstellen des Widgets ohne Kenntnisse in der Webentwicklung oder die Einstellung eines tempor\u00e4ren Programmierers. F\u00fcr die Umsetzung der Anleitung ben\u00f6tigen Sie nur wenige Minuten.<\/p><ol><li><b>Erstellen Sie Ihren personalisierten Pinterest-Feed<\/b><br> Erstellen Sie mit unserer kostenlosen Demo ein Widget mit dem Aussehen und den Funktionen, die Sie ben\u00f6tigen sind f\u00fcr Ihren Anwendungsfall.<\/li><li><b>Erhalten Sie einen Code zum Integrieren des Widgets<\/b><br> Kopieren Sie nach der Feinabstimmung des Widgets einen Code f\u00fcr das Pinterest-Widget aus der angezeigten Benachrichtigung auf Elfsight Apps. <\/li><li><b>Platzieren Sie das Widget auf der Blogger-Site<\/b><br> F\u00fcgen Sie das Widget zum gew\u00fcnschten Element der Seite hinzu und speichern Sie die Ergebnisse.<\/li><li><b>Die Einbettung ist erfolgreich!<\/b><br> Besuchen Sie Ihre Website, um Ihre Arbeit zu sehen.<\/li><\/ol><p>Haben Sie Probleme bei der Verwendung der Anleitung? Wenden Sie sich an den Elfsight-Support.<\/p><\/div><div class=\"faq\" data-component=\"FAQ\"><div class=\"faq-item\">\r\n\t\t\t\t\t<div class=\"faq-item-question\">\r\n\t\t\t\t\t\t<h3 class=\"faq-item-question-text\">Gibt es eine Methode, Pinterest-Feed ohne Programmierkenntnisse zu meiner Blogger-Website hinzuzuf\u00fcgen?<\/h3>\r\n\r\n\t\t\t\t\t\t<div class=\"faq-item-question-icon\"><\/div>\r\n\t\t\t\t\t<\/div>\r\n\r\n\t\t\t\t\t<div class=\"faq-item-answer\">\r\n\t\t\t\t\t\t<div class=\"faq-item-answer-text\"><p>Das Unternehmen Elfsight bietet eine Cloud-L\u00f6sung an, mit der Websitebesitzer selbst ein Pinterest-Feed-Plugin erstellen k\u00f6nnen. Sehen Sie sich die einfachen Schritte an: <\/p><ul><li>Arbeiten Sie direkt im Online-Editor, um einen Pinterest-Feed-Bereich zu erstellen, den Sie m\u00f6chten Auf der Blogger-Website einbetten.<\/li><li>W\u00e4hlen Sie eine unserer vorgefertigten Vorlagen und \u00e4ndern Sie die Pinterest-Feed-Einstellungen, \u00e4ndern Sie das Layout und die Farben, f\u00fcgen Sie Ihre Inhalte ohne Codierung ein.<\/li><li>Speichern Sie Pinterest Geben Sie Installationscode ein und kopieren Sie ihn, der einfach und kostenlos auf der Blogger-Homepage hinzugef\u00fcgt werden kann. <\/li><\/ul><p>Mit Hilfe des intuitiven Konfigurators kann jeder Webnutzer online ein Pinterest-Feed-Plugin erstellen und in seine Blogger-Homepage einbetten. Es ist nicht erforderlich, einen kostenpflichtigen Tarif abzuschlie\u00dfen oder Ihre Kartendaten anzugeben, um den Elfsight-Dienst in Anspruch zu nehmen. Sollten bei irgendeinem Schritt Probleme auftreten, wenden Sie sich bitte an unsere Support-Mitarbeiter.<\/p><\/div>\r\n\t\t\t\t\t<\/div>\r\n\t\t\t\t<\/div><\/div>\n","protected":false},"excerpt":{"rendered":"","protected":false},"author":9,"featured_media":0,"parent":2209,"menu_order":0,"comment_status":"closed","ping_status":"closed","template":"templates\/template-application-platform.php","meta":{"publish_to_discourse":"","publish_post_category":"","wpdc_auto_publish_overridden":"","wpdc_topic_tags":"","wpdc_pin_topic":"","wpdc_pin_until":"","discourse_post_id":"","discourse_permalink":"","wpdc_publishing_response":"","wpdc_publishing_error":"","footnotes":""},"class_list":["post-9617","page","type-page","status-publish","hentry"],"yoast_head":"<!-- This site is optimized with the Yoast SEO plugin v25.3.1 - https:\/\/yoast.com\/wordpress\/plugins\/seo\/ -->\n<title>Pinterest-Feed \u2013 Pinterest-Widget zur Blogger-Website hinzuf\u00fcgen (kostenlos und einfach!)<\/title>\n<meta name=\"description\" content=\"Generieren Sie in nur 1 Minute Ihr einzigartiges Pinterest-Feed-Widget f\u00fcr Blogger. Testen Sie den Schnelleditor zum Entwerfen von Widgets von Elfsight v\u00f6llig kostenlos.\" \/>\n<meta name=\"robots\" content=\"index, follow, max-snippet:-1, max-image-preview:large, max-video-preview:-1\" \/>\n<link rel=\"canonical\" href=\"https:\/\/elfsight.com\/de\/pinterest-feed-widget\/blogger\/\" \/>\n<meta property=\"og:locale\" content=\"de_DE\" \/>\n<meta property=\"og:type\" content=\"article\" \/>\n<meta property=\"og:title\" content=\"Pinterest-Feed \u2013 Pinterest-Widget zur Blogger-Website hinzuf\u00fcgen (kostenlos und einfach!)\" \/>\n<meta property=\"og:description\" content=\"Generieren Sie in nur 1 Minute Ihr einzigartiges Pinterest-Feed-Widget f\u00fcr Blogger. Testen Sie den Schnelleditor zum Entwerfen von Widgets von Elfsight v\u00f6llig kostenlos.\" \/>\n<meta property=\"og:url\" content=\"https:\/\/elfsight.com\/de\/pinterest-feed-widget\/blogger\/\" \/>\n<meta property=\"og:site_name\" content=\"Elfsight DE\" \/>\n<meta property=\"article:modified_time\" content=\"2025-02-12T10:47:26+00:00\" \/>\n<meta name=\"twitter:card\" content=\"summary_large_image\" \/>\n<meta name=\"twitter:label1\" content=\"Gesch\u00e4tzte Lesezeit\" \/>\n\t<meta name=\"twitter:data1\" content=\"3\u00a0Minuten\" \/>\n<!-- \/ Yoast SEO plugin. -->","yoast_head_json":{"title":"Pinterest-Feed \u2013 Pinterest-Widget zur Blogger-Website hinzuf\u00fcgen (kostenlos und einfach!)","description":"Generieren Sie in nur 1 Minute Ihr einzigartiges Pinterest-Feed-Widget f\u00fcr Blogger. Testen Sie den Schnelleditor zum Entwerfen von Widgets von Elfsight v\u00f6llig kostenlos.","robots":{"index":"index","follow":"follow","max-snippet":"max-snippet:-1","max-image-preview":"max-image-preview:large","max-video-preview":"max-video-preview:-1"},"canonical":"https:\/\/elfsight.com\/de\/pinterest-feed-widget\/blogger\/","og_locale":"de_DE","og_type":"article","og_title":"Pinterest-Feed \u2013 Pinterest-Widget zur Blogger-Website hinzuf\u00fcgen (kostenlos und einfach!)","og_description":"Generieren Sie in nur 1 Minute Ihr einzigartiges Pinterest-Feed-Widget f\u00fcr Blogger. Testen Sie den Schnelleditor zum Entwerfen von Widgets von Elfsight v\u00f6llig kostenlos.","og_url":"https:\/\/elfsight.com\/de\/pinterest-feed-widget\/blogger\/","og_site_name":"Elfsight DE","article_modified_time":"2025-02-12T10:47:26+00:00","twitter_card":"summary_large_image","twitter_misc":{"Gesch\u00e4tzte Lesezeit":"3\u00a0Minuten"},"schema":{"@context":"https:\/\/schema.org","@graph":[{"@type":"WebPage","@id":"https:\/\/elfsight.com\/de\/pinterest-feed-widget\/blogger\/","url":"https:\/\/elfsight.com\/de\/pinterest-feed-widget\/blogger\/","name":"Pinterest-Feed \u2013 Pinterest-Widget zur Blogger-Website hinzuf\u00fcgen (kostenlos und einfach!)","isPartOf":{"@id":"https:\/\/elfsight.com\/de\/#website"},"datePublished":"1970-01-01T00:00:00+00:00","dateModified":"2025-02-12T10:47:26+00:00","description":"Generieren Sie in nur 1 Minute Ihr einzigartiges Pinterest-Feed-Widget f\u00fcr Blogger. Testen Sie den Schnelleditor zum Entwerfen von Widgets von Elfsight v\u00f6llig kostenlos.","breadcrumb":{"@id":"https:\/\/elfsight.com\/de\/pinterest-feed-widget\/blogger\/#breadcrumb"},"inLanguage":"de","potentialAction":[{"@type":"ReadAction","target":["https:\/\/elfsight.com\/de\/pinterest-feed-widget\/blogger\/"]}]},{"@type":"BreadcrumbList","@id":"https:\/\/elfsight.com\/de\/pinterest-feed-widget\/blogger\/#breadcrumb","itemListElement":[{"@type":"ListItem","position":1,"name":"Home","item":"https:\/\/elfsight.com\/de\/"},{"@type":"ListItem","position":2,"name":"Pinterest Feed","item":"https:\/\/elfsight.com\/de\/pinterest-feed-widget\/"},{"@type":"ListItem","position":3,"name":"Pinterest Feed &#8211; Blogger"}]},{"@type":"WebSite","@id":"https:\/\/elfsight.com\/de\/#website","url":"https:\/\/elfsight.com\/de\/","name":"Elfsight DE","description":"Just another Elfsight Sites site","potentialAction":[{"@type":"SearchAction","target":{"@type":"EntryPoint","urlTemplate":"https:\/\/elfsight.com\/de\/?s={search_term_string}"},"query-input":{"@type":"PropertyValueSpecification","valueRequired":true,"valueName":"search_term_string"}}],"inLanguage":"de"}]}},"meta_box":{"industry":"","seo_heading":"","heading":"","description":"","cta_heading":"","cta_description":"","application":"477","h1":"Blogger-Pinterest-Feed-Widget","h1_caption":"Betten Sie einen Feed mit Pins aus Ihrem Pinterest-Konto ein, um m\u00fchelos dynamische und optisch ansprechende Inhalte auf Ihrer Blogger-Website anzuzeigen.","application_category":[],"applications_title":"","applications_request_title":"","applications_request_button_text":"","hero_text":"","hero_video":"","hero_video_schema_markup":"","selling_points_title":"","selling_points_caption":"","selling_points":[],"selling_points_cta_text":"","features_title":"","features":"","ed_cta_examples_text":"","ed_cta_examples_hidden":"","ed_cta_demo_text":"","ed_cta_demo_hidden":"","why_caption":"","why_editor_title":"","why_editor_text":"","why_team_title":"","why_team_text":"","why_service_title":"","why_service_text":"","template_catalog_visible":"0","template_catalog_title":"","template_catalog_text":"","template_catalog_categories_visible":"","demo_title":"Erstellen Sie Ihr Pinterest-Feed-Widget","demo_caption":"Konfigurieren Sie Ihren Pinterest-Feed und f\u00fcgen Sie ihn kostenlos zu Ihrer Blogger-Website hinzu!","default_faq_hidden":"","app_template_category":[],"platform":"262","template_public_id":"","codecanyon_url":"","codecanyon_item_id":"","codecanyon_price":"","pricing_caption":"","pricing_elfsight_apps_hide_column":"","pricing_elfsight_apps_url":"","pricing_codecanyon_price_caption":"","integration_category":[],"integration_request_title":"","integration_request_cta":"","integration_platform":"","integrations":[],"platform_category":[],"video_schema_markup":"","price":"ab 0 $ \/ Monat","trial":"","benefits":[{"text":"Kostenloser Installationsservice"},{"text":"Erfahrener Kundensupport"},{"text":"14-t\u00e4gige R\u00fcckerstattungsgarantie"},{"text":"Laufende Verbesserungen"}],"button_url":"#demo","button_target_blank":"0","button_nofollow":"0","attributes":[{"name":"Installiert","content":"10,000 - 100,000"},{"name":"Reaktionsfreudig","content":"Ja"},{"name":"Kompatible Browser","content":"Firefox, Safari, Opera, Chrome, Edge"}],"tags":[],"tags_disable_links":"0","hide_more_platforms":"0","video_object":"","demo_hide_cta":"0","demo_hide_cloud_options":"0","pricing_title":"","pricing":[{"pricing_icon":"platform","pricing_title":"Elfsight Apps","pricing_title_caption":"Plattform\u00fcbergreifende digitale L\u00f6sung, die f\u00fcr jeden Standort geeignet ist","pricing_price":"ab 0 $ \/ Monat","pricing_price_caption":"Beginnen Sie mit einem kostenlosen Plan","pricing_benefits":[{"text":"Unbegrenzte Domains"},{"text":"24\/7 und p\u00fcnktlicher Support"},{"text":"Kostenloser Installationsservice"},{"text":"100 % anpassbar"}],"pricing_button_text":"Zur Website hinzuf\u00fcgen","pricing_button_url":"#demo"}],"related_apps_title":"","related_apps_hidden":"0","author":"","image":[],"title":"","job":"","social_networks":[]},"_links":{"self":[{"href":"https:\/\/elfsight.com\/de\/wp-json\/wp\/v2\/pages\/9617","targetHints":{"allow":["GET"]}}],"collection":[{"href":"https:\/\/elfsight.com\/de\/wp-json\/wp\/v2\/pages"}],"about":[{"href":"https:\/\/elfsight.com\/de\/wp-json\/wp\/v2\/types\/page"}],"author":[{"embeddable":true,"href":"https:\/\/elfsight.com\/de\/wp-json\/wp\/v2\/users\/9"}],"replies":[{"embeddable":true,"href":"https:\/\/elfsight.com\/de\/wp-json\/wp\/v2\/comments?post=9617"}],"version-history":[{"count":4,"href":"https:\/\/elfsight.com\/de\/wp-json\/wp\/v2\/pages\/9617\/revisions"}],"predecessor-version":[{"id":23995,"href":"https:\/\/elfsight.com\/de\/wp-json\/wp\/v2\/pages\/9617\/revisions\/23995"}],"up":[{"embeddable":true,"href":"https:\/\/elfsight.com\/de\/wp-json\/wp\/v2\/pages\/2209"}],"wp:attachment":[{"href":"https:\/\/elfsight.com\/de\/wp-json\/wp\/v2\/media?parent=9617"}],"curies":[{"name":"wp","href":"https:\/\/api.w.org\/{rel}","templated":true}]}}