{"id":9612,"date":"1970-01-01T00:00:00","date_gmt":"1970-01-01T00:00:00","guid":{"rendered":"https:\/\/elfsight.com\/de\/?page_id=9612"},"modified":"2025-02-12T10:45:37","modified_gmt":"2025-02-12T10:45:37","slug":"bigcommerce","status":"publish","type":"page","link":"https:\/\/elfsight.com\/de\/pinterest-feed-widget\/bigcommerce\/","title":{"rendered":"Pinterest Feed &#8211; BigCommerce"},"content":{"rendered":"\n<div class=\"application-platform-content-item-description application-platform-content-item\" id=\"description\" data-nav-section=\"description\"><h2>Beschreibung<\/h2><p>Mit Pinterest Feed von Elfsight k\u00f6nnen Sie im Handumdrehen erstaunliche Bilder von Pinterest in Ihre Website einf\u00fcgen . Mit dem Elfsight-Tool k\u00f6nnen Sie beliebige Pins, Pinnw\u00e4nde und Ihr gesamtes Profil auf der Website hinzuf\u00fcgen. Ziehen Sie Ihre Kunden mit sorgf\u00e4ltig ausgew\u00e4hlten Bildern und Thementafeln an und erstellen Sie Ihre eigenen originellen Galerien. Erweitern Sie die Reichweite Ihrer Bilder, steigern Sie das Engagement auf der Website und gewinnen Sie in der Zwischenzeit neue Abonnenten f\u00fcr Ihr Pinterest-Konto.<\/p><p><b>Zeigen Sie Ihr Profil, f\u00fcgen Sie Pinnw\u00e4nde hinzu und w\u00e4hlen Sie Pins aus, um das fesselndste Bild zu zeigen Materialien auf Ihrer Website!<\/b><\/p><ul><li><b>Erhalten Sie neue Verk\u00e4ufe, indem Sie Ihre Angebote demonstrieren<\/b><br>Erstellen Sie Ihre eigenen, einzigartig gestalteten Fotosammlungen mit Ihren Projekten oder neuesten Trends und Must-Buys, um Menschen zum Shoppen zu bewegen.<\/li><li><b>Erhalten Sie mehr Follower auf Pinterest<\/b><br>Mit der Schaltfl\u00e4che \u201eFolgen\u201c im Feed haben mehr Kunden die Chance, sich Ihren Abonnenten anzuschlie\u00dfen .<\/li><li><b>Erh\u00f6hen Sie den Umsatz mit Hilfe \u00fcberzeugender Bilder<\/b><br>W\u00e4hlen Sie die attraktivsten Bilder Ihrer Artikel aus; Zeigen Sie die neuesten Trends und \u00fcberzeugende Bilder, um Kunden zum Kauf zu verleiten.<\/li><\/ul><\/div><div class=\"application-platform-content-item-features application-platform-content-item\" id=\"features\" data-nav-section=\"features\"><h2>Funktionen<\/h2><p>Welche Vorteile machen die Elfsight-App aus? das Beste f\u00fcr Ihre BigCommerce-Website? Schauen Sie sich die Liste an:<\/p><ul><li>Pins und Pinnw\u00e4nde nach URL hinzuf\u00fcgen;<\/li><li>22 beliebte Sprachen verf\u00fcgbar;<\/li><li>Kopfzeile anzeigen oder ausblenden;<\/li> <li>Mobil reaktionsf\u00e4hig in jeder Gr\u00f6\u00dfe und Proportion.<\/li><\/ul><p><a href=\"#demo\">Alle Details ansehen<\/a><\/p><\/div><div class=\"application-platform-content-item-installation application-platform-content-item\" id=\"installation\" data-nav-section=\"installation\"><h2>So f\u00fcgen Sie Pinterest zur BigCommerce-Website hinzu<\/h2><div class=\"video-container\"><iframe width=\"560\" height=\"315\" src=\"https:\/\/www.youtube.com\/embed\/TENs6QSMPBs?si=sjBkbHtBMEa9CsTf\" frameborder=\"0\" allow=\"accelerometer; autoplay; clipboard-write; encrypted-media; gyroscope; picture-in-picture; web-share\" allowfullscreen><\/iframe><\/div><p>Folgen Sie einfach den unten beschriebenen Schritten, um die App bei BigCommerce einzuf\u00fcgen.<\/p> <ol><li><b>Verwalten Sie unsere kostenlose Demo und beginnen Sie mit der Erstellung Ihres einzigartigen Widgets. <\/b><br> Finden Sie das individuelle Aussehen und die Funktionalit\u00e4t des Plugins und wenden Sie die \u00c4nderungen an. <\/li> <li><b>Erhalten Sie Ihren individuellen Code, der im speziellen Formular auf Elfsight Apps angezeigt wird. <\/b><br> Nachdem die Anpassung Ihres Pinterest-Feed-Widgets abgeschlossen ist, kopieren Sie den pers\u00f6nlichen Code aus dem angezeigten Popup und bewahren Sie ihn zur sp\u00e4teren Verwendung auf. <\/li> <li><b>Beginnen Sie mit der Verwendung des Tools auf Ihrer BigCommerce-Site. <\/b><br> Implementieren Sie den Code, den Sie k\u00fcrzlich auf Ihrer Seite gespeichert haben, und wenden Sie die Korrekturen an. <\/li> <li><b>Du bist fertig! Die Integration ist vollst\u00e4ndig durchgef\u00fchrt. <\/b><br> Besuchen Sie Ihre Website, um einen Blick auf die Leistung des Plugins zu werfen. <\/li><\/ol><p>Sind Sie auf Probleme beim Entwerfen oder Anpassen Ihres Widgets gesto\u00dfen? Kontaktieren Sie unser Support-Team.<\/p><\/div><div class=\"faq\" data-component=\"FAQ\"><div class=\"faq-item\">\r\n\t\t\t\t\t<div class=\"faq-item-question\">\r\n\t\t\t\t\t\t<h3 class=\"faq-item-question-text\">Wie kann ich Pinterest-Feeds ohne Programmiererfahrung zu meiner BigCommerce-Webseite hinzuf\u00fcgen?<\/h3>\r\n\r\n\t\t\t\t\t\t<div class=\"faq-item-question-icon\"><\/div>\r\n\t\t\t\t\t<\/div>\r\n\r\n\t\t\t\t\t<div class=\"faq-item-answer\">\r\n\t\t\t\t\t\t<div class=\"faq-item-answer-text\"><p>Das Unternehmen Elfsight bietet eine Cloud-L\u00f6sung an, mit der Sie selbst ein Pinterest-Feed-Widget erstellen k\u00f6nnen. Sehen Sie sich die einfachen Anweisungen an: <\/p><ul><li>Arbeiten Sie direkt im Online-Editor, um ein Pinterest-Feed-Widget zu erstellen, das Sie m\u00f6chten Zum Einbetten auf der BigCommerce-Homepage.<\/li><li>Klicken Sie auf eine der vorgefertigten Vorlagen und \u00e4ndern Sie die Pinterest-Feed-Einstellungen, aktualisieren Sie Ihren Inhalt, \u00e4ndern Sie das Layout und die Farben ohne Codierung.<\/li><li>Speichern Sie Pinterest Geben Sie den Widget-Code f\u00fcr die Installation ein und erhalten Sie ihn, den Sie m\u00fchelos in Ihre BigCommerce-Site einf\u00fcgen k\u00f6nnen, ohne einen kostenpflichtigen Plan zu kaufen. <\/li><\/ul><p>Mit unserem benutzerfreundlichen Editor kann jeder Internetnutzer online ein Pinterest-Feed-Widget erstellen und es einfach zu seiner BigCommerce-Webseite hinzuf\u00fcgen. Sie m\u00fcssen nicht bezahlen oder Ihre Kartendaten eingeben, um Elfsight Editor zu betreten. Wenn Sie bei irgendeinem Schritt auf Hindernisse sto\u00dfen, wenden Sie sich an unser Support-Team.<\/p><\/div>\r\n\t\t\t\t\t<\/div>\r\n\t\t\t\t<\/div><\/div>\n","protected":false},"excerpt":{"rendered":"","protected":false},"author":9,"featured_media":0,"parent":2209,"menu_order":0,"comment_status":"closed","ping_status":"closed","template":"templates\/template-application-platform.php","meta":{"publish_to_discourse":"","publish_post_category":"","wpdc_auto_publish_overridden":"","wpdc_topic_tags":"","wpdc_pin_topic":"","wpdc_pin_until":"","discourse_post_id":"","discourse_permalink":"","wpdc_publishing_response":"","wpdc_publishing_error":"","footnotes":""},"class_list":["post-9612","page","type-page","status-publish","hentry"],"yoast_head":"<!-- This site is optimized with the Yoast SEO plugin v25.3.1 - https:\/\/yoast.com\/wordpress\/plugins\/seo\/ -->\n<title>Pinterest-Feed \u2013 Pinterest-App zur BigCommerce-Website hinzuf\u00fcgen (2025)<\/title>\n<meta name=\"description\" content=\"F\u00fcgen Sie die Pinterest-Feed-App in nur 2 Minuten zu BigCommerce hinzu. \u00dcberpr\u00fcfen Sie alle Hauptmerkmale der besten Pinterest-App in einem kostenlosen Editor.\" \/>\n<meta name=\"robots\" content=\"index, follow, max-snippet:-1, max-image-preview:large, max-video-preview:-1\" \/>\n<link rel=\"canonical\" href=\"https:\/\/elfsight.com\/de\/pinterest-feed-widget\/bigcommerce\/\" \/>\n<meta property=\"og:locale\" content=\"de_DE\" \/>\n<meta property=\"og:type\" content=\"article\" \/>\n<meta property=\"og:title\" content=\"Pinterest-Feed \u2013 Pinterest-App zur BigCommerce-Website hinzuf\u00fcgen (2025)\" \/>\n<meta property=\"og:description\" content=\"F\u00fcgen Sie die Pinterest-Feed-App in nur 2 Minuten zu BigCommerce hinzu. \u00dcberpr\u00fcfen Sie alle Hauptmerkmale der besten Pinterest-App in einem kostenlosen Editor.\" \/>\n<meta property=\"og:url\" content=\"https:\/\/elfsight.com\/de\/pinterest-feed-widget\/bigcommerce\/\" \/>\n<meta property=\"og:site_name\" content=\"Elfsight DE\" \/>\n<meta property=\"article:modified_time\" content=\"2025-02-12T10:45:37+00:00\" \/>\n<meta name=\"twitter:card\" content=\"summary_large_image\" \/>\n<meta name=\"twitter:label1\" content=\"Gesch\u00e4tzte Lesezeit\" \/>\n\t<meta name=\"twitter:data1\" content=\"3\u00a0Minuten\" \/>\n<!-- \/ Yoast SEO plugin. -->","yoast_head_json":{"title":"Pinterest-Feed \u2013 Pinterest-App zur BigCommerce-Website hinzuf\u00fcgen (2025)","description":"F\u00fcgen Sie die Pinterest-Feed-App in nur 2 Minuten zu BigCommerce hinzu. \u00dcberpr\u00fcfen Sie alle Hauptmerkmale der besten Pinterest-App in einem kostenlosen Editor.","robots":{"index":"index","follow":"follow","max-snippet":"max-snippet:-1","max-image-preview":"max-image-preview:large","max-video-preview":"max-video-preview:-1"},"canonical":"https:\/\/elfsight.com\/de\/pinterest-feed-widget\/bigcommerce\/","og_locale":"de_DE","og_type":"article","og_title":"Pinterest-Feed \u2013 Pinterest-App zur BigCommerce-Website hinzuf\u00fcgen (2025)","og_description":"F\u00fcgen Sie die Pinterest-Feed-App in nur 2 Minuten zu BigCommerce hinzu. \u00dcberpr\u00fcfen Sie alle Hauptmerkmale der besten Pinterest-App in einem kostenlosen Editor.","og_url":"https:\/\/elfsight.com\/de\/pinterest-feed-widget\/bigcommerce\/","og_site_name":"Elfsight DE","article_modified_time":"2025-02-12T10:45:37+00:00","twitter_card":"summary_large_image","twitter_misc":{"Gesch\u00e4tzte Lesezeit":"3\u00a0Minuten"},"schema":{"@context":"https:\/\/schema.org","@graph":[{"@type":"WebPage","@id":"https:\/\/elfsight.com\/de\/pinterest-feed-widget\/bigcommerce\/","url":"https:\/\/elfsight.com\/de\/pinterest-feed-widget\/bigcommerce\/","name":"Pinterest-Feed \u2013 Pinterest-App zur BigCommerce-Website hinzuf\u00fcgen (2025)","isPartOf":{"@id":"https:\/\/elfsight.com\/de\/#website"},"datePublished":"1970-01-01T00:00:00+00:00","dateModified":"2025-02-12T10:45:37+00:00","description":"F\u00fcgen Sie die Pinterest-Feed-App in nur 2 Minuten zu BigCommerce hinzu. \u00dcberpr\u00fcfen Sie alle Hauptmerkmale der besten Pinterest-App in einem kostenlosen Editor.","breadcrumb":{"@id":"https:\/\/elfsight.com\/de\/pinterest-feed-widget\/bigcommerce\/#breadcrumb"},"inLanguage":"de","potentialAction":[{"@type":"ReadAction","target":["https:\/\/elfsight.com\/de\/pinterest-feed-widget\/bigcommerce\/"]}]},{"@type":"BreadcrumbList","@id":"https:\/\/elfsight.com\/de\/pinterest-feed-widget\/bigcommerce\/#breadcrumb","itemListElement":[{"@type":"ListItem","position":1,"name":"Home","item":"https:\/\/elfsight.com\/de\/"},{"@type":"ListItem","position":2,"name":"Pinterest Feed","item":"https:\/\/elfsight.com\/de\/pinterest-feed-widget\/"},{"@type":"ListItem","position":3,"name":"Pinterest Feed &#8211; BigCommerce"}]},{"@type":"WebSite","@id":"https:\/\/elfsight.com\/de\/#website","url":"https:\/\/elfsight.com\/de\/","name":"Elfsight DE","description":"Just another Elfsight Sites site","potentialAction":[{"@type":"SearchAction","target":{"@type":"EntryPoint","urlTemplate":"https:\/\/elfsight.com\/de\/?s={search_term_string}"},"query-input":{"@type":"PropertyValueSpecification","valueRequired":true,"valueName":"search_term_string"}}],"inLanguage":"de"}]}},"meta_box":{"industry":"","seo_heading":"","heading":"","description":"","cta_heading":"","cta_description":"","application":"477","h1":"BigCommerce Pinterest Feed-App","h1_caption":"Betten Sie einen Feed mit Pins aus Ihrem Pinterest-Konto ein, um m\u00fchelos dynamische und optisch ansprechende Inhalte auf Ihrer BigCommerce-Website anzuzeigen.","application_category":[],"applications_title":"","applications_request_title":"","applications_request_button_text":"","hero_text":"","hero_video":"","hero_video_schema_markup":"","selling_points_title":"","selling_points_caption":"","selling_points":[],"selling_points_cta_text":"","features_title":"","features":"","ed_cta_examples_text":"","ed_cta_examples_hidden":"","ed_cta_demo_text":"","ed_cta_demo_hidden":"","why_caption":"","why_editor_title":"","why_editor_text":"","why_team_title":"","why_team_text":"","why_service_title":"","why_service_text":"","template_catalog_visible":"0","template_catalog_title":"","template_catalog_text":"","template_catalog_categories_visible":"","demo_title":"Erstellen Sie Ihre Pinterest-Feed-App","demo_caption":"Konfigurieren Sie Ihren Pinterest-Feed und f\u00fcgen Sie ihn kostenlos zu Ihrer BigCommerce-Website hinzu!","default_faq_hidden":"","app_template_category":[],"platform":"268","template_public_id":"","codecanyon_url":"","codecanyon_item_id":"","codecanyon_price":"","pricing_caption":"","pricing_elfsight_apps_hide_column":"","pricing_elfsight_apps_url":"","pricing_codecanyon_price_caption":"","integration_category":[],"integration_request_title":"","integration_request_cta":"","integration_platform":"","integrations":[],"platform_category":[],"video_schema_markup":"","price":"ab 0 $ \/ Monat","trial":"","benefits":[{"text":"Kostenlose Installationsunterst\u00fctzung"},{"text":"Effektiver Kundenservice"},{"text":"14-t\u00e4gige R\u00fcckerstattungsgarantie"},{"text":"Zuk\u00fcnftige Verbesserungen"}],"button_url":"#demo","button_target_blank":"0","button_nofollow":"0","attributes":[{"name":"Installiert","content":"10,000 - 100,000"},{"name":"Reaktionsfreudig","content":"Ja"},{"name":"Kompatible Browser","content":"Firefox, Safari, Opera, Chrome, Edge"}],"tags":[],"tags_disable_links":"0","hide_more_platforms":"0","video_object":"","demo_hide_cta":"0","demo_hide_cloud_options":"0","pricing_title":"","pricing":[{"pricing_icon":"platform","pricing_title":"Elfsight Apps","pricing_title_caption":"Plattform\u00fcbergreifende digitale L\u00f6sung","pricing_price":"ab 0 $ \/ Monat","pricing_price_caption":"Beginnen Sie mit einem kostenlosen Plan","pricing_benefits":[{"text":"Unbegrenzte Websites"},{"text":"Kostenloser Unternehmenssupport und gut dokumentiert"},{"text":"Kostenlose Installationsunterst\u00fctzung"},{"text":"Vollst\u00e4ndig anpassbar"}],"pricing_button_text":"Zur Website hinzuf\u00fcgen","pricing_button_url":"#demo"}],"related_apps_title":"","related_apps_hidden":"0","author":"","image":[],"title":"","job":"","social_networks":[]},"_links":{"self":[{"href":"https:\/\/elfsight.com\/de\/wp-json\/wp\/v2\/pages\/9612","targetHints":{"allow":["GET"]}}],"collection":[{"href":"https:\/\/elfsight.com\/de\/wp-json\/wp\/v2\/pages"}],"about":[{"href":"https:\/\/elfsight.com\/de\/wp-json\/wp\/v2\/types\/page"}],"author":[{"embeddable":true,"href":"https:\/\/elfsight.com\/de\/wp-json\/wp\/v2\/users\/9"}],"replies":[{"embeddable":true,"href":"https:\/\/elfsight.com\/de\/wp-json\/wp\/v2\/comments?post=9612"}],"version-history":[{"count":3,"href":"https:\/\/elfsight.com\/de\/wp-json\/wp\/v2\/pages\/9612\/revisions"}],"predecessor-version":[{"id":23993,"href":"https:\/\/elfsight.com\/de\/wp-json\/wp\/v2\/pages\/9612\/revisions\/23993"}],"up":[{"embeddable":true,"href":"https:\/\/elfsight.com\/de\/wp-json\/wp\/v2\/pages\/2209"}],"wp:attachment":[{"href":"https:\/\/elfsight.com\/de\/wp-json\/wp\/v2\/media?parent=9612"}],"curies":[{"name":"wp","href":"https:\/\/api.w.org\/{rel}","templated":true}]}}