{"id":9610,"date":"1970-01-01T00:00:00","date_gmt":"1970-01-01T00:00:00","guid":{"rendered":"https:\/\/elfsight.com\/de\/?page_id=9610"},"modified":"2025-02-25T12:20:58","modified_gmt":"2025-02-25T12:20:58","slug":"elementor","status":"publish","type":"page","link":"https:\/\/elfsight.com\/de\/pinterest-feed-widget\/elementor\/","title":{"rendered":"Pinterest Feed &#8211; Elementor"},"content":{"rendered":"\n<div class=\"application-platform-content-item-description application-platform-content-item\" id=\"description\" data-nav-section=\"description\"> <h2>Pinterest-Feed auf Elementor mit dem Elfsight-Widget einbetten<\/h2><p>Das Elfsight-Pinterest-Widget hilft bei der Anzeige Ihres Profils sowie aller Pins und Pinnw\u00e4nde von Pinterest auf Ihrer Website. Mit unserem Plugin k\u00f6nnen Sie nicht nur Ihr Pinterest-Konto ver\u00f6ffentlichen, sondern auch Pins und Pinnw\u00e4nde sortieren, um Fotosammlungen f\u00fcr Ihre Website zu erstellen. Pr\u00e4sentieren Sie Ihre Angebote, motivieren Sie Ihre Kunden, neue Inspirationen zu entdecken oder visualisieren Sie einfach Ihre Website. Ein flexibler Pinterest-Feed hilft Ihnen dabei, die Reichweite Ihrer visuellen Materialien zu erh\u00f6hen, das Website-Engagement zu steigern und mehr Abonnenten auf Pinterest zu gewinnen.<\/p><p><b>F\u00fcgen Sie Bilder aus sozialen Medien sofort und bequem zu Ihrer Website hinzu.<\/b><\/p><p><b>St\u00e4rken Sie das Engagement der Website-Besucher auf Ihrer Website<\/b><br> Sorgf\u00e4ltig ausgew\u00e4hlte Fotos erregen die gr\u00f6\u00dftm\u00f6gliche Aufmerksamkeit der Benutzer und halten die Kunden bei der Stange.<\/p><p><b>Erweitern Verbreitung Ihrer Pinterest-Inhalte in sozialen Netzwerken.<\/b><br> Bieten Sie Nutzern, die nicht auf Pinterest sind, die M\u00f6glichkeit, Ihre umfangreichen Inhalte zu entdecken, indem Sie sie auf der Website pr\u00e4sentieren.<\/p><p><b>Erh\u00f6hen Sie das Niveau von Verk\u00e4ufe mit attraktiven Bildern.<\/b><br> W\u00e4hlen Sie die attraktivsten Bilder Ihrer Produkte oder Dienstleistungen aus; Zeigen Sie die neuesten Trends und inspirierende Bilder, um Menschen zum Kauf zu bewegen.<\/p><\/div><div class=\"application-platform-content-item-features application-platform-content-item\" id=\"features\" data-nav-section=\"features\"> <h2>Hauptfunktionen des Pinterest-Feed-Widgets<\/h2><p>Eine Reihe von Vorz\u00fcge, die das Elfsight-Widget zu einem der wichtigsten Plugins f\u00fcr jede WordPress-Website machen:<\/p><ul><li>Pins und Boards nach URL hinzuf\u00fcgen;<\/li><li>Die Farbe des Hauptthemas ausw\u00e4hlen;<\/li> <li>Kopfzeile anzeigen oder ausblenden;<\/li><li>Klicken Sie auf das Bild, um es in Pinterest zu \u00f6ffnen;<\/li><\/ul><p><a href=\"#demo\">Sehen Sie sich alle Funktionen an im Panel<\/a><\/p><\/div><div class=\"application-platform-content-item-installation application-platform-content-item\" id=\"installation\" data-nav-section=\"installation\"><h2>So f\u00fcgen Sie Pinterest-Feed zur Elementor-Website hinzu<\/h2><div class=\"video-container\"><iframe width=\"560\" height=\"315\" src=\"https:\/\/www.youtube.com\/embed\/IXp6IEJfkeQ?si=8XQqlvr_seweVjZi\" frameborder=\"0\" allow=\"accelerometer; autoplay; clipboard-write; encrypted-media; gyroscope; picture-in-picture; web-share\" allowfullscreen><\/iframe><\/div><p>Eine einfache Tutorial zum Erstellen von Symbolen f\u00fcr eine Website ohne Kenntnisse in der Entwicklung. Die Gesamtzeit f\u00fcr die manuelle Ausf\u00fchrung betr\u00e4gt etwa 70 Sekunden.<\/p><ol><li><b>Erstellen Sie Ihr einzigartiges Pinterest-Plugin<\/b><br> Erstellen Sie mit unserer kostenlosen Demo ein Plugin mit dem gew\u00fcnschten Layout und den gew\u00fcnschten Einstellungen.<\/li><li><b>Erhalten Sie einen Code, um das Plugin zu installieren<\/b><br> Nach der Widget-Anpassung erhalten Sie im angezeigten Fenster von Elfsight Apps einen Code f\u00fcr den Pinterest-Feed.<\/li><li><b>Zeigen Sie das Plugin auf der Elementor-Website an<\/b><br> F\u00fcgen Sie das Plugin an der gew\u00fcnschten Stelle der Seite hinzu und wenden Sie die Ergebnisse an.<\/li><li><b>Fertig!<\/b><br> Gehen Sie auf Ihre Website, um Ihre Arbeit zu \u00fcberpr\u00fcfen.<\/li><\/ol><p>Sind Sie bei der Ausf\u00fchrung der Anleitung auf einige Schwierigkeiten gesto\u00dfen? Senden Sie eine Anfrage an das Elfsight-Supportcenter.<\/p><div class=\"faq\" data-component=\"FAQ\"><div class=\"faq-item\">\r\n\t\t\t\t\t<div class=\"faq-item-question\">\r\n\t\t\t\t\t\t<h3 class=\"faq-item-question-text\">Wie kann ich einen Pinterest-Feed auf meiner Elementor-Website ohne Programmierkenntnisse einbetten?<\/h3>\r\n\r\n\t\t\t\t\t\t<div class=\"faq-item-question-icon\"><\/div>\r\n\t\t\t\t\t<\/div>\r\n\r\n\t\t\t\t\t<div class=\"faq-item-answer\">\r\n\t\t\t\t\t\t<div class=\"faq-item-answer-text\"><p>Elfsight bietet eine cloudbasierte L\u00f6sung, mit der Benutzer selbst einen Pinterest-Feed erstellen k\u00f6nnen, und zeigt, wie einfach der Prozess ist:<\/p>\n<ul>\n<li>\u00d6ffnen Sie den Online-Editor, um einen Pinterest-Feed-Bereich zu erstellen, den Sie auf Ihrer Elementor-Website einbetten m\u00f6chten.<\/li>\n\n<li>W\u00e4hlen Sie eine unserer vorgefertigten Vorlagen aus und passen Sie die Pinterest-Feed-Einstellungen an, \u00e4ndern Sie das Layout und das Farbschema, und integrieren Sie Ihre Inhalte ganz ohne Programmierkenntnisse.<\/li>\n\n<li>Behalten Sie die vorgenommenen Anpassungen bei und erhalten Sie den Code des Widgets zum Einbetten, den Sie problemlos und kostenlos in Ihre Elementor-Website einf\u00fcgen k\u00f6nnen.<\/li>\n<\/ul>\n<p>Mit dem benutzerfreundlichen Editor kann jeder Online-Nutzer einen Pinterest-Feed-Bereich erstellen und ihn auf seiner Elementor-Website hinzuf\u00fcgen. F\u00fcr den Zugriff auf den Elfsight-Editor sind keine Zahlungen oder Kartendaten erforderlich. Sollten Sie auf irgendwelche Probleme sto\u00dfen, z\u00f6gern Sie nicht, sich an unseren Kundensupport zu wenden.<\/p><\/div>\r\n\t\t\t\t\t<\/div>\r\n\t\t\t\t<\/div><\/div><\/div>\n","protected":false},"excerpt":{"rendered":"","protected":false},"author":9,"featured_media":0,"parent":2209,"menu_order":0,"comment_status":"closed","ping_status":"closed","template":"templates\/template-application-platform.php","meta":{"publish_to_discourse":"","publish_post_category":"","wpdc_auto_publish_overridden":"","wpdc_topic_tags":"","wpdc_pin_topic":"","wpdc_pin_until":"","discourse_post_id":"","discourse_permalink":"","wpdc_publishing_response":"","wpdc_publishing_error":"","footnotes":""},"class_list":["post-9610","page","type-page","status-publish","hentry"],"yoast_head":"<!-- This site is optimized with the Yoast SEO plugin v25.3.1 - https:\/\/yoast.com\/wordpress\/plugins\/seo\/ -->\n<title>Pinterest-Feed-Widget f\u00fcr die Elementor-Website (2025)<\/title>\n<meta name=\"description\" content=\"Erstellen Sie in nur 3 Minuten Ihr Pinterest-Feed-Widget f\u00fcr Elementor auf Ihrer Website. Kostenlose Demo, Unterst\u00fctzung bei der Anpassung und weitere Vorteile von Elfsight!\" \/>\n<meta name=\"robots\" content=\"index, follow, max-snippet:-1, max-image-preview:large, max-video-preview:-1\" \/>\n<link rel=\"canonical\" href=\"https:\/\/elfsight.com\/de\/pinterest-feed-widget\/elementor\/\" \/>\n<meta property=\"og:locale\" content=\"de_DE\" \/>\n<meta property=\"og:type\" content=\"article\" \/>\n<meta property=\"og:title\" content=\"Pinterest-Feed-Widget f\u00fcr die Elementor-Website (2025)\" \/>\n<meta property=\"og:description\" content=\"Erstellen Sie in nur 3 Minuten Ihr Pinterest-Feed-Widget f\u00fcr Elementor auf Ihrer Website. Kostenlose Demo, Unterst\u00fctzung bei der Anpassung und weitere Vorteile von Elfsight!\" \/>\n<meta property=\"og:url\" content=\"https:\/\/elfsight.com\/de\/pinterest-feed-widget\/elementor\/\" \/>\n<meta property=\"og:site_name\" content=\"Elfsight DE\" \/>\n<meta property=\"article:modified_time\" content=\"2025-02-25T12:20:58+00:00\" \/>\n<meta name=\"twitter:card\" content=\"summary_large_image\" \/>\n<meta name=\"twitter:label1\" content=\"Gesch\u00e4tzte Lesezeit\" \/>\n\t<meta name=\"twitter:data1\" content=\"3\u00a0Minuten\" \/>\n<!-- \/ Yoast SEO plugin. -->","yoast_head_json":{"title":"Pinterest-Feed-Widget f\u00fcr die Elementor-Website (2025)","description":"Erstellen Sie in nur 3 Minuten Ihr Pinterest-Feed-Widget f\u00fcr Elementor auf Ihrer Website. Kostenlose Demo, Unterst\u00fctzung bei der Anpassung und weitere Vorteile von Elfsight!","robots":{"index":"index","follow":"follow","max-snippet":"max-snippet:-1","max-image-preview":"max-image-preview:large","max-video-preview":"max-video-preview:-1"},"canonical":"https:\/\/elfsight.com\/de\/pinterest-feed-widget\/elementor\/","og_locale":"de_DE","og_type":"article","og_title":"Pinterest-Feed-Widget f\u00fcr die Elementor-Website (2025)","og_description":"Erstellen Sie in nur 3 Minuten Ihr Pinterest-Feed-Widget f\u00fcr Elementor auf Ihrer Website. Kostenlose Demo, Unterst\u00fctzung bei der Anpassung und weitere Vorteile von Elfsight!","og_url":"https:\/\/elfsight.com\/de\/pinterest-feed-widget\/elementor\/","og_site_name":"Elfsight DE","article_modified_time":"2025-02-25T12:20:58+00:00","twitter_card":"summary_large_image","twitter_misc":{"Gesch\u00e4tzte Lesezeit":"3\u00a0Minuten"},"schema":{"@context":"https:\/\/schema.org","@graph":[{"@type":"WebPage","@id":"https:\/\/elfsight.com\/de\/pinterest-feed-widget\/elementor\/","url":"https:\/\/elfsight.com\/de\/pinterest-feed-widget\/elementor\/","name":"Pinterest-Feed-Widget f\u00fcr die Elementor-Website (2025)","isPartOf":{"@id":"https:\/\/elfsight.com\/de\/#website"},"datePublished":"1970-01-01T00:00:00+00:00","dateModified":"2025-02-25T12:20:58+00:00","description":"Erstellen Sie in nur 3 Minuten Ihr Pinterest-Feed-Widget f\u00fcr Elementor auf Ihrer Website. Kostenlose Demo, Unterst\u00fctzung bei der Anpassung und weitere Vorteile von Elfsight!","breadcrumb":{"@id":"https:\/\/elfsight.com\/de\/pinterest-feed-widget\/elementor\/#breadcrumb"},"inLanguage":"de","potentialAction":[{"@type":"ReadAction","target":["https:\/\/elfsight.com\/de\/pinterest-feed-widget\/elementor\/"]}]},{"@type":"BreadcrumbList","@id":"https:\/\/elfsight.com\/de\/pinterest-feed-widget\/elementor\/#breadcrumb","itemListElement":[{"@type":"ListItem","position":1,"name":"Home","item":"https:\/\/elfsight.com\/de\/"},{"@type":"ListItem","position":2,"name":"Pinterest Feed","item":"https:\/\/elfsight.com\/de\/pinterest-feed-widget\/"},{"@type":"ListItem","position":3,"name":"Pinterest Feed &#8211; Elementor"}]},{"@type":"WebSite","@id":"https:\/\/elfsight.com\/de\/#website","url":"https:\/\/elfsight.com\/de\/","name":"Elfsight DE","description":"Just another Elfsight Sites site","potentialAction":[{"@type":"SearchAction","target":{"@type":"EntryPoint","urlTemplate":"https:\/\/elfsight.com\/de\/?s={search_term_string}"},"query-input":{"@type":"PropertyValueSpecification","valueRequired":true,"valueName":"search_term_string"}}],"inLanguage":"de"}]}},"meta_box":{"industry":"","seo_heading":"","heading":"","description":"","cta_heading":"","cta_description":"","application":"477","h1":"Elementor Pinterest-Feed","h1_caption":"Betten Sie einen Feed mit Pins aus Ihrem Pinterest-Konto ein, um m\u00fchelos dynamische und optisch ansprechende Inhalte auf Ihrer Elementor-Website anzuzeigen.","application_category":[],"applications_title":"","applications_request_title":"","applications_request_button_text":"","hero_text":"","hero_video":"","hero_video_schema_markup":"","selling_points_title":"","selling_points_caption":"","selling_points":[],"selling_points_cta_text":"","features_title":"","features":"","ed_cta_examples_text":"","ed_cta_examples_hidden":"","ed_cta_demo_text":"","ed_cta_demo_hidden":"","why_caption":"","why_editor_title":"","why_editor_text":"","why_team_title":"","why_team_text":"","why_service_title":"","why_service_text":"","template_catalog_visible":"0","template_catalog_title":"","template_catalog_text":"","template_catalog_categories_visible":"","demo_title":"Erstellen Sie Ihr Pinterest-Feed-Widget","demo_caption":"Konfigurieren Sie Ihren Pinterest-Feed und f\u00fcgen Sie ihn kostenlos zu Ihrer Elementor-Website hinzu!","default_faq_hidden":"","app_template_category":[],"platform":"223","template_public_id":"","codecanyon_url":"","codecanyon_item_id":"","codecanyon_price":"","pricing_caption":"","pricing_elfsight_apps_hide_column":"","pricing_elfsight_apps_url":"","pricing_codecanyon_price_caption":"","integration_category":[],"integration_request_title":"","integration_request_cta":"","integration_platform":"","integrations":[],"platform_category":[],"video_schema_markup":"","price":"ab 0 $ \/ Monat","trial":"","benefits":[{"text":"Kostenloser Installationsservice"},{"text":"Premium-Support"},{"text":"14-t\u00e4gige Geld-zur\u00fcck-Garantie"},{"text":"Zuk\u00fcnftige Updates"}],"button_url":"#demo","button_target_blank":"0","button_nofollow":"0","attributes":[{"name":"Installiert","content":"10,000 - 100,000"},{"name":"Reaktionsfreudig","content":"Ja"},{"name":"Kompatible Browser","content":"Firefox, Safari, Opera, Chrome, Edge"}],"tags":[],"tags_disable_links":"0","hide_more_platforms":"0","video_object":"","demo_hide_cta":"0","demo_hide_cloud_options":"0","pricing_title":"","pricing":[{"pricing_icon":"platform","pricing_title":"Elfsight Apps","pricing_title_caption":"Plattform\u00fcbergreifende L\u00f6sung, die f\u00fcr jede Website geeignet ist","pricing_price":"ab 0 $ \/ Monat","pricing_price_caption":"Beginnen Sie mit einem kostenlosen Plan","pricing_benefits":[{"text":"Unbegrenzte Domains"},{"text":"24\/7 und p\u00fcnktlicher Support"},{"text":"Kostenloser Installationsservice"},{"text":"Sonderangebot f\u00fcr mehrere Apps"}],"pricing_button_text":"Zur Website hinzuf\u00fcgen","pricing_button_url":"#demo"}],"related_apps_title":"","related_apps_hidden":"0","author":"","image":[],"title":"","job":"","social_networks":[]},"_links":{"self":[{"href":"https:\/\/elfsight.com\/de\/wp-json\/wp\/v2\/pages\/9610","targetHints":{"allow":["GET"]}}],"collection":[{"href":"https:\/\/elfsight.com\/de\/wp-json\/wp\/v2\/pages"}],"about":[{"href":"https:\/\/elfsight.com\/de\/wp-json\/wp\/v2\/types\/page"}],"author":[{"embeddable":true,"href":"https:\/\/elfsight.com\/de\/wp-json\/wp\/v2\/users\/9"}],"replies":[{"embeddable":true,"href":"https:\/\/elfsight.com\/de\/wp-json\/wp\/v2\/comments?post=9610"}],"version-history":[{"count":6,"href":"https:\/\/elfsight.com\/de\/wp-json\/wp\/v2\/pages\/9610\/revisions"}],"predecessor-version":[{"id":24920,"href":"https:\/\/elfsight.com\/de\/wp-json\/wp\/v2\/pages\/9610\/revisions\/24920"}],"up":[{"embeddable":true,"href":"https:\/\/elfsight.com\/de\/wp-json\/wp\/v2\/pages\/2209"}],"wp:attachment":[{"href":"https:\/\/elfsight.com\/de\/wp-json\/wp\/v2\/media?parent=9610"}],"curies":[{"name":"wp","href":"https:\/\/api.w.org\/{rel}","templated":true}]}}