{"id":9604,"date":"1970-01-01T00:00:00","date_gmt":"1970-01-01T00:00:00","guid":{"rendered":"https:\/\/elfsight.com\/de\/?page_id=9604"},"modified":"2025-07-09T14:10:06","modified_gmt":"2025-07-09T14:10:06","slug":"facebook","status":"publish","type":"page","link":"https:\/\/elfsight.com\/de\/pinterest-feed-widget\/facebook\/","title":{"rendered":"Pinterest Feed &#8211; Facebook Page"},"content":{"rendered":"<div class=\"application-platform-content-item-description application-platform-content-item\" id=\"description\" data-nav-section=\"description\"><h2>Beschreibung<\/h2><p>Mit der Pinterest-App von Elfsight k\u00f6nnen Sie schnell faszinierende Fotos zu Ihrer Seite hinzuf\u00fcgen. Mit dem Elfsight-Tool k\u00f6nnen Sie bestimmte Pins, Pinnw\u00e4nde und Ihr vollst\u00e4ndiges Pinterest-Konto auf Ihrer Unternehmensseite pr\u00e4sentieren. Ziehen Sie Ihre Kunden mit sorgf\u00e4ltig ausgew\u00e4hlten Inhalten und Themenboards an und erstellen Sie Ihre eigenen originellen Sammlungen. Erweitern Sie die Abdeckung Ihres Profilinhalts, steigern Sie das Engagement auf der Seite und gewinnen Sie gleichzeitig neue Follower f\u00fcr Ihr Konto.<\/p><p><b>Zeigen Sie Ihr Konto, f\u00fcgen Sie Pinnw\u00e4nde hinzu und w\u00e4hlen Sie Pins aus, um die besten visuellen Materialien zu pr\u00e4sentieren auf Ihrer Facebook-Seite!<\/b><\/p><\/div><div class=\"application-platform-content-item-features application-platform-content-item\" id=\"features\" data-nav-section=\"features\"><h2>Funktionen<\/h2><p>Hier ist eine Liste aller Funktionen des Produkts. Sie k\u00f6nnen sie direkt im Editor festlegen und sie helfen Ihnen dabei, das Widget richtig f\u00fcr Ihre Bed\u00fcrfnisse zu erstellen.<\/p><ul><li>Bearbeitbarer Widget-Titel;<\/li><li>W\u00e4hlen Sie die Breite und H\u00f6he des Widgets;<\/li><li>Umschaltbare Pin-Elemente: Autor, Text, Teilen-Button, Pinterest-Symbol.<\/li><li>Klicken Sie auf das Bild, um es in Pinterest zu \u00f6ffnen;<\/li><\/ul><p><a href=\"#demo\">Probieren Sie alle anderen Funktionen in der Demo aus<\/a><\/p><\/div> <div class=\"application-platform-content-item-installation application-platform-content-item\" id=\"installation\" data-nav-section=\"installation\"><h2>So f\u00fcgen Sie den Pinterest-Tab zur Facebook-Unternehmensseite hinzu<\/h2><p>Befolgen Sie zum Einbetten des Widgets die folgenden Richtlinien<\/p><ul><li><b>Erstellen Sie Ihre ma\u00dfgeschneiderte Pinterest-App<\/b><br>Holen Sie sich ein Plugin mit einer ausgew\u00e4hlten Benutzeroberfl\u00e4che und Funktionalit\u00e4t in unserem kostenloser Editor. <\/li><li><b>Kopieren Sie den individuellen Code, um das Plugin zu integrieren<\/b><br>Nachdem Sie Ihr Widget eingerichtet haben, erhalten Sie den individuellen Code aus dem Popup-Fenster von Elfsight Apps. Kopiere diesen Code. <\/li><li><b>F\u00fcgen Sie das Widget zur Facebook-Seite hinzu<\/b><br> Erstellen Sie Ihren benutzerdefinierten Facebook-Tab. F\u00fcgen Sie den Code, den Sie bei elfsight apps erhalten haben, in die Registerkarte ein. Wenn Sie Probleme haben, lesen Sie einfach unseren Leitfaden unter <a href=\"https:\/\/elfsight.com\/blog\/how-to-add-custom-tab-to-facebook-page\/\" target=\"_blank\" rel=\"noopener noreferrer\">Benutzerdefinierten Facebook-Tab erstellen<\/a><\/li><li><b>Die Installation ist abgeschlossen<\/b><br>Besuchen Sie die Seite, um Ihre Arbeit zu \u00fcberpr\u00fcfen. <\/li><\/ul><p>Z\u00f6gern Sie nicht, den Elfsight-Support zu kontaktieren, wenn Sie Hilfe ben\u00f6tigen oder eine Frage haben. Wir helfen Ihnen gerne bei jedem Anliegen weiter. <\/p><\/div>","protected":false},"excerpt":{"rendered":"","protected":false},"author":9,"featured_media":0,"parent":2209,"menu_order":0,"comment_status":"closed","ping_status":"closed","template":"templates\/template-application-platform.php","meta":{"publish_to_discourse":"","publish_post_category":"","wpdc_auto_publish_overridden":"","wpdc_topic_tags":"","wpdc_pin_topic":"","wpdc_pin_until":"","discourse_post_id":"","discourse_permalink":"","wpdc_publishing_response":"","wpdc_publishing_error":"","footnotes":""},"class_list":["post-9604","page","type-page","status-publish","hentry"],"yoast_head":"<!-- This site is optimized with the Yoast SEO plugin v25.3.1 - https:\/\/yoast.com\/wordpress\/plugins\/seo\/ -->\n<title>Pinterest-Tab zur Facebook-Unternehmensseite hinzuf\u00fcgen (2025)<\/title>\n<meta name=\"description\" content=\"Hier haben Sie die M\u00f6glichkeit, einen Pinterest-Tab zu erstellen und ihn Ihrer Facebook-Unternehmensseite hinzuzuf\u00fcgen. Erhalten Sie kostenlosen Kundensupport und andere Verg\u00fcnstigungen von Elfsight.\" \/>\n<meta name=\"robots\" content=\"index, follow, max-snippet:-1, max-image-preview:large, max-video-preview:-1\" \/>\n<link rel=\"canonical\" href=\"https:\/\/elfsight.com\/de\/pinterest-feed-widget\/facebook\/\" \/>\n<meta property=\"og:locale\" content=\"de_DE\" \/>\n<meta property=\"og:type\" content=\"article\" \/>\n<meta property=\"og:title\" content=\"Pinterest-Tab zur Facebook-Unternehmensseite hinzuf\u00fcgen (2025)\" \/>\n<meta property=\"og:description\" content=\"Hier haben Sie die M\u00f6glichkeit, einen Pinterest-Tab zu erstellen und ihn Ihrer Facebook-Unternehmensseite hinzuzuf\u00fcgen. Erhalten Sie kostenlosen Kundensupport und andere Verg\u00fcnstigungen von Elfsight.\" \/>\n<meta property=\"og:url\" content=\"https:\/\/elfsight.com\/de\/pinterest-feed-widget\/facebook\/\" \/>\n<meta property=\"og:site_name\" content=\"Elfsight DE\" \/>\n<meta property=\"article:modified_time\" content=\"2025-07-09T14:10:06+00:00\" \/>\n<meta name=\"twitter:card\" content=\"summary_large_image\" \/>\n<meta name=\"twitter:label1\" content=\"Gesch\u00e4tzte Lesezeit\" \/>\n\t<meta name=\"twitter:data1\" content=\"2\u00a0Minuten\" \/>\n<!-- \/ Yoast SEO plugin. -->","yoast_head_json":{"title":"Pinterest-Tab zur Facebook-Unternehmensseite hinzuf\u00fcgen (2025)","description":"Hier haben Sie die M\u00f6glichkeit, einen Pinterest-Tab zu erstellen und ihn Ihrer Facebook-Unternehmensseite hinzuzuf\u00fcgen. Erhalten Sie kostenlosen Kundensupport und andere Verg\u00fcnstigungen von Elfsight.","robots":{"index":"index","follow":"follow","max-snippet":"max-snippet:-1","max-image-preview":"max-image-preview:large","max-video-preview":"max-video-preview:-1"},"canonical":"https:\/\/elfsight.com\/de\/pinterest-feed-widget\/facebook\/","og_locale":"de_DE","og_type":"article","og_title":"Pinterest-Tab zur Facebook-Unternehmensseite hinzuf\u00fcgen (2025)","og_description":"Hier haben Sie die M\u00f6glichkeit, einen Pinterest-Tab zu erstellen und ihn Ihrer Facebook-Unternehmensseite hinzuzuf\u00fcgen. Erhalten Sie kostenlosen Kundensupport und andere Verg\u00fcnstigungen von Elfsight.","og_url":"https:\/\/elfsight.com\/de\/pinterest-feed-widget\/facebook\/","og_site_name":"Elfsight DE","article_modified_time":"2025-07-09T14:10:06+00:00","twitter_card":"summary_large_image","twitter_misc":{"Gesch\u00e4tzte Lesezeit":"2\u00a0Minuten"},"schema":{"@context":"https:\/\/schema.org","@graph":[{"@type":"WebPage","@id":"https:\/\/elfsight.com\/de\/pinterest-feed-widget\/facebook\/","url":"https:\/\/elfsight.com\/de\/pinterest-feed-widget\/facebook\/","name":"Pinterest-Tab zur Facebook-Unternehmensseite hinzuf\u00fcgen (2025)","isPartOf":{"@id":"https:\/\/elfsight.com\/de\/#website"},"datePublished":"1970-01-01T00:00:00+00:00","dateModified":"2025-07-09T14:10:06+00:00","description":"Hier haben Sie die M\u00f6glichkeit, einen Pinterest-Tab zu erstellen und ihn Ihrer Facebook-Unternehmensseite hinzuzuf\u00fcgen. Erhalten Sie kostenlosen Kundensupport und andere Verg\u00fcnstigungen von Elfsight.","breadcrumb":{"@id":"https:\/\/elfsight.com\/de\/pinterest-feed-widget\/facebook\/#breadcrumb"},"inLanguage":"de","potentialAction":[{"@type":"ReadAction","target":["https:\/\/elfsight.com\/de\/pinterest-feed-widget\/facebook\/"]}]},{"@type":"BreadcrumbList","@id":"https:\/\/elfsight.com\/de\/pinterest-feed-widget\/facebook\/#breadcrumb","itemListElement":[{"@type":"ListItem","position":1,"name":"Home","item":"https:\/\/elfsight.com\/de\/"},{"@type":"ListItem","position":2,"name":"Pinterest Feed","item":"https:\/\/elfsight.com\/de\/pinterest-feed-widget\/"},{"@type":"ListItem","position":3,"name":"Pinterest Feed &#8211; Facebook Page"}]},{"@type":"WebSite","@id":"https:\/\/elfsight.com\/de\/#website","url":"https:\/\/elfsight.com\/de\/","name":"Elfsight DE","description":"Just another Elfsight Sites site","potentialAction":[{"@type":"SearchAction","target":{"@type":"EntryPoint","urlTemplate":"https:\/\/elfsight.com\/de\/?s={search_term_string}"},"query-input":{"@type":"PropertyValueSpecification","valueRequired":true,"valueName":"search_term_string"}}],"inLanguage":"de"}]}},"meta_box":{"industry":"","seo_heading":"","heading":"","description":"","cta_heading":"","cta_description":"","application":"477","h1":"Pinterest-Tab f\u00fcr Facebook-Unternehmensseite","h1_caption":"Betten Sie einen Feed mit Pins aus Ihrem Pinterest-Konto ein, um m\u00fchelos dynamische und optisch ansprechende Inhalte auf Ihrer Facebook-Seiten-Website anzuzeigen.","application_category":[],"applications_title":"","applications_request_title":"","applications_request_button_text":"","hero_text":"","hero_video":"","hero_video_schema_markup":"","selling_points_title":"","selling_points_caption":"","selling_points":[],"selling_points_cta_text":"","features_title":"","features":"","ed_cta_examples_text":"","ed_cta_examples_hidden":"","ed_cta_demo_text":"","ed_cta_demo_hidden":"","why_caption":"","why_editor_title":"","why_editor_text":"","why_team_title":"","why_team_text":"","why_service_title":"","why_service_text":"","template_catalog_visible":"","template_catalog_title":"","template_catalog_text":"","template_catalog_categories_visible":"","demo_title":"Erstellen Sie Ihr Pinterest-Feed-Widget","demo_caption":"Konfigurieren Sie Ihren Pinterest-Feed und f\u00fcgen Sie ihn kostenlos zu Ihrer Facebook-Seite hinzu!","default_faq_hidden":"","app_template_category":[],"platform":"216","template_public_id":"","codecanyon_url":"","codecanyon_item_id":"","codecanyon_price":"","pricing_caption":"","pricing_elfsight_apps_hide_column":"","pricing_elfsight_apps_url":"","pricing_codecanyon_price_caption":"","integration_category":[],"integration_request_title":"","integration_request_cta":"","integration_platform":"","integrations":[],"platform_category":[],"video_schema_markup":"","price":"ab 0 $ \/ Monat","trial":"","benefits":[{"text":"Kostenlose Installationshilfe"},{"text":"Au\u00dfergew\u00f6hnliche Unterst\u00fctzung"},{"text":"14-t\u00e4gige Geld-zur\u00fcck-Garantie"},{"text":"Zuk\u00fcnftige Verbesserungen"}],"button_url":"#demo","button_target_blank":"","button_nofollow":"","attributes":[{"name":"Installiert","content":"10,000 - 100,000"},{"name":"Reaktionsfreudig","content":"Ja"},{"name":"Kompatible Browser","content":"Opera, Safari, Edge, Chrome, Firefox"}],"tags":[],"tags_disable_links":"","hide_more_platforms":"","video_object":"","demo_hide_cta":"","demo_hide_cloud_options":"","pricing_title":"","pricing":[{"pricing_icon":"platform","pricing_title":"Elfsight Apps","pricing_title_caption":"Plattform\u00fcbergreifende Software","pricing_price":"ab 0 $ \/ Monat","pricing_price_caption":"Beginnen Sie mit einem kostenlosen Plan","pricing_benefits":[{"text":"Unbegrenzte Domains"},{"text":"Professionelle Unternehmensunterst\u00fctzung"},{"text":"100 % anpassbar"},{"text":"Sonderangebot f\u00fcr mehrere Apps"}],"pricing_button_text":"Zur Website hinzuf\u00fcgen","pricing_button_url":"#demo"}],"related_apps_title":"","related_apps_hidden":"","author":"","image":[],"title":"","job":"","social_networks":[]},"_links":{"self":[{"href":"https:\/\/elfsight.com\/de\/wp-json\/wp\/v2\/pages\/9604","targetHints":{"allow":["GET"]}}],"collection":[{"href":"https:\/\/elfsight.com\/de\/wp-json\/wp\/v2\/pages"}],"about":[{"href":"https:\/\/elfsight.com\/de\/wp-json\/wp\/v2\/types\/page"}],"author":[{"embeddable":true,"href":"https:\/\/elfsight.com\/de\/wp-json\/wp\/v2\/users\/9"}],"replies":[{"embeddable":true,"href":"https:\/\/elfsight.com\/de\/wp-json\/wp\/v2\/comments?post=9604"}],"version-history":[{"count":1,"href":"https:\/\/elfsight.com\/de\/wp-json\/wp\/v2\/pages\/9604\/revisions"}],"predecessor-version":[{"id":9608,"href":"https:\/\/elfsight.com\/de\/wp-json\/wp\/v2\/pages\/9604\/revisions\/9608"}],"up":[{"embeddable":true,"href":"https:\/\/elfsight.com\/de\/wp-json\/wp\/v2\/pages\/2209"}],"wp:attachment":[{"href":"https:\/\/elfsight.com\/de\/wp-json\/wp\/v2\/media?parent=9604"}],"curies":[{"name":"wp","href":"https:\/\/api.w.org\/{rel}","templated":true}]}}