{"id":9603,"date":"1970-01-01T00:00:00","date_gmt":"1970-01-01T00:00:00","guid":{"rendered":"https:\/\/elfsight.com\/de\/?page_id=9603"},"modified":"2025-02-12T12:48:07","modified_gmt":"2025-02-12T12:48:07","slug":"woocommerce","status":"publish","type":"page","link":"https:\/\/elfsight.com\/de\/pinterest-feed-widget\/woocommerce\/","title":{"rendered":"Pinterest Feed &#8211; WooCommerce"},"content":{"rendered":"\n<div class=\"application-platform-content-item-description application-platform-content-item\" id=\"description\" data-nav-section=\"description\"><h2>Beschreibung<\/h2><p>Mit dem Pinterest-Feed-Plugin von Elfsight k\u00f6nnen Sie schnell erstaunliche Bilder von Pinterest in Ihre Website einf\u00fcgen. Elfsight Pinterest Feed erm\u00f6glicht die Integration beliebiger Pins, Boards und Ihres vollst\u00e4ndigen Profils in Ihre Website. Ziehen Sie Ihre zuk\u00fcnftigen Kunden mit sorgf\u00e4ltig ausgew\u00e4hlten Bildern und Thementafeln an und erstellen Sie Ihre eigenen originellen Galerien. Erweitern Sie die Reichweite Ihrer Kontovisualisierungen, steigern Sie das Engagement auf Ihrer Website und gewinnen Sie gleichzeitig mehr Abonnenten f\u00fcr Ihr Profil.<\/p><p><b>Erg\u00e4nzen Sie Ihre Website-Bilder sofort und bequem von Pinterest.<\/b><\/p> <\/div> <div class=\"application-platform-content-item-features application-platform-content-item\" id=\"features\" data-nav-section=\"features\"><h2>Die wichtigsten Widget-Funktionen enthalten<\/h2><ul><li>Bearbeitbarer Widget-Titel;<\/li><li>Widget-Breite und -H\u00f6he ausw\u00e4hlen;<\/li><li>Kopfzeile anzeigen oder ausblenden;<\/li><li>Boards und Anzahl der Pins anzeigen oder ausblenden.<\/li><\/ul><p><a href=\"#demo\">Sie k\u00f6nnen f\u00fchlen, ob die Widget ist f\u00fcr Sie mit Hilfe der Demo<\/a><\/p><\/div><div class=\"application-platform-content-item-installation application-platform-content-item\" id=\"installation\" data-nav-section=\"installation\"><h2>Wie f\u00fcge ich Pinterest-Feed auf meiner WooCommerce-Website hinzu?<\/h2><p>Befolgen Sie einfach die nachstehenden Anweisungen, um mit der Verwendung des Widgets zu beginnen.<\/p><ol><li><b>Verwalten Sie unsere kostenlose Demo und beginnen Sie mit der Erstellung Ihres ma\u00dfgeschneiderten Plugins.<\/b><br>Geben Sie das passende Formular an und Funktionsmerkmale des Plugins und wenden Sie die \u00c4nderungen an.<\/li><li><b>Erhalten Sie Ihren einzigartigen Code, der in der Box auf Elfsight Apps angezeigt wird.<\/b><br>Wenn die Generierung Ihres pers\u00f6nlichen Tools abgeschlossen ist, kopieren Sie ihn Geben Sie den exklusiven Code im angezeigten Popup ein und bewahren Sie ihn f\u00fcr zuk\u00fcnftige Verwendung auf.<\/li><li><b>Geben Sie die Verwendung des Tools auf der WooCommerce-Website ein.<\/b><br>Integrieren Sie den Code, den Sie zuvor kopiert haben, in Ihr Startseite und speichern Sie die \u00c4nderungen.<\/li><li><b>Fertig! Die Integration ist vollst\u00e4ndig abgeschlossen.<\/b><br>Gehen Sie auf Ihre Seite, um die Leistung des Tools zu \u00fcberpr\u00fcfen.<\/li><\/ol><p>Wenn Sie Fragen haben oder auf Komplikationen sto\u00dfen, z\u00f6gern Sie nicht um mit unserem Kundenservice-Team in Kontakt zu treten. Unsere Spezialisten sind bestrebt, alle Probleme zu l\u00f6sen, die Sie m\u00f6glicherweise mit dem Produkt haben.<\/p><\/div><div class=\"faq\" data-component=\"FAQ\"><div class=\"faq-item\">\r\n\t\t\t\t\t<div class=\"faq-item-question\">\r\n\t\t\t\t\t\t<h3 class=\"faq-item-question-text\">Wie kann ich den Pinterest-Feed ohne Codierung in meine WooCommerce-Seite einbetten?<\/h3>\r\n\r\n\t\t\t\t\t\t<div class=\"faq-item-question-icon\"><\/div>\r\n\t\t\t\t\t<\/div>\r\n\r\n\t\t\t\t\t<div class=\"faq-item-answer\">\r\n\t\t\t\t\t\t<div class=\"faq-item-answer-text\"> Ein Pinterest-Feed-Bereich, den Sie gerne auf der WooCommerce-Startseite hinzuf\u00fcgen m\u00f6chten.<\/li><li>W\u00e4hlen Sie eine der vielen vorgefertigten Vorlagen aus und optimieren Sie die Pinterest-Feed-Einstellungen, f\u00fcgen Sie Ihre Inhalte ein, \u00e4ndern Sie das Layout und die Farben ohne Programmierkenntnisse.<\/li><li>Speichern Sie den Pinterest-Feed und kopieren Sie den Installationscode des Widgets, der im Rahmen eines kostenlosen Plans m\u00fchelos in Ihre WooCommerce-Site eingef\u00fcgt werden kann. <\/li><\/ul><p>Mit unserem benutzerfreundlichen Editor kann jeder Webbenutzer eine Pinterest-Feed-App erstellen und diese einfach zur WooCommerce-Startseite hinzuf\u00fcgen. Sie d\u00fcrfen keinen kostenpflichtigen Plan abschlie\u00dfen oder Ihre Kartendaten offenlegen, um den Elfsight-Dienst zu nutzen. Wenn Sie auf Probleme jeglicher Art sto\u00dfen, wenden Sie sich bitte an unser Support-Team.<\/p><\/div>\r\n\t\t\t\t\t<\/div>\r\n\t\t\t\t<\/div><\/div>\n","protected":false},"excerpt":{"rendered":"","protected":false},"author":9,"featured_media":0,"parent":2209,"menu_order":0,"comment_status":"closed","ping_status":"closed","template":"templates\/template-application-platform.php","meta":{"publish_to_discourse":"","publish_post_category":"","wpdc_auto_publish_overridden":"","wpdc_topic_tags":"","wpdc_pin_topic":"","wpdc_pin_until":"","discourse_post_id":"","discourse_permalink":"","wpdc_publishing_response":"","wpdc_publishing_error":"","footnotes":""},"class_list":["post-9603","page","type-page","status-publish","hentry"],"yoast_head":"<!-- This site is optimized with the Yoast SEO plugin v25.3.1 - https:\/\/yoast.com\/wordpress\/plugins\/seo\/ -->\n<title>WooCommerce Pinterest Feed-Plugin f\u00fcr Ihre Website (2026)<\/title>\n<meta name=\"description\" content=\"Sie k\u00f6nnen das Pinterest-Feed-Plugin mit wenigen Klicks personalisieren und direkt \u00fcber die Demo in Ihre WooCommerce-Website integrieren.\" \/>\n<meta name=\"robots\" content=\"index, follow, max-snippet:-1, max-image-preview:large, max-video-preview:-1\" \/>\n<link rel=\"canonical\" href=\"https:\/\/elfsight.com\/de\/pinterest-feed-widget\/woocommerce\/\" \/>\n<meta property=\"og:locale\" content=\"de_DE\" \/>\n<meta property=\"og:type\" content=\"article\" \/>\n<meta property=\"og:title\" content=\"WooCommerce Pinterest Feed-Plugin f\u00fcr Ihre Website (2026)\" \/>\n<meta property=\"og:description\" content=\"Sie k\u00f6nnen das Pinterest-Feed-Plugin mit wenigen Klicks personalisieren und direkt \u00fcber die Demo in Ihre WooCommerce-Website integrieren.\" \/>\n<meta property=\"og:url\" content=\"https:\/\/elfsight.com\/de\/pinterest-feed-widget\/woocommerce\/\" \/>\n<meta property=\"og:site_name\" content=\"Elfsight DE\" \/>\n<meta property=\"article:modified_time\" content=\"2025-02-12T12:48:07+00:00\" \/>\n<meta name=\"twitter:card\" content=\"summary_large_image\" \/>\n<meta name=\"twitter:label1\" content=\"Gesch\u00e4tzte Lesezeit\" \/>\n\t<meta name=\"twitter:data1\" content=\"3\u00a0Minuten\" \/>\n<!-- \/ Yoast SEO plugin. -->","yoast_head_json":{"title":"WooCommerce Pinterest Feed-Plugin f\u00fcr Ihre Website (2026)","description":"Sie k\u00f6nnen das Pinterest-Feed-Plugin mit wenigen Klicks personalisieren und direkt \u00fcber die Demo in Ihre WooCommerce-Website integrieren.","robots":{"index":"index","follow":"follow","max-snippet":"max-snippet:-1","max-image-preview":"max-image-preview:large","max-video-preview":"max-video-preview:-1"},"canonical":"https:\/\/elfsight.com\/de\/pinterest-feed-widget\/woocommerce\/","og_locale":"de_DE","og_type":"article","og_title":"WooCommerce Pinterest Feed-Plugin f\u00fcr Ihre Website (2026)","og_description":"Sie k\u00f6nnen das Pinterest-Feed-Plugin mit wenigen Klicks personalisieren und direkt \u00fcber die Demo in Ihre WooCommerce-Website integrieren.","og_url":"https:\/\/elfsight.com\/de\/pinterest-feed-widget\/woocommerce\/","og_site_name":"Elfsight DE","article_modified_time":"2025-02-12T12:48:07+00:00","twitter_card":"summary_large_image","twitter_misc":{"Gesch\u00e4tzte Lesezeit":"3\u00a0Minuten"},"schema":{"@context":"https:\/\/schema.org","@graph":[{"@type":"WebPage","@id":"https:\/\/elfsight.com\/de\/pinterest-feed-widget\/woocommerce\/","url":"https:\/\/elfsight.com\/de\/pinterest-feed-widget\/woocommerce\/","name":"WooCommerce Pinterest Feed-Plugin f\u00fcr Ihre Website (2026)","isPartOf":{"@id":"https:\/\/elfsight.com\/de\/#website"},"datePublished":"1970-01-01T00:00:00+00:00","dateModified":"2025-02-12T12:48:07+00:00","description":"Sie k\u00f6nnen das Pinterest-Feed-Plugin mit wenigen Klicks personalisieren und direkt \u00fcber die Demo in Ihre WooCommerce-Website integrieren.","breadcrumb":{"@id":"https:\/\/elfsight.com\/de\/pinterest-feed-widget\/woocommerce\/#breadcrumb"},"inLanguage":"de","potentialAction":[{"@type":"ReadAction","target":["https:\/\/elfsight.com\/de\/pinterest-feed-widget\/woocommerce\/"]}]},{"@type":"BreadcrumbList","@id":"https:\/\/elfsight.com\/de\/pinterest-feed-widget\/woocommerce\/#breadcrumb","itemListElement":[{"@type":"ListItem","position":1,"name":"Home","item":"https:\/\/elfsight.com\/de\/"},{"@type":"ListItem","position":2,"name":"Pinterest Feed","item":"https:\/\/elfsight.com\/de\/pinterest-feed-widget\/"},{"@type":"ListItem","position":3,"name":"Pinterest Feed &#8211; WooCommerce"}]},{"@type":"WebSite","@id":"https:\/\/elfsight.com\/de\/#website","url":"https:\/\/elfsight.com\/de\/","name":"Elfsight DE","description":"Just another Elfsight Sites site","potentialAction":[{"@type":"SearchAction","target":{"@type":"EntryPoint","urlTemplate":"https:\/\/elfsight.com\/de\/?s={search_term_string}"},"query-input":{"@type":"PropertyValueSpecification","valueRequired":true,"valueName":"search_term_string"}}],"inLanguage":"de"}]}},"meta_box":{"industry":"","seo_heading":"","heading":"","description":"","cta_heading":"","cta_description":"","application":"477","h1":"WooCommerce Pinterest Feed-Plugin","h1_caption":"Betten Sie einen Feed mit Pins aus Ihrem Pinterest-Konto ein, um m\u00fchelos dynamische und optisch ansprechende Inhalte auf Ihrer WooCommerce-Website anzuzeigen.","application_category":[],"applications_title":"","applications_request_title":"","applications_request_button_text":"","hero_text":"","hero_video":"","hero_video_schema_markup":"","selling_points_title":"","selling_points_caption":"","selling_points":[],"selling_points_cta_text":"","features_title":"","features":"","ed_cta_examples_text":"","ed_cta_examples_hidden":"","ed_cta_demo_text":"","ed_cta_demo_hidden":"","why_caption":"","why_editor_title":"","why_editor_text":"","why_team_title":"","why_team_text":"","why_service_title":"","why_service_text":"","template_catalog_visible":"0","template_catalog_title":"","template_catalog_text":"","template_catalog_categories_visible":"","demo_title":"Erstellen Sie Ihre Pinterest-Feed-App","demo_caption":"Konfigurieren Sie Ihren Pinterest-Feed und f\u00fcgen Sie ihn kostenlos zu Ihrer WooCommerce-Website hinzu!","default_faq_hidden":"","app_template_category":[],"platform":"200","template_public_id":"","codecanyon_url":"","codecanyon_item_id":"","codecanyon_price":"","pricing_caption":"","pricing_elfsight_apps_hide_column":"","pricing_elfsight_apps_url":"","pricing_codecanyon_price_caption":"","integration_category":[],"integration_request_title":"","integration_request_cta":"","integration_platform":"","integrations":[],"platform_category":[],"video_schema_markup":"","price":"ab 0 $ \/ Monat","trial":"","benefits":[{"text":"Kostenlose Installationsunterst\u00fctzung"},{"text":"Erfahrener Kundensupport"},{"text":"14-t\u00e4gige Geld-zur\u00fcck-Garantie"},{"text":"St\u00e4ndige Aktualisierung"}],"button_url":"#demo","button_target_blank":"0","button_nofollow":"0","attributes":[{"name":"Installiert","content":"10,000 - 100,000"},{"name":"Reaktionsfreudig","content":"Ja"},{"name":"Kompatible Browser","content":"Firefox, Safari, Opera, Chrome, Edge"}],"tags":[],"tags_disable_links":"0","hide_more_platforms":"0","video_object":"","demo_hide_cta":"0","demo_hide_cloud_options":"0","pricing_title":"","pricing":[{"pricing_icon":"platform","pricing_title":"Elfsight Apps","pricing_title_caption":"Plattformunabh\u00e4ngige Version, die auf jeder Site funktioniert","pricing_price":"ab 0 $ \/ Monat","pricing_price_caption":"Beginnen Sie mit einem kostenlosen Plan","pricing_benefits":[{"text":"Unbegrenzte Domains"},{"text":"Professionelle Unternehmensunterst\u00fctzung und gut dokumentiert"},{"text":"Kostenlose Installationshilfe"},{"text":"Flexibles Design"}],"pricing_button_text":"Zur Website hinzuf\u00fcgen","pricing_button_url":"#demo"}],"related_apps_title":"","related_apps_hidden":"0","author":"","image":[],"title":"","job":"","social_networks":[]},"_links":{"self":[{"href":"https:\/\/elfsight.com\/de\/wp-json\/wp\/v2\/pages\/9603","targetHints":{"allow":["GET"]}}],"collection":[{"href":"https:\/\/elfsight.com\/de\/wp-json\/wp\/v2\/pages"}],"about":[{"href":"https:\/\/elfsight.com\/de\/wp-json\/wp\/v2\/types\/page"}],"author":[{"embeddable":true,"href":"https:\/\/elfsight.com\/de\/wp-json\/wp\/v2\/users\/9"}],"replies":[{"embeddable":true,"href":"https:\/\/elfsight.com\/de\/wp-json\/wp\/v2\/comments?post=9603"}],"version-history":[{"count":3,"href":"https:\/\/elfsight.com\/de\/wp-json\/wp\/v2\/pages\/9603\/revisions"}],"predecessor-version":[{"id":24013,"href":"https:\/\/elfsight.com\/de\/wp-json\/wp\/v2\/pages\/9603\/revisions\/24013"}],"up":[{"embeddable":true,"href":"https:\/\/elfsight.com\/de\/wp-json\/wp\/v2\/pages\/2209"}],"wp:attachment":[{"href":"https:\/\/elfsight.com\/de\/wp-json\/wp\/v2\/media?parent=9603"}],"curies":[{"name":"wp","href":"https:\/\/api.w.org\/{rel}","templated":true}]}}